{"id":81,"date":"2024-04-18T07:26:16","date_gmt":"2024-04-18T07:26:16","guid":{"rendered":"https:\/\/novare.se\/tech\/?page_id=81"},"modified":"2025-01-14T13:27:19","modified_gmt":"2025-01-14T13:27:19","slug":"nyheter","status":"publish","type":"page","link":"https:\/\/novare.se\/tech\/nyheter\/","title":{"rendered":"Nyheter"},"content":{"rendered":"<section id=\"hero-3-block_c4895215751a5803300b7b65d34cb5f9\" class=\"block hero-3  m-b no-img \">\n    <div class=\"hero-3--top-section bg-primary\">\n                    <div class=\"bg-backdrop\">\n                <div class=\"bg-backdrop--inner\"><\/div>\n            <\/div>\n                <div class=\"container\">\n            <div class=\"row\">\n                <div class=\"row__col\">\n                    <div class=\"text-img-wrapper\">\n                        <div class=\"text-col\" >\n                                                                \n                                <div class=\"title-wrapper\" >\n                                    <h1 class=\"h1 text-left\">Nyheter<\/h1>                                <\/div>\n                                                            \n                            \n                            \n                                                    <\/div>\n\n                                            <\/div>\n                <\/div>\n            <\/div>\n        <\/div>\n    <\/div>\n            <div class=\"hero-3--bottom-section \"  >\n        <div class=\"breadcrumbs dark-text\">\n\t<div class=\"container\">\n        <div class=\"row\">\n            <div class=\"row__col\">\n                <div class=\"breadcrumbs--inner\">\n                    <ul>\n                                                                                <li>\n                                <a href=\"https:\/\/novare.se\/\" class=\"alt\">\n                                    Novare                                <\/a>\n                            <\/li>\n                            \n\t\t\t                                        <li>\n                                <a href=\"https:\/\/novare.se\/tech\/\" class=\"alt\">\n                                                                            Tech                                                                    <\/a>\n                            <\/li>\n\t\t\t                                    <li><span class=\"alt\">Nyheter<\/span><\/li>\n                    <\/ul>\n                <\/div>\n            <\/div>\n        <\/div>\n\t<\/div>\n<\/div>        <\/div>\n    \n    <\/section>\n\n\n<section id=\"1459\" class=\"block news  m-b bg-default\">\n    <div class=\"container\">\n        <form class=\"listing-block--filters\" data-url=\"https:\/\/novare.se\/tech\/wp-json\/wp\/v2\/pages\/81\/\">\n            <div class=\"row\">\n                <div class=\"row__col\">\n                    <div class=\"listing-block--filters-inner\">\n                        <div class=\"filters\">\n                            \n                            <div class=\"select-wrapper filter\" >\n                                <label for=\"category\" class=\"text-medium\">Kategori<\/label>\n                                <div class=\"field\">\n                                    <select class=\"js-select-filter\" name=\"category\" id=\"category\">\n                                        <option value=\"\" selected>Alla<\/option>\n                                                                                                                                    <option value=\"nyhet\"  >Nyhet<\/option>\n                                                                                                                        <\/select>\n                                <\/div>\n                            <\/div>\n                        <\/div>\n\n                    <\/div>\n                <\/div>\n            <\/div>\n            <input type=\"hidden\" name=\"posts_per_page\" value=\"12\">\n            <input type=\"hidden\" name=\"page_no\" value=\"1\">\n            <input type=\"hidden\" name=\"selected_company\" value=\"\">\n            <input type=\"hidden\" name=\"selected_category\" value=\"\">\n        <\/form>\n\n        <div class=\"row listing-block--results\">\n                                                <div class=\"row__col row__col--lg-4 listing-block--item\"  >\n\t\t<a href=\"https:\/\/novare.se\/tech\/nyheter\/novare-startar-nytt-bolag\/\">\n\t\t<div class=\"image\">\n\t\t\t<img loading=\"lazy\" decoding=\"async\" width=\"768\" height=\"768\" src=\"https:\/\/novare.se\/tech\/wp-content\/uploads\/sites\/9\/2025\/02\/novare_tech-768x768.jpg\" class=\"media-item\" alt=\"\" srcset=\"https:\/\/novare.se\/tech\/wp-content\/uploads\/sites\/9\/2025\/02\/novare_tech-768x768.jpg 768w, https:\/\/novare.se\/tech\/wp-content\/uploads\/sites\/9\/2025\/02\/novare_tech-360x360.jpg 360w, https:\/\/novare.se\/tech\/wp-content\/uploads\/sites\/9\/2025\/02\/novare_tech-1024x1024.jpg 1024w, https:\/\/novare.se\/tech\/wp-content\/uploads\/sites\/9\/2025\/02\/novare_tech-150x150.jpg 150w, https:\/\/novare.se\/tech\/wp-content\/uploads\/sites\/9\/2025\/02\/novare_tech.jpg 1080w\" sizes=\"(max-width: 768px) 100vw, 768px\" \/>\t\t\t<div class=\"overlay\"><\/div>\n\t\t\t<div class=\"badge text-regular\" style=\"background-color: #f5f2ef; color: #000000;\">Novare Tech<\/div>\t\t<\/div>\n\t\t<div class=\"title text-medium\">Novare startar nytt bolag f\u00f6r att m\u00f6ta den \u00f6kade efterfr\u00e5gan p\u00e5 techkompetens<i class=\"arrow fa fa-arrow-right\" aria-hidden=\"true\"><\/i><\/div>\n\t\t<div class=\"pre_title\"><p>3 februari 2025  | Nyhet<\/p><\/div>\n\t\t<div class=\"excerpt small\"><\/div>\n\t<\/a>\n<\/div>                                    <\/div>\n\n\n        <div class=\"row listing-block--pagination\">\n            <div class=\"row__col listing-block--pagination--results\">\n                            <\/div>\n        <\/div>\n    <\/div>\n<\/section>\n","protected":false},"excerpt":{"rendered":"","protected":false},"author":1,"featured_media":0,"parent":0,"menu_order":0,"comment_status":"closed","ping_status":"closed","template":"","meta":{"_acf_changed":false,"_seopress_robots_primary_cat":"","_seopress_titles_title":"Novare Tech och nyheter - novare.se","_seopress_titles_desc":"Ta del av nyheter och uppdateringar kring rekryteringar fr\u00e5n Novare Tech. V\u00e4lkommen!","_seopress_robots_index":"","inline_featured_image":false,"footnotes":""},"class_list":["post-81","page","type-page","status-publish","hentry"],"acf":[],"_links":{"self":[{"href":"https:\/\/novare.se\/tech\/wp-json\/wp\/v2\/pages\/81","targetHints":{"allow":["GET"]}}],"collection":[{"href":"https:\/\/novare.se\/tech\/wp-json\/wp\/v2\/pages"}],"about":[{"href":"https:\/\/novare.se\/tech\/wp-json\/wp\/v2\/types\/page"}],"author":[{"embeddable":true,"href":"https:\/\/novare.se\/tech\/wp-json\/wp\/v2\/users\/1"}],"replies":[{"embeddable":true,"href":"https:\/\/novare.se\/tech\/wp-json\/wp\/v2\/comments?post=81"}],"version-history":[{"count":6,"href":"https:\/\/novare.se\/tech\/wp-json\/wp\/v2\/pages\/81\/revisions"}],"predecessor-version":[{"id":1196,"href":"https:\/\/novare.se\/tech\/wp-json\/wp\/v2\/pages\/81\/revisions\/1196"}],"wp:attachment":[{"href":"https:\/\/novare.se\/tech\/wp-json\/wp\/v2\/media?parent=81"}],"curies":[{"name":"wp","href":"https:\/\/api.w.org\/{rel}","templated":true}]}}