{"id":649,"date":"2024-06-20T09:15:19","date_gmt":"2024-06-20T09:15:19","guid":{"rendered":"https:\/\/novare.se\/tech\/?page_id=649"},"modified":"2026-02-18T15:05:02","modified_gmt":"2026-02-18T15:05:02","slug":"rekrytering","status":"publish","type":"page","link":"https:\/\/novare.se\/tech\/rekrytering\/","title":{"rendered":"Rekrytering"},"content":{"rendered":"<section id=\"hero-3-block_338f65a5ed289b0db2e95b875c38363e\" class=\"block hero-3  m-b \">\n    <div class=\"hero-3--top-section bg-primary\">\n                    <div class=\"bg-backdrop\">\n                <div class=\"bg-backdrop--inner\"><\/div>\n            <\/div>\n                <div class=\"container\">\n            <div class=\"row\">\n                <div class=\"row__col\">\n                    <div class=\"text-img-wrapper\">\n                        <div class=\"text-col\" >\n                                                                \n                                <div class=\"title-wrapper\" >\n                                    <h1 class=\"h3 text-left\">Rekrytering <strong><i>inom Tech<\/i><\/strong><\/h1>                                <\/div>\n                                                            \n                            \n                                                            <div class=\"text-wrapper\" >\n                                    <p>Vi hittar specialisterna som g\u00f6r skillnad. Med erfarenhet, n\u00e4tverk och insikt hj\u00e4lper vi f\u00f6retag att bygga starka team inom IT och Tech.<\/p>\n                                <\/div>\n                                                            \n                                                            <div class='btn-wrapper'><div class=\"btn-element\" ><a class=\"btn btn--white\" href=\"https:\/\/novare.se\/tech\/kontakta-oss\/\"target=\"_self\">Kontakta oss<\/a><\/div><\/div>    \n                                                    <\/div>\n\n                                                    <div class=\"1346 HEROTHREEIMG img-col \"   >\n                            <img loading=\"lazy\" decoding=\"async\" width=\"561\" height=\"680\" src=\"https:\/\/novare.se\/tech\/wp-content\/uploads\/sites\/9\/2025\/01\/NovarePublic_SaraRossiPhotography-06-e1737466251704.jpg\" class=\"attachment-large size-large\" alt=\"\" srcset=\"https:\/\/novare.se\/tech\/wp-content\/uploads\/sites\/9\/2025\/01\/NovarePublic_SaraRossiPhotography-06-e1737466251704.jpg 561w, https:\/\/novare.se\/tech\/wp-content\/uploads\/sites\/9\/2025\/01\/NovarePublic_SaraRossiPhotography-06-e1737466251704-297x360.jpg 297w\" sizes=\"(max-width: 561px) 100vw, 561px\" \/>                                \n                            <\/div>\n                                            <\/div>\n                <\/div>\n            <\/div>\n        <\/div>\n    <\/div>\n            <div class=\"hero-3--bottom-section \"  >\n        <div class=\"breadcrumbs dark-text\">\n\t<div class=\"container\">\n        <div class=\"row\">\n            <div class=\"row__col\">\n                <div class=\"breadcrumbs--inner\">\n                    <ul>\n                                                                                <li>\n                                <a href=\"https:\/\/novare.se\/\" class=\"alt\">\n                                    Novare                                <\/a>\n                            <\/li>\n                            \n\t\t\t                                        <li>\n                                <a href=\"https:\/\/novare.se\/tech\/\" class=\"alt\">\n                                                                            Tech                                                                    <\/a>\n                            <\/li>\n\t\t\t                                    <li><span class=\"alt\">Rekrytering<\/span><\/li>\n                    <\/ul>\n                <\/div>\n            <\/div>\n        <\/div>\n\t<\/div>\n<\/div>        <\/div>\n    \n    <\/section>\n\n\n<section id=\"one-column-text-block-block_ed184eeb8afc50945efd26b6c1c734c9\" class=\"block one-column-text-block  m-b bg-default\">\n    <div class=\"container\">\n        <div class=\"row row--middle\">\n                            <div class=\"row__col row__col--lg-8\">\n                    <div class=\"title-wrapper\" data-aos-anchor='#one-column-text-block-block_ed184eeb8afc50945efd26b6c1c734c9'data-aos='fade-up'data-aos-easing='ease-in-out-sine'data-aos-duration='500'data-aos-delay='0'data-aos-once='true'data-aos-offset='250' >\n                        <h2 class=\"h4 m-0 text-left\">Vi hj\u00e4lper dig hitta r\u00e4tt <strong><i>kompetens<\/i><\/strong> <\/h2>                    <\/div>\n                <\/div>\n                            \n                            <div class=\"row__col row__col--lg-8\" data-aos-anchor='#one-column-text-block-block_ed184eeb8afc50945efd26b6c1c734c9'data-aos='fade-up'data-aos-easing='ease-in-out-sine'data-aos-duration='500'data-aos-delay='250'data-aos-once='true'data-aos-offset='250'>\n                    <p class=\"preamble m-0\">Vi vet att kompetensf\u00f6rs\u00f6rjning \u00e4r aff\u00e4rskritiskt f\u00f6r f\u00f6retag som vill forts\u00e4tta v\u00e4xa och vara konkurrenskraftiga. Den snabba digitala utvecklingen har \u00f6kat efterfr\u00e5gan p\u00e5 erfarna specialister inom tech &#8211; och konkurrensen om kompetensen \u00e4r h\u00e5rd. F\u00f6r att lyckas kr\u00e4vs tid, expertis och r\u00e4tt n\u00e4tverk.<\/p>                <\/div>\n            \n                            <div class=\"row__col row__col--lg-8\" data-aos-anchor='#one-column-text-block-block_ed184eeb8afc50945efd26b6c1c734c9'data-aos='fade-up'data-aos-easing='ease-in-out-sine'data-aos-duration='500'data-aos-delay='250'data-aos-once='true'data-aos-offset='250'>\n                    <div class=\"text-wrapper editor-content\">\n                        <p>Med v\u00e5r l\u00e5nga erfarenhet och djupa branschkunskap v\u00e4gleder vi dig genom hela processen &#8211; fr\u00e5n uppstart till anst\u00e4llning. Vi f\u00f6rst\u00e5r behoven bakom titlarna och har ett brett n\u00e4tverk av kvalificerade kandidater. V\u00e5ra seniora konsulter kan f\u00f6ra dialogen p\u00e5 r\u00e4tt niv\u00e5 och matchar r\u00e4tt kompetens med r\u00e4tt verksamhet.<\/p>\n<p>&nbsp;<\/p>\n<h5>Kvalitetss\u00e4krad process &#8211; anpassad efter ert behov<\/h5>\n<p>V\u00e5ra rekryteringsprocesser \u00e4r kvalitetss\u00e4krade och bygger p\u00e5 en vetenskaplig grund. I vissa uppdrag st\u00f6ttar vi genom hela processen, i andra i utvalda delar. Oavsett omfattning agerar vi som ambassad\u00f6rer f\u00f6r v\u00e5ra uppdragsgivare &#8211; alltid r\u00e5dgivande, professionella och l\u00f6sningsorienterade.<\/p>\n<p>Som er rekryteringspartner ger vi snabb tillg\u00e5ng till relevanta talanger. Vi arbetar proaktivt med att kartl\u00e4gga, sourca och bygga n\u00e4tverk av specialister, vilket f\u00f6rkortar tiden till anst\u00e4llning och skapar en positiv kandidatupplevelse.<\/p>\n<p>&nbsp;<\/p>\n<h5>St\u00f6d i er interna rekrytering<\/h5>\n<p>Om ni hanterar rekryteringen internt men beh\u00f6ver st\u00f6d f\u00f6r att hitta och attrahera r\u00e4tt personer kan vi komplettera processen med search eller erbjuda second opinion p\u00e5 slutkandidater. N\u00e4r ni anlitar oss f\u00e5r ni tillg\u00e5ng till hela Novare Techs samlade expertis inom search, rekrytering och second opinion.<\/p>\n<p>&nbsp;<\/p>\n<h5>Volymrekryteringar<\/h5>\n<p>Vid behov av att hantera m\u00e5nga kandidater samtidigt, till exempel vid traineeprogram eller st\u00f6rre infl\u00f6den av liknande profiler &#8211; erbjuder vi st\u00f6d genom volymrekrytering. Ni f\u00e5r en dedikerad rekryteringskonsult och en effektiv, standardiserad process som kan anpassas efter era specifika behov.<\/p>\n                    <\/div>\n                <\/div>\n                            \n            \n                    <\/div>\n    <\/div>\n<\/section>\n\n<section id=\"contact-persons-block_d190227757f6abae81a10b47efeb6289\" class=\"block contact-persons  m-b\">\n    <div class=\"container\">\n        <div class=\"row\">\n            <div class=\"row__col row__col--lg-12\">\n                <div class=\"contact-persons--wrapper bg-off-white\">\n                    <div class=\"contact-persons--wrapper--content\" >\n                                                    <div class=\"header-wrapper\" >\n                                <h4 class=\"h4 text-left\"><strong><i>Vill du veta mer?<\/i><\/strong><\/h4>                            <\/div>\n                        \n                                                    <div class=\"text-wrapper\">\n                                <h4>H\u00f6r av dig!<\/h4>\n                            <\/div>\n                        \n                                                                                                <\/div>\n                    <div class=\"contact-persons--wrapper--people\">\n                                                                                    <div class=\"contact-person\" data-aos-anchor='#contact-persons-block_d190227757f6abae81a10b47efeb6289'data-aos='fade-right'data-aos-easing='ease-in-out-sine'data-aos-duration='500'data-aos-delay='0'data-aos-once='true'data-aos-offset='250' >\n                                    <div class=\"contact-person--image\">\n                                        <img loading=\"lazy\" decoding=\"async\" width=\"360\" height=\"258\" src=\"https:\/\/novare.se\/tech\/wp-content\/uploads\/sites\/9\/2024\/04\/Mitra_Frost_Tiny-360x258.jpg\" class=\"attachment-medium size-medium\" alt=\"Kvinna sitter, b\u00e4r svart kl\u00e4dsel, neutralt beige bakgrund.\" srcset=\"https:\/\/novare.se\/tech\/wp-content\/uploads\/sites\/9\/2024\/04\/Mitra_Frost_Tiny-360x258.jpg 360w, https:\/\/novare.se\/tech\/wp-content\/uploads\/sites\/9\/2024\/04\/Mitra_Frost_Tiny.jpg 670w\" sizes=\"(max-width: 360px) 100vw, 360px\" \/>                                    <\/div>\n                                    <div class=\"contact-person--details\">\n                                        <div class=\"name-wrapper\">\n                                            <a href=\"https:\/\/novare.se\/tech\/medarbetare\/mitra-frost\/\">Mitra Frost<\/a>\n                                        <\/div>\n                                        <div class=\"title-wrapper\">\n                                            <p>Vd och Partner<\/p>\n                                        <\/div>\n                                        <div class=\"email-wrapper\">\n                                            <a href=\"mailto:mitra.frost@novare.se\">mitra.frost@novare.se<\/a>\n                                        <\/div>\n                                        <div class=\"phone-wrapper\">\n                                            <a href=\"tel:+46736409239\">+46 736 40 92 39<\/a>\n                                        <\/div>\n                                    <\/div>\n                                <\/div>\n                                                    <\/div>\n                <\/div>\n            <\/div>\n        <\/div>\n    <\/div>\n<\/section>\n\n\n<section id=\"faq-block-block_6b4571d616a32cf30dd5c491929a8029\" class=\"block faq-block  m-b bg-default\">\n    <div class=\"container\">\n        <div class=\"row\">\n            <div class=\"row__col row__col--lg-6\" data-aos-anchor='#faq-block-block_6b4571d616a32cf30dd5c491929a8029'data-aos='fade-up'data-aos-easing='ease-in-out-sine'data-aos-duration='500'data-aos-delay='0'data-aos-once='true'data-aos-offset='250' >\n                <img loading=\"lazy\" decoding=\"async\" width=\"1024\" height=\"945\" src=\"https:\/\/novare.se\/tech\/wp-content\/uploads\/sites\/9\/2024\/06\/Novare_sma23_webb-1024x945.jpg\" class=\"media-item\" alt=\"Tv\u00e5 personer samtalar p\u00e5 balkong med kaffekopp, stadsbakgrund.\" srcset=\"https:\/\/novare.se\/tech\/wp-content\/uploads\/sites\/9\/2024\/06\/Novare_sma23_webb-1024x945.jpg 1024w, https:\/\/novare.se\/tech\/wp-content\/uploads\/sites\/9\/2024\/06\/Novare_sma23_webb-360x332.jpg 360w, https:\/\/novare.se\/tech\/wp-content\/uploads\/sites\/9\/2024\/06\/Novare_sma23_webb-768x709.jpg 768w, https:\/\/novare.se\/tech\/wp-content\/uploads\/sites\/9\/2024\/06\/Novare_sma23_webb.jpg 1300w\" sizes=\"(max-width: 1024px) 100vw, 1024px\" \/>            <\/div>\n            \n            <div class=\"row__col row__col--lg-6\">\n                                    <div class=\"title-wrapper text-medium\" data-aos-anchor='#faq-block-block_6b4571d616a32cf30dd5c491929a8029'data-aos='fade-up'data-aos-easing='ease-in-out-sine'data-aos-duration='500'data-aos-delay='300'data-aos-once='true'data-aos-offset='250' >\n                        <h2 class=\"h3 text-left\">Vanliga fr\u00e5gor om <i><strong>rekrytering inom tech<\/strong><\/i><\/h2>                    <\/div>\n                                                    \n                                    <div class=\"accordion\">\n                                                    <div class=\"accordion-item\" data-aos-anchor='#faq-block-block_6b4571d616a32cf30dd5c491929a8029'data-aos='fade-right'data-aos-easing='ease-in-out-sine'data-aos-duration='500'data-aos-delay='1000'data-aos-once='true'data-aos-offset='250' >\n                                <div class=\"accordion-header\">\n                                    <span class=\"question\">Hur arbetar vi med rekrytering inom tech?<\/span>\n                                    <i class=\"fa fa-plus\"><\/i><i class=\"fa fa-minus hidden\"><\/i>\n                                <\/div>\n                                <div class=\"accordion-content\" style=\"display: none;\">\n                                    <span class=\"separator\"><\/span>\n                                    Vi arbetar med en kvalitetsdriven och behovsanpassad rekryteringsprocess d\u00e4r fokus ligger p\u00e5 b\u00e5de teknisk kompetens och l\u00e5ngsiktig matchning. Genom djup kravanalys, strukturerad search och noggranna intervjuer s\u00e4kerst\u00e4ller vi att r\u00e4tt kompetens matchas med r\u00e4tt organisation.                                <\/div>\n                            <\/div>\n                                                        <div class=\"accordion-item\" data-aos-anchor='#faq-block-block_6b4571d616a32cf30dd5c491929a8029'data-aos='fade-right'data-aos-easing='ease-in-out-sine'data-aos-duration='500'data-aos-delay='1250'data-aos-once='true'data-aos-offset='250' >\n                                <div class=\"accordion-header\">\n                                    <span class=\"question\">Hur s\u00e4kerst\u00e4ller vi r\u00e4tt matchning mellan kandidat och uppdrag?<\/span>\n                                    <i class=\"fa fa-plus\"><\/i><i class=\"fa fa-minus hidden\"><\/i>\n                                <\/div>\n                                <div class=\"accordion-content\" style=\"display: none;\">\n                                    <span class=\"separator\"><\/span>\n                                    Vi kombinerar teknisk kompetensbed\u00f6mning med f\u00f6rst\u00e5else f\u00f6r organisationens kultur, arbetss\u00e4tt och m\u00e5l. Matchningen bygger p\u00e5 b\u00e5de erfarenhet, potential och hur kandidaten kan bidra l\u00e5ngsiktigt i rollen.                                <\/div>\n                            <\/div>\n                                                        <div class=\"accordion-item\" data-aos-anchor='#faq-block-block_6b4571d616a32cf30dd5c491929a8029'data-aos='fade-right'data-aos-easing='ease-in-out-sine'data-aos-duration='500'data-aos-delay='1500'data-aos-once='true'data-aos-offset='250' >\n                                <div class=\"accordion-header\">\n                                    <span class=\"question\">Hur kan vi st\u00f6tta vid intern rekrytering inom tech?<\/span>\n                                    <i class=\"fa fa-plus\"><\/i><i class=\"fa fa-minus hidden\"><\/i>\n                                <\/div>\n                                <div class=\"accordion-content\" style=\"display: none;\">\n                                    <span class=\"separator\"><\/span>\n                                    Vi kan fungera som ett komplement till interna team genom att bidra med search, urval, second opinion eller specifik teknisk kompetens. Det skapar trygghet i beslutsfattandet och avlastar organisationen i kritiska delar av processen.                                <\/div>\n                            <\/div>\n                                                        <div class=\"accordion-item\" data-aos-anchor='#faq-block-block_6b4571d616a32cf30dd5c491929a8029'data-aos='fade-right'data-aos-easing='ease-in-out-sine'data-aos-duration='500'data-aos-delay='1750'data-aos-once='true'data-aos-offset='250' >\n                                <div class=\"accordion-header\">\n                                    <span class=\"question\">Hur hanterar vi rekrytering vid snabba eller komplexa behov?<\/span>\n                                    <i class=\"fa fa-plus\"><\/i><i class=\"fa fa-minus hidden\"><\/i>\n                                <\/div>\n                                <div class=\"accordion-content\" style=\"display: none;\">\n                                    <span class=\"separator\"><\/span>\n                                    Vid tidskritiska eller f\u00f6r\u00e4ndringsdrivna situationer arbetar vi effektivt med prioriterad search och tydlig processstyrning. Det g\u00f6r att vi snabbt kan identifiera relevanta kandidater utan att kompromissa med kvaliteten.                                <\/div>\n                            <\/div>\n                                                        <div class=\"accordion-item\" data-aos-anchor='#faq-block-block_6b4571d616a32cf30dd5c491929a8029'data-aos='fade-right'data-aos-easing='ease-in-out-sine'data-aos-duration='500'data-aos-delay='2000'data-aos-once='true'data-aos-offset='250' >\n                                <div class=\"accordion-header\">\n                                    <span class=\"question\">N\u00e4r \u00e4r extern hj\u00e4lp s\u00e4rskilt v\u00e4rdefull vid techrekrytering?<\/span>\n                                    <i class=\"fa fa-plus\"><\/i><i class=\"fa fa-minus hidden\"><\/i>\n                                <\/div>\n                                <div class=\"accordion-content\" style=\"display: none;\">\n                                    <span class=\"separator\"><\/span>\n                                    Extern hj\u00e4lp \u00e4r s\u00e4rskilt v\u00e4rdefull n\u00e4r kompetensen \u00e4r sv\u00e5r att hitta, n\u00e4r tiden \u00e4r begr\u00e4nsad eller n\u00e4r organisationen st\u00e5r inf\u00f6r f\u00f6r\u00e4ndring. D\u00e5 bidrar vi med marknadskunskap, n\u00e4tverk och ett objektivt perspektiv genom hela rekryteringen.                                <\/div>\n                            <\/div>\n                                                <\/div>\n                            <\/div>\n        <\/div>\n    <\/div>\n<\/section>\n","protected":false},"excerpt":{"rendered":"","protected":false},"author":4,"featured_media":0,"parent":0,"menu_order":0,"comment_status":"closed","ping_status":"closed","template":"","meta":{"_acf_changed":false,"_seopress_robots_primary_cat":"","_seopress_titles_title":"Chefsrekrytering offentlig sektor - novare.se","_seopress_titles_desc":"Novare Public \u00e4r expert p\u00e5 chefsrekrytering inom offentlig sektor med stort n\u00e4tverk och erfarenhet. Vi hittar r\u00e4tt ledare f\u00f6r er organisation.","_seopress_robots_index":"","inline_featured_image":false,"footnotes":""},"class_list":["post-649","page","type-page","status-publish","hentry"],"acf":[],"_links":{"self":[{"href":"https:\/\/novare.se\/tech\/wp-json\/wp\/v2\/pages\/649","targetHints":{"allow":["GET"]}}],"collection":[{"href":"https:\/\/novare.se\/tech\/wp-json\/wp\/v2\/pages"}],"about":[{"href":"https:\/\/novare.se\/tech\/wp-json\/wp\/v2\/types\/page"}],"author":[{"embeddable":true,"href":"https:\/\/novare.se\/tech\/wp-json\/wp\/v2\/users\/4"}],"replies":[{"embeddable":true,"href":"https:\/\/novare.se\/tech\/wp-json\/wp\/v2\/comments?post=649"}],"version-history":[{"count":29,"href":"https:\/\/novare.se\/tech\/wp-json\/wp\/v2\/pages\/649\/revisions"}],"predecessor-version":[{"id":1720,"href":"https:\/\/novare.se\/tech\/wp-json\/wp\/v2\/pages\/649\/revisions\/1720"}],"wp:attachment":[{"href":"https:\/\/novare.se\/tech\/wp-json\/wp\/v2\/media?parent=649"}],"curies":[{"name":"wp","href":"https:\/\/api.w.org\/{rel}","templated":true}]}}