{"id":448,"date":"2024-06-07T13:28:33","date_gmt":"2024-06-07T13:28:33","guid":{"rendered":"https:\/\/novare.se\/tech\/?page_id=448"},"modified":"2024-10-31T09:35:37","modified_gmt":"2024-10-31T09:35:37","slug":"team-och-ledarutveckling","status":"publish","type":"page","link":"https:\/\/novare.se\/tech\/team-och-ledarutveckling\/","title":{"rendered":"Team- och ledarutveckling"},"content":{"rendered":"<section id=\"hero-3-block_dd5aadbe5a376120e6423988009e8913\" class=\"block hero-3  m-b \">\n    <div class=\"hero-3--top-section bg-primary\">\n                    <div class=\"bg-backdrop\">\n                <div class=\"bg-backdrop--inner\"><\/div>\n            <\/div>\n                <div class=\"container\">\n            <div class=\"row\">\n                <div class=\"row__col\">\n                    <div class=\"text-img-wrapper\">\n                        <div class=\"text-col\" >\n                                                                \n                                <div class=\"title-wrapper\" >\n                                    <h1 class=\"h2 text-left\">Team- och ledarutveckling<\/h1>                                <\/div>\n                                                            \n                            \n                            \n                                                            <div class='btn-wrapper'><div class=\"btn-element\" ><a class=\"btn btn--white\" href=\"https:\/\/novare.se\/tech\/kontakta-oss\/\"target=\"_self\">Kontakta oss<\/a><\/div><\/div>    \n                                                    <\/div>\n\n                                                    <div class=\"664 HEROTHREEIMG img-col \"   >\n                                                            \n                            <\/div>\n                                            <\/div>\n                <\/div>\n            <\/div>\n        <\/div>\n    <\/div>\n            <div class=\"hero-3--bottom-section \"  >\n        <div class=\"breadcrumbs dark-text\">\n\t<div class=\"container\">\n        <div class=\"row\">\n            <div class=\"row__col\">\n                <div class=\"breadcrumbs--inner\">\n                    <ul>\n                                                                                <li>\n                                <a href=\"https:\/\/novare.se\/\" class=\"alt\">\n                                    Novare                                <\/a>\n                            <\/li>\n                            \n\t\t\t                                        <li>\n                                <a href=\"https:\/\/novare.se\/tech\/\" class=\"alt\">\n                                                                            Tech                                                                    <\/a>\n                            <\/li>\n\t\t\t                                    <li><span class=\"alt\">Team- och ledarutveckling<\/span><\/li>\n                    <\/ul>\n                <\/div>\n            <\/div>\n        <\/div>\n\t<\/div>\n<\/div>        <\/div>\n    \n    <\/section>\n\n\n<section id=\"one-column-text-block-block_c75b9d230231ad015839fe65e793a6db\" class=\"block one-column-text-block  m-b bg-default\">\n    <div class=\"container\">\n        <div class=\"row row--middle\">\n                            <div class=\"row__col row__col--lg-8\">\n                    <div class=\"title-wrapper\" data-aos-anchor='#one-column-text-block-block_c75b9d230231ad015839fe65e793a6db'data-aos='fade-up'data-aos-easing='ease-in-out-sine'data-aos-duration='500'data-aos-delay='0'data-aos-once='true'data-aos-offset='250' >\n                                            <\/div>\n                <\/div>\n                            \n            \n                            <div class=\"row__col row__col--lg-8\" data-aos-anchor='#one-column-text-block-block_c75b9d230231ad015839fe65e793a6db'data-aos='fade-up'data-aos-easing='ease-in-out-sine'data-aos-duration='500'data-aos-delay='250'data-aos-once='true'data-aos-offset='250'>\n                    <div class=\"text-wrapper editor-content\">\n                        <h2 class=\"h3 h4\">Ledarutveckling<\/h2>\n<p>Novare Public erbjuder utveckling och r\u00e5dgivning till chefer och ledare, b\u00e5de till dig som individ och som grupp.<\/p>\n<p>&nbsp;<\/p>\n<ul>\n<li>\n<h3 class=\"h5\">Chefscoachning<\/h3>\n<\/li>\n<\/ul>\n<p>Detta \u00e4r en individuell utveckling av det personliga ledarskapet och bygger p\u00e5 chefens uppdrag och utmaningar i sin vardag. Coachingen anpassas efter chefens och organisationens unika behov. Vi anv\u00e4nder N\u00d6HRA-modellen och utg\u00e5r fr\u00e5n F\u00f6rsvarsh\u00f6gskolans ledarskapsmodell Utvecklande ledarskap. Om \u00f6nskv\u00e4rt kan chefsst\u00f6d i form av konflikthantering adderas till coachningen.<\/p>\n<p>&nbsp;<\/p>\n<ul>\n<li>\n<h3 class=\"h5\">Ledningsgruppsutveckling<\/h3>\n<\/li>\n<\/ul>\n<p>N\u00e4r en ledningsgrupp f\u00e5r en ny ledare eller nya gruppmedlemmar \u00e4r det gynnsamt f\u00f6r organisationen att arbeta ihop ledningsgruppen. F\u00f6rutom att arbeta med gruppens syfte och m\u00e5l, som \u00e4r grundstenarna i en effektiv grupp, arbetar vi ocks\u00e5 upplevelsebaserat med tonvikt p\u00e5 f\u00f6rankring av gruppens arbete hos alla medlemmar i gruppen. Vi anv\u00e4nder forskningsbaserade teorier och utg\u00e5r fr\u00e5n F\u00f6rsvarsh\u00f6gskolans ledarskapsmodell Utvecklande ledarskap.<\/p>\n<p>&nbsp;<\/p>\n<h2 class=\"h3 h4\">Teamutveckling<\/h2>\n<p>Detta skr\u00e4ddarsys efter det befintliga teamet eller arbetsgruppen. H\u00e4r deltar alla medarbetare samt gruppens chef p\u00e5 en utvecklingsinsats, p\u00e5 s\u00e5 s\u00e4tt f\u00e5r ocks\u00e5 chefen externt st\u00f6d i att facilitera sin grupp. Fokuset \u00e4r p\u00e5 att hantera och n\u00e5 teamets m\u00e5l och utmaningar samt att utveckla medarbetarskapet och medledarskapet i teamet. Vi anv\u00e4nder forskningsbaserade teorier som till exempel Susan Wheelans stadie-teori, samt Amy Edmondssons forskningsstudie om nycklar till att skapa h\u00f6gpresterande team. Att skapa psykologisk trygghet i gruppen \u00e4r centralt.<\/p>\n<p>&nbsp;<\/p>\n<h2 class=\"h4\">HR \u2013 inspiration, train the trainer och f\u00f6rel\u00e4sningar<\/h2>\n<p>Vi st\u00f6ttar HR-avdelningar genom att utbilda HR-partners i facilitering samt team- och ledningsgruppsutveckling. Ibland beh\u00f6vs en extern f\u00f6rel\u00e4sare vid en chefskonferens eller utvecklingsdag f\u00f6r HR-teamet. Vi skr\u00e4ddarsyr detta efter era behov. Exempel p\u00e5 teman \u00e4r:<br \/>\nsv\u00e5ra samtal, det coachande f\u00f6rh\u00e5llningss\u00e4ttet, konflikthantering, att leda i f\u00f6r\u00e4ndring och uppf\u00f6ljning och arbete inf\u00f6r, under och efter medarbetarunders\u00f6kningar.<\/p>\n                    <\/div>\n                <\/div>\n                            \n            \n                    <\/div>\n    <\/div>\n<\/section>\n\n<section id=\"contact-persons-block_7291d1406f53e27bd45b6ce44c1e4f04\" class=\"block contact-persons  m-b\">\n    <div class=\"container\">\n        <div class=\"row\">\n            <div class=\"row__col row__col--lg-12\">\n                <div class=\"contact-persons--wrapper bg-primary\">\n                    <div class=\"contact-persons--wrapper--content\" >\n                                                    <div class=\"header-wrapper\" >\n                                <h2 class=\"h3 text-left\">Vill du veta mer? <strong><i>H\u00f6r av dig!<\/i><\/strong><\/h2>                            <\/div>\n                        \n                        \n                                                                                                <\/div>\n                    <div class=\"contact-persons--wrapper--people\">\n                                                                                    <div class=\"contact-person\" data-aos-anchor='#contact-persons-block_7291d1406f53e27bd45b6ce44c1e4f04'data-aos='fade-right'data-aos-easing='ease-in-out-sine'data-aos-duration='500'data-aos-delay='0'data-aos-once='true'data-aos-offset='250' >\n                                    <div class=\"contact-person--image\">\n                                        <img loading=\"lazy\" decoding=\"async\" width=\"360\" height=\"258\" src=\"https:\/\/novare.se\/tech\/wp-content\/uploads\/sites\/9\/2024\/04\/Mitra_Frost_Tiny-360x258.jpg\" class=\"attachment-medium size-medium\" alt=\"Kvinna sitter, b\u00e4r svart kl\u00e4dsel, neutralt beige bakgrund.\" srcset=\"https:\/\/novare.se\/tech\/wp-content\/uploads\/sites\/9\/2024\/04\/Mitra_Frost_Tiny-360x258.jpg 360w, https:\/\/novare.se\/tech\/wp-content\/uploads\/sites\/9\/2024\/04\/Mitra_Frost_Tiny.jpg 670w\" sizes=\"(max-width: 360px) 100vw, 360px\" \/>                                    <\/div>\n                                    <div class=\"contact-person--details\">\n                                        <div class=\"name-wrapper\">\n                                            <a href=\"https:\/\/novare.se\/tech\/medarbetare\/mitra-frost\/\">Mitra Frost<\/a>\n                                        <\/div>\n                                        <div class=\"title-wrapper\">\n                                            <p>Vd och Partner<\/p>\n                                        <\/div>\n                                        <div class=\"email-wrapper\">\n                                            <a href=\"mailto:mitra.frost@novare.se\">mitra.frost@novare.se<\/a>\n                                        <\/div>\n                                        <div class=\"phone-wrapper\">\n                                            <a href=\"tel:+46736409239\">+46 736 40 92 39<\/a>\n                                        <\/div>\n                                    <\/div>\n                                <\/div>\n                                                    <\/div>\n                <\/div>\n            <\/div>\n        <\/div>\n    <\/div>\n<\/section>\n\n\n<section id=\"faq-block-block_990a611751a9f690e23de5e9c22b6b61\" class=\"block faq-block  m-b bg-default\">\n    <div class=\"container\">\n        <div class=\"row\">\n            <div class=\"row__col row__col--lg-6\" data-aos-anchor='#faq-block-block_990a611751a9f690e23de5e9c22b6b61'data-aos='fade-up'data-aos-easing='ease-in-out-sine'data-aos-duration='500'data-aos-delay='0'data-aos-once='true'data-aos-offset='250' >\n                <img loading=\"lazy\" decoding=\"async\" width=\"1024\" height=\"945\" src=\"https:\/\/novare.se\/tech\/wp-content\/uploads\/sites\/9\/2024\/06\/Novare_sma09_webb-1024x945.jpg\" class=\"media-item\" alt=\"Tre personer samtalar utomhus i vinterkl\u00e4der.\" srcset=\"https:\/\/novare.se\/tech\/wp-content\/uploads\/sites\/9\/2024\/06\/Novare_sma09_webb-1024x945.jpg 1024w, https:\/\/novare.se\/tech\/wp-content\/uploads\/sites\/9\/2024\/06\/Novare_sma09_webb-360x332.jpg 360w, https:\/\/novare.se\/tech\/wp-content\/uploads\/sites\/9\/2024\/06\/Novare_sma09_webb-768x709.jpg 768w, https:\/\/novare.se\/tech\/wp-content\/uploads\/sites\/9\/2024\/06\/Novare_sma09_webb.jpg 1300w\" sizes=\"(max-width: 1024px) 100vw, 1024px\" \/>            <\/div>\n            \n            <div class=\"row__col row__col--lg-6\">\n                                    <div class=\"title-wrapper text-medium\" data-aos-anchor='#faq-block-block_990a611751a9f690e23de5e9c22b6b61'data-aos='fade-up'data-aos-easing='ease-in-out-sine'data-aos-duration='500'data-aos-delay='300'data-aos-once='true'data-aos-offset='250' >\n                        <h2 class=\"h3 text-left\"><strong>FAQ<\/strong><\/h2>                    <\/div>\n                                                                        <div class=\"text-wrapper editor-content\" data-aos-anchor='#faq-block-block_990a611751a9f690e23de5e9c22b6b61'data-aos='fade-up'data-aos-easing='ease-in-out-sine'data-aos-duration='500'data-aos-delay='750'data-aos-once='true'data-aos-offset='250' >\n                        <p>H\u00e4r har vi samlat de vanligaste fr\u00e5gorna. Hittar du inte svaret du s\u00f6ker h\u00e4r, tveka inte att h\u00f6ra av dig till oss!<\/p>\n                    <\/div>\n                \n                                    <div class=\"accordion\">\n                                                    <div class=\"accordion-item\" data-aos-anchor='#faq-block-block_990a611751a9f690e23de5e9c22b6b61'data-aos='fade-right'data-aos-easing='ease-in-out-sine'data-aos-duration='500'data-aos-delay='1000'data-aos-once='true'data-aos-offset='250' >\n                                <div class=\"accordion-header\">\n                                    <span class=\"question\">Hur g\u00e5r en rekrytering till hos er?<\/span>\n                                    <i class=\"fa fa-plus\"><\/i><i class=\"fa fa-minus hidden\"><\/i>\n                                <\/div>\n                                <div class=\"accordion-content\" style=\"display: none;\">\n                                    <span class=\"separator\"><\/span>\n                                    I alla Novare Publics rekryteringsuppdrag ing\u00e5r search eller en kartl\u00e4ggning av potentiella kandidater. F\u00f6r vissa roller r\u00e4cker det med v\u00e5ra publika annonser. Vid rekrytering av kompetens som efterfr\u00e5gas av m\u00e5nga, \u00e4r det framg\u00e5ngsrikt att kombinera med search. Vi uppmanar intresserade personer att s\u00f6ka tj\u00e4nsten formellt. Fr\u00e5n det steget omfattas kandidatens ans\u00f6kning av offentlighetsprincipen.\r\n                                <\/div>\n                            <\/div>\n                                                        <div class=\"accordion-item\" data-aos-anchor='#faq-block-block_990a611751a9f690e23de5e9c22b6b61'data-aos='fade-right'data-aos-easing='ease-in-out-sine'data-aos-duration='500'data-aos-delay='1250'data-aos-once='true'data-aos-offset='250' >\n                                <div class=\"accordion-header\">\n                                    <span class=\"question\">Hur l\u00e5ng tid tar en rekryteringsprocess? \r\n<\/span>\n                                    <i class=\"fa fa-plus\"><\/i><i class=\"fa fa-minus hidden\"><\/i>\n                                <\/div>\n                                <div class=\"accordion-content\" style=\"display: none;\">\n                                    <span class=\"separator\"><\/span>\n                                    Hos oss tar en rekrytering mellan 2-6 m\u00e5nader beroende p\u00e5 rollens omfattning.                                <\/div>\n                            <\/div>\n                                                        <div class=\"accordion-item\" data-aos-anchor='#faq-block-block_990a611751a9f690e23de5e9c22b6b61'data-aos='fade-right'data-aos-easing='ease-in-out-sine'data-aos-duration='500'data-aos-delay='1500'data-aos-once='true'data-aos-offset='250' >\n                                <div class=\"accordion-header\">\n                                    <span class=\"question\">Kan vi anlita Novare Public f\u00f6r att rekrytera specialister? <\/span>\n                                    <i class=\"fa fa-plus\"><\/i><i class=\"fa fa-minus hidden\"><\/i>\n                                <\/div>\n                                <div class=\"accordion-content\" style=\"display: none;\">\n                                    <span class=\"separator\"><\/span>\n                                    Novare Public tills\u00e4tter specialistroller inom m\u00e5nga olika omr\u00e5den. Bland annat har vi tillsatt specialistroller inom HR, IT, ekonomi och sjukv\u00e5rden. Vi kan \u00e4ven st\u00f6tta i rekrytering av aspiranter. \r\n                                <\/div>\n                            <\/div>\n                                                        <div class=\"accordion-item\" data-aos-anchor='#faq-block-block_990a611751a9f690e23de5e9c22b6b61'data-aos='fade-right'data-aos-easing='ease-in-out-sine'data-aos-duration='500'data-aos-delay='1750'data-aos-once='true'data-aos-offset='250' >\n                                <div class=\"accordion-header\">\n                                    <span class=\"question\">Kan vi direktupphandla era tj\u00e4nster?\r\n<\/span>\n                                    <i class=\"fa fa-plus\"><\/i><i class=\"fa fa-minus hidden\"><\/i>\n                                <\/div>\n                                <div class=\"accordion-content\" style=\"display: none;\">\n                                    <span class=\"separator\"><\/span>\n                                    Det g\u00e5r utm\u00e4rkt att direktupphandla rekryteringstj\u00e4nster av oss, antingen hela rekryteringar, second opinion eller search. Ring oss!                                <\/div>\n                            <\/div>\n                                                <\/div>\n                            <\/div>\n        <\/div>\n    <\/div>\n<\/section>\n","protected":false},"excerpt":{"rendered":"","protected":false},"author":4,"featured_media":0,"parent":0,"menu_order":0,"comment_status":"closed","ping_status":"closed","template":"","meta":{"_acf_changed":false,"_seopress_robots_primary_cat":"","_seopress_titles_title":"Ledarutveckling och chefscoachning - novare.se","_seopress_titles_desc":"Novare Public erbjuder skr\u00e4ddarsydd ledarutveckling f\u00f6r chefer och team med fokus p\u00e5 personlig tillv\u00e4xt och effektiva arbetsgrupper. Kontakta oss!","_seopress_robots_index":"","inline_featured_image":false,"footnotes":""},"class_list":["post-448","page","type-page","status-publish","hentry"],"acf":[],"_links":{"self":[{"href":"https:\/\/novare.se\/tech\/wp-json\/wp\/v2\/pages\/448","targetHints":{"allow":["GET"]}}],"collection":[{"href":"https:\/\/novare.se\/tech\/wp-json\/wp\/v2\/pages"}],"about":[{"href":"https:\/\/novare.se\/tech\/wp-json\/wp\/v2\/types\/page"}],"author":[{"embeddable":true,"href":"https:\/\/novare.se\/tech\/wp-json\/wp\/v2\/users\/4"}],"replies":[{"embeddable":true,"href":"https:\/\/novare.se\/tech\/wp-json\/wp\/v2\/comments?post=448"}],"version-history":[{"count":8,"href":"https:\/\/novare.se\/tech\/wp-json\/wp\/v2\/pages\/448\/revisions"}],"predecessor-version":[{"id":903,"href":"https:\/\/novare.se\/tech\/wp-json\/wp\/v2\/pages\/448\/revisions\/903"}],"wp:attachment":[{"href":"https:\/\/novare.se\/tech\/wp-json\/wp\/v2\/media?parent=448"}],"curies":[{"name":"wp","href":"https:\/\/api.w.org\/{rel}","templated":true}]}}