{"id":332,"date":"2024-05-22T09:21:57","date_gmt":"2024-05-22T09:21:57","guid":{"rendered":"https:\/\/novare.se\/tech\/?page_id=332"},"modified":"2026-02-18T14:57:47","modified_gmt":"2026-02-18T14:57:47","slug":"karriarmojligheter","status":"publish","type":"page","link":"https:\/\/novare.se\/tech\/karriarmojligheter\/","title":{"rendered":"Karri\u00e4rm\u00f6jligheter"},"content":{"rendered":"<section id=\"hero-3-block_d4532bdf95a910d94ff28b9ffbf8e854\" class=\"block hero-3  m-b \">\n    <div class=\"hero-3--top-section bg-primary\">\n                    <div class=\"bg-backdrop\">\n                <div class=\"bg-backdrop--inner\"><\/div>\n            <\/div>\n                <div class=\"container\">\n            <div class=\"row\">\n                <div class=\"row__col\">\n                    <div class=\"text-img-wrapper\">\n                        <div class=\"text-col\" >\n                                                                \n                                <div class=\"title-wrapper\" >\n                                    <h1 class=\"h3 text-left\">Din karri\u00e4r <strong><i>via oss<\/i><\/strong><\/h1>                                <\/div>\n                                                            \n                            \n                                                            <div class=\"text-wrapper\" >\n                                    <p>Vill du bli en del av v\u00e5rt n\u00e4tverk?<\/p>\n<p>Vi erbjuder b\u00e5de permanenta tj\u00e4nster via direktrekrytering och interimuppdrag f\u00f6r dig som vill arbeta som konsult.<\/p>\n                                <\/div>\n                                                            \n                                                            <div class='btn-wrapper'><div class=\"btn-element\" ><a class=\"btn btn--white\" href=\"https:\/\/novare.se\/tech\/kontakta-oss\/\"target=\"_self\">Kontakta oss<\/a><\/div><\/div>    \n                                                    <\/div>\n\n                                                    <div class=\"1595 HEROTHREEIMG img-col \"   >\n                            <img loading=\"lazy\" decoding=\"async\" width=\"1024\" height=\"1024\" src=\"https:\/\/novare.se\/tech\/wp-content\/uploads\/sites\/9\/2025\/10\/bakgrundskontroller_1080x10801-1024x1024.jpg\" class=\"attachment-large size-large\" alt=\"\" srcset=\"https:\/\/novare.se\/tech\/wp-content\/uploads\/sites\/9\/2025\/10\/bakgrundskontroller_1080x10801-1024x1024.jpg 1024w, https:\/\/novare.se\/tech\/wp-content\/uploads\/sites\/9\/2025\/10\/bakgrundskontroller_1080x10801-360x360.jpg 360w, https:\/\/novare.se\/tech\/wp-content\/uploads\/sites\/9\/2025\/10\/bakgrundskontroller_1080x10801-150x150.jpg 150w, https:\/\/novare.se\/tech\/wp-content\/uploads\/sites\/9\/2025\/10\/bakgrundskontroller_1080x10801-768x768.jpg 768w, https:\/\/novare.se\/tech\/wp-content\/uploads\/sites\/9\/2025\/10\/bakgrundskontroller_1080x10801.jpg 1080w\" sizes=\"(max-width: 1024px) 100vw, 1024px\" \/>                                \n                            <\/div>\n                                            <\/div>\n                <\/div>\n            <\/div>\n        <\/div>\n    <\/div>\n            <div class=\"hero-3--bottom-section \"  >\n        <div class=\"breadcrumbs dark-text\">\n\t<div class=\"container\">\n        <div class=\"row\">\n            <div class=\"row__col\">\n                <div class=\"breadcrumbs--inner\">\n                    <ul>\n                                                                                <li>\n                                <a href=\"https:\/\/novare.se\/\" class=\"alt\">\n                                    Novare                                <\/a>\n                            <\/li>\n                            \n\t\t\t                                        <li>\n                                <a href=\"https:\/\/novare.se\/tech\/\" class=\"alt\">\n                                                                            Tech                                                                    <\/a>\n                            <\/li>\n\t\t\t                                    <li><span class=\"alt\">Karri\u00e4rm\u00f6jligheter<\/span><\/li>\n                    <\/ul>\n                <\/div>\n            <\/div>\n        <\/div>\n\t<\/div>\n<\/div>        <\/div>\n    \n    <\/section>\n\n\n<section id=\"one-column-text-block-block_40c6f2c6c3a3b6b9e393406689745ad3\" class=\"block one-column-text-block  m-b bg-default\">\n    <div class=\"container\">\n        <div class=\"row row--middle\">\n                            <div class=\"row__col row__col--lg-8\">\n                    <div class=\"title-wrapper\" data-aos-anchor='#one-column-text-block-block_40c6f2c6c3a3b6b9e393406689745ad3'data-aos='fade-up'data-aos-easing='ease-in-out-sine'data-aos-duration='500'data-aos-delay='0'data-aos-once='true'data-aos-offset='250' >\n                        <h3 class=\"h4 m-0 text-left\">Tillsammans mot <strong><i>ditt n\u00e4sta steg<\/i><\/strong> <\/h3>                    <\/div>\n                <\/div>\n                            \n                            <div class=\"row__col row__col--lg-8\" data-aos-anchor='#one-column-text-block-block_40c6f2c6c3a3b6b9e393406689745ad3'data-aos='fade-up'data-aos-easing='ease-in-out-sine'data-aos-duration='500'data-aos-delay='250'data-aos-once='true'data-aos-offset='250'>\n                    <p class=\"preamble m-0\">Oavsett om du s\u00f6ker din n\u00e4sta fasta tj\u00e4nst eller vill arbeta som interimkonsult, \u00e4r vi h\u00e4r f\u00f6r att hj\u00e4lpa dig vidare i karri\u00e4ren. Genom att l\u00e4ra k\u00e4nna dig, dina m\u00e5l och din kompetens kan vi matcha dig med uppdrag och arbetsgivare d\u00e4r du verkligen kommer till din r\u00e4tt.<\/p>                <\/div>\n            \n                            <div class=\"row__col row__col--lg-8\" data-aos-anchor='#one-column-text-block-block_40c6f2c6c3a3b6b9e393406689745ad3'data-aos='fade-up'data-aos-easing='ease-in-out-sine'data-aos-duration='500'data-aos-delay='250'data-aos-once='true'data-aos-offset='250'>\n                    <div class=\"text-wrapper editor-content\">\n                        <h5>Rekrytering<\/h5>\n<p>V\u00e5rt m\u00e5l \u00e4r att du hittar r\u00e4tt uppdrag som matchar b\u00e5de dina behov och din kompetens. Vi vill hj\u00e4lpa dig att v\u00e4xa, utvecklas och ta n\u00e4sta steg i din karri\u00e4r. Under hela processen finns vi med som ett st\u00f6d och bollplank, f\u00f6r att besvara fr\u00e5gor, ge r\u00e5d och hj\u00e4lpa dig fatta v\u00e4lgrundade beslut.<\/p>\n<p>Vi arbetar med m\u00e5nga rekryteringsuppdrag &#8211; b\u00e5de de som annonseras \u00f6ppet och de som sker genom search. V\u00e5r kandidatdatabas \u00e4r en central del av processen, och du \u00e4r alltid v\u00e4lkommen att skicka in ditt CV. P\u00e5 s\u00e5 s\u00e4tt finns du med n\u00e4r n\u00e4sta sp\u00e4nnande uppdrag dyker upp. Om din profil matchar ett uppdrag, kontaktar vi dig f\u00f6r att ber\u00e4tta mer och se om rollen v\u00e4cker ditt intresse.<\/p>\n<p>&nbsp;<\/p>\n<h5>Interimkonsult<\/h5>\n<p>Efterfr\u00e5gan p\u00e5 interimsl\u00f6sningar \u00f6kar stadigt. Allt fler f\u00f6retag ser f\u00f6rdelarna med att ta in erfarna konsulter som snabbt kan bidra och skapa resultat. Samtidigt uppskattar m\u00e5nga specialister flexibiliteten och friheten i att sj\u00e4lva kunna styra \u00f6ver sina uppdrag.<\/p>\n<p>Som interimkonsult via oss f\u00e5r du m\u00f6jlighet att arbeta hos en av v\u00e5ra uppdragsgivare och bidra med din expertis. Genom att bli en del av v\u00e5rt n\u00e4tverk f\u00e5r du st\u00f6d i att hitta nya och relevanta uppdrag. Vi l\u00e4r k\u00e4nna dig och dina styrkor, vilket g\u00f6r att vi snabbt kan matcha dig med r\u00e4tt uppdrag n\u00e4r en kundf\u00f6rfr\u00e5gan kommer in.<\/p>\n<p>&nbsp;<\/p>\n<p>Vi \u00e4r alltid intresserade av att komma i kontakt med erfarna konsulter som vill bli en del av v\u00e5rt n\u00e4tverk. Tveka inte att h\u00f6ra av dig om du vill veta mer eller \u00e4r intresserad av ett samarbete!<\/p>\n<p>&nbsp;<\/p>\n<p><em>Genom att skicka in ditt CV bekr\u00e4ftar du att du har tagit del av v\u00e5r <a href=\"https:\/\/novare.se\/integritetspolicy\/\">Integritetspolicy<\/a>.\u00a0<\/em><\/p>\n                    <\/div>\n                <\/div>\n                            \n                            <div class=\"row__col row__col--lg-8\" data-aos-anchor='#one-column-text-block-block_40c6f2c6c3a3b6b9e393406689745ad3'data-aos='fade-in'data-aos-easing='ease-in-out-sine'data-aos-duration='500'data-aos-delay='500'data-aos-once='true'data-aos-offset='250' >\n                    <div class=\"btn-wrapper m-0\">\n                        <div class=\"btn-element\" ><a class=\"btn btn--primary\" href=\"mailto:novaretech@novare.se\"target=\"_self\">Skicka en spontanans\u00f6kan<\/a><\/div>                    <\/div>\n                <\/div>\n                            \n                    <\/div>\n    <\/div>\n<\/section>\n\n<section id=\"contact-persons-block_42f69020a0bae2b873c691c90dbaa0e8\" class=\"block contact-persons  m-b\">\n    <div class=\"container\">\n        <div class=\"row\">\n            <div class=\"row__col row__col--lg-12\">\n                <div class=\"contact-persons--wrapper bg-off-white\">\n                    <div class=\"contact-persons--wrapper--content\" >\n                                                    <div class=\"header-wrapper\" >\n                                <h4 class=\"h4 text-left\"><strong><i>Vill du veta mer?<\/i><\/strong><\/h4>                            <\/div>\n                        \n                                                    <div class=\"text-wrapper\">\n                                <h4>H\u00f6r av dig!<\/h4>\n                            <\/div>\n                        \n                                                                                                <\/div>\n                    <div class=\"contact-persons--wrapper--people\">\n                                                                                    <div class=\"contact-person\" data-aos-anchor='#contact-persons-block_42f69020a0bae2b873c691c90dbaa0e8'data-aos='fade-right'data-aos-easing='ease-in-out-sine'data-aos-duration='500'data-aos-delay='0'data-aos-once='true'data-aos-offset='250' >\n                                    <div class=\"contact-person--image\">\n                                        <img loading=\"lazy\" decoding=\"async\" width=\"360\" height=\"258\" src=\"https:\/\/novare.se\/tech\/wp-content\/uploads\/sites\/9\/2024\/04\/Mitra_Frost_Tiny-360x258.jpg\" class=\"attachment-medium size-medium\" alt=\"Kvinna sitter, b\u00e4r svart kl\u00e4dsel, neutralt beige bakgrund.\" srcset=\"https:\/\/novare.se\/tech\/wp-content\/uploads\/sites\/9\/2024\/04\/Mitra_Frost_Tiny-360x258.jpg 360w, https:\/\/novare.se\/tech\/wp-content\/uploads\/sites\/9\/2024\/04\/Mitra_Frost_Tiny.jpg 670w\" sizes=\"(max-width: 360px) 100vw, 360px\" \/>                                    <\/div>\n                                    <div class=\"contact-person--details\">\n                                        <div class=\"name-wrapper\">\n                                            <a href=\"https:\/\/novare.se\/tech\/medarbetare\/mitra-frost\/\">Mitra Frost<\/a>\n                                        <\/div>\n                                        <div class=\"title-wrapper\">\n                                            <p>Vd och Partner<\/p>\n                                        <\/div>\n                                        <div class=\"email-wrapper\">\n                                            <a href=\"mailto:mitra.frost@novare.se\">mitra.frost@novare.se<\/a>\n                                        <\/div>\n                                        <div class=\"phone-wrapper\">\n                                            <a href=\"tel:+46736409239\">+46 736 40 92 39<\/a>\n                                        <\/div>\n                                    <\/div>\n                                <\/div>\n                                                    <\/div>\n                <\/div>\n            <\/div>\n        <\/div>\n    <\/div>\n<\/section>\n\n\n<section id=\"faq-block-block_15f4d7fa7c85dea7f942447e66eb76c9\" class=\"block faq-block  m-b bg-default\">\n    <div class=\"container\">\n        <div class=\"row\">\n            <div class=\"row__col row__col--lg-6\" data-aos-anchor='#faq-block-block_15f4d7fa7c85dea7f942447e66eb76c9'data-aos='fade-up'data-aos-easing='ease-in-out-sine'data-aos-duration='500'data-aos-delay='0'data-aos-once='true'data-aos-offset='250' >\n                <img loading=\"lazy\" decoding=\"async\" width=\"819\" height=\"1024\" src=\"https:\/\/novare.se\/tech\/wp-content\/uploads\/sites\/9\/2025\/07\/Namnlos-design-819x1024.jpg\" class=\"media-item\" alt=\"\" srcset=\"https:\/\/novare.se\/tech\/wp-content\/uploads\/sites\/9\/2025\/07\/Namnlos-design-819x1024.jpg 819w, https:\/\/novare.se\/tech\/wp-content\/uploads\/sites\/9\/2025\/07\/Namnlos-design-288x360.jpg 288w, https:\/\/novare.se\/tech\/wp-content\/uploads\/sites\/9\/2025\/07\/Namnlos-design-768x960.jpg 768w, https:\/\/novare.se\/tech\/wp-content\/uploads\/sites\/9\/2025\/07\/Namnlos-design-1229x1536.jpg 1229w, https:\/\/novare.se\/tech\/wp-content\/uploads\/sites\/9\/2025\/07\/Namnlos-design.jpg 1280w\" sizes=\"(max-width: 819px) 100vw, 819px\" \/>            <\/div>\n            \n            <div class=\"row__col row__col--lg-6\">\n                                    <div class=\"title-wrapper text-medium\" data-aos-anchor='#faq-block-block_15f4d7fa7c85dea7f942447e66eb76c9'data-aos='fade-up'data-aos-easing='ease-in-out-sine'data-aos-duration='500'data-aos-delay='300'data-aos-once='true'data-aos-offset='250' >\n                        <h2 class=\"h3 text-left\">Vanliga fr\u00e5gor om <i><strong>techkarri\u00e4r<\/strong><\/i><\/h2>                    <\/div>\n                                                    \n                                    <div class=\"accordion\">\n                                                    <div class=\"accordion-item\" data-aos-anchor='#faq-block-block_15f4d7fa7c85dea7f942447e66eb76c9'data-aos='fade-right'data-aos-easing='ease-in-out-sine'data-aos-duration='500'data-aos-delay='1000'data-aos-once='true'data-aos-offset='250' >\n                                <div class=\"accordion-header\">\n                                    <span class=\"question\">Vilka m\u00f6jligheter finns f\u00f6r min techkarri\u00e4r via Novare Tech?<\/span>\n                                    <i class=\"fa fa-plus\"><\/i><i class=\"fa fa-minus hidden\"><\/i>\n                                <\/div>\n                                <div class=\"accordion-content\" style=\"display: none;\">\n                                    <span class=\"separator\"><\/span>\n                                    Via Novare Tech f\u00e5r du tillg\u00e5ng till b\u00e5de permanenta roller och interimsuppdrag inom tech. M\u00f6jligheterna anpassas efter din erfarenhet, kompetens och ambition, och kan omfatta roller inom exempelvis utveckling, IT ledning arkitektur produkt och data. Fokus ligger p\u00e5 att matcha dig med uppdrag och arbetsgivare d\u00e4r du kan utvecklas l\u00e5ngsiktigt och ta n\u00e4sta steg i din karri\u00e4r.                                <\/div>\n                            <\/div>\n                                                        <div class=\"accordion-item\" data-aos-anchor='#faq-block-block_15f4d7fa7c85dea7f942447e66eb76c9'data-aos='fade-right'data-aos-easing='ease-in-out-sine'data-aos-duration='500'data-aos-delay='1250'data-aos-once='true'data-aos-offset='250' >\n                                <div class=\"accordion-header\">\n                                    <span class=\"question\">Hur g\u00e5r matchningen mellan kandidat och uppdrag till?<\/span>\n                                    <i class=\"fa fa-plus\"><\/i><i class=\"fa fa-minus hidden\"><\/i>\n                                <\/div>\n                                <div class=\"accordion-content\" style=\"display: none;\">\n                                    <span class=\"separator\"><\/span>\n                                    Matchningen utg\u00e5r fr\u00e5n en dialog d\u00e4r erfarenhet, kompetens och karri\u00e4rm\u00e5l v\u00e4gs samman med uppdragens krav och organisationernas behov. M\u00e5let \u00e4r att skapa l\u00e5ngsiktigt h\u00e5llbara matchningar d\u00e4r b\u00e5da parter f\u00e5r r\u00e4tt f\u00f6ruts\u00e4ttningar.                                <\/div>\n                            <\/div>\n                                                        <div class=\"accordion-item\" data-aos-anchor='#faq-block-block_15f4d7fa7c85dea7f942447e66eb76c9'data-aos='fade-right'data-aos-easing='ease-in-out-sine'data-aos-duration='500'data-aos-delay='1500'data-aos-once='true'data-aos-offset='250' >\n                                <div class=\"accordion-header\">\n                                    <span class=\"question\">Kan jag vara aktuell \u00e4ven om jag inte s\u00f6ker jobb aktivt?<\/span>\n                                    <i class=\"fa fa-plus\"><\/i><i class=\"fa fa-minus hidden\"><\/i>\n                                <\/div>\n                                <div class=\"accordion-content\" style=\"display: none;\">\n                                    <span class=\"separator\"><\/span>\n                                    Ja. M\u00e5nga m\u00f6jligheter uppst\u00e5r genom l\u00f6pande dialog och n\u00e4tverk. \u00c4ven om du inte s\u00f6ker nytt jobb just nu kan det vara v\u00e4rdefullt att ta kontakt f\u00f6r framtida m\u00f6jligheter som matchar din profil.                                <\/div>\n                            <\/div>\n                                                        <div class=\"accordion-item\" data-aos-anchor='#faq-block-block_15f4d7fa7c85dea7f942447e66eb76c9'data-aos='fade-right'data-aos-easing='ease-in-out-sine'data-aos-duration='500'data-aos-delay='1750'data-aos-once='true'data-aos-offset='250' >\n                                <div class=\"accordion-header\">\n                                    <span class=\"question\">Arbetar ni med b\u00e5de rekrytering och interimuppdrag inom tech?<\/span>\n                                    <i class=\"fa fa-plus\"><\/i><i class=\"fa fa-minus hidden\"><\/i>\n                                <\/div>\n                                <div class=\"accordion-content\" style=\"display: none;\">\n                                    <span class=\"separator\"><\/span>\n                                    Ja. Karri\u00e4rm\u00f6jligheterna kan vara b\u00e5de l\u00e5ngsiktiga anst\u00e4llningar och tidsbegr\u00e4nsade interimuppdrag, beroende p\u00e5 uppdragets karakt\u00e4r och vad som passar din erfarenhet och situation b\u00e4st.                                <\/div>\n                            <\/div>\n                                                        <div class=\"accordion-item\" data-aos-anchor='#faq-block-block_15f4d7fa7c85dea7f942447e66eb76c9'data-aos='fade-right'data-aos-easing='ease-in-out-sine'data-aos-duration='500'data-aos-delay='2000'data-aos-once='true'data-aos-offset='250' >\n                                <div class=\"accordion-header\">\n                                    <span class=\"question\">Hur st\u00f6ttas kandidater genom processen?<\/span>\n                                    <i class=\"fa fa-plus\"><\/i><i class=\"fa fa-minus hidden\"><\/i>\n                                <\/div>\n                                <div class=\"accordion-content\" style=\"display: none;\">\n                                    <span class=\"separator\"><\/span>\n                                    St\u00f6det omfattar dialog, r\u00e5dgivning och \u00e5terkoppling genom hela processen. Fokus ligger p\u00e5 transparens och p\u00e5 att du som kandidat ska k\u00e4nna dig trygg och v\u00e4linformerad i varje steg.                                <\/div>\n                            <\/div>\n                                                <\/div>\n                            <\/div>\n        <\/div>\n    <\/div>\n<\/section>\n","protected":false},"excerpt":{"rendered":"","protected":false},"author":4,"featured_media":0,"parent":0,"menu_order":0,"comment_status":"closed","ping_status":"closed","template":"","meta":{"_acf_changed":false,"_seopress_robots_primary_cat":"","_seopress_titles_title":"Ramavtal f\u00f6r rekryteringstj\u00e4nster i Sverige - novare.se","_seopress_titles_desc":"Novare Public erbjuder rekryteringstj\u00e4nster via ramavtal med flera svenska myndigheter, inklusive DIGG, Almi och Regeringskansliet. Kontakta oss!","_seopress_robots_index":"","inline_featured_image":false,"footnotes":""},"class_list":["post-332","page","type-page","status-publish","hentry"],"acf":[],"_links":{"self":[{"href":"https:\/\/novare.se\/tech\/wp-json\/wp\/v2\/pages\/332","targetHints":{"allow":["GET"]}}],"collection":[{"href":"https:\/\/novare.se\/tech\/wp-json\/wp\/v2\/pages"}],"about":[{"href":"https:\/\/novare.se\/tech\/wp-json\/wp\/v2\/types\/page"}],"author":[{"embeddable":true,"href":"https:\/\/novare.se\/tech\/wp-json\/wp\/v2\/users\/4"}],"replies":[{"embeddable":true,"href":"https:\/\/novare.se\/tech\/wp-json\/wp\/v2\/comments?post=332"}],"version-history":[{"count":48,"href":"https:\/\/novare.se\/tech\/wp-json\/wp\/v2\/pages\/332\/revisions"}],"predecessor-version":[{"id":1717,"href":"https:\/\/novare.se\/tech\/wp-json\/wp\/v2\/pages\/332\/revisions\/1717"}],"wp:attachment":[{"href":"https:\/\/novare.se\/tech\/wp-json\/wp\/v2\/media?parent=332"}],"curies":[{"name":"wp","href":"https:\/\/api.w.org\/{rel}","templated":true}]}}