{"id":320,"date":"2024-05-22T07:58:58","date_gmt":"2024-05-22T07:58:58","guid":{"rendered":"https:\/\/novare.se\/tech\/?page_id=320"},"modified":"2026-02-18T15:03:11","modified_gmt":"2026-02-18T15:03:11","slug":"om-oss","status":"publish","type":"page","link":"https:\/\/novare.se\/tech\/om-oss\/","title":{"rendered":"Om oss"},"content":{"rendered":"<section id=\"hero-3-block_fa883c040cf16118e006aa429a0b1f8e\" class=\"block hero-3  m-b \">\n    <div class=\"hero-3--top-section bg-primary\">\n                    <div class=\"bg-backdrop\">\n                <div class=\"bg-backdrop--inner\"><\/div>\n            <\/div>\n                <div class=\"container\">\n            <div class=\"row\">\n                <div class=\"row__col\">\n                    <div class=\"text-img-wrapper\">\n                        <div class=\"text-col\" >\n                                                                \n                                <div class=\"title-wrapper\" >\n                                    <h1 class=\"h2 text-left\">Om <strong><i>Novare Tech<\/i><\/strong><\/h1>                                <\/div>\n                                                            \n                            \n                                                            <div class=\"text-wrapper\" >\n                                    <p>Vi driver tillv\u00e4xt genom att hitta de m\u00e4nniskor som formar framtidens tech.<\/p>\n                                <\/div>\n                                                            \n                                                            <div class='btn-wrapper'><div class=\"btn-element\" ><a class=\"btn btn--white\" href=\"https:\/\/novare.se\/tech\/kontakta-oss\/\"target=\"_self\">Kontakta oss<\/a><\/div><\/div>    \n                                                    <\/div>\n\n                                                    <div class=\"1266 HEROTHREEIMG img-col \"   >\n                            <img loading=\"lazy\" decoding=\"async\" width=\"670\" height=\"683\" src=\"https:\/\/novare.se\/tech\/wp-content\/uploads\/sites\/9\/2025\/01\/novare-tech.jpg\" class=\"attachment-large size-large\" alt=\"Fyra glada kvinnor framf\u00f6r en staty.\" srcset=\"https:\/\/novare.se\/tech\/wp-content\/uploads\/sites\/9\/2025\/01\/novare-tech.jpg 670w, https:\/\/novare.se\/tech\/wp-content\/uploads\/sites\/9\/2025\/01\/novare-tech-353x360.jpg 353w\" sizes=\"(max-width: 670px) 100vw, 670px\" \/>                                \n                            <\/div>\n                                            <\/div>\n                <\/div>\n            <\/div>\n        <\/div>\n    <\/div>\n            <div class=\"hero-3--bottom-section \"  >\n        <div class=\"breadcrumbs dark-text\">\n\t<div class=\"container\">\n        <div class=\"row\">\n            <div class=\"row__col\">\n                <div class=\"breadcrumbs--inner\">\n                    <ul>\n                                                                                <li>\n                                <a href=\"https:\/\/novare.se\/\" class=\"alt\">\n                                    Novare                                <\/a>\n                            <\/li>\n                            \n\t\t\t                                        <li>\n                                <a href=\"https:\/\/novare.se\/tech\/\" class=\"alt\">\n                                                                            Tech                                                                    <\/a>\n                            <\/li>\n\t\t\t                                    <li><span class=\"alt\">Om oss<\/span><\/li>\n                    <\/ul>\n                <\/div>\n            <\/div>\n        <\/div>\n\t<\/div>\n<\/div>        <\/div>\n    \n    <\/section>\n\n\n<section id=\"one-column-text-block-block_e1ed2d88ae00cec5efb362695c5ef8d1\" class=\"block one-column-text-block  m-b bg-default\">\n    <div class=\"container\">\n        <div class=\"row row--middle\">\n                            <div class=\"row__col row__col--lg-8\">\n                    <div class=\"title-wrapper\" data-aos-anchor='#one-column-text-block-block_e1ed2d88ae00cec5efb362695c5ef8d1'data-aos='fade-up'data-aos-easing='ease-in-out-sine'data-aos-duration='500'data-aos-delay='0'data-aos-once='true'data-aos-offset='250' >\n                        <h3 class=\"h4 m-0 text-left\">Specialister p\u00e5 att <strong><i>hitta specialister<\/i><\/strong><\/h3>                    <\/div>\n                <\/div>\n                            \n                            <div class=\"row__col row__col--lg-8\" data-aos-anchor='#one-column-text-block-block_e1ed2d88ae00cec5efb362695c5ef8d1'data-aos='fade-up'data-aos-easing='ease-in-out-sine'data-aos-duration='500'data-aos-delay='250'data-aos-once='true'data-aos-offset='250'>\n                    <p class=\"preamble m-0\">P\u00e5 Novare Tech \u00e4r vi experter p\u00e5 att identifiera, attrahera och rekrytera kvalificerade specialister inom IT och tech. Genom skr\u00e4ddarsydda l\u00f6sningar hj\u00e4lper vi b\u00e5de f\u00f6retag och talanger att v\u00e4xa &#8211; alltid med fokus p\u00e5 kvalitet och leveranss\u00e4kerhet.<\/p>                <\/div>\n            \n                            <div class=\"row__col row__col--lg-8\" data-aos-anchor='#one-column-text-block-block_e1ed2d88ae00cec5efb362695c5ef8d1'data-aos='fade-up'data-aos-easing='ease-in-out-sine'data-aos-duration='500'data-aos-delay='250'data-aos-once='true'data-aos-offset='250'>\n                    <div class=\"text-wrapper editor-content\">\n                        <p>V\u00e5r kompetens omfattar roller inom bland annat programmering, systemutveckling, IT-s\u00e4kerhet, arkitektur, UX-design och support. Oavsett om ni \u00e4r ett stort bolag med omfattande behov eller ett snabbv\u00e4xande startup finns vi h\u00e4r som er rekryteringspartner.<\/p>\n<p>&nbsp;<\/p>\n<h5>Hur vi jobbar<\/h5>\n<p>Efterfr\u00e5gan p\u00e5 techspecialister \u00f6kar snabbt, och konkurrensen om kompetens \u00e4r h\u00e5rd. D\u00e4rf\u00f6r r\u00e4cker det inte med att bara annonsera, vi arbetar aktivt med search f\u00f6r att hitta och attrahera r\u00e4tt kandidater.<\/p>\n<p>Vi arbetar kompetensbaserat och fokuserar p\u00e5 faktiska kunskaper och erfarenheter, inte subjektiva bed\u00f6mningar. Det g\u00f6r v\u00e5ra rekryteringar b\u00e5de mer r\u00e4ttvisa och tr\u00e4ffs\u00e4kra, och minskar risken f\u00f6r felrekryteringar.<\/p>\n<p>Genom n\u00e4ra samarbete med v\u00e5ra kunder, djup branschkunskap och ett starkt n\u00e4tverk kan vi snabbt hitta talanger som bidrar till er l\u00e5ngsiktiga utveckling.<\/p>\n<p>&nbsp;<\/p>\n<h5>Redo f\u00f6r framtiden<\/h5>\n<p>Vi har resurserna, n\u00e4tverket och insikterna som kr\u00e4vs f\u00f6r att ni ska kunna m\u00f6ta framtidens utmaningar &#8211; och attrahera de talanger som g\u00f6r verklig skillnad.<\/p>\n                    <\/div>\n                <\/div>\n                            \n            \n                    <\/div>\n    <\/div>\n<\/section>\n\n<section id=\"image-video-text-block_44fc16dc9968c6f32dbdcc46b01c436d\" class=\"block image-video-text  m-b bg-default\">\n    <div class=\"container\">\n        <div class=\"row image-left\">\n            <div class=\"row__col row__col--md-6 media-item\">\n                                    <div class=\"image-wrapper\"  >\n                        <img loading=\"lazy\" decoding=\"async\" width=\"692\" height=\"683\" src=\"https:\/\/novare.se\/tech\/wp-content\/uploads\/sites\/9\/2025\/01\/mitra-frost.jpg\" class=\"media-item\" alt=\"En kvinna som ler och lutar sig mot en v\u00e4gg med armarna i kors.\" srcset=\"https:\/\/novare.se\/tech\/wp-content\/uploads\/sites\/9\/2025\/01\/mitra-frost.jpg 692w, https:\/\/novare.se\/tech\/wp-content\/uploads\/sites\/9\/2025\/01\/mitra-frost-360x355.jpg 360w\" sizes=\"(max-width: 692px) 100vw, 692px\" \/>                    <\/div>\n                                            <\/div>\n\n            <div class=\"row__col row__col--md-6 content\"  >\n                                    <div class=\"title-wrapper\" >\n                        <h3 class=\"h4 text-left\">Varf\u00f6r ska du v\u00e4lja <strong><i>Novare Tech<\/i><\/strong>?<\/h3>                    <\/div>\n                                                                        <div class=\"text-wrapper editor-content\" >\n                    <ul>\n<li class=\"p3\">Specialistkompetens inom tech<\/li>\n<\/ul>\n<p class=\"p3\">Vi \u00e4r experter p\u00e5 att hitta de personer som driver innovation fram\u00e5t. Med l\u00e5ng erfarenhet och djup f\u00f6rst\u00e5else f\u00f6r techbranschen guidar vi er tryggt genom hela rekryteringsprocessen &#8211; fr\u00e5n behovsanalys till anst\u00e4llning.<\/p>\n<p>&nbsp;<\/p>\n<ul>\n<li class=\"p3\">Brett n\u00e4tverk av tech-talanger<\/li>\n<\/ul>\n<p class=\"p3\">Genom v\u00e5rt starka n\u00e4tverk n\u00e5r vi b\u00e5de juniora och seniora specialister som \u00e4r redo f\u00f6r n\u00e4sta steg i karri\u00e4ren. Oavsett omr\u00e5de hittar vi talangerna som kan st\u00e4rka ert team och ta verksamheten till n\u00e4sta niv\u00e5.<\/p>\n<p>&nbsp;<\/p>\n<ul>\n<li class=\"p3\">Skr\u00e4ddarsydd rekrytering<\/li>\n<\/ul>\n<p class=\"p3\">Varje uppdrag \u00e4r unikt. D\u00e4rf\u00f6r anpassar vi v\u00e5ra processer efter era behov &#8211; oavsett om ni beh\u00f6ver hj\u00e4lp med hela rekryteringen eller bara utvalda delar. Resultatet blir en smidig process och rekryteringar som h\u00e5ller \u00f6ver tid.<\/p>\n                    <\/div>\n                                                                                <\/div>\n        <\/div>\n    <\/div>\n<\/section>\n\n\n<section id=\"contact-persons-block_4607ff0f8304d3a8a280f93dcec53e9c\" class=\"block contact-persons  m-b\">\n    <div class=\"container\">\n        <div class=\"row\">\n            <div class=\"row__col row__col--lg-12\">\n                <div class=\"contact-persons--wrapper bg-blue-light\">\n                    <div class=\"contact-persons--wrapper--content\" >\n                                                    <div class=\"header-wrapper\" >\n                                <h4 class=\"h4 text-left\"><strong><i>Vill du veta mer? <\/i><\/strong><\/h4>                            <\/div>\n                        \n                                                    <div class=\"text-wrapper\">\n                                <h4>H\u00f6r av dig!<\/h4>\n                            <\/div>\n                        \n                                                                                                <\/div>\n                    <div class=\"contact-persons--wrapper--people\">\n                                                                                    <div class=\"contact-person\" data-aos-anchor='#contact-persons-block_4607ff0f8304d3a8a280f93dcec53e9c'data-aos='fade-right'data-aos-easing='ease-in-out-sine'data-aos-duration='500'data-aos-delay='0'data-aos-once='true'data-aos-offset='250' >\n                                    <div class=\"contact-person--image\">\n                                        <img loading=\"lazy\" decoding=\"async\" width=\"360\" height=\"258\" src=\"https:\/\/novare.se\/tech\/wp-content\/uploads\/sites\/9\/2024\/04\/Mitra_Frost_Tiny-360x258.jpg\" class=\"attachment-medium size-medium\" alt=\"Kvinna sitter, b\u00e4r svart kl\u00e4dsel, neutralt beige bakgrund.\" srcset=\"https:\/\/novare.se\/tech\/wp-content\/uploads\/sites\/9\/2024\/04\/Mitra_Frost_Tiny-360x258.jpg 360w, https:\/\/novare.se\/tech\/wp-content\/uploads\/sites\/9\/2024\/04\/Mitra_Frost_Tiny.jpg 670w\" sizes=\"(max-width: 360px) 100vw, 360px\" \/>                                    <\/div>\n                                    <div class=\"contact-person--details\">\n                                        <div class=\"name-wrapper\">\n                                            <a href=\"https:\/\/novare.se\/tech\/medarbetare\/mitra-frost\/\">Mitra Frost<\/a>\n                                        <\/div>\n                                        <div class=\"title-wrapper\">\n                                            <p>Vd och Partner<\/p>\n                                        <\/div>\n                                        <div class=\"email-wrapper\">\n                                            <a href=\"mailto:mitra.frost@novare.se\">mitra.frost@novare.se<\/a>\n                                        <\/div>\n                                        <div class=\"phone-wrapper\">\n                                            <a href=\"tel:+46736409239\">+46 736 40 92 39<\/a>\n                                        <\/div>\n                                    <\/div>\n                                <\/div>\n                                                    <\/div>\n                <\/div>\n            <\/div>\n        <\/div>\n    <\/div>\n<\/section>\n\n\n<section id=\"faq-block-block_ab2d843822ec41f30d52708877bbbc66\" class=\"block faq-block  m-b bg-default\">\n    <div class=\"container\">\n        <div class=\"row\">\n            <div class=\"row__col row__col--lg-6\" data-aos-anchor='#faq-block-block_ab2d843822ec41f30d52708877bbbc66'data-aos='fade-up'data-aos-easing='ease-in-out-sine'data-aos-duration='500'data-aos-delay='0'data-aos-once='true'data-aos-offset='250' >\n                <img loading=\"lazy\" decoding=\"async\" width=\"899\" height=\"1024\" src=\"https:\/\/novare.se\/tech\/wp-content\/uploads\/sites\/9\/2025\/01\/kontor-dator-899x1024.jpg\" class=\"media-item\" alt=\"En kille som sitter och jobbar vid datorn.\" srcset=\"https:\/\/novare.se\/tech\/wp-content\/uploads\/sites\/9\/2025\/01\/kontor-dator-899x1024.jpg 899w, https:\/\/novare.se\/tech\/wp-content\/uploads\/sites\/9\/2025\/01\/kontor-dator-316x360.jpg 316w, https:\/\/novare.se\/tech\/wp-content\/uploads\/sites\/9\/2025\/01\/kontor-dator-768x875.jpg 768w, https:\/\/novare.se\/tech\/wp-content\/uploads\/sites\/9\/2025\/01\/kontor-dator-1349x1536.jpg 1349w, https:\/\/novare.se\/tech\/wp-content\/uploads\/sites\/9\/2025\/01\/kontor-dator.jpg 1728w\" sizes=\"(max-width: 899px) 100vw, 899px\" \/>            <\/div>\n            \n            <div class=\"row__col row__col--lg-6\">\n                                    <div class=\"title-wrapper text-medium\" data-aos-anchor='#faq-block-block_ab2d843822ec41f30d52708877bbbc66'data-aos='fade-up'data-aos-easing='ease-in-out-sine'data-aos-duration='500'data-aos-delay='300'data-aos-once='true'data-aos-offset='250' >\n                        <h2 class=\"h3 text-left\">Vanliga fr\u00e5gor om <i><strong>Novare Tech<\/strong><\/i><\/h2>                    <\/div>\n                                                    \n                                    <div class=\"accordion\">\n                                                    <div class=\"accordion-item\" data-aos-anchor='#faq-block-block_ab2d843822ec41f30d52708877bbbc66'data-aos='fade-right'data-aos-easing='ease-in-out-sine'data-aos-duration='500'data-aos-delay='1000'data-aos-once='true'data-aos-offset='250' >\n                                <div class=\"accordion-header\">\n                                    <span class=\"question\">Vad \u00e4r Novare Techs fokusomr\u00e5de?<\/span>\n                                    <i class=\"fa fa-plus\"><\/i><i class=\"fa fa-minus hidden\"><\/i>\n                                <\/div>\n                                <div class=\"accordion-content\" style=\"display: none;\">\n                                    <span class=\"separator\"><\/span>\n                                    Fokus ligger p\u00e5 att hitta och matcha techspecialister och ledare inom IT och digital utveckling, med f\u00f6rst\u00e5else f\u00f6r b\u00e5de teknik, aff\u00e4r och organisationens l\u00e5ngsiktiga m\u00e5l.                                <\/div>\n                            <\/div>\n                                                        <div class=\"accordion-item\" data-aos-anchor='#faq-block-block_ab2d843822ec41f30d52708877bbbc66'data-aos='fade-right'data-aos-easing='ease-in-out-sine'data-aos-duration='500'data-aos-delay='1250'data-aos-once='true'data-aos-offset='250' >\n                                <div class=\"accordion-header\">\n                                    <span class=\"question\">Vilken typ av kompetens arbetar Novare Tech med?<\/span>\n                                    <i class=\"fa fa-plus\"><\/i><i class=\"fa fa-minus hidden\"><\/i>\n                                <\/div>\n                                <div class=\"accordion-content\" style=\"display: none;\">\n                                    <span class=\"separator\"><\/span>\n                                    Arbetet omfattar specialistkompetens inom exempelvis systemutveckling, arkitektur, data, produktledning, IT-ledning och digital transformation.                                <\/div>\n                            <\/div>\n                                                        <div class=\"accordion-item\" data-aos-anchor='#faq-block-block_ab2d843822ec41f30d52708877bbbc66'data-aos='fade-right'data-aos-easing='ease-in-out-sine'data-aos-duration='500'data-aos-delay='1500'data-aos-once='true'data-aos-offset='250' >\n                                <div class=\"accordion-header\">\n                                    <span class=\"question\">Hur skiljer sig Novare Tech fr\u00e5n traditionella techrekryterare?<\/span>\n                                    <i class=\"fa fa-plus\"><\/i><i class=\"fa fa-minus hidden\"><\/i>\n                                <\/div>\n                                <div class=\"accordion-content\" style=\"display: none;\">\n                                    <span class=\"separator\"><\/span>\n                                    Skillnaden ligger i kombinationen av djup teknisk f\u00f6rst\u00e5else, strukturerade processer och ett tydligt fokus p\u00e5 l\u00e5ngsiktig matchning snarare \u00e4n snabba tills\u00e4ttningar.                                <\/div>\n                            <\/div>\n                                                        <div class=\"accordion-item\" data-aos-anchor='#faq-block-block_ab2d843822ec41f30d52708877bbbc66'data-aos='fade-right'data-aos-easing='ease-in-out-sine'data-aos-duration='500'data-aos-delay='1750'data-aos-once='true'data-aos-offset='250' >\n                                <div class=\"accordion-header\">\n                                    <span class=\"question\">Hur arbetar Novare Tech med att f\u00f6rst\u00e5 kundens behov?<\/span>\n                                    <i class=\"fa fa-plus\"><\/i><i class=\"fa fa-minus hidden\"><\/i>\n                                <\/div>\n                                <div class=\"accordion-content\" style=\"display: none;\">\n                                    <span class=\"separator\"><\/span>\n                                    Arbetet inleds med en noggrann behovsanalys d\u00e4r teknik, verksamhet och teamdynamik v\u00e4gs samman f\u00f6r att skapa en tydlig och realistisk kravbild.                                <\/div>\n                            <\/div>\n                                                        <div class=\"accordion-item\" data-aos-anchor='#faq-block-block_ab2d843822ec41f30d52708877bbbc66'data-aos='fade-right'data-aos-easing='ease-in-out-sine'data-aos-duration='500'data-aos-delay='2000'data-aos-once='true'data-aos-offset='250' >\n                                <div class=\"accordion-header\">\n                                    <span class=\"question\">N\u00e4r passar det att samarbeta med Novare Tech?<\/span>\n                                    <i class=\"fa fa-plus\"><\/i><i class=\"fa fa-minus hidden\"><\/i>\n                                <\/div>\n                                <div class=\"accordion-content\" style=\"display: none;\">\n                                    <span class=\"separator\"><\/span>\n                                    Samarbete \u00e4r s\u00e4rskilt relevant vid strategiska rekryteringar, tillv\u00e4xtfaser, f\u00f6r\u00e4ndringsprojekt eller n\u00e4r det finns behov av sv\u00e5rfunnen techkompetens.                                <\/div>\n                            <\/div>\n                                                <\/div>\n                            <\/div>\n        <\/div>\n    <\/div>\n<\/section>\n","protected":false},"excerpt":{"rendered":"","protected":false},"author":4,"featured_media":0,"parent":0,"menu_order":0,"comment_status":"closed","ping_status":"closed","template":"","meta":{"_acf_changed":false,"_seopress_robots_primary_cat":"","_seopress_titles_title":"Om Novare Tech - novare.se","_seopress_titles_desc":"Novare Tech hj\u00e4lper f\u00f6retag att hitta r\u00e4tt kompetens inom Tech genom unika n\u00e4tverk och l\u00e5ng erfarenhet. N\u00f6jd-kund-garanti ing\u00e5r.","_seopress_robots_index":"","inline_featured_image":false,"footnotes":""},"class_list":["post-320","page","type-page","status-publish","hentry"],"acf":[],"_links":{"self":[{"href":"https:\/\/novare.se\/tech\/wp-json\/wp\/v2\/pages\/320","targetHints":{"allow":["GET"]}}],"collection":[{"href":"https:\/\/novare.se\/tech\/wp-json\/wp\/v2\/pages"}],"about":[{"href":"https:\/\/novare.se\/tech\/wp-json\/wp\/v2\/types\/page"}],"author":[{"embeddable":true,"href":"https:\/\/novare.se\/tech\/wp-json\/wp\/v2\/users\/4"}],"replies":[{"embeddable":true,"href":"https:\/\/novare.se\/tech\/wp-json\/wp\/v2\/comments?post=320"}],"version-history":[{"count":51,"href":"https:\/\/novare.se\/tech\/wp-json\/wp\/v2\/pages\/320\/revisions"}],"predecessor-version":[{"id":1719,"href":"https:\/\/novare.se\/tech\/wp-json\/wp\/v2\/pages\/320\/revisions\/1719"}],"wp:attachment":[{"href":"https:\/\/novare.se\/tech\/wp-json\/wp\/v2\/media?parent=320"}],"curies":[{"name":"wp","href":"https:\/\/api.w.org\/{rel}","templated":true}]}}