{"id":310,"date":"2024-05-21T15:31:52","date_gmt":"2024-05-21T15:31:52","guid":{"rendered":"https:\/\/novare.se\/tech\/?page_id=310"},"modified":"2026-02-18T14:59:18","modified_gmt":"2026-02-18T14:59:18","slug":"rekryteringsprocess","status":"publish","type":"page","link":"https:\/\/novare.se\/tech\/rekryteringsprocess\/","title":{"rendered":"Rekryteringsprocess"},"content":{"rendered":"<section id=\"hero-3-block_973b8cc10af03dfd837fd7af4467b2f4\" class=\"block hero-3  m-b \">\n    <div class=\"hero-3--top-section bg-primary\">\n                    <div class=\"bg-backdrop\">\n                <div class=\"bg-backdrop--inner\"><\/div>\n            <\/div>\n                <div class=\"container\">\n            <div class=\"row\">\n                <div class=\"row__col\">\n                    <div class=\"text-img-wrapper\">\n                        <div class=\"text-col\" >\n                                                                \n                                <div class=\"title-wrapper\" >\n                                    <h1 class=\"h3 text-left\">V\u00e5r <strong><i>rekryteringsprocess<\/i><\/strong><\/h1>                                <\/div>\n                                                            \n                            \n                                                            <div class=\"text-wrapper\" >\n                                    <p>V\u00e5ra rekryteringsprocesser \u00e4r kvalitetss\u00e4krade, vilar p\u00e5 en vetenskaplig grund och skr\u00e4ddarsys efter v\u00e5r uppdragsgivare.<\/p>\n                                <\/div>\n                                                            \n                                                            <div class='btn-wrapper'><div class=\"btn-element\" ><a class=\"btn btn--white\" href=\"https:\/\/novare.se\/tech\/kontakta-oss\/\"target=\"_self\">Kontakta oss<\/a><\/div><\/div>    \n                                                    <\/div>\n\n                                                    <div class=\"1323 HEROTHREEIMG img-col \"   >\n                            <img loading=\"lazy\" decoding=\"async\" width=\"678\" height=\"640\" src=\"https:\/\/novare.se\/tech\/wp-content\/uploads\/sites\/9\/2025\/01\/Novare-tech-1.jpg\" class=\"attachment-large size-large\" alt=\"Tv\u00e5 kvinnor som jobbar i ett konferensrum med glasd\u00f6rrar.\" srcset=\"https:\/\/novare.se\/tech\/wp-content\/uploads\/sites\/9\/2025\/01\/Novare-tech-1.jpg 678w, https:\/\/novare.se\/tech\/wp-content\/uploads\/sites\/9\/2025\/01\/Novare-tech-1-360x340.jpg 360w\" sizes=\"(max-width: 678px) 100vw, 678px\" \/>                                \n                            <\/div>\n                                            <\/div>\n                <\/div>\n            <\/div>\n        <\/div>\n    <\/div>\n            <div class=\"hero-3--bottom-section \"  >\n        <div class=\"breadcrumbs dark-text\">\n\t<div class=\"container\">\n        <div class=\"row\">\n            <div class=\"row__col\">\n                <div class=\"breadcrumbs--inner\">\n                    <ul>\n                                                                                <li>\n                                <a href=\"https:\/\/novare.se\/\" class=\"alt\">\n                                    Novare                                <\/a>\n                            <\/li>\n                            \n\t\t\t                                        <li>\n                                <a href=\"https:\/\/novare.se\/tech\/\" class=\"alt\">\n                                                                            Tech                                                                    <\/a>\n                            <\/li>\n\t\t\t                                    <li><span class=\"alt\">Rekryteringsprocess<\/span><\/li>\n                    <\/ul>\n                <\/div>\n            <\/div>\n        <\/div>\n\t<\/div>\n<\/div>        <\/div>\n    \n    <\/section>\n\n\n<section id=\"one-column-text-block-block_124c493d34b170b7283421aaeb1e841c\" class=\"block one-column-text-block  m-b bg-default\">\n    <div class=\"container\">\n        <div class=\"row row--middle\">\n                            <div class=\"row__col row__col--lg-8\">\n                    <div class=\"title-wrapper\" data-aos-anchor='#one-column-text-block-block_124c493d34b170b7283421aaeb1e841c'data-aos='fade-up'data-aos-easing='ease-in-out-sine'data-aos-duration='500'data-aos-delay='0'data-aos-once='true'data-aos-offset='250' >\n                        <h3 class=\"h4 m-0 text-left\">En partner genom <strong><i>hela rekryteringsprocessen<\/i><\/strong><\/h3>                    <\/div>\n                <\/div>\n                            \n                            <div class=\"row__col row__col--lg-8\" data-aos-anchor='#one-column-text-block-block_124c493d34b170b7283421aaeb1e841c'data-aos='fade-up'data-aos-easing='ease-in-out-sine'data-aos-duration='500'data-aos-delay='250'data-aos-once='true'data-aos-offset='250'>\n                    <p class=\"preamble m-0\">Organisationer har olika behov &#8211; ibland kr\u00e4vs st\u00f6d genom hela processen, ibland i utvalda delar. Oavsett omfattning agerar vi som ambassad\u00f6rer f\u00f6r v\u00e5ra uppdragsgivare och erbjuder ett r\u00e5dgivande, konsultativt st\u00f6d.<\/p>                <\/div>\n            \n                            <div class=\"row__col row__col--lg-8\" data-aos-anchor='#one-column-text-block-block_124c493d34b170b7283421aaeb1e841c'data-aos='fade-up'data-aos-easing='ease-in-out-sine'data-aos-duration='500'data-aos-delay='250'data-aos-once='true'data-aos-offset='250'>\n                    <div class=\"text-wrapper editor-content\">\n                        <p>F\u00f6rm\u00e5gan att attrahera och beh\u00e5lla talanger \u00e4r avg\u00f6rande f\u00f6r att n\u00e5 aff\u00e4rsm\u00e5l och driva utveckling fram\u00e5t. V\u00e5rt m\u00e5l \u00e4r att hitta och rekrytera de mest l\u00e4mpade specialisterna inom IT och Tech &#8211; personer som bidrar med b\u00e5de kompetens och engagemang.<\/p>\n<p>Vi arbetar kompetensbaserat och datadrivet genom hela rekryteringsprocessen. Det inneb\u00e4r att vi agerar r\u00e5dgivande och faktabaserat utifr\u00e5n den data och insikt vi samlar in. Genom att finnas i r\u00e4tt forum, n\u00e4tverk och sammanhang h\u00e5ller vi oss st\u00e4ndigt uppdaterade om marknaden. Vi arbetar proaktivt, utvecklar v\u00e5rt kandidatn\u00e4tverk och f\u00f6ljer trender inom branschen &#8211; allt f\u00f6r att s\u00e4kerst\u00e4lla att vi hittar r\u00e4tt personer till r\u00e4tt roller.<\/p>\n                    <\/div>\n                <\/div>\n                            \n            \n                    <\/div>\n    <\/div>\n<\/section>\n\n<section id=\"title-and-text-block_00ca4e140eee37b733c6127cdae3f836\" class=\"block title-and-text  m-b\">\n\t<div class=\"container\">\n\t\t<div class=\"row bg-off-white\">\n\t\t\t<div class=\"row__col row__col--lg-4\">\n\t\t\t\t                    <div class=\"title-wrapper\"  >\n                        <h3 class=\"h4 text-left\">V\u00e5r <strong><i>rekryteringsprocess<\/i><\/strong><\/h3>                    <\/div>\n                                    \t\t\t<\/div>\n\t\t\t<div class=\"row__col row__col--lg-8 content\">\n\t\t\t\t                    <div class=\"preamble-wrapper\"  >\n                        <p class=\"preamble\">Oavsett om ni beh\u00f6ver hj\u00e4lp med hela processen eller en del av den, finns vi h\u00e4r.<\/p>                    <\/div>\n\t\t\t\t\n\t\t\t\t\t\t\t\t\t<div class=\"text-wrapper editor-content\"  >\n\t\t\t\t\t\t<h6>Behovsanalys och kravprofil<\/h6>\n<p>Vi inleder varje uppdrag med att tr\u00e4ffa rekryteringsteamet och andra relevanta intressenter. Syftet \u00e4r att skapa en djup f\u00f6rst\u00e5else f\u00f6r bakgrunden till rekryteringsbehovet, f\u00f6rv\u00e4ntningarna p\u00e5 rollen och de f\u00f6ruts\u00e4ttningar som g\u00e4ller. Vi \u00e4r konsultativa och bidrar med v\u00e5r branscherfarenhet och kompetens inom tech.<\/p>\n<p>&nbsp;<\/p>\n<h6>Annonsering (vid behov)<\/h6>\n<p>Vid behov kompletterar vi search-arbetet med annonsering i relevanta digitala kanaler. Detta sker i n\u00e4ra samarbete med uppdragsgivarens rekryteringsteam och kommunikationsavdelning f\u00f6r att s\u00e4kerst\u00e4lla r\u00e4tt tonalitet och r\u00e4ckvidd.<\/p>\n<p>&nbsp;<\/p>\n<h6>S\u00f6karbete<\/h6>\n<p>Ut\u00f6ver annonsering genomf\u00f6r vi en kartl\u00e4ggning av relevanta branscher och omr\u00e5den. Vi drar nytta av Novares breda n\u00e4tverk och v\u00e5rt kontinuerliga arbete med omv\u00e4rldsbevakning. V\u00e5ra researcher, samlar in och analyserar b\u00e5de kvalitativ och kvantitativ talangdata f\u00f6r att identifiera de mest aktuella kandidaterna.<\/p>\n<p>&nbsp;<\/p>\n<h6>Kvalitetss\u00e4kring<\/h6>\n<p>Kandidaternas kompetens och l\u00e4mplighet verifieras genom intervjuer samt eventuella arbetspsykologiska tester, f\u00e4rdighetstester, referenser, bakgrundskontroller och strukturerade intervjuer. Tillsammans med uppdragsgivaren utformar vi en process och metodik som \u00e4r anpassad f\u00f6r den aktuella rollen.<\/p>\n<p>&nbsp;<\/p>\n<h6>Anst\u00e4llning och uppf\u00f6ljning<\/h6>\n<p>Vi finns med som r\u00e5dgivande och st\u00f6ttande partner genom hela processen &#8211; \u00e4ven i dialogen med slutkandidaten kring l\u00f6n och villkor. Efter att kandidaten b\u00f6rjat sin nya tj\u00e4nst f\u00f6ljer vi upp vid tv\u00e5 tillf\u00e4llen, b\u00e5de med kandidaten och den rekryterande chefen. Syftet \u00e4r att s\u00e4kerst\u00e4lla en bra start och l\u00e5ngsiktig matchning. Vi arbetar coachande, l\u00f6sningsfokuserat och v\u00e4lkomnar alltid feedback.<\/p>\n\t\t\t\t\t<\/div>\n                    \t\t\t\t\t\n\n\t\t\t\t\n\t\t\t\t\t\t\t<\/div>\n\t\t<\/div>\n\t<\/div>\n<\/section>\n\n<section id=\"contact-persons-block_bc24190e190b212d691cb3d1b46dd747\" class=\"block contact-persons  m-b\">\n    <div class=\"container\">\n        <div class=\"row\">\n            <div class=\"row__col row__col--lg-12\">\n                <div class=\"contact-persons--wrapper bg-primary\">\n                    <div class=\"contact-persons--wrapper--content\" >\n                                                    <div class=\"header-wrapper\" >\n                                <h4 class=\"h4 text-left\"><strong><i>Vill du veta mer?<\/i><\/strong><\/h4>                            <\/div>\n                        \n                                                    <div class=\"text-wrapper\">\n                                <h4>H\u00f6r av dig!<\/h4>\n                            <\/div>\n                        \n                                                                                                <\/div>\n                    <div class=\"contact-persons--wrapper--people\">\n                                                                                    <div class=\"contact-person\" data-aos-anchor='#contact-persons-block_bc24190e190b212d691cb3d1b46dd747'data-aos='fade-right'data-aos-easing='ease-in-out-sine'data-aos-duration='500'data-aos-delay='0'data-aos-once='true'data-aos-offset='250' >\n                                    <div class=\"contact-person--image\">\n                                        <img loading=\"lazy\" decoding=\"async\" width=\"360\" height=\"258\" src=\"https:\/\/novare.se\/tech\/wp-content\/uploads\/sites\/9\/2024\/04\/Mitra_Frost_Tiny-360x258.jpg\" class=\"attachment-medium size-medium\" alt=\"Kvinna sitter, b\u00e4r svart kl\u00e4dsel, neutralt beige bakgrund.\" srcset=\"https:\/\/novare.se\/tech\/wp-content\/uploads\/sites\/9\/2024\/04\/Mitra_Frost_Tiny-360x258.jpg 360w, https:\/\/novare.se\/tech\/wp-content\/uploads\/sites\/9\/2024\/04\/Mitra_Frost_Tiny.jpg 670w\" sizes=\"(max-width: 360px) 100vw, 360px\" \/>                                    <\/div>\n                                    <div class=\"contact-person--details\">\n                                        <div class=\"name-wrapper\">\n                                            <a href=\"https:\/\/novare.se\/tech\/medarbetare\/mitra-frost\/\">Mitra Frost<\/a>\n                                        <\/div>\n                                        <div class=\"title-wrapper\">\n                                            <p>Vd och Partner<\/p>\n                                        <\/div>\n                                        <div class=\"email-wrapper\">\n                                            <a href=\"mailto:mitra.frost@novare.se\">mitra.frost@novare.se<\/a>\n                                        <\/div>\n                                        <div class=\"phone-wrapper\">\n                                            <a href=\"tel:+46736409239\">+46 736 40 92 39<\/a>\n                                        <\/div>\n                                    <\/div>\n                                <\/div>\n                                                    <\/div>\n                <\/div>\n            <\/div>\n        <\/div>\n    <\/div>\n<\/section>\n\n\n<section id=\"faq-block-block_21f50c2accaee17b42d2c9ec83ff4171\" class=\"block faq-block  m-b bg-default\">\n    <div class=\"container\">\n        <div class=\"row\">\n            <div class=\"row__col row__col--lg-6\" data-aos-anchor='#faq-block-block_21f50c2accaee17b42d2c9ec83ff4171'data-aos='fade-up'data-aos-easing='ease-in-out-sine'data-aos-duration='500'data-aos-delay='0'data-aos-once='true'data-aos-offset='250' >\n                <img loading=\"lazy\" decoding=\"async\" width=\"899\" height=\"1024\" src=\"https:\/\/novare.se\/tech\/wp-content\/uploads\/sites\/9\/2025\/01\/kontor-dator-899x1024.jpg\" class=\"media-item\" alt=\"En kille som sitter och jobbar vid datorn.\" srcset=\"https:\/\/novare.se\/tech\/wp-content\/uploads\/sites\/9\/2025\/01\/kontor-dator-899x1024.jpg 899w, https:\/\/novare.se\/tech\/wp-content\/uploads\/sites\/9\/2025\/01\/kontor-dator-316x360.jpg 316w, https:\/\/novare.se\/tech\/wp-content\/uploads\/sites\/9\/2025\/01\/kontor-dator-768x875.jpg 768w, https:\/\/novare.se\/tech\/wp-content\/uploads\/sites\/9\/2025\/01\/kontor-dator-1349x1536.jpg 1349w, https:\/\/novare.se\/tech\/wp-content\/uploads\/sites\/9\/2025\/01\/kontor-dator.jpg 1728w\" sizes=\"(max-width: 899px) 100vw, 899px\" \/>            <\/div>\n            \n            <div class=\"row__col row__col--lg-6\">\n                                    <div class=\"title-wrapper text-medium\" data-aos-anchor='#faq-block-block_21f50c2accaee17b42d2c9ec83ff4171'data-aos='fade-up'data-aos-easing='ease-in-out-sine'data-aos-duration='500'data-aos-delay='300'data-aos-once='true'data-aos-offset='250' >\n                        <h2 class=\"h3 text-left\">Vanliga fr\u00e5gor om v\u00e5r <i><strong>rekryteringsprocess<\/strong><\/i><\/h2>                    <\/div>\n                                                    \n                                    <div class=\"accordion\">\n                                                    <div class=\"accordion-item\" data-aos-anchor='#faq-block-block_21f50c2accaee17b42d2c9ec83ff4171'data-aos='fade-right'data-aos-easing='ease-in-out-sine'data-aos-duration='500'data-aos-delay='1000'data-aos-once='true'data-aos-offset='250' >\n                                <div class=\"accordion-header\">\n                                    <span class=\"question\">Hur \u00e4r en rekryteringsprocess inom tech uppbyggd?<\/span>\n                                    <i class=\"fa fa-plus\"><\/i><i class=\"fa fa-minus hidden\"><\/i>\n                                <\/div>\n                                <div class=\"accordion-content\" style=\"display: none;\">\n                                    <span class=\"separator\"><\/span>\n                                    En rekryteringsprocess inom tech best\u00e5r av tydliga steg fr\u00e5n behovsanalys och kravprofil till search, urval, intervjuer och slutlig tills\u00e4ttning, med fokus p\u00e5 b\u00e5de teknisk kompetens och teammatchning.                                <\/div>\n                            <\/div>\n                                                        <div class=\"accordion-item\" data-aos-anchor='#faq-block-block_21f50c2accaee17b42d2c9ec83ff4171'data-aos='fade-right'data-aos-easing='ease-in-out-sine'data-aos-duration='500'data-aos-delay='1250'data-aos-once='true'data-aos-offset='250' >\n                                <div class=\"accordion-header\">\n                                    <span class=\"question\">Vad skiljer en rekryteringsprocess inom tech fr\u00e5n andra processer?<\/span>\n                                    <i class=\"fa fa-plus\"><\/i><i class=\"fa fa-minus hidden\"><\/i>\n                                <\/div>\n                                <div class=\"accordion-content\" style=\"display: none;\">\n                                    <span class=\"separator\"><\/span>\n                                    Rekryteringsprocesser inom tech kr\u00e4ver djupare f\u00f6rst\u00e5else f\u00f6r tekniska roller, arbetss\u00e4tt och systemmilj\u00f6er, d\u00e4r b\u00e5de specialistkunskap och probleml\u00f6sningsf\u00f6rm\u00e5ga \u00e4r avg\u00f6rande.                                <\/div>\n                            <\/div>\n                                                        <div class=\"accordion-item\" data-aos-anchor='#faq-block-block_21f50c2accaee17b42d2c9ec83ff4171'data-aos='fade-right'data-aos-easing='ease-in-out-sine'data-aos-duration='500'data-aos-delay='1500'data-aos-once='true'data-aos-offset='250' >\n                                <div class=\"accordion-header\">\n                                    <span class=\"question\">Hur s\u00e4kerst\u00e4lls kvalitet i en rekryteringsprocess inom tech?<\/span>\n                                    <i class=\"fa fa-plus\"><\/i><i class=\"fa fa-minus hidden\"><\/i>\n                                <\/div>\n                                <div class=\"accordion-content\" style=\"display: none;\">\n                                    <span class=\"separator\"><\/span>\n                                    Kvalitet s\u00e4kerst\u00e4lls genom strukturerade intervjuer, tydliga bed\u00f6mningskriterier och kontinuerlig dialog kring uppdragets tekniska och aff\u00e4rsm\u00e4ssiga krav.                                <\/div>\n                            <\/div>\n                                                        <div class=\"accordion-item\" data-aos-anchor='#faq-block-block_21f50c2accaee17b42d2c9ec83ff4171'data-aos='fade-right'data-aos-easing='ease-in-out-sine'data-aos-duration='500'data-aos-delay='1750'data-aos-once='true'data-aos-offset='250' >\n                                <div class=\"accordion-header\">\n                                    <span class=\"question\">Hur anpassas rekryteringsprocessen efter olika techroller?<\/span>\n                                    <i class=\"fa fa-plus\"><\/i><i class=\"fa fa-minus hidden\"><\/i>\n                                <\/div>\n                                <div class=\"accordion-content\" style=\"display: none;\">\n                                    <span class=\"separator\"><\/span>\n                                    Rekryteringsprocessen anpassas efter rollens senioritet, tekniska komplexitet och organisationens behov, exempelvis genom olika niv\u00e5er av teknisk bed\u00f6mning och urval.                                <\/div>\n                            <\/div>\n                                                        <div class=\"accordion-item\" data-aos-anchor='#faq-block-block_21f50c2accaee17b42d2c9ec83ff4171'data-aos='fade-right'data-aos-easing='ease-in-out-sine'data-aos-duration='500'data-aos-delay='2000'data-aos-once='true'data-aos-offset='250' >\n                                <div class=\"accordion-header\">\n                                    <span class=\"question\">N\u00e4r \u00e4r det s\u00e4rskilt viktigt med en strukturerad rekryteringsprocess inom tech?<\/span>\n                                    <i class=\"fa fa-plus\"><\/i><i class=\"fa fa-minus hidden\"><\/i>\n                                <\/div>\n                                <div class=\"accordion-content\" style=\"display: none;\">\n                                    <span class=\"separator\"><\/span>\n                                    En strukturerad rekryteringsprocess \u00e4r s\u00e4rskilt viktig vid sv\u00e5rrekryterade roller, snabbr\u00f6rliga tillv\u00e4xtfaser eller n\u00e4r felrekrytering kan f\u00e5 stor p\u00e5verkan p\u00e5 verksamheten.                                <\/div>\n                            <\/div>\n                                                <\/div>\n                            <\/div>\n        <\/div>\n    <\/div>\n<\/section>\n","protected":false},"excerpt":{"rendered":"","protected":false},"author":4,"featured_media":0,"parent":0,"menu_order":0,"comment_status":"closed","ping_status":"closed","template":"","meta":{"_acf_changed":false,"_seopress_robots_primary_cat":"","_seopress_titles_title":"Rekryteringsprocess med kvalitetss\u00e4kring - novare.se","_seopress_titles_desc":"V\u00e5rt m\u00e5l \u00e4r att rekrytera de b\u00e4sta och mest l\u00e4mpade specialisterna inom IT och Tech.","_seopress_robots_index":"","inline_featured_image":false,"footnotes":""},"class_list":["post-310","page","type-page","status-publish","hentry"],"acf":[],"_links":{"self":[{"href":"https:\/\/novare.se\/tech\/wp-json\/wp\/v2\/pages\/310","targetHints":{"allow":["GET"]}}],"collection":[{"href":"https:\/\/novare.se\/tech\/wp-json\/wp\/v2\/pages"}],"about":[{"href":"https:\/\/novare.se\/tech\/wp-json\/wp\/v2\/types\/page"}],"author":[{"embeddable":true,"href":"https:\/\/novare.se\/tech\/wp-json\/wp\/v2\/users\/4"}],"replies":[{"embeddable":true,"href":"https:\/\/novare.se\/tech\/wp-json\/wp\/v2\/comments?post=310"}],"version-history":[{"count":47,"href":"https:\/\/novare.se\/tech\/wp-json\/wp\/v2\/pages\/310\/revisions"}],"predecessor-version":[{"id":1718,"href":"https:\/\/novare.se\/tech\/wp-json\/wp\/v2\/pages\/310\/revisions\/1718"}],"wp:attachment":[{"href":"https:\/\/novare.se\/tech\/wp-json\/wp\/v2\/media?parent=310"}],"curies":[{"name":"wp","href":"https:\/\/api.w.org\/{rel}","templated":true}]}}