{"id":304,"date":"2024-05-21T14:56:54","date_gmt":"2024-05-21T14:56:54","guid":{"rendered":"https:\/\/novare.se\/tech\/?page_id=304"},"modified":"2026-02-18T15:06:10","modified_gmt":"2026-02-18T15:06:10","slug":"interimstjanster","status":"publish","type":"page","link":"https:\/\/novare.se\/tech\/interimstjanster\/","title":{"rendered":"Interimstj\u00e4nster"},"content":{"rendered":"<section id=\"hero-3-block_fc8861a698e012fef5095eb2289603c6\" class=\"block hero-3  m-b \">\n    <div class=\"hero-3--top-section bg-primary\">\n                    <div class=\"bg-backdrop\">\n                <div class=\"bg-backdrop--inner\"><\/div>\n            <\/div>\n                <div class=\"container\">\n            <div class=\"row\">\n                <div class=\"row__col\">\n                    <div class=\"text-img-wrapper\">\n                        <div class=\"text-col\" >\n                                                                \n                                <div class=\"title-wrapper\" >\n                                    <h1 class=\"h3 text-left\">Interimstj\u00e4nster <strong><i>inom Tech<\/i><\/strong><\/h1>                                <\/div>\n                                                            \n                            \n                                                            <div class=\"text-wrapper\" >\n                                    <p>Vi erbjuder flexibla interimsl\u00f6sningar f\u00f6r f\u00f6retag som beh\u00f6ver snabb tillg\u00e5ng till erfarna specialister inom tech.<\/p>\n                                <\/div>\n                                                            \n                                                            <div class='btn-wrapper'><div class=\"btn-element\" ><a class=\"btn btn--white\" href=\"https:\/\/novare.se\/tech\/kontakta-oss\/\"target=\"_self\">Kontakta oss<\/a><\/div><\/div>    \n                                                    <\/div>\n\n                                                    <div class=\"1622 HEROTHREEIMG img-col \"   >\n                            <img loading=\"lazy\" decoding=\"async\" width=\"1024\" height=\"1024\" src=\"https:\/\/novare.se\/tech\/wp-content\/uploads\/sites\/9\/2025\/10\/specialist_1080x10801-1024x1024.jpg\" class=\"attachment-large size-large\" alt=\"\" srcset=\"https:\/\/novare.se\/tech\/wp-content\/uploads\/sites\/9\/2025\/10\/specialist_1080x10801-1024x1024.jpg 1024w, https:\/\/novare.se\/tech\/wp-content\/uploads\/sites\/9\/2025\/10\/specialist_1080x10801-360x360.jpg 360w, https:\/\/novare.se\/tech\/wp-content\/uploads\/sites\/9\/2025\/10\/specialist_1080x10801-150x150.jpg 150w, https:\/\/novare.se\/tech\/wp-content\/uploads\/sites\/9\/2025\/10\/specialist_1080x10801-768x768.jpg 768w, https:\/\/novare.se\/tech\/wp-content\/uploads\/sites\/9\/2025\/10\/specialist_1080x10801.jpg 1080w\" sizes=\"(max-width: 1024px) 100vw, 1024px\" \/>                                \n                            <\/div>\n                                            <\/div>\n                <\/div>\n            <\/div>\n        <\/div>\n    <\/div>\n            <div class=\"hero-3--bottom-section \"  >\n        <div class=\"breadcrumbs dark-text\">\n\t<div class=\"container\">\n        <div class=\"row\">\n            <div class=\"row__col\">\n                <div class=\"breadcrumbs--inner\">\n                    <ul>\n                                                                                <li>\n                                <a href=\"https:\/\/novare.se\/\" class=\"alt\">\n                                    Novare                                <\/a>\n                            <\/li>\n                            \n\t\t\t                                        <li>\n                                <a href=\"https:\/\/novare.se\/tech\/\" class=\"alt\">\n                                                                            Tech                                                                    <\/a>\n                            <\/li>\n\t\t\t                                    <li><span class=\"alt\">Interimstj\u00e4nster<\/span><\/li>\n                    <\/ul>\n                <\/div>\n            <\/div>\n        <\/div>\n\t<\/div>\n<\/div>        <\/div>\n    \n    <section class=\"block share m-0\"><div class=\"container\"><div class=\"row social-share--container\"><div class=\"row__col social-share--label text-medium\">Share:<\/div><div class=\"row__col social-share--items\"><ul class=\"social-share-items\"><li><a href=\"mailto:?body=https%3A%2F%2Fnovare.se%2Ftech%2Finterimstjanster%2F\" target=\"_blank\" rel=\"noopener noreferrer\"><i class=\"fa-solid fa-envelope\"><\/i><\/a><\/li><li><a href=\"https:\/\/twitter.com\/intent\/tweet?text=Interimstj%C3%A4nster&#038;url=https%3A%2F%2Fnovare.se%2Ftech%2Finterimstjanster%2F&#038;via=WhistleB\" target=\"_blank\" rel=\"noopener noreferrer\"><i class=\"fa-brands fa-twitter\"><\/i><\/a><\/li><li><a href=\"https:\/\/www.linkedin.com\/shareArticle?mini=true&#038;url=https%3A%2F%2Fnovare.se%2Ftech%2Finterimstjanster%2F&#038;title=Interimstj%C3%A4nster\" target=\"_blank\" rel=\"noopener noreferrer\"><i class=\"fa-brands fa-linkedin-in\"><\/i><\/a><\/li><li><a href=\"https:\/\/www.facebook.com\/sharer\/sharer.php?u=https%3A%2F%2Fnovare.se%2Ftech%2Finterimstjanster%2F\" target=\"_blank\" rel=\"noopener noreferrer\"><i class=\"fa-brands fa-facebook-f\"><\/i><\/a><\/li><\/ul><\/div><\/div><\/div><\/section><\/section>\n\n\n<section id=\"one-column-text-block-block_47ae405b07f9d3ba2ea41a2453c4775b\" class=\"block one-column-text-block  m-b bg-default\">\n    <div class=\"container\">\n        <div class=\"row row--middle\">\n                            <div class=\"row__col row__col--lg-8\">\n                    <div class=\"title-wrapper\"  >\n                        <h3 class=\"h4 m-0 text-left\">Beh\u00f6ver ni <strong><i>tillf\u00e4llig f\u00f6rst\u00e4rkning?<\/i><\/strong><\/h3>                    <\/div>\n                <\/div>\n                            \n                            <div class=\"row__col row__col--lg-8\" >\n                    <p class=\"preamble m-0\">Ibland \u00e4r en snabb och flexibel interimsl\u00f6sning det b\u00e4sta steget fram\u00e5t &#8211; oavsett om det handlar om tillv\u00e4xt, f\u00f6r\u00e4ndring eller en ov\u00e4ntad situation.<\/p>                <\/div>\n            \n                            <div class=\"row__col row__col--lg-8\" >\n                    <div class=\"text-wrapper editor-content\">\n                        <p>N\u00e4r ni beh\u00f6ver en erfaren specialist som snabbt kan komma in och leverera \u00e4r en interimskonsult ofta den perfekta l\u00f6sningen. Det kan g\u00e4lla en period med h\u00f6g arbetsbelastning, ett vikariat eller ett tidsbegr\u00e4nsat projekt. Vi hj\u00e4lper er att hitta r\u00e4tt konsult &#8211; snabbt, s\u00e4kert och effektivt.<\/p>\n<p>&nbsp;<\/p>\n<h5>En behovsanpassad process<\/h5>\n<p>Vi inleder varje uppdrag med en noggrann kompetens- och behovsanalys f\u00f6r att f\u00f6rst\u00e5 ert nul\u00e4ge, era m\u00e5l och f\u00f6ruts\u00e4ttningar. D\u00e4refter matchar v\u00e5ra erfarna konsulter er med r\u00e4tt person, utifr\u00e5n b\u00e5de teknisk kompetens och kulturell passform.<\/p>\n<p>Genom att kombinera branschk\u00e4nnedom med personlig f\u00f6rst\u00e5else skapar vi l\u00e5ngsiktiga samarbeten d\u00e4r b\u00e5de konsult och uppdragsgivare lyckas. N\u00e4r motivation och m\u00e5l m\u00f6ts uppst\u00e5r de b\u00e4sta resultaten.<\/p>\n<p>&nbsp;<\/p>\n<h5>Trygghet genom erfarenhet<\/h5>\n<p>Tack vare Novares breda n\u00e4tverk och l\u00e5nga erfarenhet av kompetensf\u00f6rs\u00f6rjning har vi tillg\u00e5ng till ett stort antal seniora konsulter inom tech. Det ger oss flexibilitet, snabb leverans och h\u00f6g kvalitet.<\/p>\n<p>Alla konsulter kvalitetss\u00e4kras genom bakgrundskontroller innan avtalsskrivning. Vi hanterar hela processen &#8211; fr\u00e5n kontrakt och tidsrapportering till fakturering, och finns tillg\u00e4ngliga med r\u00e5dgivning och uppf\u00f6ljning genom hela uppdraget.<\/p>\n<p>&nbsp;<\/p>\n<p>Resultatet \u00e4r en smidig, trygg och framg\u00e5ngsrik interimsl\u00f6sning &#8211; fr\u00e5n start till avslut.<\/p>\n                    <\/div>\n                <\/div>\n                            \n            \n                    <\/div>\n    <\/div>\n<\/section>\n\n<section id=\"contact-persons-block_419645340db33a12757ce3d1c09cc27b\" class=\"block contact-persons  m-b\">\n    <div class=\"container\">\n        <div class=\"row\">\n            <div class=\"row__col row__col--lg-12\">\n                <div class=\"contact-persons--wrapper bg-primary\">\n                    <div class=\"contact-persons--wrapper--content\" >\n                                                    <div class=\"header-wrapper\" >\n                                <h4 class=\"h4 text-left\"><strong><i>Vill du veta mer?<\/i><\/strong><\/h4>                            <\/div>\n                        \n                                                    <div class=\"text-wrapper\">\n                                <h4>H\u00f6r av dig!<\/h4>\n                            <\/div>\n                        \n                                                                                                <\/div>\n                    <div class=\"contact-persons--wrapper--people\">\n                                                                                    <div class=\"contact-person\" data-aos-anchor='#contact-persons-block_419645340db33a12757ce3d1c09cc27b'data-aos='fade-right'data-aos-easing='ease-in-out-sine'data-aos-duration='500'data-aos-delay='0'data-aos-once='true'data-aos-offset='250' >\n                                    <div class=\"contact-person--image\">\n                                        <img loading=\"lazy\" decoding=\"async\" width=\"360\" height=\"258\" src=\"https:\/\/novare.se\/tech\/wp-content\/uploads\/sites\/9\/2024\/04\/Mitra_Frost_Tiny-360x258.jpg\" class=\"attachment-medium size-medium\" alt=\"Kvinna sitter, b\u00e4r svart kl\u00e4dsel, neutralt beige bakgrund.\" srcset=\"https:\/\/novare.se\/tech\/wp-content\/uploads\/sites\/9\/2024\/04\/Mitra_Frost_Tiny-360x258.jpg 360w, https:\/\/novare.se\/tech\/wp-content\/uploads\/sites\/9\/2024\/04\/Mitra_Frost_Tiny.jpg 670w\" sizes=\"(max-width: 360px) 100vw, 360px\" \/>                                    <\/div>\n                                    <div class=\"contact-person--details\">\n                                        <div class=\"name-wrapper\">\n                                            <a href=\"https:\/\/novare.se\/tech\/medarbetare\/mitra-frost\/\">Mitra Frost<\/a>\n                                        <\/div>\n                                        <div class=\"title-wrapper\">\n                                            <p>Vd och Partner<\/p>\n                                        <\/div>\n                                        <div class=\"email-wrapper\">\n                                            <a href=\"mailto:mitra.frost@novare.se\">mitra.frost@novare.se<\/a>\n                                        <\/div>\n                                        <div class=\"phone-wrapper\">\n                                            <a href=\"tel:+46736409239\">+46 736 40 92 39<\/a>\n                                        <\/div>\n                                    <\/div>\n                                <\/div>\n                                                    <\/div>\n                <\/div>\n            <\/div>\n        <\/div>\n    <\/div>\n<\/section>\n\n\n<section id=\"faq-block-block_cd4ffa00a2757322d1221e89676c7f2e\" class=\"block faq-block  m-b bg-default\">\n    <div class=\"container\">\n        <div class=\"row\">\n            <div class=\"row__col row__col--lg-6\" data-aos-anchor='#faq-block-block_cd4ffa00a2757322d1221e89676c7f2e'data-aos='fade-up'data-aos-easing='ease-in-out-sine'data-aos-duration='500'data-aos-delay='0'data-aos-once='true'data-aos-offset='250' >\n                <img loading=\"lazy\" decoding=\"async\" width=\"1024\" height=\"945\" src=\"https:\/\/novare.se\/tech\/wp-content\/uploads\/sites\/9\/2024\/06\/Novare_sma23_webb-1024x945.jpg\" class=\"media-item\" alt=\"Tv\u00e5 personer samtalar p\u00e5 balkong med kaffekopp, stadsbakgrund.\" srcset=\"https:\/\/novare.se\/tech\/wp-content\/uploads\/sites\/9\/2024\/06\/Novare_sma23_webb-1024x945.jpg 1024w, https:\/\/novare.se\/tech\/wp-content\/uploads\/sites\/9\/2024\/06\/Novare_sma23_webb-360x332.jpg 360w, https:\/\/novare.se\/tech\/wp-content\/uploads\/sites\/9\/2024\/06\/Novare_sma23_webb-768x709.jpg 768w, https:\/\/novare.se\/tech\/wp-content\/uploads\/sites\/9\/2024\/06\/Novare_sma23_webb.jpg 1300w\" sizes=\"(max-width: 1024px) 100vw, 1024px\" \/>            <\/div>\n            \n            <div class=\"row__col row__col--lg-6\">\n                                    <div class=\"title-wrapper text-medium\" data-aos-anchor='#faq-block-block_cd4ffa00a2757322d1221e89676c7f2e'data-aos='fade-up'data-aos-easing='ease-in-out-sine'data-aos-duration='500'data-aos-delay='300'data-aos-once='true'data-aos-offset='250' >\n                        <h2 class=\"h3 text-left\">Vanliga fr\u00e5gor om <i><strong>interimstj\u00e4nster<\/strong><\/i><\/h2>                    <\/div>\n                                                    \n                                    <div class=\"accordion\">\n                                                    <div class=\"accordion-item\" data-aos-anchor='#faq-block-block_cd4ffa00a2757322d1221e89676c7f2e'data-aos='fade-right'data-aos-easing='ease-in-out-sine'data-aos-duration='500'data-aos-delay='1000'data-aos-once='true'data-aos-offset='250' >\n                                <div class=\"accordion-header\">\n                                    <span class=\"question\">N\u00e4r \u00e4r interimstj\u00e4nster inom tech r\u00e4tt l\u00f6sning?<\/span>\n                                    <i class=\"fa fa-plus\"><\/i><i class=\"fa fa-minus hidden\"><\/i>\n                                <\/div>\n                                <div class=\"accordion-content\" style=\"display: none;\">\n                                    <span class=\"separator\"><\/span>\n                                    Interimstj\u00e4nster \u00e4r ett bra alternativ n\u00e4r organisationen snabbt beh\u00f6ver f\u00f6rst\u00e4rka med specialistkompetens, till exempel vid f\u00f6r\u00e4ndringsarbete, tillv\u00e4xt, tillf\u00e4lliga vakanser eller kritiska projekt d\u00e4r tid och r\u00e4tt erfarenhet \u00e4r avg\u00f6rande.                                <\/div>\n                            <\/div>\n                                                        <div class=\"accordion-item\" data-aos-anchor='#faq-block-block_cd4ffa00a2757322d1221e89676c7f2e'data-aos='fade-right'data-aos-easing='ease-in-out-sine'data-aos-duration='500'data-aos-delay='1250'data-aos-once='true'data-aos-offset='250' >\n                                <div class=\"accordion-header\">\n                                    <span class=\"question\">Hur snabbt kan en interimskonsult inom tech vara p\u00e5 plats?<\/span>\n                                    <i class=\"fa fa-plus\"><\/i><i class=\"fa fa-minus hidden\"><\/i>\n                                <\/div>\n                                <div class=\"accordion-content\" style=\"display: none;\">\n                                    <span class=\"separator\"><\/span>\n                                    I m\u00e5nga fall kan en interimskonsult tills\u00e4ttas inom n\u00e5gra dagar. Tack vare ett upparbetat n\u00e4tverk av erfarna specialister och en effektiv process g\u00e5r det snabbt att identifiera och matcha r\u00e4tt kompetens utifr\u00e5n uppdragets behov.                                <\/div>\n                            <\/div>\n                                                        <div class=\"accordion-item\" data-aos-anchor='#faq-block-block_cd4ffa00a2757322d1221e89676c7f2e'data-aos='fade-right'data-aos-easing='ease-in-out-sine'data-aos-duration='500'data-aos-delay='1500'data-aos-once='true'data-aos-offset='250' >\n                                <div class=\"accordion-header\">\n                                    <span class=\"question\">Vilka typer av uppdrag l\u00e4mpar sig f\u00f6r interimstj\u00e4nster inom tech?<\/span>\n                                    <i class=\"fa fa-plus\"><\/i><i class=\"fa fa-minus hidden\"><\/i>\n                                <\/div>\n                                <div class=\"accordion-content\" style=\"display: none;\">\n                                    <span class=\"separator\"><\/span>\n                                    Interimstj\u00e4nster passar s\u00e4rskilt bra f\u00f6r uppdrag d\u00e4r det kr\u00e4vs operativ erfarenhet fr\u00e5n dag ett, till exempel ledande roller, specialistuppdrag eller projekt kopplade till digital utveckling, systemf\u00f6r\u00e4ndringar eller teknisk omst\u00e4llning.                                <\/div>\n                            <\/div>\n                                                        <div class=\"accordion-item\" data-aos-anchor='#faq-block-block_cd4ffa00a2757322d1221e89676c7f2e'data-aos='fade-right'data-aos-easing='ease-in-out-sine'data-aos-duration='500'data-aos-delay='1750'data-aos-once='true'data-aos-offset='250' >\n                                <div class=\"accordion-header\">\n                                    <span class=\"question\">Hur s\u00e4kerst\u00e4lls att r\u00e4tt kompetens matchas till uppdraget?<\/span>\n                                    <i class=\"fa fa-plus\"><\/i><i class=\"fa fa-minus hidden\"><\/i>\n                                <\/div>\n                                <div class=\"accordion-content\" style=\"display: none;\">\n                                    <span class=\"separator\"><\/span>\n                                    Matchningen baseras p\u00e5 en tydlig behovsanalys d\u00e4r b\u00e5de uppdragets krav och organisationens kontext beaktas. Fokus ligger p\u00e5 relevant erfarenhet, teknisk kompetens och f\u00f6rm\u00e5ga att snabbt komma in och skapa v\u00e4rde i uppdraget.                                <\/div>\n                            <\/div>\n                                                        <div class=\"accordion-item\" data-aos-anchor='#faq-block-block_cd4ffa00a2757322d1221e89676c7f2e'data-aos='fade-right'data-aos-easing='ease-in-out-sine'data-aos-duration='500'data-aos-delay='2000'data-aos-once='true'data-aos-offset='250' >\n                                <div class=\"accordion-header\">\n                                    <span class=\"question\">Vad skiljer interimstj\u00e4nster fr\u00e5n traditionell rekrytering inom tech?<\/span>\n                                    <i class=\"fa fa-plus\"><\/i><i class=\"fa fa-minus hidden\"><\/i>\n                                <\/div>\n                                <div class=\"accordion-content\" style=\"display: none;\">\n                                    <span class=\"separator\"><\/span>\n                                    Interimstj\u00e4nster handlar om tillf\u00e4llig f\u00f6rst\u00e4rkning med f\u00e4rdig kompetens, snarare \u00e4n en l\u00e5ngsiktig anst\u00e4llning. Det g\u00f6r l\u00f6sningen flexibel och effektiv n\u00e4r behovet \u00e4r tidsbegr\u00e4nsat eller n\u00e4r organisationen st\u00e5r inf\u00f6r f\u00f6r\u00e4ndring och beh\u00f6ver snabb effekt.                                <\/div>\n                            <\/div>\n                                                <\/div>\n                            <\/div>\n        <\/div>\n    <\/div>\n<\/section>\n","protected":false},"excerpt":{"rendered":"","protected":false},"author":4,"featured_media":0,"parent":0,"menu_order":0,"comment_status":"closed","ping_status":"closed","template":"","meta":{"_acf_changed":false,"_seopress_robots_primary_cat":"","_seopress_titles_title":"Interimstj\u00e4nster Tech och IT - novare.se","_seopress_titles_desc":"Beh\u00f6ver ni tillf\u00e4llig f\u00f6rst\u00e4rkning under en period? Ibland \u00e4r agila och snabba interimsl\u00f6sningar det b\u00e4sta s\u00e4ttet fram\u00e5t. Kontakta oss p\u00e5 Novare Tech!","_seopress_robots_index":"","inline_featured_image":false,"footnotes":""},"class_list":["post-304","page","type-page","status-publish","hentry"],"acf":[],"_links":{"self":[{"href":"https:\/\/novare.se\/tech\/wp-json\/wp\/v2\/pages\/304","targetHints":{"allow":["GET"]}}],"collection":[{"href":"https:\/\/novare.se\/tech\/wp-json\/wp\/v2\/pages"}],"about":[{"href":"https:\/\/novare.se\/tech\/wp-json\/wp\/v2\/types\/page"}],"author":[{"embeddable":true,"href":"https:\/\/novare.se\/tech\/wp-json\/wp\/v2\/users\/4"}],"replies":[{"embeddable":true,"href":"https:\/\/novare.se\/tech\/wp-json\/wp\/v2\/comments?post=304"}],"version-history":[{"count":47,"href":"https:\/\/novare.se\/tech\/wp-json\/wp\/v2\/pages\/304\/revisions"}],"predecessor-version":[{"id":1721,"href":"https:\/\/novare.se\/tech\/wp-json\/wp\/v2\/pages\/304\/revisions\/1721"}],"wp:attachment":[{"href":"https:\/\/novare.se\/tech\/wp-json\/wp\/v2\/media?parent=304"}],"curies":[{"name":"wp","href":"https:\/\/api.w.org\/{rel}","templated":true}]}}