{"id":296,"date":"2024-05-21T14:47:02","date_gmt":"2024-05-21T14:47:02","guid":{"rendered":"https:\/\/novare.se\/tech\/?page_id=296"},"modified":"2024-06-20T09:39:14","modified_gmt":"2024-06-20T09:39:14","slug":"specialistrekrytering","status":"publish","type":"page","link":"https:\/\/novare.se\/tech\/specialistrekrytering\/","title":{"rendered":"Specialistrekrytering"},"content":{"rendered":"<section id=\"hero-3-block_25b7f55ece78026c72434fb844084a93\" class=\"block hero-3  m-b \">\n    <div class=\"hero-3--top-section bg-primary\">\n                    <div class=\"bg-backdrop\">\n                <div class=\"bg-backdrop--inner\"><\/div>\n            <\/div>\n                <div class=\"container\">\n            <div class=\"row\">\n                <div class=\"row__col\">\n                    <div class=\"text-img-wrapper\">\n                        <div class=\"text-col\" >\n                                                                \n                                <div class=\"title-wrapper\" >\n                                    <h1 class=\"h3 text-left\">Specialistrekrytering<\/h1>                                <\/div>\n                                                            \n                            \n                            \n                                                            <div class='btn-wrapper'><div class=\"btn-element\" ><a class=\"btn btn--white\" href=\"https:\/\/novare.se\/tech\/kontakta-oss\/\"target=\"_self\">Kontakta oss<\/a><\/div><\/div>    \n                                                    <\/div>\n\n                                                    <div class=\"39 HEROTHREEIMG img-col \"   >\n                            <img loading=\"lazy\" decoding=\"async\" width=\"625\" height=\"761\" src=\"https:\/\/novare.se\/tech\/wp-content\/uploads\/sites\/9\/2024\/03\/img-text.png\" class=\"attachment-large size-large\" alt=\"Tv\u00e5 personer tittar p\u00e5 en b\u00e4rbar dator, st\u00e5r inomhus.\" srcset=\"https:\/\/novare.se\/tech\/wp-content\/uploads\/sites\/9\/2024\/03\/img-text.png 625w, https:\/\/novare.se\/tech\/wp-content\/uploads\/sites\/9\/2024\/03\/img-text-296x360.png 296w\" sizes=\"(max-width: 625px) 100vw, 625px\" \/>                                \n                            <\/div>\n                                            <\/div>\n                <\/div>\n            <\/div>\n        <\/div>\n    <\/div>\n            <div class=\"hero-3--bottom-section \"  >\n        <div class=\"breadcrumbs dark-text\">\n\t<div class=\"container\">\n        <div class=\"row\">\n            <div class=\"row__col\">\n                <div class=\"breadcrumbs--inner\">\n                    <ul>\n                                                                                <li>\n                                <a href=\"https:\/\/novare.se\/\" class=\"alt\">\n                                    Novare                                <\/a>\n                            <\/li>\n                            \n\t\t\t                                        <li>\n                                <a href=\"https:\/\/novare.se\/tech\/\" class=\"alt\">\n                                                                            Tech                                                                    <\/a>\n                            <\/li>\n\t\t\t                                    <li><span class=\"alt\">Specialistrekrytering<\/span><\/li>\n                    <\/ul>\n                <\/div>\n            <\/div>\n        <\/div>\n\t<\/div>\n<\/div>        <\/div>\n    \n    <\/section>\n\n\n<section id=\"one-column-text-block-block_31653ff2d71a881e66c713202f67f556\" class=\"block one-column-text-block  m-b bg-default\">\n    <div class=\"container\">\n        <div class=\"row row--middle\">\n                            <div class=\"row__col row__col--lg-8\">\n                    <div class=\"title-wrapper\" data-aos-anchor='#one-column-text-block-block_31653ff2d71a881e66c713202f67f556'data-aos='fade-up'data-aos-easing='ease-in-out-sine'data-aos-duration='500'data-aos-delay='0'data-aos-once='true'data-aos-offset='250' >\n                        <h3 class=\"h4 m-0 text-left\">S\u00f6ker ni efter en samarbetspartner till en specialistrekrytering inom offentlig sektor eller IT-branschen? Vi hj\u00e4lper dig!   <\/h3>                    <\/div>\n                <\/div>\n                            \n            \n                            <div class=\"row__col row__col--lg-8\" data-aos-anchor='#one-column-text-block-block_31653ff2d71a881e66c713202f67f556'data-aos='fade-up'data-aos-easing='ease-in-out-sine'data-aos-duration='500'data-aos-delay='250'data-aos-once='true'data-aos-offset='250'>\n                    <div class=\"text-wrapper editor-content\">\n                        <p>Vi p\u00e5 Novare Public erbjuder rekryteringsl\u00f6sningar f\u00f6r dig som ska rekrytera specialister inom offentlig sektor samt inom IT och Tech till privat sektor. Vi ansvarar f\u00f6r hela rekryteringen eller erbjuder st\u00f6ttning i delar av den. Det kan inneb\u00e4ra att v\u00e5ra duktiga researchers arbetar med search som komplement till er process, eller hj\u00e4lper till med screening eller second opinion. De omr\u00e5den vi framf\u00f6rallt kan hj\u00e4lpa er inom \u00e4r HR, ekonomi, juridik, IT och Tech. Det g\u00f6r att vi \u00e4r en trygg rekryteringspartner som hj\u00e4lper er att identifiera de b\u00e4sta kandidaterna med r\u00e4tt kravprofil f\u00f6r ett tr\u00e4ffs\u00e4kert resultat.<\/p>\n<p>&nbsp;<\/p>\n<p>V\u00e5r expertis \u00e4r bred och str\u00e4cker sig \u00f6ver flera olika branscher och omr\u00e5den. Novares n\u00e4tverk \u00e4r oerh\u00f6rt starkt och vi \u00e4r m\u00e5na om att varje dag bygga personliga och l\u00e5ngsiktiga relationer med kunder och kandidater inom offentlig sektor, IT och Tech. Tack vare v\u00e5rt breda och djupa n\u00e4tverk och samarbetet mellan Novarebolagen kan vi snabbt och effektivt hitta r\u00e4tt kompetens som hj\u00e4lper er att bygga morgondagens l\u00f6sningar redan idag.<\/p>\n<p>Med v\u00e5r expertis och v\u00e5ra omfattande n\u00e4tverk \u00e4r vi er n\u00e4sta samarbetspartner f\u00f6r att hitta de b\u00e4sta specialisterna till er organisation.<\/p>\n                    <\/div>\n                <\/div>\n                            \n            \n                    <\/div>\n    <\/div>\n<\/section>\n\n<section id=\"logo-block-block_374880d00e60557e41a0798d48799477\" class=\"block logo-block  m-b has-bg-img \">\n\t\n\t<div class=\"container\">\n\t\t<div class=\"row row--middle bg-dark-blue-40-primary-40- bg-opacity-70\">\n\t\t\t<div class=\"overlay overlay--image\" \n\t\t\tstyle=\"background-image: url(https:\/\/novare.se\/tech\/wp-content\/uploads\/sites\/9\/2024\/06\/Novare18_1600x800-e1736970710201.jpg);\">\n\t\t\t\t<div class=\"overlay overlay--color bg-dark-blue-40-primary-40- bg-opacity-70\"><\/div>\n\t\t\t<\/div>\n\t\t\t<div class=\"row__col header\">\n\t\t\t\t                \t<div class=\"title-wrapper\">\n                \t    <h3 class=\"h3 text-center\">Vi har tidigare jobbat med:<\/h3>                \t<\/div>\n\n\t\t\t\t\t\t\n                \t\t\t<\/div>\n\t\t\t<div class=\"row__col logo--container\">\n\t\t\t\t\t\t\t\t\t<div class=\"row row--middle\">\n\t\t\t\t\t\t\t\t\t\t\t\t\t<div class=\"row__col logo \"\n                                 data-aos-delay-xs=\"0\"\n                                 data-aos-delay-sm=\"0\"\n                                 data-aos-delay-md=\"0\"\n                                 data-aos-delay-lg=\"0\"\n                                 data-aos-delay-xl=\"0\"\n                                data-aos-anchor='#logo-block-block_374880d00e60557e41a0798d48799477'data-aos='zoom-in'data-aos-easing='ease-in-out-sine'data-aos-duration='500'data-aos-delay='0'data-aos-once='true'data-aos-offset='250'>\n\t\t\t\t\t\t\t\t<img loading=\"lazy\" decoding=\"async\" width=\"1041\" height=\"1182\" src=\"https:\/\/novare.se\/tech\/wp-content\/uploads\/sites\/9\/2024\/06\/scb_logotyp_vit_stor.png\" class=\"attachment-full size-full\" alt=\"Stora bokst\u00e4ver &quot;SCB&quot; mot gr\u00f6n bakgrund.\" srcset=\"https:\/\/novare.se\/tech\/wp-content\/uploads\/sites\/9\/2024\/06\/scb_logotyp_vit_stor.png 1041w, https:\/\/novare.se\/tech\/wp-content\/uploads\/sites\/9\/2024\/06\/scb_logotyp_vit_stor-317x360.png 317w, https:\/\/novare.se\/tech\/wp-content\/uploads\/sites\/9\/2024\/06\/scb_logotyp_vit_stor-902x1024.png 902w, https:\/\/novare.se\/tech\/wp-content\/uploads\/sites\/9\/2024\/06\/scb_logotyp_vit_stor-768x872.png 768w\" sizes=\"(max-width: 1041px) 100vw, 1041px\" \/>\t\t\t\t\t\t\t<\/div>\n\t\t\t\t\t\t\t\t\t\t\t\t\t\t\t\t\t\t\t<div class=\"row__col logo \"\n                                 data-aos-delay-xs=\"0\"\n                                 data-aos-delay-sm=\"0\"\n                                 data-aos-delay-md=\"0\"\n                                 data-aos-delay-lg=\"0\"\n                                 data-aos-delay-xl=\"0\"\n                                data-aos-anchor='#logo-block-block_374880d00e60557e41a0798d48799477'data-aos='zoom-in'data-aos-easing='ease-in-out-sine'data-aos-duration='500'data-aos-delay='0'data-aos-once='true'data-aos-offset='250'>\n\t\t\t\t\t\t\t\t<img loading=\"lazy\" decoding=\"async\" width=\"1920\" height=\"294\" src=\"https:\/\/novare.se\/tech\/wp-content\/uploads\/sites\/9\/2024\/06\/logotypeTopHires.png\" class=\"attachment-full size-full\" alt=\"Texten &quot;LANTM\u00c4TERIET&quot; ovanf\u00f6r svart-r\u00f6d-vit m\u00e4tst\u00e5ngslinje.\" srcset=\"https:\/\/novare.se\/tech\/wp-content\/uploads\/sites\/9\/2024\/06\/logotypeTopHires.png 1920w, https:\/\/novare.se\/tech\/wp-content\/uploads\/sites\/9\/2024\/06\/logotypeTopHires-360x55.png 360w, https:\/\/novare.se\/tech\/wp-content\/uploads\/sites\/9\/2024\/06\/logotypeTopHires-1024x157.png 1024w, https:\/\/novare.se\/tech\/wp-content\/uploads\/sites\/9\/2024\/06\/logotypeTopHires-768x118.png 768w, https:\/\/novare.se\/tech\/wp-content\/uploads\/sites\/9\/2024\/06\/logotypeTopHires-1536x235.png 1536w\" sizes=\"(max-width: 1920px) 100vw, 1920px\" \/>\t\t\t\t\t\t\t<\/div>\n\t\t\t\t\t\t\t\t\t\t\t\t\t\t\t\t\t\t\t<div class=\"row__col logo \"\n                                 data-aos-delay-xs=\"400\"\n                                 data-aos-delay-sm=\"400\"\n                                 data-aos-delay-md=\"400\"\n                                 data-aos-delay-lg=\"0\"\n                                 data-aos-delay-xl=\"0\"\n                                data-aos-anchor='#logo-block-block_374880d00e60557e41a0798d48799477'data-aos='zoom-in'data-aos-easing='ease-in-out-sine'data-aos-duration='500'data-aos-delay='0'data-aos-once='true'data-aos-offset='250'>\n\t\t\t\t\t\t\t\t<img loading=\"lazy\" decoding=\"async\" width=\"718\" height=\"224\" src=\"https:\/\/novare.se\/tech\/wp-content\/uploads\/sites\/9\/2024\/06\/agv_logo_color.png\" class=\"attachment-full size-full\" alt=\"Logotyp med texten &quot;Arbetsgivarverket ARBETSGIVARORGANISATIONEN F\u00d6R STATLIGA ARBETSGIVARE&quot;.\" srcset=\"https:\/\/novare.se\/tech\/wp-content\/uploads\/sites\/9\/2024\/06\/agv_logo_color.png 718w, https:\/\/novare.se\/tech\/wp-content\/uploads\/sites\/9\/2024\/06\/agv_logo_color-360x112.png 360w\" sizes=\"(max-width: 718px) 100vw, 718px\" \/>\t\t\t\t\t\t\t<\/div>\n\t\t\t\t\t\t\t\t\t\t\t\t\t\t\t\t\t\t\t<div class=\"row__col logo \"\n                                 data-aos-delay-xs=\"400\"\n                                 data-aos-delay-sm=\"400\"\n                                 data-aos-delay-md=\"400\"\n                                 data-aos-delay-lg=\"0\"\n                                 data-aos-delay-xl=\"0\"\n                                data-aos-anchor='#logo-block-block_374880d00e60557e41a0798d48799477'data-aos='zoom-in'data-aos-easing='ease-in-out-sine'data-aos-duration='500'data-aos-delay='0'data-aos-once='true'data-aos-offset='250'>\n\t\t\t\t\t\t\t\t<img loading=\"lazy\" decoding=\"async\" width=\"1490\" height=\"539\" src=\"https:\/\/novare.se\/tech\/wp-content\/uploads\/sites\/9\/2024\/06\/Uppsala_kommun_Logo_White_RGB.png\" class=\"attachment-full size-full\" alt=\"Heraldisk symbol visar lejon, texten &quot;Uppsala kommun&quot;.\" srcset=\"https:\/\/novare.se\/tech\/wp-content\/uploads\/sites\/9\/2024\/06\/Uppsala_kommun_Logo_White_RGB.png 1490w, https:\/\/novare.se\/tech\/wp-content\/uploads\/sites\/9\/2024\/06\/Uppsala_kommun_Logo_White_RGB-360x130.png 360w, https:\/\/novare.se\/tech\/wp-content\/uploads\/sites\/9\/2024\/06\/Uppsala_kommun_Logo_White_RGB-1024x370.png 1024w, https:\/\/novare.se\/tech\/wp-content\/uploads\/sites\/9\/2024\/06\/Uppsala_kommun_Logo_White_RGB-768x278.png 768w\" sizes=\"(max-width: 1490px) 100vw, 1490px\" \/>\t\t\t\t\t\t\t<\/div>\n\t\t\t\t\t\t\t\t\t\t\t\t\t\t\t\t\t<\/div>\n\t\t\t\t\t\n\n\t\t\t\t\t\t\t<\/div>\n\t\t<\/div>\n\t<\/div>\n<\/section>\n\n<section id=\"contact-persons-block_d474299bd4e4e86c4873b3f863b39305\" class=\"block contact-persons  m-b\">\n    <div class=\"container\">\n        <div class=\"row\">\n            <div class=\"row__col row__col--lg-12\">\n                <div class=\"contact-persons--wrapper bg-off-white\">\n                    <div class=\"contact-persons--wrapper--content\" >\n                                                    <div class=\"header-wrapper\" >\n                                <h3 class=\"h3 text-left\">Vill du veta mer? <strong><i>H\u00f6r av dig!<\/i><\/strong><\/h3>                            <\/div>\n                        \n                        \n                                                                                                <\/div>\n                    <div class=\"contact-persons--wrapper--people\">\n                                                                                    <div class=\"contact-person\" data-aos-anchor='#contact-persons-block_d474299bd4e4e86c4873b3f863b39305'data-aos='fade-right'data-aos-easing='ease-in-out-sine'data-aos-duration='500'data-aos-delay='0'data-aos-once='true'data-aos-offset='250' >\n                                    <div class=\"contact-person--image\">\n                                        <img loading=\"lazy\" decoding=\"async\" width=\"360\" height=\"258\" src=\"https:\/\/novare.se\/tech\/wp-content\/uploads\/sites\/9\/2024\/04\/Mitra_Frost_Tiny-360x258.jpg\" class=\"attachment-medium size-medium\" alt=\"Kvinna sitter, b\u00e4r svart kl\u00e4dsel, neutralt beige bakgrund.\" srcset=\"https:\/\/novare.se\/tech\/wp-content\/uploads\/sites\/9\/2024\/04\/Mitra_Frost_Tiny-360x258.jpg 360w, https:\/\/novare.se\/tech\/wp-content\/uploads\/sites\/9\/2024\/04\/Mitra_Frost_Tiny.jpg 670w\" sizes=\"(max-width: 360px) 100vw, 360px\" \/>                                    <\/div>\n                                    <div class=\"contact-person--details\">\n                                        <div class=\"name-wrapper\">\n                                            <a href=\"https:\/\/novare.se\/tech\/medarbetare\/mitra-frost\/\">Mitra Frost<\/a>\n                                        <\/div>\n                                        <div class=\"title-wrapper\">\n                                            <p>Vd och Partner<\/p>\n                                        <\/div>\n                                        <div class=\"email-wrapper\">\n                                            <a href=\"mailto:mitra.frost@novare.se\">mitra.frost@novare.se<\/a>\n                                        <\/div>\n                                        <div class=\"phone-wrapper\">\n                                            <a href=\"tel:+46736409239\">+46 736 40 92 39<\/a>\n                                        <\/div>\n                                    <\/div>\n                                <\/div>\n                                                    <\/div>\n                <\/div>\n            <\/div>\n        <\/div>\n    <\/div>\n<\/section>\n\n\n<section id=\"faq-block-block_ea63830f15901db3ee48f9c0a15d624b\" class=\"block faq-block  m-b bg-default\">\n    <div class=\"container\">\n        <div class=\"row\">\n            <div class=\"row__col row__col--lg-6\" data-aos-anchor='#faq-block-block_ea63830f15901db3ee48f9c0a15d624b'data-aos='fade-up'data-aos-easing='ease-in-out-sine'data-aos-duration='500'data-aos-delay='0'data-aos-once='true'data-aos-offset='250' >\n                <img loading=\"lazy\" decoding=\"async\" width=\"1024\" height=\"945\" src=\"https:\/\/novare.se\/tech\/wp-content\/uploads\/sites\/9\/2024\/06\/Novare_sma09_webb-1024x945.jpg\" class=\"media-item\" alt=\"Tre personer samtalar utomhus i vinterkl\u00e4der.\" srcset=\"https:\/\/novare.se\/tech\/wp-content\/uploads\/sites\/9\/2024\/06\/Novare_sma09_webb-1024x945.jpg 1024w, https:\/\/novare.se\/tech\/wp-content\/uploads\/sites\/9\/2024\/06\/Novare_sma09_webb-360x332.jpg 360w, https:\/\/novare.se\/tech\/wp-content\/uploads\/sites\/9\/2024\/06\/Novare_sma09_webb-768x709.jpg 768w, https:\/\/novare.se\/tech\/wp-content\/uploads\/sites\/9\/2024\/06\/Novare_sma09_webb.jpg 1300w\" sizes=\"(max-width: 1024px) 100vw, 1024px\" \/>            <\/div>\n            \n            <div class=\"row__col row__col--lg-6\">\n                                    <div class=\"title-wrapper text-medium\" data-aos-anchor='#faq-block-block_ea63830f15901db3ee48f9c0a15d624b'data-aos='fade-up'data-aos-easing='ease-in-out-sine'data-aos-duration='500'data-aos-delay='300'data-aos-once='true'data-aos-offset='250' >\n                        <h3 class=\"h3 text-left\"><strong>FAQ<\/strong><\/h3>                    <\/div>\n                                                                        <div class=\"text-wrapper editor-content\" data-aos-anchor='#faq-block-block_ea63830f15901db3ee48f9c0a15d624b'data-aos='fade-up'data-aos-easing='ease-in-out-sine'data-aos-duration='500'data-aos-delay='750'data-aos-once='true'data-aos-offset='250' >\n                        <p>H\u00e4r har vi samlat de vanligaste fr\u00e5gorna. Hittar du inte svaret du s\u00f6ker h\u00e4r, tveka inte att h\u00f6ra av dig till oss!<\/p>\n                    <\/div>\n                \n                                    <div class=\"accordion\">\n                                                    <div class=\"accordion-item\" data-aos-anchor='#faq-block-block_ea63830f15901db3ee48f9c0a15d624b'data-aos='fade-right'data-aos-easing='ease-in-out-sine'data-aos-duration='500'data-aos-delay='1000'data-aos-once='true'data-aos-offset='250' >\n                                <div class=\"accordion-header\">\n                                    <span class=\"question\">Hur g\u00e5r en rekrytering till hos er? \r\n<\/span>\n                                    <i class=\"fa fa-plus\"><\/i><i class=\"fa fa-minus hidden\"><\/i>\n                                <\/div>\n                                <div class=\"accordion-content\" style=\"display: none;\">\n                                    <span class=\"separator\"><\/span>\n                                    I alla Novare Publics rekryteringsuppdrag ing\u00e5r search eller en kartl\u00e4ggning av potentiella kandidater. F\u00f6r vissa roller r\u00e4cker det med v\u00e5ra publika annonser. Vid rekrytering av kompetens som efterfr\u00e5gas av m\u00e5nga, \u00e4r det framg\u00e5ngsrikt att kombinera med search. Vi uppmanar intresserade personer att s\u00f6ka tj\u00e4nsten formellt. Fr\u00e5n det steget omfattas kandidatens ans\u00f6kning av offentlighetsprincipen.\r\n                                <\/div>\n                            <\/div>\n                                                        <div class=\"accordion-item\" data-aos-anchor='#faq-block-block_ea63830f15901db3ee48f9c0a15d624b'data-aos='fade-right'data-aos-easing='ease-in-out-sine'data-aos-duration='500'data-aos-delay='1250'data-aos-once='true'data-aos-offset='250' >\n                                <div class=\"accordion-header\">\n                                    <span class=\"question\">Hur l\u00e5ng tid tar en rekryteringsprocess? \r\n<\/span>\n                                    <i class=\"fa fa-plus\"><\/i><i class=\"fa fa-minus hidden\"><\/i>\n                                <\/div>\n                                <div class=\"accordion-content\" style=\"display: none;\">\n                                    <span class=\"separator\"><\/span>\n                                    Hos oss tar en rekrytering mellan 2-6 m\u00e5nader beroende p\u00e5 rollens omfattning.                                 <\/div>\n                            <\/div>\n                                                        <div class=\"accordion-item\" data-aos-anchor='#faq-block-block_ea63830f15901db3ee48f9c0a15d624b'data-aos='fade-right'data-aos-easing='ease-in-out-sine'data-aos-duration='500'data-aos-delay='1500'data-aos-once='true'data-aos-offset='250' >\n                                <div class=\"accordion-header\">\n                                    <span class=\"question\">Hur arbetar Novare med j\u00e4mst\u00e4lldhet &#038; m\u00e5ngfald i era rekryteringsprocesser?<\/span>\n                                    <i class=\"fa fa-plus\"><\/i><i class=\"fa fa-minus hidden\"><\/i>\n                                <\/div>\n                                <div class=\"accordion-content\" style=\"display: none;\">\n                                    <span class=\"separator\"><\/span>\n                                    I v\u00e5ra rekryteringar s\u00e4kerst\u00e4ller vi att vi rekryterar utifr\u00e5n b\u00e5de ett j\u00e4mst\u00e4lldhets- och m\u00e5ngfaldsperspektiv. F\u00f6r att f\u00e5 in fler perspektiv i v\u00e5rt arbete har vi p\u00e5 Novare \u00e5terkommande utbildningar kring \u201cunconscious bias\u201d. F\u00f6r att \u00f6ka andelen kvinnliga kandidater i chefsrekryteringar drar vi nytta av Novaregruppens stora n\u00e4tverk av kvinnliga chefer. Vi har ocks\u00e5 alla m\u00f6jligheter att hitta personer med m\u00e5ngkulturell bakgrund tack vare v\u00e5rt systerbolag Novare Potential.                                <\/div>\n                            <\/div>\n                                                        <div class=\"accordion-item\" data-aos-anchor='#faq-block-block_ea63830f15901db3ee48f9c0a15d624b'data-aos='fade-right'data-aos-easing='ease-in-out-sine'data-aos-duration='500'data-aos-delay='1750'data-aos-once='true'data-aos-offset='250' >\n                                <div class=\"accordion-header\">\n                                    <span class=\"question\">Hur hittar ni kandidater som inte aktivt s\u00f6ker? <\/span>\n                                    <i class=\"fa fa-plus\"><\/i><i class=\"fa fa-minus hidden\"><\/i>\n                                <\/div>\n                                <div class=\"accordion-content\" style=\"display: none;\">\n                                    <span class=\"separator\"><\/span>\n                                    F\u00f6r att hitta kandidater som inte aktivt s\u00f6ker nya jobb anv\u00e4nder vi flera olika metoder. Vi p\u00e5 Novare har ett omfattande n\u00e4tverk av kunder och kandidater som vi fr\u00e5gar om r\u00e5d vid behov. Vi anv\u00e4nder oss \u00e4ven av v\u00e5r omfattande kandidatbank. Ut\u00f6ver det jobbar vi aktivt med LinkedIn och andra plattformar f\u00f6r att upps\u00f6ka kandidater.                                 <\/div>\n                            <\/div>\n                                                <\/div>\n                            <\/div>\n        <\/div>\n    <\/div>\n<\/section>\n","protected":false},"excerpt":{"rendered":"","protected":false},"author":4,"featured_media":0,"parent":0,"menu_order":0,"comment_status":"closed","ping_status":"closed","template":"","meta":{"_acf_changed":false,"_seopress_robots_primary_cat":"","_seopress_titles_title":"Specialistrekrytering offentlig sektor och IT - novare.se","_seopress_titles_desc":"Novare Public erbjuder specialistrekrytering inom offentlig sektor och IT. Vi matchar r\u00e4tt kandidater med r\u00e4tt kravprofil. Kontakta oss idag!","_seopress_robots_index":"","inline_featured_image":false,"footnotes":""},"class_list":["post-296","page","type-page","status-publish","hentry"],"acf":[],"_links":{"self":[{"href":"https:\/\/novare.se\/tech\/wp-json\/wp\/v2\/pages\/296","targetHints":{"allow":["GET"]}}],"collection":[{"href":"https:\/\/novare.se\/tech\/wp-json\/wp\/v2\/pages"}],"about":[{"href":"https:\/\/novare.se\/tech\/wp-json\/wp\/v2\/types\/page"}],"author":[{"embeddable":true,"href":"https:\/\/novare.se\/tech\/wp-json\/wp\/v2\/users\/4"}],"replies":[{"embeddable":true,"href":"https:\/\/novare.se\/tech\/wp-json\/wp\/v2\/comments?post=296"}],"version-history":[{"count":15,"href":"https:\/\/novare.se\/tech\/wp-json\/wp\/v2\/pages\/296\/revisions"}],"predecessor-version":[{"id":711,"href":"https:\/\/novare.se\/tech\/wp-json\/wp\/v2\/pages\/296\/revisions\/711"}],"wp:attachment":[{"href":"https:\/\/novare.se\/tech\/wp-json\/wp\/v2\/media?parent=296"}],"curies":[{"name":"wp","href":"https:\/\/api.w.org\/{rel}","templated":true}]}}