{"id":87,"date":"2024-04-18T07:39:58","date_gmt":"2024-04-18T07:39:58","guid":{"rendered":"https:\/\/novare.se\/public\/?page_id=87"},"modified":"2026-02-18T15:10:30","modified_gmt":"2026-02-18T15:10:30","slug":"executive-search","status":"publish","type":"page","link":"https:\/\/novare.se\/public\/executive-search\/","title":{"rendered":"Executive Search"},"content":{"rendered":"<section id=\"hero-3-block_b9eea97a8936d1afe122909cf490c1ed\" class=\"block hero-3  m-b \">\n    <div class=\"hero-3--top-section bg-primary\">\n                    <div class=\"bg-backdrop\">\n                <div class=\"bg-backdrop--inner\"><\/div>\n            <\/div>\n                <div class=\"container\">\n            <div class=\"row\">\n                <div class=\"row__col\">\n                    <div class=\"text-img-wrapper\">\n                        <div class=\"text-col\" >\n                                                                \n                                <div class=\"title-wrapper\" >\n                                    <h1 class=\"h3 text-left\">Executive Search <strong><i>inom offentlig sektor<\/i><\/strong><\/h1>                                <\/div>\n                                                            \n                            \n                                                            <div class=\"text-wrapper\" >\n                                    <p>Vi hittar ledare som skapar v\u00e4rde i offentlig sektor. Genom v\u00e5r erfarenhet och v\u00e5rt n\u00e4tverk hittar vi r\u00e4tt person f\u00f6r varje uppdrag.<\/p>\n                                <\/div>\n                                                            \n                                                            <div class='btn-wrapper'><div class=\"btn-element\" ><a class=\"btn btn--white\" href=\"https:\/\/novare.se\/public\/kontakta-oss\/\"target=\"_self\">Kontakta oss<\/a><\/div><\/div>    \n                                                    <\/div>\n\n                                                    <div class=\"1423 HEROTHREEIMG img-col \"   >\n                            <img loading=\"lazy\" decoding=\"async\" width=\"1024\" height=\"1024\" src=\"https:\/\/novare.se\/public\/wp-content\/uploads\/sites\/6\/2025\/10\/specialist_1080x10801-1024x1024.jpg\" class=\"attachment-large size-large\" alt=\"\" srcset=\"https:\/\/novare.se\/public\/wp-content\/uploads\/sites\/6\/2025\/10\/specialist_1080x10801-1024x1024.jpg 1024w, https:\/\/novare.se\/public\/wp-content\/uploads\/sites\/6\/2025\/10\/specialist_1080x10801-360x360.jpg 360w, https:\/\/novare.se\/public\/wp-content\/uploads\/sites\/6\/2025\/10\/specialist_1080x10801-150x150.jpg 150w, https:\/\/novare.se\/public\/wp-content\/uploads\/sites\/6\/2025\/10\/specialist_1080x10801-768x768.jpg 768w, https:\/\/novare.se\/public\/wp-content\/uploads\/sites\/6\/2025\/10\/specialist_1080x10801.jpg 1080w\" sizes=\"(max-width: 1024px) 100vw, 1024px\" \/>                                \n                            <\/div>\n                                            <\/div>\n                <\/div>\n            <\/div>\n        <\/div>\n    <\/div>\n            <div class=\"hero-3--bottom-section \"  >\n        <div class=\"breadcrumbs dark-text\">\n\t<div class=\"container\">\n        <div class=\"row\">\n            <div class=\"row__col\">\n                <div class=\"breadcrumbs--inner\">\n                    <ul>\n                                                                                <li>\n                                <a href=\"https:\/\/novare.se\/\" class=\"alt\">\n                                    Novare                                <\/a>\n                            <\/li>\n                            \n\t\t\t                                        <li>\n                                <a href=\"https:\/\/novare.se\/public\/\" class=\"alt\">\n                                                                            Novare Public                                                                    <\/a>\n                            <\/li>\n\t\t\t                                    <li><span class=\"alt\">Executive Search<\/span><\/li>\n                    <\/ul>\n                <\/div>\n            <\/div>\n        <\/div>\n\t<\/div>\n<\/div>        <\/div>\n    \n    <\/section>\n\n\n<section id=\"one-column-text-block-block_bfedf4fcba81099a21c5da6cf96ff040\" class=\"block one-column-text-block  m-b bg-default\">\n    <div class=\"container\">\n        <div class=\"row row--middle\">\n                            <div class=\"row__col row__col--lg-8\">\n                    <div class=\"title-wrapper\" data-aos-anchor='#one-column-text-block-block_bfedf4fcba81099a21c5da6cf96ff040'data-aos='fade-up'data-aos-easing='ease-in-out-sine'data-aos-duration='500'data-aos-delay='0'data-aos-once='true'data-aos-offset='250' >\n                        <h3 class=\"h4 m-0 text-left\">En p\u00e5litlig partner <strong><i>inom Executive Search<\/i><\/strong><\/h3>                    <\/div>\n                <\/div>\n                            \n                            <div class=\"row__col row__col--lg-8\" data-aos-anchor='#one-column-text-block-block_bfedf4fcba81099a21c5da6cf96ff040'data-aos='fade-up'data-aos-easing='ease-in-out-sine'data-aos-duration='500'data-aos-delay='250'data-aos-once='true'data-aos-offset='250'>\n                    <p class=\"preamble m-0\">P\u00e5 Novare Public str\u00e4var vi efter att erbjuda en effektiv, kundfokuserad och personlig approach f\u00f6r att hitta r\u00e4tt ledare f\u00f6r morgondagens utmaningar.<br \/>\r\n<\/p>                <\/div>\n            \n                            <div class=\"row__col row__col--lg-8\" data-aos-anchor='#one-column-text-block-block_bfedf4fcba81099a21c5da6cf96ff040'data-aos='fade-up'data-aos-easing='ease-in-out-sine'data-aos-duration='500'data-aos-delay='250'data-aos-once='true'data-aos-offset='250'>\n                    <div class=\"text-wrapper editor-content\">\n                        <p>Vi erbjuder executive search som en del av din rekrytering &#8211; antingen integrerat i hela processen eller som en frist\u00e5ende tj\u00e4nst. Executive search \u00e4r ett av de mest utmanande omr\u00e5dena inom rekrytering, eftersom de kandidater som efters\u00f6ks s\u00e4llan \u00e4r aktivt p\u00e5 jakt efter sitt n\u00e4sta steg. F\u00f6r att lyckas kr\u00e4vs r\u00e4tt metoder, starka n\u00e4tverk och h\u00f6g professionalism.<\/p>\n<p>&nbsp;<\/p>\n<p>Vi p\u00e5 Novare Public \u00e4r experter inom offentlig sektor och har ett omfattande n\u00e4tverk inom de flesta kompetensomr\u00e5den. Novaregruppen best\u00e5r av sju bolag som samverkar t\u00e4tt f\u00f6r att skapa ett helt\u00e4ckande erbjudande p\u00e5 marknaden. En stor styrka \u00e4r v\u00e5r kandidatdatabas med \u00f6ver 250 000 kandidater fr\u00e5n olika branscher, positioner och geografier. N\u00e4r vi kontaktar kandidater anv\u00e4nder vi flera olika kanaler och anpassar alltid v\u00e5r metodik efter tj\u00e4nstens krav och m\u00e5lgrupp.<\/p>\n<p>&nbsp;<\/p>\n<p>F\u00f6r att en executive search ska bli framg\u00e5ngsrik kr\u00e4vs f\u00f6rtroende och f\u00f6rst\u00e5else. Innan vi p\u00e5b\u00f6rjar en process s\u00e4kerst\u00e4ller vi d\u00e4rf\u00f6r att vi f\u00f6rst\u00e5r er organisations behov, utmaningar och m\u00e5l. Vi anpassar v\u00e5rt tillv\u00e4gag\u00e5ngss\u00e4tt efter varje kund och uppdrag, med struktur, professionalism och kundn\u00e4rhet som v\u00e5ra grundprinciper. N\u00e4r vi m\u00f6ter utmaningar hittar vi nya v\u00e4gar fram\u00e5t, och under processen utmanar vi b\u00e5de oss sj\u00e4lva och v\u00e5ra kunder f\u00f6r att forts\u00e4tta utvecklas och t\u00e4nka nytt.<\/p>\n                    <\/div>\n                <\/div>\n                            \n            \n                    <\/div>\n    <\/div>\n<\/section>\n\n<section id=\"contact-persons-block_687d1414b7a2ae93e07ee227706abab6\" class=\"block contact-persons  m-b\">\n    <div class=\"container\">\n        <div class=\"row\">\n            <div class=\"row__col row__col--lg-12\">\n                <div class=\"contact-persons--wrapper bg-off-white\">\n                    <div class=\"contact-persons--wrapper--content\" >\n                                                    <div class=\"header-wrapper\" >\n                                <h4 class=\"h4 text-left\"><strong><i>Vill du veta mer?<\/i><\/strong><\/h4>                            <\/div>\n                        \n                                                    <div class=\"text-wrapper\">\n                                <h4>H\u00f6r av dig!<\/h4>\n                            <\/div>\n                        \n                                                                                                <\/div>\n                    <div class=\"contact-persons--wrapper--people\">\n                                                                                    <div class=\"contact-person\" data-aos-anchor='#contact-persons-block_687d1414b7a2ae93e07ee227706abab6'data-aos='fade-right'data-aos-easing='ease-in-out-sine'data-aos-duration='500'data-aos-delay='0'data-aos-once='true'data-aos-offset='250' >\n                                    <div class=\"contact-person--image\">\n                                        <img loading=\"lazy\" decoding=\"async\" width=\"360\" height=\"258\" src=\"https:\/\/novare.se\/public\/wp-content\/uploads\/sites\/6\/2024\/04\/Mitra_Frost_Tiny-360x258.jpg\" class=\"attachment-medium size-medium\" alt=\"Kvinna sitter, b\u00e4r svart kl\u00e4dsel, neutralt beige bakgrund.\" srcset=\"https:\/\/novare.se\/public\/wp-content\/uploads\/sites\/6\/2024\/04\/Mitra_Frost_Tiny-360x258.jpg 360w, https:\/\/novare.se\/public\/wp-content\/uploads\/sites\/6\/2024\/04\/Mitra_Frost_Tiny.jpg 670w\" sizes=\"(max-width: 360px) 100vw, 360px\" \/>                                    <\/div>\n                                    <div class=\"contact-person--details\">\n                                        <div class=\"name-wrapper\">\n                                            <a href=\"https:\/\/novare.se\/public\/medarbetare\/mitra-frost\/\">Mitra Frost<\/a>\n                                        <\/div>\n                                        <div class=\"title-wrapper\">\n                                            <p>Vd och Partner<\/p>\n                                        <\/div>\n                                        <div class=\"email-wrapper\">\n                                            <a href=\"mailto:mitra.frost@novare.se\">mitra.frost@novare.se<\/a>\n                                        <\/div>\n                                        <div class=\"phone-wrapper\">\n                                            <a href=\"tel:+46736409239\">+46 736 40 92 39<\/a>\n                                        <\/div>\n                                    <\/div>\n                                <\/div>\n                                                    <\/div>\n                <\/div>\n            <\/div>\n        <\/div>\n    <\/div>\n<\/section>\n\n\n<section id=\"logo-block-block_4ebf6a4c8484bd3980d97c40670617ab\" class=\"block logo-block  m-b \">\n\t\n\t<div class=\"container\">\n\t\t<div class=\"row row--middle bg-secondary bg-opacity-70\">\n\t\t\t<div class=\"overlay overlay--image\" \n\t\t\t>\n\t\t\t\t<div class=\"overlay overlay--color bg-secondary bg-opacity-70\"><\/div>\n\t\t\t<\/div>\n\t\t\t<div class=\"row__col header\">\n\t\t\t\t                \t<div class=\"title-wrapper\">\n                \t    <h3 class=\"h3 text-center\">Vi har tidigare jobbat med:<\/h3>                \t<\/div>\n\n\t\t\t\t\t\t\n                \t\t\t<\/div>\n\t\t\t<div class=\"row__col logo--container\">\n\t\t\t\t\t\t\t\t\t<div class=\"row row--middle\">\n\t\t\t\t\t\t\t\t\t\t\t\t\t<div class=\"row__col logo black\"\n                                 data-aos-delay-xs=\"0\"\n                                 data-aos-delay-sm=\"0\"\n                                 data-aos-delay-md=\"0\"\n                                 data-aos-delay-lg=\"0\"\n                                 data-aos-delay-xl=\"0\"\n                                data-aos-anchor='#logo-block-block_4ebf6a4c8484bd3980d97c40670617ab'data-aos='zoom-in'data-aos-easing='ease-in-out-sine'data-aos-duration='500'data-aos-delay='0'data-aos-once='true'data-aos-offset='250'>\n\t\t\t\t\t\t\t\t<img loading=\"lazy\" decoding=\"async\" width=\"1041\" height=\"1182\" src=\"https:\/\/novare.se\/public\/wp-content\/uploads\/sites\/6\/2024\/06\/scb_logotyp_vit_stor.png\" class=\"attachment-full size-full\" alt=\"Stora bokst\u00e4ver &quot;SCB&quot; mot gr\u00f6n bakgrund.\" srcset=\"https:\/\/novare.se\/public\/wp-content\/uploads\/sites\/6\/2024\/06\/scb_logotyp_vit_stor.png 1041w, https:\/\/novare.se\/public\/wp-content\/uploads\/sites\/6\/2024\/06\/scb_logotyp_vit_stor-317x360.png 317w, https:\/\/novare.se\/public\/wp-content\/uploads\/sites\/6\/2024\/06\/scb_logotyp_vit_stor-902x1024.png 902w, https:\/\/novare.se\/public\/wp-content\/uploads\/sites\/6\/2024\/06\/scb_logotyp_vit_stor-768x872.png 768w\" sizes=\"(max-width: 1041px) 100vw, 1041px\" \/>\t\t\t\t\t\t\t<\/div>\n\t\t\t\t\t\t\t\t\t\t\t\t\t\t\t\t\t\t\t<div class=\"row__col logo black\"\n                                 data-aos-delay-xs=\"0\"\n                                 data-aos-delay-sm=\"0\"\n                                 data-aos-delay-md=\"0\"\n                                 data-aos-delay-lg=\"0\"\n                                 data-aos-delay-xl=\"0\"\n                                data-aos-anchor='#logo-block-block_4ebf6a4c8484bd3980d97c40670617ab'data-aos='zoom-in'data-aos-easing='ease-in-out-sine'data-aos-duration='500'data-aos-delay='0'data-aos-once='true'data-aos-offset='250'>\n\t\t\t\t\t\t\t\t<img loading=\"lazy\" decoding=\"async\" width=\"1920\" height=\"294\" src=\"https:\/\/novare.se\/public\/wp-content\/uploads\/sites\/6\/2024\/06\/logotypeTopHires.png\" class=\"attachment-full size-full\" alt=\"Texten &quot;LANTM\u00c4TERIET&quot; ovanf\u00f6r svart-r\u00f6d-vit m\u00e4tst\u00e5ngslinje.\" srcset=\"https:\/\/novare.se\/public\/wp-content\/uploads\/sites\/6\/2024\/06\/logotypeTopHires.png 1920w, https:\/\/novare.se\/public\/wp-content\/uploads\/sites\/6\/2024\/06\/logotypeTopHires-360x55.png 360w, https:\/\/novare.se\/public\/wp-content\/uploads\/sites\/6\/2024\/06\/logotypeTopHires-1024x157.png 1024w, https:\/\/novare.se\/public\/wp-content\/uploads\/sites\/6\/2024\/06\/logotypeTopHires-768x118.png 768w, https:\/\/novare.se\/public\/wp-content\/uploads\/sites\/6\/2024\/06\/logotypeTopHires-1536x235.png 1536w\" sizes=\"(max-width: 1920px) 100vw, 1920px\" \/>\t\t\t\t\t\t\t<\/div>\n\t\t\t\t\t\t\t\t\t\t\t\t\t\t\t\t\t\t\t<div class=\"row__col logo black\"\n                                 data-aos-delay-xs=\"400\"\n                                 data-aos-delay-sm=\"400\"\n                                 data-aos-delay-md=\"400\"\n                                 data-aos-delay-lg=\"0\"\n                                 data-aos-delay-xl=\"0\"\n                                data-aos-anchor='#logo-block-block_4ebf6a4c8484bd3980d97c40670617ab'data-aos='zoom-in'data-aos-easing='ease-in-out-sine'data-aos-duration='500'data-aos-delay='0'data-aos-once='true'data-aos-offset='250'>\n\t\t\t\t\t\t\t\t<img loading=\"lazy\" decoding=\"async\" width=\"718\" height=\"224\" src=\"https:\/\/novare.se\/public\/wp-content\/uploads\/sites\/6\/2024\/06\/agv_logo_color.png\" class=\"attachment-full size-full\" alt=\"Logotyp med texten &quot;Arbetsgivarverket ARBETSGIVARORGANISATIONEN F\u00d6R STATLIGA ARBETSGIVARE&quot;.\" srcset=\"https:\/\/novare.se\/public\/wp-content\/uploads\/sites\/6\/2024\/06\/agv_logo_color.png 718w, https:\/\/novare.se\/public\/wp-content\/uploads\/sites\/6\/2024\/06\/agv_logo_color-360x112.png 360w\" sizes=\"(max-width: 718px) 100vw, 718px\" \/>\t\t\t\t\t\t\t<\/div>\n\t\t\t\t\t\t\t\t\t\t\t\t\t\t\t\t\t\t\t<div class=\"row__col logo black\"\n                                 data-aos-delay-xs=\"400\"\n                                 data-aos-delay-sm=\"400\"\n                                 data-aos-delay-md=\"400\"\n                                 data-aos-delay-lg=\"0\"\n                                 data-aos-delay-xl=\"0\"\n                                data-aos-anchor='#logo-block-block_4ebf6a4c8484bd3980d97c40670617ab'data-aos='zoom-in'data-aos-easing='ease-in-out-sine'data-aos-duration='500'data-aos-delay='0'data-aos-once='true'data-aos-offset='250'>\n\t\t\t\t\t\t\t\t<img loading=\"lazy\" decoding=\"async\" width=\"1490\" height=\"539\" src=\"https:\/\/novare.se\/public\/wp-content\/uploads\/sites\/6\/2024\/06\/Uppsala_kommun_Logo_White_RGB.png\" class=\"attachment-full size-full\" alt=\"Heraldisk symbol visar lejon, texten &quot;Uppsala kommun&quot;.\" srcset=\"https:\/\/novare.se\/public\/wp-content\/uploads\/sites\/6\/2024\/06\/Uppsala_kommun_Logo_White_RGB.png 1490w, https:\/\/novare.se\/public\/wp-content\/uploads\/sites\/6\/2024\/06\/Uppsala_kommun_Logo_White_RGB-360x130.png 360w, https:\/\/novare.se\/public\/wp-content\/uploads\/sites\/6\/2024\/06\/Uppsala_kommun_Logo_White_RGB-1024x370.png 1024w, https:\/\/novare.se\/public\/wp-content\/uploads\/sites\/6\/2024\/06\/Uppsala_kommun_Logo_White_RGB-768x278.png 768w\" sizes=\"(max-width: 1490px) 100vw, 1490px\" \/>\t\t\t\t\t\t\t<\/div>\n\t\t\t\t\t\t\t\t\t\t\t\t\t\t\t\t\t<\/div>\n\t\t\t\t\t\n\n\t\t\t\t\t\t\t<\/div>\n\t\t<\/div>\n\t<\/div>\n<\/section>\n\n<section id=\"faq-block-block_3c5d3a18bf3cf1fc87e9f3df2e719bd0\" class=\"block faq-block  m-b bg-default\">\n    <div class=\"container\">\n        <div class=\"row\">\n            <div class=\"row__col row__col--lg-6\" data-aos-anchor='#faq-block-block_3c5d3a18bf3cf1fc87e9f3df2e719bd0'data-aos='fade-up'data-aos-easing='ease-in-out-sine'data-aos-duration='500'data-aos-delay='0'data-aos-once='true'data-aos-offset='250' >\n                <img loading=\"lazy\" decoding=\"async\" width=\"1024\" height=\"945\" src=\"https:\/\/novare.se\/public\/wp-content\/uploads\/sites\/6\/2024\/06\/Novare_sma09_webb-1024x945.jpg\" class=\"media-item\" alt=\"Tre personer samtalar utomhus i vinterkl\u00e4der.\" srcset=\"https:\/\/novare.se\/public\/wp-content\/uploads\/sites\/6\/2024\/06\/Novare_sma09_webb-1024x945.jpg 1024w, https:\/\/novare.se\/public\/wp-content\/uploads\/sites\/6\/2024\/06\/Novare_sma09_webb-360x332.jpg 360w, https:\/\/novare.se\/public\/wp-content\/uploads\/sites\/6\/2024\/06\/Novare_sma09_webb-768x709.jpg 768w, https:\/\/novare.se\/public\/wp-content\/uploads\/sites\/6\/2024\/06\/Novare_sma09_webb.jpg 1300w\" sizes=\"(max-width: 1024px) 100vw, 1024px\" \/>            <\/div>\n            \n            <div class=\"row__col row__col--lg-6\">\n                                    <div class=\"title-wrapper text-medium\" data-aos-anchor='#faq-block-block_3c5d3a18bf3cf1fc87e9f3df2e719bd0'data-aos='fade-up'data-aos-easing='ease-in-out-sine'data-aos-duration='500'data-aos-delay='300'data-aos-once='true'data-aos-offset='250' >\n                        <h2 class=\"h3 text-left\">Vanliga fr\u00e5gor om <i><strong>executive search<\/strong><\/i><\/h2>                    <\/div>\n                                                    \n                                    <div class=\"accordion\">\n                                                    <div class=\"accordion-item\" data-aos-anchor='#faq-block-block_3c5d3a18bf3cf1fc87e9f3df2e719bd0'data-aos='fade-right'data-aos-easing='ease-in-out-sine'data-aos-duration='500'data-aos-delay='1000'data-aos-once='true'data-aos-offset='250' >\n                                <div class=\"accordion-header\">\n                                    <span class=\"question\">Hur arbetar vi med executive search inom offentlig sektor?<\/span>\n                                    <i class=\"fa fa-plus\"><\/i><i class=\"fa fa-minus hidden\"><\/i>\n                                <\/div>\n                                <div class=\"accordion-content\" style=\"display: none;\">\n                                    <span class=\"separator\"><\/span>\n                                    Vi arbetar strukturerat och l\u00e5ngsiktigt med executive search d\u00e4r vi kombinerar djup f\u00f6rst\u00e5else f\u00f6r offentlig verksamhet med metodisk search. Processen utg\u00e5r fr\u00e5n uppdragets kontext, styrning och samh\u00e4llsuppdrag f\u00f6r att s\u00e4kerst\u00e4lla r\u00e4tt ledarskap.                                <\/div>\n                            <\/div>\n                                                        <div class=\"accordion-item\" data-aos-anchor='#faq-block-block_3c5d3a18bf3cf1fc87e9f3df2e719bd0'data-aos='fade-right'data-aos-easing='ease-in-out-sine'data-aos-duration='500'data-aos-delay='1250'data-aos-once='true'data-aos-offset='250' >\n                                <div class=\"accordion-header\">\n                                    <span class=\"question\">Hur s\u00e4kerst\u00e4ller vi kvalitet och objektivitet i urvalet?<\/span>\n                                    <i class=\"fa fa-plus\"><\/i><i class=\"fa fa-minus hidden\"><\/i>\n                                <\/div>\n                                <div class=\"accordion-content\" style=\"display: none;\">\n                                    <span class=\"separator\"><\/span>\n                                    Vi anv\u00e4nder tydliga kravprofiler, kompetensbaserade intervjuer och flera bed\u00f6mningssteg. Det skapar transparens, minskar bias och s\u00e4kerst\u00e4ller ett sakligt och v\u00e4lgrundat beslutsunderlag.                                <\/div>\n                            <\/div>\n                                                        <div class=\"accordion-item\" data-aos-anchor='#faq-block-block_3c5d3a18bf3cf1fc87e9f3df2e719bd0'data-aos='fade-right'data-aos-easing='ease-in-out-sine'data-aos-duration='500'data-aos-delay='1500'data-aos-once='true'data-aos-offset='250' >\n                                <div class=\"accordion-header\">\n                                    <span class=\"question\">Hur arbetar vi med konfidentialitet i executive search-uppdrag?<\/span>\n                                    <i class=\"fa fa-plus\"><\/i><i class=\"fa fa-minus hidden\"><\/i>\n                                <\/div>\n                                <div class=\"accordion-content\" style=\"display: none;\">\n                                    <span class=\"separator\"><\/span>\n                                    Konfidentialitet \u00e4r en central del av v\u00e5rt arbetss\u00e4tt. Dialog f\u00f6rs diskret med b\u00e5de uppdragsgivare och kandidater, och information hanteras med stor varsamhet genom hela processen.                                <\/div>\n                            <\/div>\n                                                        <div class=\"accordion-item\" data-aos-anchor='#faq-block-block_3c5d3a18bf3cf1fc87e9f3df2e719bd0'data-aos='fade-right'data-aos-easing='ease-in-out-sine'data-aos-duration='500'data-aos-delay='1750'data-aos-once='true'data-aos-offset='250' >\n                                <div class=\"accordion-header\">\n                                    <span class=\"question\">Hur anpassar vi processen efter offentliga organisationers f\u00f6ruts\u00e4ttningar?<\/span>\n                                    <i class=\"fa fa-plus\"><\/i><i class=\"fa fa-minus hidden\"><\/i>\n                                <\/div>\n                                <div class=\"accordion-content\" style=\"display: none;\">\n                                    <span class=\"separator\"><\/span>\n                                    Vi anpassar process, tidplan och kommunikation efter g\u00e4llande regelverk, styrmodeller och beslutsv\u00e4gar. Det skapar trygghet och s\u00e4kerst\u00e4ller att rekryteringen fungerar i praktiken.                                <\/div>\n                            <\/div>\n                                                        <div class=\"accordion-item\" data-aos-anchor='#faq-block-block_3c5d3a18bf3cf1fc87e9f3df2e719bd0'data-aos='fade-right'data-aos-easing='ease-in-out-sine'data-aos-duration='500'data-aos-delay='2000'data-aos-once='true'data-aos-offset='250' >\n                                <div class=\"accordion-header\">\n                                    <span class=\"question\">Hur st\u00f6ttar vi uppdragsgivare genom hela executive search-processen?<\/span>\n                                    <i class=\"fa fa-plus\"><\/i><i class=\"fa fa-minus hidden\"><\/i>\n                                <\/div>\n                                <div class=\"accordion-content\" style=\"display: none;\">\n                                    <span class=\"separator\"><\/span>\n                                    Vi fungerar som en r\u00e5dgivande partner fr\u00e5n behovsanalys till tills\u00e4ttning och uppf\u00f6ljning. Under hela processen bidrar vi med struktur, marknadsinsikt och l\u00f6pande dialog f\u00f6r ett v\u00e4lgrundat slutbeslut.                                <\/div>\n                            <\/div>\n                                                <\/div>\n                            <\/div>\n        <\/div>\n    <\/div>\n<\/section>\n","protected":false},"excerpt":{"rendered":"","protected":false},"author":1,"featured_media":0,"parent":0,"menu_order":0,"comment_status":"closed","ping_status":"closed","template":"","meta":{"_acf_changed":false,"_seopress_robots_primary_cat":"","_seopress_titles_title":"Effektiv executive search f\u00f6r offentlig sektor - novare.se","_seopress_titles_desc":"Novare Public erbjuder expertis inom executive search f\u00f6r att hitta r\u00e4tt ledare. Vi skr\u00e4ddarsyr processer med fokus p\u00e5 offentlig sektor och kundbehov.","_seopress_robots_index":"","inline_featured_image":false,"footnotes":""},"class_list":["post-87","page","type-page","status-publish","hentry"],"acf":[],"_links":{"self":[{"href":"https:\/\/novare.se\/public\/wp-json\/wp\/v2\/pages\/87","targetHints":{"allow":["GET"]}}],"collection":[{"href":"https:\/\/novare.se\/public\/wp-json\/wp\/v2\/pages"}],"about":[{"href":"https:\/\/novare.se\/public\/wp-json\/wp\/v2\/types\/page"}],"author":[{"embeddable":true,"href":"https:\/\/novare.se\/public\/wp-json\/wp\/v2\/users\/1"}],"replies":[{"embeddable":true,"href":"https:\/\/novare.se\/public\/wp-json\/wp\/v2\/comments?post=87"}],"version-history":[{"count":52,"href":"https:\/\/novare.se\/public\/wp-json\/wp\/v2\/pages\/87\/revisions"}],"predecessor-version":[{"id":1571,"href":"https:\/\/novare.se\/public\/wp-json\/wp\/v2\/pages\/87\/revisions\/1571"}],"wp:attachment":[{"href":"https:\/\/novare.se\/public\/wp-json\/wp\/v2\/media?parent=87"}],"curies":[{"name":"wp","href":"https:\/\/api.w.org\/{rel}","templated":true}]}}