{"id":81,"date":"2024-04-18T07:26:16","date_gmt":"2024-04-18T07:26:16","guid":{"rendered":"https:\/\/novare.se\/public\/?page_id=81"},"modified":"2025-03-04T15:45:21","modified_gmt":"2025-03-04T15:45:21","slug":"nyheter","status":"publish","type":"page","link":"https:\/\/novare.se\/public\/nyheter\/","title":{"rendered":"Nyheter"},"content":{"rendered":"<section id=\"hero-3-block_c4895215751a5803300b7b65d34cb5f9\" class=\"block hero-3  m-b no-img \">\n    <div class=\"hero-3--top-section bg-primary\">\n                    <div class=\"bg-backdrop\">\n                <div class=\"bg-backdrop--inner\"><\/div>\n            <\/div>\n                <div class=\"container\">\n            <div class=\"row\">\n                <div class=\"row__col\">\n                    <div class=\"text-img-wrapper\">\n                        <div class=\"text-col\" >\n                                                                \n                                <div class=\"title-wrapper\" >\n                                    <h1 class=\"h1 text-left\">Nyheter<\/h1>                                <\/div>\n                                                            \n                            \n                            \n                                                    <\/div>\n\n                                            <\/div>\n                <\/div>\n            <\/div>\n        <\/div>\n    <\/div>\n            <div class=\"hero-3--bottom-section \"  >\n        <div class=\"breadcrumbs dark-text\">\n\t<div class=\"container\">\n        <div class=\"row\">\n            <div class=\"row__col\">\n                <div class=\"breadcrumbs--inner\">\n                    <ul>\n                                                                                <li>\n                                <a href=\"https:\/\/novare.se\/\" class=\"alt\">\n                                    Novare                                <\/a>\n                            <\/li>\n                            \n\t\t\t                                        <li>\n                                <a href=\"https:\/\/novare.se\/public\/\" class=\"alt\">\n                                                                            Novare Public                                                                    <\/a>\n                            <\/li>\n\t\t\t                                    <li><span class=\"alt\">Nyheter<\/span><\/li>\n                    <\/ul>\n                <\/div>\n            <\/div>\n        <\/div>\n\t<\/div>\n<\/div>        <\/div>\n    \n    <\/section>\n\n\n<section id=\"216\" class=\"block news  m-b bg-default\">\n    <div class=\"container\">\n        <form class=\"listing-block--filters\" data-url=\"https:\/\/novare.se\/public\/wp-json\/wp\/v2\/pages\/81\/\">\n            <div class=\"row\">\n                <div class=\"row__col\">\n                    <div class=\"listing-block--filters-inner\">\n                        <div class=\"filters\">\n                            \n                            <div class=\"select-wrapper filter\" >\n                                <label for=\"category\" class=\"text-medium\">Kategori<\/label>\n                                <div class=\"field\">\n                                    <select class=\"js-select-filter\" name=\"category\" id=\"category\">\n                                        <option value=\"\" selected>Alla<\/option>\n                                                                                                                                    <option value=\"artikel\"  >Artikel<\/option>\n                                                                                            <option value=\"beredskapslyftet\"  >Beredskapslyftet<\/option>\n                                                                                            <option value=\"debattartikel\"  >Debattartikel<\/option>\n                                                                                            <option value=\"nyhet\"  >Nyhet<\/option>\n                                                                                                                        <\/select>\n                                <\/div>\n                            <\/div>\n                        <\/div>\n\n                    <\/div>\n                <\/div>\n            <\/div>\n            <input type=\"hidden\" name=\"posts_per_page\" value=\"12\">\n            <input type=\"hidden\" name=\"page_no\" value=\"1\">\n            <input type=\"hidden\" name=\"selected_company\" value=\"\">\n            <input type=\"hidden\" name=\"selected_category\" value=\"\">\n        <\/form>\n\n        <div class=\"row listing-block--results\">\n                                                <div class=\"row__col row__col--lg-4 listing-block--item\"  >\n\t\t<a href=\"https:\/\/novare.se\/public\/nyheter\/kompetensbaserad-rekrytering\/\">\n\t\t<div class=\"image\">\n\t\t\t<img loading=\"lazy\" decoding=\"async\" width=\"768\" height=\"432\" src=\"https:\/\/novare.se\/public\/wp-content\/uploads\/sites\/6\/2025\/11\/Novare_SaraRossiPhotography-29-768x432.jpg\" class=\"media-item\" alt=\"Tv\u00e5 kvinnor g\u00e5r och samtalar. Tre personer syns i bakgrunden.\" srcset=\"https:\/\/novare.se\/public\/wp-content\/uploads\/sites\/6\/2025\/11\/Novare_SaraRossiPhotography-29-768x432.jpg 768w, https:\/\/novare.se\/public\/wp-content\/uploads\/sites\/6\/2025\/11\/Novare_SaraRossiPhotography-29-360x203.jpg 360w, https:\/\/novare.se\/public\/wp-content\/uploads\/sites\/6\/2025\/11\/Novare_SaraRossiPhotography-29.jpg 1024w\" sizes=\"(max-width: 768px) 100vw, 768px\" \/>\t\t\t<div class=\"overlay\"><\/div>\n\t\t\t<div class=\"badge text-regular\" style=\"background-color: #f5f2ef; color: #000000;\">Novare Public<\/div>\t\t<\/div>\n\t\t<div class=\"title text-medium\">Tr\u00e4ffs\u00e4kra rekryteringar b\u00f6rjar med kompetens<i class=\"arrow fa fa-arrow-right\" aria-hidden=\"true\"><\/i><\/div>\n\t\t<div class=\"pre_title\"><p>24 november 2025  | Artikel<\/p><\/div>\n\t\t<div class=\"excerpt small\"><\/div>\n\t<\/a>\n<\/div>                                    <div class=\"row__col row__col--lg-4 listing-block--item\"  >\n\t\t<a href=\"https:\/\/novare.se\/public\/nyheter\/strategier-for-en-lyckad-rekrytering\/\">\n\t\t<div class=\"image\">\n\t\t\t<img loading=\"lazy\" decoding=\"async\" width=\"768\" height=\"725\" src=\"https:\/\/novare.se\/public\/wp-content\/uploads\/sites\/6\/2025\/02\/novare-public-768x725.jpg\" class=\"media-item\" alt=\"Tv\u00e5 kvinnor som sitter i en trapp och pratar.\" srcset=\"https:\/\/novare.se\/public\/wp-content\/uploads\/sites\/6\/2025\/02\/novare-public-768x725.jpg 768w, https:\/\/novare.se\/public\/wp-content\/uploads\/sites\/6\/2025\/02\/novare-public-360x340.jpg 360w, https:\/\/novare.se\/public\/wp-content\/uploads\/sites\/6\/2025\/02\/novare-public-1024x967.jpg 1024w, https:\/\/novare.se\/public\/wp-content\/uploads\/sites\/6\/2025\/02\/novare-public-1536x1451.jpg 1536w, https:\/\/novare.se\/public\/wp-content\/uploads\/sites\/6\/2025\/02\/novare-public.jpg 2000w\" sizes=\"(max-width: 768px) 100vw, 768px\" \/>\t\t\t<div class=\"overlay\"><\/div>\n\t\t\t<div class=\"badge text-regular\" style=\"background-color: #f5f2ef; color: #000000;\">Novare Public<\/div>\t\t<\/div>\n\t\t<div class=\"title text-medium\">Strategier f\u00f6r en lyckad rekrytering<i class=\"arrow fa fa-arrow-right\" aria-hidden=\"true\"><\/i><\/div>\n\t\t<div class=\"pre_title\"><p>21 februari 2025  | Artikel<\/p><\/div>\n\t\t<div class=\"excerpt small\"><\/div>\n\t<\/a>\n<\/div>                                    <div class=\"row__col row__col--lg-4 listing-block--item\"  >\n\t\t<a href=\"https:\/\/novare.se\/public\/nyheter\/arbeta-inom-offentlig-sektor\/\">\n\t\t<div class=\"image\">\n\t\t\t<img loading=\"lazy\" decoding=\"async\" width=\"768\" height=\"512\" src=\"https:\/\/novare.se\/public\/wp-content\/uploads\/sites\/6\/2025\/01\/Novare-tech-3-768x512.jpg\" class=\"media-item\" alt=\"Gruppbild p\u00e5 fyra kvinnor framf\u00f6r en staty.\" srcset=\"https:\/\/novare.se\/public\/wp-content\/uploads\/sites\/6\/2025\/01\/Novare-tech-3-768x512.jpg 768w, https:\/\/novare.se\/public\/wp-content\/uploads\/sites\/6\/2025\/01\/Novare-tech-3-360x240.jpg 360w, https:\/\/novare.se\/public\/wp-content\/uploads\/sites\/6\/2025\/01\/Novare-tech-3-1024x683.jpg 1024w, https:\/\/novare.se\/public\/wp-content\/uploads\/sites\/6\/2025\/01\/Novare-tech-3-1536x1024.jpg 1536w, https:\/\/novare.se\/public\/wp-content\/uploads\/sites\/6\/2025\/01\/Novare-tech-3.jpg 1920w\" sizes=\"(max-width: 768px) 100vw, 768px\" \/>\t\t\t<div class=\"overlay\"><\/div>\n\t\t\t<div class=\"badge text-regular\" style=\"background-color: #f5f2ef; color: #000000;\">Novare Public<\/div>\t\t<\/div>\n\t\t<div class=\"title text-medium\">Varf\u00f6r ska du v\u00e4lja att arbeta inom offentlig sektor?<i class=\"arrow fa fa-arrow-right\" aria-hidden=\"true\"><\/i><\/div>\n\t\t<div class=\"pre_title\"><p>23 januari 2025  | Artikel<\/p><\/div>\n\t\t<div class=\"excerpt small\"><\/div>\n\t<\/a>\n<\/div>                                    <div class=\"row__col row__col--lg-4 listing-block--item\"  >\n\t\t<a href=\"https:\/\/novare.se\/public\/nyheter\/novare-public-i-dn\/\">\n\t\t<div class=\"image\">\n\t\t\t<img loading=\"lazy\" decoding=\"async\" width=\"768\" height=\"512\" src=\"https:\/\/novare.se\/public\/wp-content\/uploads\/sites\/6\/2024\/09\/mitraf-768x512.jpg\" class=\"media-item\" alt=\"Kvinna st\u00e5r utomhus, armarna i kors, framf\u00f6r tegelv\u00e4gg.\" srcset=\"https:\/\/novare.se\/public\/wp-content\/uploads\/sites\/6\/2024\/09\/mitraf-768x512.jpg 768w, https:\/\/novare.se\/public\/wp-content\/uploads\/sites\/6\/2024\/09\/mitraf-360x240.jpg 360w, https:\/\/novare.se\/public\/wp-content\/uploads\/sites\/6\/2024\/09\/mitraf-1024x683.jpg 1024w, https:\/\/novare.se\/public\/wp-content\/uploads\/sites\/6\/2024\/09\/mitraf-1536x1024.jpg 1536w, https:\/\/novare.se\/public\/wp-content\/uploads\/sites\/6\/2024\/09\/mitraf-2048x1365.jpg 2048w\" sizes=\"(max-width: 768px) 100vw, 768px\" \/>\t\t\t<div class=\"overlay\"><\/div>\n\t\t\t<div class=\"badge text-regular\" style=\"background-color: #f5f2ef; color: #000000;\">Novare Public<\/div>\t\t<\/div>\n\t\t<div class=\"title text-medium\">Novare Public i DN<i class=\"arrow fa fa-arrow-right\" aria-hidden=\"true\"><\/i><\/div>\n\t\t<div class=\"pre_title\"><p>30 september 2024  | Nyhet<\/p><\/div>\n\t\t<div class=\"excerpt small\"><\/div>\n\t<\/a>\n<\/div>                                    <div class=\"row__col row__col--lg-4 listing-block--item\"  >\n\t\t<a href=\"https:\/\/novare.se\/public\/nyheter\/annica-ahl-till-sodertalje-sjukhus\/\">\n\t\t<div class=\"image\">\n\t\t\t<img loading=\"lazy\" decoding=\"async\" width=\"768\" height=\"384\" src=\"https:\/\/novare.se\/public\/wp-content\/uploads\/sites\/6\/2023\/06\/annica_ahl-1-768x384.jpg\" class=\"media-item\" alt=\"Kvinna st\u00e5r framf\u00f6r suddig gr\u00f6n bakgrund utomhus.\" srcset=\"https:\/\/novare.se\/public\/wp-content\/uploads\/sites\/6\/2023\/06\/annica_ahl-1-768x384.jpg 768w, https:\/\/novare.se\/public\/wp-content\/uploads\/sites\/6\/2023\/06\/annica_ahl-1-360x180.jpg 360w, https:\/\/novare.se\/public\/wp-content\/uploads\/sites\/6\/2023\/06\/annica_ahl-1-1024x512.jpg 1024w, https:\/\/novare.se\/public\/wp-content\/uploads\/sites\/6\/2023\/06\/annica_ahl-1-1536x768.jpg 1536w, https:\/\/novare.se\/public\/wp-content\/uploads\/sites\/6\/2023\/06\/annica_ahl-1.jpg 1600w\" sizes=\"(max-width: 768px) 100vw, 768px\" \/>\t\t\t<div class=\"overlay\"><\/div>\n\t\t\t<div class=\"badge text-regular\" style=\"background-color: #f5f2ef; color: #000000;\">Novare Public<\/div>\t\t<\/div>\n\t\t<div class=\"title text-medium\">Annica Ahl till S\u00f6dert\u00e4lje sjukhus<i class=\"arrow fa fa-arrow-right\" aria-hidden=\"true\"><\/i><\/div>\n\t\t<div class=\"pre_title\"><p>5 juni 2023  | Rekrytering<\/p><\/div>\n\t\t<div class=\"excerpt small\"><\/div>\n\t<\/a>\n<\/div>                                    <div class=\"row__col row__col--lg-4 listing-block--item\"  >\n\t\t<a href=\"https:\/\/novare.se\/public\/nyheter\/inger-nerell-till-sodertalje-sjukhus\/\">\n\t\t<div class=\"image\">\n\t\t\t<img loading=\"lazy\" decoding=\"async\" width=\"768\" height=\"384\" src=\"https:\/\/novare.se\/public\/wp-content\/uploads\/sites\/6\/2023\/06\/inger_nerell-1-768x384.jpg\" class=\"media-item\" alt=\"Kvinna med blont h\u00e5r b\u00e4r ljusrosa kavaj, leende.\" srcset=\"https:\/\/novare.se\/public\/wp-content\/uploads\/sites\/6\/2023\/06\/inger_nerell-1-768x384.jpg 768w, https:\/\/novare.se\/public\/wp-content\/uploads\/sites\/6\/2023\/06\/inger_nerell-1-360x180.jpg 360w, https:\/\/novare.se\/public\/wp-content\/uploads\/sites\/6\/2023\/06\/inger_nerell-1-1024x512.jpg 1024w, https:\/\/novare.se\/public\/wp-content\/uploads\/sites\/6\/2023\/06\/inger_nerell-1-1536x768.jpg 1536w, https:\/\/novare.se\/public\/wp-content\/uploads\/sites\/6\/2023\/06\/inger_nerell-1.jpg 1600w\" sizes=\"(max-width: 768px) 100vw, 768px\" \/>\t\t\t<div class=\"overlay\"><\/div>\n\t\t\t<div class=\"badge text-regular\" style=\"background-color: #f5f2ef; color: #000000;\">Novare Public<\/div>\t\t<\/div>\n\t\t<div class=\"title text-medium\">Inger Nerell till S\u00f6dert\u00e4lje sjukhus<i class=\"arrow fa fa-arrow-right\" aria-hidden=\"true\"><\/i><\/div>\n\t\t<div class=\"pre_title\"><p>2 juni 2023  | Rekrytering<\/p><\/div>\n\t\t<div class=\"excerpt small\"><\/div>\n\t<\/a>\n<\/div>                                    <div class=\"row__col row__col--lg-4 listing-block--item\"  >\n\t\t<a href=\"https:\/\/novare.se\/public\/nyheter\/elin-berlin-till-danderyds-sjukhus\/\">\n\t\t<div class=\"image\">\n\t\t\t<img loading=\"lazy\" decoding=\"async\" width=\"768\" height=\"384\" src=\"https:\/\/novare.se\/public\/wp-content\/uploads\/sites\/6\/2023\/03\/elin_berlin-1-768x384.jpg\" class=\"media-item\" alt=\"Kvinna st\u00e5r stilla i en park, b\u00e4r beige kappa.\" srcset=\"https:\/\/novare.se\/public\/wp-content\/uploads\/sites\/6\/2023\/03\/elin_berlin-1-768x384.jpg 768w, https:\/\/novare.se\/public\/wp-content\/uploads\/sites\/6\/2023\/03\/elin_berlin-1-360x180.jpg 360w, https:\/\/novare.se\/public\/wp-content\/uploads\/sites\/6\/2023\/03\/elin_berlin-1-1024x512.jpg 1024w, https:\/\/novare.se\/public\/wp-content\/uploads\/sites\/6\/2023\/03\/elin_berlin-1-1536x768.jpg 1536w, https:\/\/novare.se\/public\/wp-content\/uploads\/sites\/6\/2023\/03\/elin_berlin-1.jpg 1600w\" sizes=\"(max-width: 768px) 100vw, 768px\" \/>\t\t\t<div class=\"overlay\"><\/div>\n\t\t\t<div class=\"badge text-regular\" style=\"background-color: #f5f2ef; color: #000000;\">Novare Public<\/div>\t\t<\/div>\n\t\t<div class=\"title text-medium\">Elin Berlin till Danderyds sjukhus<i class=\"arrow fa fa-arrow-right\" aria-hidden=\"true\"><\/i><\/div>\n\t\t<div class=\"pre_title\"><p>20 mars 2023  | Rekrytering<\/p><\/div>\n\t\t<div class=\"excerpt small\"><\/div>\n\t<\/a>\n<\/div>                                    <div class=\"row__col row__col--lg-4 listing-block--item\"  >\n\t\t<a href=\"https:\/\/novare.se\/public\/nyheter\/novares-jamstalldhetsindex-2022\/\">\n\t\t<div class=\"image\">\n\t\t\t<img loading=\"lazy\" decoding=\"async\" width=\"768\" height=\"384\" src=\"https:\/\/novare.se\/public\/wp-content\/uploads\/sites\/6\/2023\/03\/diagram_nyhet-1-768x384.jpg\" class=\"media-item\" alt=\"Cirkeldiagram visar k\u00f6nsf\u00f6rdelning inom olika rekryteringskategorier 2022.\" srcset=\"https:\/\/novare.se\/public\/wp-content\/uploads\/sites\/6\/2023\/03\/diagram_nyhet-1-768x384.jpg 768w, https:\/\/novare.se\/public\/wp-content\/uploads\/sites\/6\/2023\/03\/diagram_nyhet-1-360x180.jpg 360w, https:\/\/novare.se\/public\/wp-content\/uploads\/sites\/6\/2023\/03\/diagram_nyhet-1-1024x512.jpg 1024w, https:\/\/novare.se\/public\/wp-content\/uploads\/sites\/6\/2023\/03\/diagram_nyhet-1-1536x768.jpg 1536w, https:\/\/novare.se\/public\/wp-content\/uploads\/sites\/6\/2023\/03\/diagram_nyhet-1.jpg 1600w\" sizes=\"(max-width: 768px) 100vw, 768px\" \/>\t\t\t<div class=\"overlay\"><\/div>\n\t\t\t<div class=\"badge text-regular\" style=\"background-color: #f5f2ef; color: #000000;\">Novare Public<\/div>\t\t<\/div>\n\t\t<div class=\"title text-medium\">Novares J\u00e4mst\u00e4lldhetsindex 2022<i class=\"arrow fa fa-arrow-right\" aria-hidden=\"true\"><\/i><\/div>\n\t\t<div class=\"pre_title\"><p>8 mars 2023  | Nyhet<\/p><\/div>\n\t\t<div class=\"excerpt small\"><\/div>\n\t<\/a>\n<\/div>                                    <div class=\"row__col row__col--lg-4 listing-block--item\"  >\n\t\t<a href=\"https:\/\/novare.se\/public\/nyheter\/fredrik-hillelson-med-i-chefakademin-talks\/\">\n\t\t<div class=\"image\">\n\t\t\t<img loading=\"lazy\" decoding=\"async\" width=\"768\" height=\"384\" src=\"https:\/\/novare.se\/public\/wp-content\/uploads\/sites\/6\/2022\/09\/FredrikHillelson_ChefakademinTalks-1-768x384.jpg\" class=\"media-item\" alt=\"Man sitter, ser mot kameran. Text: &quot;Talks Chefakademin&quot;.\" srcset=\"https:\/\/novare.se\/public\/wp-content\/uploads\/sites\/6\/2022\/09\/FredrikHillelson_ChefakademinTalks-1-768x384.jpg 768w, https:\/\/novare.se\/public\/wp-content\/uploads\/sites\/6\/2022\/09\/FredrikHillelson_ChefakademinTalks-1-360x180.jpg 360w, https:\/\/novare.se\/public\/wp-content\/uploads\/sites\/6\/2022\/09\/FredrikHillelson_ChefakademinTalks-1-1024x512.jpg 1024w, https:\/\/novare.se\/public\/wp-content\/uploads\/sites\/6\/2022\/09\/FredrikHillelson_ChefakademinTalks-1-1536x768.jpg 1536w, https:\/\/novare.se\/public\/wp-content\/uploads\/sites\/6\/2022\/09\/FredrikHillelson_ChefakademinTalks-1.jpg 1600w\" sizes=\"(max-width: 768px) 100vw, 768px\" \/>\t\t\t<div class=\"overlay\"><\/div>\n\t\t\t<div class=\"badge text-regular\" style=\"background-color: #f5f2ef; color: #000000;\">Novare Public<\/div>\t\t<\/div>\n\t\t<div class=\"title text-medium\">Fredrik Hillelson med i Chefakademin Talks<i class=\"arrow fa fa-arrow-right\" aria-hidden=\"true\"><\/i><\/div>\n\t\t<div class=\"pre_title\"><p>21 september 2022  | Nyhet<\/p><\/div>\n\t\t<div class=\"excerpt small\"><\/div>\n\t<\/a>\n<\/div>                                    <div class=\"row__col row__col--lg-4 listing-block--item\"  >\n\t\t<a href=\"https:\/\/novare.se\/public\/nyheter\/avslutning-av-natverksprogrammet-kontakten\/\">\n\t\t<div class=\"image\">\n\t\t\t<img loading=\"lazy\" decoding=\"async\" width=\"768\" height=\"384\" src=\"https:\/\/novare.se\/public\/wp-content\/uploads\/sites\/6\/2022\/09\/Kontakten_nyhet-1-768x384.jpg\" class=\"media-item\" alt=\"Grupp m\u00e4nniskor poserar framf\u00f6r skylt, &quot;Celebrate Success&quot;.\" srcset=\"https:\/\/novare.se\/public\/wp-content\/uploads\/sites\/6\/2022\/09\/Kontakten_nyhet-1-768x384.jpg 768w, https:\/\/novare.se\/public\/wp-content\/uploads\/sites\/6\/2022\/09\/Kontakten_nyhet-1-360x180.jpg 360w, https:\/\/novare.se\/public\/wp-content\/uploads\/sites\/6\/2022\/09\/Kontakten_nyhet-1-1024x512.jpg 1024w, https:\/\/novare.se\/public\/wp-content\/uploads\/sites\/6\/2022\/09\/Kontakten_nyhet-1-1536x768.jpg 1536w, https:\/\/novare.se\/public\/wp-content\/uploads\/sites\/6\/2022\/09\/Kontakten_nyhet-1.jpg 1600w\" sizes=\"(max-width: 768px) 100vw, 768px\" \/>\t\t\t<div class=\"overlay\"><\/div>\n\t\t\t<div class=\"badge text-regular\" style=\"background-color: #f5f2ef; color: #000000;\">Novare Public<\/div>\t\t<\/div>\n\t\t<div class=\"title text-medium\">Avslutning av n\u00e4tverksprogrammet Kontakten<i class=\"arrow fa fa-arrow-right\" aria-hidden=\"true\"><\/i><\/div>\n\t\t<div class=\"pre_title\"><p>8 september 2022  | Nyhet<\/p><\/div>\n\t\t<div class=\"excerpt small\"><\/div>\n\t<\/a>\n<\/div>                                    <div class=\"row__col row__col--lg-4 listing-block--item\"  >\n\t\t<a href=\"https:\/\/novare.se\/public\/nyheter\/fredrik-hillelson-med-pa-svenskar-i-varldens-seminarium\/\">\n\t\t<div class=\"image\">\n\t\t\t<img loading=\"lazy\" decoding=\"async\" width=\"768\" height=\"384\" src=\"https:\/\/novare.se\/public\/wp-content\/uploads\/sites\/6\/2022\/09\/Fredrik_Hillelson_sviv-1-768x384.jpg\" class=\"media-item\" alt=\"Tre personer samtalar vid ett bord; texten &quot;Svenskar i V\u00e4rlden&quot;.\" srcset=\"https:\/\/novare.se\/public\/wp-content\/uploads\/sites\/6\/2022\/09\/Fredrik_Hillelson_sviv-1-768x384.jpg 768w, https:\/\/novare.se\/public\/wp-content\/uploads\/sites\/6\/2022\/09\/Fredrik_Hillelson_sviv-1-360x180.jpg 360w, https:\/\/novare.se\/public\/wp-content\/uploads\/sites\/6\/2022\/09\/Fredrik_Hillelson_sviv-1-1024x512.jpg 1024w, https:\/\/novare.se\/public\/wp-content\/uploads\/sites\/6\/2022\/09\/Fredrik_Hillelson_sviv-1-1536x768.jpg 1536w, https:\/\/novare.se\/public\/wp-content\/uploads\/sites\/6\/2022\/09\/Fredrik_Hillelson_sviv-1.jpg 1600w\" sizes=\"(max-width: 768px) 100vw, 768px\" \/>\t\t\t<div class=\"overlay\"><\/div>\n\t\t\t<div class=\"badge text-regular\" style=\"background-color: #f5f2ef; color: #000000;\">Novare Public<\/div>\t\t<\/div>\n\t\t<div class=\"title text-medium\">Fredrik Hillelson med p\u00e5 Svenskar i V\u00e4rldens seminarium<i class=\"arrow fa fa-arrow-right\" aria-hidden=\"true\"><\/i><\/div>\n\t\t<div class=\"pre_title\"><p>7 september 2022  | Nyhet<\/p><\/div>\n\t\t<div class=\"excerpt small\"><\/div>\n\t<\/a>\n<\/div>                                    <div class=\"row__col row__col--lg-4 listing-block--item\"  >\n\t\t<a href=\"https:\/\/novare.se\/public\/nyheter\/isabelle-flygelholm-till-novare-public\/\">\n\t\t<div class=\"image\">\n\t\t\t<img loading=\"lazy\" decoding=\"async\" width=\"768\" height=\"384\" src=\"https:\/\/novare.se\/public\/wp-content\/uploads\/sites\/6\/2022\/08\/Isabelle_Public-1-768x384.jpg\" class=\"media-item\" alt=\"Kvinna st\u00e5r utomhus; texten &quot;Novare Public&quot; till h\u00f6ger.\" srcset=\"https:\/\/novare.se\/public\/wp-content\/uploads\/sites\/6\/2022\/08\/Isabelle_Public-1-768x384.jpg 768w, https:\/\/novare.se\/public\/wp-content\/uploads\/sites\/6\/2022\/08\/Isabelle_Public-1-360x180.jpg 360w, https:\/\/novare.se\/public\/wp-content\/uploads\/sites\/6\/2022\/08\/Isabelle_Public-1-1024x512.jpg 1024w, https:\/\/novare.se\/public\/wp-content\/uploads\/sites\/6\/2022\/08\/Isabelle_Public-1-1536x768.jpg 1536w, https:\/\/novare.se\/public\/wp-content\/uploads\/sites\/6\/2022\/08\/Isabelle_Public-1.jpg 1600w\" sizes=\"(max-width: 768px) 100vw, 768px\" \/>\t\t\t<div class=\"overlay\"><\/div>\n\t\t\t<div class=\"badge text-regular\" style=\"background-color: #f5f2ef; color: #000000;\">Novare Public<\/div>\t\t<\/div>\n\t\t<div class=\"title text-medium\">Isabelle Flygelholm till Novare Public<i class=\"arrow fa fa-arrow-right\" aria-hidden=\"true\"><\/i><\/div>\n\t\t<div class=\"pre_title\"><p>23 augusti 2022  | Nyhet<\/p><\/div>\n\t\t<div class=\"excerpt small\"><\/div>\n\t<\/a>\n<\/div>                                    <\/div>\n\n\n        <div class=\"row listing-block--pagination\">\n            <div class=\"row__col listing-block--pagination--results\">\n                                    <div class=\"pagination m-0\" data-max-num-pages=\"3\" data-current-page=\"1\"><button type=\"button\" data-page-no=\"1\" disabled class=\"m-0 btn--pagination pagination-item prev\"><i class=\"fa fa-chevron-left\"><\/i><\/button><button type=\"button\" data-page-no=\"1\" class=\"m-0 btn--pagination text-medium current bg-primary pagination-item\">1<\/button><button type=\"button\" data-page-no=\"2\" class=\"m-0 btn--pagination text-medium pagination-item\">2<\/button><button type=\"button\" data-page-no=\"3\" class=\"m-0 btn--pagination text-medium pagination-item\">3<\/button><button type=\"button\" data-page-no=\"2\"  class=\"m-0 btn--pagination text-medium pagination-item next\"><i class=\"fa fa-chevron-right\"><\/i><\/button><\/div>                            <\/div>\n        <\/div>\n    <\/div>\n<\/section>\n","protected":false},"excerpt":{"rendered":"","protected":false},"author":1,"featured_media":0,"parent":0,"menu_order":0,"comment_status":"closed","ping_status":"closed","template":"","meta":{"_acf_changed":false,"_seopress_robots_primary_cat":"","_seopress_titles_title":"Nyheter och uppdateringar fr\u00e5n Novare Public - novare.se","_seopress_titles_desc":"Nyheter och rekryteringar fr\u00e5n Novare Public, inklusive intervjuer och evenemang som J\u00e4mst\u00e4lldhetsindex och Chefakademin Talks.","_seopress_robots_index":"","inline_featured_image":false,"footnotes":""},"class_list":["post-81","page","type-page","status-publish","hentry"],"acf":[],"_links":{"self":[{"href":"https:\/\/novare.se\/public\/wp-json\/wp\/v2\/pages\/81","targetHints":{"allow":["GET"]}}],"collection":[{"href":"https:\/\/novare.se\/public\/wp-json\/wp\/v2\/pages"}],"about":[{"href":"https:\/\/novare.se\/public\/wp-json\/wp\/v2\/types\/page"}],"author":[{"embeddable":true,"href":"https:\/\/novare.se\/public\/wp-json\/wp\/v2\/users\/1"}],"replies":[{"embeddable":true,"href":"https:\/\/novare.se\/public\/wp-json\/wp\/v2\/comments?post=81"}],"version-history":[{"count":5,"href":"https:\/\/novare.se\/public\/wp-json\/wp\/v2\/pages\/81\/revisions"}],"predecessor-version":[{"id":1222,"href":"https:\/\/novare.se\/public\/wp-json\/wp\/v2\/pages\/81\/revisions\/1222"}],"wp:attachment":[{"href":"https:\/\/novare.se\/public\/wp-json\/wp\/v2\/media?parent=81"}],"curies":[{"name":"wp","href":"https:\/\/api.w.org\/{rel}","templated":true}]}}