{"id":448,"date":"2024-06-07T13:28:33","date_gmt":"2024-06-07T13:28:33","guid":{"rendered":"https:\/\/novare.se\/public\/?page_id=448"},"modified":"2026-02-18T15:12:53","modified_gmt":"2026-02-18T15:12:53","slug":"team-och-ledarutveckling","status":"publish","type":"page","link":"https:\/\/novare.se\/public\/team-och-ledarutveckling\/","title":{"rendered":"Team- och ledarutveckling"},"content":{"rendered":"<section id=\"hero-3-block_191653f45a636b2d6fa6480f04fc75a9\" class=\"block hero-3  m-b \">\n    <div class=\"hero-3--top-section bg-primary\">\n                    <div class=\"bg-backdrop\">\n                <div class=\"bg-backdrop--inner\"><\/div>\n            <\/div>\n                <div class=\"container\">\n            <div class=\"row\">\n                <div class=\"row__col\">\n                    <div class=\"text-img-wrapper\">\n                        <div class=\"text-col\" >\n                                                                \n                                <div class=\"title-wrapper\" >\n                                    <h1 class=\"h3 text-left\"><strong><i>Team- och ledarutveckling<\/i><\/strong><\/h1>                                <\/div>\n                                                            \n                            \n                                                            <div class=\"text-wrapper\" >\n                                    <p>Vi st\u00f6ttar organisationer i att utveckla ledarskap, samarbete och kultur.<\/p>\n                                <\/div>\n                                                            \n                                                            <div class='btn-wrapper'><div class=\"btn-element\" ><a class=\"btn btn--white\" href=\"https:\/\/novare.se\/public\/kontakta-oss\/\"target=\"_self\">Kontakta oss<\/a><\/div><\/div>    \n                                                    <\/div>\n\n                                                    <div class=\"664 HEROTHREEIMG img-col \"   >\n                            <img loading=\"lazy\" decoding=\"async\" width=\"1024\" height=\"819\" src=\"https:\/\/novare.se\/public\/wp-content\/uploads\/sites\/6\/2024\/06\/Novare_sma14_webb-1024x819.jpg\" class=\"attachment-large size-large\" alt=\"Man och kvinna samtalar p\u00e5 soffa, omgiven av v\u00e4xter.\" srcset=\"https:\/\/novare.se\/public\/wp-content\/uploads\/sites\/6\/2024\/06\/Novare_sma14_webb-1024x819.jpg 1024w, https:\/\/novare.se\/public\/wp-content\/uploads\/sites\/6\/2024\/06\/Novare_sma14_webb-360x288.jpg 360w, https:\/\/novare.se\/public\/wp-content\/uploads\/sites\/6\/2024\/06\/Novare_sma14_webb-768x614.jpg 768w, https:\/\/novare.se\/public\/wp-content\/uploads\/sites\/6\/2024\/06\/Novare_sma14_webb.jpg 1500w\" sizes=\"(max-width: 1024px) 100vw, 1024px\" \/>                                \n                            <\/div>\n                                            <\/div>\n                <\/div>\n            <\/div>\n        <\/div>\n    <\/div>\n            <div class=\"hero-3--bottom-section \"  >\n        <div class=\"breadcrumbs dark-text\">\n\t<div class=\"container\">\n        <div class=\"row\">\n            <div class=\"row__col\">\n                <div class=\"breadcrumbs--inner\">\n                    <ul>\n                                                                                <li>\n                                <a href=\"https:\/\/novare.se\/\" class=\"alt\">\n                                    Novare                                <\/a>\n                            <\/li>\n                            \n\t\t\t                                        <li>\n                                <a href=\"https:\/\/novare.se\/public\/\" class=\"alt\">\n                                                                            Novare Public                                                                    <\/a>\n                            <\/li>\n\t\t\t                                    <li><span class=\"alt\">Team- och ledarutveckling<\/span><\/li>\n                    <\/ul>\n                <\/div>\n            <\/div>\n        <\/div>\n\t<\/div>\n<\/div>        <\/div>\n    \n    <\/section>\n\n\n<section id=\"one-column-text-block-block_6193b06d8b07ccde982f4cd57e4489b6\" class=\"block one-column-text-block  m-b bg-default\">\n    <div class=\"container\">\n        <div class=\"row row--middle\">\n                            <div class=\"row__col row__col--lg-8\">\n                    <div class=\"title-wrapper\" data-aos-anchor='#one-column-text-block-block_6193b06d8b07ccde982f4cd57e4489b6'data-aos='fade-up'data-aos-easing='ease-in-out-sine'data-aos-duration='500'data-aos-delay='0'data-aos-once='true'data-aos-offset='250' >\n                        <h2 class=\"h4 m-0 text-left\">Utveckling som <strong><i>g\u00f6r skillnad<\/i><\/strong> <\/h2>                    <\/div>\n                <\/div>\n                            \n                            <div class=\"row__col row__col--lg-8\" data-aos-anchor='#one-column-text-block-block_6193b06d8b07ccde982f4cd57e4489b6'data-aos='fade-up'data-aos-easing='ease-in-out-sine'data-aos-duration='500'data-aos-delay='250'data-aos-once='true'data-aos-offset='250'>\n                    <p class=\"preamble m-0\">Vi utvecklar ledare och team f\u00f6r att skapa l\u00e5ngsiktig framg\u00e5ng inom offentlig sektor. Genom forskning, erfarenhet och skr\u00e4ddarsydda insatser st\u00e4rker vi b\u00e5de individens och organisationens ledarskap.<\/p>                <\/div>\n            \n                            <div class=\"row__col row__col--lg-8\" data-aos-anchor='#one-column-text-block-block_6193b06d8b07ccde982f4cd57e4489b6'data-aos='fade-up'data-aos-easing='ease-in-out-sine'data-aos-duration='500'data-aos-delay='250'data-aos-once='true'data-aos-offset='250'>\n                    <div class=\"text-wrapper editor-content\">\n                        <h5>Ledarutveckling<\/h5>\n<p>Novare Public erbjuder utveckling och r\u00e5dgivning f\u00f6r chefer och ledare &#8211; b\u00e5de f\u00f6r dig som individ och f\u00f6r grupper. V\u00e5rt m\u00e5l \u00e4r att st\u00e4rka ledarskapet p\u00e5 alla niv\u00e5er och skapa f\u00f6ruts\u00e4ttningar f\u00f6r h\u00e5llbar utveckling i organisationen.<\/p>\n<p>&nbsp;<\/p>\n<h6>Chefscoachning<\/h6>\n<p>V\u00e5r chefscoachning fokuserar p\u00e5 individuell utveckling av det personliga ledarskapet och utg\u00e5r fr\u00e5n chefens uppdrag och vardagliga utmaningar. Coachningen anpassas alltid efter chefens och organisationens specifika behov.\u00a0Vi arbetar utifr\u00e5n N\u00d6HRA-modellen och F\u00f6rsvarsh\u00f6gskolans ledarskapsmodell Utvecklande ledarskap. Vid behov kan \u00e4ven chefsst\u00f6d inom konflikthantering integreras i coachningen.<\/p>\n<p>&nbsp;<\/p>\n<h6>Ledningsgruppsutveckling<\/h6>\n<p>N\u00e4r en ledningsgrupp f\u00e5r en ny chef eller nya medlemmar \u00e4r det ofta v\u00e4rdefullt att arbeta ihop gruppen f\u00f6r att skapa samsyn och effektivitet.<br \/>\nUt\u00f6ver arbete med gruppens syfte och m\u00e5l, arbetar vi upplevelsebaserat med fokus p\u00e5 engagemang och delaktighet fr\u00e5n alla medlemmar. Vi anv\u00e4nder forskningsbaserade metoder och utg\u00e5r fr\u00e5n F\u00f6rsvarsh\u00f6gskolans modell Utvecklande ledarskap.<\/p>\n<p>&nbsp;<\/p>\n<h5>Teamutveckling<\/h5>\n<p>V\u00e5r teamutveckling skr\u00e4ddarsys utifr\u00e5n det befintliga teamets behov. Samtliga medarbetare deltar tillsammans med sin chef i utvecklingsinsatsen, vilket ger chefen externt st\u00f6d i att facilitera gruppen.<br \/>\nFokus ligger p\u00e5 att st\u00e4rka samarbete, n\u00e5 gemensamma m\u00e5l och utveckla b\u00e5de medarbetarskap och medledarskap.<\/p>\n<p>Vi arbetar med forskningsbaserade teorier, bland annat Susan Wheelans stadieteori och Amy Edmondsons forskning kring nycklarna till h\u00f6gpresterande team. Att skapa psykologisk trygghet i gruppen \u00e4r en central del av processen.<\/p>\n<p>&nbsp;<\/p>\n<h5>HR &#8211; inspiration, utbildning och f\u00f6rel\u00e4sningar<\/h5>\n<p>Vi st\u00f6ttar HR-avdelningar genom utbildningar, inspiration och \u201ctrain the trainer\u201d-uppl\u00e4gg inom facilitering samt team- och ledningsgruppsutveckling.<\/p>\n<p>Vid behov erbjuder vi \u00e4ven f\u00f6rel\u00e4sningar vid chefskonferenser eller utvecklingsdagar f\u00f6r HR-team. Inneh\u00e5llet skr\u00e4ddarsys utifr\u00e5n era behov, med exempel p\u00e5 teman som:<\/p>\n<ul>\n<li>Sv\u00e5ra samtal<\/li>\n<li>Det coachande f\u00f6rh\u00e5llningss\u00e4ttet<\/li>\n<li>Konflikthantering<\/li>\n<li>Att leda i f\u00f6r\u00e4ndring<\/li>\n<li>Medarbetarunders\u00f6kningar \u2013 f\u00f6re, under och efter<\/li>\n<\/ul>\n                    <\/div>\n                <\/div>\n                            \n            \n                    <\/div>\n    <\/div>\n<\/section>\n\n<section id=\"contact-persons-block_ee2f6ff90e2ff5e37e3a0bca1b3e33cd\" class=\"block contact-persons  m-b\">\n    <div class=\"container\">\n        <div class=\"row\">\n            <div class=\"row__col row__col--lg-12\">\n                <div class=\"contact-persons--wrapper bg-gold-light\">\n                    <div class=\"contact-persons--wrapper--content\" >\n                                                    <div class=\"header-wrapper\" >\n                                <h4 class=\"h4 text-left\"><strong><i>Vill du veta mer?<\/i><\/strong><\/h4>                            <\/div>\n                        \n                                                    <div class=\"text-wrapper\">\n                                <h4>H\u00f6r av dig!<\/h4>\n                            <\/div>\n                        \n                                                                                                <\/div>\n                    <div class=\"contact-persons--wrapper--people\">\n                                                                                    <div class=\"contact-person\" data-aos-anchor='#contact-persons-block_ee2f6ff90e2ff5e37e3a0bca1b3e33cd'data-aos='fade-right'data-aos-easing='ease-in-out-sine'data-aos-duration='500'data-aos-delay='0'data-aos-once='true'data-aos-offset='250' >\n                                    <div class=\"contact-person--image\">\n                                        <img loading=\"lazy\" decoding=\"async\" width=\"360\" height=\"258\" src=\"https:\/\/novare.se\/public\/wp-content\/uploads\/sites\/6\/2024\/04\/Mitra_Frost_Tiny-360x258.jpg\" class=\"attachment-medium size-medium\" alt=\"Kvinna sitter, b\u00e4r svart kl\u00e4dsel, neutralt beige bakgrund.\" srcset=\"https:\/\/novare.se\/public\/wp-content\/uploads\/sites\/6\/2024\/04\/Mitra_Frost_Tiny-360x258.jpg 360w, https:\/\/novare.se\/public\/wp-content\/uploads\/sites\/6\/2024\/04\/Mitra_Frost_Tiny.jpg 670w\" sizes=\"(max-width: 360px) 100vw, 360px\" \/>                                    <\/div>\n                                    <div class=\"contact-person--details\">\n                                        <div class=\"name-wrapper\">\n                                            <a href=\"https:\/\/novare.se\/public\/medarbetare\/mitra-frost\/\">Mitra Frost<\/a>\n                                        <\/div>\n                                        <div class=\"title-wrapper\">\n                                            <p>Vd och Partner<\/p>\n                                        <\/div>\n                                        <div class=\"email-wrapper\">\n                                            <a href=\"mailto:mitra.frost@novare.se\">mitra.frost@novare.se<\/a>\n                                        <\/div>\n                                        <div class=\"phone-wrapper\">\n                                            <a href=\"tel:+46736409239\">+46 736 40 92 39<\/a>\n                                        <\/div>\n                                    <\/div>\n                                <\/div>\n                                                    <\/div>\n                <\/div>\n            <\/div>\n        <\/div>\n    <\/div>\n<\/section>\n\n\n<section id=\"faq-block-block_a1b88a5ef0ebde6085cd154971885b70\" class=\"block faq-block  m-b bg-default\">\n    <div class=\"container\">\n        <div class=\"row\">\n            <div class=\"row__col row__col--lg-6\" data-aos-anchor='#faq-block-block_a1b88a5ef0ebde6085cd154971885b70'data-aos='fade-up'data-aos-easing='ease-in-out-sine'data-aos-duration='500'data-aos-delay='0'data-aos-once='true'data-aos-offset='250' >\n                <img loading=\"lazy\" decoding=\"async\" width=\"1024\" height=\"945\" src=\"https:\/\/novare.se\/public\/wp-content\/uploads\/sites\/6\/2024\/06\/Novare_sma09_webb-1024x945.jpg\" class=\"media-item\" alt=\"Tre personer samtalar utomhus i vinterkl\u00e4der.\" srcset=\"https:\/\/novare.se\/public\/wp-content\/uploads\/sites\/6\/2024\/06\/Novare_sma09_webb-1024x945.jpg 1024w, https:\/\/novare.se\/public\/wp-content\/uploads\/sites\/6\/2024\/06\/Novare_sma09_webb-360x332.jpg 360w, https:\/\/novare.se\/public\/wp-content\/uploads\/sites\/6\/2024\/06\/Novare_sma09_webb-768x709.jpg 768w, https:\/\/novare.se\/public\/wp-content\/uploads\/sites\/6\/2024\/06\/Novare_sma09_webb.jpg 1300w\" sizes=\"(max-width: 1024px) 100vw, 1024px\" \/>            <\/div>\n            \n            <div class=\"row__col row__col--lg-6\">\n                                    <div class=\"title-wrapper text-medium\" data-aos-anchor='#faq-block-block_a1b88a5ef0ebde6085cd154971885b70'data-aos='fade-up'data-aos-easing='ease-in-out-sine'data-aos-duration='500'data-aos-delay='300'data-aos-once='true'data-aos-offset='250' >\n                        <h2 class=\"h3 text-left\">Vanliga fr\u00e5gor om <i><strong>team- och ledarutveckling<\/strong><\/i><\/h2>                    <\/div>\n                                                    \n                                    <div class=\"accordion\">\n                                                    <div class=\"accordion-item\" data-aos-anchor='#faq-block-block_a1b88a5ef0ebde6085cd154971885b70'data-aos='fade-right'data-aos-easing='ease-in-out-sine'data-aos-duration='500'data-aos-delay='1000'data-aos-once='true'data-aos-offset='250' >\n                                <div class=\"accordion-header\">\n                                    <span class=\"question\">Hur arbetar vi med team- och ledarutveckling inom offentlig sektor?<\/span>\n                                    <i class=\"fa fa-plus\"><\/i><i class=\"fa fa-minus hidden\"><\/i>\n                                <\/div>\n                                <div class=\"accordion-content\" style=\"display: none;\">\n                                    <span class=\"separator\"><\/span>\n                                    Vi utg\u00e5r fr\u00e5n organisationens uppdrag, m\u00e5l och sammanhang och anpassar insatserna efter aktuella behov. Arbetet kombinerar analys, dialog och praktisk till\u00e4mpning f\u00f6r att skapa varaktig utveckling i vardagen.                                <\/div>\n                            <\/div>\n                                                        <div class=\"accordion-item\" data-aos-anchor='#faq-block-block_a1b88a5ef0ebde6085cd154971885b70'data-aos='fade-right'data-aos-easing='ease-in-out-sine'data-aos-duration='500'data-aos-delay='1250'data-aos-once='true'data-aos-offset='250' >\n                                <div class=\"accordion-header\">\n                                    <span class=\"question\">Hur anpassas insatserna efter olika verksamheter och ledarroller?<\/span>\n                                    <i class=\"fa fa-plus\"><\/i><i class=\"fa fa-minus hidden\"><\/i>\n                                <\/div>\n                                <div class=\"accordion-content\" style=\"display: none;\">\n                                    <span class=\"separator\"><\/span>\n                                    Varje uppdrag skr\u00e4ddarsys utifr\u00e5n verksamhetens f\u00f6ruts\u00e4ttningar, ledningsstruktur och utmaningar. Inneh\u00e5ll och uppl\u00e4gg anpassas efter niv\u00e5, fr\u00e5n operativa chefer till h\u00f6gre ledningsgrupper.                                <\/div>\n                            <\/div>\n                                                        <div class=\"accordion-item\" data-aos-anchor='#faq-block-block_a1b88a5ef0ebde6085cd154971885b70'data-aos='fade-right'data-aos-easing='ease-in-out-sine'data-aos-duration='500'data-aos-delay='1500'data-aos-once='true'data-aos-offset='250' >\n                                <div class=\"accordion-header\">\n                                    <span class=\"question\">Hur arbetar vi med utveckling av ledningsgrupper och team?<\/span>\n                                    <i class=\"fa fa-plus\"><\/i><i class=\"fa fa-minus hidden\"><\/i>\n                                <\/div>\n                                <div class=\"accordion-content\" style=\"display: none;\">\n                                    <span class=\"separator\"><\/span>\n                                    Vi fokuserar p\u00e5 samspel, ansvarsf\u00f6rdelning och gemensam riktning. Genom strukturerade samtal och \u00f6vningar st\u00e4rks b\u00e5de beslutsfattande, samarbete och f\u00f6rm\u00e5gan att hantera f\u00f6r\u00e4ndring.                                <\/div>\n                            <\/div>\n                                                        <div class=\"accordion-item\" data-aos-anchor='#faq-block-block_a1b88a5ef0ebde6085cd154971885b70'data-aos='fade-right'data-aos-easing='ease-in-out-sine'data-aos-duration='500'data-aos-delay='1750'data-aos-once='true'data-aos-offset='250' >\n                                <div class=\"accordion-header\">\n                                    <span class=\"question\">N\u00e4r \u00e4r team- och ledarutveckling s\u00e4rskilt relevant?<\/span>\n                                    <i class=\"fa fa-plus\"><\/i><i class=\"fa fa-minus hidden\"><\/i>\n                                <\/div>\n                                <div class=\"accordion-content\" style=\"display: none;\">\n                                    <span class=\"separator\"><\/span>\n                                    Det \u00e4r s\u00e4rskilt v\u00e4rdefullt vid f\u00f6r\u00e4ndringar, nya uppdrag, tillv\u00e4xt eller n\u00e4r organisationen st\u00e5r inf\u00f6r \u00f6kade krav p\u00e5 samverkan och ledarskap. Insatserna kan vara b\u00e5de f\u00f6rebyggande och utvecklande.                                <\/div>\n                            <\/div>\n                                                        <div class=\"accordion-item\" data-aos-anchor='#faq-block-block_a1b88a5ef0ebde6085cd154971885b70'data-aos='fade-right'data-aos-easing='ease-in-out-sine'data-aos-duration='500'data-aos-delay='2000'data-aos-once='true'data-aos-offset='250' >\n                                <div class=\"accordion-header\">\n                                    <span class=\"question\">Hur bidrar team- och ledarutveckling till l\u00e5ngsiktiga resultat?<\/span>\n                                    <i class=\"fa fa-plus\"><\/i><i class=\"fa fa-minus hidden\"><\/i>\n                                <\/div>\n                                <div class=\"accordion-content\" style=\"display: none;\">\n                                    <span class=\"separator\"><\/span>\n                                    Genom att st\u00e4rka ledarskap, samarbete och kultur skapas b\u00e4ttre f\u00f6ruts\u00e4ttningar f\u00f6r h\u00e5llbara resultat \u00f6ver tid. Utvecklingen bidrar till tydligare styrning, \u00f6kat engagemang och b\u00e4ttre arbetsmilj\u00f6.                                <\/div>\n                            <\/div>\n                                                <\/div>\n                            <\/div>\n        <\/div>\n    <\/div>\n<\/section>\n","protected":false},"excerpt":{"rendered":"","protected":false},"author":4,"featured_media":0,"parent":0,"menu_order":0,"comment_status":"closed","ping_status":"closed","template":"","meta":{"_acf_changed":false,"_seopress_robots_primary_cat":"","_seopress_titles_title":"Ledarutveckling och chefscoachning - novare.se","_seopress_titles_desc":"Novare Public erbjuder skr\u00e4ddarsydd ledarutveckling f\u00f6r chefer och team med fokus p\u00e5 personlig tillv\u00e4xt och effektiva arbetsgrupper. Kontakta oss!","_seopress_robots_index":"","inline_featured_image":false,"footnotes":""},"class_list":["post-448","page","type-page","status-publish","hentry"],"acf":[],"_links":{"self":[{"href":"https:\/\/novare.se\/public\/wp-json\/wp\/v2\/pages\/448","targetHints":{"allow":["GET"]}}],"collection":[{"href":"https:\/\/novare.se\/public\/wp-json\/wp\/v2\/pages"}],"about":[{"href":"https:\/\/novare.se\/public\/wp-json\/wp\/v2\/types\/page"}],"author":[{"embeddable":true,"href":"https:\/\/novare.se\/public\/wp-json\/wp\/v2\/users\/4"}],"replies":[{"embeddable":true,"href":"https:\/\/novare.se\/public\/wp-json\/wp\/v2\/comments?post=448"}],"version-history":[{"count":14,"href":"https:\/\/novare.se\/public\/wp-json\/wp\/v2\/pages\/448\/revisions"}],"predecessor-version":[{"id":1573,"href":"https:\/\/novare.se\/public\/wp-json\/wp\/v2\/pages\/448\/revisions\/1573"}],"wp:attachment":[{"href":"https:\/\/novare.se\/public\/wp-json\/wp\/v2\/media?parent=448"}],"curies":[{"name":"wp","href":"https:\/\/api.w.org\/{rel}","templated":true}]}}