{"id":332,"date":"2024-05-22T09:21:57","date_gmt":"2024-05-22T09:21:57","guid":{"rendered":"https:\/\/novare.se\/public\/?page_id=332"},"modified":"2026-02-03T17:21:30","modified_gmt":"2026-02-03T17:21:30","slug":"ramavtal","status":"publish","type":"page","link":"https:\/\/novare.se\/public\/ramavtal\/","title":{"rendered":"Ramavtal"},"content":{"rendered":"<section id=\"hero-3-block_7e90c5128bfdce058acf53bf09e8abcb\" class=\"block hero-3  m-b \">\n    <div class=\"hero-3--top-section bg-primary\">\n                    <div class=\"bg-backdrop\">\n                <div class=\"bg-backdrop--inner\"><\/div>\n            <\/div>\n                <div class=\"container\">\n            <div class=\"row\">\n                <div class=\"row__col\">\n                    <div class=\"text-img-wrapper\">\n                        <div class=\"text-col\" >\n                                                                \n                                <div class=\"title-wrapper\" >\n                                    <h1 class=\"h2 text-left\">V\u00e5ra <strong><i>ramavtal<\/i><\/strong><\/h1>                                <\/div>\n                                                            \n                            \n                                                            <div class=\"text-wrapper\" >\n                                    <p>Idag har vi flera stora ramavtal med statliga myndigheter i hela Sverige.<\/p>\n                                <\/div>\n                                                            \n                                                            <div class='btn-wrapper'><div class=\"btn-element\" ><a class=\"btn btn--white\" href=\"https:\/\/novare.se\/public\/kontakta-oss\/\"target=\"_self\">Kontakta oss<\/a><\/div><\/div>    \n                                                    <\/div>\n\n                                                    <div class=\"657 HEROTHREEIMG img-col \"   >\n                            <img loading=\"lazy\" decoding=\"async\" width=\"1024\" height=\"945\" src=\"https:\/\/novare.se\/public\/wp-content\/uploads\/sites\/6\/2024\/06\/Novare_sma28_webb-1024x945.jpg\" class=\"attachment-large size-large\" alt=\"Personer konverserar glatt vid skrivbord i ett kontor.\" srcset=\"https:\/\/novare.se\/public\/wp-content\/uploads\/sites\/6\/2024\/06\/Novare_sma28_webb-1024x945.jpg 1024w, https:\/\/novare.se\/public\/wp-content\/uploads\/sites\/6\/2024\/06\/Novare_sma28_webb-360x332.jpg 360w, https:\/\/novare.se\/public\/wp-content\/uploads\/sites\/6\/2024\/06\/Novare_sma28_webb-768x709.jpg 768w, https:\/\/novare.se\/public\/wp-content\/uploads\/sites\/6\/2024\/06\/Novare_sma28_webb.jpg 1300w\" sizes=\"(max-width: 1024px) 100vw, 1024px\" \/>                                \n                            <\/div>\n                                            <\/div>\n                <\/div>\n            <\/div>\n        <\/div>\n    <\/div>\n            <div class=\"hero-3--bottom-section \"  >\n        <div class=\"breadcrumbs dark-text\">\n\t<div class=\"container\">\n        <div class=\"row\">\n            <div class=\"row__col\">\n                <div class=\"breadcrumbs--inner\">\n                    <ul>\n                                                                                <li>\n                                <a href=\"https:\/\/novare.se\/\" class=\"alt\">\n                                    Novare                                <\/a>\n                            <\/li>\n                            \n\t\t\t                                        <li>\n                                <a href=\"https:\/\/novare.se\/public\/\" class=\"alt\">\n                                                                            Novare Public                                                                    <\/a>\n                            <\/li>\n\t\t\t                                    <li><span class=\"alt\">Ramavtal<\/span><\/li>\n                    <\/ul>\n                <\/div>\n            <\/div>\n        <\/div>\n\t<\/div>\n<\/div>        <\/div>\n    \n    <\/section>\n\n\n<section id=\"one-column-text-block-block_42b9e8fd1d1b731dd91daa67507da0b8\" class=\"block one-column-text-block  m-b bg-default\">\n    <div class=\"container\">\n        <div class=\"row row--middle\">\n                            <div class=\"row__col row__col--lg-8\">\n                    <div class=\"title-wrapper\" data-aos-anchor='#one-column-text-block-block_42b9e8fd1d1b731dd91daa67507da0b8'data-aos='fade-up'data-aos-easing='ease-in-out-sine'data-aos-duration='500'data-aos-delay='0'data-aos-once='true'data-aos-offset='250' >\n                        <h3 class=\"h4 m-0 text-left\">Ramavtal med <strong><i>statliga myndigheter och organisationer<\/i><\/strong><\/h3>                    <\/div>\n                <\/div>\n                            \n                            <div class=\"row__col row__col--lg-8\" data-aos-anchor='#one-column-text-block-block_42b9e8fd1d1b731dd91daa67507da0b8'data-aos='fade-up'data-aos-easing='ease-in-out-sine'data-aos-duration='500'data-aos-delay='250'data-aos-once='true'data-aos-offset='250'>\n                    <p class=\"preamble m-0\">Vi har ramavtal med flera statliga myndigheter och organisationer f\u00f6r att leverera rekryteringstj\u00e4nster med h\u00f6g kvalitet och god f\u00f6rst\u00e5else f\u00f6r offentlig sektors behov. V\u00e5ra avtal omfattar bland annat chefs- och specialistrekrytering, executive search och second opinion.<\/p>                <\/div>\n            \n            \n            \n                    <\/div>\n    <\/div>\n<\/section>\n\n<section id=\"title-and-text-block_f2ff2b7cf82bb2f094532cba5a2ef63b\" class=\"block title-and-text  m-b\">\n\t<div class=\"container\">\n\t\t<div class=\"row bg-off-white\">\n\t\t\t<div class=\"row__col row__col--lg-4\">\n\t\t\t\t                    <div class=\"title-wrapper\"  >\n                        <h3 class=\"h3 text-left\">V\u00e5ra <strong><i>ramavtal<\/i><\/strong><\/h3>                    <\/div>\n                                    \t\t\t<\/div>\n\t\t\t<div class=\"row__col row__col--lg-8 content\">\n\t\t\t\t\n\t\t\t\t\t\t\t\t\t<div class=\"text-wrapper editor-content\"  >\n\t\t\t\t\t\t<ul>\n<li>Kammarkollegiets ramavtal avseende rekryteringstj\u00e4nster<\/li>\n<\/ul>\n<p>Novare Public har slutit ramavtal f\u00f6r rekryteringstj\u00e4nster med statliga myndigheter via Kammarkollegiet.<\/p>\n<p>Med rekryteringstj\u00e4nster avses rekrytering av chefer, IT-chefer och IT-specialister, specialister och kontorspersonal enligt kammarkollegiets beskrivning.<\/p>\n<p>&nbsp;<\/p>\n<ul>\n<li>DIGG &#8211; Myndigheten f\u00f6r digital f\u00f6rvaltning<\/li>\n<\/ul>\n<p>DIGG:s uppdrag \u00e4r att samordna och st\u00f6dja den f\u00f6rvaltningsgemensamma digitaliseringen i syfte att g\u00f6ra den offentliga f\u00f6rvaltningen mer effektiv och \u00e4ndam\u00e5lsenlig. Med den offentliga f\u00f6rvaltningen menas kommuner, landsting och statliga myndigheter. Novare Public har ett ramavtal med DIGG g\u00e4llande rekryteringstj\u00e4nster.<\/p>\n<p>&nbsp;<\/p>\n<ul>\n<li>Almi f\u00f6retagspartner AB<\/li>\n<\/ul>\n<p>Novare har ramtal f\u00f6r rekryteringtj\u00e4nster hela koncernen Almi F\u00f6retagspartner AB (Executive Search), samt f\u00f6r Stockholm Almi F\u00f6retagspartner AB.<\/p>\n<p>&nbsp;<\/p>\n<ul>\n<li>UHR &#8211; Universitetets- och H\u00f6gskoler\u00e5det<\/li>\n<\/ul>\n<p>Ramavtal avseende rekryteringstj\u00e4nster.<\/p>\n<p>&nbsp;<\/p>\n<ul>\n<li>Vinnova<\/li>\n<\/ul>\n<p>Ramavtal med Sveriges innovationsmyndighet avseende rekryteringstj\u00e4nster.<\/p>\n<p>&nbsp;<\/p>\n<ul>\n<li>TLV &#8211; Tandv\u00e5rds- och l\u00e4kemedlesf\u00f6rm\u00e5nsverket<\/li>\n<\/ul>\n<p>Ramavtal avseende rekryteringstj\u00e4nster.<\/p>\n<p>&nbsp;<\/p>\n<ul>\n<li>Regeringskansliet<\/li>\n<\/ul>\n<p>Ramavtal avseende second opinion.<\/p>\n\t\t\t\t\t<\/div>\n                    \t\t\t\t\t\n\n\t\t\t\t\n\t\t\t\t\t\t\t<\/div>\n\t\t<\/div>\n\t<\/div>\n<\/section>\n\n<section id=\"faq-block-block_48773fd22ea875213998c7091dfda068\" class=\"block faq-block  m-b bg-default\">\n    <div class=\"container\">\n        <div class=\"row\">\n            <div class=\"row__col row__col--lg-6\" data-aos-anchor='#faq-block-block_48773fd22ea875213998c7091dfda068'data-aos='fade-up'data-aos-easing='ease-in-out-sine'data-aos-duration='500'data-aos-delay='0'data-aos-once='true'data-aos-offset='250' >\n                <img loading=\"lazy\" decoding=\"async\" width=\"819\" height=\"1024\" src=\"https:\/\/novare.se\/public\/wp-content\/uploads\/sites\/6\/2025\/07\/publicramavtal-819x1024.jpg\" class=\"media-item\" alt=\"\" srcset=\"https:\/\/novare.se\/public\/wp-content\/uploads\/sites\/6\/2025\/07\/publicramavtal-819x1024.jpg 819w, https:\/\/novare.se\/public\/wp-content\/uploads\/sites\/6\/2025\/07\/publicramavtal-288x360.jpg 288w, https:\/\/novare.se\/public\/wp-content\/uploads\/sites\/6\/2025\/07\/publicramavtal-768x960.jpg 768w, https:\/\/novare.se\/public\/wp-content\/uploads\/sites\/6\/2025\/07\/publicramavtal-1229x1536.jpg 1229w, https:\/\/novare.se\/public\/wp-content\/uploads\/sites\/6\/2025\/07\/publicramavtal.jpg 1280w\" sizes=\"(max-width: 819px) 100vw, 819px\" \/>            <\/div>\n            \n            <div class=\"row__col row__col--lg-6\">\n                                    <div class=\"title-wrapper text-medium\" data-aos-anchor='#faq-block-block_48773fd22ea875213998c7091dfda068'data-aos='fade-up'data-aos-easing='ease-in-out-sine'data-aos-duration='500'data-aos-delay='300'data-aos-once='true'data-aos-offset='250' >\n                        <h2 class=\"h3 text-left\">Vanliga fr\u00e5gor om <i><strong>ramavtal<\/strong><\/i><\/h2>                    <\/div>\n                                                    \n                                    <div class=\"accordion\">\n                                                    <div class=\"accordion-item\" data-aos-anchor='#faq-block-block_48773fd22ea875213998c7091dfda068'data-aos='fade-right'data-aos-easing='ease-in-out-sine'data-aos-duration='500'data-aos-delay='1000'data-aos-once='true'data-aos-offset='250' >\n                                <div class=\"accordion-header\">\n                                    <span class=\"question\">Hur arbetar vi inom ramen f\u00f6r v\u00e5ra ramavtal i praktiken?<\/span>\n                                    <i class=\"fa fa-plus\"><\/i><i class=\"fa fa-minus hidden\"><\/i>\n                                <\/div>\n                                <div class=\"accordion-content\" style=\"display: none;\">\n                                    <span class=\"separator\"><\/span>\n                                    Vi f\u00f6ljer upphandlade villkor, tidsramar och kvalitetskrav och anpassar arbetss\u00e4ttet efter respektive myndighets eller organisations behov och struktur.                                <\/div>\n                            <\/div>\n                                                        <div class=\"accordion-item\" data-aos-anchor='#faq-block-block_48773fd22ea875213998c7091dfda068'data-aos='fade-right'data-aos-easing='ease-in-out-sine'data-aos-duration='500'data-aos-delay='1250'data-aos-once='true'data-aos-offset='250' >\n                                <div class=\"accordion-header\">\n                                    <span class=\"question\">Hur anv\u00e4nds ramavtalen i olika typer av rekryteringsuppdrag?<\/span>\n                                    <i class=\"fa fa-plus\"><\/i><i class=\"fa fa-minus hidden\"><\/i>\n                                <\/div>\n                                <div class=\"accordion-content\" style=\"display: none;\">\n                                    <span class=\"separator\"><\/span>\n                                    Ramavtalen anv\u00e4nds f\u00f6r uppdrag inom chefsrekrytering, specialistrekrytering, executive search och second opinion, d\u00e4r processen anpassas efter uppdragets omfattning och komplexitet.                                <\/div>\n                            <\/div>\n                                                        <div class=\"accordion-item\" data-aos-anchor='#faq-block-block_48773fd22ea875213998c7091dfda068'data-aos='fade-right'data-aos-easing='ease-in-out-sine'data-aos-duration='500'data-aos-delay='1500'data-aos-once='true'data-aos-offset='250' >\n                                <div class=\"accordion-header\">\n                                    <span class=\"question\">Hur s\u00e4kerst\u00e4ller vi kvalitet och transparens i uppdrag som g\u00e5r via ramavtal?<\/span>\n                                    <i class=\"fa fa-plus\"><\/i><i class=\"fa fa-minus hidden\"><\/i>\n                                <\/div>\n                                <div class=\"accordion-content\" style=\"display: none;\">\n                                    <span class=\"separator\"><\/span>\n                                    Genom strukturerade processer, tydlig dokumentation, l\u00f6pande dialog och fastst\u00e4llda utv\u00e4rderingskriterier som \u00e4r f\u00f6rankrade i respektive ramavtal.                                <\/div>\n                            <\/div>\n                                                        <div class=\"accordion-item\" data-aos-anchor='#faq-block-block_48773fd22ea875213998c7091dfda068'data-aos='fade-right'data-aos-easing='ease-in-out-sine'data-aos-duration='500'data-aos-delay='1750'data-aos-once='true'data-aos-offset='250' >\n                                <div class=\"accordion-header\">\n                                    <span class=\"question\">Hur fungerar avrop fr\u00e5n v\u00e5ra ramavtal?<\/span>\n                                    <i class=\"fa fa-plus\"><\/i><i class=\"fa fa-minus hidden\"><\/i>\n                                <\/div>\n                                <div class=\"accordion-content\" style=\"display: none;\">\n                                    <span class=\"separator\"><\/span>\n                                    Avrop sker enligt den modell som g\u00e4ller f\u00f6r ramavtalet, exempelvis genom rangordning eller f\u00f6rnyad konkurrensuts\u00e4ttning, beroende p\u00e5 uppdragets karakt\u00e4r.                                <\/div>\n                            <\/div>\n                                                        <div class=\"accordion-item\" data-aos-anchor='#faq-block-block_48773fd22ea875213998c7091dfda068'data-aos='fade-right'data-aos-easing='ease-in-out-sine'data-aos-duration='500'data-aos-delay='2000'data-aos-once='true'data-aos-offset='250' >\n                                <div class=\"accordion-header\">\n                                    <span class=\"question\">Hur vet man om ett uppdrag omfattas av v\u00e5ra ramavtal?<\/span>\n                                    <i class=\"fa fa-plus\"><\/i><i class=\"fa fa-minus hidden\"><\/i>\n                                <\/div>\n                                <div class=\"accordion-content\" style=\"display: none;\">\n                                    <span class=\"separator\"><\/span>\n                                    Vi st\u00e4mmer tidigt av om organisationen och behovet faller inom ett befintligt ramavtal och guidar d\u00e4refter kring r\u00e4tt v\u00e4g fram\u00e5t f\u00f6r uppdraget.                                <\/div>\n                            <\/div>\n                                                <\/div>\n                            <\/div>\n        <\/div>\n    <\/div>\n<\/section>\n","protected":false},"excerpt":{"rendered":"","protected":false},"author":4,"featured_media":0,"parent":0,"menu_order":0,"comment_status":"closed","ping_status":"closed","template":"","meta":{"_acf_changed":false,"_seopress_robots_primary_cat":"","_seopress_titles_title":"Ramavtal f\u00f6r rekryteringstj\u00e4nster i Sverige - novare.se","_seopress_titles_desc":"Novare Public erbjuder rekryteringstj\u00e4nster via ramavtal med flera svenska myndigheter, inklusive DIGG, Almi och Regeringskansliet. Kontakta oss!","_seopress_robots_index":"","inline_featured_image":false,"footnotes":""},"class_list":["post-332","page","type-page","status-publish","hentry"],"acf":[],"_links":{"self":[{"href":"https:\/\/novare.se\/public\/wp-json\/wp\/v2\/pages\/332","targetHints":{"allow":["GET"]}}],"collection":[{"href":"https:\/\/novare.se\/public\/wp-json\/wp\/v2\/pages"}],"about":[{"href":"https:\/\/novare.se\/public\/wp-json\/wp\/v2\/types\/page"}],"author":[{"embeddable":true,"href":"https:\/\/novare.se\/public\/wp-json\/wp\/v2\/users\/4"}],"replies":[{"embeddable":true,"href":"https:\/\/novare.se\/public\/wp-json\/wp\/v2\/comments?post=332"}],"version-history":[{"count":21,"href":"https:\/\/novare.se\/public\/wp-json\/wp\/v2\/pages\/332\/revisions"}],"predecessor-version":[{"id":1546,"href":"https:\/\/novare.se\/public\/wp-json\/wp\/v2\/pages\/332\/revisions\/1546"}],"wp:attachment":[{"href":"https:\/\/novare.se\/public\/wp-json\/wp\/v2\/media?parent=332"}],"curies":[{"name":"wp","href":"https:\/\/api.w.org\/{rel}","templated":true}]}}