{"id":320,"date":"2024-05-22T07:58:58","date_gmt":"2024-05-22T07:58:58","guid":{"rendered":"https:\/\/novare.se\/public\/?page_id=320"},"modified":"2026-02-03T13:42:59","modified_gmt":"2026-02-03T13:42:59","slug":"om-oss","status":"publish","type":"page","link":"https:\/\/novare.se\/public\/om-oss\/","title":{"rendered":"Om oss"},"content":{"rendered":"<section id=\"hero-3-block_115c5dfd8a870058509a6cd7c0d32f51\" class=\"block hero-3  m-b \">\n    <div class=\"hero-3--top-section bg-primary\">\n                    <div class=\"bg-backdrop\">\n                <div class=\"bg-backdrop--inner\"><\/div>\n            <\/div>\n                <div class=\"container\">\n            <div class=\"row\">\n                <div class=\"row__col\">\n                    <div class=\"text-img-wrapper\">\n                        <div class=\"text-col\" >\n                                                                \n                                <div class=\"title-wrapper\" >\n                                    <h1 class=\"h2 text-left\">Om <strong><i>Novare Public<\/i><\/strong><\/h1>                                <\/div>\n                                                            \n                            \n                                                            <div class=\"text-wrapper\" >\n                                    <p>R\u00e4tt person p\u00e5 r\u00e4tt plats kan f\u00f6r\u00e4ndra mycket. Vi hj\u00e4lper offentlig sektor att hitta just de personerna.<\/p>\n                                <\/div>\n                                                            \n                                                            <div class='btn-wrapper'><div class=\"btn-element\" ><a class=\"btn btn--white\" href=\"https:\/\/novare.se\/public\/kontakta-oss\/\"target=\"_self\">Kontakta oss<\/a><\/div><\/div>    \n                                                    <\/div>\n\n                                                    <div class=\"1403 HEROTHREEIMG img-col \"   >\n                            <img loading=\"lazy\" decoding=\"async\" width=\"1024\" height=\"1024\" src=\"https:\/\/novare.se\/public\/wp-content\/uploads\/sites\/6\/2025\/10\/interim_1380x1700-e17585426372331-1024x1024.jpg\" class=\"attachment-large size-large\" alt=\"\" srcset=\"https:\/\/novare.se\/public\/wp-content\/uploads\/sites\/6\/2025\/10\/interim_1380x1700-e17585426372331-1024x1024.jpg 1024w, https:\/\/novare.se\/public\/wp-content\/uploads\/sites\/6\/2025\/10\/interim_1380x1700-e17585426372331-360x360.jpg 360w, https:\/\/novare.se\/public\/wp-content\/uploads\/sites\/6\/2025\/10\/interim_1380x1700-e17585426372331-150x150.jpg 150w, https:\/\/novare.se\/public\/wp-content\/uploads\/sites\/6\/2025\/10\/interim_1380x1700-e17585426372331-768x768.jpg 768w, https:\/\/novare.se\/public\/wp-content\/uploads\/sites\/6\/2025\/10\/interim_1380x1700-e17585426372331.jpg 1380w\" sizes=\"(max-width: 1024px) 100vw, 1024px\" \/>                                \n                            <\/div>\n                                            <\/div>\n                <\/div>\n            <\/div>\n        <\/div>\n    <\/div>\n            <div class=\"hero-3--bottom-section \"  >\n        <div class=\"breadcrumbs dark-text\">\n\t<div class=\"container\">\n        <div class=\"row\">\n            <div class=\"row__col\">\n                <div class=\"breadcrumbs--inner\">\n                    <ul>\n                                                                                <li>\n                                <a href=\"https:\/\/novare.se\/\" class=\"alt\">\n                                    Novare                                <\/a>\n                            <\/li>\n                            \n\t\t\t                                        <li>\n                                <a href=\"https:\/\/novare.se\/public\/\" class=\"alt\">\n                                                                            Novare Public                                                                    <\/a>\n                            <\/li>\n\t\t\t                                    <li><span class=\"alt\">Om oss<\/span><\/li>\n                    <\/ul>\n                <\/div>\n            <\/div>\n        <\/div>\n\t<\/div>\n<\/div>        <\/div>\n    \n    <\/section>\n\n\n<section id=\"one-column-text-block-block_800de6aef5b4646c0a24dc25616cc320\" class=\"block one-column-text-block  m-b bg-default\">\n    <div class=\"container\">\n        <div class=\"row row--middle\">\n                            <div class=\"row__col row__col--lg-8\">\n                    <div class=\"title-wrapper\" data-aos-anchor='#one-column-text-block-block_800de6aef5b4646c0a24dc25616cc320'data-aos='fade-up'data-aos-easing='ease-in-out-sine'data-aos-duration='500'data-aos-delay='0'data-aos-once='true'data-aos-offset='250' >\n                        <h3 class=\"h4 m-0 text-left\">N\u00e4r den offentliga sektorn beh\u00f6ver <strong><i>chefer och specialister<\/i><\/strong><\/h3>                    <\/div>\n                <\/div>\n                            \n                            <div class=\"row__col row__col--lg-8\" data-aos-anchor='#one-column-text-block-block_800de6aef5b4646c0a24dc25616cc320'data-aos='fade-up'data-aos-easing='ease-in-out-sine'data-aos-duration='500'data-aos-delay='250'data-aos-once='true'data-aos-offset='250'>\n                    <p class=\"preamble m-0\">Att hitta r\u00e4tt kompetens handlar om mer \u00e4n att fylla en ledig plats. V\u00e5rt fokus \u00e4r att matcha r\u00e4tt person med r\u00e4tt uppdrag &#8211; p\u00e5 ett s\u00e4tt som g\u00f6r skillnad f\u00f6r b\u00e5de individ och organisation.<br \/>\r\n<\/p>                <\/div>\n            \n                            <div class=\"row__col row__col--lg-8\" data-aos-anchor='#one-column-text-block-block_800de6aef5b4646c0a24dc25616cc320'data-aos='fade-up'data-aos-easing='ease-in-out-sine'data-aos-duration='500'data-aos-delay='250'data-aos-once='true'data-aos-offset='250'>\n                    <div class=\"text-wrapper editor-content\">\n                        <h5>Erfarenhet och f\u00f6rst\u00e5else<\/h5>\n<p>Med l\u00e5ng erfarenhet av rekrytering inom offentlig sektor har vi byggt upp en djup f\u00f6rst\u00e5else f\u00f6r dess m\u00f6jligheter, utmaningar och krav. Vi vet hur man identifierar kandidater med r\u00e4tt kompetens, egenskaper och drivkrafter f\u00f6r att bidra till verksamhetens m\u00e5l.<\/p>\n<p>F\u00f6r att lyckas i varje uppdrag l\u00e4gger vi stor vikt vid att f\u00f6rst\u00e5 er organisation &#8211; era strategier, m\u00e5l och kompetensbehov. En grundlig f\u00f6rf\u00f6rst\u00e5else g\u00f6r att vi kan arbeta tr\u00e4ffs\u00e4kert och hitta kandidater som inte bara motsvarar kravprofilen, utan ocks\u00e5 delar ert engagemang f\u00f6r uppdraget.<\/p>\n<p>&nbsp;<\/p>\n<h5>Ett brett och relevant n\u00e4tverk<\/h5>\n<p>Genom v\u00e5rt etablerade n\u00e4tverk inom kommuner, regioner och statliga myndigheter kan vi snabbt identifiera och n\u00e5 ut till kvalificerade kandidater. V\u00e5rt n\u00e4tverk \u00e4r s\u00e4rskilt starkt inom omr\u00e5den som HR, ekonomi, juridik, IT och tech &#8211; och ger oss m\u00f6jlighet att hitta personer som annars inte n\u00e5s genom traditionella kanaler.<\/p>\n<p>&nbsp;<\/p>\n<h5>Trygghet och l\u00e5ngsiktighet<\/h5>\n<p>Vi arbetar f\u00f6r l\u00e5ngsiktiga samarbeten och h\u00f6g kvalitet i varje uppdrag. V\u00e5r ambition \u00e4r att b\u00e5de uppdragsgivare och kandidater ska k\u00e4nna sig trygga och n\u00f6jda genom hela processen. Den h\u00f6ga andelen \u00e5terkommande kunder visar att v\u00e5rt arbetss\u00e4tt fungerar.<\/p>\n                    <\/div>\n                <\/div>\n                            \n            \n                    <\/div>\n    <\/div>\n<\/section>\n\n<section id=\"image-video-text-block_58deb8993cfc3aba3edcdefb2f6bb8d4\" class=\"block image-video-text  m-b bg-default\">\n    <div class=\"container\">\n        <div class=\"row image-left\">\n            <div class=\"row__col row__col--md-6 media-item\">\n                                    <div class=\"image-wrapper\"  >\n                        <img loading=\"lazy\" decoding=\"async\" width=\"831\" height=\"1024\" src=\"https:\/\/novare.se\/public\/wp-content\/uploads\/sites\/6\/2025\/10\/konsult_1380x17001-831x1024.jpg\" class=\"media-item\" alt=\"\" srcset=\"https:\/\/novare.se\/public\/wp-content\/uploads\/sites\/6\/2025\/10\/konsult_1380x17001-831x1024.jpg 831w, https:\/\/novare.se\/public\/wp-content\/uploads\/sites\/6\/2025\/10\/konsult_1380x17001-292x360.jpg 292w, https:\/\/novare.se\/public\/wp-content\/uploads\/sites\/6\/2025\/10\/konsult_1380x17001-768x946.jpg 768w, https:\/\/novare.se\/public\/wp-content\/uploads\/sites\/6\/2025\/10\/konsult_1380x17001-1247x1536.jpg 1247w, https:\/\/novare.se\/public\/wp-content\/uploads\/sites\/6\/2025\/10\/konsult_1380x17001.jpg 1380w\" sizes=\"(max-width: 831px) 100vw, 831px\" \/>                    <\/div>\n                                            <\/div>\n\n            <div class=\"row__col row__col--md-6 content\"  >\n                                    <div class=\"title-wrapper\" >\n                        <h3 class=\"h3 text-left\">Jobba <strong><i>hos oss<\/i><\/strong><\/h3>                    <\/div>\n                                                                        <div class=\"text-wrapper editor-content\" >\n                    <p>Novare Public grundades v\u00e5ren 2018 f\u00f6r att hj\u00e4lpa offentlig sektor med rekrytering.\u00a0Sedan dess har vi rekryterat hundratals chefer och specialister till offentliga organisationer \u00f6ver hela Sverige.<\/p>\n<p>Idag samarbetar vi med flera statliga myndigheter genom ramavtal och forts\u00e4tter v\u00e4xa &#8211; med samma engagemang, energi och fokus p\u00e5 kvalitet som fr\u00e5n b\u00f6rjan.<\/p>\n<p>&nbsp;<\/p>\n<h6>Vill du bli v\u00e5r nya kollega?<\/h6>\n<p>Vi \u00e4r ett sammansvetsat team som drivs av att skapa v\u00e4rde f\u00f6r b\u00e5de kunder och kandidater &#8211; och vi har roligt p\u00e5 v\u00e4gen.<\/p>\n<p>Skicka ett mejl och ber\u00e4tta om dig sj\u00e4lv, s\u00e5 tar vi det d\u00e4rifr\u00e5n. Oavsett om du \u00e4r ny i karri\u00e4ren eller har l\u00e5ng erfarenhet som konsult, ser vi fram emot att l\u00e4ra k\u00e4nna dig!<\/p>\n                    <\/div>\n                                                                                <\/div>\n        <\/div>\n    <\/div>\n<\/section>\n\n\n<section id=\"contact-persons-block_f2bbacfe4bff8af1cb631a225522c886\" class=\"block contact-persons  m-b\">\n    <div class=\"container\">\n        <div class=\"row\">\n            <div class=\"row__col row__col--lg-12\">\n                <div class=\"contact-persons--wrapper bg-gold-light\">\n                    <div class=\"contact-persons--wrapper--content\" >\n                                                    <div class=\"header-wrapper\" >\n                                <h3 class=\"h3 text-left\"><strong><i>Vill du veta mer?<\/i><\/strong><\/h3>                            <\/div>\n                        \n                                                    <div class=\"text-wrapper\">\n                                <h3>H\u00f6r av dig!<\/h3>\n                            <\/div>\n                        \n                                                                                                <\/div>\n                    <div class=\"contact-persons--wrapper--people\">\n                                                                                    <div class=\"contact-person\" data-aos-anchor='#contact-persons-block_f2bbacfe4bff8af1cb631a225522c886'data-aos='fade-right'data-aos-easing='ease-in-out-sine'data-aos-duration='500'data-aos-delay='0'data-aos-once='true'data-aos-offset='250' >\n                                    <div class=\"contact-person--image\">\n                                        <img loading=\"lazy\" decoding=\"async\" width=\"360\" height=\"258\" src=\"https:\/\/novare.se\/public\/wp-content\/uploads\/sites\/6\/2024\/04\/Mitra_Frost_Tiny-360x258.jpg\" class=\"attachment-medium size-medium\" alt=\"Kvinna sitter, b\u00e4r svart kl\u00e4dsel, neutralt beige bakgrund.\" srcset=\"https:\/\/novare.se\/public\/wp-content\/uploads\/sites\/6\/2024\/04\/Mitra_Frost_Tiny-360x258.jpg 360w, https:\/\/novare.se\/public\/wp-content\/uploads\/sites\/6\/2024\/04\/Mitra_Frost_Tiny.jpg 670w\" sizes=\"(max-width: 360px) 100vw, 360px\" \/>                                    <\/div>\n                                    <div class=\"contact-person--details\">\n                                        <div class=\"name-wrapper\">\n                                            <a href=\"https:\/\/novare.se\/public\/medarbetare\/mitra-frost\/\">Mitra Frost<\/a>\n                                        <\/div>\n                                        <div class=\"title-wrapper\">\n                                            <p>Vd och Partner<\/p>\n                                        <\/div>\n                                        <div class=\"email-wrapper\">\n                                            <a href=\"mailto:mitra.frost@novare.se\">mitra.frost@novare.se<\/a>\n                                        <\/div>\n                                        <div class=\"phone-wrapper\">\n                                            <a href=\"tel:+46736409239\">+46 736 40 92 39<\/a>\n                                        <\/div>\n                                    <\/div>\n                                <\/div>\n                                                    <\/div>\n                <\/div>\n            <\/div>\n        <\/div>\n    <\/div>\n<\/section>\n\n\n<section id=\"faq-block-block_f6d615a835253cc0ee638b78348531c2\" class=\"block faq-block  m-b bg-default\">\n    <div class=\"container\">\n        <div class=\"row\">\n            <div class=\"row__col row__col--lg-6\" data-aos-anchor='#faq-block-block_f6d615a835253cc0ee638b78348531c2'data-aos='fade-up'data-aos-easing='ease-in-out-sine'data-aos-duration='500'data-aos-delay='0'data-aos-once='true'data-aos-offset='250' >\n                <img loading=\"lazy\" decoding=\"async\" width=\"1024\" height=\"945\" src=\"https:\/\/novare.se\/public\/wp-content\/uploads\/sites\/6\/2024\/06\/Novare_sma09_webb-1024x945.jpg\" class=\"media-item\" alt=\"Tre personer samtalar utomhus i vinterkl\u00e4der.\" srcset=\"https:\/\/novare.se\/public\/wp-content\/uploads\/sites\/6\/2024\/06\/Novare_sma09_webb-1024x945.jpg 1024w, https:\/\/novare.se\/public\/wp-content\/uploads\/sites\/6\/2024\/06\/Novare_sma09_webb-360x332.jpg 360w, https:\/\/novare.se\/public\/wp-content\/uploads\/sites\/6\/2024\/06\/Novare_sma09_webb-768x709.jpg 768w, https:\/\/novare.se\/public\/wp-content\/uploads\/sites\/6\/2024\/06\/Novare_sma09_webb.jpg 1300w\" sizes=\"(max-width: 1024px) 100vw, 1024px\" \/>            <\/div>\n            \n            <div class=\"row__col row__col--lg-6\">\n                                    <div class=\"title-wrapper text-medium\" data-aos-anchor='#faq-block-block_f6d615a835253cc0ee638b78348531c2'data-aos='fade-up'data-aos-easing='ease-in-out-sine'data-aos-duration='500'data-aos-delay='300'data-aos-once='true'data-aos-offset='250' >\n                        <h2 class=\"h3 text-left\">Vanliga fr\u00e5gor <strong><i>Novare Public<\/i><\/strong><\/h2>                    <\/div>\n                                                    \n                                    <div class=\"accordion\">\n                                                    <div class=\"accordion-item\" data-aos-anchor='#faq-block-block_f6d615a835253cc0ee638b78348531c2'data-aos='fade-right'data-aos-easing='ease-in-out-sine'data-aos-duration='500'data-aos-delay='1000'data-aos-once='true'data-aos-offset='250' >\n                                <div class=\"accordion-header\">\n                                    <span class=\"question\">Vad \u00e4r Novare Publics uppdrag inom offentlig sektor?<\/span>\n                                    <i class=\"fa fa-plus\"><\/i><i class=\"fa fa-minus hidden\"><\/i>\n                                <\/div>\n                                <div class=\"accordion-content\" style=\"display: none;\">\n                                    <span class=\"separator\"><\/span>\n                                    Vi p\u00e5 Novare Public arbetar med att st\u00f6tta offentliga organisationer i rekrytering av chefer och specialister, med fokus p\u00e5 l\u00e5ngsiktiga och h\u00e5llbara l\u00f6sningar anpassade efter verksamhetens samh\u00e4llsuppdrag.                                <\/div>\n                            <\/div>\n                                                        <div class=\"accordion-item\" data-aos-anchor='#faq-block-block_f6d615a835253cc0ee638b78348531c2'data-aos='fade-right'data-aos-easing='ease-in-out-sine'data-aos-duration='500'data-aos-delay='1250'data-aos-once='true'data-aos-offset='250' >\n                                <div class=\"accordion-header\">\n                                    <span class=\"question\">Vilken typ av organisationer samarbetar Novare Public med?<\/span>\n                                    <i class=\"fa fa-plus\"><\/i><i class=\"fa fa-minus hidden\"><\/i>\n                                <\/div>\n                                <div class=\"accordion-content\" style=\"display: none;\">\n                                    <span class=\"separator\"><\/span>\n                                    Vi samarbetar med myndigheter, kommuner, regioner och offentligt \u00e4gda bolag som har behov av kvalificerad kompetens inom ledning och specialistroller.                                <\/div>\n                            <\/div>\n                                                        <div class=\"accordion-item\" data-aos-anchor='#faq-block-block_f6d615a835253cc0ee638b78348531c2'data-aos='fade-right'data-aos-easing='ease-in-out-sine'data-aos-duration='500'data-aos-delay='1500'data-aos-once='true'data-aos-offset='250' >\n                                <div class=\"accordion-header\">\n                                    <span class=\"question\">Vad utm\u00e4rker Novare Publics arbetss\u00e4tt j\u00e4mf\u00f6rt med andra akt\u00f6rer?<\/span>\n                                    <i class=\"fa fa-plus\"><\/i><i class=\"fa fa-minus hidden\"><\/i>\n                                <\/div>\n                                <div class=\"accordion-content\" style=\"display: none;\">\n                                    <span class=\"separator\"><\/span>\n                                    V\u00e5rt arbetss\u00e4tt pr\u00e4glas av djup f\u00f6rst\u00e5else f\u00f6r offentlig verksamhet, tydliga processer och stor h\u00e4nsyn till regelverk, transparens och krav p\u00e5 saklighet i varje uppdrag.                                <\/div>\n                            <\/div>\n                                                        <div class=\"accordion-item\" data-aos-anchor='#faq-block-block_f6d615a835253cc0ee638b78348531c2'data-aos='fade-right'data-aos-easing='ease-in-out-sine'data-aos-duration='500'data-aos-delay='1750'data-aos-once='true'data-aos-offset='250' >\n                                <div class=\"accordion-header\">\n                                    <span class=\"question\">Hur s\u00e4kerst\u00e4ller Novare Public kvalitet i sina rekryteringar?<\/span>\n                                    <i class=\"fa fa-plus\"><\/i><i class=\"fa fa-minus hidden\"><\/i>\n                                <\/div>\n                                <div class=\"accordion-content\" style=\"display: none;\">\n                                    <span class=\"separator\"><\/span>\n                                    Vi genomf\u00f6r noggranna behovsanalyser, strukturerade urvalsprocesser och relevanta bakgrundskontroller f\u00f6r att s\u00e4kerst\u00e4lla r\u00e4tt kompetens och god matchning \u00f6ver tid.                                <\/div>\n                            <\/div>\n                                                        <div class=\"accordion-item\" data-aos-anchor='#faq-block-block_f6d615a835253cc0ee638b78348531c2'data-aos='fade-right'data-aos-easing='ease-in-out-sine'data-aos-duration='500'data-aos-delay='2000'data-aos-once='true'data-aos-offset='250' >\n                                <div class=\"accordion-header\">\n                                    <span class=\"question\">Kan Novare Public erbjuda st\u00f6d ut\u00f6ver rekrytering?<\/span>\n                                    <i class=\"fa fa-plus\"><\/i><i class=\"fa fa-minus hidden\"><\/i>\n                                <\/div>\n                                <div class=\"accordion-content\" style=\"display: none;\">\n                                    <span class=\"separator\"><\/span>\n                                    Ja, ut\u00f6ver rekrytering erbjuder vi \u00e4ven r\u00e5dgivning, interimsl\u00f6sningar och second opinion f\u00f6r att st\u00f6dja organisationer i olika faser av f\u00f6r\u00e4ndring och utveckling.                                <\/div>\n                            <\/div>\n                                                <\/div>\n                            <\/div>\n        <\/div>\n    <\/div>\n<\/section>\n","protected":false},"excerpt":{"rendered":"","protected":false},"author":4,"featured_media":0,"parent":0,"menu_order":0,"comment_status":"closed","ping_status":"closed","template":"","meta":{"_acf_changed":false,"_seopress_robots_primary_cat":"","_seopress_titles_title":"Rekrytering f\u00f6r offentlig sektor - novare.se","_seopress_titles_desc":"Novare Public hj\u00e4lper offentlig sektor att hitta r\u00e4tt chefer och specialister genom unika n\u00e4tverk och l\u00e5ng erfarenhet. N\u00f6jd-kund-garanti ing\u00e5r.","_seopress_robots_index":"","inline_featured_image":false,"footnotes":""},"class_list":["post-320","page","type-page","status-publish","hentry"],"acf":[],"_links":{"self":[{"href":"https:\/\/novare.se\/public\/wp-json\/wp\/v2\/pages\/320","targetHints":{"allow":["GET"]}}],"collection":[{"href":"https:\/\/novare.se\/public\/wp-json\/wp\/v2\/pages"}],"about":[{"href":"https:\/\/novare.se\/public\/wp-json\/wp\/v2\/types\/page"}],"author":[{"embeddable":true,"href":"https:\/\/novare.se\/public\/wp-json\/wp\/v2\/users\/4"}],"replies":[{"embeddable":true,"href":"https:\/\/novare.se\/public\/wp-json\/wp\/v2\/comments?post=320"}],"version-history":[{"count":25,"href":"https:\/\/novare.se\/public\/wp-json\/wp\/v2\/pages\/320\/revisions"}],"predecessor-version":[{"id":1543,"href":"https:\/\/novare.se\/public\/wp-json\/wp\/v2\/pages\/320\/revisions\/1543"}],"wp:attachment":[{"href":"https:\/\/novare.se\/public\/wp-json\/wp\/v2\/media?parent=320"}],"curies":[{"name":"wp","href":"https:\/\/api.w.org\/{rel}","templated":true}]}}