{"id":2173,"date":"2024-06-25T12:02:31","date_gmt":"2024-06-25T12:02:31","guid":{"rendered":"https:\/\/novare.se\/leadership-academy\/?page_id=2173"},"modified":"2024-12-17T12:50:32","modified_gmt":"2024-12-17T12:50:32","slug":"avbokningsvillkor","status":"publish","type":"page","link":"https:\/\/novare.se\/leadership\/avbokningsvillkor\/","title":{"rendered":"Avbokningsvillkor"},"content":{"rendered":"<section id=\"image-video-text-block_fbc4d0219bbf5d9a2cdd444a988ca176\" class=\"block image-video-text  m-b bg-default\">\n    <div class=\"container\">\n        <div class=\"row image-left\">\n            <div class=\"row__col row__col--md-6 media-item\">\n                                    <div class=\"image-wrapper\"  >\n                        <img loading=\"lazy\" decoding=\"async\" width=\"1024\" height=\"512\" src=\"https:\/\/novare.se\/leadership\/wp-content\/uploads\/sites\/8\/2024\/06\/avbokningsvillkor-1024x512.jpg\" class=\"media-item\" alt=\"avbokningsvillkor\" srcset=\"https:\/\/novare.se\/leadership\/wp-content\/uploads\/sites\/8\/2024\/06\/avbokningsvillkor-1024x512.jpg 1024w, https:\/\/novare.se\/leadership\/wp-content\/uploads\/sites\/8\/2024\/06\/avbokningsvillkor-360x180.jpg 360w, https:\/\/novare.se\/leadership\/wp-content\/uploads\/sites\/8\/2024\/06\/avbokningsvillkor-768x384.jpg 768w, https:\/\/novare.se\/leadership\/wp-content\/uploads\/sites\/8\/2024\/06\/avbokningsvillkor-1536x768.jpg 1536w, https:\/\/novare.se\/leadership\/wp-content\/uploads\/sites\/8\/2024\/06\/avbokningsvillkor.jpg 2048w\" sizes=\"(max-width: 1024px) 100vw, 1024px\" \/>                    <\/div>\n                                            <\/div>\n\n            <div class=\"row__col row__col--md-6 content\"  >\n                                    <div class=\"title-wrapper\" >\n                        <h3 class=\"h3 text-left\"><strong><i>Avbokningsvillkor<\/i><\/strong>  | Novare Leadership<\/h3>                    <\/div>\n                                                                        <div class=\"text-wrapper editor-content\" >\n                    <p><strong>Avbokning och ombokning<\/strong><br \/>\nDu kan avboka eller boka om ditt ledarskaps- eller mentorprogram utan kostnad fram till 6 veckor f\u00f6re programstart.<\/p>\n<p><strong>Ombokning<\/strong><br \/>\nVill du boka om ditt program till ett senare tillf\u00e4lle tar vi ut en ombokningsavgift p\u00e5 20% av programmets pris om du bokar om med mindre \u00e4n 6 veckor kvar till programstart. Du kan \u00e4ven v\u00e4lja att utan kostnad \u00f6verl\u00e5ta din plats till en annan person inom samma bolag, dock med f\u00f6rbeh\u00e5ll att Novare Leadership Academy f\u00f6rst beh\u00f6ver s\u00e4kerst\u00e4lla att personen \u00e4r kvalificerad f\u00f6r programmet.<\/p>\n<p><strong>Avbokning<\/strong><br \/>\nVill du avboka programmet helt kostar det 50% av programmets pris upp till 14 dagar f\u00f6re start, och d\u00e4refter 75% av programmets pris fram till 7 dagar f\u00f6re start. D\u00e4refter tar vi ut full avgift.<\/p>\n<p>&nbsp;<\/p>\n<p>V\u00e4nligen notera att vi har andra\u00a0<a href=\"https:\/\/novare.se\/leadership\/avbokningsvillkor-styrelseutbildningar\/\">avbokingsvillkor f\u00f6r Novare Board Programs styrelseutbildningar.<\/a><\/p>\n                    <\/div>\n                                                                                <\/div>\n        <\/div>\n    <\/div>\n<\/section>\n\n\n<section id=\"contact-persons-block_946a67cb463052fdb8af78666492b7fb\" class=\"block contact-persons  m-b\">\n    <div class=\"container\">\n        <div class=\"row\">\n            <div class=\"row__col row__col--lg-12\">\n                <div class=\"contact-persons--wrapper bg-gold-dark\">\n                    <div class=\"contact-persons--wrapper--content\" >\n                                                    <div class=\"header-wrapper\" >\n                                <h3 class=\"h3 text-left\">Fr\u00e5gor? <strong>Ring eller maila idag!<\/strong><\/h3>                            <\/div>\n                        \n                                                    <div class=\"text-wrapper\">\n                                <p>Vi vet att det inte alltid blir som man t\u00e4nkt sig \u2013 ring oss g\u00e4rna s\u00e5 hj\u00e4lper vi till med att l\u00f6sa eventuella omboknings- eller avbokningsproblem.<\/p>\n                            <\/div>\n                        \n                                                                                                <\/div>\n                    <div class=\"contact-persons--wrapper--people\">\n                                                                                    <div class=\"contact-person\"  >\n                                    <div class=\"contact-person--image\">\n                                        <img loading=\"lazy\" decoding=\"async\" width=\"360\" height=\"329\" src=\"https:\/\/novare.se\/leadership\/wp-content\/uploads\/sites\/8\/2024\/06\/michele_lind_eriksson-1-656x600-1-360x329.jpg\" class=\"attachment-medium size-medium\" alt=\"michele lind eriksson\" srcset=\"https:\/\/novare.se\/leadership\/wp-content\/uploads\/sites\/8\/2024\/06\/michele_lind_eriksson-1-656x600-1-360x329.jpg 360w, https:\/\/novare.se\/leadership\/wp-content\/uploads\/sites\/8\/2024\/06\/michele_lind_eriksson-1-656x600-1.jpg 656w\" sizes=\"(max-width: 360px) 100vw, 360px\" \/>                                    <\/div>\n                                    <div class=\"contact-person--details\">\n                                        <div class=\"name-wrapper\">\n                                            <a href=\"https:\/\/novare.se\/leadership\/medarbetare\/michele-lind-eriksson\/\">Michele Lind-Eriksson<\/a>\n                                        <\/div>\n                                        <div class=\"title-wrapper\">\n                                            <p>Program Coordinator<\/p>\n                                        <\/div>\n                                        <div class=\"email-wrapper\">\n                                            <a href=\"mailto:michele.lind-eriksson@novare.se\">michele.lind-eriksson@novare.se<\/a>\n                                        <\/div>\n                                        <div class=\"phone-wrapper\">\n                                            <a href=\"tel:+46701681201\">+46 (0) 701 68 12 01<\/a>\n                                        <\/div>\n                                    <\/div>\n                                <\/div>\n                                                    <\/div>\n                <\/div>\n            <\/div>\n        <\/div>\n    <\/div>\n<\/section>\n","protected":false},"excerpt":{"rendered":"","protected":false},"author":3,"featured_media":0,"parent":0,"menu_order":0,"comment_status":"closed","ping_status":"closed","template":"","meta":{"_acf_changed":false,"_seopress_robots_primary_cat":"","_seopress_titles_title":"Avbokning och ombokning av program - novare.se","_seopress_titles_desc":"Avboka eller boka om gratis upp till 6 veckor f\u00f6re start. Senare avbokningar kostar upp till 75%, ombokningar 20%. Kontakta oss f\u00f6r hj\u00e4lp.","_seopress_robots_index":"","inline_featured_image":false,"footnotes":""},"class_list":["post-2173","page","type-page","status-publish","hentry"],"acf":[],"_links":{"self":[{"href":"https:\/\/novare.se\/leadership\/wp-json\/wp\/v2\/pages\/2173","targetHints":{"allow":["GET"]}}],"collection":[{"href":"https:\/\/novare.se\/leadership\/wp-json\/wp\/v2\/pages"}],"about":[{"href":"https:\/\/novare.se\/leadership\/wp-json\/wp\/v2\/types\/page"}],"author":[{"embeddable":true,"href":"https:\/\/novare.se\/leadership\/wp-json\/wp\/v2\/users\/3"}],"replies":[{"embeddable":true,"href":"https:\/\/novare.se\/leadership\/wp-json\/wp\/v2\/comments?post=2173"}],"version-history":[{"count":45,"href":"https:\/\/novare.se\/leadership\/wp-json\/wp\/v2\/pages\/2173\/revisions"}],"predecessor-version":[{"id":3925,"href":"https:\/\/novare.se\/leadership\/wp-json\/wp\/v2\/pages\/2173\/revisions\/3925"}],"wp:attachment":[{"href":"https:\/\/novare.se\/leadership\/wp-json\/wp\/v2\/media?parent=2173"}],"curies":[{"name":"wp","href":"https:\/\/api.w.org\/{rel}","templated":true}]}}