{"id":166,"date":"2024-04-18T12:01:07","date_gmt":"2024-04-18T12:01:07","guid":{"rendered":"https:\/\/novare.se\/leadership-academy\/?page_id=166"},"modified":"2024-07-01T06:56:43","modified_gmt":"2024-07-01T06:56:43","slug":"referenser","status":"publish","type":"page","link":"https:\/\/novare.se\/leadership\/referenser\/","title":{"rendered":"Referenser"},"content":{"rendered":"<section id=\"hero-3-block_7e7a05ff134454e4b0ce1db1362b1ec0\" class=\"block hero-3  m-b no-img \">\n    <div class=\"hero-3--top-section bg-primary\">\n                    <div class=\"bg-backdrop\">\n                <div class=\"bg-backdrop--inner\"><\/div>\n            <\/div>\n                <div class=\"container\">\n            <div class=\"row\">\n                <div class=\"row__col\">\n                    <div class=\"text-img-wrapper\">\n                        <div class=\"text-col\" >\n                                                                \n                                <div class=\"title-wrapper\" >\n                                    <h1 class=\"h1 text-left\">Referenser<\/h1>                                <\/div>\n                                                            \n                            \n                                                            <div class=\"text-wrapper\" >\n                                    <p>Lyssna inte p\u00e5 oss, lyssna p\u00e5 v\u00e5ra kunder. Vi jobbar med allt ifr\u00e5n hela bolag, ledningsgrupper, styrelser och till enskilda individer.<\/p>\n                                <\/div>\n                                                            \n                                                    <\/div>\n\n                                            <\/div>\n                <\/div>\n            <\/div>\n        <\/div>\n    <\/div>\n            <div class=\"hero-3--bottom-section \"  >\n        <div class=\"breadcrumbs dark-text\">\n\t<div class=\"container\">\n        <div class=\"row\">\n            <div class=\"row__col\">\n                <div class=\"breadcrumbs--inner\">\n                    <ul>\n                                                                                <li>\n                                <a href=\"https:\/\/novare.se\/\" class=\"alt\">\n                                    Novare                                <\/a>\n                            <\/li>\n                            \n\t\t\t                                        <li>\n                                <a href=\"https:\/\/novare.se\/leadership\/\" class=\"alt\">\n                                                                            Novare Leadership                                                                    <\/a>\n                            <\/li>\n\t\t\t                                    <li><span class=\"alt\">Referenser<\/span><\/li>\n                    <\/ul>\n                <\/div>\n            <\/div>\n        <\/div>\n\t<\/div>\n<\/div>        <\/div>\n    \n    <\/section>\n\n\n<section id=\"711\" class=\"block reference-listing  m-b bg-default\">\n    <div class=\"container\">\n        <form class=\"listing-block--filters \" data-url=\"https:\/\/novare.se\/leadership\/wp-json\/wp\/v2\/pages\/166\/\">\n            <div class=\"row\">\n                <div class=\"row__col\">\n                    <div class=\"listing-block--filters-inner search\">\n                        <div class=\"filters\">\n                            <div class=\"select-wrapper filter\" >\n                                <label for=\"reference\" class=\"text-medium\">Referenskategori<\/label>\n                                <div class=\"field\">\n                                    <select class=\"js-select-filter\" name=\"category\" id=\"category\">\n                                        <option value=\"\" selected>Alla<\/option>\n                                                                            <\/select>\n                                <\/div>\n                            <\/div>\n                        <\/div>\n\n                        <div class=\"filters--end\" >\n                            <div class=\"input-wrapper\">\n                                <div class=\"field\">\n                                    <input class=\"js-search-field\" type=\"search\" name=\"search\" placeholder=\"S\u00f6k\" value=\"\">\n                                <\/div>\n                            <\/div>\n                        <\/div>\n                    <\/div>\n                <\/div>\n            <\/div>\n            <input type=\"hidden\" name=\"posts_per_page\" value=\"10\">\n            <input type=\"hidden\" name=\"page_no\" value=\"1\">\n            <input type=\"hidden\" name=\"selected_category\" value=\"\">\n        <\/form>\n\n        <div class=\"row listing-block--results\">\n                                                <div class=\"row__col row__col--lg-6 listing-block--item reference\"  >\n    <div class=\"listing-block--item-inner\">\n        <a href=\"https:\/\/novare.se\/leadership\/referenser\/adapeto\/\">\n            <div class=\"image\">\n                <img loading=\"lazy\" decoding=\"async\" width=\"768\" height=\"768\" src=\"https:\/\/novare.se\/leadership\/wp-content\/uploads\/sites\/8\/2025\/01\/Adapteo_case_-1080x1080-1-768x768.png\" class=\"media-item\" alt=\"Deltagare fr\u00e5n Adapeto i Novares ledarskapsprogram\" srcset=\"https:\/\/novare.se\/leadership\/wp-content\/uploads\/sites\/8\/2025\/01\/Adapteo_case_-1080x1080-1-768x768.png 768w, https:\/\/novare.se\/leadership\/wp-content\/uploads\/sites\/8\/2025\/01\/Adapteo_case_-1080x1080-1-360x360.png 360w, https:\/\/novare.se\/leadership\/wp-content\/uploads\/sites\/8\/2025\/01\/Adapteo_case_-1080x1080-1-1024x1024.png 1024w, https:\/\/novare.se\/leadership\/wp-content\/uploads\/sites\/8\/2025\/01\/Adapteo_case_-1080x1080-1-150x150.png 150w, https:\/\/novare.se\/leadership\/wp-content\/uploads\/sites\/8\/2025\/01\/Adapteo_case_-1080x1080-1.png 1080w\" sizes=\"(max-width: 768px) 100vw, 768px\" \/>                <div class=\"logo\">\n                    <img loading=\"lazy\" decoding=\"async\" width=\"360\" height=\"86\" src=\"https:\/\/novare.se\/leadership\/wp-content\/uploads\/sites\/8\/2025\/01\/Adapteo-logotype-dark-blue-RGB-360x86.png\" class=\"media-item logo-img\" alt=\"Logotype Adapteo\" srcset=\"https:\/\/novare.se\/leadership\/wp-content\/uploads\/sites\/8\/2025\/01\/Adapteo-logotype-dark-blue-RGB-360x86.png 360w, https:\/\/novare.se\/leadership\/wp-content\/uploads\/sites\/8\/2025\/01\/Adapteo-logotype-dark-blue-RGB-768x184.png 768w, https:\/\/novare.se\/leadership\/wp-content\/uploads\/sites\/8\/2025\/01\/Adapteo-logotype-dark-blue-RGB.png 834w\" sizes=\"(max-width: 360px) 100vw, 360px\" \/>                <\/div>\n                <div class=\"overlay\"><\/div>\n            <\/div>\n            <div class=\"pre_title\">\n                <p> Adapeto st\u00e4rker f\u00f6r\u00e4ndringsledare f\u00f6r att driva ambiti\u00f6s aff\u00e4rsstrategi<\/p>            <\/div>\n            <div class=\"title\">\n                <h5>Adapteo<i class=\"arrow fa fa-arrow-right\"><\/i><\/h5>\n            <\/div>\n        <\/a>\n    <\/div>\n<\/div>\n                                    <div class=\"row__col row__col--lg-6 listing-block--item reference\"  >\n    <div class=\"listing-block--item-inner\">\n        <a href=\"https:\/\/novare.se\/leadership\/referenser\/skf\/\">\n            <div class=\"image\">\n                <img loading=\"lazy\" decoding=\"async\" width=\"768\" height=\"494\" src=\"https:\/\/novare.se\/leadership\/wp-content\/uploads\/sites\/8\/2024\/10\/skf-768x494.jpg\" class=\"media-item\" alt=\"SKF flaggor\" srcset=\"https:\/\/novare.se\/leadership\/wp-content\/uploads\/sites\/8\/2024\/10\/skf-768x494.jpg 768w, https:\/\/novare.se\/leadership\/wp-content\/uploads\/sites\/8\/2024\/10\/skf-360x232.jpg 360w, https:\/\/novare.se\/leadership\/wp-content\/uploads\/sites\/8\/2024\/10\/skf-1024x659.jpg 1024w, https:\/\/novare.se\/leadership\/wp-content\/uploads\/sites\/8\/2024\/10\/skf.jpg 1093w\" sizes=\"(max-width: 768px) 100vw, 768px\" \/>                <div class=\"logo\">\n                    <img loading=\"lazy\" decoding=\"async\" width=\"360\" height=\"203\" src=\"https:\/\/novare.se\/leadership\/wp-content\/uploads\/sites\/8\/2024\/10\/SKF-360x203.png\" class=\"media-item logo-img\" alt=\"SKF logo\" srcset=\"https:\/\/novare.se\/leadership\/wp-content\/uploads\/sites\/8\/2024\/10\/SKF-360x203.png 360w, https:\/\/novare.se\/leadership\/wp-content\/uploads\/sites\/8\/2024\/10\/SKF-1024x576.png 1024w, https:\/\/novare.se\/leadership\/wp-content\/uploads\/sites\/8\/2024\/10\/SKF-768x432.png 768w, https:\/\/novare.se\/leadership\/wp-content\/uploads\/sites\/8\/2024\/10\/SKF-1536x864.png 1536w, https:\/\/novare.se\/leadership\/wp-content\/uploads\/sites\/8\/2024\/10\/SKF-2048x1152.png 2048w\" sizes=\"(max-width: 360px) 100vw, 360px\" \/>                <\/div>\n                <div class=\"overlay\"><\/div>\n            <\/div>\n            <div class=\"pre_title\">\n                <p>SKF st\u00e4rker ledarskap f\u00f6r att accelerera strategi och transformation.<\/p>            <\/div>\n            <div class=\"title\">\n                <h5>SKF<i class=\"arrow fa fa-arrow-right\"><\/i><\/h5>\n            <\/div>\n        <\/a>\n    <\/div>\n<\/div>\n                                    <div class=\"row__col row__col--lg-6 listing-block--item reference\"  >\n    <div class=\"listing-block--item-inner\">\n        <a href=\"https:\/\/novare.se\/leadership\/referenser\/grant-thornton\/\">\n            <div class=\"image\">\n                <img loading=\"lazy\" decoding=\"async\" width=\"768\" height=\"828\" src=\"https:\/\/novare.se\/leadership\/wp-content\/uploads\/sites\/8\/2024\/04\/grant-thornton-768x828.png\" class=\"media-item\" alt=\"Man och kvinna diskuterar vid bord i kontorsmilj\u00f6.\" srcset=\"https:\/\/novare.se\/leadership\/wp-content\/uploads\/sites\/8\/2024\/04\/grant-thornton-768x828.png 768w, https:\/\/novare.se\/leadership\/wp-content\/uploads\/sites\/8\/2024\/04\/grant-thornton-334x360.png 334w, https:\/\/novare.se\/leadership\/wp-content\/uploads\/sites\/8\/2024\/04\/grant-thornton-950x1024.png 950w, https:\/\/novare.se\/leadership\/wp-content\/uploads\/sites\/8\/2024\/04\/grant-thornton.png 1024w\" sizes=\"(max-width: 768px) 100vw, 768px\" \/>                <div class=\"logo\">\n                    <img loading=\"lazy\" decoding=\"async\" width=\"360\" height=\"77\" src=\"https:\/\/novare.se\/leadership\/wp-content\/uploads\/sites\/8\/2024\/04\/GT-logo-360x77.png\" class=\"media-item logo-img\" alt=\"\" srcset=\"https:\/\/novare.se\/leadership\/wp-content\/uploads\/sites\/8\/2024\/04\/GT-logo-360x77.png 360w, https:\/\/novare.se\/leadership\/wp-content\/uploads\/sites\/8\/2024\/04\/GT-logo-1024x219.png 1024w, https:\/\/novare.se\/leadership\/wp-content\/uploads\/sites\/8\/2024\/04\/GT-logo-768x164.png 768w, https:\/\/novare.se\/leadership\/wp-content\/uploads\/sites\/8\/2024\/04\/GT-logo-1536x329.png 1536w, https:\/\/novare.se\/leadership\/wp-content\/uploads\/sites\/8\/2024\/04\/GT-logo-2048x439.png 2048w\" sizes=\"(max-width: 360px) 100vw, 360px\" \/>                <\/div>\n                <div class=\"overlay\"><\/div>\n            <\/div>\n            <div class=\"pre_title\">\n                <p>F\u00f6r Grant Thornton har vi skr\u00e4ddarsytt ett ledarskapsprogram. <\/p>            <\/div>\n            <div class=\"title\">\n                <h5>Grant Thornton<i class=\"arrow fa fa-arrow-right\"><\/i><\/h5>\n            <\/div>\n        <\/a>\n    <\/div>\n<\/div>\n                                    <div class=\"row__col row__col--lg-6 listing-block--item reference\"  >\n    <div class=\"listing-block--item-inner\">\n        <a href=\"https:\/\/novare.se\/leadership\/referenser\/cramo\/\">\n            <div class=\"image\">\n                <img loading=\"lazy\" decoding=\"async\" width=\"768\" height=\"432\" src=\"https:\/\/novare.se\/leadership\/wp-content\/uploads\/sites\/8\/2024\/04\/cramo-768x432.png\" class=\"media-item\" alt=\"Referenser Cramo &amp; Novare Leadership Academy\" srcset=\"https:\/\/novare.se\/leadership\/wp-content\/uploads\/sites\/8\/2024\/04\/cramo-768x432.png 768w, https:\/\/novare.se\/leadership\/wp-content\/uploads\/sites\/8\/2024\/04\/cramo-360x203.png 360w, https:\/\/novare.se\/leadership\/wp-content\/uploads\/sites\/8\/2024\/04\/cramo-1024x576.png 1024w, https:\/\/novare.se\/leadership\/wp-content\/uploads\/sites\/8\/2024\/04\/cramo.png 1280w\" sizes=\"(max-width: 768px) 100vw, 768px\" \/>                <div class=\"logo\">\n                    <img loading=\"lazy\" decoding=\"async\" width=\"360\" height=\"62\" src=\"https:\/\/novare.se\/leadership\/wp-content\/uploads\/sites\/8\/2024\/06\/Cramo_logo-360x62.png\" class=\"media-item logo-img\" alt=\"Texten &quot;CRAMO&quot; i vit p\u00e5 svart bakgrund.\" srcset=\"https:\/\/novare.se\/leadership\/wp-content\/uploads\/sites\/8\/2024\/06\/Cramo_logo-360x62.png 360w, https:\/\/novare.se\/leadership\/wp-content\/uploads\/sites\/8\/2024\/06\/Cramo_logo-768x132.png 768w, https:\/\/novare.se\/leadership\/wp-content\/uploads\/sites\/8\/2024\/06\/Cramo_logo.png 800w\" sizes=\"(max-width: 360px) 100vw, 360px\" \/>                <\/div>\n                <div class=\"overlay\"><\/div>\n            <\/div>\n            <div class=\"pre_title\">\n                <p>Ett ledarskapsprogram f\u00f6r Cramos seniora ledare<\/p>            <\/div>\n            <div class=\"title\">\n                <h5>Cramo<i class=\"arrow fa fa-arrow-right\"><\/i><\/h5>\n            <\/div>\n        <\/a>\n    <\/div>\n<\/div>\n                                    <div class=\"row__col row__col--lg-6 listing-block--item reference\"  >\n    <div class=\"listing-block--item-inner\">\n        <a href=\"https:\/\/novare.se\/leadership\/referenser\/eton\/\">\n            <div class=\"image\">\n                <img loading=\"lazy\" decoding=\"async\" width=\"768\" height=\"828\" src=\"https:\/\/novare.se\/leadership\/wp-content\/uploads\/sites\/8\/2024\/04\/eton-3-768x828.png\" class=\"media-item\" alt=\"Man sitter mot brun bakgrund, b\u00e4r randig skjorta och slips.\" srcset=\"https:\/\/novare.se\/leadership\/wp-content\/uploads\/sites\/8\/2024\/04\/eton-3-768x828.png 768w, https:\/\/novare.se\/leadership\/wp-content\/uploads\/sites\/8\/2024\/04\/eton-3-334x360.png 334w, https:\/\/novare.se\/leadership\/wp-content\/uploads\/sites\/8\/2024\/04\/eton-3-950x1024.png 950w, https:\/\/novare.se\/leadership\/wp-content\/uploads\/sites\/8\/2024\/04\/eton-3.png 1024w\" sizes=\"(max-width: 768px) 100vw, 768px\" \/>                <div class=\"logo\">\n                    <img loading=\"lazy\" decoding=\"async\" width=\"360\" height=\"77\" src=\"https:\/\/novare.se\/leadership\/wp-content\/uploads\/sites\/8\/2024\/06\/Eton-Shirts-logo-360x77.png\" class=\"media-item logo-img\" alt=\"Texten s\u00e4ger &quot;ETON&quot; i svart stilren font.\" srcset=\"https:\/\/novare.se\/leadership\/wp-content\/uploads\/sites\/8\/2024\/06\/Eton-Shirts-logo-360x77.png 360w, https:\/\/novare.se\/leadership\/wp-content\/uploads\/sites\/8\/2024\/06\/Eton-Shirts-logo-1024x219.png 1024w, https:\/\/novare.se\/leadership\/wp-content\/uploads\/sites\/8\/2024\/06\/Eton-Shirts-logo-768x164.png 768w, https:\/\/novare.se\/leadership\/wp-content\/uploads\/sites\/8\/2024\/06\/Eton-Shirts-logo-1536x329.png 1536w, https:\/\/novare.se\/leadership\/wp-content\/uploads\/sites\/8\/2024\/06\/Eton-Shirts-logo-2048x439.png 2048w\" sizes=\"(max-width: 360px) 100vw, 360px\" \/>                <\/div>\n                <div class=\"overlay\"><\/div>\n            <\/div>\n            <div class=\"pre_title\">\n                <p>Tillsammans med Eton har vi utformat ett skr\u00e4ddarsytt utvecklingsprogram f\u00f6r chefer.<\/p>            <\/div>\n            <div class=\"title\">\n                <h5>Eton<i class=\"arrow fa fa-arrow-right\"><\/i><\/h5>\n            <\/div>\n        <\/a>\n    <\/div>\n<\/div>\n                                    <div class=\"row__col row__col--lg-6 listing-block--item reference\"  >\n    <div class=\"listing-block--item-inner\">\n        <a href=\"https:\/\/novare.se\/leadership\/referenser\/ottobock\/\">\n            <div class=\"image\">\n                <img loading=\"lazy\" decoding=\"async\" width=\"768\" height=\"429\" src=\"https:\/\/novare.se\/leadership\/wp-content\/uploads\/sites\/8\/2024\/04\/ottobock-3-768x429.jpg\" class=\"media-item\" alt=\"Kvinna knyter sko vid v\u00e4g, anv\u00e4nder benprotes, solig dag.\" srcset=\"https:\/\/novare.se\/leadership\/wp-content\/uploads\/sites\/8\/2024\/04\/ottobock-3-768x429.jpg 768w, https:\/\/novare.se\/leadership\/wp-content\/uploads\/sites\/8\/2024\/04\/ottobock-3-360x201.jpg 360w, https:\/\/novare.se\/leadership\/wp-content\/uploads\/sites\/8\/2024\/04\/ottobock-3-1024x571.jpg 1024w, https:\/\/novare.se\/leadership\/wp-content\/uploads\/sites\/8\/2024\/04\/ottobock-3.jpg 1188w\" sizes=\"(max-width: 768px) 100vw, 768px\" \/>                <div class=\"logo\">\n                    <img loading=\"lazy\" decoding=\"async\" width=\"360\" height=\"72\" src=\"https:\/\/novare.se\/leadership\/wp-content\/uploads\/sites\/8\/2024\/06\/ottobock-360x72.png\" class=\"media-item logo-img\" alt=\"Ottobock | Novare Leadership Academy\" srcset=\"https:\/\/novare.se\/leadership\/wp-content\/uploads\/sites\/8\/2024\/06\/ottobock-360x72.png 360w, https:\/\/novare.se\/leadership\/wp-content\/uploads\/sites\/8\/2024\/06\/ottobock-1024x205.png 1024w, https:\/\/novare.se\/leadership\/wp-content\/uploads\/sites\/8\/2024\/06\/ottobock-768x154.png 768w, https:\/\/novare.se\/leadership\/wp-content\/uploads\/sites\/8\/2024\/06\/ottobock-1536x307.png 1536w, https:\/\/novare.se\/leadership\/wp-content\/uploads\/sites\/8\/2024\/06\/ottobock-2048x410.png 2048w\" sizes=\"(max-width: 360px) 100vw, 360px\" \/>                <\/div>\n                <div class=\"overlay\"><\/div>\n            <\/div>\n            <div class=\"pre_title\">\n                <p>En ledarutbildning i syfte att st\u00e4rka alla ledare med konkreta verktyg f\u00f6r fortsatt utveckling.<\/p>            <\/div>\n            <div class=\"title\">\n                <h5>Ottobock<i class=\"arrow fa fa-arrow-right\"><\/i><\/h5>\n            <\/div>\n        <\/a>\n    <\/div>\n<\/div>\n                                    <div class=\"row__col row__col--lg-6 listing-block--item reference\"  >\n    <div class=\"listing-block--item-inner\">\n        <a href=\"https:\/\/novare.se\/leadership\/referenser\/kpmg\/\">\n            <div class=\"image\">\n                <img loading=\"lazy\" decoding=\"async\" width=\"768\" height=\"828\" src=\"https:\/\/novare.se\/leadership\/wp-content\/uploads\/sites\/8\/2024\/06\/kpmg-768x828.png\" class=\"media-item\" alt=\"Person skriver p\u00e5 glasv\u00e4gg, b\u00e4r randig skjorta, glas\u00f6gon.\" srcset=\"https:\/\/novare.se\/leadership\/wp-content\/uploads\/sites\/8\/2024\/06\/kpmg-768x828.png 768w, https:\/\/novare.se\/leadership\/wp-content\/uploads\/sites\/8\/2024\/06\/kpmg-334x360.png 334w, https:\/\/novare.se\/leadership\/wp-content\/uploads\/sites\/8\/2024\/06\/kpmg-950x1024.png 950w, https:\/\/novare.se\/leadership\/wp-content\/uploads\/sites\/8\/2024\/06\/kpmg.png 1024w\" sizes=\"(max-width: 768px) 100vw, 768px\" \/>                <div class=\"logo\">\n                    <img loading=\"lazy\" decoding=\"async\" width=\"360\" height=\"144\" src=\"https:\/\/novare.se\/leadership\/wp-content\/uploads\/sites\/8\/2024\/06\/Eton-Shirts-logo-1-360x144.png\" class=\"media-item logo-img\" alt=\"KPMG-logotyp, stiliserade bokst\u00e4ver, fyrkantig ram ovanf\u00f6r.\" srcset=\"https:\/\/novare.se\/leadership\/wp-content\/uploads\/sites\/8\/2024\/06\/Eton-Shirts-logo-1-360x144.png 360w, https:\/\/novare.se\/leadership\/wp-content\/uploads\/sites\/8\/2024\/06\/Eton-Shirts-logo-1-1024x410.png 1024w, https:\/\/novare.se\/leadership\/wp-content\/uploads\/sites\/8\/2024\/06\/Eton-Shirts-logo-1-768x307.png 768w, https:\/\/novare.se\/leadership\/wp-content\/uploads\/sites\/8\/2024\/06\/Eton-Shirts-logo-1.png 1217w\" sizes=\"(max-width: 360px) 100vw, 360px\" \/>                <\/div>\n                <div class=\"overlay\"><\/div>\n            <\/div>\n            <div class=\"pre_title\">\n                <p>Ett ledarutvecklingsprogram som kombinerade ledarskapsutbildning med externt\u00a0mentorskap<\/p>            <\/div>\n            <div class=\"title\">\n                <h5>KPMG<i class=\"arrow fa fa-arrow-right\"><\/i><\/h5>\n            <\/div>\n        <\/a>\n    <\/div>\n<\/div>\n                                    <\/div>\n\n        <div class=\"row listing-block--pagination\">\n            <div class=\"row__col listing-block--pagination--results\">\n                            <\/div>\n        <\/div>\n    <\/div>\n<\/section>\n","protected":false},"excerpt":{"rendered":"","protected":false},"author":1,"featured_media":0,"parent":0,"menu_order":0,"comment_status":"closed","ping_status":"closed","template":"","meta":{"_acf_changed":false,"_seopress_robots_primary_cat":"","_seopress_titles_title":"Referenser och kundcase fr\u00e5n Novare - novare.se","_seopress_titles_desc":"Skr\u00e4ddarsydda ledarskapsprogram f\u00f6r f\u00f6retag som Grant Thornton, Cramo, Eton, Ottobock och KPMG. St\u00e4rk ditt ledarskap hos oss!","_seopress_robots_index":"","inline_featured_image":false,"footnotes":""},"class_list":["post-166","page","type-page","status-publish","hentry"],"acf":[],"_links":{"self":[{"href":"https:\/\/novare.se\/leadership\/wp-json\/wp\/v2\/pages\/166","targetHints":{"allow":["GET"]}}],"collection":[{"href":"https:\/\/novare.se\/leadership\/wp-json\/wp\/v2\/pages"}],"about":[{"href":"https:\/\/novare.se\/leadership\/wp-json\/wp\/v2\/types\/page"}],"author":[{"embeddable":true,"href":"https:\/\/novare.se\/leadership\/wp-json\/wp\/v2\/users\/1"}],"replies":[{"embeddable":true,"href":"https:\/\/novare.se\/leadership\/wp-json\/wp\/v2\/comments?post=166"}],"version-history":[{"count":7,"href":"https:\/\/novare.se\/leadership\/wp-json\/wp\/v2\/pages\/166\/revisions"}],"predecessor-version":[{"id":2620,"href":"https:\/\/novare.se\/leadership\/wp-json\/wp\/v2\/pages\/166\/revisions\/2620"}],"wp:attachment":[{"href":"https:\/\/novare.se\/leadership\/wp-json\/wp\/v2\/media?parent=166"}],"curies":[{"name":"wp","href":"https:\/\/api.w.org\/{rel}","templated":true}]}}