{"id":614,"date":"2024-06-18T09:53:46","date_gmt":"2024-06-18T09:53:46","guid":{"rendered":"https:\/\/novare.se\/intro\/?page_id=614"},"modified":"2026-03-12T08:56:04","modified_gmt":"2026-03-12T08:56:04","slug":"kunskap-och-inspiration","status":"publish","type":"page","link":"https:\/\/novare.se\/intro\/kunskap-och-inspiration\/","title":{"rendered":"M\u00f6t v\u00e5ra kunder"},"content":{"rendered":"<section id=\"hero-3-block_5fb3a0e31ff4b5cfd2373ee843b14176\" class=\"block hero-3  m-b \">\n    <div class=\"hero-3--top-section bg-primary\">\n                    <div class=\"bg-backdrop\">\n                <div class=\"bg-backdrop--inner\"><\/div>\n            <\/div>\n                <div class=\"container\">\n            <div class=\"row\">\n                <div class=\"row__col\">\n                    <div class=\"text-img-wrapper\">\n                        <div class=\"text-col\" >\n                                                                \n                                <div class=\"title-wrapper\" >\n                                    <h1 class=\"h2 text-left\" style=\"color:#f5f2ef\"><strong><i>M\u00f6t v\u00e5ra kunder<\/i><\/strong><\/h1>                                <\/div>\n                                                            \n                            \n                                                            <div class=\"text-wrapper\" >\n                                    <p>Lyssna till v\u00e5ra kunders ber\u00e4ttelser och ta del av deras erfarenheter. Tillsammans visar vi hur m\u00f6jligheter v\u00e4xer fram n\u00e4r man v\u00e5gar t\u00e4nka nytt.<\/p>\n                                <\/div>\n                                                            \n                                                            <div class='btn-wrapper'><div class=\"btn-element\" ><a class=\"btn btn--white\" href=\"https:\/\/novare.se\/intro\/kontakta-oss\/\"target=\"_self\">Kontakta oss<\/a><\/div><\/div>    \n                                                    <\/div>\n\n                                                    <div class=\"705 HEROTHREEIMG img-col \"   >\n                            <img loading=\"lazy\" decoding=\"async\" width=\"1024\" height=\"945\" src=\"https:\/\/novare.se\/intro\/wp-content\/uploads\/sites\/3\/2024\/06\/Novare_sma18_webb-1024x945.jpg\" class=\"attachment-large size-large\" alt=\"Tv\u00e5 kvinnor pratar, tittar p\u00e5 laptop med texten &quot;Novare&quot;.\" srcset=\"https:\/\/novare.se\/intro\/wp-content\/uploads\/sites\/3\/2024\/06\/Novare_sma18_webb-1024x945.jpg 1024w, https:\/\/novare.se\/intro\/wp-content\/uploads\/sites\/3\/2024\/06\/Novare_sma18_webb-360x332.jpg 360w, https:\/\/novare.se\/intro\/wp-content\/uploads\/sites\/3\/2024\/06\/Novare_sma18_webb-768x709.jpg 768w, https:\/\/novare.se\/intro\/wp-content\/uploads\/sites\/3\/2024\/06\/Novare_sma18_webb.jpg 1300w\" sizes=\"(max-width: 1024px) 100vw, 1024px\" \/>                                \n                            <\/div>\n                                            <\/div>\n                <\/div>\n            <\/div>\n        <\/div>\n    <\/div>\n            <div class=\"hero-3--bottom-section \"  >\n        <div class=\"breadcrumbs dark-text\">\n\t<div class=\"container\">\n        <div class=\"row\">\n            <div class=\"row__col\">\n                <div class=\"breadcrumbs--inner\">\n                    <ul>\n                                                                                <li>\n                                <a href=\"https:\/\/novare.se\/\" class=\"alt\">\n                                    Novare                                <\/a>\n                            <\/li>\n                            \n\t\t\t                                        <li>\n                                <a href=\"https:\/\/novare.se\/intro\/\" class=\"alt\">\n                                                                            Novare Intro                                                                    <\/a>\n                            <\/li>\n\t\t\t                                    <li><span class=\"alt\">M\u00f6t v\u00e5ra kunder<\/span><\/li>\n                    <\/ul>\n                <\/div>\n            <\/div>\n        <\/div>\n\t<\/div>\n<\/div>        <\/div>\n    \n    <\/section>\n\n\n<section id=\"one-column-text-block-block_b6af19d1b1cf42021e522045927bc409\" class=\"block one-column-text-block  m-b bg-default\">\n    <div class=\"container\">\n        <div class=\"row row--middle\">\n                            <div class=\"row__col row__col--lg-8\">\n                    <div class=\"title-wrapper\" data-aos-anchor='#one-column-text-block-block_b6af19d1b1cf42021e522045927bc409'data-aos='fade-up'data-aos-easing='ease-in-out-sine'data-aos-duration='500'data-aos-delay='0'data-aos-once='true'data-aos-offset='250' >\n                        <h3 class=\"h4 m-0 text-left\">Lyssna till vad v\u00e5ra <strong><i>kunder har att s\u00e4ga om oss<\/i><\/strong><\/h3>                    <\/div>\n                <\/div>\n                            \n                            <div class=\"row__col row__col--lg-8\" data-aos-anchor='#one-column-text-block-block_b6af19d1b1cf42021e522045927bc409'data-aos='fade-up'data-aos-easing='ease-in-out-sine'data-aos-duration='500'data-aos-delay='250'data-aos-once='true'data-aos-offset='250'>\n                    <p class=\"preamble m-0\">Vi \u00e4r stolta \u00f6ver det f\u00f6rtroende vi f\u00e5tt genom \u00e5ren och \u00f6ver de goda resultat som v\u00e5ra samarbeten har lett till. <\/p>                <\/div>\n            \n                            <div class=\"row__col row__col--lg-8\" data-aos-anchor='#one-column-text-block-block_b6af19d1b1cf42021e522045927bc409'data-aos='fade-up'data-aos-easing='ease-in-out-sine'data-aos-duration='500'data-aos-delay='250'data-aos-once='true'data-aos-offset='250'>\n                    <div class=\"text-wrapper editor-content\">\n                        <p>V\u00e5r st\u00f6rsta framg\u00e5ng \u00e4r n\u00e4r v\u00e5ra kunder ber\u00e4ttar att de hittat kompetenta, motiverade medarbetare som bidrar till verksamhetens utveckling &#8211; och samtidigt g\u00f6r skillnad i samh\u00e4llet.<\/p>\n<p>Den positiva feedbacken vi f\u00e5r \u00e4r en bekr\u00e4ftelse p\u00e5 att v\u00e5rt l\u00e5ngsiktiga och personliga arbetss\u00e4tt fungerar. Det inspirerar oss att forts\u00e4tta skapa m\u00f6jligheter, bygga broar och bidra till en mer inkluderande arbetsmarknad.<\/p>\n                    <\/div>\n                <\/div>\n                            \n            \n                    <\/div>\n    <\/div>\n<\/section>\n\n<section id=\"video-block-block_06e71254425ed04a5d6032155db5fc26\" class=\"block video-block  m-b\">\n    <div class=\"container\">\n        <div class=\"row left\">\n            <div class=\"row__col row__col--lg-8 left-side\">\n                                    <a href=\"https:\/\/www.youtube.com\/embed\/kREdY2OeGWU\" data-fancybox=\"video\" class=\"m-0 video\"  data-aos-anchor='#video-block-block_06e71254425ed04a5d6032155db5fc26'data-aos='fade-up'data-aos-easing='ease-in-out-sine'data-aos-duration='500'data-aos-delay='0'data-aos-once='true'data-aos-offset='250'>\n                    <img loading=\"lazy\" decoding=\"async\" width=\"1024\" height=\"835\" src=\"https:\/\/novare.se\/intro\/wp-content\/uploads\/sites\/3\/2026\/03\/Screenshot-2026-03-12-095420-1024x835.png\" class=\"media-item\" alt=\"\" srcset=\"https:\/\/novare.se\/intro\/wp-content\/uploads\/sites\/3\/2026\/03\/Screenshot-2026-03-12-095420-1024x835.png 1024w, https:\/\/novare.se\/intro\/wp-content\/uploads\/sites\/3\/2026\/03\/Screenshot-2026-03-12-095420-360x294.png 360w, https:\/\/novare.se\/intro\/wp-content\/uploads\/sites\/3\/2026\/03\/Screenshot-2026-03-12-095420-768x626.png 768w, https:\/\/novare.se\/intro\/wp-content\/uploads\/sites\/3\/2026\/03\/Screenshot-2026-03-12-095420.png 1208w\" sizes=\"(max-width: 1024px) 100vw, 1024px\" \/>                        <div class=\"overlay bg-purple-dark bg-opacity-60\"><i class=\"fa fa-circle-play\"><\/i><\/div>\n                    <\/a>\n                                                <\/div>\n            <div class=\"row__col row__col--lg-4 right-side\">\n                                    <div class=\"title-wrapper\"  data-aos-anchor='#video-block-block_06e71254425ed04a5d6032155db5fc26'data-aos='fade-up'data-aos-easing='ease-in-out-sine'data-aos-duration='500'data-aos-delay='300'data-aos-once='true'data-aos-offset='250'>\n                        <h3 class=\"h4 text-left\"><strong><i>Baker McKenzie<\/i><\/strong><\/h3>                    <\/div>\n                                    \n                                    <div class=\"preamble-wrapper\" data-aos-anchor='#video-block-block_06e71254425ed04a5d6032155db5fc26'data-aos='fade-up'data-aos-easing='ease-in-out-sine'data-aos-duration='500'data-aos-delay='550'data-aos-once='true'data-aos-offset='250'>\n                        <p class=\"preamble\">Ulrika Roselius ber\u00e4ttar om samarbetet med Novare Intro. <\/p>                    <\/div>\n                                        \n\n                \n                                    <div class=\"btn-wrapper\"  data-aos-anchor='#video-block-block_06e71254425ed04a5d6032155db5fc26'data-aos='fade-in'data-aos-easing='ease-in-out-sine'data-aos-duration='500'data-aos-delay='800'data-aos-once='true'data-aos-offset='250'>\n                    <div class=\"btn-element\" ><a class=\"btn btn--dark\" href=\"https:\/\/www.youtube.com\/@Novarese-ve8nq\"target=\"_self\">Visa fler videos (YouTube)<\/a><\/div>                    <\/div>\n                            <\/div>\n        <\/div>\n    <\/div>\n<\/section>\n\n\n<section id=\"video-block-block_31d2f2e806ce3ac10e38bf623d06d387\" class=\"block video-block  m-b\">\n    <div class=\"container\">\n        <div class=\"row right\">\n            <div class=\"row__col row__col--lg-8 left-side\">\n                                    <a href=\"https:\/\/www.youtube.com\/embed\/lPipS8aCz5E\" data-fancybox=\"video\" class=\"m-0 video\"  data-aos-anchor='#video-block-block_31d2f2e806ce3ac10e38bf623d06d387'data-aos='fade-up'data-aos-easing='ease-in-out-sine'data-aos-duration='500'data-aos-delay='0'data-aos-once='true'data-aos-offset='250'>\n                    <img loading=\"lazy\" decoding=\"async\" width=\"1024\" height=\"843\" src=\"https:\/\/novare.se\/intro\/wp-content\/uploads\/sites\/3\/2026\/03\/Screenshot-2026-03-12-095243-1024x843.png\" class=\"media-item\" alt=\"\" srcset=\"https:\/\/novare.se\/intro\/wp-content\/uploads\/sites\/3\/2026\/03\/Screenshot-2026-03-12-095243-1024x843.png 1024w, https:\/\/novare.se\/intro\/wp-content\/uploads\/sites\/3\/2026\/03\/Screenshot-2026-03-12-095243-360x296.png 360w, https:\/\/novare.se\/intro\/wp-content\/uploads\/sites\/3\/2026\/03\/Screenshot-2026-03-12-095243-768x632.png 768w, https:\/\/novare.se\/intro\/wp-content\/uploads\/sites\/3\/2026\/03\/Screenshot-2026-03-12-095243.png 1291w\" sizes=\"(max-width: 1024px) 100vw, 1024px\" \/>                        <div class=\"overlay bg-purple-dark bg-opacity-60\"><i class=\"fa fa-circle-play\"><\/i><\/div>\n                    <\/a>\n                                                <\/div>\n            <div class=\"row__col row__col--lg-4 right-side\">\n                                    <div class=\"title-wrapper\"  data-aos-anchor='#video-block-block_31d2f2e806ce3ac10e38bf623d06d387'data-aos='fade-up'data-aos-easing='ease-in-out-sine'data-aos-duration='500'data-aos-delay='300'data-aos-once='true'data-aos-offset='250'>\n                        <h3 class=\"h4 text-left\"><strong><i>Stay Hot<\/i><\/strong> <\/h3>                    <\/div>\n                                    \n                                    <div class=\"preamble-wrapper\" data-aos-anchor='#video-block-block_31d2f2e806ce3ac10e38bf623d06d387'data-aos='fade-up'data-aos-easing='ease-in-out-sine'data-aos-duration='500'data-aos-delay='550'data-aos-once='true'data-aos-offset='250'>\n                        <p class=\"preamble\">Karl Lobelius ber\u00e4ttar om samarbetet med Novare Intro. <\/p>                    <\/div>\n                                        \n\n                \n                                    <div class=\"btn-wrapper\"  data-aos-anchor='#video-block-block_31d2f2e806ce3ac10e38bf623d06d387'data-aos='fade-in'data-aos-easing='ease-in-out-sine'data-aos-duration='500'data-aos-delay='800'data-aos-once='true'data-aos-offset='250'>\n                    <div class=\"btn-element\" ><a class=\"btn btn--dark\" href=\"https:\/\/www.youtube.com\/@Novarese-ve8nq\"target=\"_self\">Visa fler videos (YouTube)<\/a><\/div>                    <\/div>\n                            <\/div>\n        <\/div>\n    <\/div>\n<\/section>\n\n\n<section id=\"contact-persons-block_92e95ce84ed742f601fd1d2d2492628d\" class=\"block contact-persons  m-b\">\n    <div class=\"container\">\n        <div class=\"row\">\n            <div class=\"row__col row__col--lg-12\">\n                <div class=\"contact-persons--wrapper bg-purple-deep\">\n                    <div class=\"contact-persons--wrapper--content\" >\n                                                    <div class=\"header-wrapper\" >\n                                <h3 class=\"h3 text-left\"><strong><i>H\u00f6r av dig till oss! <\/i><\/strong> <\/h3>                            <\/div>\n                        \n                                                    <div class=\"text-wrapper\">\n                                <p>Boka in ett m\u00f6te med oss redan idag! V\u00e4lkommen att h\u00f6ra av dig till Delal Apak f\u00f6r att boka ett m\u00f6te eller om du har n\u00e5gra fr\u00e5gor.<\/p>\n                            <\/div>\n                        \n                                                                                                <\/div>\n                    <div class=\"contact-persons--wrapper--people\">\n                                                                                    <div class=\"contact-person\" data-aos-anchor='#contact-persons-block_92e95ce84ed742f601fd1d2d2492628d'data-aos='fade-right'data-aos-easing='ease-in-out-sine'data-aos-duration='500'data-aos-delay='0'data-aos-once='true'data-aos-offset='250' >\n                                    <div class=\"contact-person--image\">\n                                        <img loading=\"lazy\" decoding=\"async\" width=\"360\" height=\"240\" src=\"https:\/\/novare.se\/intro\/wp-content\/uploads\/sites\/3\/2024\/04\/DA_SaraRossiPhotography-14_1-360x240.jpg\" class=\"attachment-medium size-medium\" alt=\"Delal medarbetarbild_final\" srcset=\"https:\/\/novare.se\/intro\/wp-content\/uploads\/sites\/3\/2024\/04\/DA_SaraRossiPhotography-14_1-360x240.jpg 360w, https:\/\/novare.se\/intro\/wp-content\/uploads\/sites\/3\/2024\/04\/DA_SaraRossiPhotography-14_1-1024x683.jpg 1024w, https:\/\/novare.se\/intro\/wp-content\/uploads\/sites\/3\/2024\/04\/DA_SaraRossiPhotography-14_1-768x512.jpg 768w, https:\/\/novare.se\/intro\/wp-content\/uploads\/sites\/3\/2024\/04\/DA_SaraRossiPhotography-14_1-1536x1024.jpg 1536w, https:\/\/novare.se\/intro\/wp-content\/uploads\/sites\/3\/2024\/04\/DA_SaraRossiPhotography-14_1-2048x1365.jpg 2048w\" sizes=\"(max-width: 360px) 100vw, 360px\" \/>                                    <\/div>\n                                    <div class=\"contact-person--details\">\n                                        <div class=\"name-wrapper\">\n                                            <a href=\"https:\/\/novare.se\/intro\/en\/employees\/delal-apak\/\">Delal Apak<\/a>\n                                        <\/div>\n                                        <div class=\"title-wrapper\">\n                                            <p>CEO and Partner<\/p>\n                                        <\/div>\n                                        <div class=\"email-wrapper\">\n                                            <a href=\"mailto:delal.apak@novare.se\">delal.apak@novare.se<\/a>\n                                        <\/div>\n                                        <div class=\"phone-wrapper\">\n                                            <a href=\"tel:+46739989163\">+46 739 98 91 63<\/a>\n                                        <\/div>\n                                    <\/div>\n                                <\/div>\n                                                    <\/div>\n                <\/div>\n            <\/div>\n        <\/div>\n    <\/div>\n<\/section>\n\n\n<section id=\"faq-block-block_e3674aa703a75f63d31b848cfa0e8cb6\" class=\"block faq-block  m-b bg-white\">\n    <div class=\"container\">\n        <div class=\"row\">\n            <div class=\"row__col row__col--lg-6\" data-aos-anchor='#faq-block-block_e3674aa703a75f63d31b848cfa0e8cb6'data-aos='fade-up'data-aos-easing='ease-in-out-sine'data-aos-duration='500'data-aos-delay='0'data-aos-once='true'data-aos-offset='250' >\n                <img loading=\"lazy\" decoding=\"async\" width=\"625\" height=\"761\" src=\"https:\/\/novare.se\/intro\/wp-content\/uploads\/sites\/3\/2024\/03\/faq-bench.png\" class=\"media-item\" alt=\"Tre personer sitter och pratar p\u00e5 en utomhusb\u00e4nk.\" srcset=\"https:\/\/novare.se\/intro\/wp-content\/uploads\/sites\/3\/2024\/03\/faq-bench.png 625w, https:\/\/novare.se\/intro\/wp-content\/uploads\/sites\/3\/2024\/03\/faq-bench-296x360.png 296w\" sizes=\"(max-width: 625px) 100vw, 625px\" \/>            <\/div>\n            \n            <div class=\"row__col row__col--lg-6\">\n                                    <div class=\"title-wrapper text-medium\" data-aos-anchor='#faq-block-block_e3674aa703a75f63d31b848cfa0e8cb6'data-aos='fade-up'data-aos-easing='ease-in-out-sine'data-aos-duration='500'data-aos-delay='300'data-aos-once='true'data-aos-offset='250' >\n                        <h2 class=\"h3 text-left\">Vanliga fr\u00e5gor<\/h2>                    <\/div>\n                                                    \n                                    <div class=\"accordion\">\n                                                    <div class=\"accordion-item\" data-aos-anchor='#faq-block-block_e3674aa703a75f63d31b848cfa0e8cb6'data-aos='fade-right'data-aos-easing='ease-in-out-sine'data-aos-duration='500'data-aos-delay='1000'data-aos-once='true'data-aos-offset='250' >\n                                <div class=\"accordion-header\">\n                                    <span class=\"question\">Vad menar vi med kunskap och inspiration?<\/span>\n                                    <i class=\"fa fa-plus\"><\/i><i class=\"fa fa-minus hidden\"><\/i>\n                                <\/div>\n                                <div class=\"accordion-content\" style=\"display: none;\">\n                                    <span class=\"separator\"><\/span>\n                                    Det handlar om att dela erfarenheter, perspektiv och insikter som st\u00e4rker organisationer i fr\u00e5gor som inkludering, rekrytering och arbetslivets utveckling.                                <\/div>\n                            <\/div>\n                                                        <div class=\"accordion-item\" data-aos-anchor='#faq-block-block_e3674aa703a75f63d31b848cfa0e8cb6'data-aos='fade-right'data-aos-easing='ease-in-out-sine'data-aos-duration='500'data-aos-delay='1250'data-aos-once='true'data-aos-offset='250' >\n                                <div class=\"accordion-header\">\n                                    <span class=\"question\">Vilken typ av inneh\u00e5ll och format ing\u00e5r?<\/span>\n                                    <i class=\"fa fa-plus\"><\/i><i class=\"fa fa-minus hidden\"><\/i>\n                                <\/div>\n                                <div class=\"accordion-content\" style=\"display: none;\">\n                                    <span class=\"separator\"><\/span>\n                                    Inneh\u00e5llet kan best\u00e5 av f\u00f6rel\u00e4sningar, samtal, filmer och exempel fr\u00e5n verkligheten d\u00e4r kunder och samarbetspartners delar sina erfarenheter.                                <\/div>\n                            <\/div>\n                                                        <div class=\"accordion-item\" data-aos-anchor='#faq-block-block_e3674aa703a75f63d31b848cfa0e8cb6'data-aos='fade-right'data-aos-easing='ease-in-out-sine'data-aos-duration='500'data-aos-delay='1500'data-aos-once='true'data-aos-offset='250' >\n                                <div class=\"accordion-header\">\n                                    <span class=\"question\">Vem riktar sig kunskap och inspiration till?<\/span>\n                                    <i class=\"fa fa-plus\"><\/i><i class=\"fa fa-minus hidden\"><\/i>\n                                <\/div>\n                                <div class=\"accordion-content\" style=\"display: none;\">\n                                    <span class=\"separator\"><\/span>\n                                    Det riktar sig till arbetsgivare, ledare och organisationer som vill bredda sitt perspektiv och utveckla sitt s\u00e4tt att arbeta med m\u00e4nniskor och kompetens.                                <\/div>\n                            <\/div>\n                                                        <div class=\"accordion-item\" data-aos-anchor='#faq-block-block_e3674aa703a75f63d31b848cfa0e8cb6'data-aos='fade-right'data-aos-easing='ease-in-out-sine'data-aos-duration='500'data-aos-delay='1750'data-aos-once='true'data-aos-offset='250' >\n                                <div class=\"accordion-header\">\n                                    <span class=\"question\">Hur kan kunskap och inspiration bidra till b\u00e4ttre rekrytering?<\/span>\n                                    <i class=\"fa fa-plus\"><\/i><i class=\"fa fa-minus hidden\"><\/i>\n                                <\/div>\n                                <div class=\"accordion-content\" style=\"display: none;\">\n                                    <span class=\"separator\"><\/span>\n                                    Genom att \u00f6ka f\u00f6rst\u00e5elsen f\u00f6r olika kompetenser, arbetss\u00e4tt och individuella f\u00f6ruts\u00e4ttningar skapas b\u00e4ttre beslut och mer h\u00e5llbara rekryteringar.                                <\/div>\n                            <\/div>\n                                                        <div class=\"accordion-item\" data-aos-anchor='#faq-block-block_e3674aa703a75f63d31b848cfa0e8cb6'data-aos='fade-right'data-aos-easing='ease-in-out-sine'data-aos-duration='500'data-aos-delay='2000'data-aos-once='true'data-aos-offset='250' >\n                                <div class=\"accordion-header\">\n                                    <span class=\"question\">Hur tar man del av Novare Intros kunskap och inspiration?<\/span>\n                                    <i class=\"fa fa-plus\"><\/i><i class=\"fa fa-minus hidden\"><\/i>\n                                <\/div>\n                                <div class=\"accordion-content\" style=\"display: none;\">\n                                    <span class=\"separator\"><\/span>\n                                    Genom bokade f\u00f6rel\u00e4sningar, inspirerande samtal och material som delas i samband med samarbeten och kunddialoger.                                <\/div>\n                            <\/div>\n                                                <\/div>\n                            <\/div>\n        <\/div>\n    <\/div>\n<\/section>\n","protected":false},"excerpt":{"rendered":"","protected":false},"author":4,"featured_media":0,"parent":0,"menu_order":0,"comment_status":"closed","ping_status":"closed","template":"","meta":{"_acf_changed":false,"_seopress_robots_primary_cat":"","_seopress_titles_title":"Kundber\u00e4ttelser och FAQ hos Novare - novare.se","_seopress_titles_desc":"Uppt\u00e4ck kundernas positiva omd\u00f6men om Novare Intro. Kontakta Delal Apak f\u00f6r m\u00f6tesbokning eller fr\u00e5gor. L\u00e4s v\u00e5r FAQ om v\u00e5ra unika tj\u00e4nster.","_seopress_robots_index":"","inline_featured_image":false,"footnotes":""},"class_list":["post-614","page","type-page","status-publish","hentry"],"acf":[],"_links":{"self":[{"href":"https:\/\/novare.se\/intro\/wp-json\/wp\/v2\/pages\/614","targetHints":{"allow":["GET"]}}],"collection":[{"href":"https:\/\/novare.se\/intro\/wp-json\/wp\/v2\/pages"}],"about":[{"href":"https:\/\/novare.se\/intro\/wp-json\/wp\/v2\/types\/page"}],"author":[{"embeddable":true,"href":"https:\/\/novare.se\/intro\/wp-json\/wp\/v2\/users\/4"}],"replies":[{"embeddable":true,"href":"https:\/\/novare.se\/intro\/wp-json\/wp\/v2\/comments?post=614"}],"version-history":[{"count":22,"href":"https:\/\/novare.se\/intro\/wp-json\/wp\/v2\/pages\/614\/revisions"}],"predecessor-version":[{"id":1859,"href":"https:\/\/novare.se\/intro\/wp-json\/wp\/v2\/pages\/614\/revisions\/1859"}],"wp:attachment":[{"href":"https:\/\/novare.se\/intro\/wp-json\/wp\/v2\/media?parent=614"}],"curies":[{"name":"wp","href":"https:\/\/api.w.org\/{rel}","templated":true}]}}