{"id":1692,"date":"2026-01-12T12:18:52","date_gmt":"2026-01-12T12:18:52","guid":{"rendered":"https:\/\/novare.se\/intro\/?page_id=1692"},"modified":"2026-01-12T13:33:38","modified_gmt":"2026-01-12T13:33:38","slug":"arbetsmiljo","status":"publish","type":"page","link":"https:\/\/novare.se\/intro\/ordlista\/arbetsmiljo\/","title":{"rendered":"Arbetsmilj\u00f6"},"content":{"rendered":"<section id=\"hero-3-block_74b39dae2d5060e244898533e2d25ec1\" class=\"block hero-3  m-b no-img \">\n    <div class=\"hero-3--top-section bg-primary\">\n                    <div class=\"bg-backdrop\">\n                <div class=\"bg-backdrop--inner\"><\/div>\n            <\/div>\n                <div class=\"container\">\n            <div class=\"row\">\n                <div class=\"row__col\">\n                    <div class=\"text-img-wrapper\">\n                        <div class=\"text-col\" >\n                                                                \n                                <div class=\"title-wrapper\" >\n                                    <h1 class=\"h2 text-left\" style=\"color:#f5f2ef\">Arbetsmilj\u00f6<\/h1>                                <\/div>\n                                                            \n                            \n                                                            <div class=\"text-wrapper\" >\n                                    <p>P\u00e5 den h\u00e4r sidan g\u00e5r vi igenom vad arbetsmilj\u00f6 betyder och varf\u00f6r det \u00e4r viktigt i arbetslivet.<\/p>\n                                <\/div>\n                                                            \n                                                    <\/div>\n\n                                            <\/div>\n                <\/div>\n            <\/div>\n        <\/div>\n    <\/div>\n            <div class=\"hero-3--bottom-section \"  >\n        <div class=\"breadcrumbs dark-text\">\n\t<div class=\"container\">\n        <div class=\"row\">\n            <div class=\"row__col\">\n                <div class=\"breadcrumbs--inner\">\n                    <ul>\n                                                                                <li>\n                                <a href=\"https:\/\/novare.se\/\" class=\"alt\">\n                                    Novare                                <\/a>\n                            <\/li>\n                            \n\t\t\t                                        <li>\n                                <a href=\"https:\/\/novare.se\/intro\/\" class=\"alt\">\n                                                                            Novare Intro                                                                    <\/a>\n                            <\/li>\n\t\t\t                                        <li>\n                                <a href=\"https:\/\/novare.se\/intro\/ordlista\/\" class=\"alt\">\n                                      \n                                        Ordlista                                                                    <\/a>\n                            <\/li>\n\t\t\t                                    <li><span class=\"alt\">Arbetsmilj\u00f6<\/span><\/li>\n                    <\/ul>\n                <\/div>\n            <\/div>\n        <\/div>\n\t<\/div>\n<\/div>        <\/div>\n    \n    <\/section>\n\n\n<section id=\"one-column-text-block-block_dd8120d949fc1db0017d1b304b8d4449\" class=\"block one-column-text-block  m-b bg-default\">\n    <div class=\"container\">\n        <div class=\"row row--middle\">\n                            <div class=\"row__col row__col--lg-8\">\n                    <div class=\"title-wrapper\"  >\n                        <h2 class=\"h4 m-0 text-left\">Vad \u00e4r <strong><i>arbetsmilj\u00f6?<\/i><\/strong><\/h2>                    <\/div>\n                <\/div>\n                            \n                            <div class=\"row__col row__col--lg-8\" >\n                    <p class=\"preamble m-0\">Arbetsmilj\u00f6 handlar om de fysiska, organisatoriska och sociala f\u00f6rh\u00e5llanden som p\u00e5verkar hur arbetet utf\u00f6rs och hur medarbetare m\u00e5r p\u00e5 sin arbetsplats. Det kan till exempel handla om arbetsuppgifter, tempo, struktur, relationer, ledarskap och den fysiska milj\u00f6n. En fungerande arbetsmilj\u00f6 skapar f\u00f6ruts\u00e4ttningar f\u00f6r b\u00e5de h\u00e4lsa, prestation och l\u00e5ngsiktig utveckling.<\/p>                <\/div>\n            \n                            <div class=\"row__col row__col--lg-8\" >\n                    <div class=\"text-wrapper editor-content\">\n                        <h2 class=\"h5\">Arbetsmilj\u00f6 i vardagen<\/h2>\n<p>Hur arbetsmilj\u00f6n \u00e4r utformad p\u00e5verkar i stor utstr\u00e4ckning hur m\u00e4nniskor kan utf\u00f6ra sitt arbete och hur v\u00e4l deras kompetens kommer till sin r\u00e4tt. N\u00e4r arbetsmilj\u00f6n \u00e4r tydlig, trygg och anpassad efter olika behov \u00f6kar m\u00f6jligheten f\u00f6r fler att fungera och trivas i vardagen.<\/p>\n<p>I arbetslivet kan arbetsmilj\u00f6 ta sig uttryck p\u00e5 olika s\u00e4tt, till exempel genom f\u00f6ljande:<\/p>\n<ul>\n<li>Tydliga roller och f\u00f6rv\u00e4ntningar<\/li>\n<li>En fysisk milj\u00f6 som st\u00f6djer fokus och \u00e5terh\u00e4mtning<\/li>\n<li>Arbetsbelastning som \u00e4r rimlig \u00f6ver tid<\/li>\n<li>Sociala sammanhang d\u00e4r samarbete och respekt fr\u00e4mjas<\/li>\n<li>Ledarskap som skapar struktur och trygghet<\/li>\n<\/ul>\n<p>N\u00e4r arbetsmilj\u00f6n ses som en helhet blir det l\u00e4ttare att skapa arbetsplatser d\u00e4r fler kan bidra med sin kompetens. En god arbetsmilj\u00f6 handlar om att ta h\u00e4nsyn till variation och skapa f\u00f6ruts\u00e4ttningar f\u00f6r b\u00e5de individ och organisation att utvecklas.<\/p>\n                    <\/div>\n                <\/div>\n                            \n            \n                    <\/div>\n    <\/div>\n<\/section>\n\n<section id=\"services-block_52ebefb7ee0d431acbef969c0a82decd\" class=\"block services  m-b\">\n\t<div class=\"container\">\n\t\t<div class=\"row right\">\n\t\t\t<div class=\"bg-purple-deep background\"><\/div>\n\t\t\t<div class=\"row__col content has-bg\">\n\t\t\t\t<div class=\"row\">\n\t\t\t\t\t<div class=\"row__col row__col--lg-5 row__col--xl-4 left-side bg-purple-deep\">\n\t\t\t\t\t\t                    \t\t<div class=\"title-wrapper\">\n                    \t\t    <h3 class=\"h4 text-left\">L\u00e4s mer om v\u00e5ra <strong><i>tj\u00e4nster<\/i><\/strong><\/h3>                    \t\t<\/div>\n                        \n                                                    <div class=\"text-wrapper\">\n                                <p class=\"preamble\">L\u00e4s mer om v\u00e5ra rekryteringstj\u00e4nster, vi jobbar mot alla branscher och sektorer.<\/p>                            <\/div>\n                        \t\t\t\t\t<\/div>\n\t\t\t\t\t<div class=\"row__col row__col--push-1 row__col--lg-6 row__col--xl-7 right-side services-container\">\n\t\t\t\t\t\t\t\t\t\t\t\t\t<div class=\"row services-container-inner\">\n\t\t\t\t\t\t\t\t\t\t\t\t\t\t\t\t\t\t\t\t\t\t\t\t\t\t\t\t\t\t\t\t\t\t\t<div class=\"row__col row__col--xl-6 services-item  \"\n                                         data-aos-delay-xs=\"0\"\n                                         data-aos-delay-sm=\"0\"\n                                         data-aos-delay-md=\"0\"\n                                         data-aos-delay-lg=\"0\"\n                                         data-aos-delay-xl=\"0\"\n                                        >\n\t\t\t\t\t\t\t\t\t\t<a href=\"https:\/\/novare.se\/rekryteringstjanster\/\" target=\"\">\n\t\t\t\t\t\t\t\t\t\t\t<div class=\"title\"><span class=\"value\">Rekrytering<\/span><span class=\"fa fa-arrow-right\"><\/span><\/div>\n\t\t\t\t\t\t\t\t\t\t\t<div class=\"short-description\"><\/div>\n\t\t\t\t\t\t\t\t\t\t<\/a>\n\t\t\t\t\t\t\t\t\t<\/div>\n                                    \t\t\t\t\t\t\t\t\t\t\t\t\t\t\t\t\t\t\t\t\t\t\t\t\t\t\t\t\t\t\t\t\t\t\t<div class=\"row__col row__col--xl-6 services-item  \"\n                                         data-aos-delay-xs=\"100\"\n                                         data-aos-delay-sm=\"100\"\n                                         data-aos-delay-md=\"100\"\n                                         data-aos-delay-lg=\"100\"\n                                         data-aos-delay-xl=\"0\"\n                                        >\n\t\t\t\t\t\t\t\t\t\t<a href=\"https:\/\/novare.se\/konsult-och-interimstjanster\/\" target=\"\">\n\t\t\t\t\t\t\t\t\t\t\t<div class=\"title\"><span class=\"value\">Konsulttj\u00e4nster<\/span><span class=\"fa fa-arrow-right\"><\/span><\/div>\n\t\t\t\t\t\t\t\t\t\t\t<div class=\"short-description\"><\/div>\n\t\t\t\t\t\t\t\t\t\t<\/a>\n\t\t\t\t\t\t\t\t\t<\/div>\n                                    \t\t\t\t\t\t\t\t\t\t\t\t\t\t\t\t\t\t\t\t\t\t\t\t\t\t\t\t\t\t\t\t\t\t\t<div class=\"row__col row__col--xl-6 services-item  \"\n                                         data-aos-delay-xs=\"200\"\n                                         data-aos-delay-sm=\"200\"\n                                         data-aos-delay-md=\"200\"\n                                         data-aos-delay-lg=\"200\"\n                                         data-aos-delay-xl=\"250\"\n                                        >\n\t\t\t\t\t\t\t\t\t\t<a href=\"https:\/\/novare.se\/bemanningstjanster\/\" target=\"\">\n\t\t\t\t\t\t\t\t\t\t\t<div class=\"title\"><span class=\"value\">Bemaning<\/span><span class=\"fa fa-arrow-right\"><\/span><\/div>\n\t\t\t\t\t\t\t\t\t\t\t<div class=\"short-description\"><\/div>\n\t\t\t\t\t\t\t\t\t\t<\/a>\n\t\t\t\t\t\t\t\t\t<\/div>\n                                    \t\t\t\t\t\t\t\t\t\t\t\t\t\t\t\t\t\t\t\t\t\t\t\t\t\t\t\t\t\t\t\t\t\t\t<div class=\"row__col row__col--xl-6 services-item  \"\n                                         data-aos-delay-xs=\"300\"\n                                         data-aos-delay-sm=\"300\"\n                                         data-aos-delay-md=\"300\"\n                                         data-aos-delay-lg=\"300\"\n                                         data-aos-delay-xl=\"250\"\n                                        >\n\t\t\t\t\t\t\t\t\t\t<a href=\"https:\/\/novare.se\/it-rekrytering\/\" target=\"\">\n\t\t\t\t\t\t\t\t\t\t\t<div class=\"title\"><span class=\"value\">IT-rekrytering<\/span><span class=\"fa fa-arrow-right\"><\/span><\/div>\n\t\t\t\t\t\t\t\t\t\t\t<div class=\"short-description\"><\/div>\n\t\t\t\t\t\t\t\t\t\t<\/a>\n\t\t\t\t\t\t\t\t\t<\/div>\n                                    \t\t\t\t\t\t\t\t\t\t\t\t\t\t\t\t\t\n\t\t\t\t\t\t\t<\/div>\n\t\t\t\t\t\t\t\n\t\t\t\t\t<\/div>\n\t\t\t\t<\/div>\n\t\t\t<\/div>\n\t\t<\/div>\n\t<\/div>\n<\/section>\n\n<section id=\"contact-persons-block_cd94b71245a4744d8ff4ab0eda55ded0\" class=\"block contact-persons  m-b\">\n    <div class=\"container\">\n        <div class=\"row\">\n            <div class=\"row__col row__col--lg-12\">\n                <div class=\"contact-persons--wrapper bg-purple-deep\">\n                    <div class=\"contact-persons--wrapper--content\" >\n                                                    <div class=\"header-wrapper\" >\n                                <h3 class=\"h3 text-left\"><strong><i>Vill du veta mer?<\/i><\/strong><\/h3>                            <\/div>\n                        \n                                                    <div class=\"text-wrapper\">\n                                <p>H\u00f6r g\u00e4rna av dig f\u00f6r att h\u00f6ra mer om hur ett samarbete skulle kunna se ut.<\/p>\n                            <\/div>\n                        \n                                                                                                <\/div>\n                    <div class=\"contact-persons--wrapper--people\">\n                                                                                    <div class=\"contact-person\"  >\n                                    <div class=\"contact-person--image\">\n                                        <img loading=\"lazy\" decoding=\"async\" width=\"360\" height=\"240\" src=\"https:\/\/novare.se\/intro\/wp-content\/uploads\/sites\/3\/2024\/04\/DA_SaraRossiPhotography-14_1-360x240.jpg\" class=\"attachment-medium size-medium\" alt=\"Delal medarbetarbild_final\" srcset=\"https:\/\/novare.se\/intro\/wp-content\/uploads\/sites\/3\/2024\/04\/DA_SaraRossiPhotography-14_1-360x240.jpg 360w, https:\/\/novare.se\/intro\/wp-content\/uploads\/sites\/3\/2024\/04\/DA_SaraRossiPhotography-14_1-1024x683.jpg 1024w, https:\/\/novare.se\/intro\/wp-content\/uploads\/sites\/3\/2024\/04\/DA_SaraRossiPhotography-14_1-768x512.jpg 768w, https:\/\/novare.se\/intro\/wp-content\/uploads\/sites\/3\/2024\/04\/DA_SaraRossiPhotography-14_1-1536x1024.jpg 1536w, https:\/\/novare.se\/intro\/wp-content\/uploads\/sites\/3\/2024\/04\/DA_SaraRossiPhotography-14_1-2048x1365.jpg 2048w\" sizes=\"(max-width: 360px) 100vw, 360px\" \/>                                    <\/div>\n                                    <div class=\"contact-person--details\">\n                                        <div class=\"name-wrapper\">\n                                            <a href=\"https:\/\/novare.se\/intro\/medarbetare\/delal-apak\/\">Delal Apak<\/a>\n                                        <\/div>\n                                        <div class=\"title-wrapper\">\n                                            <p>Vd och del\u00e4gare<\/p>\n                                        <\/div>\n                                        <div class=\"email-wrapper\">\n                                            <a href=\"mailto:delal.apak@novare.se\">delal.apak@novare.se<\/a>\n                                        <\/div>\n                                        <div class=\"phone-wrapper\">\n                                            <a href=\"tel:+46739989163\">+46 739 98 91 63<\/a>\n                                        <\/div>\n                                    <\/div>\n                                <\/div>\n                                                    <\/div>\n                <\/div>\n            <\/div>\n        <\/div>\n    <\/div>\n<\/section>\n\n\n<section id=\"faq-block-block_76f62e9325dd59fcf986345acea1a069\" class=\"block faq-block  m-b bg-default\">\n    <div class=\"container\">\n        <div class=\"row\">\n            <div class=\"row__col row__col--lg-6\" data-aos-anchor='#faq-block-block_76f62e9325dd59fcf986345acea1a069'data-aos='fade-up'data-aos-easing='ease-in-out-sine'data-aos-duration='500'data-aos-delay='0'data-aos-once='true'data-aos-offset='250' >\n                <img loading=\"lazy\" decoding=\"async\" width=\"625\" height=\"761\" src=\"https:\/\/novare.se\/intro\/wp-content\/uploads\/sites\/3\/2024\/03\/faq-bench.png\" class=\"media-item\" alt=\"Tre personer sitter och pratar p\u00e5 en utomhusb\u00e4nk.\" srcset=\"https:\/\/novare.se\/intro\/wp-content\/uploads\/sites\/3\/2024\/03\/faq-bench.png 625w, https:\/\/novare.se\/intro\/wp-content\/uploads\/sites\/3\/2024\/03\/faq-bench-296x360.png 296w\" sizes=\"(max-width: 625px) 100vw, 625px\" \/>            <\/div>\n            \n            <div class=\"row__col row__col--lg-6\">\n                                    <div class=\"title-wrapper text-medium\" data-aos-anchor='#faq-block-block_76f62e9325dd59fcf986345acea1a069'data-aos='fade-up'data-aos-easing='ease-in-out-sine'data-aos-duration='500'data-aos-delay='300'data-aos-once='true'data-aos-offset='250' >\n                        <h3 class=\"h3 text-left\"><strong>Fr\u00e5gor och svar<\/strong><\/h3>                    <\/div>\n                                                                        <div class=\"text-wrapper editor-content\" data-aos-anchor='#faq-block-block_76f62e9325dd59fcf986345acea1a069'data-aos='fade-up'data-aos-easing='ease-in-out-sine'data-aos-duration='500'data-aos-delay='750'data-aos-once='true'data-aos-offset='250' >\n                        <p>H\u00e4r har vi samlat de vanligaste fr\u00e5gorna. Hittar du inte svaret du s\u00f6ker h\u00e4r, tveka inte att h\u00f6ra av dig till oss!<\/p>\n                    <\/div>\n                \n                                    <div class=\"accordion\">\n                                                    <div class=\"accordion-item\" data-aos-anchor='#faq-block-block_76f62e9325dd59fcf986345acea1a069'data-aos='fade-right'data-aos-easing='ease-in-out-sine'data-aos-duration='500'data-aos-delay='1000'data-aos-once='true'data-aos-offset='250' >\n                                <div class=\"accordion-header\">\n                                    <span class=\"question\">Vad menas med arbetsmilj\u00f6?<\/span>\n                                    <i class=\"fa fa-plus\"><\/i><i class=\"fa fa-minus hidden\"><\/i>\n                                <\/div>\n                                <div class=\"accordion-content\" style=\"display: none;\">\n                                    <span class=\"separator\"><\/span>\n                                    Arbetsmilj\u00f6 beskriver de f\u00f6rh\u00e5llanden som p\u00e5verkar hur arbetet utf\u00f6rs och hur medarbetare m\u00e5r p\u00e5 sin arbetsplats.                                <\/div>\n                            <\/div>\n                                                        <div class=\"accordion-item\" data-aos-anchor='#faq-block-block_76f62e9325dd59fcf986345acea1a069'data-aos='fade-right'data-aos-easing='ease-in-out-sine'data-aos-duration='500'data-aos-delay='1250'data-aos-once='true'data-aos-offset='250' >\n                                <div class=\"accordion-header\">\n                                    <span class=\"question\">Varf\u00f6r \u00e4r arbetsmilj\u00f6 viktigt?<\/span>\n                                    <i class=\"fa fa-plus\"><\/i><i class=\"fa fa-minus hidden\"><\/i>\n                                <\/div>\n                                <div class=\"accordion-content\" style=\"display: none;\">\n                                    <span class=\"separator\"><\/span>\n                                    En fungerande arbetsmilj\u00f6 skapar f\u00f6ruts\u00e4ttningar f\u00f6r h\u00e4lsa, prestation och l\u00e5ngsiktig h\u00e5llbarhet i arbetslivet.                                <\/div>\n                            <\/div>\n                                                        <div class=\"accordion-item\" data-aos-anchor='#faq-block-block_76f62e9325dd59fcf986345acea1a069'data-aos='fade-right'data-aos-easing='ease-in-out-sine'data-aos-duration='500'data-aos-delay='1500'data-aos-once='true'data-aos-offset='250' >\n                                <div class=\"accordion-header\">\n                                    <span class=\"question\">Vad ing\u00e5r i arbetsmilj\u00f6?<\/span>\n                                    <i class=\"fa fa-plus\"><\/i><i class=\"fa fa-minus hidden\"><\/i>\n                                <\/div>\n                                <div class=\"accordion-content\" style=\"display: none;\">\n                                    <span class=\"separator\"><\/span>\n                                    Arbetsmilj\u00f6 kan omfatta b\u00e5de fysisk milj\u00f6, arbetsorganisation, sociala relationer och ledarskap.                                <\/div>\n                            <\/div>\n                                                        <div class=\"accordion-item\" data-aos-anchor='#faq-block-block_76f62e9325dd59fcf986345acea1a069'data-aos='fade-right'data-aos-easing='ease-in-out-sine'data-aos-duration='500'data-aos-delay='1750'data-aos-once='true'data-aos-offset='250' >\n                                <div class=\"accordion-header\">\n                                    <span class=\"question\">Hur p\u00e5verkar arbetsmilj\u00f6 trivsel och prestation?<\/span>\n                                    <i class=\"fa fa-plus\"><\/i><i class=\"fa fa-minus hidden\"><\/i>\n                                <\/div>\n                                <div class=\"accordion-content\" style=\"display: none;\">\n                                    <span class=\"separator\"><\/span>\n                                    N\u00e4r arbetsmilj\u00f6n \u00e4r tydlig och trygg blir det l\u00e4ttare att fokusera, samarbeta och utf\u00f6ra arbetsuppgifter p\u00e5 ett h\u00e5llbart s\u00e4tt.                                <\/div>\n                            <\/div>\n                                                        <div class=\"accordion-item\" data-aos-anchor='#faq-block-block_76f62e9325dd59fcf986345acea1a069'data-aos='fade-right'data-aos-easing='ease-in-out-sine'data-aos-duration='500'data-aos-delay='2000'data-aos-once='true'data-aos-offset='250' >\n                                <div class=\"accordion-header\">\n                                    <span class=\"question\">Vem ansvarar f\u00f6r arbetsmilj\u00f6n?<\/span>\n                                    <i class=\"fa fa-plus\"><\/i><i class=\"fa fa-minus hidden\"><\/i>\n                                <\/div>\n                                <div class=\"accordion-content\" style=\"display: none;\">\n                                    <span class=\"separator\"><\/span>\n                                    Arbetsmilj\u00f6 \u00e4r ett gemensamt ansvar d\u00e4r b\u00e5de arbetsgivare, chefer och medarbetare bidrar till hur arbetsplatsen fungerar i vardagen.                                <\/div>\n                            <\/div>\n                                                <\/div>\n                            <\/div>\n        <\/div>\n    <\/div>\n<\/section>\n","protected":false},"excerpt":{"rendered":"","protected":false},"author":26,"featured_media":0,"parent":1616,"menu_order":0,"comment_status":"closed","ping_status":"closed","template":"","meta":{"_acf_changed":false,"_seopress_robots_primary_cat":"","_seopress_titles_title":"Vad inneb\u00e4r arbetsmilj\u00f6? | Novare","_seopress_titles_desc":"H\u00e4r f\u00f6rklarar vi vad arbetsmilj\u00f6 betyder och hur fysiska, organisatoriska och sociala faktorer p\u00e5verkar arbete och trivsel.","_seopress_robots_index":"","inline_featured_image":false,"footnotes":""},"class_list":["post-1692","page","type-page","status-publish","hentry"],"acf":[],"_links":{"self":[{"href":"https:\/\/novare.se\/intro\/wp-json\/wp\/v2\/pages\/1692","targetHints":{"allow":["GET"]}}],"collection":[{"href":"https:\/\/novare.se\/intro\/wp-json\/wp\/v2\/pages"}],"about":[{"href":"https:\/\/novare.se\/intro\/wp-json\/wp\/v2\/types\/page"}],"author":[{"embeddable":true,"href":"https:\/\/novare.se\/intro\/wp-json\/wp\/v2\/users\/26"}],"replies":[{"embeddable":true,"href":"https:\/\/novare.se\/intro\/wp-json\/wp\/v2\/comments?post=1692"}],"version-history":[{"count":3,"href":"https:\/\/novare.se\/intro\/wp-json\/wp\/v2\/pages\/1692\/revisions"}],"predecessor-version":[{"id":1714,"href":"https:\/\/novare.se\/intro\/wp-json\/wp\/v2\/pages\/1692\/revisions\/1714"}],"up":[{"embeddable":true,"href":"https:\/\/novare.se\/intro\/wp-json\/wp\/v2\/pages\/1616"}],"wp:attachment":[{"href":"https:\/\/novare.se\/intro\/wp-json\/wp\/v2\/media?parent=1692"}],"curies":[{"name":"wp","href":"https:\/\/api.w.org\/{rel}","templated":true}]}}