{"id":1680,"date":"2025-12-23T09:27:45","date_gmt":"2025-12-23T09:27:45","guid":{"rendered":"https:\/\/novare.se\/intro\/?page_id=1680"},"modified":"2026-01-12T13:37:25","modified_gmt":"2026-01-12T13:37:25","slug":"dyslexi","status":"publish","type":"page","link":"https:\/\/novare.se\/intro\/ordlista\/dyslexi\/","title":{"rendered":"Dyslexi"},"content":{"rendered":"<section id=\"hero-3-block_4c47d7a14870515bda353c1a58af4fc4\" class=\"block hero-3  m-b no-img \">\n    <div class=\"hero-3--top-section bg-primary\">\n                    <div class=\"bg-backdrop\">\n                <div class=\"bg-backdrop--inner\"><\/div>\n            <\/div>\n                <div class=\"container\">\n            <div class=\"row\">\n                <div class=\"row__col\">\n                    <div class=\"text-img-wrapper\">\n                        <div class=\"text-col\" >\n                                                                \n                                <div class=\"title-wrapper\" >\n                                    <h1 class=\"h2 text-left\" style=\"color:#f5f2ef\">Dyslexi<\/h1>                                <\/div>\n                                                            \n                            \n                                                            <div class=\"text-wrapper\" >\n                                    <p>P\u00e5 den h\u00e4r sidan g\u00e5r vi igenom vad dyslexi betyder och hur det kan ta sig uttryck i vardagen och i arbetslivet.<\/p>\n                                <\/div>\n                                                            \n                                                    <\/div>\n\n                                            <\/div>\n                <\/div>\n            <\/div>\n        <\/div>\n    <\/div>\n            <div class=\"hero-3--bottom-section \"  >\n        <div class=\"breadcrumbs dark-text\">\n\t<div class=\"container\">\n        <div class=\"row\">\n            <div class=\"row__col\">\n                <div class=\"breadcrumbs--inner\">\n                    <ul>\n                                                                                <li>\n                                <a href=\"https:\/\/novare.se\/\" class=\"alt\">\n                                    Novare                                <\/a>\n                            <\/li>\n                            \n\t\t\t                                        <li>\n                                <a href=\"https:\/\/novare.se\/intro\/\" class=\"alt\">\n                                                                            Novare Intro                                                                    <\/a>\n                            <\/li>\n\t\t\t                                        <li>\n                                <a href=\"https:\/\/novare.se\/intro\/ordlista\/\" class=\"alt\">\n                                      \n                                        Ordlista                                                                    <\/a>\n                            <\/li>\n\t\t\t                                    <li><span class=\"alt\">Dyslexi<\/span><\/li>\n                    <\/ul>\n                <\/div>\n            <\/div>\n        <\/div>\n\t<\/div>\n<\/div>        <\/div>\n    \n    <\/section>\n\n\n<section id=\"one-column-text-block-block_07e3009e761d38a90068db12e015b7f8\" class=\"block one-column-text-block  m-b bg-default\">\n    <div class=\"container\">\n        <div class=\"row row--middle\">\n                            <div class=\"row__col row__col--lg-8\">\n                    <div class=\"title-wrapper\"  >\n                        <h2 class=\"h4 m-0 text-left\">Vad \u00e4r <strong><i>dyslexi?<\/i><\/strong><\/h2>                    <\/div>\n                <\/div>\n                            \n                            <div class=\"row__col row__col--lg-8\" >\n                    <p class=\"preamble m-0\">Dyslexi \u00e4r en funktionsvariation som p\u00e5verkar hur en person l\u00e4ser, skriver och bearbetar skriven information. Det handlar inte om intelligens eller motivation, utan om hur hj\u00e4rnan hanterar spr\u00e5k. Dyslexi kan ta sig uttryck p\u00e5 olika s\u00e4tt och i olika grad, och m\u00e5nga utvecklar strategier f\u00f6r att hantera vardag och arbete utifr\u00e5n sina f\u00f6ruts\u00e4ttningar.<\/p>                <\/div>\n            \n                            <div class=\"row__col row__col--lg-8\" >\n                    <div class=\"text-wrapper editor-content\">\n                        <h2 class=\"h5\">Dyslexi i praktiken<\/h2>\n<p>I arbetslivet kan dyslexi p\u00e5verka hur arbetsuppgifter som inneb\u00e4r l\u00e4sning, skrivande och informationshantering upplevs. N\u00e4r arbetsmilj\u00f6 och arbetss\u00e4tt \u00e4r tydliga och anpassade blir det l\u00e4ttare att fokusera p\u00e5 inneh\u00e5llet snarare \u00e4n formen.<\/p>\n<p>I arbetslivet kan dyslexi ta sig uttryck p\u00e5 olika s\u00e4tt, till exempel genom f\u00f6ljande:<\/p>\n<ul>\n<li>Behov av mer tid vid l\u00e4sning och skriftlig information<\/li>\n<li>Sv\u00e5righeter med stavning eller textproduktion<\/li>\n<li>Styrkor inom muntlig kommunikation och probleml\u00f6sning<\/li>\n<li>Nytta av tydlig struktur och visuellt st\u00f6d<\/li>\n<li>Arbetsmilj\u00f6ns betydelse f\u00f6r fokus och arbetsfl\u00f6de<\/li>\n<\/ul>\n<p>N\u00e4r arbetsplatser tar h\u00e4nsyn till variation i hur information tas in och bearbetas skapas b\u00e4ttre f\u00f6ruts\u00e4ttningar f\u00f6r fler att bidra med sin kompetens. Det handlar om att anpassa arbetss\u00e4tt s\u00e5 att fokus kan ligga p\u00e5 inneh\u00e5ll, f\u00f6rst\u00e5else och kvalitet i arbetet.<\/p>\n                    <\/div>\n                <\/div>\n                            \n            \n                    <\/div>\n    <\/div>\n<\/section>\n\n<section id=\"services-block_71598580f182e8ef8e29819d62c1aee1\" class=\"block services  m-b\">\n\t<div class=\"container\">\n\t\t<div class=\"row right\">\n\t\t\t<div class=\"bg-purple-deep background\"><\/div>\n\t\t\t<div class=\"row__col content has-bg\">\n\t\t\t\t<div class=\"row\">\n\t\t\t\t\t<div class=\"row__col row__col--lg-5 row__col--xl-4 left-side bg-purple-deep\">\n\t\t\t\t\t\t                    \t\t<div class=\"title-wrapper\">\n                    \t\t    <h3 class=\"h4 text-left\">L\u00e4s mer om v\u00e5ra <strong><i>tj\u00e4nster<\/i><\/strong><\/h3>                    \t\t<\/div>\n                        \n                                                    <div class=\"text-wrapper\">\n                                <p class=\"preamble\">L\u00e4s mer om v\u00e5ra rekryteringstj\u00e4nster, vi jobbar mot alla branscher och sektorer.<\/p>                            <\/div>\n                        \t\t\t\t\t<\/div>\n\t\t\t\t\t<div class=\"row__col row__col--push-1 row__col--lg-6 row__col--xl-7 right-side services-container\">\n\t\t\t\t\t\t\t\t\t\t\t\t\t<div class=\"row services-container-inner\">\n\t\t\t\t\t\t\t\t\t\t\t\t\t\t\t\t\t\t\t\t\t\t\t\t\t\t\t\t\t\t\t\t\t\t\t<div class=\"row__col row__col--xl-6 services-item  \"\n                                         data-aos-delay-xs=\"0\"\n                                         data-aos-delay-sm=\"0\"\n                                         data-aos-delay-md=\"0\"\n                                         data-aos-delay-lg=\"0\"\n                                         data-aos-delay-xl=\"0\"\n                                        >\n\t\t\t\t\t\t\t\t\t\t<a href=\"https:\/\/novare.se\/rekryteringstjanster\/\" target=\"\">\n\t\t\t\t\t\t\t\t\t\t\t<div class=\"title\"><span class=\"value\">Rekrytering<\/span><span class=\"fa fa-arrow-right\"><\/span><\/div>\n\t\t\t\t\t\t\t\t\t\t\t<div class=\"short-description\"><\/div>\n\t\t\t\t\t\t\t\t\t\t<\/a>\n\t\t\t\t\t\t\t\t\t<\/div>\n                                    \t\t\t\t\t\t\t\t\t\t\t\t\t\t\t\t\t\t\t\t\t\t\t\t\t\t\t\t\t\t\t\t\t\t\t<div class=\"row__col row__col--xl-6 services-item  \"\n                                         data-aos-delay-xs=\"100\"\n                                         data-aos-delay-sm=\"100\"\n                                         data-aos-delay-md=\"100\"\n                                         data-aos-delay-lg=\"100\"\n                                         data-aos-delay-xl=\"0\"\n                                        >\n\t\t\t\t\t\t\t\t\t\t<a href=\"https:\/\/novare.se\/konsult-och-interimstjanster\/\" target=\"\">\n\t\t\t\t\t\t\t\t\t\t\t<div class=\"title\"><span class=\"value\">Konsulttj\u00e4nster<\/span><span class=\"fa fa-arrow-right\"><\/span><\/div>\n\t\t\t\t\t\t\t\t\t\t\t<div class=\"short-description\"><\/div>\n\t\t\t\t\t\t\t\t\t\t<\/a>\n\t\t\t\t\t\t\t\t\t<\/div>\n                                    \t\t\t\t\t\t\t\t\t\t\t\t\t\t\t\t\t\t\t\t\t\t\t\t\t\t\t\t\t\t\t\t\t\t\t<div class=\"row__col row__col--xl-6 services-item  \"\n                                         data-aos-delay-xs=\"200\"\n                                         data-aos-delay-sm=\"200\"\n                                         data-aos-delay-md=\"200\"\n                                         data-aos-delay-lg=\"200\"\n                                         data-aos-delay-xl=\"250\"\n                                        >\n\t\t\t\t\t\t\t\t\t\t<a href=\"https:\/\/novare.se\/bemanningstjanster\/\" target=\"\">\n\t\t\t\t\t\t\t\t\t\t\t<div class=\"title\"><span class=\"value\">Bemaning<\/span><span class=\"fa fa-arrow-right\"><\/span><\/div>\n\t\t\t\t\t\t\t\t\t\t\t<div class=\"short-description\"><\/div>\n\t\t\t\t\t\t\t\t\t\t<\/a>\n\t\t\t\t\t\t\t\t\t<\/div>\n                                    \t\t\t\t\t\t\t\t\t\t\t\t\t\t\t\t\t\t\t\t\t\t\t\t\t\t\t\t\t\t\t\t\t\t\t<div class=\"row__col row__col--xl-6 services-item  \"\n                                         data-aos-delay-xs=\"300\"\n                                         data-aos-delay-sm=\"300\"\n                                         data-aos-delay-md=\"300\"\n                                         data-aos-delay-lg=\"300\"\n                                         data-aos-delay-xl=\"250\"\n                                        >\n\t\t\t\t\t\t\t\t\t\t<a href=\"https:\/\/novare.se\/it-rekrytering\/\" target=\"\">\n\t\t\t\t\t\t\t\t\t\t\t<div class=\"title\"><span class=\"value\">IT-rekrytering<\/span><span class=\"fa fa-arrow-right\"><\/span><\/div>\n\t\t\t\t\t\t\t\t\t\t\t<div class=\"short-description\"><\/div>\n\t\t\t\t\t\t\t\t\t\t<\/a>\n\t\t\t\t\t\t\t\t\t<\/div>\n                                    \t\t\t\t\t\t\t\t\t\t\t\t\t\t\t\t\t\n\t\t\t\t\t\t\t<\/div>\n\t\t\t\t\t\t\t\n\t\t\t\t\t<\/div>\n\t\t\t\t<\/div>\n\t\t\t<\/div>\n\t\t<\/div>\n\t<\/div>\n<\/section>\n\n<section id=\"contact-persons-block_c8ceb9c8ec004eca81fa0f685c7562a1\" class=\"block contact-persons  m-b\">\n    <div class=\"container\">\n        <div class=\"row\">\n            <div class=\"row__col row__col--lg-12\">\n                <div class=\"contact-persons--wrapper bg-purple-deep\">\n                    <div class=\"contact-persons--wrapper--content\" >\n                                                    <div class=\"header-wrapper\" >\n                                <h3 class=\"h3 text-left\"><strong><i>Vill du veta mer?<\/i><\/strong><\/h3>                            <\/div>\n                        \n                                                    <div class=\"text-wrapper\">\n                                <p>H\u00f6r g\u00e4rna av dig f\u00f6r att h\u00f6ra mer om hur ett samarbete skulle kunna se ut.<\/p>\n                            <\/div>\n                        \n                                                                                                <\/div>\n                    <div class=\"contact-persons--wrapper--people\">\n                                                                                    <div class=\"contact-person\"  >\n                                    <div class=\"contact-person--image\">\n                                        <img loading=\"lazy\" decoding=\"async\" width=\"360\" height=\"240\" src=\"https:\/\/novare.se\/intro\/wp-content\/uploads\/sites\/3\/2024\/04\/DA_SaraRossiPhotography-14_1-360x240.jpg\" class=\"attachment-medium size-medium\" alt=\"Delal medarbetarbild_final\" srcset=\"https:\/\/novare.se\/intro\/wp-content\/uploads\/sites\/3\/2024\/04\/DA_SaraRossiPhotography-14_1-360x240.jpg 360w, https:\/\/novare.se\/intro\/wp-content\/uploads\/sites\/3\/2024\/04\/DA_SaraRossiPhotography-14_1-1024x683.jpg 1024w, https:\/\/novare.se\/intro\/wp-content\/uploads\/sites\/3\/2024\/04\/DA_SaraRossiPhotography-14_1-768x512.jpg 768w, https:\/\/novare.se\/intro\/wp-content\/uploads\/sites\/3\/2024\/04\/DA_SaraRossiPhotography-14_1-1536x1024.jpg 1536w, https:\/\/novare.se\/intro\/wp-content\/uploads\/sites\/3\/2024\/04\/DA_SaraRossiPhotography-14_1-2048x1365.jpg 2048w\" sizes=\"(max-width: 360px) 100vw, 360px\" \/>                                    <\/div>\n                                    <div class=\"contact-person--details\">\n                                        <div class=\"name-wrapper\">\n                                            <a href=\"https:\/\/novare.se\/intro\/medarbetare\/delal-apak\/\">Delal Apak<\/a>\n                                        <\/div>\n                                        <div class=\"title-wrapper\">\n                                            <p>Vd och del\u00e4gare<\/p>\n                                        <\/div>\n                                        <div class=\"email-wrapper\">\n                                            <a href=\"mailto:delal.apak@novare.se\">delal.apak@novare.se<\/a>\n                                        <\/div>\n                                        <div class=\"phone-wrapper\">\n                                            <a href=\"tel:+46739989163\">+46 739 98 91 63<\/a>\n                                        <\/div>\n                                    <\/div>\n                                <\/div>\n                                                    <\/div>\n                <\/div>\n            <\/div>\n        <\/div>\n    <\/div>\n<\/section>\n\n\n<section id=\"faq-block-block_dea839a4f253ad0bad0fef22f550893d\" class=\"block faq-block  m-b bg-default\">\n    <div class=\"container\">\n        <div class=\"row\">\n            <div class=\"row__col row__col--lg-6\"  >\n                <img loading=\"lazy\" decoding=\"async\" width=\"625\" height=\"761\" src=\"https:\/\/novare.se\/intro\/wp-content\/uploads\/sites\/3\/2024\/03\/faq-bench.png\" class=\"media-item\" alt=\"Tre personer sitter och pratar p\u00e5 en utomhusb\u00e4nk.\" srcset=\"https:\/\/novare.se\/intro\/wp-content\/uploads\/sites\/3\/2024\/03\/faq-bench.png 625w, https:\/\/novare.se\/intro\/wp-content\/uploads\/sites\/3\/2024\/03\/faq-bench-296x360.png 296w\" sizes=\"(max-width: 625px) 100vw, 625px\" \/>            <\/div>\n            \n            <div class=\"row__col row__col--lg-6\">\n                                    <div class=\"title-wrapper text-medium\"  >\n                        <h3 class=\"h3 text-left\"><strong>Fr\u00e5gor och svar<\/strong><\/h3>                    <\/div>\n                                                                        <div class=\"text-wrapper editor-content\"  >\n                        <p>H\u00e4r har vi samlat de vanligaste fr\u00e5gorna. Hittar du inte svaret du s\u00f6ker h\u00e4r, tveka inte att h\u00f6ra av dig till oss!<\/p>\n                    <\/div>\n                \n                                    <div class=\"accordion\">\n                                                    <div class=\"accordion-item\"  >\n                                <div class=\"accordion-header\">\n                                    <span class=\"question\">Vad inneb\u00e4r dyslexi?<\/span>\n                                    <i class=\"fa fa-plus\"><\/i><i class=\"fa fa-minus hidden\"><\/i>\n                                <\/div>\n                                <div class=\"accordion-content\" style=\"display: none;\">\n                                    <span class=\"separator\"><\/span>\n                                    Dyslexi inneb\u00e4r sv\u00e5righeter med att l\u00e4sa och skriva som beror p\u00e5 hur spr\u00e5klig information bearbetas, inte p\u00e5 bristande f\u00f6rm\u00e5ga.                                <\/div>\n                            <\/div>\n                                                        <div class=\"accordion-item\"  >\n                                <div class=\"accordion-header\">\n                                    <span class=\"question\">Kan personer med dyslexi arbeta?<\/span>\n                                    <i class=\"fa fa-plus\"><\/i><i class=\"fa fa-minus hidden\"><\/i>\n                                <\/div>\n                                <div class=\"accordion-content\" style=\"display: none;\">\n                                    <span class=\"separator\"><\/span>\n                                    Ja. M\u00e5nga personer med dyslexi arbetar inom olika yrken och branscher n\u00e4r arbetsmilj\u00f6 och arbetss\u00e4tt \u00e4r anpassade.                                <\/div>\n                            <\/div>\n                                                        <div class=\"accordion-item\"  >\n                                <div class=\"accordion-header\">\n                                    <span class=\"question\">Hur kan dyslexi p\u00e5verka arbetssituationen?<\/span>\n                                    <i class=\"fa fa-plus\"><\/i><i class=\"fa fa-minus hidden\"><\/i>\n                                <\/div>\n                                <div class=\"accordion-content\" style=\"display: none;\">\n                                    <span class=\"separator\"><\/span>\n                                    Det kan p\u00e5verka hur textbaserad information hanteras, till exempel vid dokumentation eller l\u00e4sning av instruktioner. Behov varierar mellan individer.                                <\/div>\n                            <\/div>\n                                                        <div class=\"accordion-item\"  >\n                                <div class=\"accordion-header\">\n                                    <span class=\"question\">Beh\u00f6ver arbetsplatser anpassas vid dyslexi?<\/span>\n                                    <i class=\"fa fa-plus\"><\/i><i class=\"fa fa-minus hidden\"><\/i>\n                                <\/div>\n                                <div class=\"accordion-content\" style=\"display: none;\">\n                                    <span class=\"separator\"><\/span>\n                                    Ibland kan anpassningar som alternativa format, tydlig struktur eller tekniska hj\u00e4lpmedel g\u00f6ra stor skillnad.                                <\/div>\n                            <\/div>\n                                                        <div class=\"accordion-item\"  >\n                                <div class=\"accordion-header\">\n                                    <span class=\"question\">Hur kan arbetsgivare skapa b\u00e4ttre f\u00f6ruts\u00e4ttningar?<\/span>\n                                    <i class=\"fa fa-plus\"><\/i><i class=\"fa fa-minus hidden\"><\/i>\n                                <\/div>\n                                <div class=\"accordion-content\" style=\"display: none;\">\n                                    <span class=\"separator\"><\/span>\n                                    Genom tydlig kommunikation, flexibilitet i hur information delas och dialog kring arbetsuppgifter och behov.                                <\/div>\n                            <\/div>\n                                                <\/div>\n                            <\/div>\n        <\/div>\n    <\/div>\n<\/section>\n","protected":false},"excerpt":{"rendered":"","protected":false},"author":26,"featured_media":0,"parent":1616,"menu_order":0,"comment_status":"closed","ping_status":"closed","template":"","meta":{"_acf_changed":false,"_seopress_robots_primary_cat":"","_seopress_titles_title":"Asperger i arbetslivet | Novare Intro","_seopress_titles_desc":"H\u00e4r f\u00f6rklarar vi vad Asperger betyder, hur begreppet anv\u00e4nds idag och hur det kan ta sig uttryck i vardagen och i arbetslivet.","_seopress_robots_index":"","inline_featured_image":false,"footnotes":""},"class_list":["post-1680","page","type-page","status-publish","hentry"],"acf":[],"_links":{"self":[{"href":"https:\/\/novare.se\/intro\/wp-json\/wp\/v2\/pages\/1680","targetHints":{"allow":["GET"]}}],"collection":[{"href":"https:\/\/novare.se\/intro\/wp-json\/wp\/v2\/pages"}],"about":[{"href":"https:\/\/novare.se\/intro\/wp-json\/wp\/v2\/types\/page"}],"author":[{"embeddable":true,"href":"https:\/\/novare.se\/intro\/wp-json\/wp\/v2\/users\/26"}],"replies":[{"embeddable":true,"href":"https:\/\/novare.se\/intro\/wp-json\/wp\/v2\/comments?post=1680"}],"version-history":[{"count":3,"href":"https:\/\/novare.se\/intro\/wp-json\/wp\/v2\/pages\/1680\/revisions"}],"predecessor-version":[{"id":1719,"href":"https:\/\/novare.se\/intro\/wp-json\/wp\/v2\/pages\/1680\/revisions\/1719"}],"up":[{"embeddable":true,"href":"https:\/\/novare.se\/intro\/wp-json\/wp\/v2\/pages\/1616"}],"wp:attachment":[{"href":"https:\/\/novare.se\/intro\/wp-json\/wp\/v2\/media?parent=1680"}],"curies":[{"name":"wp","href":"https:\/\/api.w.org\/{rel}","templated":true}]}}