{"id":1676,"date":"2025-12-23T09:27:40","date_gmt":"2025-12-23T09:27:40","guid":{"rendered":"https:\/\/novare.se\/intro\/?page_id=1676"},"modified":"2026-01-12T13:37:51","modified_gmt":"2026-01-12T13:37:51","slug":"asperger","status":"publish","type":"page","link":"https:\/\/novare.se\/intro\/ordlista\/asperger\/","title":{"rendered":"Asperger"},"content":{"rendered":"<section id=\"hero-3-block_3bcca103666370dd5b4507288bd10cb4\" class=\"block hero-3  m-b no-img \">\n    <div class=\"hero-3--top-section bg-primary\">\n                    <div class=\"bg-backdrop\">\n                <div class=\"bg-backdrop--inner\"><\/div>\n            <\/div>\n                <div class=\"container\">\n            <div class=\"row\">\n                <div class=\"row__col\">\n                    <div class=\"text-img-wrapper\">\n                        <div class=\"text-col\" >\n                                                                \n                                <div class=\"title-wrapper\" >\n                                    <h1 class=\"h2 text-left\" style=\"color:#f5f2ef\">Asperger<\/h1>                                <\/div>\n                                                            \n                            \n                                                            <div class=\"text-wrapper\" >\n                                    <p data-start=\"228\" data-end=\"338\">P\u00e5 den h\u00e4r sidan g\u00e5r vi igenom vad asperger betyder och hur det kan ta sig uttryck i vardagen och i arbetslivet.<\/p>\n                                <\/div>\n                                                            \n                                                    <\/div>\n\n                                            <\/div>\n                <\/div>\n            <\/div>\n        <\/div>\n    <\/div>\n            <div class=\"hero-3--bottom-section \"  >\n        <div class=\"breadcrumbs dark-text\">\n\t<div class=\"container\">\n        <div class=\"row\">\n            <div class=\"row__col\">\n                <div class=\"breadcrumbs--inner\">\n                    <ul>\n                                                                                <li>\n                                <a href=\"https:\/\/novare.se\/\" class=\"alt\">\n                                    Novare                                <\/a>\n                            <\/li>\n                            \n\t\t\t                                        <li>\n                                <a href=\"https:\/\/novare.se\/intro\/\" class=\"alt\">\n                                                                            Novare Intro                                                                    <\/a>\n                            <\/li>\n\t\t\t                                        <li>\n                                <a href=\"https:\/\/novare.se\/intro\/ordlista\/\" class=\"alt\">\n                                      \n                                        Ordlista                                                                    <\/a>\n                            <\/li>\n\t\t\t                                    <li><span class=\"alt\">Asperger<\/span><\/li>\n                    <\/ul>\n                <\/div>\n            <\/div>\n        <\/div>\n\t<\/div>\n<\/div>        <\/div>\n    \n    <\/section>\n\n\n<section id=\"one-column-text-block-block_e405e439145bf37f6cd79e599fac5597\" class=\"block one-column-text-block  m-b bg-default\">\n    <div class=\"container\">\n        <div class=\"row row--middle\">\n                            <div class=\"row__col row__col--lg-8\">\n                    <div class=\"title-wrapper\"  >\n                        <h2 class=\"h4 m-0 text-left\">Vad \u00e4r <strong><i>asperger?<\/i><\/strong><\/h2>                    <\/div>\n                <\/div>\n                            \n                            <div class=\"row__col row__col--lg-8\" >\n                    <p class=\"preamble m-0\">Asperger \u00e4r ett begrepp som tidigare anv\u00e4ndes f\u00f6r att beskriva en form av autism och ing\u00e5r idag i autismspektrumet. M\u00e5nga anv\u00e4nder fortfarande ordet Asperger f\u00f6r att beskriva sitt s\u00e4tt att fungera, \u00e4ven om det inte l\u00e4ngre \u00e4r en egen diagnos. Det kan handla om hur en person bearbetar information, kommunicerar och f\u00f6rh\u00e5ller sig till sin omgivning, och uttrycken varierar fr\u00e5n individ till individ.<\/p>                <\/div>\n            \n                            <div class=\"row__col row__col--lg-8\" >\n                    <div class=\"text-wrapper editor-content\">\n                        <h2 class=\"h5\">Asperger och arbetsmilj\u00f6<\/h2>\n<p>P\u00e5 en arbetsplats kan Asperger handla om hur struktur, kommunikation och sociala sammanhang upplevs. N\u00e4r arbetsuppgifter \u00e4r tydliga och milj\u00f6n \u00e4r f\u00f6ruts\u00e4gbar finns ofta goda f\u00f6ruts\u00e4ttningar f\u00f6r b\u00e5de prestation och trivsel.<\/p>\n<p>I arbetssammanhang kan Asperger ta sig uttryck p\u00e5 olika s\u00e4tt, till exempel genom f\u00f6ljande:<\/p>\n<ul>\n<li>Ett stort fokus p\u00e5 intresseomr\u00e5den och arbetsuppgifter<\/li>\n<li>Behov av tydlighet i roller, ansvar och f\u00f6rv\u00e4ntningar<\/li>\n<li>Preferens f\u00f6r rak och konkret kommunikation<\/li>\n<li>Styrkor inom analys, logik eller detaljseende<\/li>\n<li>Arbetsmilj\u00f6ns betydelse f\u00f6r hur v\u00e4l kompetens kommer till sin r\u00e4tt<\/li>\n<\/ul>\n<p>N\u00e4r r\u00e4tt f\u00f6ruts\u00e4ttningar finns kan personer som identifierar sig med Asperger bidra med v\u00e4rdefulla perspektiv och kompetenser i arbetslivet. Det handlar om att se individens styrkor och skapa arbetsmilj\u00f6er d\u00e4r variation tas tillvara.<\/p>\n                    <\/div>\n                <\/div>\n                            \n            \n                    <\/div>\n    <\/div>\n<\/section>\n\n<section id=\"services-block_b8bbf524b09f8f425ec035a9c9b34087\" class=\"block services  m-b\">\n\t<div class=\"container\">\n\t\t<div class=\"row right\">\n\t\t\t<div class=\"bg-purple-deep background\"><\/div>\n\t\t\t<div class=\"row__col content has-bg\">\n\t\t\t\t<div class=\"row\">\n\t\t\t\t\t<div class=\"row__col row__col--lg-5 row__col--xl-4 left-side bg-purple-deep\">\n\t\t\t\t\t\t                    \t\t<div class=\"title-wrapper\">\n                    \t\t    <h3 class=\"h4 text-left\">L\u00e4s mer om v\u00e5ra <strong><i>tj\u00e4nster<\/i><\/strong><\/h3>                    \t\t<\/div>\n                        \n                                                    <div class=\"text-wrapper\">\n                                <p class=\"preamble\">L\u00e4s mer om v\u00e5ra rekryteringstj\u00e4nster, vi jobbar mot alla branscher och sektorer.<\/p>                            <\/div>\n                        \t\t\t\t\t<\/div>\n\t\t\t\t\t<div class=\"row__col row__col--push-1 row__col--lg-6 row__col--xl-7 right-side services-container\">\n\t\t\t\t\t\t\t\t\t\t\t\t\t<div class=\"row services-container-inner\">\n\t\t\t\t\t\t\t\t\t\t\t\t\t\t\t\t\t\t\t\t\t\t\t\t\t\t\t\t\t\t\t\t\t\t\t<div class=\"row__col row__col--xl-6 services-item  \"\n                                         data-aos-delay-xs=\"0\"\n                                         data-aos-delay-sm=\"0\"\n                                         data-aos-delay-md=\"0\"\n                                         data-aos-delay-lg=\"0\"\n                                         data-aos-delay-xl=\"0\"\n                                        >\n\t\t\t\t\t\t\t\t\t\t<a href=\"https:\/\/novare.se\/rekryteringstjanster\/\" target=\"\">\n\t\t\t\t\t\t\t\t\t\t\t<div class=\"title\"><span class=\"value\">Rekrytering<\/span><span class=\"fa fa-arrow-right\"><\/span><\/div>\n\t\t\t\t\t\t\t\t\t\t\t<div class=\"short-description\"><\/div>\n\t\t\t\t\t\t\t\t\t\t<\/a>\n\t\t\t\t\t\t\t\t\t<\/div>\n                                    \t\t\t\t\t\t\t\t\t\t\t\t\t\t\t\t\t\t\t\t\t\t\t\t\t\t\t\t\t\t\t\t\t\t\t<div class=\"row__col row__col--xl-6 services-item  \"\n                                         data-aos-delay-xs=\"100\"\n                                         data-aos-delay-sm=\"100\"\n                                         data-aos-delay-md=\"100\"\n                                         data-aos-delay-lg=\"100\"\n                                         data-aos-delay-xl=\"0\"\n                                        >\n\t\t\t\t\t\t\t\t\t\t<a href=\"https:\/\/novare.se\/konsult-och-interimstjanster\/\" target=\"\">\n\t\t\t\t\t\t\t\t\t\t\t<div class=\"title\"><span class=\"value\">Konsulttj\u00e4nster<\/span><span class=\"fa fa-arrow-right\"><\/span><\/div>\n\t\t\t\t\t\t\t\t\t\t\t<div class=\"short-description\"><\/div>\n\t\t\t\t\t\t\t\t\t\t<\/a>\n\t\t\t\t\t\t\t\t\t<\/div>\n                                    \t\t\t\t\t\t\t\t\t\t\t\t\t\t\t\t\t\t\t\t\t\t\t\t\t\t\t\t\t\t\t\t\t\t\t<div class=\"row__col row__col--xl-6 services-item  \"\n                                         data-aos-delay-xs=\"200\"\n                                         data-aos-delay-sm=\"200\"\n                                         data-aos-delay-md=\"200\"\n                                         data-aos-delay-lg=\"200\"\n                                         data-aos-delay-xl=\"250\"\n                                        >\n\t\t\t\t\t\t\t\t\t\t<a href=\"https:\/\/novare.se\/bemanningstjanster\/\" target=\"\">\n\t\t\t\t\t\t\t\t\t\t\t<div class=\"title\"><span class=\"value\">Bemaning<\/span><span class=\"fa fa-arrow-right\"><\/span><\/div>\n\t\t\t\t\t\t\t\t\t\t\t<div class=\"short-description\"><\/div>\n\t\t\t\t\t\t\t\t\t\t<\/a>\n\t\t\t\t\t\t\t\t\t<\/div>\n                                    \t\t\t\t\t\t\t\t\t\t\t\t\t\t\t\t\t\t\t\t\t\t\t\t\t\t\t\t\t\t\t\t\t\t\t<div class=\"row__col row__col--xl-6 services-item  \"\n                                         data-aos-delay-xs=\"300\"\n                                         data-aos-delay-sm=\"300\"\n                                         data-aos-delay-md=\"300\"\n                                         data-aos-delay-lg=\"300\"\n                                         data-aos-delay-xl=\"250\"\n                                        >\n\t\t\t\t\t\t\t\t\t\t<a href=\"https:\/\/novare.se\/it-rekrytering\/\" target=\"\">\n\t\t\t\t\t\t\t\t\t\t\t<div class=\"title\"><span class=\"value\">IT-rekrytering<\/span><span class=\"fa fa-arrow-right\"><\/span><\/div>\n\t\t\t\t\t\t\t\t\t\t\t<div class=\"short-description\"><\/div>\n\t\t\t\t\t\t\t\t\t\t<\/a>\n\t\t\t\t\t\t\t\t\t<\/div>\n                                    \t\t\t\t\t\t\t\t\t\t\t\t\t\t\t\t\t\n\t\t\t\t\t\t\t<\/div>\n\t\t\t\t\t\t\t\n\t\t\t\t\t<\/div>\n\t\t\t\t<\/div>\n\t\t\t<\/div>\n\t\t<\/div>\n\t<\/div>\n<\/section>\n\n<section id=\"contact-persons-block_52f0c86a336c98769cf6e790de3e35fc\" class=\"block contact-persons  m-b\">\n    <div class=\"container\">\n        <div class=\"row\">\n            <div class=\"row__col row__col--lg-12\">\n                <div class=\"contact-persons--wrapper bg-purple-deep\">\n                    <div class=\"contact-persons--wrapper--content\" >\n                                                    <div class=\"header-wrapper\" >\n                                <h3 class=\"h3 text-left\"><strong><i>Vill du veta mer?<\/i><\/strong><\/h3>                            <\/div>\n                        \n                                                    <div class=\"text-wrapper\">\n                                <p>H\u00f6r g\u00e4rna av dig f\u00f6r att h\u00f6ra mer om hur ett samarbete skulle kunna se ut.<\/p>\n                            <\/div>\n                        \n                                                                                                <\/div>\n                    <div class=\"contact-persons--wrapper--people\">\n                                                                                    <div class=\"contact-person\"  >\n                                    <div class=\"contact-person--image\">\n                                        <img loading=\"lazy\" decoding=\"async\" width=\"360\" height=\"240\" src=\"https:\/\/novare.se\/intro\/wp-content\/uploads\/sites\/3\/2024\/04\/DA_SaraRossiPhotography-14_1-360x240.jpg\" class=\"attachment-medium size-medium\" alt=\"Delal medarbetarbild_final\" srcset=\"https:\/\/novare.se\/intro\/wp-content\/uploads\/sites\/3\/2024\/04\/DA_SaraRossiPhotography-14_1-360x240.jpg 360w, https:\/\/novare.se\/intro\/wp-content\/uploads\/sites\/3\/2024\/04\/DA_SaraRossiPhotography-14_1-1024x683.jpg 1024w, https:\/\/novare.se\/intro\/wp-content\/uploads\/sites\/3\/2024\/04\/DA_SaraRossiPhotography-14_1-768x512.jpg 768w, https:\/\/novare.se\/intro\/wp-content\/uploads\/sites\/3\/2024\/04\/DA_SaraRossiPhotography-14_1-1536x1024.jpg 1536w, https:\/\/novare.se\/intro\/wp-content\/uploads\/sites\/3\/2024\/04\/DA_SaraRossiPhotography-14_1-2048x1365.jpg 2048w\" sizes=\"(max-width: 360px) 100vw, 360px\" \/>                                    <\/div>\n                                    <div class=\"contact-person--details\">\n                                        <div class=\"name-wrapper\">\n                                            <a href=\"https:\/\/novare.se\/intro\/medarbetare\/delal-apak\/\">Delal Apak<\/a>\n                                        <\/div>\n                                        <div class=\"title-wrapper\">\n                                            <p>Vd och del\u00e4gare<\/p>\n                                        <\/div>\n                                        <div class=\"email-wrapper\">\n                                            <a href=\"mailto:delal.apak@novare.se\">delal.apak@novare.se<\/a>\n                                        <\/div>\n                                        <div class=\"phone-wrapper\">\n                                            <a href=\"tel:+46739989163\">+46 739 98 91 63<\/a>\n                                        <\/div>\n                                    <\/div>\n                                <\/div>\n                                                    <\/div>\n                <\/div>\n            <\/div>\n        <\/div>\n    <\/div>\n<\/section>\n\n\n<section id=\"faq-block-block_b2554fdb6b525e71765c970c5422513d\" class=\"block faq-block  m-b bg-default\">\n    <div class=\"container\">\n        <div class=\"row\">\n            <div class=\"row__col row__col--lg-6\" data-aos-anchor='#faq-block-block_b2554fdb6b525e71765c970c5422513d'data-aos='fade-up'data-aos-easing='ease-in-out-sine'data-aos-duration='500'data-aos-delay='0'data-aos-once='true'data-aos-offset='250' >\n                <img loading=\"lazy\" decoding=\"async\" width=\"625\" height=\"761\" src=\"https:\/\/novare.se\/intro\/wp-content\/uploads\/sites\/3\/2024\/03\/faq-bench.png\" class=\"media-item\" alt=\"Tre personer sitter och pratar p\u00e5 en utomhusb\u00e4nk.\" srcset=\"https:\/\/novare.se\/intro\/wp-content\/uploads\/sites\/3\/2024\/03\/faq-bench.png 625w, https:\/\/novare.se\/intro\/wp-content\/uploads\/sites\/3\/2024\/03\/faq-bench-296x360.png 296w\" sizes=\"(max-width: 625px) 100vw, 625px\" \/>            <\/div>\n            \n            <div class=\"row__col row__col--lg-6\">\n                                    <div class=\"title-wrapper text-medium\" data-aos-anchor='#faq-block-block_b2554fdb6b525e71765c970c5422513d'data-aos='fade-up'data-aos-easing='ease-in-out-sine'data-aos-duration='500'data-aos-delay='300'data-aos-once='true'data-aos-offset='250' >\n                        <h3 class=\"h3 text-left\"><strong>Fr\u00e5gor och svar<\/strong><\/h3>                    <\/div>\n                                                                        <div class=\"text-wrapper editor-content\" data-aos-anchor='#faq-block-block_b2554fdb6b525e71765c970c5422513d'data-aos='fade-up'data-aos-easing='ease-in-out-sine'data-aos-duration='500'data-aos-delay='750'data-aos-once='true'data-aos-offset='250' >\n                        <p>H\u00e4r har vi samlat de vanligaste fr\u00e5gorna. Hittar du inte svaret du s\u00f6ker h\u00e4r, tveka inte att h\u00f6ra av dig till oss!<\/p>\n                    <\/div>\n                \n                                    <div class=\"accordion\">\n                                                    <div class=\"accordion-item\" data-aos-anchor='#faq-block-block_b2554fdb6b525e71765c970c5422513d'data-aos='fade-right'data-aos-easing='ease-in-out-sine'data-aos-duration='500'data-aos-delay='1000'data-aos-once='true'data-aos-offset='250' >\n                                <div class=\"accordion-header\">\n                                    <span class=\"question\">\u00c4r Asperger samma sak som autism?<\/span>\n                                    <i class=\"fa fa-plus\"><\/i><i class=\"fa fa-minus hidden\"><\/i>\n                                <\/div>\n                                <div class=\"accordion-content\" style=\"display: none;\">\n                                    <span class=\"separator\"><\/span>\n                                    Asperger ing\u00e5r idag i autismspektrumet. Begreppet anv\u00e4nds fortfarande av m\u00e5nga, men \u00e4r inte l\u00e4ngre en egen diagnos.                                <\/div>\n                            <\/div>\n                                                        <div class=\"accordion-item\" data-aos-anchor='#faq-block-block_b2554fdb6b525e71765c970c5422513d'data-aos='fade-right'data-aos-easing='ease-in-out-sine'data-aos-duration='500'data-aos-delay='1250'data-aos-once='true'data-aos-offset='250' >\n                                <div class=\"accordion-header\">\n                                    <span class=\"question\">Kan personer med Asperger arbeta?<\/span>\n                                    <i class=\"fa fa-plus\"><\/i><i class=\"fa fa-minus hidden\"><\/i>\n                                <\/div>\n                                <div class=\"accordion-content\" style=\"display: none;\">\n                                    <span class=\"separator\"><\/span>\n                                    Ja. M\u00e5nga personer som identifierar sig med Asperger arbetar inom olika yrken och branscher n\u00e4r arbetsmilj\u00f6 och uppgifter \u00e4r tydliga.                                <\/div>\n                            <\/div>\n                                                        <div class=\"accordion-item\" data-aos-anchor='#faq-block-block_b2554fdb6b525e71765c970c5422513d'data-aos='fade-right'data-aos-easing='ease-in-out-sine'data-aos-duration='500'data-aos-delay='1500'data-aos-once='true'data-aos-offset='250' >\n                                <div class=\"accordion-header\">\n                                    <span class=\"question\">Hur kan Asperger p\u00e5verka arbetssituationen?<\/span>\n                                    <i class=\"fa fa-plus\"><\/i><i class=\"fa fa-minus hidden\"><\/i>\n                                <\/div>\n                                <div class=\"accordion-content\" style=\"display: none;\">\n                                    <span class=\"separator\"><\/span>\n                                    Det kan p\u00e5verka hur kommunikation, sociala sammanhang och struktur upplevs. Arbetsmilj\u00f6n spelar ofta stor roll f\u00f6r hur vardagen fungerar.                                <\/div>\n                            <\/div>\n                                                        <div class=\"accordion-item\" data-aos-anchor='#faq-block-block_b2554fdb6b525e71765c970c5422513d'data-aos='fade-right'data-aos-easing='ease-in-out-sine'data-aos-duration='500'data-aos-delay='1750'data-aos-once='true'data-aos-offset='250' >\n                                <div class=\"accordion-header\">\n                                    <span class=\"question\">Beh\u00f6ver arbetsplatser anpassas?<\/span>\n                                    <i class=\"fa fa-plus\"><\/i><i class=\"fa fa-minus hidden\"><\/i>\n                                <\/div>\n                                <div class=\"accordion-content\" style=\"display: none;\">\n                                    <span class=\"separator\"><\/span>\n                                    Ibland kan tydlighet, struktur och f\u00f6ruts\u00e4gbarhet g\u00f6ra stor skillnad. Behov varierar mellan individer.                                <\/div>\n                            <\/div>\n                                                        <div class=\"accordion-item\" data-aos-anchor='#faq-block-block_b2554fdb6b525e71765c970c5422513d'data-aos='fade-right'data-aos-easing='ease-in-out-sine'data-aos-duration='500'data-aos-delay='2000'data-aos-once='true'data-aos-offset='250' >\n                                <div class=\"accordion-header\">\n                                    <span class=\"question\">Hur kan arbetsgivare skapa b\u00e4ttre f\u00f6ruts\u00e4ttningar?<\/span>\n                                    <i class=\"fa fa-plus\"><\/i><i class=\"fa fa-minus hidden\"><\/i>\n                                <\/div>\n                                <div class=\"accordion-content\" style=\"display: none;\">\n                                    <span class=\"separator\"><\/span>\n                                    Genom tydlig kommunikation, klara f\u00f6rv\u00e4ntningar och dialog kring arbetsuppgifter och arbetsmilj\u00f6.                                <\/div>\n                            <\/div>\n                                                <\/div>\n                            <\/div>\n        <\/div>\n    <\/div>\n<\/section>\n","protected":false},"excerpt":{"rendered":"","protected":false},"author":26,"featured_media":0,"parent":1616,"menu_order":0,"comment_status":"closed","ping_status":"closed","template":"","meta":{"_acf_changed":false,"_seopress_robots_primary_cat":"","_seopress_titles_title":"Asperger i arbetslivet | Novare Intro","_seopress_titles_desc":"H\u00e4r f\u00f6rklarar vi vad Asperger betyder, hur begreppet anv\u00e4nds idag och hur det kan ta sig uttryck i vardagen och i arbetslivet.","_seopress_robots_index":"","inline_featured_image":false,"footnotes":""},"class_list":["post-1676","page","type-page","status-publish","hentry"],"acf":[],"_links":{"self":[{"href":"https:\/\/novare.se\/intro\/wp-json\/wp\/v2\/pages\/1676","targetHints":{"allow":["GET"]}}],"collection":[{"href":"https:\/\/novare.se\/intro\/wp-json\/wp\/v2\/pages"}],"about":[{"href":"https:\/\/novare.se\/intro\/wp-json\/wp\/v2\/types\/page"}],"author":[{"embeddable":true,"href":"https:\/\/novare.se\/intro\/wp-json\/wp\/v2\/users\/26"}],"replies":[{"embeddable":true,"href":"https:\/\/novare.se\/intro\/wp-json\/wp\/v2\/comments?post=1676"}],"version-history":[{"count":2,"href":"https:\/\/novare.se\/intro\/wp-json\/wp\/v2\/pages\/1676\/revisions"}],"predecessor-version":[{"id":1720,"href":"https:\/\/novare.se\/intro\/wp-json\/wp\/v2\/pages\/1676\/revisions\/1720"}],"up":[{"embeddable":true,"href":"https:\/\/novare.se\/intro\/wp-json\/wp\/v2\/pages\/1616"}],"wp:attachment":[{"href":"https:\/\/novare.se\/intro\/wp-json\/wp\/v2\/media?parent=1676"}],"curies":[{"name":"wp","href":"https:\/\/api.w.org\/{rel}","templated":true}]}}