{"id":1673,"date":"2025-12-23T09:24:49","date_gmt":"2025-12-23T09:24:49","guid":{"rendered":"https:\/\/novare.se\/intro\/?page_id=1673"},"modified":"2026-01-12T13:38:15","modified_gmt":"2026-01-12T13:38:15","slug":"neuroinkludering","status":"publish","type":"page","link":"https:\/\/novare.se\/intro\/ordlista\/neuroinkludering\/","title":{"rendered":"Neuroinkludering"},"content":{"rendered":"<section id=\"hero-3-block_285920cae771a505e9c233c9062c7b8d\" class=\"block hero-3  m-b no-img \">\n    <div class=\"hero-3--top-section bg-primary\">\n                    <div class=\"bg-backdrop\">\n                <div class=\"bg-backdrop--inner\"><\/div>\n            <\/div>\n                <div class=\"container\">\n            <div class=\"row\">\n                <div class=\"row__col\">\n                    <div class=\"text-img-wrapper\">\n                        <div class=\"text-col\" >\n                                                                \n                                <div class=\"title-wrapper\" >\n                                    <h1 class=\"h2 text-left\" style=\"color:#f5f2ef\">Neuroinkludering<\/h1>                                <\/div>\n                                                            \n                            \n                                                            <div class=\"text-wrapper\" >\n                                    <p>P\u00e5 den h\u00e4r sidan g\u00e5r vi igenom vad neuroinkludering betyder och hur det kan ta sig uttryck i arbetslivet.<\/p>\n                                <\/div>\n                                                            \n                                                    <\/div>\n\n                                            <\/div>\n                <\/div>\n            <\/div>\n        <\/div>\n    <\/div>\n            <div class=\"hero-3--bottom-section \"  >\n        <div class=\"breadcrumbs dark-text\">\n\t<div class=\"container\">\n        <div class=\"row\">\n            <div class=\"row__col\">\n                <div class=\"breadcrumbs--inner\">\n                    <ul>\n                                                                                <li>\n                                <a href=\"https:\/\/novare.se\/\" class=\"alt\">\n                                    Novare                                <\/a>\n                            <\/li>\n                            \n\t\t\t                                        <li>\n                                <a href=\"https:\/\/novare.se\/intro\/\" class=\"alt\">\n                                                                            Novare Intro                                                                    <\/a>\n                            <\/li>\n\t\t\t                                        <li>\n                                <a href=\"https:\/\/novare.se\/intro\/ordlista\/\" class=\"alt\">\n                                      \n                                        Ordlista                                                                    <\/a>\n                            <\/li>\n\t\t\t                                    <li><span class=\"alt\">Neuroinkludering<\/span><\/li>\n                    <\/ul>\n                <\/div>\n            <\/div>\n        <\/div>\n\t<\/div>\n<\/div>        <\/div>\n    \n    <\/section>\n\n\n<section id=\"one-column-text-block-block_463e9b37c9f833dcf548718ecf50b9af\" class=\"block one-column-text-block  m-b bg-default\">\n    <div class=\"container\">\n        <div class=\"row row--middle\">\n                            <div class=\"row__col row__col--lg-8\">\n                    <div class=\"title-wrapper\"  >\n                        <h2 class=\"h4 m-0 text-left\">Vad \u00e4r <strong><i>neuroinkludering?<\/i><\/strong><\/h2>                    <\/div>\n                <\/div>\n                            \n                            <div class=\"row__col row__col--lg-8\" >\n                    <p class=\"preamble m-0\">Neuroinkludering handlar om att skapa arbetsmilj\u00f6er och arbetss\u00e4tt d\u00e4r m\u00e4nniskor med olika s\u00e4tt att t\u00e4nka och fungera ges m\u00f6jlighet att delta p\u00e5 lika villkor. Begreppet utg\u00e5r fr\u00e5n f\u00f6rst\u00e5elsen att neurologisk variation \u00e4r en naturlig del av m\u00e4nsklig m\u00e5ngfald och fokuserar p\u00e5 hur organisationer kan utforma struktur, kommunikation och kultur s\u00e5 att fler kan bidra med sin kompetens.<\/p>                <\/div>\n            \n                            <div class=\"row__col row__col--lg-8\" >\n                    <div class=\"text-wrapper editor-content\">\n                        <h2 class=\"h5\">Neuroinkludering i arbetslivet<\/h2>\n<p>Hur arbetsplatser \u00e4r organiserade p\u00e5verkar i stor utstr\u00e4ckning hur inkluderande de \u00e4r f\u00f6r personer med olika behov och f\u00f6ruts\u00e4ttningar. N\u00e4r tydlighet, flexibilitet och dialog finns p\u00e5 plats kan fler s\u00e4tt att arbeta och t\u00e4nka bli en tillg\u00e5ng f\u00f6r verksamheten.<\/p>\n<p>I arbetslivet kan neuroinkludering ta sig uttryck p\u00e5 olika s\u00e4tt, till exempel genom f\u00f6ljande:<\/p>\n<ul>\n<li>Tydliga roller och f\u00f6rv\u00e4ntningar<\/li>\n<li>Anpassad kommunikation och arbetsstruktur<\/li>\n<li>Flexibilitet i arbetss\u00e4tt och arbetsmilj\u00f6<\/li>\n<li>\u00d6ppenhet f\u00f6r individuella behov och l\u00f6sningar<\/li>\n<li>Arbetsplatser som ser variation som en resurs<\/li>\n<\/ul>\n<p>N\u00e4r neuroinkludering \u00e4r en del av organisationens arbetss\u00e4tt skapas b\u00e4ttre f\u00f6ruts\u00e4ttningar f\u00f6r att ta tillvara kompetens som annars riskerar att f\u00f6rbises. Det bidrar till arbetsmilj\u00f6er d\u00e4r fler kan utvecklas och bidra \u00f6ver tid.<\/p>\n                    <\/div>\n                <\/div>\n                            \n            \n                    <\/div>\n    <\/div>\n<\/section>\n\n<section id=\"services-block_906e58580301952db21543cba67e5f2e\" class=\"block services  m-b\">\n\t<div class=\"container\">\n\t\t<div class=\"row right\">\n\t\t\t<div class=\"bg-purple-deep background\"><\/div>\n\t\t\t<div class=\"row__col content has-bg\">\n\t\t\t\t<div class=\"row\">\n\t\t\t\t\t<div class=\"row__col row__col--lg-5 row__col--xl-4 left-side bg-purple-deep\">\n\t\t\t\t\t\t                    \t\t<div class=\"title-wrapper\">\n                    \t\t    <h3 class=\"h4 text-left\">L\u00e4s mer om v\u00e5ra <strong><i>tj\u00e4nster<\/i><\/strong><\/h3>                    \t\t<\/div>\n                        \n                                                    <div class=\"text-wrapper\">\n                                <p class=\"preamble\">L\u00e4s mer om v\u00e5ra rekryteringstj\u00e4nster, vi jobbar mot alla branscher och sektorer.<\/p>                            <\/div>\n                        \t\t\t\t\t<\/div>\n\t\t\t\t\t<div class=\"row__col row__col--push-1 row__col--lg-6 row__col--xl-7 right-side services-container\">\n\t\t\t\t\t\t\t\t\t\t\t\t\t<div class=\"row services-container-inner\">\n\t\t\t\t\t\t\t\t\t\t\t\t\t\t\t\t\t\t\t\t\t\t\t\t\t\t\t\t\t\t\t\t\t\t\t<div class=\"row__col row__col--xl-6 services-item  \"\n                                         data-aos-delay-xs=\"0\"\n                                         data-aos-delay-sm=\"0\"\n                                         data-aos-delay-md=\"0\"\n                                         data-aos-delay-lg=\"0\"\n                                         data-aos-delay-xl=\"0\"\n                                        >\n\t\t\t\t\t\t\t\t\t\t<a href=\"https:\/\/novare.se\/rekryteringstjanster\/\" target=\"\">\n\t\t\t\t\t\t\t\t\t\t\t<div class=\"title\"><span class=\"value\">Rekrytering<\/span><span class=\"fa fa-arrow-right\"><\/span><\/div>\n\t\t\t\t\t\t\t\t\t\t\t<div class=\"short-description\"><\/div>\n\t\t\t\t\t\t\t\t\t\t<\/a>\n\t\t\t\t\t\t\t\t\t<\/div>\n                                    \t\t\t\t\t\t\t\t\t\t\t\t\t\t\t\t\t\t\t\t\t\t\t\t\t\t\t\t\t\t\t\t\t\t\t<div class=\"row__col row__col--xl-6 services-item  \"\n                                         data-aos-delay-xs=\"100\"\n                                         data-aos-delay-sm=\"100\"\n                                         data-aos-delay-md=\"100\"\n                                         data-aos-delay-lg=\"100\"\n                                         data-aos-delay-xl=\"0\"\n                                        >\n\t\t\t\t\t\t\t\t\t\t<a href=\"https:\/\/novare.se\/konsult-och-interimstjanster\/\" target=\"\">\n\t\t\t\t\t\t\t\t\t\t\t<div class=\"title\"><span class=\"value\">Konsulttj\u00e4nster<\/span><span class=\"fa fa-arrow-right\"><\/span><\/div>\n\t\t\t\t\t\t\t\t\t\t\t<div class=\"short-description\"><\/div>\n\t\t\t\t\t\t\t\t\t\t<\/a>\n\t\t\t\t\t\t\t\t\t<\/div>\n                                    \t\t\t\t\t\t\t\t\t\t\t\t\t\t\t\t\t\t\t\t\t\t\t\t\t\t\t\t\t\t\t\t\t\t\t<div class=\"row__col row__col--xl-6 services-item  \"\n                                         data-aos-delay-xs=\"200\"\n                                         data-aos-delay-sm=\"200\"\n                                         data-aos-delay-md=\"200\"\n                                         data-aos-delay-lg=\"200\"\n                                         data-aos-delay-xl=\"250\"\n                                        >\n\t\t\t\t\t\t\t\t\t\t<a href=\"https:\/\/novare.se\/bemanningstjanster\/\" target=\"\">\n\t\t\t\t\t\t\t\t\t\t\t<div class=\"title\"><span class=\"value\">Bemaning<\/span><span class=\"fa fa-arrow-right\"><\/span><\/div>\n\t\t\t\t\t\t\t\t\t\t\t<div class=\"short-description\"><\/div>\n\t\t\t\t\t\t\t\t\t\t<\/a>\n\t\t\t\t\t\t\t\t\t<\/div>\n                                    \t\t\t\t\t\t\t\t\t\t\t\t\t\t\t\t\t\t\t\t\t\t\t\t\t\t\t\t\t\t\t\t\t\t\t<div class=\"row__col row__col--xl-6 services-item  \"\n                                         data-aos-delay-xs=\"300\"\n                                         data-aos-delay-sm=\"300\"\n                                         data-aos-delay-md=\"300\"\n                                         data-aos-delay-lg=\"300\"\n                                         data-aos-delay-xl=\"250\"\n                                        >\n\t\t\t\t\t\t\t\t\t\t<a href=\"https:\/\/novare.se\/it-rekrytering\/\" target=\"\">\n\t\t\t\t\t\t\t\t\t\t\t<div class=\"title\"><span class=\"value\">IT-rekrytering<\/span><span class=\"fa fa-arrow-right\"><\/span><\/div>\n\t\t\t\t\t\t\t\t\t\t\t<div class=\"short-description\"><\/div>\n\t\t\t\t\t\t\t\t\t\t<\/a>\n\t\t\t\t\t\t\t\t\t<\/div>\n                                    \t\t\t\t\t\t\t\t\t\t\t\t\t\t\t\t\t\n\t\t\t\t\t\t\t<\/div>\n\t\t\t\t\t\t\t\n\t\t\t\t\t<\/div>\n\t\t\t\t<\/div>\n\t\t\t<\/div>\n\t\t<\/div>\n\t<\/div>\n<\/section>\n\n<section id=\"contact-persons-block_71bbf4455a221eac6f70d6e71c323dad\" class=\"block contact-persons  m-b\">\n    <div class=\"container\">\n        <div class=\"row\">\n            <div class=\"row__col row__col--lg-12\">\n                <div class=\"contact-persons--wrapper bg-purple-deep\">\n                    <div class=\"contact-persons--wrapper--content\" >\n                                                    <div class=\"header-wrapper\" >\n                                <h3 class=\"h3 text-left\"><strong><i>Vill du veta mer?<\/i><\/strong><\/h3>                            <\/div>\n                        \n                                                    <div class=\"text-wrapper\">\n                                <p>H\u00f6r g\u00e4rna av dig f\u00f6r att h\u00f6ra mer om hur ett samarbete skulle kunna se ut.<\/p>\n                            <\/div>\n                        \n                                                                                                <\/div>\n                    <div class=\"contact-persons--wrapper--people\">\n                                                                                    <div class=\"contact-person\"  >\n                                    <div class=\"contact-person--image\">\n                                        <img loading=\"lazy\" decoding=\"async\" width=\"360\" height=\"240\" src=\"https:\/\/novare.se\/intro\/wp-content\/uploads\/sites\/3\/2024\/04\/DA_SaraRossiPhotography-14_1-360x240.jpg\" class=\"attachment-medium size-medium\" alt=\"Delal medarbetarbild_final\" srcset=\"https:\/\/novare.se\/intro\/wp-content\/uploads\/sites\/3\/2024\/04\/DA_SaraRossiPhotography-14_1-360x240.jpg 360w, https:\/\/novare.se\/intro\/wp-content\/uploads\/sites\/3\/2024\/04\/DA_SaraRossiPhotography-14_1-1024x683.jpg 1024w, https:\/\/novare.se\/intro\/wp-content\/uploads\/sites\/3\/2024\/04\/DA_SaraRossiPhotography-14_1-768x512.jpg 768w, https:\/\/novare.se\/intro\/wp-content\/uploads\/sites\/3\/2024\/04\/DA_SaraRossiPhotography-14_1-1536x1024.jpg 1536w, https:\/\/novare.se\/intro\/wp-content\/uploads\/sites\/3\/2024\/04\/DA_SaraRossiPhotography-14_1-2048x1365.jpg 2048w\" sizes=\"(max-width: 360px) 100vw, 360px\" \/>                                    <\/div>\n                                    <div class=\"contact-person--details\">\n                                        <div class=\"name-wrapper\">\n                                            <a href=\"https:\/\/novare.se\/intro\/medarbetare\/delal-apak\/\">Delal Apak<\/a>\n                                        <\/div>\n                                        <div class=\"title-wrapper\">\n                                            <p>Vd och del\u00e4gare<\/p>\n                                        <\/div>\n                                        <div class=\"email-wrapper\">\n                                            <a href=\"mailto:delal.apak@novare.se\">delal.apak@novare.se<\/a>\n                                        <\/div>\n                                        <div class=\"phone-wrapper\">\n                                            <a href=\"tel:+46739989163\">+46 739 98 91 63<\/a>\n                                        <\/div>\n                                    <\/div>\n                                <\/div>\n                                                    <\/div>\n                <\/div>\n            <\/div>\n        <\/div>\n    <\/div>\n<\/section>\n\n\n<section id=\"faq-block-block_6ede225862b58e26bf8537da5519b881\" class=\"block faq-block  m-b bg-default\">\n    <div class=\"container\">\n        <div class=\"row\">\n            <div class=\"row__col row__col--lg-6\"  >\n                <img loading=\"lazy\" decoding=\"async\" width=\"625\" height=\"761\" src=\"https:\/\/novare.se\/intro\/wp-content\/uploads\/sites\/3\/2024\/03\/faq-bench.png\" class=\"media-item\" alt=\"Tre personer sitter och pratar p\u00e5 en utomhusb\u00e4nk.\" srcset=\"https:\/\/novare.se\/intro\/wp-content\/uploads\/sites\/3\/2024\/03\/faq-bench.png 625w, https:\/\/novare.se\/intro\/wp-content\/uploads\/sites\/3\/2024\/03\/faq-bench-296x360.png 296w\" sizes=\"(max-width: 625px) 100vw, 625px\" \/>            <\/div>\n            \n            <div class=\"row__col row__col--lg-6\">\n                                    <div class=\"title-wrapper text-medium\"  >\n                        <h3 class=\"h3 text-left\"><strong>Fr\u00e5gor och svar<\/strong><\/h3>                    <\/div>\n                                                                        <div class=\"text-wrapper editor-content\"  >\n                        <p>H\u00e4r har vi samlat de vanligaste fr\u00e5gorna. Hittar du inte svaret du s\u00f6ker h\u00e4r, tveka inte att h\u00f6ra av dig till oss!<\/p>\n                    <\/div>\n                \n                                    <div class=\"accordion\">\n                                                    <div class=\"accordion-item\"  >\n                                <div class=\"accordion-header\">\n                                    <span class=\"question\">Vad menas med neuroinkludering?<\/span>\n                                    <i class=\"fa fa-plus\"><\/i><i class=\"fa fa-minus hidden\"><\/i>\n                                <\/div>\n                                <div class=\"accordion-content\" style=\"display: none;\">\n                                    <span class=\"separator\"><\/span>\n                                    Neuroinkludering handlar om att utforma arbetsmilj\u00f6er och arbetss\u00e4tt s\u00e5 att personer med olika s\u00e4tt att fungera kan delta och bidra p\u00e5 lika villkor.                                <\/div>\n                            <\/div>\n                                                        <div class=\"accordion-item\"  >\n                                <div class=\"accordion-header\">\n                                    <span class=\"question\">Hur skiljer sig neuroinkludering fr\u00e5n neurodiversitet?<\/span>\n                                    <i class=\"fa fa-plus\"><\/i><i class=\"fa fa-minus hidden\"><\/i>\n                                <\/div>\n                                <div class=\"accordion-content\" style=\"display: none;\">\n                                    <span class=\"separator\"><\/span>\n                                    Neurodiversitet beskriver variationen i hur m\u00e4nniskor fungerar, medan neuroinkludering handlar om hur arbetsplatser tar h\u00e4nsyn till den variationen i praktiken.                                <\/div>\n                            <\/div>\n                                                        <div class=\"accordion-item\"  >\n                                <div class=\"accordion-header\">\n                                    <span class=\"question\">Varf\u00f6r \u00e4r neuroinkludering viktigt i arbetslivet?<\/span>\n                                    <i class=\"fa fa-plus\"><\/i><i class=\"fa fa-minus hidden\"><\/i>\n                                <\/div>\n                                <div class=\"accordion-content\" style=\"display: none;\">\n                                    <span class=\"separator\"><\/span>\n                                    Neuroinkludering g\u00f6r det m\u00f6jligt att ta tillvara fler perspektiv och kompetenser och bidrar till arbetsmilj\u00f6er d\u00e4r fler kan prestera och trivas.                                <\/div>\n                            <\/div>\n                                                        <div class=\"accordion-item\"  >\n                                <div class=\"accordion-header\">\n                                    <span class=\"question\">Vem ansvarar f\u00f6r neuroinkludering p\u00e5 en arbetsplats?<\/span>\n                                    <i class=\"fa fa-plus\"><\/i><i class=\"fa fa-minus hidden\"><\/i>\n                                <\/div>\n                                <div class=\"accordion-content\" style=\"display: none;\">\n                                    <span class=\"separator\"><\/span>\n                                    Ansvar delas ofta mellan ledning, chefer och medarbetare. Ett inkluderande arbetss\u00e4tt kr\u00e4ver gemensam f\u00f6rst\u00e5else och kontinuerligt arbete.                                <\/div>\n                            <\/div>\n                                                        <div class=\"accordion-item\"  >\n                                <div class=\"accordion-header\">\n                                    <span class=\"question\">Hur kan organisationer arbeta mer neuroinkluderande?<\/span>\n                                    <i class=\"fa fa-plus\"><\/i><i class=\"fa fa-minus hidden\"><\/i>\n                                <\/div>\n                                <div class=\"accordion-content\" style=\"display: none;\">\n                                    <span class=\"separator\"><\/span>\n                                    Genom tydlig kommunikation, flexibilitet i arbetss\u00e4tt och \u00f6ppen dialog kring behov och f\u00f6ruts\u00e4ttningar. Anpassningar kan g\u00f6ra stor skillnad.                                <\/div>\n                            <\/div>\n                                                <\/div>\n                            <\/div>\n        <\/div>\n    <\/div>\n<\/section>\n","protected":false},"excerpt":{"rendered":"","protected":false},"author":26,"featured_media":0,"parent":1616,"menu_order":0,"comment_status":"closed","ping_status":"closed","template":"","meta":{"_acf_changed":false,"_seopress_robots_primary_cat":"","_seopress_titles_title":"Vad betyder neuroinkludering i arbetslivet? | Novare Intro","_seopress_titles_desc":"H\u00e4r f\u00f6rklarar vi vad neuroinkludering betyder och hur arbetsplatser kan skapa f\u00f6ruts\u00e4ttningar f\u00f6r att fler ska kunna bidra.","_seopress_robots_index":"","inline_featured_image":false,"footnotes":""},"class_list":["post-1673","page","type-page","status-publish","hentry"],"acf":[],"_links":{"self":[{"href":"https:\/\/novare.se\/intro\/wp-json\/wp\/v2\/pages\/1673","targetHints":{"allow":["GET"]}}],"collection":[{"href":"https:\/\/novare.se\/intro\/wp-json\/wp\/v2\/pages"}],"about":[{"href":"https:\/\/novare.se\/intro\/wp-json\/wp\/v2\/types\/page"}],"author":[{"embeddable":true,"href":"https:\/\/novare.se\/intro\/wp-json\/wp\/v2\/users\/26"}],"replies":[{"embeddable":true,"href":"https:\/\/novare.se\/intro\/wp-json\/wp\/v2\/comments?post=1673"}],"version-history":[{"count":3,"href":"https:\/\/novare.se\/intro\/wp-json\/wp\/v2\/pages\/1673\/revisions"}],"predecessor-version":[{"id":1721,"href":"https:\/\/novare.se\/intro\/wp-json\/wp\/v2\/pages\/1673\/revisions\/1721"}],"up":[{"embeddable":true,"href":"https:\/\/novare.se\/intro\/wp-json\/wp\/v2\/pages\/1616"}],"wp:attachment":[{"href":"https:\/\/novare.se\/intro\/wp-json\/wp\/v2\/media?parent=1673"}],"curies":[{"name":"wp","href":"https:\/\/api.w.org\/{rel}","templated":true}]}}