{"id":1659,"date":"2025-12-23T09:24:15","date_gmt":"2025-12-23T09:24:15","guid":{"rendered":"https:\/\/novare.se\/intro\/?page_id=1659"},"modified":"2026-01-12T13:40:02","modified_gmt":"2026-01-12T13:40:02","slug":"mangfald","status":"publish","type":"page","link":"https:\/\/novare.se\/intro\/ordlista\/mangfald\/","title":{"rendered":"M\u00e5ngfald"},"content":{"rendered":"<section id=\"hero-3-block_8a0b762b74fa58b9800ac0354fe5b2cb\" class=\"block hero-3  m-b no-img \">\n    <div class=\"hero-3--top-section bg-primary\">\n                    <div class=\"bg-backdrop\">\n                <div class=\"bg-backdrop--inner\"><\/div>\n            <\/div>\n                <div class=\"container\">\n            <div class=\"row\">\n                <div class=\"row__col\">\n                    <div class=\"text-img-wrapper\">\n                        <div class=\"text-col\" >\n                                                                \n                                <div class=\"title-wrapper\" >\n                                    <h1 class=\"h2 text-left\" style=\"color:#f5f2ef\">M\u00e5ngfald<\/h1>                                <\/div>\n                                                            \n                            \n                                                            <div class=\"text-wrapper\" >\n                                    <p>P\u00e5 den h\u00e4r sidan g\u00e5r vi igenom vad m\u00e5ngfald betyder och hur det kan ta sig uttryck i arbetslivet.<\/p>\n                                <\/div>\n                                                            \n                                                    <\/div>\n\n                                            <\/div>\n                <\/div>\n            <\/div>\n        <\/div>\n    <\/div>\n            <div class=\"hero-3--bottom-section \"  >\n        <div class=\"breadcrumbs dark-text\">\n\t<div class=\"container\">\n        <div class=\"row\">\n            <div class=\"row__col\">\n                <div class=\"breadcrumbs--inner\">\n                    <ul>\n                                                                                <li>\n                                <a href=\"https:\/\/novare.se\/\" class=\"alt\">\n                                    Novare                                <\/a>\n                            <\/li>\n                            \n\t\t\t                                        <li>\n                                <a href=\"https:\/\/novare.se\/intro\/\" class=\"alt\">\n                                                                            Novare Intro                                                                    <\/a>\n                            <\/li>\n\t\t\t                                        <li>\n                                <a href=\"https:\/\/novare.se\/intro\/ordlista\/\" class=\"alt\">\n                                      \n                                        Ordlista                                                                    <\/a>\n                            <\/li>\n\t\t\t                                    <li><span class=\"alt\">M\u00e5ngfald<\/span><\/li>\n                    <\/ul>\n                <\/div>\n            <\/div>\n        <\/div>\n\t<\/div>\n<\/div>        <\/div>\n    \n    <\/section>\n\n\n<section id=\"one-column-text-block-block_3644b1f55ed7f1b0b5c086f09b7dc73d\" class=\"block one-column-text-block  m-b bg-default\">\n    <div class=\"container\">\n        <div class=\"row row--middle\">\n                            <div class=\"row__col row__col--lg-8\">\n                    <div class=\"title-wrapper\"  >\n                        <h2 class=\"h4 m-0 text-left\">Vad \u00e4r <strong><i>m\u00e5ngfald?<\/i><\/strong><\/h2>                    <\/div>\n                <\/div>\n                            \n                            <div class=\"row__col row__col--lg-8\" >\n                    <p class=\"preamble m-0\">M\u00e5ngfald handlar om att m\u00e4nniskor \u00e4r olika och har olika bakgrunder, erfarenheter och perspektiv. I arbetslivet kan m\u00e5ngfald handla om skillnader i till exempel utbildning, kultur, \u00e5lder, k\u00f6n, funktionsvariation och livserfarenhet. Begreppet anv\u00e4nds f\u00f6r att beskriva hur variation mellan m\u00e4nniskor kan bidra till l\u00e4rande, utveckling och b\u00e4ttre f\u00f6rst\u00e5else i organisationer.<\/p>                <\/div>\n            \n                            <div class=\"row__col row__col--lg-8\" >\n                    <div class=\"text-wrapper editor-content\">\n                        <h2 class=\"h5\">M\u00e5ngfald i arbetslivet<\/h2>\n<p>Hur en organisation f\u00f6rh\u00e5ller sig till m\u00e5ngfald p\u00e5verkar b\u00e5de arbetsmilj\u00f6 och resultat. N\u00e4r olika perspektiv f\u00e5r utrymme kan fler id\u00e9er tas tillvara och fler k\u00e4nna sig delaktiga i arbetet.<\/p>\n<p>I arbetslivet kan m\u00e5ngfald ta sig uttryck p\u00e5 olika s\u00e4tt, till exempel genom f\u00f6ljande:<\/p>\n<ul>\n<li>Team med varierande bakgrunder och erfarenheter<\/li>\n<li>Olika perspektiv som bidrar till probleml\u00f6sning och utveckling<\/li>\n<li>Arbetsmilj\u00f6er d\u00e4r olikheter ses som en tillg\u00e5ng<\/li>\n<li>Ledarskap som tar h\u00e4nsyn till variation i behov och f\u00f6ruts\u00e4ttningar<\/li>\n<li>Organisationer som speglar samh\u00e4llets bredd<\/li>\n<\/ul>\n<p>N\u00e4r m\u00e5ngfald ses som en del av det dagliga arbetet skapas f\u00f6ruts\u00e4ttningar f\u00f6r arbetsplatser d\u00e4r fler kan bidra med sin kompetens. Det handlar inte om att alla ska vara lika, utan om att olikheter tas tillvara p\u00e5 ett s\u00e4tt som gynnar b\u00e5de individ och organisation.<\/p>\n                    <\/div>\n                <\/div>\n                            \n            \n                    <\/div>\n    <\/div>\n<\/section>\n\n<section id=\"services-block_1a37ccf1a580f0185486015453610704\" class=\"block services  m-b\">\n\t<div class=\"container\">\n\t\t<div class=\"row right\">\n\t\t\t<div class=\"bg-purple-deep background\"><\/div>\n\t\t\t<div class=\"row__col content has-bg\">\n\t\t\t\t<div class=\"row\">\n\t\t\t\t\t<div class=\"row__col row__col--lg-5 row__col--xl-4 left-side bg-purple-deep\">\n\t\t\t\t\t\t                    \t\t<div class=\"title-wrapper\">\n                    \t\t    <h3 class=\"h4 text-left\">L\u00e4s mer om v\u00e5ra <strong><i>tj\u00e4nster<\/i><\/strong><\/h3>                    \t\t<\/div>\n                        \n                                                    <div class=\"text-wrapper\">\n                                <p class=\"preamble\">L\u00e4s mer om v\u00e5ra rekryteringstj\u00e4nster, vi jobbar mot alla branscher och sektorer.<\/p>                            <\/div>\n                        \t\t\t\t\t<\/div>\n\t\t\t\t\t<div class=\"row__col row__col--push-1 row__col--lg-6 row__col--xl-7 right-side services-container\">\n\t\t\t\t\t\t\t\t\t\t\t\t\t<div class=\"row services-container-inner\">\n\t\t\t\t\t\t\t\t\t\t\t\t\t\t\t\t\t\t\t\t\t\t\t\t\t\t\t\t\t\t\t\t\t\t\t<div class=\"row__col row__col--xl-6 services-item  \"\n                                         data-aos-delay-xs=\"0\"\n                                         data-aos-delay-sm=\"0\"\n                                         data-aos-delay-md=\"0\"\n                                         data-aos-delay-lg=\"0\"\n                                         data-aos-delay-xl=\"0\"\n                                        >\n\t\t\t\t\t\t\t\t\t\t<a href=\"https:\/\/novare.se\/rekryteringstjanster\/\" target=\"\">\n\t\t\t\t\t\t\t\t\t\t\t<div class=\"title\"><span class=\"value\">Rekrytering<\/span><span class=\"fa fa-arrow-right\"><\/span><\/div>\n\t\t\t\t\t\t\t\t\t\t\t<div class=\"short-description\"><\/div>\n\t\t\t\t\t\t\t\t\t\t<\/a>\n\t\t\t\t\t\t\t\t\t<\/div>\n                                    \t\t\t\t\t\t\t\t\t\t\t\t\t\t\t\t\t\t\t\t\t\t\t\t\t\t\t\t\t\t\t\t\t\t\t<div class=\"row__col row__col--xl-6 services-item  \"\n                                         data-aos-delay-xs=\"100\"\n                                         data-aos-delay-sm=\"100\"\n                                         data-aos-delay-md=\"100\"\n                                         data-aos-delay-lg=\"100\"\n                                         data-aos-delay-xl=\"0\"\n                                        >\n\t\t\t\t\t\t\t\t\t\t<a href=\"https:\/\/novare.se\/konsult-och-interimstjanster\/\" target=\"\">\n\t\t\t\t\t\t\t\t\t\t\t<div class=\"title\"><span class=\"value\">Konsulttj\u00e4nster<\/span><span class=\"fa fa-arrow-right\"><\/span><\/div>\n\t\t\t\t\t\t\t\t\t\t\t<div class=\"short-description\"><\/div>\n\t\t\t\t\t\t\t\t\t\t<\/a>\n\t\t\t\t\t\t\t\t\t<\/div>\n                                    \t\t\t\t\t\t\t\t\t\t\t\t\t\t\t\t\t\t\t\t\t\t\t\t\t\t\t\t\t\t\t\t\t\t\t<div class=\"row__col row__col--xl-6 services-item  \"\n                                         data-aos-delay-xs=\"200\"\n                                         data-aos-delay-sm=\"200\"\n                                         data-aos-delay-md=\"200\"\n                                         data-aos-delay-lg=\"200\"\n                                         data-aos-delay-xl=\"250\"\n                                        >\n\t\t\t\t\t\t\t\t\t\t<a href=\"https:\/\/novare.se\/bemanningstjanster\/\" target=\"\">\n\t\t\t\t\t\t\t\t\t\t\t<div class=\"title\"><span class=\"value\">Bemaning<\/span><span class=\"fa fa-arrow-right\"><\/span><\/div>\n\t\t\t\t\t\t\t\t\t\t\t<div class=\"short-description\"><\/div>\n\t\t\t\t\t\t\t\t\t\t<\/a>\n\t\t\t\t\t\t\t\t\t<\/div>\n                                    \t\t\t\t\t\t\t\t\t\t\t\t\t\t\t\t\t\t\t\t\t\t\t\t\t\t\t\t\t\t\t\t\t\t\t<div class=\"row__col row__col--xl-6 services-item  \"\n                                         data-aos-delay-xs=\"300\"\n                                         data-aos-delay-sm=\"300\"\n                                         data-aos-delay-md=\"300\"\n                                         data-aos-delay-lg=\"300\"\n                                         data-aos-delay-xl=\"250\"\n                                        >\n\t\t\t\t\t\t\t\t\t\t<a href=\"https:\/\/novare.se\/it-rekrytering\/\" target=\"\">\n\t\t\t\t\t\t\t\t\t\t\t<div class=\"title\"><span class=\"value\">IT-rekrytering<\/span><span class=\"fa fa-arrow-right\"><\/span><\/div>\n\t\t\t\t\t\t\t\t\t\t\t<div class=\"short-description\"><\/div>\n\t\t\t\t\t\t\t\t\t\t<\/a>\n\t\t\t\t\t\t\t\t\t<\/div>\n                                    \t\t\t\t\t\t\t\t\t\t\t\t\t\t\t\t\t\n\t\t\t\t\t\t\t<\/div>\n\t\t\t\t\t\t\t\n\t\t\t\t\t<\/div>\n\t\t\t\t<\/div>\n\t\t\t<\/div>\n\t\t<\/div>\n\t<\/div>\n<\/section>\n\n<section id=\"contact-persons-block_91aaf3072232ed59af756fd949c2841c\" class=\"block contact-persons  m-b\">\n    <div class=\"container\">\n        <div class=\"row\">\n            <div class=\"row__col row__col--lg-12\">\n                <div class=\"contact-persons--wrapper bg-purple-deep\">\n                    <div class=\"contact-persons--wrapper--content\" >\n                                                    <div class=\"header-wrapper\" >\n                                <h3 class=\"h3 text-left\"><strong><i>Vill du veta mer?<\/i><\/strong><\/h3>                            <\/div>\n                        \n                                                    <div class=\"text-wrapper\">\n                                <p>H\u00f6r g\u00e4rna av dig f\u00f6r att h\u00f6ra mer om hur ett samarbete skulle kunna se ut.<\/p>\n                            <\/div>\n                        \n                                                                                                <\/div>\n                    <div class=\"contact-persons--wrapper--people\">\n                                                                                    <div class=\"contact-person\"  >\n                                    <div class=\"contact-person--image\">\n                                        <img loading=\"lazy\" decoding=\"async\" width=\"360\" height=\"240\" src=\"https:\/\/novare.se\/intro\/wp-content\/uploads\/sites\/3\/2024\/04\/DA_SaraRossiPhotography-14_1-360x240.jpg\" class=\"attachment-medium size-medium\" alt=\"Delal medarbetarbild_final\" srcset=\"https:\/\/novare.se\/intro\/wp-content\/uploads\/sites\/3\/2024\/04\/DA_SaraRossiPhotography-14_1-360x240.jpg 360w, https:\/\/novare.se\/intro\/wp-content\/uploads\/sites\/3\/2024\/04\/DA_SaraRossiPhotography-14_1-1024x683.jpg 1024w, https:\/\/novare.se\/intro\/wp-content\/uploads\/sites\/3\/2024\/04\/DA_SaraRossiPhotography-14_1-768x512.jpg 768w, https:\/\/novare.se\/intro\/wp-content\/uploads\/sites\/3\/2024\/04\/DA_SaraRossiPhotography-14_1-1536x1024.jpg 1536w, https:\/\/novare.se\/intro\/wp-content\/uploads\/sites\/3\/2024\/04\/DA_SaraRossiPhotography-14_1-2048x1365.jpg 2048w\" sizes=\"(max-width: 360px) 100vw, 360px\" \/>                                    <\/div>\n                                    <div class=\"contact-person--details\">\n                                        <div class=\"name-wrapper\">\n                                            <a href=\"https:\/\/novare.se\/intro\/medarbetare\/delal-apak\/\">Delal Apak<\/a>\n                                        <\/div>\n                                        <div class=\"title-wrapper\">\n                                            <p>Vd och del\u00e4gare<\/p>\n                                        <\/div>\n                                        <div class=\"email-wrapper\">\n                                            <a href=\"mailto:delal.apak@novare.se\">delal.apak@novare.se<\/a>\n                                        <\/div>\n                                        <div class=\"phone-wrapper\">\n                                            <a href=\"tel:+46739989163\">+46 739 98 91 63<\/a>\n                                        <\/div>\n                                    <\/div>\n                                <\/div>\n                                                    <\/div>\n                <\/div>\n            <\/div>\n        <\/div>\n    <\/div>\n<\/section>\n\n\n<section id=\"faq-block-block_91166e787c09f314fa8964ee2abf0202\" class=\"block faq-block  m-b bg-default\">\n    <div class=\"container\">\n        <div class=\"row\">\n            <div class=\"row__col row__col--lg-6\"  >\n                <img loading=\"lazy\" decoding=\"async\" width=\"625\" height=\"761\" src=\"https:\/\/novare.se\/intro\/wp-content\/uploads\/sites\/3\/2024\/03\/faq-bench.png\" class=\"media-item\" alt=\"Tre personer sitter och pratar p\u00e5 en utomhusb\u00e4nk.\" srcset=\"https:\/\/novare.se\/intro\/wp-content\/uploads\/sites\/3\/2024\/03\/faq-bench.png 625w, https:\/\/novare.se\/intro\/wp-content\/uploads\/sites\/3\/2024\/03\/faq-bench-296x360.png 296w\" sizes=\"(max-width: 625px) 100vw, 625px\" \/>            <\/div>\n            \n            <div class=\"row__col row__col--lg-6\">\n                                    <div class=\"title-wrapper text-medium\"  >\n                        <h3 class=\"h3 text-left\"><strong>Fr\u00e5gor och svar<\/strong><\/h3>                    <\/div>\n                                                                        <div class=\"text-wrapper editor-content\"  >\n                        <p>H\u00e4r har vi samlat de vanligaste fr\u00e5gorna. Hittar du inte svaret du s\u00f6ker h\u00e4r, tveka inte att h\u00f6ra av dig till oss!<\/p>\n                    <\/div>\n                \n                                    <div class=\"accordion\">\n                                                    <div class=\"accordion-item\"  >\n                                <div class=\"accordion-header\">\n                                    <span class=\"question\">Vad menas med m\u00e5ngfald i arbetslivet?<\/span>\n                                    <i class=\"fa fa-plus\"><\/i><i class=\"fa fa-minus hidden\"><\/i>\n                                <\/div>\n                                <div class=\"accordion-content\" style=\"display: none;\">\n                                    <span class=\"separator\"><\/span>\n                                    M\u00e5ngfald i arbetslivet handlar om att m\u00e4nniskor med olika bakgrunder, erfarenheter och perspektiv finns representerade och ges m\u00f6jlighet att bidra.                                <\/div>\n                            <\/div>\n                                                        <div class=\"accordion-item\"  >\n                                <div class=\"accordion-header\">\n                                    <span class=\"question\">Varf\u00f6r \u00e4r m\u00e5ngfald viktigt p\u00e5 en arbetsplats?<\/span>\n                                    <i class=\"fa fa-plus\"><\/i><i class=\"fa fa-minus hidden\"><\/i>\n                                <\/div>\n                                <div class=\"accordion-content\" style=\"display: none;\">\n                                    <span class=\"separator\"><\/span>\n                                    M\u00e5ngfald kan bidra till bredare perspektiv, b\u00e4ttre probleml\u00f6sning och en arbetsmilj\u00f6 d\u00e4r fler k\u00e4nner sig delaktiga.                                <\/div>\n                            <\/div>\n                                                        <div class=\"accordion-item\"  >\n                                <div class=\"accordion-header\">\n                                    <span class=\"question\">Handlar m\u00e5ngfald bara om bakgrund?<\/span>\n                                    <i class=\"fa fa-plus\"><\/i><i class=\"fa fa-minus hidden\"><\/i>\n                                <\/div>\n                                <div class=\"accordion-content\" style=\"display: none;\">\n                                    <span class=\"separator\"><\/span>\n                                    Nej. M\u00e5ngfald kan \u00e4ven handla om skillnader i utbildning, arbetss\u00e4tt, livserfarenhet, funktionsvariation och s\u00e4tt att t\u00e4nka.                                <\/div>\n                            <\/div>\n                                                        <div class=\"accordion-item\"  >\n                                <div class=\"accordion-header\">\n                                    <span class=\"question\">Hur kan arbetsgivare arbeta med m\u00e5ngfald?<\/span>\n                                    <i class=\"fa fa-plus\"><\/i><i class=\"fa fa-minus hidden\"><\/i>\n                                <\/div>\n                                <div class=\"accordion-content\" style=\"display: none;\">\n                                    <span class=\"separator\"><\/span>\n                                    Genom att se \u00f6ver rekrytering, arbetsmilj\u00f6 och ledarskap samt skapa f\u00f6ruts\u00e4ttningar f\u00f6r att olika perspektiv tas tillvara i vardagen.                                <\/div>\n                            <\/div>\n                                                        <div class=\"accordion-item\"  >\n                                <div class=\"accordion-header\">\n                                    <span class=\"question\">\u00c4r m\u00e5ngfald samma sak som inkludering?<\/span>\n                                    <i class=\"fa fa-plus\"><\/i><i class=\"fa fa-minus hidden\"><\/i>\n                                <\/div>\n                                <div class=\"accordion-content\" style=\"display: none;\">\n                                    <span class=\"separator\"><\/span>\n                                    Nej. M\u00e5ngfald handlar om representation och variation, medan inkludering handlar om att skapa en arbetsmilj\u00f6 d\u00e4r alla k\u00e4nner sig delaktiga och har m\u00f6jlighet att bidra.                                <\/div>\n                            <\/div>\n                                                <\/div>\n                            <\/div>\n        <\/div>\n    <\/div>\n<\/section>\n","protected":false},"excerpt":{"rendered":"","protected":false},"author":26,"featured_media":0,"parent":1616,"menu_order":0,"comment_status":"closed","ping_status":"closed","template":"","meta":{"_acf_changed":false,"_seopress_robots_primary_cat":"","_seopress_titles_title":"Vad betyder m\u00e5ngfald i arbetslivet? | Novare","_seopress_titles_desc":"H\u00e4r f\u00f6rklarar vi vad m\u00e5ngfald betyder och hur olika bakgrunder, erfarenheter och perspektiv kan ta sig uttryck i arbetslivet.","_seopress_robots_index":"","inline_featured_image":false,"footnotes":""},"class_list":["post-1659","page","type-page","status-publish","hentry"],"acf":[],"_links":{"self":[{"href":"https:\/\/novare.se\/intro\/wp-json\/wp\/v2\/pages\/1659","targetHints":{"allow":["GET"]}}],"collection":[{"href":"https:\/\/novare.se\/intro\/wp-json\/wp\/v2\/pages"}],"about":[{"href":"https:\/\/novare.se\/intro\/wp-json\/wp\/v2\/types\/page"}],"author":[{"embeddable":true,"href":"https:\/\/novare.se\/intro\/wp-json\/wp\/v2\/users\/26"}],"replies":[{"embeddable":true,"href":"https:\/\/novare.se\/intro\/wp-json\/wp\/v2\/comments?post=1659"}],"version-history":[{"count":3,"href":"https:\/\/novare.se\/intro\/wp-json\/wp\/v2\/pages\/1659\/revisions"}],"predecessor-version":[{"id":1726,"href":"https:\/\/novare.se\/intro\/wp-json\/wp\/v2\/pages\/1659\/revisions\/1726"}],"up":[{"embeddable":true,"href":"https:\/\/novare.se\/intro\/wp-json\/wp\/v2\/pages\/1616"}],"wp:attachment":[{"href":"https:\/\/novare.se\/intro\/wp-json\/wp\/v2\/media?parent=1659"}],"curies":[{"name":"wp","href":"https:\/\/api.w.org\/{rel}","templated":true}]}}