{"id":1616,"date":"2025-12-18T12:09:14","date_gmt":"2025-12-18T12:09:14","guid":{"rendered":"https:\/\/novare.se\/intro\/?page_id=1616"},"modified":"2026-02-20T14:21:47","modified_gmt":"2026-02-20T14:21:47","slug":"ordlista","status":"publish","type":"page","link":"https:\/\/novare.se\/intro\/ordlista\/","title":{"rendered":"Ordlista"},"content":{"rendered":"<section id=\"hero-3-block_c5075cc0212fbcfc81fff6b92b3ca5fe\" class=\"block hero-3  m-b \">\n    <div class=\"hero-3--top-section bg-primary\">\n                    <div class=\"bg-backdrop\">\n                <div class=\"bg-backdrop--inner\"><\/div>\n            <\/div>\n                <div class=\"container\">\n            <div class=\"row\">\n                <div class=\"row__col\">\n                    <div class=\"text-img-wrapper\">\n                        <div class=\"text-col\" >\n                                                                \n                                <div class=\"title-wrapper\" >\n                                    <h1 class=\"h2 text-left\" style=\"color:#f5f2ef\">Kunskap och inspiration<\/h1>                                <\/div>\n                                                            \n                            \n                                                            <div class=\"text-wrapper\" >\n                                    <p>Vi har samlat vanliga begrepp kopplade till neuropsykiatriska funktionsvariationer, arbetsliv och inkludering. H\u00e4r kan du l\u00e4sa mer om vad de betyder och hur de kan ta sig uttryck i vardagen och i arbetslivet.<\/p>\n                                <\/div>\n                                                            \n                                                    <\/div>\n\n                                                    <div class=\"701 HEROTHREEIMG img-col \"   >\n                            <img loading=\"lazy\" decoding=\"async\" width=\"1024\" height=\"945\" src=\"https:\/\/novare.se\/intro\/wp-content\/uploads\/sites\/3\/2024\/06\/Novare_sma23_webb-1024x945.jpg\" class=\"attachment-large size-large\" alt=\"Tv\u00e5 personer samtalar, en h\u00e5ller en kopp, utomhus.\" srcset=\"https:\/\/novare.se\/intro\/wp-content\/uploads\/sites\/3\/2024\/06\/Novare_sma23_webb-1024x945.jpg 1024w, https:\/\/novare.se\/intro\/wp-content\/uploads\/sites\/3\/2024\/06\/Novare_sma23_webb-360x332.jpg 360w, https:\/\/novare.se\/intro\/wp-content\/uploads\/sites\/3\/2024\/06\/Novare_sma23_webb-768x709.jpg 768w, https:\/\/novare.se\/intro\/wp-content\/uploads\/sites\/3\/2024\/06\/Novare_sma23_webb.jpg 1300w\" sizes=\"(max-width: 1024px) 100vw, 1024px\" \/>                                \n                            <\/div>\n                                            <\/div>\n                <\/div>\n            <\/div>\n        <\/div>\n    <\/div>\n            <div class=\"hero-3--bottom-section \"  >\n        <div class=\"breadcrumbs dark-text\">\n\t<div class=\"container\">\n        <div class=\"row\">\n            <div class=\"row__col\">\n                <div class=\"breadcrumbs--inner\">\n                    <ul>\n                                                                                <li>\n                                <a href=\"https:\/\/novare.se\/\" class=\"alt\">\n                                    Novare                                <\/a>\n                            <\/li>\n                            \n\t\t\t                                        <li>\n                                <a href=\"https:\/\/novare.se\/intro\/\" class=\"alt\">\n                                                                            Novare Intro                                                                    <\/a>\n                            <\/li>\n\t\t\t                                    <li><span class=\"alt\">Ordlista<\/span><\/li>\n                    <\/ul>\n                <\/div>\n            <\/div>\n        <\/div>\n\t<\/div>\n<\/div>        <\/div>\n    \n    <\/section>\n\n\n<section id=\"one-column-text-block-block_9156e1f775ee896153c217f567dbeb90\" class=\"block one-column-text-block  m-b bg-default\">\n    <div class=\"container\">\n        <div class=\"row row--middle\">\n                            <div class=\"row__col row__col--lg-8\">\n                    <div class=\"title-wrapper\" data-aos-anchor='#one-column-text-block-block_9156e1f775ee896153c217f567dbeb90'data-aos='fade-up'data-aos-easing='ease-in-out-sine'data-aos-duration='500'data-aos-delay='0'data-aos-once='true'data-aos-offset='250' >\n                        <h3 class=\"h4 m-0 text-left\"><strong><i>Begrepp<\/i><\/strong><\/h3>                    <\/div>\n                <\/div>\n                            \n                            <div class=\"row__col row__col--lg-8\" data-aos-anchor='#one-column-text-block-block_9156e1f775ee896153c217f567dbeb90'data-aos='fade-up'data-aos-easing='ease-in-out-sine'data-aos-duration='500'data-aos-delay='250'data-aos-once='true'data-aos-offset='250'>\n                    <p class=\"preamble m-0\">Klicka p\u00e5 ett ord f\u00f6r att l\u00e4sa mer om vad det \u00e4r och vad det inneb\u00e4r:<\/p>                <\/div>\n            \n                            <div class=\"row__col row__col--lg-8\" data-aos-anchor='#one-column-text-block-block_9156e1f775ee896153c217f567dbeb90'data-aos='fade-up'data-aos-easing='ease-in-out-sine'data-aos-duration='500'data-aos-delay='250'data-aos-once='true'data-aos-offset='250'>\n                    <div class=\"text-wrapper editor-content\">\n                        <h2 class=\"h4 h5\">A:<\/h2>\n<p><a href=\"https:\/\/novare.se\/intro\/ordlista\/adhd\/\">ADHD<\/a><br \/>\n<a href=\"https:\/\/novare.se\/intro\/ordlista\/asperger\/\">Asperger<\/a><br \/>\n<a href=\"https:\/\/novare.se\/intro\/ordlista\/arbetsformaga\/\">Arbetsf\u00f6rm\u00e5ga<\/a><br \/>\n<a href=\"https:\/\/novare.se\/intro\/ordlista\/arbetsmiljo\/\">Arbetsmilj\u00f6<\/a><br \/>\n<a href=\"https:\/\/novare.se\/intro\/ordlista\/arbetsstruktur\/\">Arbetsstruktur<\/a><br \/>\n<a href=\"https:\/\/novare.se\/intro\/ordlista\/autism\/\">Autism<\/a><\/p>\n<h2 class=\"h5\">E:<\/h2>\n<p><a href=\"https:\/\/novare.se\/intro\/ordlista\/exkludering\/\">Exkludering<\/a><\/p>\n<h2 class=\"h5\">D:<\/h2>\n<p><a href=\"https:\/\/novare.se\/intro\/ordlista\/dei\/\">DEI<\/a><br \/>\n<a href=\"https:\/\/novare.se\/intro\/ordlista\/dyslexi\/\">Dyslexi<\/a><\/p>\n<h2 class=\"h5\">F:<\/h2>\n<p><a href=\"https:\/\/novare.se\/intro\/ordlista\/funktionsnedsattning\/\">Funktionsneds\u00e4ttning<\/a><br \/>\n<a href=\"https:\/\/novare.se\/intro\/ordlista\/funktionsvariation\/\">Funktionsvariation<\/a><\/p>\n<h2 class=\"h5\">I:<\/h2>\n<p><a href=\"https:\/\/novare.se\/intro\/ordlista\/individanpassning\/\">Individanpassning<\/a><br \/>\n<a href=\"https:\/\/novare.se\/intro\/ordlista\/inkluderande-rekrytering\/\">Inkluderande rekrytering<\/a><br \/>\n<a href=\"https:\/\/novare.se\/intro\/ordlista\/inkludering\/\">Inkludering<\/a><\/p>\n<h2 class=\"h5\">K:<\/h2>\n<p><a href=\"https:\/\/novare.se\/intro\/ordlista\/kompetensbaserad-rekrytering\/\">Kompetensbaserad rekrytering<\/a><\/p>\n<h2 class=\"h5\">L:<\/h2>\n<p><a href=\"https:\/\/novare.se\/intro\/ordlista\/likabehandling\/\">Likabehandling<\/a><\/p>\n<h2 class=\"h5\">M:<\/h2>\n<p><a href=\"https:\/\/novare.se\/intro\/ordlista\/mangfald\/\">M\u00e5ngfald<\/a><\/p>\n<h2 class=\"h5\">N:<\/h2>\n<p><a href=\"https:\/\/novare.se\/intro\/ordlista\/neurodivergent\/\">Neurodivergent<\/a><br \/>\n<a href=\"https:\/\/novare.se\/intro\/ordlista\/neurodiversitet\/\">Neurodiversitet<\/a><br \/>\n<a href=\"https:\/\/novare.se\/intro\/ordlista\/neuroinkludering\/\">Neuroinkludering<\/a><br \/>\n<a href=\"https:\/\/novare.se\/intro\/ordlista\/neurotypisk\/\">Neurotypisk<\/a><br \/>\n<a href=\"https:\/\/novare.se\/intro\/ordlista\/npf\/\">NPF<\/a><\/p>\n<h2 class=\"h5\"><strong>P:<\/strong><\/h2>\n<p><a href=\"https:\/\/novare.se\/intro\/ordlista\/psykologisk-trygghet\/\">Psykologisk trygghet<\/a><\/p>\n<h2 class=\"h5\">R:<\/h2>\n<p><a href=\"https:\/\/novare.se\/intro\/ordlista\/rekryteringsprocess\/\">Rekryteringsprocess<\/a><\/p>\n                    <\/div>\n                <\/div>\n                            \n            \n                    <\/div>\n    <\/div>\n<\/section>\n\n<section id=\"contact-persons-block_4e23b54965a3c0e1e028f7bee358e468\" class=\"block contact-persons  m-b\">\n    <div class=\"container\">\n        <div class=\"row\">\n            <div class=\"row__col row__col--lg-12\">\n                <div class=\"contact-persons--wrapper bg-purple-deep\">\n                    <div class=\"contact-persons--wrapper--content\" >\n                                                    <div class=\"header-wrapper\" >\n                                <h3 class=\"h3 text-left\"><strong><i>Vill du veta mer?<\/i><\/strong><\/h3>                            <\/div>\n                        \n                                                    <div class=\"text-wrapper\">\n                                <p>H\u00f6r g\u00e4rna av dig f\u00f6r att prata om hur ett samarbete skulle kunna se ut. Vi s\u00e4tter dig g\u00e4rna i kontakt med f\u00f6retag som redan tagit steget. Erfarenheten visar att det ofta blir b\u00f6rjan p\u00e5 n\u00e5got riktigt bra.<\/p>\n                            <\/div>\n                        \n                                                                                                <\/div>\n                    <div class=\"contact-persons--wrapper--people\">\n                                                                                    <div class=\"contact-person\" data-aos-anchor='#contact-persons-block_4e23b54965a3c0e1e028f7bee358e468'data-aos='fade-right'data-aos-easing='ease-in-out-sine'data-aos-duration='500'data-aos-delay='0'data-aos-once='true'data-aos-offset='250' >\n                                    <div class=\"contact-person--image\">\n                                        <img loading=\"lazy\" decoding=\"async\" width=\"360\" height=\"240\" src=\"https:\/\/novare.se\/intro\/wp-content\/uploads\/sites\/3\/2024\/04\/DA_SaraRossiPhotography-14_1-360x240.jpg\" class=\"attachment-medium size-medium\" alt=\"Delal medarbetarbild_final\" srcset=\"https:\/\/novare.se\/intro\/wp-content\/uploads\/sites\/3\/2024\/04\/DA_SaraRossiPhotography-14_1-360x240.jpg 360w, https:\/\/novare.se\/intro\/wp-content\/uploads\/sites\/3\/2024\/04\/DA_SaraRossiPhotography-14_1-1024x683.jpg 1024w, https:\/\/novare.se\/intro\/wp-content\/uploads\/sites\/3\/2024\/04\/DA_SaraRossiPhotography-14_1-768x512.jpg 768w, https:\/\/novare.se\/intro\/wp-content\/uploads\/sites\/3\/2024\/04\/DA_SaraRossiPhotography-14_1-1536x1024.jpg 1536w, https:\/\/novare.se\/intro\/wp-content\/uploads\/sites\/3\/2024\/04\/DA_SaraRossiPhotography-14_1-2048x1365.jpg 2048w\" sizes=\"(max-width: 360px) 100vw, 360px\" \/>                                    <\/div>\n                                    <div class=\"contact-person--details\">\n                                        <div class=\"name-wrapper\">\n                                            <a href=\"https:\/\/novare.se\/intro\/medarbetare\/delal-apak\/\">Delal Apak<\/a>\n                                        <\/div>\n                                        <div class=\"title-wrapper\">\n                                            <p>Vd och del\u00e4gare<\/p>\n                                        <\/div>\n                                        <div class=\"email-wrapper\">\n                                            <a href=\"mailto:delal.apak@novare.se\">delal.apak@novare.se<\/a>\n                                        <\/div>\n                                        <div class=\"phone-wrapper\">\n                                            <a href=\"tel:+46739989163\">+46 739 98 91 63<\/a>\n                                        <\/div>\n                                    <\/div>\n                                <\/div>\n                                                    <\/div>\n                <\/div>\n            <\/div>\n        <\/div>\n    <\/div>\n<\/section>\n\n\n<section id=\"faq-block-block_3e6b05990ad693f47edad80d95945d37\" class=\"block faq-block  m-b bg-default\">\n    <div class=\"container\">\n        <div class=\"row\">\n            <div class=\"row__col row__col--lg-6\" data-aos-anchor='#faq-block-block_3e6b05990ad693f47edad80d95945d37'data-aos='fade-up'data-aos-easing='ease-in-out-sine'data-aos-duration='500'data-aos-delay='0'data-aos-once='true'data-aos-offset='250' >\n                <img loading=\"lazy\" decoding=\"async\" width=\"625\" height=\"761\" src=\"https:\/\/novare.se\/intro\/wp-content\/uploads\/sites\/3\/2024\/03\/faq-bench.png\" class=\"media-item\" alt=\"Tre personer sitter och pratar p\u00e5 en utomhusb\u00e4nk.\" srcset=\"https:\/\/novare.se\/intro\/wp-content\/uploads\/sites\/3\/2024\/03\/faq-bench.png 625w, https:\/\/novare.se\/intro\/wp-content\/uploads\/sites\/3\/2024\/03\/faq-bench-296x360.png 296w\" sizes=\"(max-width: 625px) 100vw, 625px\" \/>            <\/div>\n            \n            <div class=\"row__col row__col--lg-6\">\n                                    <div class=\"title-wrapper text-medium\" data-aos-anchor='#faq-block-block_3e6b05990ad693f47edad80d95945d37'data-aos='fade-up'data-aos-easing='ease-in-out-sine'data-aos-duration='500'data-aos-delay='300'data-aos-once='true'data-aos-offset='250' >\n                        <h3 class=\"h3 text-left\"><strong>FAQ<\/strong><\/h3>                    <\/div>\n                                                                        <div class=\"text-wrapper editor-content\" data-aos-anchor='#faq-block-block_3e6b05990ad693f47edad80d95945d37'data-aos='fade-up'data-aos-easing='ease-in-out-sine'data-aos-duration='500'data-aos-delay='750'data-aos-once='true'data-aos-offset='250' >\n                        <p>H\u00e4r har vi samlat de vanligaste fr\u00e5gorna. Hittar du inte svaret du s\u00f6ker h\u00e4r, tveka inte att h\u00f6ra av dig till oss!<\/p>\n                    <\/div>\n                \n                                    <div class=\"accordion\">\n                                                    <div class=\"accordion-item\" data-aos-anchor='#faq-block-block_3e6b05990ad693f47edad80d95945d37'data-aos='fade-right'data-aos-easing='ease-in-out-sine'data-aos-duration='500'data-aos-delay='1000'data-aos-once='true'data-aos-offset='250' >\n                                <div class=\"accordion-header\">\n                                    <span class=\"question\">Vad \u00e4r Neuropsykiatrisk funktionsvariation (NPF)?<\/span>\n                                    <i class=\"fa fa-plus\"><\/i><i class=\"fa fa-minus hidden\"><\/i>\n                                <\/div>\n                                <div class=\"accordion-content\" style=\"display: none;\">\n                                    <span class=\"separator\"><\/span>\n                                    Neuropsykiatriska funktionsvariationer (NPF) har sin grund i hur hj\u00e4rnan arbetar och fungerar. Vanliga diagnoser \u00e4r ADHD, ADD, Aspergers syndrom och autismspektrumtillst\u00e5nd.                                <\/div>\n                            <\/div>\n                                                        <div class=\"accordion-item\" data-aos-anchor='#faq-block-block_3e6b05990ad693f47edad80d95945d37'data-aos='fade-right'data-aos-easing='ease-in-out-sine'data-aos-duration='500'data-aos-delay='1250'data-aos-once='true'data-aos-offset='250' >\n                                <div class=\"accordion-header\">\n                                    <span class=\"question\">Vad skiljer Novare Intro fr\u00e5n andra, t.ex. Arbetsf\u00f6rmedlingen och Samhall? <\/span>\n                                    <i class=\"fa fa-plus\"><\/i><i class=\"fa fa-minus hidden\"><\/i>\n                                <\/div>\n                                <div class=\"accordion-content\" style=\"display: none;\">\n                                    <span class=\"separator\"><\/span>\n                                    Novare Intro presenterar enbart kandidater som sj\u00e4lva har s\u00f6kt den specifika tj\u00e4nsten de rekryteras till. Vi \u00e4r ocks\u00e5 ett litet bolag vilket g\u00f6r oss v\u00e4ldigt flexibla, vi \u00e4r vana vid att arbeta b\u00e5de med stora och sm\u00e5 bolag.                                <\/div>\n                            <\/div>\n                                                        <div class=\"accordion-item\" data-aos-anchor='#faq-block-block_3e6b05990ad693f47edad80d95945d37'data-aos='fade-right'data-aos-easing='ease-in-out-sine'data-aos-duration='500'data-aos-delay='1500'data-aos-once='true'data-aos-offset='250' >\n                                <div class=\"accordion-header\">\n                                    <span class=\"question\">Hur l\u00e5ng \u00e4r avtalsperioden? <\/span>\n                                    <i class=\"fa fa-plus\"><\/i><i class=\"fa fa-minus hidden\"><\/i>\n                                <\/div>\n                                <div class=\"accordion-content\" style=\"display: none;\">\n                                    <span class=\"separator\"><\/span>\n                                    I de flesta fall skrivs avtalen om ett \u00e5r. M\u00f6jlighet att skriva avtal p\u00e5 sex m\u00e5nader finns men vi brukar rekommendera ett \u00e5r f\u00f6r att personen ska hinna komma in i rollen. Ni kan n\u00e4r som helst under avtalsperioden s\u00e4ga upp avtalet med tv\u00e5 m\u00e5naders upps\u00e4gningstid. Det finns \u00e4ven m\u00f6jlighet att f\u00f6rl\u00e4nga perioden efter det f\u00f6rsta \u00e5ret.                                <\/div>\n                            <\/div>\n                                                        <div class=\"accordion-item\" data-aos-anchor='#faq-block-block_3e6b05990ad693f47edad80d95945d37'data-aos='fade-right'data-aos-easing='ease-in-out-sine'data-aos-duration='500'data-aos-delay='1750'data-aos-once='true'data-aos-offset='250' >\n                                <div class=\"accordion-header\">\n                                    <span class=\"question\">Vi vill g\u00e4rna anv\u00e4nda Novare Intro, men har sv\u00e5rt att identifiera en roll eller l\u00e4mpliga arbetsuppgifter. Hur g\u00f6r vi?<\/span>\n                                    <i class=\"fa fa-plus\"><\/i><i class=\"fa fa-minus hidden\"><\/i>\n                                <\/div>\n                                <div class=\"accordion-content\" style=\"display: none;\">\n                                    <span class=\"separator\"><\/span>\n                                    D\u00e5 hj\u00e4lper vi g\u00e4rna till. Vi \u00e4r vana vid att ta fram kravprofiler tillsammans med v\u00e5ra uppdragsgivare och har ofta id\u00e9er kring hur man kan kombinera olika arbetsuppgifter p\u00e5 s\u00e4tt som \u00e4r unika f\u00f6r v\u00e5ra medarbetare.                                <\/div>\n                            <\/div>\n                                                <\/div>\n                            <\/div>\n        <\/div>\n    <\/div>\n<\/section>\n","protected":false},"excerpt":{"rendered":"","protected":false},"author":26,"featured_media":0,"parent":0,"menu_order":0,"comment_status":"closed","ping_status":"closed","template":"","meta":{"_acf_changed":false,"_seopress_robots_primary_cat":"","_seopress_titles_title":"Novare Intros Ordlista","_seopress_titles_desc":"Novare Intro specialiserar sig p\u00e5 att rekrytera unga med NPF som ADHD och autism. Vi erbjuder konsultst\u00f6d och hj\u00e4lper arbetsgivare att hitta r\u00e4tt kompetens.","_seopress_robots_index":"","inline_featured_image":false,"footnotes":""},"class_list":["post-1616","page","type-page","status-publish","hentry"],"acf":[],"_links":{"self":[{"href":"https:\/\/novare.se\/intro\/wp-json\/wp\/v2\/pages\/1616","targetHints":{"allow":["GET"]}}],"collection":[{"href":"https:\/\/novare.se\/intro\/wp-json\/wp\/v2\/pages"}],"about":[{"href":"https:\/\/novare.se\/intro\/wp-json\/wp\/v2\/types\/page"}],"author":[{"embeddable":true,"href":"https:\/\/novare.se\/intro\/wp-json\/wp\/v2\/users\/26"}],"replies":[{"embeddable":true,"href":"https:\/\/novare.se\/intro\/wp-json\/wp\/v2\/comments?post=1616"}],"version-history":[{"count":19,"href":"https:\/\/novare.se\/intro\/wp-json\/wp\/v2\/pages\/1616\/revisions"}],"predecessor-version":[{"id":1833,"href":"https:\/\/novare.se\/intro\/wp-json\/wp\/v2\/pages\/1616\/revisions\/1833"}],"wp:attachment":[{"href":"https:\/\/novare.se\/intro\/wp-json\/wp\/v2\/media?parent=1616"}],"curies":[{"name":"wp","href":"https:\/\/api.w.org\/{rel}","templated":true}]}}