{"id":157,"date":"2024-04-16T13:44:57","date_gmt":"2024-04-16T13:44:57","guid":{"rendered":"https:\/\/novare.se\/intro\/?page_id=157"},"modified":"2024-06-18T09:10:59","modified_gmt":"2024-06-18T09:10:59","slug":"vara-stjarnor","status":"publish","type":"page","link":"https:\/\/novare.se\/intro\/vara-stjarnor\/","title":{"rendered":"V\u00e5ra stj\u00e4rnor"},"content":{"rendered":"<section id=\"hero-3-block_05cab4a64956605252abcdc546b13112\" class=\"block hero-3  m-b no-img \">\n    <div class=\"hero-3--top-section bg-primary\">\n                    <div class=\"bg-backdrop\">\n                <div class=\"bg-backdrop--inner\"><\/div>\n            <\/div>\n                <div class=\"container\">\n            <div class=\"row\">\n                <div class=\"row__col\">\n                    <div class=\"text-img-wrapper\">\n                        <div class=\"text-col\" >\n                                                                \n                                <div class=\"title-wrapper\" >\n                                    <h1 class=\"h1 text-left\">M\u00f6t v\u00e5ra stj\u00e4rnor<\/h1>                                <\/div>\n                                                            \n                            \n                                                            <div class=\"text-wrapper\" >\n                                    <p>L\u00e4r k\u00e4nna n\u00e5gra av v\u00e5ra fantastiska konsulter.<\/p>\n                                <\/div>\n                                                            \n                                                    <\/div>\n\n                                            <\/div>\n                <\/div>\n            <\/div>\n        <\/div>\n    <\/div>\n            <div class=\"hero-3--bottom-section \"  >\n        <div class=\"breadcrumbs dark-text\">\n\t<div class=\"container\">\n        <div class=\"row\">\n            <div class=\"row__col\">\n                <div class=\"breadcrumbs--inner\">\n                    <ul>\n                                                                                <li>\n                                <a href=\"https:\/\/novare.se\/\" class=\"alt\">\n                                    Novare                                <\/a>\n                            <\/li>\n                            \n\t\t\t                                        <li>\n                                <a href=\"https:\/\/novare.se\/intro\/\" class=\"alt\">\n                                                                            Novare Intro                                                                    <\/a>\n                            <\/li>\n\t\t\t                                    <li><span class=\"alt\">V\u00e5ra stj\u00e4rnor<\/span><\/li>\n                    <\/ul>\n                <\/div>\n            <\/div>\n        <\/div>\n\t<\/div>\n<\/div>        <\/div>\n    \n    <\/section>\n\n\n<section id=\"547\" class=\"block reference-listing  m-b bg-default\">\n    <div class=\"container\">\n        <form class=\"listing-block--filters \" data-url=\"https:\/\/novare.se\/intro\/wp-json\/wp\/v2\/pages\/157\/\">\n            <div class=\"row\">\n                <div class=\"row__col\">\n                    <div class=\"listing-block--filters-inner search\">\n                        <div class=\"filters\">\n                            <div class=\"select-wrapper filter\" >\n                                <label for=\"reference\" class=\"text-medium\">Referenskategori<\/label>\n                                <div class=\"field\">\n                                    <select class=\"js-select-filter\" name=\"category\" id=\"category\">\n                                        <option value=\"\" selected>Alla<\/option>\n                                                                            <\/select>\n                                <\/div>\n                            <\/div>\n                        <\/div>\n\n                        <div class=\"filters--end\" >\n                            <div class=\"input-wrapper\">\n                                <div class=\"field\">\n                                    <input class=\"js-search-field\" type=\"search\" name=\"search\" placeholder=\"S\u00f6k\" value=\"\">\n                                <\/div>\n                            <\/div>\n                        <\/div>\n                    <\/div>\n                <\/div>\n            <\/div>\n            <input type=\"hidden\" name=\"posts_per_page\" value=\"10\">\n            <input type=\"hidden\" name=\"page_no\" value=\"1\">\n            <input type=\"hidden\" name=\"selected_category\" value=\"\">\n        <\/form>\n\n        <div class=\"row listing-block--results\">\n                                                <div class=\"row__col row__col--lg-6 listing-block--item reference\"  >\n    <div class=\"listing-block--item-inner\">\n        <a href=\"https:\/\/novare.se\/intro\/referenser\/marcus\/\">\n            <div class=\"image\">\n                <img loading=\"lazy\" decoding=\"async\" width=\"768\" height=\"1152\" src=\"https:\/\/novare.se\/intro\/wp-content\/uploads\/sites\/3\/2024\/06\/Marcus-768x1152.jpg\" class=\"media-item\" alt=\"Person ler mot kameran, neutral bakgrund, orange tr\u00f6ja.\" srcset=\"https:\/\/novare.se\/intro\/wp-content\/uploads\/sites\/3\/2024\/06\/Marcus-768x1152.jpg 768w, https:\/\/novare.se\/intro\/wp-content\/uploads\/sites\/3\/2024\/06\/Marcus-240x360.jpg 240w, https:\/\/novare.se\/intro\/wp-content\/uploads\/sites\/3\/2024\/06\/Marcus-683x1024.jpg 683w, https:\/\/novare.se\/intro\/wp-content\/uploads\/sites\/3\/2024\/06\/Marcus.jpg 784w\" sizes=\"(max-width: 768px) 100vw, 768px\" \/>                <div class=\"logo\">\n                                    <\/div>\n                <div class=\"overlay\"><\/div>\n            <\/div>\n            <div class=\"pre_title\">\n                            <\/div>\n            <div class=\"title\">\n                <h5>M\u00f6t Marcus p\u00e5 Stayhot AB<i class=\"arrow fa fa-arrow-right\"><\/i><\/h5>\n            <\/div>\n        <\/a>\n    <\/div>\n<\/div>\n                                    <\/div>\n\n        <div class=\"row listing-block--pagination\">\n            <div class=\"row__col listing-block--pagination--results\">\n                            <\/div>\n        <\/div>\n    <\/div>\n<\/section>\n","protected":false},"excerpt":{"rendered":"","protected":false},"author":1,"featured_media":0,"parent":0,"menu_order":0,"comment_status":"closed","ping_status":"closed","template":"","meta":{"_acf_changed":false,"_seopress_robots_primary_cat":"","_seopress_titles_title":"M\u00f6t v\u00e5ra konsulter - novare.se","_seopress_titles_desc":"Uppt\u00e4ck v\u00e5ra stj\u00e4rnkonsulter p\u00e5 Novare: M\u00f6t Juan, Marcus och Ellen. L\u00e4s mer om deras expertis och hur de kan hj\u00e4lpa ditt f\u00f6retag.","_seopress_robots_index":"","inline_featured_image":false,"footnotes":""},"class_list":["post-157","page","type-page","status-publish","hentry"],"acf":[],"_links":{"self":[{"href":"https:\/\/novare.se\/intro\/wp-json\/wp\/v2\/pages\/157","targetHints":{"allow":["GET"]}}],"collection":[{"href":"https:\/\/novare.se\/intro\/wp-json\/wp\/v2\/pages"}],"about":[{"href":"https:\/\/novare.se\/intro\/wp-json\/wp\/v2\/types\/page"}],"author":[{"embeddable":true,"href":"https:\/\/novare.se\/intro\/wp-json\/wp\/v2\/users\/1"}],"replies":[{"embeddable":true,"href":"https:\/\/novare.se\/intro\/wp-json\/wp\/v2\/comments?post=157"}],"version-history":[{"count":13,"href":"https:\/\/novare.se\/intro\/wp-json\/wp\/v2\/pages\/157\/revisions"}],"predecessor-version":[{"id":1837,"href":"https:\/\/novare.se\/intro\/wp-json\/wp\/v2\/pages\/157\/revisions\/1837"}],"wp:attachment":[{"href":"https:\/\/novare.se\/intro\/wp-json\/wp\/v2\/media?parent=157"}],"curies":[{"name":"wp","href":"https:\/\/api.w.org\/{rel}","templated":true}]}}