{"id":129,"date":"2024-04-16T12:43:27","date_gmt":"2024-04-16T12:43:27","guid":{"rendered":"https:\/\/novare.se\/intro\/?page_id=129"},"modified":"2025-01-23T11:27:17","modified_gmt":"2025-01-23T11:27:17","slug":"medarbetare","status":"publish","type":"page","link":"https:\/\/novare.se\/intro\/medarbetare\/","title":{"rendered":"Medarbetare"},"content":{"rendered":"<section id=\"hero-3-block_f54945e990775877e59493081e937c2d\" class=\"block hero-3  m-b no-img \">\n    <div class=\"hero-3--top-section bg-primary\">\n                    <div class=\"bg-backdrop\">\n                <div class=\"bg-backdrop--inner\"><\/div>\n            <\/div>\n                <div class=\"container\">\n            <div class=\"row\">\n                <div class=\"row__col\">\n                    <div class=\"text-img-wrapper\">\n                        <div class=\"text-col\" >\n                                                                \n                                <div class=\"title-wrapper\" >\n                                    <h1 class=\"h1 text-left\">Medarbetare<\/h1>                                <\/div>\n                                                            \n                            \n                            \n                                                    <\/div>\n\n                                            <\/div>\n                <\/div>\n            <\/div>\n        <\/div>\n    <\/div>\n            <div class=\"hero-3--bottom-section \"  >\n        <div class=\"breadcrumbs dark-text\">\n\t<div class=\"container\">\n        <div class=\"row\">\n            <div class=\"row__col\">\n                <div class=\"breadcrumbs--inner\">\n                    <ul>\n                                                                                <li>\n                                <a href=\"https:\/\/novare.se\/\" class=\"alt\">\n                                    Novare                                <\/a>\n                            <\/li>\n                            \n\t\t\t                                        <li>\n                                <a href=\"https:\/\/novare.se\/intro\/\" class=\"alt\">\n                                                                            Novare Intro                                                                    <\/a>\n                            <\/li>\n\t\t\t                                    <li><span class=\"alt\">Medarbetare<\/span><\/li>\n                    <\/ul>\n                <\/div>\n            <\/div>\n        <\/div>\n\t<\/div>\n<\/div>        <\/div>\n    \n    <\/section>\n\n\n<section id=\"3\" class=\"block employee-search-block  m-b bg-default\">\n    <div class=\"container\">\n        <form class=\"listing-block--filters\" data-url=\"https:\/\/novare.se\/intro\/wp-json\/wp\/v2\/pages\/129\/\">\n            <div class=\"row\">\n                <div class=\"row__col\">\n                    <div class=\"listing-block--filters-inner search\">\n                        \n                        <div class=\"filters\">\n                                                        \n                            <div class=\"select-wrapper filter hidden\">\n                                <label for=\"team\" class=\"text-medium\">Team<\/label>\n                                <div class=\"field\">\n                                    <select class=\"js-select-filter\" name=\"team\" id=\"team\">\n                                        <option value=\"\" selected>Alla<\/option>\n                                                                                                                                    <option value=\"novare-intro\"  >Novare Intro<\/option>\n                                                                                                                        <\/select>\n                                <\/div>\n                            <\/div> \n                        <\/div>\n\n                        <div class=\"filters--end\">\n                            <div class=\"input-wrapper\" >\n                                <div class=\"field\">\n                                                                        <input class=\"js-search-field\" type=\"search\" name=\"search\" placeholder=\"S\u00f6k efter namn eller jobbtitel\" value=\"\" \/>\n                                <\/div>\n                            <\/div>\n                        <\/div>\n\n                    <\/div>\n                <\/div>\n            <\/div>\n            <input type=\"hidden\" name=\"posts_per_page\" value=\"20\">\n            <input type=\"hidden\" name=\"page_no\" value=\"1\">\n            <input type=\"hidden\" name=\"selected_team\" value=\"\">\n            <input type=\"hidden\" name=\"selected_company\" value=\"\">\n        <\/form>\n\n        <div class=\"row listing-block--results\">\n                                                \n<div class=\"row__col row__col--lg-3 listing-block--item cols-4\" >\n    <div class=\"listing-block--item-inner\">\n                <a class=\"m-0\" href=\"https:\/\/novare.se\/intro\/medarbetare\/armin-haddad\/\">\n            <div class=\"image m-0\">\n                <img loading=\"lazy\" decoding=\"async\" width=\"670\" height=\"480\" src=\"https:\/\/novare.se\/intro\/wp-content\/uploads\/sites\/3\/2023\/11\/Armin_Haddad_Tiny.jpg\" class=\"media-item\" alt=\"Man i svart skjorta poserar mot en neutral bakgrund.\" srcset=\"https:\/\/novare.se\/intro\/wp-content\/uploads\/sites\/3\/2023\/11\/Armin_Haddad_Tiny.jpg 670w, https:\/\/novare.se\/intro\/wp-content\/uploads\/sites\/3\/2023\/11\/Armin_Haddad_Tiny-360x258.jpg 360w\" sizes=\"(max-width: 670px) 100vw, 670px\" \/>                <div class=\"overlay\"><\/div>\n                <div class=\"badge text-regular\" style=\"background-color: #f5f2ef; color: #000000;\">Novare Intro<\/div>            <\/div>\n        <\/a>\n        <div class=\"content\">\n            <div class=\"header\">\n                <div class=\"name\">\n                    <a class=\"m-0\" href=\"https:\/\/novare.se\/intro\/medarbetare\/armin-haddad\/\">\n                        <div class=\"title text-medium\"><p>Armin Haddad<\/p><\/div>\n                    <\/a>\n                    <div class=\"pre_title\"><p>Konsultchef<\/p><\/div>\n                <\/div>\n                                    <div class=\"contact-info\">\n                        <a class=\"m-0\" href=\"mailto:armin.haddad@novare.se\"><span class=\"text-medium\">armin.haddad@novare.se<\/span><\/a>  \n                        <a class=\"m-0\" href=\"tel:+46 700 08 77 18\"><span class=\"text-medium\">+46 700 08 77 18<\/span><\/a>  \n                    <\/div>\n                  \n            <\/div>\n                \n            <a class=\"m-0 read-more\" href=\"https:\/\/novare.se\/intro\/medarbetare\/armin-haddad\/\">\n                <span class=\"text-medium\">L\u00e4s mer om Armin<\/span><i class=\"arrow fa fa-arrow-right\" aria-hidden=\"true\"><\/i>\n            <\/a>\n        <\/div>\n    <\/div>\n    \n<\/div>\n                                    \n<div class=\"row__col row__col--lg-3 listing-block--item cols-4\" >\n    <div class=\"listing-block--item-inner\">\n                <a class=\"m-0\" href=\"https:\/\/novare.se\/intro\/medarbetare\/delal-apak\/\">\n            <div class=\"image m-0\">\n                <img loading=\"lazy\" decoding=\"async\" width=\"768\" height=\"512\" src=\"https:\/\/novare.se\/intro\/wp-content\/uploads\/sites\/3\/2024\/04\/DA_SaraRossiPhotography-14_1-768x512.jpg\" class=\"media-item\" alt=\"Delal medarbetarbild_final\" srcset=\"https:\/\/novare.se\/intro\/wp-content\/uploads\/sites\/3\/2024\/04\/DA_SaraRossiPhotography-14_1-768x512.jpg 768w, https:\/\/novare.se\/intro\/wp-content\/uploads\/sites\/3\/2024\/04\/DA_SaraRossiPhotography-14_1-360x240.jpg 360w, https:\/\/novare.se\/intro\/wp-content\/uploads\/sites\/3\/2024\/04\/DA_SaraRossiPhotography-14_1-1024x683.jpg 1024w, https:\/\/novare.se\/intro\/wp-content\/uploads\/sites\/3\/2024\/04\/DA_SaraRossiPhotography-14_1-1536x1024.jpg 1536w, https:\/\/novare.se\/intro\/wp-content\/uploads\/sites\/3\/2024\/04\/DA_SaraRossiPhotography-14_1-2048x1365.jpg 2048w\" sizes=\"(max-width: 768px) 100vw, 768px\" \/>                <div class=\"overlay\"><\/div>\n                <div class=\"badge text-regular\" style=\"background-color: #f5f2ef; color: #000000;\">Novare Intro<\/div>            <\/div>\n        <\/a>\n        <div class=\"content\">\n            <div class=\"header\">\n                <div class=\"name\">\n                    <a class=\"m-0\" href=\"https:\/\/novare.se\/intro\/medarbetare\/delal-apak\/\">\n                        <div class=\"title text-medium\"><p>Delal Apak<\/p><\/div>\n                    <\/a>\n                    <div class=\"pre_title\"><p>Vd och del\u00e4gare<\/p><\/div>\n                <\/div>\n                                    <div class=\"contact-info\">\n                        <a class=\"m-0\" href=\"mailto:delal.apak@novare.se\"><span class=\"text-medium\">delal.apak@novare.se<\/span><\/a>  \n                        <a class=\"m-0\" href=\"tel:+46 739 98 91 63\"><span class=\"text-medium\">+46 739 98 91 63<\/span><\/a>  \n                    <\/div>\n                  \n            <\/div>\n                \n            <a class=\"m-0 read-more\" href=\"https:\/\/novare.se\/intro\/medarbetare\/delal-apak\/\">\n                <span class=\"text-medium\">L\u00e4s mer om Delal<\/span><i class=\"arrow fa fa-arrow-right\" aria-hidden=\"true\"><\/i>\n            <\/a>\n        <\/div>\n    <\/div>\n    \n<\/div>\n                                    \n<div class=\"row__col row__col--lg-3 listing-block--item cols-4\" >\n    <div class=\"listing-block--item-inner\">\n                <a class=\"m-0\" href=\"https:\/\/novare.se\/intro\/medarbetare\/irini-ioannidou\/\">\n            <div class=\"image m-0\">\n                <img loading=\"lazy\" decoding=\"async\" width=\"670\" height=\"480\" src=\"https:\/\/novare.se\/intro\/wp-content\/uploads\/sites\/3\/2024\/05\/Irini_Ioannidou_Tiny.jpg\" class=\"media-item\" alt=\"Kvinna sitter framf\u00f6r neutral bakgrund, ler v\u00e4nligt.\" srcset=\"https:\/\/novare.se\/intro\/wp-content\/uploads\/sites\/3\/2024\/05\/Irini_Ioannidou_Tiny.jpg 670w, https:\/\/novare.se\/intro\/wp-content\/uploads\/sites\/3\/2024\/05\/Irini_Ioannidou_Tiny-360x258.jpg 360w\" sizes=\"(max-width: 670px) 100vw, 670px\" \/>                <div class=\"overlay\"><\/div>\n                <div class=\"badge text-regular\" style=\"background-color: #f5f2ef; color: #000000;\">Novare Intro<\/div>            <\/div>\n        <\/a>\n        <div class=\"content\">\n            <div class=\"header\">\n                <div class=\"name\">\n                    <a class=\"m-0\" href=\"https:\/\/novare.se\/intro\/medarbetare\/irini-ioannidou\/\">\n                        <div class=\"title text-medium\"><p>Irini  Ioannidou<\/p><\/div>\n                    <\/a>\n                    <div class=\"pre_title\"><p>Konsultchef och coach  <\/p><\/div>\n                <\/div>\n                                    <div class=\"contact-info\">\n                        <a class=\"m-0\" href=\"mailto:irini.ioannidou@novare.se\"><span class=\"text-medium\">irini.ioannidou@novare.se<\/span><\/a>  \n                        <a class=\"m-0\" href=\"tel:+46 763 24 51 16\"><span class=\"text-medium\">+46 763 24 51 16<\/span><\/a>  \n                    <\/div>\n                  \n            <\/div>\n                \n            <a class=\"m-0 read-more\" href=\"https:\/\/novare.se\/intro\/medarbetare\/irini-ioannidou\/\">\n                <span class=\"text-medium\">L\u00e4s mer om Irini <\/span><i class=\"arrow fa fa-arrow-right\" aria-hidden=\"true\"><\/i>\n            <\/a>\n        <\/div>\n    <\/div>\n    \n<\/div>\n                                    <\/div>\n\n        <div class=\"row listing-block--pagination\">\n            <div class=\"row__col listing-block--pagination--results\">\n                            <\/div>\n        <\/div>\n    <\/div>\n<\/section>\n","protected":false},"excerpt":{"rendered":"","protected":false},"author":1,"featured_media":0,"parent":0,"menu_order":0,"comment_status":"closed","ping_status":"closed","template":"","meta":{"_acf_changed":false,"_seopress_robots_primary_cat":"","_seopress_titles_title":"Medarbetare och kontakt p\u00e5 Novare - novare.se","_seopress_titles_desc":"Uppt\u00e4ck Novares team: Armin Haddad, Beathe Melsnes, Delal Apak och Irini Ioannidou. Kontakta oss f\u00f6r konsulttj\u00e4nster och aff\u00e4rsutveckling.","_seopress_robots_index":"","inline_featured_image":false,"footnotes":""},"class_list":["post-129","page","type-page","status-publish","hentry"],"acf":[],"_links":{"self":[{"href":"https:\/\/novare.se\/intro\/wp-json\/wp\/v2\/pages\/129","targetHints":{"allow":["GET"]}}],"collection":[{"href":"https:\/\/novare.se\/intro\/wp-json\/wp\/v2\/pages"}],"about":[{"href":"https:\/\/novare.se\/intro\/wp-json\/wp\/v2\/types\/page"}],"author":[{"embeddable":true,"href":"https:\/\/novare.se\/intro\/wp-json\/wp\/v2\/users\/1"}],"replies":[{"embeddable":true,"href":"https:\/\/novare.se\/intro\/wp-json\/wp\/v2\/comments?post=129"}],"version-history":[{"count":3,"href":"https:\/\/novare.se\/intro\/wp-json\/wp\/v2\/pages\/129\/revisions"}],"predecessor-version":[{"id":1365,"href":"https:\/\/novare.se\/intro\/wp-json\/wp\/v2\/pages\/129\/revisions\/1365"}],"wp:attachment":[{"href":"https:\/\/novare.se\/intro\/wp-json\/wp\/v2\/media?parent=129"}],"curies":[{"name":"wp","href":"https:\/\/api.w.org\/{rel}","templated":true}]}}