{"id":4776,"date":"2025-10-08T11:03:54","date_gmt":"2025-10-08T11:03:54","guid":{"rendered":"https:\/\/novare.se\/interim-and-recruitment\/?page_id=4776"},"modified":"2026-02-02T19:43:54","modified_gmt":"2026-02-02T19:43:54","slug":"interim-rekrytering","status":"publish","type":"page","link":"https:\/\/novare.se\/interim-and-recruitment\/interim-rekrytering\/","title":{"rendered":"Interim rekrytering"},"content":{"rendered":"<section id=\"hero-3-block_5179619dce25296b4b66463fc0ac2729\" class=\"block hero-3  m-b \">\n    <div class=\"hero-3--top-section bg-primary\">\n                    <div class=\"bg-backdrop\">\n                <div class=\"bg-backdrop--inner\"><\/div>\n            <\/div>\n                <div class=\"container\">\n            <div class=\"row\">\n                <div class=\"row__col\">\n                    <div class=\"text-img-wrapper\">\n                        <div class=\"text-col\" >\n                                                                \n                                <div class=\"title-wrapper\" >\n                                    <h1 class=\"h2 text-left\">Interimsrekrytering<\/h1>                                <\/div>\n                                                            \n                            \n                                                            <div class=\"text-wrapper\" >\n                                    <p>Interimsrekrytering ger dig snabb tillg\u00e5ng till r\u00e4tt kompetens n\u00e4r du beh\u00f6ver en flexibel l\u00f6sning. Vi matchar din organisation med erfarna specialister som kan bidra fr\u00e5n dag ett.<\/p>\n                                <\/div>\n                                                            \n                                                    <\/div>\n\n                                                    <div class=\"4513 HEROTHREEIMG img-col \"   >\n                            <img loading=\"lazy\" decoding=\"async\" width=\"1024\" height=\"1024\" src=\"https:\/\/novare.se\/interim-and-recruitment\/wp-content\/uploads\/sites\/5\/2025\/01\/Namnlos-design-3-1024x1024.jpg\" class=\"attachment-large size-large\" alt=\"en man och en kvinna tittar \u00e5t v\u00e4nster\" srcset=\"https:\/\/novare.se\/interim-and-recruitment\/wp-content\/uploads\/sites\/5\/2025\/01\/Namnlos-design-3-1024x1024.jpg 1024w, https:\/\/novare.se\/interim-and-recruitment\/wp-content\/uploads\/sites\/5\/2025\/01\/Namnlos-design-3-360x360.jpg 360w, https:\/\/novare.se\/interim-and-recruitment\/wp-content\/uploads\/sites\/5\/2025\/01\/Namnlos-design-3-150x150.jpg 150w, https:\/\/novare.se\/interim-and-recruitment\/wp-content\/uploads\/sites\/5\/2025\/01\/Namnlos-design-3-768x768.jpg 768w, https:\/\/novare.se\/interim-and-recruitment\/wp-content\/uploads\/sites\/5\/2025\/01\/Namnlos-design-3.jpg 1080w\" sizes=\"(max-width: 1024px) 100vw, 1024px\" \/>                                \n                            <\/div>\n                                            <\/div>\n                <\/div>\n            <\/div>\n        <\/div>\n    <\/div>\n            <div class=\"hero-3--bottom-section \"  >\n        <div class=\"breadcrumbs dark-text\">\n\t<div class=\"container\">\n        <div class=\"row\">\n            <div class=\"row__col\">\n                <div class=\"breadcrumbs--inner\">\n                    <ul>\n                                                                                <li>\n                                <a href=\"https:\/\/novare.se\/\" class=\"alt\">\n                                    Novare                                <\/a>\n                            <\/li>\n                            \n\t\t\t                                        <li>\n                                <a href=\"https:\/\/novare.se\/interim-and-recruitment\/\" class=\"alt\">\n                                                                            Novare Interim and Recruitment                                                                    <\/a>\n                            <\/li>\n\t\t\t                                    <li><span class=\"alt\">Interim rekrytering<\/span><\/li>\n                    <\/ul>\n                <\/div>\n            <\/div>\n        <\/div>\n\t<\/div>\n<\/div>        <\/div>\n    \n    <\/section>\n\n\n<section id=\"one-column-text-block-block_4a6702ad80f9a847e562d3b45bb69b12\" class=\"block one-column-text-block  m-b bg-default\">\n    <div class=\"container\">\n        <div class=\"row row--middle\">\n                            <div class=\"row__col row__col--lg-8\">\n                    <div class=\"title-wrapper\" data-aos-anchor='#one-column-text-block-block_4a6702ad80f9a847e562d3b45bb69b12'data-aos='fade-up'data-aos-easing='ease-in-out-sine'data-aos-duration='500'data-aos-delay='0'data-aos-once='true'data-aos-offset='250' >\n                        <h2 class=\"h4 m-0 text-left\">Tillf\u00e4lliga behov \u2013 h\u00e5llbara l\u00f6sningar<\/h2>                    <\/div>\n                <\/div>\n                            \n                            <div class=\"row__col row__col--lg-8\" data-aos-anchor='#one-column-text-block-block_4a6702ad80f9a847e562d3b45bb69b12'data-aos='fade-up'data-aos-easing='ease-in-out-sine'data-aos-duration='500'data-aos-delay='250'data-aos-once='true'data-aos-offset='250'>\n                    <p class=\"preamble m-0\">N\u00e4r behovet av kompetens \u00e4r akut och tillf\u00e4lligt kan en interimsl\u00f6sning vara avg\u00f6rande. Den ger flexibilitet, trygghet och r\u00e4tt expertis i r\u00e4tt tid.<\/p>                <\/div>\n            \n                            <div class=\"row__col row__col--lg-8\" data-aos-anchor='#one-column-text-block-block_4a6702ad80f9a847e562d3b45bb69b12'data-aos='fade-up'data-aos-easing='ease-in-out-sine'data-aos-duration='500'data-aos-delay='250'data-aos-once='true'data-aos-offset='250'>\n                    <div class=\"text-wrapper editor-content\">\n                        <h2 class=\"h5\">Vad \u00e4r en interim rekrytering?<\/h2>\n<p>En interimsrekrytering inneb\u00e4r att en kvalificerad konsult g\u00e5r in i en tidsbegr\u00e4nsad roll f\u00f6r att t\u00e4cka ett behov som inte kan v\u00e4nta. Till skillnad fr\u00e5n en traditionell rekrytering, som ofta \u00e4r en l\u00e4ngre process, \u00e4r interimsrekrytering utformad f\u00f6r att ge organisationen kontinuitet och trygghet direkt. Konsulten bidrar med sin erfarenhet fr\u00e5n f\u00f6rsta dagen och g\u00f6r det m\u00f6jligt f\u00f6r verksamheten att forts\u00e4tta utan avbrott. En interimsl\u00f6sning \u00e4r s\u00e4rskilt v\u00e4rdefull n\u00e4r en nyckelperson tillf\u00e4lligt saknas eller n\u00e4r ett projekt kr\u00e4ver kompetens som inte finns internt. Genom en interim rekrytering kan du snabbt f\u00e5 in r\u00e4tt expertis samtidigt som du beh\u00e5ller flexibiliteten inf\u00f6r framtiden.<\/p>\n<p>&nbsp;<\/p>\n<h2 class=\"h5\">N\u00e4r anv\u00e4nds interimsrekrytering?<\/h2>\n<p>Vanliga situationer d\u00e4r interimsrekrytering kan vara den b\u00e4sta l\u00f6sningen \u00e4r till exempel:<\/p>\n<ul>\n<li>Vid f\u00f6r\u00e4ldraledighet eller sjukfr\u00e5nvaro<\/li>\n<li>N\u00e4r en rekrytering drar ut p\u00e5 tiden och en tillf\u00e4llig l\u00f6sning beh\u00f6vs<\/li>\n<li>Under perioder av tillv\u00e4xt eller st\u00f6rre f\u00f6r\u00e4ndringar<\/li>\n<li>N\u00e4r en organisation beh\u00f6ver st\u00e4rka upp i ett specifikt projekt<\/li>\n<li>Vid behov av specialistkompetens som inte finns internt<\/li>\n<\/ul>\n<p>En interim rekrytering \u00e4r allts\u00e5 inte bara en tillf\u00e4llig l\u00f6sning, r\u00e4tt konsult kan skapa stabilitet, bidra med nya perspektiv och l\u00e4gga grunden f\u00f6r l\u00e5ngsiktig utveckling.<\/p>\n                    <\/div>\n                <\/div>\n                            \n            \n                    <\/div>\n    <\/div>\n<\/section>\n\n<section id=\"blockquote-block_6d549c7e38114ef25fa2dd928ed392f1\" class=\"block blockquote  m-b\">\n\t<div class=\"container\">\n\t\t<div class=\"row\">\n\t\t\t<div class=\"row__col quote\">\n\t\t\t\t<div class=\"quote--inner bg-off-white\">\n                    <div class=\"quote-wrapper\" >\n\t\t\t\t\t    <svg viewBox=\"0 0 59 49\" fill=\"none\" xmlns=\"http:\/\/www.w3.org\/2000\/svg\"><path d=\"M14.44 48.4c-2.787 0-5.067-.57-6.84-1.71a14.383 14.383 0 01-4.37-4.37c-1.267-2.153-2.153-4.37-2.66-6.65C.19 33.263 0 31.3 0 29.78c0-6.207 1.583-11.843 4.75-16.91C7.917 7.804 12.857 3.687 19.57.52l1.71 3.42c-3.927 1.647-7.347 4.244-10.26 7.79-2.787 3.547-4.18 7.157-4.18 10.83 0 1.52.19 2.85.57 3.99 2.027-1.646 4.37-2.47 7.03-2.47 3.293 0 6.143 1.077 8.55 3.23 2.407 2.154 3.61 5.13 3.61 8.93 0 3.547-1.203 6.46-3.61 8.74-2.407 2.28-5.257 3.42-8.55 3.42zm32.3 0c-2.787 0-5.067-.57-6.84-1.71a14.383 14.383 0 01-4.37-4.37c-1.267-2.153-2.153-4.37-2.66-6.65-.38-2.407-.57-4.37-.57-5.89 0-6.207 1.583-11.843 4.75-16.91C40.217 7.804 45.157 3.687 51.87.52l1.71 3.42c-3.927 1.647-7.347 4.244-10.26 7.79-2.787 3.547-4.18 7.157-4.18 10.83 0 1.52.19 2.85.57 3.99 2.027-1.646 4.37-2.47 7.03-2.47 3.293 0 6.143 1.077 8.55 3.23 2.407 2.154 3.61 5.13 3.61 8.93 0 3.547-1.203 6.46-3.61 8.74-2.407 2.28-5.257 3.42-8.55 3.42z\"\/><\/svg>                                            <\/div>\n\t\t\t\t\t<div class=\"content text-bold\">\n                                                    <div class=\"quote-wrapper\" >\n                                <h4 data-start=\"488\" data-end=\"616\">&#8221;Med v\u00e5rt n\u00e4tverk av erfarna interimskonsulter l\u00f6ser vi snabbt v\u00e5ra kunders tillf\u00e4lliga behov.&#8221;<\/h4>\n<p data-start=\"488\" data-end=\"616\"><strong>Sohaila Bagger-Sj\u00f6b\u00e4ck, vd, Novare Interim &amp; Recruitment<\/strong><\/p>\n                                                            <\/div>\n                        \n\t\t\t\t\t\t\t\n\t\t\t\t\t<\/div>\n\t\t\t\t<\/div>\n\t\t\t<\/div>\n\t\t<\/div>\n\t<\/div>\n<\/section>\n\n<section id=\"image-video-text-block_142e7ca29eb307f73afda77eb5e43048\" class=\"block image-video-text  m-b bg-default\">\n    <div class=\"container\">\n        <div class=\"row image-left\">\n            <div class=\"row__col row__col--md-6 media-item\">\n                                    <div class=\"image-wrapper\"  >\n                        <img loading=\"lazy\" decoding=\"async\" width=\"1024\" height=\"1024\" src=\"https:\/\/novare.se\/interim-and-recruitment\/wp-content\/uploads\/sites\/5\/2025\/01\/Namnlos-design-5-1024x1024.jpg\" class=\"media-item\" alt=\"3 kvinnor pratar vid ett h\u00f6gt bord\" srcset=\"https:\/\/novare.se\/interim-and-recruitment\/wp-content\/uploads\/sites\/5\/2025\/01\/Namnlos-design-5-1024x1024.jpg 1024w, https:\/\/novare.se\/interim-and-recruitment\/wp-content\/uploads\/sites\/5\/2025\/01\/Namnlos-design-5-360x360.jpg 360w, https:\/\/novare.se\/interim-and-recruitment\/wp-content\/uploads\/sites\/5\/2025\/01\/Namnlos-design-5-150x150.jpg 150w, https:\/\/novare.se\/interim-and-recruitment\/wp-content\/uploads\/sites\/5\/2025\/01\/Namnlos-design-5-768x768.jpg 768w, https:\/\/novare.se\/interim-and-recruitment\/wp-content\/uploads\/sites\/5\/2025\/01\/Namnlos-design-5.jpg 1080w\" sizes=\"(max-width: 1024px) 100vw, 1024px\" \/>                    <\/div>\n                                            <\/div>\n\n            <div class=\"row__col row__col--md-6 content\"  >\n                                    <div class=\"title-wrapper\" >\n                        <h2 class=\"h3 text-left\">F\u00f6rdelar med <strong><i>interimsrekrytering<\/i><\/strong><\/h2>                    <\/div>\n                                                                        <div class=\"text-wrapper editor-content\" >\n                    <p>Interimsrekrytering g\u00f6r det m\u00f6jligt att snabbt fylla en viktig roll utan att kompromissa med kvaliteten. N\u00e4r en nyckelperson tillf\u00e4lligt saknas kan verksamheten forts\u00e4tta som vanligt eftersom en erfaren konsult snabbt tar plats och bidrar fr\u00e5n dag ett. Det skapar trygghet i en kritisk situation och g\u00f6r att projekt, processer och team kan h\u00e5lla tempot uppe utan avbrott.<\/p>\n<p>En annan stor f\u00f6rdel \u00e4r flexibiliteten. Med en interim rekrytering f\u00e5r du tillg\u00e5ng till kompetens under den tid som beh\u00f6vs, varken mer eller mindre. Det g\u00f6r att organisationen kan anpassa resurser efter f\u00f6r\u00e4ndringar och undvika l\u00e5ngsiktiga \u00e5taganden som inte alltid \u00e4r m\u00f6jliga eller \u00f6nskv\u00e4rda. Samtidigt tillf\u00f6r interim konsulter nya perspektiv och erfarenheter som ofta blir en katalysator f\u00f6r utveckling, \u00e4ven efter att uppdraget \u00e4r avslutat.<\/p>\n                    <\/div>\n                                                                                <\/div>\n        <\/div>\n    <\/div>\n<\/section>\n\n\n<section id=\"contact-persons-block_0557212522dd3f45d24a356e78dc5841\" class=\"block contact-persons  m-b\">\n    <div class=\"container\">\n        <div class=\"row\">\n            <div class=\"row__col row__col--lg-12\">\n                <div class=\"contact-persons--wrapper bg-blue-light\">\n                    <div class=\"contact-persons--wrapper--content\" >\n                                                    <div class=\"header-wrapper\" >\n                                <h3 class=\"h3 text-left\">Vill du veta mer? <\/h3>                            <\/div>\n                        \n                                                    <div class=\"text-wrapper\">\n                                <h3><em><strong>H\u00f6r av dig!<\/strong><\/em><\/h3>\n                            <\/div>\n                        \n                                                                                                <\/div>\n                    <div class=\"contact-persons--wrapper--people\">\n                                                                                    <div class=\"contact-person\" data-aos-anchor='#contact-persons-block_0557212522dd3f45d24a356e78dc5841'data-aos='fade-right'data-aos-easing='ease-in-out-sine'data-aos-duration='500'data-aos-delay='0'data-aos-once='true'data-aos-offset='250' >\n                                    <div class=\"contact-person--image\">\n                                        <img loading=\"lazy\" decoding=\"async\" width=\"360\" height=\"258\" src=\"https:\/\/novare.se\/interim-and-recruitment\/wp-content\/uploads\/sites\/5\/2024\/04\/Sohaila_Bagger_Sjoback_Tiny-360x258.jpg\" class=\"attachment-medium size-medium\" alt=\"Person ler, kl\u00e4dd i svart kavaj, mot neutral bakgrund.\" srcset=\"https:\/\/novare.se\/interim-and-recruitment\/wp-content\/uploads\/sites\/5\/2024\/04\/Sohaila_Bagger_Sjoback_Tiny-360x258.jpg 360w, https:\/\/novare.se\/interim-and-recruitment\/wp-content\/uploads\/sites\/5\/2024\/04\/Sohaila_Bagger_Sjoback_Tiny.jpg 670w\" sizes=\"(max-width: 360px) 100vw, 360px\" \/>                                    <\/div>\n                                    <div class=\"contact-person--details\">\n                                        <div class=\"name-wrapper\">\n                                            <a href=\"https:\/\/novare.se\/interim-and-recruitment\/medarbetare\/sohaila-bagger-sjoback\/\">Sohaila Bagger-Sj\u00f6b\u00e4ck<\/a>\n                                        <\/div>\n                                        <div class=\"title-wrapper\">\n                                            <p>Vd och grundare<\/p>\n                                        <\/div>\n                                        <div class=\"email-wrapper\">\n                                            <a href=\"mailto:sohaila.baggersjoback@novare.se\">sohaila.baggersjoback@novare.se<\/a>\n                                        <\/div>\n                                        <div class=\"phone-wrapper\">\n                                            <a href=\"tel:+46733434329\">+46 733 43 43 29<\/a>\n                                        <\/div>\n                                    <\/div>\n                                <\/div>\n                                                    <\/div>\n                <\/div>\n            <\/div>\n        <\/div>\n    <\/div>\n<\/section>\n\n\n<section id=\"faq-block-block_367d84e38f591b33ecca5ccde8d4d54f\" class=\"block faq-block  m-b bg-default\">\n    <div class=\"container\">\n        <div class=\"row\">\n            <div class=\"row__col row__col--lg-6\" data-aos-anchor='#faq-block-block_367d84e38f591b33ecca5ccde8d4d54f'data-aos='fade-up'data-aos-easing='ease-in-out-sine'data-aos-duration='500'data-aos-delay='0'data-aos-once='true'data-aos-offset='250' >\n                <img loading=\"lazy\" decoding=\"async\" width=\"819\" height=\"1024\" src=\"https:\/\/novare.se\/interim-and-recruitment\/wp-content\/uploads\/sites\/5\/2025\/09\/Chefsrekryteringoffentlig-sektor-1229x1536-1-819x1024.jpg\" class=\"media-item\" alt=\"\" srcset=\"https:\/\/novare.se\/interim-and-recruitment\/wp-content\/uploads\/sites\/5\/2025\/09\/Chefsrekryteringoffentlig-sektor-1229x1536-1-819x1024.jpg 819w, https:\/\/novare.se\/interim-and-recruitment\/wp-content\/uploads\/sites\/5\/2025\/09\/Chefsrekryteringoffentlig-sektor-1229x1536-1-288x360.jpg 288w, https:\/\/novare.se\/interim-and-recruitment\/wp-content\/uploads\/sites\/5\/2025\/09\/Chefsrekryteringoffentlig-sektor-1229x1536-1-768x960.jpg 768w, https:\/\/novare.se\/interim-and-recruitment\/wp-content\/uploads\/sites\/5\/2025\/09\/Chefsrekryteringoffentlig-sektor-1229x1536-1.jpg 1229w\" sizes=\"(max-width: 819px) 100vw, 819px\" \/>            <\/div>\n            \n            <div class=\"row__col row__col--lg-6\">\n                                    <div class=\"title-wrapper text-medium\" data-aos-anchor='#faq-block-block_367d84e38f591b33ecca5ccde8d4d54f'data-aos='fade-up'data-aos-easing='ease-in-out-sine'data-aos-duration='500'data-aos-delay='300'data-aos-once='true'data-aos-offset='250' >\n                        <h2 class=\"h3 text-left\">Vanliga fr\u00e5gor om <strong><i>interimsrekrytering<\/strong><\/i><\/h2>                    <\/div>\n                                                    \n                                    <div class=\"accordion\">\n                                                    <div class=\"accordion-item\" data-aos-anchor='#faq-block-block_367d84e38f591b33ecca5ccde8d4d54f'data-aos='fade-right'data-aos-easing='ease-in-out-sine'data-aos-duration='500'data-aos-delay='1000'data-aos-once='true'data-aos-offset='250' >\n                                <div class=\"accordion-header\">\n                                    <span class=\"question\">Vad inneb\u00e4r en interim rekrytering?<\/span>\n                                    <i class=\"fa fa-plus\"><\/i><i class=\"fa fa-minus hidden\"><\/i>\n                                <\/div>\n                                <div class=\"accordion-content\" style=\"display: none;\">\n                                    <span class=\"separator\"><\/span>\n                                    En interim rekrytering inneb\u00e4r att en kvalificerad konsult g\u00e5r in i en tidsbegr\u00e4nsad roll f\u00f6r att t\u00e4cka ett behov som inte kan v\u00e4nta. Konsulten kan bidra fr\u00e5n dag ett och ger organisationen b\u00e5de trygghet och kontinuitet.                                <\/div>\n                            <\/div>\n                                                        <div class=\"accordion-item\" data-aos-anchor='#faq-block-block_367d84e38f591b33ecca5ccde8d4d54f'data-aos='fade-right'data-aos-easing='ease-in-out-sine'data-aos-duration='500'data-aos-delay='1250'data-aos-once='true'data-aos-offset='250' >\n                                <div class=\"accordion-header\">\n                                    <span class=\"question\">N\u00e4r passar interimsrekrytering b\u00e4st?<\/span>\n                                    <i class=\"fa fa-plus\"><\/i><i class=\"fa fa-minus hidden\"><\/i>\n                                <\/div>\n                                <div class=\"accordion-content\" style=\"display: none;\">\n                                    <span class=\"separator\"><\/span>\n                                    Det \u00e4r s\u00e4rskilt anv\u00e4ndbart vid tillf\u00e4llig fr\u00e5nvaro som f\u00f6r\u00e4ldraledighet eller sjukfr\u00e5nvaro, n\u00e4r en rekrytering drar ut p\u00e5 tiden eller under perioder av tillv\u00e4xt och f\u00f6r\u00e4ndring.                                <\/div>\n                            <\/div>\n                                                        <div class=\"accordion-item\" data-aos-anchor='#faq-block-block_367d84e38f591b33ecca5ccde8d4d54f'data-aos='fade-right'data-aos-easing='ease-in-out-sine'data-aos-duration='500'data-aos-delay='1500'data-aos-once='true'data-aos-offset='250' >\n                                <div class=\"accordion-header\">\n                                    <span class=\"question\">Hur snabbt kan en interimkonsult vara p\u00e5 plats?<\/span>\n                                    <i class=\"fa fa-plus\"><\/i><i class=\"fa fa-minus hidden\"><\/i>\n                                <\/div>\n                                <div class=\"accordion-content\" style=\"display: none;\">\n                                    <span class=\"separator\"><\/span>\n                                    Det \u00e4r inte ovanligt att en konsult kan b\u00f6rja inom 3-5 dagar. Vi kan alltid presentera kandidater inom 48 timmar. V\u00e5rt m\u00e5l \u00e4r alltid att ge dig en l\u00f6sning som fungerar praktiskt och ger effekt direkt.                                <\/div>\n                            <\/div>\n                                                        <div class=\"accordion-item\" data-aos-anchor='#faq-block-block_367d84e38f591b33ecca5ccde8d4d54f'data-aos='fade-right'data-aos-easing='ease-in-out-sine'data-aos-duration='500'data-aos-delay='1750'data-aos-once='true'data-aos-offset='250' >\n                                <div class=\"accordion-header\">\n                                    <span class=\"question\">Vilka roller kan t\u00e4ckas genom interimsrekrytering?<\/span>\n                                    <i class=\"fa fa-plus\"><\/i><i class=\"fa fa-minus hidden\"><\/i>\n                                <\/div>\n                                <div class=\"accordion-content\" style=\"display: none;\">\n                                    <span class=\"separator\"><\/span>\n                                    Vanliga roller \u00e4r inom ekonomi, HR, projektledning och business support. Vi kan \u00e4ven hj\u00e4lpa till med mer specialiserade befattningar beroende p\u00e5 verksamhetens behov.                                <\/div>\n                            <\/div>\n                                                        <div class=\"accordion-item\" data-aos-anchor='#faq-block-block_367d84e38f591b33ecca5ccde8d4d54f'data-aos='fade-right'data-aos-easing='ease-in-out-sine'data-aos-duration='500'data-aos-delay='2000'data-aos-once='true'data-aos-offset='250' >\n                                <div class=\"accordion-header\">\n                                    <span class=\"question\">Hur s\u00e4kerst\u00e4ller Novare att matchningen blir r\u00e4tt?<\/span>\n                                    <i class=\"fa fa-plus\"><\/i><i class=\"fa fa-minus hidden\"><\/i>\n                                <\/div>\n                                <div class=\"accordion-content\" style=\"display: none;\">\n                                    <span class=\"separator\"><\/span>\n                                    Vi b\u00f6rjar med en noggrann behovsanalys och kombinerar den med v\u00e5r kunskap om konsultens kompetens och drivkrafter. P\u00e5 s\u00e5 s\u00e4tt kan vi skapa matchningar som fungerar i vardagen och bidrar till l\u00e5ngsiktig utveckling.                                <\/div>\n                            <\/div>\n                                                <\/div>\n                            <\/div>\n        <\/div>\n    <\/div>\n<\/section>\n","protected":false},"excerpt":{"rendered":"","protected":false},"author":1,"featured_media":0,"parent":0,"menu_order":0,"comment_status":"closed","ping_status":"closed","template":"","meta":{"_acf_changed":false,"_seopress_robots_primary_cat":"","_seopress_titles_title":"Interimrekrytering som skapar trygghet - Novare","_seopress_titles_desc":"Novare erbjuder interimrekrytering som snabbt matchar din organisation med kvalificerade specialister. Flexibla l\u00f6sningar f\u00f6r trygghet och resultat.","_seopress_robots_index":"","inline_featured_image":false,"footnotes":""},"class_list":["post-4776","page","type-page","status-publish","hentry"],"acf":[],"_links":{"self":[{"href":"https:\/\/novare.se\/interim-and-recruitment\/wp-json\/wp\/v2\/pages\/4776","targetHints":{"allow":["GET"]}}],"collection":[{"href":"https:\/\/novare.se\/interim-and-recruitment\/wp-json\/wp\/v2\/pages"}],"about":[{"href":"https:\/\/novare.se\/interim-and-recruitment\/wp-json\/wp\/v2\/types\/page"}],"author":[{"embeddable":true,"href":"https:\/\/novare.se\/interim-and-recruitment\/wp-json\/wp\/v2\/users\/1"}],"replies":[{"embeddable":true,"href":"https:\/\/novare.se\/interim-and-recruitment\/wp-json\/wp\/v2\/comments?post=4776"}],"version-history":[{"count":32,"href":"https:\/\/novare.se\/interim-and-recruitment\/wp-json\/wp\/v2\/pages\/4776\/revisions"}],"predecessor-version":[{"id":5283,"href":"https:\/\/novare.se\/interim-and-recruitment\/wp-json\/wp\/v2\/pages\/4776\/revisions\/5283"}],"wp:attachment":[{"href":"https:\/\/novare.se\/interim-and-recruitment\/wp-json\/wp\/v2\/media?parent=4776"}],"curies":[{"name":"wp","href":"https:\/\/api.w.org\/{rel}","templated":true}]}}