{"id":450,"date":"2024-05-23T09:55:35","date_gmt":"2024-05-23T09:55:35","guid":{"rendered":"https:\/\/novare.se\/interim-and-recruitment\/?page_id=450"},"modified":"2024-05-23T09:55:35","modified_gmt":"2024-05-23T09:55:35","slug":"verified","status":"publish","type":"page","link":"https:\/\/novare.se\/interim-and-recruitment\/verified\/","title":{"rendered":"Verified"},"content":{"rendered":"<section id=\"hero-3-block_d80f8369e863e15ea98b668c404d5ec6\" class=\"block hero-3  m-b \">\n    <div class=\"hero-3--top-section bg-primary\">\n                    <div class=\"bg-backdrop\">\n                <div class=\"bg-backdrop--inner\"><\/div>\n            <\/div>\n                <div class=\"container\">\n            <div class=\"row\">\n                <div class=\"row__col\">\n                    <div class=\"text-img-wrapper\">\n                        <div class=\"text-col\" >\n                                                                \n                                <div class=\"title-wrapper\" >\n                                    <h1 class=\"h3 text-left\">People &amp; Culture Manager till Verified<\/h1>                                <\/div>\n                                                            \n                            \n                            \n                                                            <div class='btn-wrapper'><div class=\"btn-element\" ><a class=\"btn btn--white\" href=\"#\"target=\"_self\">Kontakta oss<\/a><\/div><\/div>    \n                                                    <\/div>\n\n                                                    <div class=\"19 HEROTHREEIMG img-col \"   >\n                            <img loading=\"lazy\" decoding=\"async\" width=\"842\" height=\"1024\" src=\"https:\/\/novare.se\/interim-and-recruitment\/wp-content\/uploads\/sites\/5\/2023\/12\/novare-image-842x1024.jpg\" class=\"attachment-large size-large\" alt=\"\" srcset=\"https:\/\/novare.se\/interim-and-recruitment\/wp-content\/uploads\/sites\/5\/2023\/12\/novare-image-842x1024.jpg 842w, https:\/\/novare.se\/interim-and-recruitment\/wp-content\/uploads\/sites\/5\/2023\/12\/novare-image-296x360.jpg 296w, https:\/\/novare.se\/interim-and-recruitment\/wp-content\/uploads\/sites\/5\/2023\/12\/novare-image-768x934.jpg 768w, https:\/\/novare.se\/interim-and-recruitment\/wp-content\/uploads\/sites\/5\/2023\/12\/novare-image.jpg 1250w\" sizes=\"(max-width: 842px) 100vw, 842px\" \/>                                \n                            <\/div>\n                                            <\/div>\n                <\/div>\n            <\/div>\n        <\/div>\n    <\/div>\n            <div class=\"hero-3--bottom-section \"  >\n        <div class=\"breadcrumbs dark-text\">\n\t<div class=\"container\">\n        <div class=\"row\">\n            <div class=\"row__col\">\n                <div class=\"breadcrumbs--inner\">\n                    <ul>\n                                                                                <li>\n                                <a href=\"https:\/\/novare.se\/\" class=\"alt\">\n                                    Novare                                <\/a>\n                            <\/li>\n                            \n\t\t\t                                        <li>\n                                <a href=\"https:\/\/novare.se\/interim-and-recruitment\/\" class=\"alt\">\n                                                                            Novare Interim and Recruitment                                                                    <\/a>\n                            <\/li>\n\t\t\t                                    <li><span class=\"alt\">Verified<\/span><\/li>\n                    <\/ul>\n                <\/div>\n            <\/div>\n        <\/div>\n\t<\/div>\n<\/div>        <\/div>\n    \n    <\/section>\n\n\n<section id=\"one-column-text-block-block_eaed4e654c523128832157a90ab6a56e\" class=\"block one-column-text-block  m-b bg-default\">\n    <div class=\"container\">\n        <div class=\"row row--middle\">\n                            <div class=\"row__col row__col--lg-8\">\n                    <div class=\"title-wrapper\"  >\n                                            <\/div>\n                <\/div>\n                            \n                            <div class=\"row__col row__col--lg-8\" >\n                    <p class=\"preamble m-0\">N\u00e4r Verified under 2022 stod f\u00f6r en betydande tillv\u00e4xtresa s\u00f6kte de sin f\u00f6rsta People &amp; Culture Manager. Novare Interim &amp; Recruitment fick d\u00e5 f\u00f6rtroendet att ansvara f\u00f6r processen, vilket resulterade i att man rekryterade Johanna Mod\u00e9n till ny People &amp; Culture Manager f\u00f6r Verified. <\/p>                <\/div>\n            \n                            <div class=\"row__col row__col--lg-8\" >\n                    <div class=\"text-wrapper editor-content\">\n                        <p>Verified erbjuder enkla och intuitiva signerings- och autentiseringsl\u00f6sningar och har en komplett produktportf\u00f6lj som de erbjuder sina drygt 2500 kunder f\u00f6rdelat p\u00e5 de nordiska l\u00e4nderna.<\/p>\n<p>&nbsp;<\/p>\n<p>Lite mer \u00e4n ett kvartal in f\u00e5ngar vi upp Johanna f\u00f6r att h\u00f6ra hur hon upplevt rekryteringsprocessen och hur hon beskriver sin f\u00f6rsta tid hos det snabbv\u00e4xande bolaget.<\/p>\n<p>\u201dMin upplevelse av rekryteringsprocessen var v\u00e4ldigt bra! D\u00e5 jag sj\u00e4lv arbetat med rekrytering i flera \u00e5r s\u00e5 var jag imponerad. Ansvarig rekryterare p\u00e5 Novare Interim &amp; Recruitment var otroligt duktig p\u00e5 att h\u00e5lla mig uppdaterad, genuint intresserad av att h\u00f6ra om mina intryck i varje steg och dessutom skickade hon sm\u00e5 peppande sms inf\u00f6r mina intervjuer. Sedan har jag \u00e4ven uppskattat att vi haft en fin dialog sedan jag startade min nya roll, vi har h\u00e5llit kontakten om hur det g\u00e5r och fr\u00e5n f\u00f6rsta samtalet till idag s\u00e5 har jag upplevt den v\u00e4ldigt genuin\u201d s\u00e4ger Johanna Mod\u00e9n.<\/p>\n<p>&nbsp;<\/p>\n<p>Johanna b\u00f6rjade rollen som People &amp; Culture Manager den 22 augusti 2022 och hon beskriver sin f\u00f6rsta period som f\u00f6ljande:<\/p>\n<p>\u201dDen har varit \u00f6ver f\u00f6rv\u00e4ntan! Sedan jag klev in p\u00e5 Verified s\u00e5 har jag imponerats av engagemanget f\u00f6r att st\u00e4rka just People &amp; Culture och hur central denna funktion \u00e4r f\u00f6r Verified. Min f\u00f6rsta tid har varit v\u00e4ldigt varierad, d\u00e4r jag f\u00e5tt h\u00e5lla sessions i hur vi arbetar med feedback, utveckla v\u00e5r onboarding, utveckla v\u00e5r kundresa till fokus p\u00e5 Talent Acquisition och kompetensutveckling. Vikten av att involvera alla medarbetare och vad de har f\u00f6r tankar har varit en stor del, vi g\u00f6r detta f\u00f6r att utvecklas tillsammans\u201d.<\/p>\n                    <\/div>\n                <\/div>\n                            \n            \n                    <\/div>\n    <\/div>\n<\/section>\n\n<section id=\"contact-persons-block_e3bf612b94d79b8a8d3766c354dc53a9\" class=\"block contact-persons  m-b\">\n    <div class=\"container\">\n        <div class=\"row\">\n            <div class=\"row__col row__col--lg-12\">\n                <div class=\"contact-persons--wrapper bg-blue-light\">\n                    <div class=\"contact-persons--wrapper--content\" >\n                                                    <div class=\"header-wrapper\" >\n                                <h3 class=\"h3 text-left\">Vill du veta mer? <strong><i>H\u00f6r av dig!<\/i><\/strong><\/h3>                            <\/div>\n                        \n                        \n                                            <\/div>\n                    <div class=\"contact-persons--wrapper--people\">\n                                                                                    <div class=\"contact-person\"  >\n                                    <div class=\"contact-person--image\">\n                                        <img loading=\"lazy\" decoding=\"async\" width=\"360\" height=\"258\" src=\"https:\/\/novare.se\/interim-and-recruitment\/wp-content\/uploads\/sites\/5\/2024\/04\/Annika_Domeij_Tiny-360x258.jpg\" class=\"attachment-medium size-medium\" alt=\"Person med glas\u00f6gon ler i formell kl\u00e4dsel framf\u00f6r bakgrund.\" srcset=\"https:\/\/novare.se\/interim-and-recruitment\/wp-content\/uploads\/sites\/5\/2024\/04\/Annika_Domeij_Tiny-360x258.jpg 360w, https:\/\/novare.se\/interim-and-recruitment\/wp-content\/uploads\/sites\/5\/2024\/04\/Annika_Domeij_Tiny.jpg 670w\" sizes=\"(max-width: 360px) 100vw, 360px\" \/>                                    <\/div>\n                                    <div class=\"contact-person--details\">\n                                        <div class=\"name-wrapper\">\n                                            <a href=\"https:\/\/novare.se\/interim-and-recruitment\/medarbetare\/annika-domeij\/\">Annika  Domeij<\/a>\n                                        <\/div>\n                                        <div class=\"title-wrapper\">\n                                            <p>Head of People<\/p>\n                                        <\/div>\n                                        <div class=\"email-wrapper\">\n                                            <a href=\"mailto:annika.domeij@novare.se\">annika.domeij@novare.se<\/a>\n                                        <\/div>\n                                        <div class=\"phone-wrapper\">\n                                            <a href=\"tel:+46723000521\">+46 723 00 05 21<\/a>\n                                        <\/div>\n                                    <\/div>\n                                <\/div>\n                                                    <\/div>\n                <\/div>\n            <\/div>\n        <\/div>\n    <\/div>\n<\/section>\n\n\n<section id=\"faq-block-block_02167f3d3e23b9316a1070f6f6c17b46\" class=\"block faq-block  m-b bg-default\">\n    <div class=\"container\">\n        <div class=\"row\">\n            <div class=\"row__col row__col--lg-6\"  >\n                <img loading=\"lazy\" decoding=\"async\" width=\"1024\" height=\"768\" src=\"https:\/\/novare.se\/interim-and-recruitment\/wp-content\/uploads\/sites\/5\/2023\/12\/IMG_6148-1024x768.jpg\" class=\"media-item\" alt=\"\" srcset=\"https:\/\/novare.se\/interim-and-recruitment\/wp-content\/uploads\/sites\/5\/2023\/12\/IMG_6148-1024x768.jpg 1024w, https:\/\/novare.se\/interim-and-recruitment\/wp-content\/uploads\/sites\/5\/2023\/12\/IMG_6148-360x270.jpg 360w, https:\/\/novare.se\/interim-and-recruitment\/wp-content\/uploads\/sites\/5\/2023\/12\/IMG_6148-768x576.jpg 768w, https:\/\/novare.se\/interim-and-recruitment\/wp-content\/uploads\/sites\/5\/2023\/12\/IMG_6148-1536x1152.jpg 1536w, https:\/\/novare.se\/interim-and-recruitment\/wp-content\/uploads\/sites\/5\/2023\/12\/IMG_6148-rotated.jpg 2016w\" sizes=\"(max-width: 1024px) 100vw, 1024px\" \/>            <\/div>\n            \n            <div class=\"row__col row__col--lg-6\">\n                                    <div class=\"title-wrapper text-medium\"  >\n                        <h3 class=\"h3 text-left\">Lorum ipsum FAQ curus ipsum <\/h3>                    <\/div>\n                                                                        <div class=\"text-wrapper editor-content\"  >\n                        <p>tempor incididunt ut labore et dolore tempor incididunt ut labore et dolore tempor incididunt ut labore et dolore<\/p>\n                    <\/div>\n                \n                                    <div class=\"accordion\">\n                                                    <div class=\"accordion-item\"  >\n                                <div class=\"accordion-header\">\n                                    <span class=\"question\">tempor incididunt ut labore et dolore\u00a0<\/span>\n                                    <i class=\"fa fa-plus\"><\/i><i class=\"fa fa-minus hidden\"><\/i>\n                                <\/div>\n                                <div class=\"accordion-content\" style=\"display: none;\">\n                                    <span class=\"separator\"><\/span>\n                                    tempor incididunt ut labore et dolore\u00a0                                <\/div>\n                            <\/div>\n                                                        <div class=\"accordion-item\"  >\n                                <div class=\"accordion-header\">\n                                    <span class=\"question\">tempor incididunt ut labore et dolore\u00a0<\/span>\n                                    <i class=\"fa fa-plus\"><\/i><i class=\"fa fa-minus hidden\"><\/i>\n                                <\/div>\n                                <div class=\"accordion-content\" style=\"display: none;\">\n                                    <span class=\"separator\"><\/span>\n                                    tempor incididunt ut labore et dolore\u00a0                                <\/div>\n                            <\/div>\n                                                        <div class=\"accordion-item\"  >\n                                <div class=\"accordion-header\">\n                                    <span class=\"question\">tempor incididunt ut labore et dolore\u00a0<\/span>\n                                    <i class=\"fa fa-plus\"><\/i><i class=\"fa fa-minus hidden\"><\/i>\n                                <\/div>\n                                <div class=\"accordion-content\" style=\"display: none;\">\n                                    <span class=\"separator\"><\/span>\n                                    tempor incididunt ut labore et dolore\u00a0                                <\/div>\n                            <\/div>\n                                                <\/div>\n                            <\/div>\n        <\/div>\n    <\/div>\n<\/section>\n","protected":false},"excerpt":{"rendered":"","protected":false},"author":4,"featured_media":0,"parent":0,"menu_order":0,"comment_status":"closed","ping_status":"closed","template":"","meta":{"_acf_changed":false,"_seopress_robots_primary_cat":"","_seopress_titles_title":"People & Culture Manager hos Verified - novare.se","_seopress_titles_desc":"Rekrytering av Johanna Mod\u00e9n som People & Culture Manager st\u00e4rkte Verifieds v\u00e4xande kultur och engagemang. L\u00e4s mer om hennes resa h\u00e4r!","_seopress_robots_index":"","inline_featured_image":false,"footnotes":""},"class_list":["post-450","page","type-page","status-publish","hentry"],"acf":[],"_links":{"self":[{"href":"https:\/\/novare.se\/interim-and-recruitment\/wp-json\/wp\/v2\/pages\/450","targetHints":{"allow":["GET"]}}],"collection":[{"href":"https:\/\/novare.se\/interim-and-recruitment\/wp-json\/wp\/v2\/pages"}],"about":[{"href":"https:\/\/novare.se\/interim-and-recruitment\/wp-json\/wp\/v2\/types\/page"}],"author":[{"embeddable":true,"href":"https:\/\/novare.se\/interim-and-recruitment\/wp-json\/wp\/v2\/users\/4"}],"replies":[{"embeddable":true,"href":"https:\/\/novare.se\/interim-and-recruitment\/wp-json\/wp\/v2\/comments?post=450"}],"version-history":[{"count":2,"href":"https:\/\/novare.se\/interim-and-recruitment\/wp-json\/wp\/v2\/pages\/450\/revisions"}],"predecessor-version":[{"id":452,"href":"https:\/\/novare.se\/interim-and-recruitment\/wp-json\/wp\/v2\/pages\/450\/revisions\/452"}],"wp:attachment":[{"href":"https:\/\/novare.se\/interim-and-recruitment\/wp-json\/wp\/v2\/media?parent=450"}],"curies":[{"name":"wp","href":"https:\/\/api.w.org\/{rel}","templated":true}]}}