{"id":443,"date":"2024-05-23T09:52:37","date_gmt":"2024-05-23T09:52:37","guid":{"rendered":"https:\/\/novare.se\/interim-and-recruitment\/?page_id=443"},"modified":"2024-05-23T09:58:29","modified_gmt":"2024-05-23T09:58:29","slug":"dbt","status":"publish","type":"page","link":"https:\/\/novare.se\/interim-and-recruitment\/dbt\/","title":{"rendered":"DBT"},"content":{"rendered":"<section id=\"hero-3-block_a601d822392830ae43730a6a730614e2\" class=\"block hero-3  m-b \">\n    <div class=\"hero-3--top-section bg-primary\">\n                    <div class=\"bg-backdrop\">\n                <div class=\"bg-backdrop--inner\"><\/div>\n            <\/div>\n                <div class=\"container\">\n            <div class=\"row\">\n                <div class=\"row__col\">\n                    <div class=\"text-img-wrapper\">\n                        <div class=\"text-col\" >\n                                                                \n                                <div class=\"title-wrapper\" >\n                                    <h1 class=\"h1 text-left\">Samarbete med DBT<\/h1>                                <\/div>\n                                                            \n                            \n                            \n                                                            <div class='btn-wrapper'><div class=\"btn-element\" ><a class=\"btn btn--white\" href=\"#\"target=\"_self\">Kontakta oss<\/a><\/div><\/div>    \n                                                    <\/div>\n\n                                                    <div class=\"19 HEROTHREEIMG img-col \"   >\n                            <img loading=\"lazy\" decoding=\"async\" width=\"842\" height=\"1024\" src=\"https:\/\/novare.se\/interim-and-recruitment\/wp-content\/uploads\/sites\/5\/2023\/12\/novare-image-842x1024.jpg\" class=\"attachment-large size-large\" alt=\"\" srcset=\"https:\/\/novare.se\/interim-and-recruitment\/wp-content\/uploads\/sites\/5\/2023\/12\/novare-image-842x1024.jpg 842w, https:\/\/novare.se\/interim-and-recruitment\/wp-content\/uploads\/sites\/5\/2023\/12\/novare-image-296x360.jpg 296w, https:\/\/novare.se\/interim-and-recruitment\/wp-content\/uploads\/sites\/5\/2023\/12\/novare-image-768x934.jpg 768w, https:\/\/novare.se\/interim-and-recruitment\/wp-content\/uploads\/sites\/5\/2023\/12\/novare-image.jpg 1250w\" sizes=\"(max-width: 842px) 100vw, 842px\" \/>                                \n                            <\/div>\n                                            <\/div>\n                <\/div>\n            <\/div>\n        <\/div>\n    <\/div>\n            <div class=\"hero-3--bottom-section \"  >\n        <div class=\"breadcrumbs dark-text\">\n\t<div class=\"container\">\n        <div class=\"row\">\n            <div class=\"row__col\">\n                <div class=\"breadcrumbs--inner\">\n                    <ul>\n                                                                                <li>\n                                <a href=\"https:\/\/novare.se\/\" class=\"alt\">\n                                    Novare                                <\/a>\n                            <\/li>\n                            \n\t\t\t                                        <li>\n                                <a href=\"https:\/\/novare.se\/interim-and-recruitment\/\" class=\"alt\">\n                                                                            Novare Interim and Recruitment                                                                    <\/a>\n                            <\/li>\n\t\t\t                                    <li><span class=\"alt\">DBT<\/span><\/li>\n                    <\/ul>\n                <\/div>\n            <\/div>\n        <\/div>\n\t<\/div>\n<\/div>        <\/div>\n    \n    <\/section>\n\n\n<section id=\"one-column-text-block-block_78c2b65f048d8a3f988aa4a5be38d0b7\" class=\"block one-column-text-block  m-b bg-default\">\n    <div class=\"container\">\n        <div class=\"row row--middle\">\n                            <div class=\"row__col row__col--lg-8\">\n                    <div class=\"title-wrapper\"  >\n                                            <\/div>\n                <\/div>\n                            \n                            <div class=\"row__col row__col--lg-8\" >\n                    <p class=\"preamble m-0\">Alexis Kopylov, CEO p\u00e5 DBT, har valt att samarbeta med Novare Interim &amp; Recruitment f\u00f6r att hitta r\u00e4tt kompetens p\u00e5 resans g\u00e5ng, h\u00f6r vad han har att s\u00e4ga!<\/p>                <\/div>\n            \n                            <div class=\"row__col row__col--lg-8\" >\n                    <div class=\"text-wrapper editor-content\">\n                        <div style=\"width: 1080px;\" class=\"wp-video\"><video class=\"wp-video-shortcode\" id=\"video-443-1\" width=\"1080\" height=\"1080\" preload=\"metadata\" controls=\"controls\"><source type=\"video\/mp4\" src=\"https:\/\/novare.se\/interim-and-recruitment\/wp-content\/uploads\/sites\/5\/2024\/05\/referenscase-storyboard-1-storykit-copy-2022-10-04-14_42_23-1.mp4?_=1\" \/><a href=\"https:\/\/novare.se\/interim-and-recruitment\/wp-content\/uploads\/sites\/5\/2024\/05\/referenscase-storyboard-1-storykit-copy-2022-10-04-14_42_23-1.mp4\">https:\/\/novare.se\/interim-and-recruitment\/wp-content\/uploads\/sites\/5\/2024\/05\/referenscase-storyboard-1-storykit-copy-2022-10-04-14_42_23-1.mp4<\/a><\/video><\/div>\n<h6><\/h6>\n<h6><\/h6>\n<h6><strong>Hej Alexis! Kan du ber\u00e4tta vem du \u00e4r och vad DBT g\u00f6r?<\/strong><\/h6>\n<p>\u2013 Hej! Jag heter Alexis Kopylov och jag \u00e4r CEO p\u00e5 DBT.<\/p>\n<p>DBT grundades med ambitionen att st\u00f6tta f\u00f6retag med den finansiering de beh\u00f6ver och f\u00f6rtj\u00e4nar. Vi erbjuder smidiga och data-drivna processer kombinerat med expertis. Allt f\u00f6r att f\u00f6retagarna ska kunna fokusera p\u00e5 det som \u00e4r viktigt f\u00f6r dem; Att v\u00e4xa och utveckla deras aff\u00e4r!<\/p>\n<p>&nbsp;<\/p>\n<h6><strong>Ni v\u00e4xer kraftigt och siktar h\u00f6gt \u2013 Varf\u00f6r har ni valt att jobba med NIR n\u00e4r det kommer till talangf\u00f6rs\u00f6rjning?<\/strong><\/h6>\n<p>\u2013 N\u00e4r man bygger bolag och \u00e4r snabbv\u00e4xande, s\u00e5 handlar det om att ha r\u00e4tt person, r\u00e4tt team. Med r\u00e4tt team kan man \u00e5stadkomma vad som helst.<\/p>\n<p>Just d\u00e4rf\u00f6r jobbar vi med Novare Interim &amp; Recruitment. De f\u00f6rst\u00e5r v\u00e5ra utmaningar, med att hitta personer med r\u00e4tt attityd, r\u00e4tt kompetens och r\u00e4tt driv eftersom de sj\u00e4lva \u00e4r i samma situation att bygga ett snabbv\u00e4xande bolag.<\/p>\n<p>&nbsp;<\/p>\n<h6><strong>Hur upplevde du dialogen och bem\u00f6tandet med Novare Interim &amp; Recuritment?<\/strong><\/h6>\n<p><em>\u2013\u00a0<\/em>Jag tyckte det var toppen att jobba med Novare Interim &amp; Recruitment f\u00f6r teamet var v\u00e4ldigt p\u00e5, de hade gett sig tusan p\u00e5 att inte ge upp f\u00f6rr\u00e4n allt var klart. Vi hade en v\u00e4ldigt n\u00e4ra dialog, tight feedback d\u00e4r vi gemensamt kunde hitta r\u00e4tt l\u00f6sning. Vi sv\u00e4ngde kurvorna l\u00e4ngst med v\u00e4gen \u2013 det vill s\u00e4ga att vi fick tr\u00e4ffa bra personer, men sen ville vi komplettera med n\u00e5got annat. Det resulterade i att vi fick en v\u00e4ldig bra bredd i det. De \u00e4r lyh\u00f6rda, snabba och gritt \u2013 gasar inte f\u00f6rr\u00e4n allt var klart.<\/p>\n<p>&nbsp;<\/p>\n<h6><strong>Har du n\u00e5got tips till bolag som v\u00e4xer och har behov av att rekrytera?<\/strong><\/h6>\n<p>\u2013 Utmaningen med att bygga bolag, \u00e4r n\u00e4r du g\u00e5r fr\u00e5n utmaningen att bara rekrytera i ditt egna n\u00e4tverk. Allts\u00e5, du k\u00e4nner dom. N\u00e4r det kommer till en viss niv\u00e5 m\u00e5ste du bredda n\u00e4tverket. I alla relationer m\u00e5ste man investera i ett partnerskap. Hitta personer som f\u00f6rst\u00e5r vilka man \u00e4r, vilken \u00e4r kulturen. S\u00e5 jag tror att n\u00e4r man v\u00e4ljer rekryteringsbyr\u00e5, m\u00e5ste man vara i dialog med dom f\u00f6r att g\u00f6ra de inf\u00f6rst\u00e5dda p\u00e5 bolaget, men sidan lita p\u00e5 att de fullf\u00f6ljer rekryteringen. Det \u00e4r deras expertis och d\u00e4rf\u00f6r blir det en win-win. Mitt r\u00e5d \u00e4r d\u00e4rf\u00f6r att ta hj\u00e4lp n\u00e4r man beh\u00f6ver och v\u00e5ga anf\u00f6rtro dig till en partner.<\/p>\n<p>&nbsp;<\/p>\n                    <\/div>\n                <\/div>\n                            \n            \n                    <\/div>\n    <\/div>\n<\/section>\n\n<section id=\"contact-persons-block_8fff312b36385caa7cf15573fe7817c4\" class=\"block contact-persons  m-b\">\n    <div class=\"container\">\n        <div class=\"row\">\n            <div class=\"row__col row__col--lg-12\">\n                <div class=\"contact-persons--wrapper bg-blue-light\">\n                    <div class=\"contact-persons--wrapper--content\" >\n                                                    <div class=\"header-wrapper\" >\n                                <h3 class=\"h3 text-left\">Vill du veta mer? <strong><i>H\u00f6r av dig!<\/i><\/strong><\/h3>                            <\/div>\n                        \n                        \n                                            <\/div>\n                    <div class=\"contact-persons--wrapper--people\">\n                                                                                    <div class=\"contact-person\"  >\n                                    <div class=\"contact-person--image\">\n                                        <img loading=\"lazy\" decoding=\"async\" width=\"360\" height=\"258\" src=\"https:\/\/novare.se\/interim-and-recruitment\/wp-content\/uploads\/sites\/5\/2024\/04\/Annika_Domeij_Tiny-360x258.jpg\" class=\"attachment-medium size-medium\" alt=\"Person med glas\u00f6gon ler i formell kl\u00e4dsel framf\u00f6r bakgrund.\" srcset=\"https:\/\/novare.se\/interim-and-recruitment\/wp-content\/uploads\/sites\/5\/2024\/04\/Annika_Domeij_Tiny-360x258.jpg 360w, https:\/\/novare.se\/interim-and-recruitment\/wp-content\/uploads\/sites\/5\/2024\/04\/Annika_Domeij_Tiny.jpg 670w\" sizes=\"(max-width: 360px) 100vw, 360px\" \/>                                    <\/div>\n                                    <div class=\"contact-person--details\">\n                                        <div class=\"name-wrapper\">\n                                            <a href=\"https:\/\/novare.se\/interim-and-recruitment\/medarbetare\/annika-domeij\/\">Annika  Domeij<\/a>\n                                        <\/div>\n                                        <div class=\"title-wrapper\">\n                                            <p>Head of People<\/p>\n                                        <\/div>\n                                        <div class=\"email-wrapper\">\n                                            <a href=\"mailto:annika.domeij@novare.se\">annika.domeij@novare.se<\/a>\n                                        <\/div>\n                                        <div class=\"phone-wrapper\">\n                                            <a href=\"tel:+46723000521\">+46 723 00 05 21<\/a>\n                                        <\/div>\n                                    <\/div>\n                                <\/div>\n                                                    <\/div>\n                <\/div>\n            <\/div>\n        <\/div>\n    <\/div>\n<\/section>\n\n\n<section id=\"faq-block-block_27d4147c4690ec4d1b25bc6a8f675021\" class=\"block faq-block  m-b bg-default\">\n    <div class=\"container\">\n        <div class=\"row\">\n            <div class=\"row__col row__col--lg-6\"  >\n                <img loading=\"lazy\" decoding=\"async\" width=\"1024\" height=\"768\" src=\"https:\/\/novare.se\/interim-and-recruitment\/wp-content\/uploads\/sites\/5\/2023\/12\/IMG_6148-1024x768.jpg\" class=\"media-item\" alt=\"\" srcset=\"https:\/\/novare.se\/interim-and-recruitment\/wp-content\/uploads\/sites\/5\/2023\/12\/IMG_6148-1024x768.jpg 1024w, https:\/\/novare.se\/interim-and-recruitment\/wp-content\/uploads\/sites\/5\/2023\/12\/IMG_6148-360x270.jpg 360w, https:\/\/novare.se\/interim-and-recruitment\/wp-content\/uploads\/sites\/5\/2023\/12\/IMG_6148-768x576.jpg 768w, https:\/\/novare.se\/interim-and-recruitment\/wp-content\/uploads\/sites\/5\/2023\/12\/IMG_6148-1536x1152.jpg 1536w, https:\/\/novare.se\/interim-and-recruitment\/wp-content\/uploads\/sites\/5\/2023\/12\/IMG_6148-rotated.jpg 2016w\" sizes=\"(max-width: 1024px) 100vw, 1024px\" \/>            <\/div>\n            \n            <div class=\"row__col row__col--lg-6\">\n                                    <div class=\"title-wrapper text-medium\"  >\n                        <h3 class=\"h3 text-left\">Lorum ipsum FAQ curus ipsum <\/h3>                    <\/div>\n                                                                        <div class=\"text-wrapper editor-content\"  >\n                        <p>tempor incididunt ut labore et dolore tempor incididunt ut labore et dolore tempor incididunt ut labore et dolore<\/p>\n                    <\/div>\n                \n                                    <div class=\"accordion\">\n                                                    <div class=\"accordion-item\"  >\n                                <div class=\"accordion-header\">\n                                    <span class=\"question\">tempor incididunt ut labore et dolore\u00a0<\/span>\n                                    <i class=\"fa fa-plus\"><\/i><i class=\"fa fa-minus hidden\"><\/i>\n                                <\/div>\n                                <div class=\"accordion-content\" style=\"display: none;\">\n                                    <span class=\"separator\"><\/span>\n                                    tempor incididunt ut labore et dolore\u00a0                                <\/div>\n                            <\/div>\n                                                        <div class=\"accordion-item\"  >\n                                <div class=\"accordion-header\">\n                                    <span class=\"question\">tempor incididunt ut labore et dolore\u00a0<\/span>\n                                    <i class=\"fa fa-plus\"><\/i><i class=\"fa fa-minus hidden\"><\/i>\n                                <\/div>\n                                <div class=\"accordion-content\" style=\"display: none;\">\n                                    <span class=\"separator\"><\/span>\n                                    tempor incididunt ut labore et dolore\u00a0                                <\/div>\n                            <\/div>\n                                                        <div class=\"accordion-item\"  >\n                                <div class=\"accordion-header\">\n                                    <span class=\"question\">tempor incididunt ut labore et dolore\u00a0<\/span>\n                                    <i class=\"fa fa-plus\"><\/i><i class=\"fa fa-minus hidden\"><\/i>\n                                <\/div>\n                                <div class=\"accordion-content\" style=\"display: none;\">\n                                    <span class=\"separator\"><\/span>\n                                    tempor incididunt ut labore et dolore\u00a0                                <\/div>\n                            <\/div>\n                                                <\/div>\n                            <\/div>\n        <\/div>\n    <\/div>\n<\/section>\n","protected":false},"excerpt":{"rendered":"","protected":false},"author":4,"featured_media":0,"parent":0,"menu_order":0,"comment_status":"closed","ping_status":"closed","template":"","meta":{"_acf_changed":false,"_seopress_robots_primary_cat":"","_seopress_titles_title":"Samarbete med DBT f\u00f6r r\u00e4tt talang - novare.se","_seopress_titles_desc":"DBT:s Alexis Kopylov samarbetar med Novare Interim & Recruitment f\u00f6r att rekrytera r\u00e4tt talanger och driva f\u00f6retags tillv\u00e4xt. Kontakta Annika Domeij.","_seopress_robots_index":"","inline_featured_image":false,"footnotes":""},"class_list":["post-443","page","type-page","status-publish","hentry"],"acf":[],"_links":{"self":[{"href":"https:\/\/novare.se\/interim-and-recruitment\/wp-json\/wp\/v2\/pages\/443","targetHints":{"allow":["GET"]}}],"collection":[{"href":"https:\/\/novare.se\/interim-and-recruitment\/wp-json\/wp\/v2\/pages"}],"about":[{"href":"https:\/\/novare.se\/interim-and-recruitment\/wp-json\/wp\/v2\/types\/page"}],"author":[{"embeddable":true,"href":"https:\/\/novare.se\/interim-and-recruitment\/wp-json\/wp\/v2\/users\/4"}],"replies":[{"embeddable":true,"href":"https:\/\/novare.se\/interim-and-recruitment\/wp-json\/wp\/v2\/comments?post=443"}],"version-history":[{"count":3,"href":"https:\/\/novare.se\/interim-and-recruitment\/wp-json\/wp\/v2\/pages\/443\/revisions"}],"predecessor-version":[{"id":456,"href":"https:\/\/novare.se\/interim-and-recruitment\/wp-json\/wp\/v2\/pages\/443\/revisions\/456"}],"wp:attachment":[{"href":"https:\/\/novare.se\/interim-and-recruitment\/wp-json\/wp\/v2\/media?parent=443"}],"curies":[{"name":"wp","href":"https:\/\/api.w.org\/{rel}","templated":true}]}}