{"id":421,"date":"2024-05-23T08:46:43","date_gmt":"2024-05-23T08:46:43","guid":{"rendered":"https:\/\/novare.se\/interim-and-recruitment\/?page_id=421"},"modified":"2026-02-16T13:53:32","modified_gmt":"2026-02-16T13:53:32","slug":"karriarmojligheter","status":"publish","type":"page","link":"https:\/\/novare.se\/interim-and-recruitment\/karriarmojligheter\/","title":{"rendered":"Karri\u00e4rm\u00f6jligheter"},"content":{"rendered":"<section id=\"hero-3-block_23983ca6d62f998026f42bf2423ce8b0\" class=\"block hero-3  m-b \">\n    <div class=\"hero-3--top-section bg-primary\">\n                    <div class=\"bg-backdrop\">\n                <div class=\"bg-backdrop--inner\"><\/div>\n            <\/div>\n                <div class=\"container\">\n            <div class=\"row\">\n                <div class=\"row__col\">\n                    <div class=\"text-img-wrapper\">\n                        <div class=\"text-col\" >\n                                                                \n                                <div class=\"title-wrapper\" >\n                                    <h1 class=\"h3 text-left\">Karri\u00e4rm\u00f6jligheter <strong><i>via oss<\/i><\/strong><\/h1>                                <\/div>\n                                                            \n                            \n                                                            <div class=\"text-wrapper\" >\n                                    <p>Oavsett om du s\u00f6ker konsultuppdrag, en fast tj\u00e4nst eller ett extrajobb hj\u00e4lper vi dig hitta r\u00e4tt m\u00f6jlighet utifr\u00e5n din kompetens och ambition.<\/p>\n                                <\/div>\n                                                            \n                                                            <div class='btn-wrapper'><div class=\"btn-element\" ><a class=\"btn btn--white\" href=\"https:\/\/pnty-apply.ponty-system.se\/novareinterimrecruitment?id=812\"target=\"_self\">Skicka en spontanans\u00f6kan<\/a><\/div><\/div>    \n                                                    <\/div>\n\n                                                    <div class=\"4929 HEROTHREEIMG img-col \"   >\n                            <img loading=\"lazy\" decoding=\"async\" width=\"831\" height=\"1024\" src=\"https:\/\/novare.se\/interim-and-recruitment\/wp-content\/uploads\/sites\/5\/2025\/09\/konsult_1380x1700-831x1024.jpg\" class=\"attachment-large size-large\" alt=\"en kvinna och man pratar\" srcset=\"https:\/\/novare.se\/interim-and-recruitment\/wp-content\/uploads\/sites\/5\/2025\/09\/konsult_1380x1700-831x1024.jpg 831w, https:\/\/novare.se\/interim-and-recruitment\/wp-content\/uploads\/sites\/5\/2025\/09\/konsult_1380x1700-292x360.jpg 292w, https:\/\/novare.se\/interim-and-recruitment\/wp-content\/uploads\/sites\/5\/2025\/09\/konsult_1380x1700-768x946.jpg 768w, https:\/\/novare.se\/interim-and-recruitment\/wp-content\/uploads\/sites\/5\/2025\/09\/konsult_1380x1700-1247x1536.jpg 1247w, https:\/\/novare.se\/interim-and-recruitment\/wp-content\/uploads\/sites\/5\/2025\/09\/konsult_1380x1700.jpg 1380w\" sizes=\"(max-width: 831px) 100vw, 831px\" \/>                                \n                            <\/div>\n                                            <\/div>\n                <\/div>\n            <\/div>\n        <\/div>\n    <\/div>\n            <div class=\"hero-3--bottom-section \"  >\n        <div class=\"breadcrumbs dark-text\">\n\t<div class=\"container\">\n        <div class=\"row\">\n            <div class=\"row__col\">\n                <div class=\"breadcrumbs--inner\">\n                    <ul>\n                                                                                <li>\n                                <a href=\"https:\/\/novare.se\/\" class=\"alt\">\n                                    Novare                                <\/a>\n                            <\/li>\n                            \n\t\t\t                                        <li>\n                                <a href=\"https:\/\/novare.se\/interim-and-recruitment\/\" class=\"alt\">\n                                                                            Novare Interim and Recruitment                                                                    <\/a>\n                            <\/li>\n\t\t\t                                    <li><span class=\"alt\">Karri\u00e4rm\u00f6jligheter<\/span><\/li>\n                    <\/ul>\n                <\/div>\n            <\/div>\n        <\/div>\n\t<\/div>\n<\/div>        <\/div>\n    \n    <\/section>\n\n\n<section id=\"one-column-text-block-block_4d38c46131bab18c2aef959ea6fee0a0\" class=\"block one-column-text-block  m-b bg-default\">\n    <div class=\"container\">\n        <div class=\"row row--middle\">\n                            <div class=\"row__col row__col--lg-8\">\n                    <div class=\"title-wrapper\" data-aos-anchor='#one-column-text-block-block_4d38c46131bab18c2aef959ea6fee0a0'data-aos='fade-up'data-aos-easing='ease-in-out-sine'data-aos-duration='500'data-aos-delay='0'data-aos-once='true'data-aos-offset='250' >\n                        <h3 class=\"h4 m-0 text-left\">Din karri\u00e4r genom <strong><i>Novare Interim &amp; Recruitment<\/i><\/strong><\/h3>                    <\/div>\n                <\/div>\n                            \n                            <div class=\"row__col row__col--lg-8\" data-aos-anchor='#one-column-text-block-block_4d38c46131bab18c2aef959ea6fee0a0'data-aos='fade-up'data-aos-easing='ease-in-out-sine'data-aos-duration='500'data-aos-delay='250'data-aos-once='true'data-aos-offset='250'>\n                    <p class=\"preamble m-0\">Vad kul att du \u00e4r intresserad av att g\u00f6ra karri\u00e4r via Novare Interim &amp; Recruitment! Vi erbjuder allt ifr\u00e5n l\u00e5ngsiktiga permanenta tj\u00e4nster till kortare tempor\u00e4ra gig.<\/p>                <\/div>\n            \n                            <div class=\"row__col row__col--lg-8\" data-aos-anchor='#one-column-text-block-block_4d38c46131bab18c2aef959ea6fee0a0'data-aos='fade-up'data-aos-easing='ease-in-out-sine'data-aos-duration='500'data-aos-delay='250'data-aos-once='true'data-aos-offset='250'>\n                    <div class=\"text-wrapper editor-content\">\n                        <h6>Heltidsjobb som konsult<\/h6>\n<p>Att arbeta som konsult via Novare Interim &amp; Recruitment ger dig flexibilitet och trygghet. Du kan v\u00e4lja att vara anst\u00e4lld hos oss eller fakturera via eget bolag.<\/p>\n<p>Som anst\u00e4lld f\u00e5r du l\u00f6n, f\u00f6rs\u00e4kring och en dedikerad konsultchef som st\u00f6ttar dig under uppdraget. V\u00e4ljer du att fakturera via eget bolag ansvarar du sj\u00e4lv f\u00f6r f\u00f6rs\u00e4kringar och fakturering. I vissa fall kan uppdraget leda till en fast anst\u00e4llning hos kunden \u2013 vi informerar alltid om f\u00f6ruts\u00e4ttningarna innan start.<\/p>\n<p>&nbsp;<\/p>\n<h6>Bli direktrekryterad till ett f\u00f6retag<\/h6>\n<p>Om du s\u00f6ker en fast tj\u00e4nst hj\u00e4lper vi dig ocks\u00e5 med det. Vi rekryterar direkt till f\u00f6retag och hanterar hela processen \u2013 fr\u00e5n kravprofil och intervjuer till urval. Eftersom vi dagligen m\u00f6ter m\u00e5nga arbetsgivare inom HR, ekonomi och business support kan vi vara b\u00e5de r\u00e5dgivande och proaktiva i din karri\u00e4r.<\/p>\n<p>N\u00e4r du g\u00e5r vidare till anst\u00e4llning tar arbetsgivaren \u00f6ver med erbjudande och avtal.<\/p>\n<p>&nbsp;<\/p>\n<h6>Extrajobb via Novare<\/h6>\n<p>Vill du jobba extra vid sidan av studier, deltidsjobb eller eget f\u00f6retag? Vi erbjuder korta gig, behovsanst\u00e4llningar och deltidsuppdrag \u2013 alla publiceras p\u00e5 v\u00e5r sida f\u00f6r lediga tj\u00e4nster.<\/p>\n<p>&nbsp;<\/p>\n<h6>Sommarjobb via Novare<\/h6>\n<p>F\u00e5 v\u00e4rdefull erfarenhet redan under studietiden! Vi rekryterar till flera f\u00f6retags sommarjobb runtom i landet. Registrera dig hos oss s\u00e5 har vi dig i \u00e5tanke inf\u00f6r framtida matchningar. Aktuella sommarjobb publiceras mellan mars och juni via lediga tj\u00e4nster.<\/p>\n                    <\/div>\n                <\/div>\n                            \n            \n                    <\/div>\n    <\/div>\n<\/section>\n\n<section id=\"text-and-button-block_be54f7b1c7aa667659e1c37ca6f9e99a\" class=\"block text-and-button  m-b\" data-aos-anchor='#text-and-button-block_be54f7b1c7aa667659e1c37ca6f9e99a'data-aos='fade-up'data-aos-easing='ease-in-out-sine'data-aos-duration='500'data-aos-delay='0'data-aos-once='true'data-aos-offset='250'>\n\t<div class=\"container \">\n\t\t<div class=\"inner bg-blue-light bg-opacity-95\">\n\t\t\t<div class=\"row--overlay\">\n\t\t\t\t\t\t\t\t<div class=\"overlay overlay--color bg-blue-light bg-opacity-95\"><\/div>\n\t\t\t<\/div>\n\t\t\t<div class=\"row\">\n\t\t\t\t<div class=\"row__col row__col--lg-6\">\n                                            <div class=\"title-wrapper\" >\n                            <h3 class=\"h3 text-left\"><strong><i>Spontanans\u00f6kan<\/i><\/strong><\/h3>                        <\/div>\n                    \n\t\t\t\t\t\t\t\t\t\t\t<div class=\"text-wrapper editor-content\">\n\t\t\t\t\t\t\t<p><strong>Hittar du inte dr\u00f6mjobbet i de annonser som finns publicerade idag? <\/strong><\/p>\n<p>Ingen fara, vi f\u00e5r l\u00f6pande in nya utmaningar och genom att spontanregistrera ditt CV kan vi redan nu knyta kontakt och ha dig i \u00e5tanke inf\u00f6r framtida matchningar.<\/p>\n\t\t\t\t\t\t<\/div>\n\t\t\t\t\t\t\t\t\t<\/div>\n\t\t\t\t<div class=\"row__col row__col--lg-6 left-side\">\n\t\t\t\t\t\t\t\t\t\t\t<div class=\"btn-wrapper m-0\" >\n\t\t\t\t\t\t\t<div class=\"btn-element\" ><a class=\"btn btn--dark\" href=\"https:\/\/pnty-apply.ponty-system.se\/novareinterimrecruitment?id=812\"target=\"_self\">Skicka en spontanans\u00f6kan<\/a><\/div>\t\t\t\t\t\t<\/div>\n\t\t\t\t\t\t\t\t\t<\/div>\n\t\t\t<\/div>\n\t\t<\/div>\n\t<\/div>\n<\/section>\n\n<section id=\"faq-block-block_8fb2693591153765b3564153ebbd082a\" class=\"block faq-block  m-b bg-default\">\n    <div class=\"container\">\n        <div class=\"row\">\n            <div class=\"row__col row__col--lg-6\" data-aos-anchor='#faq-block-block_8fb2693591153765b3564153ebbd082a'data-aos='fade-up'data-aos-easing='ease-in-out-sine'data-aos-duration='500'data-aos-delay='0'data-aos-once='true'data-aos-offset='250' >\n                <img loading=\"lazy\" decoding=\"async\" width=\"1024\" height=\"1024\" src=\"https:\/\/novare.se\/interim-and-recruitment\/wp-content\/uploads\/sites\/5\/2025\/01\/Namnlos-design-1-3-1024x1024.jpg\" class=\"media-item\" alt=\"\" srcset=\"https:\/\/novare.se\/interim-and-recruitment\/wp-content\/uploads\/sites\/5\/2025\/01\/Namnlos-design-1-3-1024x1024.jpg 1024w, https:\/\/novare.se\/interim-and-recruitment\/wp-content\/uploads\/sites\/5\/2025\/01\/Namnlos-design-1-3-360x360.jpg 360w, https:\/\/novare.se\/interim-and-recruitment\/wp-content\/uploads\/sites\/5\/2025\/01\/Namnlos-design-1-3-150x150.jpg 150w, https:\/\/novare.se\/interim-and-recruitment\/wp-content\/uploads\/sites\/5\/2025\/01\/Namnlos-design-1-3-768x768.jpg 768w, https:\/\/novare.se\/interim-and-recruitment\/wp-content\/uploads\/sites\/5\/2025\/01\/Namnlos-design-1-3.jpg 1080w\" sizes=\"(max-width: 1024px) 100vw, 1024px\" \/>            <\/div>\n            \n            <div class=\"row__col row__col--lg-6\">\n                                    <div class=\"title-wrapper text-medium\" data-aos-anchor='#faq-block-block_8fb2693591153765b3564153ebbd082a'data-aos='fade-up'data-aos-easing='ease-in-out-sine'data-aos-duration='500'data-aos-delay='300'data-aos-once='true'data-aos-offset='250' >\n                        <h2 class=\"h3 text-left\">Vanliga fr\u00e5gor om <i><strong>din karri\u00e4r<\/i><\/strong> via Novare<\/h2>                    <\/div>\n                                                    \n                                    <div class=\"accordion\">\n                                                    <div class=\"accordion-item\" data-aos-anchor='#faq-block-block_8fb2693591153765b3564153ebbd082a'data-aos='fade-right'data-aos-easing='ease-in-out-sine'data-aos-duration='500'data-aos-delay='1000'data-aos-once='true'data-aos-offset='250' >\n                                <div class=\"accordion-header\">\n                                    <span class=\"question\">Vilka karri\u00e4rm\u00f6jligheter erbjuder Novare Interim &#038; Recruitment?<\/span>\n                                    <i class=\"fa fa-plus\"><\/i><i class=\"fa fa-minus hidden\"><\/i>\n                                <\/div>\n                                <div class=\"accordion-content\" style=\"display: none;\">\n                                    <span class=\"separator\"><\/span>\n                                    Vi erbjuder karri\u00e4rm\u00f6jligheter inom b\u00e5de interimuppdrag och rekrytering, d\u00e4r du kan arbeta i olika organisationer, roller och branscher beroende p\u00e5 din erfarenhet och ambition.                                <\/div>\n                            <\/div>\n                                                        <div class=\"accordion-item\" data-aos-anchor='#faq-block-block_8fb2693591153765b3564153ebbd082a'data-aos='fade-right'data-aos-easing='ease-in-out-sine'data-aos-duration='500'data-aos-delay='1250'data-aos-once='true'data-aos-offset='250' >\n                                <div class=\"accordion-header\">\n                                    <span class=\"question\">Vem passar karri\u00e4rm\u00f6jligheter via Novare Interim &#038; Recruitment f\u00f6r?<\/span>\n                                    <i class=\"fa fa-plus\"><\/i><i class=\"fa fa-minus hidden\"><\/i>\n                                <\/div>\n                                <div class=\"accordion-content\" style=\"display: none;\">\n                                    <span class=\"separator\"><\/span>\n                                    M\u00f6jligheterna passar dig som \u00e4r konsult, specialist eller ledare och som s\u00f6ker variation, utveckling och nya utmaningar i olika verksamhetsmilj\u00f6er.                                <\/div>\n                            <\/div>\n                                                        <div class=\"accordion-item\" data-aos-anchor='#faq-block-block_8fb2693591153765b3564153ebbd082a'data-aos='fade-right'data-aos-easing='ease-in-out-sine'data-aos-duration='500'data-aos-delay='1500'data-aos-once='true'data-aos-offset='250' >\n                                <div class=\"accordion-header\">\n                                    <span class=\"question\">Hur fungerar det att arbeta som konsult via Novare?<\/span>\n                                    <i class=\"fa fa-plus\"><\/i><i class=\"fa fa-minus hidden\"><\/i>\n                                <\/div>\n                                <div class=\"accordion-content\" style=\"display: none;\">\n                                    <span class=\"separator\"><\/span>\n                                    Som konsult f\u00e5r du st\u00f6d genom hela uppdraget och tillg\u00e5ng till ett etablerat n\u00e4tverk, samtidigt som du arbetar i uppdrag som \u00e4r anpassade efter din kompetens och tillg\u00e4nglighet.                                <\/div>\n                            <\/div>\n                                                        <div class=\"accordion-item\" data-aos-anchor='#faq-block-block_8fb2693591153765b3564153ebbd082a'data-aos='fade-right'data-aos-easing='ease-in-out-sine'data-aos-duration='500'data-aos-delay='1750'data-aos-once='true'data-aos-offset='250' >\n                                <div class=\"accordion-header\">\n                                    <span class=\"question\">Kan jag s\u00f6ka uppdrag \u00e4ven om jag inte ser en aktuell roll som passar?<\/span>\n                                    <i class=\"fa fa-plus\"><\/i><i class=\"fa fa-minus hidden\"><\/i>\n                                <\/div>\n                                <div class=\"accordion-content\" style=\"display: none;\">\n                                    <span class=\"separator\"><\/span>\n                                    Ja, du \u00e4r v\u00e4lkommen att skicka in en spontanans\u00f6kan s\u00e5 att vi kan matcha din profil mot kommande uppdrag och m\u00f6jligheter.                                <\/div>\n                            <\/div>\n                                                        <div class=\"accordion-item\" data-aos-anchor='#faq-block-block_8fb2693591153765b3564153ebbd082a'data-aos='fade-right'data-aos-easing='ease-in-out-sine'data-aos-duration='500'data-aos-delay='2000'data-aos-once='true'data-aos-offset='250' >\n                                <div class=\"accordion-header\">\n                                    <span class=\"question\">Vad h\u00e4nder efter att ett uppdrag avslutas?<\/span>\n                                    <i class=\"fa fa-plus\"><\/i><i class=\"fa fa-minus hidden\"><\/i>\n                                <\/div>\n                                <div class=\"accordion-content\" style=\"display: none;\">\n                                    <span class=\"separator\"><\/span>\n                                    N\u00e4r ett uppdrag avslutas forts\u00e4tter dialogen f\u00f6r att identifiera nya uppdrag som passar din profil, erfarenhet och n\u00e4sta steg i karri\u00e4ren.                                <\/div>\n                            <\/div>\n                                                <\/div>\n                            <\/div>\n        <\/div>\n    <\/div>\n<\/section>\n","protected":false},"excerpt":{"rendered":"","protected":false},"author":4,"featured_media":0,"parent":0,"menu_order":0,"comment_status":"closed","ping_status":"closed","template":"","meta":{"_acf_changed":false,"_seopress_robots_primary_cat":"","_seopress_titles_title":"Karri\u00e4rm\u00f6jligheter hos Novare - novare.se","_seopress_titles_desc":"Uppt\u00e4ck karri\u00e4rm\u00f6jligheter med Novare! Bli konsult eller direktrekryterad. Vi erbjuder flexibla jobb, sommarjobb och st\u00f6d genom hela processen.","_seopress_robots_index":"","inline_featured_image":false,"footnotes":""},"class_list":["post-421","page","type-page","status-publish","hentry"],"acf":[],"_links":{"self":[{"href":"https:\/\/novare.se\/interim-and-recruitment\/wp-json\/wp\/v2\/pages\/421","targetHints":{"allow":["GET"]}}],"collection":[{"href":"https:\/\/novare.se\/interim-and-recruitment\/wp-json\/wp\/v2\/pages"}],"about":[{"href":"https:\/\/novare.se\/interim-and-recruitment\/wp-json\/wp\/v2\/types\/page"}],"author":[{"embeddable":true,"href":"https:\/\/novare.se\/interim-and-recruitment\/wp-json\/wp\/v2\/users\/4"}],"replies":[{"embeddable":true,"href":"https:\/\/novare.se\/interim-and-recruitment\/wp-json\/wp\/v2\/comments?post=421"}],"version-history":[{"count":23,"href":"https:\/\/novare.se\/interim-and-recruitment\/wp-json\/wp\/v2\/pages\/421\/revisions"}],"predecessor-version":[{"id":5313,"href":"https:\/\/novare.se\/interim-and-recruitment\/wp-json\/wp\/v2\/pages\/421\/revisions\/5313"}],"wp:attachment":[{"href":"https:\/\/novare.se\/interim-and-recruitment\/wp-json\/wp\/v2\/media?parent=421"}],"curies":[{"name":"wp","href":"https:\/\/api.w.org\/{rel}","templated":true}]}}