{"id":217,"date":"2024-04-17T11:40:03","date_gmt":"2024-04-17T11:40:03","guid":{"rendered":"https:\/\/novare.se\/interim-and-recruitment\/?page_id=217"},"modified":"2026-02-03T17:33:10","modified_gmt":"2026-02-03T17:33:10","slug":"rekrytering","status":"publish","type":"page","link":"https:\/\/novare.se\/interim-and-recruitment\/rekrytering\/","title":{"rendered":"Rekrytering"},"content":{"rendered":"<section id=\"hero-3-block_dc2811f8bc1cf87eb343b6474a6869e5\" class=\"block hero-3  m-b \">\n    <div class=\"hero-3--top-section bg-primary\">\n                    <div class=\"bg-backdrop\">\n                <div class=\"bg-backdrop--inner\"><\/div>\n            <\/div>\n                <div class=\"container\">\n            <div class=\"row\">\n                <div class=\"row__col\">\n                    <div class=\"text-img-wrapper\">\n                        <div class=\"text-col\" >\n                                                                \n                                <div class=\"title-wrapper\" >\n                                    <h1 class=\"h2 text-left\"><strong><i>Rekrytering<\/i><\/strong><\/h1>                                <\/div>\n                                                            \n                            \n                                                            <div class=\"text-wrapper\" >\n                                    <p>Vi hj\u00e4lper dig att hitta r\u00e4tt kompetens f\u00f6r r\u00e4tt roll, med en rekryteringsprocess som pr\u00e4glas av kvalitet, engagemang och f\u00f6rst\u00e5else f\u00f6r ditt behov.<\/p>\n                                <\/div>\n                                                            \n                                                            <div class='btn-wrapper'><div class=\"btn-element\" ><a class=\"btn btn--white\" href=\"https:\/\/novare.se\/interim-and-recruitment\/kontakta-oss\/\"target=\"_self\">Kontakta oss<\/a><\/div><\/div>    \n                                                    <\/div>\n\n                                                    <div class=\"4532 HEROTHREEIMG img-col \"   >\n                            <img loading=\"lazy\" decoding=\"async\" width=\"1024\" height=\"1024\" src=\"https:\/\/novare.se\/interim-and-recruitment\/wp-content\/uploads\/sites\/5\/2025\/01\/Namnlos-design-7-1024x1024.jpg\" class=\"attachment-large size-large\" alt=\"\" srcset=\"https:\/\/novare.se\/interim-and-recruitment\/wp-content\/uploads\/sites\/5\/2025\/01\/Namnlos-design-7-1024x1024.jpg 1024w, https:\/\/novare.se\/interim-and-recruitment\/wp-content\/uploads\/sites\/5\/2025\/01\/Namnlos-design-7-360x360.jpg 360w, https:\/\/novare.se\/interim-and-recruitment\/wp-content\/uploads\/sites\/5\/2025\/01\/Namnlos-design-7-150x150.jpg 150w, https:\/\/novare.se\/interim-and-recruitment\/wp-content\/uploads\/sites\/5\/2025\/01\/Namnlos-design-7-768x768.jpg 768w, https:\/\/novare.se\/interim-and-recruitment\/wp-content\/uploads\/sites\/5\/2025\/01\/Namnlos-design-7.jpg 1080w\" sizes=\"(max-width: 1024px) 100vw, 1024px\" \/>                                \n                            <\/div>\n                                            <\/div>\n                <\/div>\n            <\/div>\n        <\/div>\n    <\/div>\n            <div class=\"hero-3--bottom-section \"  >\n        <div class=\"breadcrumbs dark-text\">\n\t<div class=\"container\">\n        <div class=\"row\">\n            <div class=\"row__col\">\n                <div class=\"breadcrumbs--inner\">\n                    <ul>\n                                                                                <li>\n                                <a href=\"https:\/\/novare.se\/\" class=\"alt\">\n                                    Novare                                <\/a>\n                            <\/li>\n                            \n\t\t\t                                        <li>\n                                <a href=\"https:\/\/novare.se\/interim-and-recruitment\/\" class=\"alt\">\n                                                                            Novare Interim and Recruitment                                                                    <\/a>\n                            <\/li>\n\t\t\t                                    <li><span class=\"alt\">Rekrytering<\/span><\/li>\n                    <\/ul>\n                <\/div>\n            <\/div>\n        <\/div>\n\t<\/div>\n<\/div>        <\/div>\n    \n    <\/section>\n\n\n<section id=\"one-column-text-block-block_05a7f3291f0d0dab309f37f9e529adb5\" class=\"block one-column-text-block  m-b bg-default\">\n    <div class=\"container\">\n        <div class=\"row row--middle\">\n                            <div class=\"row__col row__col--lg-8\">\n                    <div class=\"title-wrapper\" data-aos-anchor='#one-column-text-block-block_05a7f3291f0d0dab309f37f9e529adb5'data-aos='fade-up'data-aos-easing='ease-in-out-sine'data-aos-duration='500'data-aos-delay='0'data-aos-once='true'data-aos-offset='250' >\n                        <h3 class=\"h4 m-0 text-left\">R\u00e4tt kompetens <strong><i>f\u00f6r din organisation<\/i><\/strong><\/h3>                    <\/div>\n                <\/div>\n                            \n                            <div class=\"row__col row__col--lg-8\" data-aos-anchor='#one-column-text-block-block_05a7f3291f0d0dab309f37f9e529adb5'data-aos='fade-up'data-aos-easing='ease-in-out-sine'data-aos-duration='500'data-aos-delay='250'data-aos-once='true'data-aos-offset='250'>\n                    <p class=\"preamble m-0\">Vi hj\u00e4lper dig att hitta r\u00e4tt person f\u00f6r r\u00e4tt roll, med ett engagemang och en kvalitet som skapar l\u00e5ngsiktigt v\u00e4rde f\u00f6r din organisation.<\/p>                <\/div>\n            \n                            <div class=\"row__col row__col--lg-8\" data-aos-anchor='#one-column-text-block-block_05a7f3291f0d0dab309f37f9e529adb5'data-aos='fade-up'data-aos-easing='ease-in-out-sine'data-aos-duration='500'data-aos-delay='250'data-aos-once='true'data-aos-offset='250'>\n                    <div class=\"text-wrapper editor-content\">\n                        <p>Vi erbjuder rekryteringstj\u00e4nster med ett brett och aktuellt n\u00e4tverk inom ekonomi, HR och business support. Genom v\u00e5r erfarenhet och branschkunskap kan vi snabbt identifiera och attrahera r\u00e4tt kompetens f\u00f6r din organisation.<\/p>\n<p>N\u00e4r du samarbetar med oss f\u00e5r du en dedikerad rekryteringskonsult som f\u00f6ljer dig genom hela processen, fr\u00e5n kravprofil och urval till intervjuer och presentation av kandidater. Vi arbetar n\u00e4ra dig och anpassar oss efter dina behov, oavsett om det handlar om en specialistroll eller en nyckelposition.<\/p>\n<p>&nbsp;<\/p>\n<p>V\u00e5rt m\u00e5l \u00e4r att skapa l\u00e5ngsiktiga matchningar d\u00e4r b\u00e5de f\u00f6retag och kandidater f\u00e5r r\u00e4tt f\u00f6ruts\u00e4ttningar att utvecklas. Vi finns med som st\u00f6d hela v\u00e4gen &#8211; fr\u00e5n f\u00f6rsta kontakt till att kandidaten har f\u00e5tt sitt erbjudande.<\/p>\n                    <\/div>\n                <\/div>\n                            \n            \n                    <\/div>\n    <\/div>\n<\/section>\n\n<section id=\"title-and-text-block_ccf01bc51ab9f9a93771d446a28e551a\" class=\"block title-and-text  m-b\">\n\t<div class=\"container\">\n\t\t<div class=\"row bg-off-white\">\n\t\t\t<div class=\"row__col row__col--lg-4\">\n\t\t\t\t                    <div class=\"title-wrapper\"  data-aos-anchor='#title-and-text-block_ccf01bc51ab9f9a93771d446a28e551a'data-aos='fade-up'data-aos-easing='ease-in-out-sine'data-aos-duration='500'data-aos-delay='0'data-aos-once='true'data-aos-offset='250'>\n                        <h3 class=\"h3 text-left\"><strong><i>V\u00e5r process<\/i><\/strong><\/h3>                    <\/div>\n                                    \t\t\t<\/div>\n\t\t\t<div class=\"row__col row__col--lg-8 content\">\n\t\t\t\t                    <div class=\"preamble-wrapper\"  data-aos-anchor='#title-and-text-block_ccf01bc51ab9f9a93771d446a28e551a'data-aos='fade-up'data-aos-easing='ease-in-out-sine'data-aos-duration='500'data-aos-delay='250'data-aos-once='true'data-aos-offset='250'>\n                        <p class=\"preamble\">V\u00e5r rekryteringsprocess best\u00e5r av sex tydliga steg, utformade f\u00f6r att s\u00e4kerst\u00e4lla en tr\u00e4ffs\u00e4ker och h\u00e5llbar matchning mellan kandidat och organisation.<\/p>                    <\/div>\n\t\t\t\t\n\t\t\t\t\t\t\t\t\t<div class=\"text-wrapper editor-content\"  data-aos-anchor='#title-and-text-block_ccf01bc51ab9f9a93771d446a28e551a'data-aos='fade-up'data-aos-easing='ease-in-out-sine'data-aos-duration='500'data-aos-delay='250'data-aos-once='true'data-aos-offset='250'>\n\t\t\t\t\t\t<h6>Proaktivitet<\/h6>\n<p>Vi ligger steget f\u00f6re. Genom aktiv n\u00e4rvaro i relevanta forum och ett st\u00e4ndigt v\u00e4xande n\u00e4tverk inom HR, ekonomi, marknad och administration h\u00e5ller vi oss uppdaterade om marknaden och potentiella kandidater &#8211; l\u00e5ngt innan behovet uppst\u00e5r.<\/p>\n<p>&nbsp;<\/p>\n<h6>Analys<\/h6>\n<p>Processen inleds med ett uppstartsm\u00f6te d\u00e4r vi tillsammans f\u00f6rdjupar oss i uppdraget och tar fram en tydlig kravprofil och befattningsbeskrivning. Profilen innefattar en beskrivning av bolaget, rollens \u00f6vergripande ansvar och m\u00e5l samt krav p\u00e5 kandidatens erfarenheter och personliga egenskaper.<\/p>\n<p>&nbsp;<\/p>\n<h6>S\u00f6karbete och n\u00e4tverk<\/h6>\n<p>Vi kombinerar annonsering och search med v\u00e5rt breda n\u00e4tverk och databas f\u00f6r att hitta r\u00e4tt kandidater. Genom Novaregruppen m\u00f6ter vi \u00f6ver 3 000 kandidater per \u00e5r, vilket ger oss en unik r\u00e4ckvidd. Vi h\u00e5ller t\u00e4t kontakt med er under processen och integrerar g\u00e4rna interna kandidater f\u00f6r ett optimalt urval.<\/p>\n<p>&nbsp;<\/p>\n<h6>Intervju<\/h6>\n<p>Efter initiala telefonintervjuer genomf\u00f6r vi djupintervjuer med utvalda kandidater. Bed\u00f6mningen baseras p\u00e5 den \u00f6verenskomna kravprofilen.<\/p>\n<p>&nbsp;<\/p>\n<h6>Kandidatpresentation<\/h6>\n<p>Som kund f\u00e5r du regelbundna uppdateringar och en tydlig leverans, vanligtvis 2-3 rekommenderade kandidater som matchar dina behov. Vi tar alltid referenser f\u00f6r att s\u00e4kerst\u00e4lla kvaliteten i v\u00e5ra leveranser.<\/p>\n<p>&nbsp;<\/p>\n<h6>Uppf\u00f6ljning<\/h6>\n<p>Vi f\u00f6ljer upp varje rekrytering inom tre m\u00e5nader f\u00f6r att s\u00e4kerst\u00e4lla att b\u00e5de kund och kandidat \u00e4r n\u00f6jda. Feedbacken anv\u00e4nds f\u00f6r att kontinuerligt f\u00f6rb\u00e4ttra processen.<\/p>\n<p>&nbsp;<\/p>\n<p>Vid konsultuppdrag har vi l\u00f6pande dialog med v\u00e5ra konsulter och erbjuder st\u00f6d och coachning genom hela uppdraget &#8211; f\u00f6r att snabbt f\u00e5nga upp behov och skapa st\u00f6rsta m\u00f6jliga v\u00e4rde f\u00f6r verksamheten.<\/p>\n\t\t\t\t\t<\/div>\n                    \t\t\t\t\t\n\n\t\t\t\t\n\t\t\t\t\t\t\t<\/div>\n\t\t<\/div>\n\t<\/div>\n<\/section>\n\n<section id=\"image-video-text-block_d05c42046a5b5975349d09883d4bf303\" class=\"block image-video-text  m-b bg-default\">\n    <div class=\"container\">\n        <div class=\"row image-right\">\n            <div class=\"row__col row__col--md-6 media-item\">\n                                    <div class=\"image-wrapper\" data-aos-anchor='#image-video-text-block_d05c42046a5b5975349d09883d4bf303'data-aos='fade-up'data-aos-easing='ease-in-out-sine'data-aos-duration='500'data-aos-delay='0'data-aos-once='true'data-aos-offset='250' >\n                        <img loading=\"lazy\" decoding=\"async\" width=\"1024\" height=\"1024\" src=\"https:\/\/novare.se\/interim-and-recruitment\/wp-content\/uploads\/sites\/5\/2025\/09\/faq_novare1-1024x1024.jpg\" class=\"media-item\" alt=\"\" srcset=\"https:\/\/novare.se\/interim-and-recruitment\/wp-content\/uploads\/sites\/5\/2025\/09\/faq_novare1-1024x1024.jpg 1024w, https:\/\/novare.se\/interim-and-recruitment\/wp-content\/uploads\/sites\/5\/2025\/09\/faq_novare1-360x360.jpg 360w, https:\/\/novare.se\/interim-and-recruitment\/wp-content\/uploads\/sites\/5\/2025\/09\/faq_novare1-150x150.jpg 150w, https:\/\/novare.se\/interim-and-recruitment\/wp-content\/uploads\/sites\/5\/2025\/09\/faq_novare1-768x768.jpg 768w, https:\/\/novare.se\/interim-and-recruitment\/wp-content\/uploads\/sites\/5\/2025\/09\/faq_novare1.jpg 1080w\" sizes=\"(max-width: 1024px) 100vw, 1024px\" \/>                    <\/div>\n                                            <\/div>\n\n            <div class=\"row__col row__col--md-6 content\"  >\n                                    <div class=\"title-wrapper\" data-aos-anchor='#image-video-text-block_d05c42046a5b5975349d09883d4bf303'data-aos='fade-up'data-aos-easing='ease-in-out-sine'data-aos-duration='500'data-aos-delay='300'data-aos-once='true'data-aos-offset='250'>\n                        <h3 class=\"h3 text-left\"><strong><i>Volymrekryteringar<\/i><\/strong><\/h3>                    <\/div>\n                                                                        <div class=\"text-wrapper editor-content\" data-aos-anchor='#image-video-text-block_d05c42046a5b5975349d09883d4bf303'data-aos='fade-up'data-aos-easing='ease-in-out-sine'data-aos-duration='500'data-aos-delay='550'data-aos-once='true'data-aos-offset='250'>\n                    <p>Volymrekrytering anv\u00e4nds f\u00f6r att hantera stora volymer av kandidater vid en rekryteringsprocess. Har du som kund behov av att anst\u00e4lla flera personer samtidigt, d\u00e5 \u00e4r volymrekrytering ett effektivt s\u00e4tt att hantera processen.<\/p>\n<p>Vi erbjuder olika typer av st\u00f6d f\u00f6r detta som l\u00e4mpar sig vid till exempel traineeprogram eller n\u00e4r det \u00e4r ett st\u00f6rre infl\u00f6de av liknande profiler. Vi erbjuder i dessa projekt en dedikerad rekryteringskonsult och en standardiserad process som givetvis kan modifieras utifr\u00e5n ditt behov som kund.<\/p>\n                    <\/div>\n                                                                                <\/div>\n        <\/div>\n    <\/div>\n<\/section>\n\n\n<section id=\"contact-persons-block_5de46531f9ba301ad62428529cc5ee5e\" class=\"block contact-persons  m-b\">\n    <div class=\"container\">\n        <div class=\"row\">\n            <div class=\"row__col row__col--lg-12\">\n                <div class=\"contact-persons--wrapper bg-blue-light\">\n                    <div class=\"contact-persons--wrapper--content\" >\n                                                    <div class=\"header-wrapper\" >\n                                <h3 class=\"h3 text-left\"><strong><i>Vill du veta mer?<\/i><\/strong><\/h3>                            <\/div>\n                        \n                                                    <div class=\"text-wrapper\">\n                                <h3>H\u00f6r av dig!<\/h3>\n                            <\/div>\n                        \n                                                                                                <\/div>\n                    <div class=\"contact-persons--wrapper--people\">\n                                                                                    <div class=\"contact-person\" data-aos-anchor='#contact-persons-block_5de46531f9ba301ad62428529cc5ee5e'data-aos='fade-right'data-aos-easing='ease-in-out-sine'data-aos-duration='500'data-aos-delay='0'data-aos-once='true'data-aos-offset='250' >\n                                    <div class=\"contact-person--image\">\n                                        <img loading=\"lazy\" decoding=\"async\" width=\"360\" height=\"258\" src=\"https:\/\/novare.se\/interim-and-recruitment\/wp-content\/uploads\/sites\/5\/2024\/04\/Sohaila_Bagger_Sjoback_Tiny-360x258.jpg\" class=\"attachment-medium size-medium\" alt=\"Person ler, kl\u00e4dd i svart kavaj, mot neutral bakgrund.\" srcset=\"https:\/\/novare.se\/interim-and-recruitment\/wp-content\/uploads\/sites\/5\/2024\/04\/Sohaila_Bagger_Sjoback_Tiny-360x258.jpg 360w, https:\/\/novare.se\/interim-and-recruitment\/wp-content\/uploads\/sites\/5\/2024\/04\/Sohaila_Bagger_Sjoback_Tiny.jpg 670w\" sizes=\"(max-width: 360px) 100vw, 360px\" \/>                                    <\/div>\n                                    <div class=\"contact-person--details\">\n                                        <div class=\"name-wrapper\">\n                                            <a href=\"https:\/\/novare.se\/interim-and-recruitment\/medarbetare\/sohaila-bagger-sjoback\/\">Sohaila Bagger-Sj\u00f6b\u00e4ck<\/a>\n                                        <\/div>\n                                        <div class=\"title-wrapper\">\n                                            <p>Vd och grundare<\/p>\n                                        <\/div>\n                                        <div class=\"email-wrapper\">\n                                            <a href=\"mailto:sohaila.baggersjoback@novare.se\">sohaila.baggersjoback@novare.se<\/a>\n                                        <\/div>\n                                        <div class=\"phone-wrapper\">\n                                            <a href=\"tel:+46733434329\">+46 733 43 43 29<\/a>\n                                        <\/div>\n                                    <\/div>\n                                <\/div>\n                                                    <\/div>\n                <\/div>\n            <\/div>\n        <\/div>\n    <\/div>\n<\/section>\n\n\n<section id=\"faq-block-block_4300e2e4829624204e6713497791e146\" class=\"block faq-block  m-b bg-default\">\n    <div class=\"container\">\n        <div class=\"row\">\n            <div class=\"row__col row__col--lg-6\" data-aos-anchor='#faq-block-block_4300e2e4829624204e6713497791e146'data-aos='fade-up'data-aos-easing='ease-in-out-sine'data-aos-duration='500'data-aos-delay='0'data-aos-once='true'data-aos-offset='250' >\n                <img loading=\"lazy\" decoding=\"async\" width=\"831\" height=\"1024\" src=\"https:\/\/novare.se\/interim-and-recruitment\/wp-content\/uploads\/sites\/5\/2025\/10\/chefsrekrytering_1380x1700-831x1024.jpg\" class=\"media-item\" alt=\"Tv\u00e5 personer som talar\" srcset=\"https:\/\/novare.se\/interim-and-recruitment\/wp-content\/uploads\/sites\/5\/2025\/10\/chefsrekrytering_1380x1700-831x1024.jpg 831w, https:\/\/novare.se\/interim-and-recruitment\/wp-content\/uploads\/sites\/5\/2025\/10\/chefsrekrytering_1380x1700-292x360.jpg 292w, https:\/\/novare.se\/interim-and-recruitment\/wp-content\/uploads\/sites\/5\/2025\/10\/chefsrekrytering_1380x1700-768x946.jpg 768w, https:\/\/novare.se\/interim-and-recruitment\/wp-content\/uploads\/sites\/5\/2025\/10\/chefsrekrytering_1380x1700-1247x1536.jpg 1247w, https:\/\/novare.se\/interim-and-recruitment\/wp-content\/uploads\/sites\/5\/2025\/10\/chefsrekrytering_1380x1700.jpg 1380w\" sizes=\"(max-width: 831px) 100vw, 831px\" \/>            <\/div>\n            \n            <div class=\"row__col row__col--lg-6\">\n                                    <div class=\"title-wrapper text-medium\" data-aos-anchor='#faq-block-block_4300e2e4829624204e6713497791e146'data-aos='fade-up'data-aos-easing='ease-in-out-sine'data-aos-duration='500'data-aos-delay='300'data-aos-once='true'data-aos-offset='250' >\n                        <h2 class=\"h3 text-left\">Vanliga fr\u00e5gor om <i><strong>rekrytering<\/i><\/strong><\/h2>                    <\/div>\n                                                    \n                                    <div class=\"accordion\">\n                                                    <div class=\"accordion-item\" data-aos-anchor='#faq-block-block_4300e2e4829624204e6713497791e146'data-aos='fade-right'data-aos-easing='ease-in-out-sine'data-aos-duration='500'data-aos-delay='1000'data-aos-once='true'data-aos-offset='250' >\n                                <div class=\"accordion-header\">\n                                    <span class=\"question\">Hur arbetar Novare Interim &#038; Recruitment med rekrytering?<\/span>\n                                    <i class=\"fa fa-plus\"><\/i><i class=\"fa fa-minus hidden\"><\/i>\n                                <\/div>\n                                <div class=\"accordion-content\" style=\"display: none;\">\n                                    <span class=\"separator\"><\/span>\n                                    Vi arbetar strukturerat och behovsdrivet f\u00f6r att hj\u00e4lpa organisationer att hitta r\u00e4tt kompetens, med fokus p\u00e5 b\u00e5de professionell matchning och l\u00e5ngsiktig h\u00e5llbarhet.                                <\/div>\n                            <\/div>\n                                                        <div class=\"accordion-item\" data-aos-anchor='#faq-block-block_4300e2e4829624204e6713497791e146'data-aos='fade-right'data-aos-easing='ease-in-out-sine'data-aos-duration='500'data-aos-delay='1250'data-aos-once='true'data-aos-offset='250' >\n                                <div class=\"accordion-header\">\n                                    <span class=\"question\">Vilka typer av roller rekryterar Novare Interim &#038; Recruitment till?<\/span>\n                                    <i class=\"fa fa-plus\"><\/i><i class=\"fa fa-minus hidden\"><\/i>\n                                <\/div>\n                                <div class=\"accordion-content\" style=\"display: none;\">\n                                    <span class=\"separator\"><\/span>\n                                    Vi rekryterar till b\u00e5de specialist- och chefsroller inom olika funktioner och branscher, d\u00e4r kompetens, engagemang och kulturell passform \u00e4r avg\u00f6rande.                                <\/div>\n                            <\/div>\n                                                        <div class=\"accordion-item\" data-aos-anchor='#faq-block-block_4300e2e4829624204e6713497791e146'data-aos='fade-right'data-aos-easing='ease-in-out-sine'data-aos-duration='500'data-aos-delay='1500'data-aos-once='true'data-aos-offset='250' >\n                                <div class=\"accordion-header\">\n                                    <span class=\"question\">Hur ser rekryteringsprocessen ut?<\/span>\n                                    <i class=\"fa fa-plus\"><\/i><i class=\"fa fa-minus hidden\"><\/i>\n                                <\/div>\n                                <div class=\"accordion-content\" style=\"display: none;\">\n                                    <span class=\"separator\"><\/span>\n                                    Rekryteringsprocessen bygger p\u00e5 en tydlig kravprofil, noggrant urval, strukturerade intervjuer och l\u00f6pande dialog f\u00f6r att s\u00e4kerst\u00e4lla ett v\u00e4lgrundat beslut.                                <\/div>\n                            <\/div>\n                                                        <div class=\"accordion-item\" data-aos-anchor='#faq-block-block_4300e2e4829624204e6713497791e146'data-aos='fade-right'data-aos-easing='ease-in-out-sine'data-aos-duration='500'data-aos-delay='1750'data-aos-once='true'data-aos-offset='250' >\n                                <div class=\"accordion-header\">\n                                    <span class=\"question\">Hur anpassas rekryteringen efter organisationens behov?<\/span>\n                                    <i class=\"fa fa-plus\"><\/i><i class=\"fa fa-minus hidden\"><\/i>\n                                <\/div>\n                                <div class=\"accordion-content\" style=\"display: none;\">\n                                    <span class=\"separator\"><\/span>\n                                    Varje rekrytering anpassas efter organisationens m\u00e5l, f\u00f6ruts\u00e4ttningar och tidshorisont, oavsett om behovet \u00e4r akut eller l\u00e5ngsiktigt.                                <\/div>\n                            <\/div>\n                                                        <div class=\"accordion-item\" data-aos-anchor='#faq-block-block_4300e2e4829624204e6713497791e146'data-aos='fade-right'data-aos-easing='ease-in-out-sine'data-aos-duration='500'data-aos-delay='2000'data-aos-once='true'data-aos-offset='250' >\n                                <div class=\"accordion-header\">\n                                    <span class=\"question\">Vad \u00e4r m\u00e5let med Novares rekryteringsarbete?<\/span>\n                                    <i class=\"fa fa-plus\"><\/i><i class=\"fa fa-minus hidden\"><\/i>\n                                <\/div>\n                                <div class=\"accordion-content\" style=\"display: none;\">\n                                    <span class=\"separator\"><\/span>\n                                    M\u00e5let \u00e4r att skapa tr\u00e4ffs\u00e4kra matchningar d\u00e4r r\u00e4tt person bidrar till verksamhetens utveckling och resultat \u00f6ver tid.                                <\/div>\n                            <\/div>\n                                                <\/div>\n                            <\/div>\n        <\/div>\n    <\/div>\n<\/section>\n","protected":false},"excerpt":{"rendered":"","protected":false},"author":1,"featured_media":0,"parent":0,"menu_order":0,"comment_status":"closed","ping_status":"closed","template":"","meta":{"_acf_changed":false,"_seopress_robots_primary_cat":"","_seopress_titles_title":"Rekryteringstj\u00e4nster inom HR och ekonomi - novare.se","_seopress_titles_desc":"Effektiv rekrytering inom ekonomi, HR och business support. Vi anpassar oss efter ditt behov med proaktivt, noggrant och flexibelt arbetss\u00e4tt.","_seopress_robots_index":"","inline_featured_image":false,"footnotes":""},"class_list":["post-217","page","type-page","status-publish","hentry"],"acf":[],"_links":{"self":[{"href":"https:\/\/novare.se\/interim-and-recruitment\/wp-json\/wp\/v2\/pages\/217","targetHints":{"allow":["GET"]}}],"collection":[{"href":"https:\/\/novare.se\/interim-and-recruitment\/wp-json\/wp\/v2\/pages"}],"about":[{"href":"https:\/\/novare.se\/interim-and-recruitment\/wp-json\/wp\/v2\/types\/page"}],"author":[{"embeddable":true,"href":"https:\/\/novare.se\/interim-and-recruitment\/wp-json\/wp\/v2\/users\/1"}],"replies":[{"embeddable":true,"href":"https:\/\/novare.se\/interim-and-recruitment\/wp-json\/wp\/v2\/comments?post=217"}],"version-history":[{"count":33,"href":"https:\/\/novare.se\/interim-and-recruitment\/wp-json\/wp\/v2\/pages\/217\/revisions"}],"predecessor-version":[{"id":5292,"href":"https:\/\/novare.se\/interim-and-recruitment\/wp-json\/wp\/v2\/pages\/217\/revisions\/5292"}],"wp:attachment":[{"href":"https:\/\/novare.se\/interim-and-recruitment\/wp-json\/wp\/v2\/media?parent=217"}],"curies":[{"name":"wp","href":"https:\/\/api.w.org\/{rel}","templated":true}]}}