{"id":4393,"date":"2024-06-07T13:10:09","date_gmt":"2024-06-07T13:10:09","guid":{"rendered":"https:\/\/novare.se\/interim-and-recruitment\/?page_id=4393"},"modified":"2024-12-11T15:10:29","modified_gmt":"2024-12-11T15:10:29","slug":"what-we-offer","status":"publish","type":"page","link":"https:\/\/novare.se\/interim-and-recruitment\/en\/what-we-offer\/","title":{"rendered":"What We Offer"},"content":{"rendered":"<section id=\"hero-3-block_78b28a3c97f165c7a98d71969b705e52\" class=\"block hero-3  m-b \">\n    <div class=\"hero-3--top-section bg-primary\">\n                    <div class=\"bg-backdrop\">\n                <div class=\"bg-backdrop--inner\"><\/div>\n            <\/div>\n                <div class=\"container\">\n            <div class=\"row\">\n                <div class=\"row__col\">\n                    <div class=\"text-img-wrapper\">\n                        <div class=\"text-col\" >\n                                                                \n                                <div class=\"title-wrapper\" >\n                                    <h1 class=\"h1 text-left\">Our Offer<\/h1>                                <\/div>\n                                                            \n                            \n                            \n                                                            <div class='btn-wrapper'><div class=\"btn-element\" ><a class=\"btn btn--white\" href=\"https:\/\/novare.se\/interim-and-recruitment\/en\/contact-us\/\"target=\"_self\">Contact us<\/a><\/div><\/div>    \n                                                    <\/div>\n\n                                                    <div class=\"717 HEROTHREEIMG img-col \"   >\n                            <img loading=\"lazy\" decoding=\"async\" width=\"1024\" height=\"819\" src=\"https:\/\/novare.se\/interim-and-recruitment\/wp-content\/uploads\/sites\/5\/2024\/06\/Novare_sma14_webb.jpg\" class=\"attachment-large size-large\" alt=\"\" srcset=\"https:\/\/novare.se\/interim-and-recruitment\/wp-content\/uploads\/sites\/5\/2024\/06\/Novare_sma14_webb.jpg 1500w, https:\/\/novare.se\/interim-and-recruitment\/wp-content\/uploads\/sites\/5\/2024\/06\/Novare_sma14_webb-180x144.jpg 180w, https:\/\/novare.se\/interim-and-recruitment\/wp-content\/uploads\/sites\/5\/2024\/06\/Novare_sma14_webb-200x160.jpg 200w, https:\/\/novare.se\/interim-and-recruitment\/wp-content\/uploads\/sites\/5\/2024\/06\/Novare_sma14_webb-500x400.jpg 500w\" sizes=\"(max-width: 1024px) 100vw, 1024px\" \/>                                \n                            <\/div>\n                                            <\/div>\n                <\/div>\n            <\/div>\n        <\/div>\n    <\/div>\n            <div class=\"hero-3--bottom-section \"  >\n        <div class=\"breadcrumbs dark-text\">\n\t<div class=\"container\">\n        <div class=\"row\">\n            <div class=\"row__col\">\n                <div class=\"breadcrumbs--inner\">\n                    <ul>\n                                                                                <li>\n                                <a href=\"https:\/\/novare.se\/\" class=\"alt\">\n                                    Novare                                <\/a>\n                            <\/li>\n                            \n\t\t\t                                        <li>\n                                <a href=\"https:\/\/novare.se\/interim-and-recruitment\/en\/\" class=\"alt\">\n                                                                            Interim and Recruitment                                                                    <\/a>\n                            <\/li>\n\t\t\t                                    <li><span class=\"alt\">What We Offer<\/span><\/li>\n                    <\/ul>\n                <\/div>\n            <\/div>\n        <\/div>\n\t<\/div>\n<\/div>        <\/div>\n    \n    <\/section>\n\n\n<section id=\"one-column-text-block-block_ffb4c861e93ba3c739ad4d7098ad0edd\" class=\"block one-column-text-block  m-b bg-default\">\n    <div class=\"container\">\n        <div class=\"row row--middle\">\n                            <div class=\"row__col row__col--lg-8\">\n                    <div class=\"title-wrapper\" data-aos-anchor='#one-column-text-block-block_ffb4c861e93ba3c739ad4d7098ad0edd'data-aos='fade-up'data-aos-easing='ease-in-out-sine'data-aos-duration='500'data-aos-delay='0'data-aos-once='true'data-aos-offset='250' >\n                                            <\/div>\n                <\/div>\n                            \n            \n                            <div class=\"row__col row__col--lg-8\" data-aos-anchor='#one-column-text-block-block_ffb4c861e93ba3c739ad4d7098ad0edd'data-aos='fade-up'data-aos-easing='ease-in-out-sine'data-aos-duration='500'data-aos-delay='250'data-aos-once='true'data-aos-offset='250'>\n                    <div class=\"text-wrapper editor-content\">\n                        <p>We provide tailored recruitment and consulting solutions to our clients. With a people-centered approach, we strengthen organizations and help individuals grow.<\/p>\n<p>Our primary focus areas include HR, finance, and business support. We pride ourselves on being agile and flexible, offering quick delivery through an updated candidate network. We work closely with you throughout the process\u2014from defining the job requirements to presenting potential candidates. We support you every step of the way, from the initial contact to finalizing an attractive offer.<\/p>\n                    <\/div>\n                <\/div>\n                            \n            \n                    <\/div>\n    <\/div>\n<\/section>\n\n<section id=\"logo-block-block_92b3bce0f73d3f7bd436d4ffd3c0d456\" class=\"block logo-block  m-b \">\n\t\n\t<div class=\"container\">\n\t\t<div class=\"row row--middle bg-blue-deep bg-opacity-70\">\n\t\t\t<div class=\"overlay overlay--image\" \n\t\t\t>\n\t\t\t\t<div class=\"overlay overlay--color bg-blue-deep bg-opacity-70\"><\/div>\n\t\t\t<\/div>\n\t\t\t<div class=\"row__col header\">\n\t\t\t\t                \t<div class=\"title-wrapper\">\n                \t    <h2 class=\"h4 text-center\">Vi \u00e4r stolta \u00f6ver v\u00e5ra samarbeten, h\u00e4r \u00e4r n\u00e5gra av v\u00e5ra kunder.<\/h2>                \t<\/div>\n\n\t\t\t\t\t\t\n                \t\t\t<\/div>\n\t\t\t<div class=\"row__col logo--container\">\n\t\t\t\t\t\t\t\t\t<div class=\"row row--middle\">\n\t\t\t\t\t\t\t\t\t\t\t\t\t<div class=\"row__col logo #f5f2ef\"\n                                 data-aos-delay-xs=\"0\"\n                                 data-aos-delay-sm=\"0\"\n                                 data-aos-delay-md=\"0\"\n                                 data-aos-delay-lg=\"0\"\n                                 data-aos-delay-xl=\"0\"\n                                data-aos-anchor='#logo-block-block_92b3bce0f73d3f7bd436d4ffd3c0d456'data-aos='zoom-in'data-aos-easing='ease-in-out-sine'data-aos-duration='500'data-aos-delay='0'data-aos-once='true'data-aos-offset='250'>\n\t\t\t\t\t\t\t\t<img loading=\"lazy\" decoding=\"async\" width=\"800\" height=\"145\" src=\"https:\/\/novare.se\/interim-and-recruitment\/wp-content\/uploads\/sites\/5\/2024\/06\/800px-LOreal_logo.svg-1.png\" class=\"attachment-full size-full\" alt=\"\" srcset=\"https:\/\/novare.se\/interim-and-recruitment\/wp-content\/uploads\/sites\/5\/2024\/06\/800px-LOreal_logo.svg-1.png 800w, https:\/\/novare.se\/interim-and-recruitment\/wp-content\/uploads\/sites\/5\/2024\/06\/800px-LOreal_logo.svg-1-180x33.png 180w, https:\/\/novare.se\/interim-and-recruitment\/wp-content\/uploads\/sites\/5\/2024\/06\/800px-LOreal_logo.svg-1-200x36.png 200w, https:\/\/novare.se\/interim-and-recruitment\/wp-content\/uploads\/sites\/5\/2024\/06\/800px-LOreal_logo.svg-1-520x94.png 520w, https:\/\/novare.se\/interim-and-recruitment\/wp-content\/uploads\/sites\/5\/2024\/06\/800px-LOreal_logo.svg-1-500x91.png 500w\" sizes=\"(max-width: 800px) 100vw, 800px\" \/>\t\t\t\t\t\t\t<\/div>\n\t\t\t\t\t\t\t\t\t\t\t\t\t\t\t\t\t\t\t<div class=\"row__col logo #f5f2ef\"\n                                 data-aos-delay-xs=\"0\"\n                                 data-aos-delay-sm=\"0\"\n                                 data-aos-delay-md=\"0\"\n                                 data-aos-delay-lg=\"0\"\n                                 data-aos-delay-xl=\"0\"\n                                data-aos-anchor='#logo-block-block_92b3bce0f73d3f7bd436d4ffd3c0d456'data-aos='zoom-in'data-aos-easing='ease-in-out-sine'data-aos-duration='500'data-aos-delay='0'data-aos-once='true'data-aos-offset='250'>\n\t\t\t\t\t\t\t\t<img loading=\"lazy\" decoding=\"async\" width=\"2560\" height=\"442\" src=\"https:\/\/novare.se\/interim-and-recruitment\/wp-content\/uploads\/sites\/5\/2024\/06\/Bonnier_group_logo.svg-1.png\" class=\"attachment-full size-full\" alt=\"\" srcset=\"https:\/\/novare.se\/interim-and-recruitment\/wp-content\/uploads\/sites\/5\/2024\/06\/Bonnier_group_logo.svg-1.png 2560w, https:\/\/novare.se\/interim-and-recruitment\/wp-content\/uploads\/sites\/5\/2024\/06\/Bonnier_group_logo.svg-1-1536x265.png 1536w, https:\/\/novare.se\/interim-and-recruitment\/wp-content\/uploads\/sites\/5\/2024\/06\/Bonnier_group_logo.svg-1-2048x354.png 2048w, https:\/\/novare.se\/interim-and-recruitment\/wp-content\/uploads\/sites\/5\/2024\/06\/Bonnier_group_logo.svg-1-180x31.png 180w, https:\/\/novare.se\/interim-and-recruitment\/wp-content\/uploads\/sites\/5\/2024\/06\/Bonnier_group_logo.svg-1-200x35.png 200w, https:\/\/novare.se\/interim-and-recruitment\/wp-content\/uploads\/sites\/5\/2024\/06\/Bonnier_group_logo.svg-1-520x90.png 520w, https:\/\/novare.se\/interim-and-recruitment\/wp-content\/uploads\/sites\/5\/2024\/06\/Bonnier_group_logo.svg-1-500x86.png 500w\" sizes=\"(max-width: 2560px) 100vw, 2560px\" \/>\t\t\t\t\t\t\t<\/div>\n\t\t\t\t\t\t\t\t\t\t\t\t\t\t\t\t\t\t\t<div class=\"row__col logo #f5f2ef\"\n                                 data-aos-delay-xs=\"400\"\n                                 data-aos-delay-sm=\"400\"\n                                 data-aos-delay-md=\"400\"\n                                 data-aos-delay-lg=\"0\"\n                                 data-aos-delay-xl=\"0\"\n                                data-aos-anchor='#logo-block-block_92b3bce0f73d3f7bd436d4ffd3c0d456'data-aos='zoom-in'data-aos-easing='ease-in-out-sine'data-aos-duration='500'data-aos-delay='0'data-aos-once='true'data-aos-offset='250'>\n\t\t\t\t\t\t\t\t<img loading=\"lazy\" decoding=\"async\" width=\"734\" height=\"484\" src=\"https:\/\/novare.se\/interim-and-recruitment\/wp-content\/uploads\/sites\/5\/2024\/06\/sats-logo_blue_beskaret-1.png\" class=\"attachment-full size-full\" alt=\"\" srcset=\"https:\/\/novare.se\/interim-and-recruitment\/wp-content\/uploads\/sites\/5\/2024\/06\/sats-logo_blue_beskaret-1.png 734w, https:\/\/novare.se\/interim-and-recruitment\/wp-content\/uploads\/sites\/5\/2024\/06\/sats-logo_blue_beskaret-1-180x119.png 180w, https:\/\/novare.se\/interim-and-recruitment\/wp-content\/uploads\/sites\/5\/2024\/06\/sats-logo_blue_beskaret-1-200x132.png 200w, https:\/\/novare.se\/interim-and-recruitment\/wp-content\/uploads\/sites\/5\/2024\/06\/sats-logo_blue_beskaret-1-520x343.png 520w, https:\/\/novare.se\/interim-and-recruitment\/wp-content\/uploads\/sites\/5\/2024\/06\/sats-logo_blue_beskaret-1-500x330.png 500w\" sizes=\"(max-width: 734px) 100vw, 734px\" \/>\t\t\t\t\t\t\t<\/div>\n\t\t\t\t\t\t\t\t\t\t\t\t\t\t\t\t\t\t\t<div class=\"row__col logo #f5f2ef\"\n                                 data-aos-delay-xs=\"400\"\n                                 data-aos-delay-sm=\"400\"\n                                 data-aos-delay-md=\"400\"\n                                 data-aos-delay-lg=\"0\"\n                                 data-aos-delay-xl=\"0\"\n                                data-aos-anchor='#logo-block-block_92b3bce0f73d3f7bd436d4ffd3c0d456'data-aos='zoom-in'data-aos-easing='ease-in-out-sine'data-aos-duration='500'data-aos-delay='0'data-aos-once='true'data-aos-offset='250'>\n\t\t\t\t\t\t\t\t<img loading=\"lazy\" decoding=\"async\" width=\"2560\" height=\"803\" src=\"https:\/\/novare.se\/interim-and-recruitment\/wp-content\/uploads\/sites\/5\/2024\/06\/Coca-Cola_logo.svg.png\" class=\"attachment-full size-full\" alt=\"\" srcset=\"https:\/\/novare.se\/interim-and-recruitment\/wp-content\/uploads\/sites\/5\/2024\/06\/Coca-Cola_logo.svg.png 2560w, https:\/\/novare.se\/interim-and-recruitment\/wp-content\/uploads\/sites\/5\/2024\/06\/Coca-Cola_logo.svg-1536x482.png 1536w, https:\/\/novare.se\/interim-and-recruitment\/wp-content\/uploads\/sites\/5\/2024\/06\/Coca-Cola_logo.svg-2048x642.png 2048w, https:\/\/novare.se\/interim-and-recruitment\/wp-content\/uploads\/sites\/5\/2024\/06\/Coca-Cola_logo.svg-180x56.png 180w, https:\/\/novare.se\/interim-and-recruitment\/wp-content\/uploads\/sites\/5\/2024\/06\/Coca-Cola_logo.svg-200x63.png 200w, https:\/\/novare.se\/interim-and-recruitment\/wp-content\/uploads\/sites\/5\/2024\/06\/Coca-Cola_logo.svg-520x163.png 520w, https:\/\/novare.se\/interim-and-recruitment\/wp-content\/uploads\/sites\/5\/2024\/06\/Coca-Cola_logo.svg-500x157.png 500w\" sizes=\"(max-width: 2560px) 100vw, 2560px\" \/>\t\t\t\t\t\t\t<\/div>\n\t\t\t\t\t\t\t\t\t\t\t\t\t\t\t\t\t\t\t<div class=\"row__col logo #f5f2ef\"\n                                 data-aos-delay-xs=\"800\"\n                                 data-aos-delay-sm=\"800\"\n                                 data-aos-delay-md=\"800\"\n                                 data-aos-delay-lg=\"0\"\n                                 data-aos-delay-xl=\"0\"\n                                data-aos-anchor='#logo-block-block_92b3bce0f73d3f7bd436d4ffd3c0d456'data-aos='zoom-in'data-aos-easing='ease-in-out-sine'data-aos-duration='500'data-aos-delay='0'data-aos-once='true'data-aos-offset='250'>\n\t\t\t\t\t\t\t\t<img loading=\"lazy\" decoding=\"async\" width=\"1200\" height=\"442\" src=\"https:\/\/novare.se\/interim-and-recruitment\/wp-content\/uploads\/sites\/5\/2024\/06\/Trustly_Regular_Logotype_Horizontal_Black_RGB.png\" class=\"attachment-full size-full\" alt=\"\" srcset=\"https:\/\/novare.se\/interim-and-recruitment\/wp-content\/uploads\/sites\/5\/2024\/06\/Trustly_Regular_Logotype_Horizontal_Black_RGB.png 1200w, https:\/\/novare.se\/interim-and-recruitment\/wp-content\/uploads\/sites\/5\/2024\/06\/Trustly_Regular_Logotype_Horizontal_Black_RGB-180x66.png 180w, https:\/\/novare.se\/interim-and-recruitment\/wp-content\/uploads\/sites\/5\/2024\/06\/Trustly_Regular_Logotype_Horizontal_Black_RGB-200x74.png 200w, https:\/\/novare.se\/interim-and-recruitment\/wp-content\/uploads\/sites\/5\/2024\/06\/Trustly_Regular_Logotype_Horizontal_Black_RGB-520x192.png 520w, https:\/\/novare.se\/interim-and-recruitment\/wp-content\/uploads\/sites\/5\/2024\/06\/Trustly_Regular_Logotype_Horizontal_Black_RGB-500x184.png 500w\" sizes=\"(max-width: 1200px) 100vw, 1200px\" \/>\t\t\t\t\t\t\t<\/div>\n\t\t\t\t\t\t\t\t\t\t\t\t\t\t\t\t\t<\/div>\n\t\t\t\t\t\n\n\t\t\t\t\t\t\t<\/div>\n\t\t<\/div>\n\t<\/div>\n<\/section>\n\n<section id=\"contact-persons-block_baf8aaa19eacac14536771ce34975573\" class=\"block contact-persons  m-b\">\n    <div class=\"container\">\n        <div class=\"row\">\n            <div class=\"row__col row__col--lg-12\">\n                <div class=\"contact-persons--wrapper bg-blue-light\">\n                    <div class=\"contact-persons--wrapper--content\" >\n                                                    <div class=\"header-wrapper\" >\n                                <h3 class=\"h3 text-left\">Want to Know More? <strong><i>Get in Touch!<\/i><\/strong><\/h3>                            <\/div>\n                        \n                        \n                                                                                                <\/div>\n                    <div class=\"contact-persons--wrapper--people\">\n                                                                                    <div class=\"contact-person\" data-aos-anchor='#contact-persons-block_baf8aaa19eacac14536771ce34975573'data-aos='fade-right'data-aos-easing='ease-in-out-sine'data-aos-duration='500'data-aos-delay='0'data-aos-once='true'data-aos-offset='250' >\n                                    <div class=\"contact-person--image\">\n                                        <img loading=\"lazy\" decoding=\"async\" width=\"360\" height=\"258\" src=\"https:\/\/novare.se\/interim-and-recruitment\/wp-content\/uploads\/sites\/5\/2024\/04\/Sohaila_Bagger_Sjoback_Tiny-1-360x258.jpg\" class=\"attachment-medium size-medium\" alt=\"\" srcset=\"https:\/\/novare.se\/interim-and-recruitment\/wp-content\/uploads\/sites\/5\/2024\/04\/Sohaila_Bagger_Sjoback_Tiny-1-360x258.jpg 360w, https:\/\/novare.se\/interim-and-recruitment\/wp-content\/uploads\/sites\/5\/2024\/04\/Sohaila_Bagger_Sjoback_Tiny-1.jpg 670w\" sizes=\"(max-width: 360px) 100vw, 360px\" \/>                                    <\/div>\n                                    <div class=\"contact-person--details\">\n                                        <div class=\"name-wrapper\">\n                                            <a href=\"https:\/\/novare.se\/interim-and-recruitment\/en\/employees\/sohaila-bagger-sjoback\/\">Sohaila Bagger-Sj\u00f6b\u00e4ck<\/a>\n                                        <\/div>\n                                        <div class=\"title-wrapper\">\n                                            <p>CEO and Founder <\/p>\n                                        <\/div>\n                                        <div class=\"email-wrapper\">\n                                            <a href=\"mailto:sohaila.baggersjoback@novare.se\">sohaila.baggersjoback@novare.se<\/a>\n                                        <\/div>\n                                        <div class=\"phone-wrapper\">\n                                            <a href=\"tel:+46733434329\">+46 733 43 43 29<\/a>\n                                        <\/div>\n                                    <\/div>\n                                <\/div>\n                                                    <\/div>\n                <\/div>\n            <\/div>\n        <\/div>\n    <\/div>\n<\/section>\n\n\n<section id=\"faq-block-block_72eee13e8c3225174f5c60c3cbd7eeed\" class=\"block faq-block  m-b bg-default\">\n    <div class=\"container\">\n        <div class=\"row\">\n            <div class=\"row__col row__col--lg-6\" data-aos-anchor='#faq-block-block_72eee13e8c3225174f5c60c3cbd7eeed'data-aos='fade-up'data-aos-easing='ease-in-out-sine'data-aos-duration='500'data-aos-delay='0'data-aos-once='true'data-aos-offset='250' >\n                <img loading=\"lazy\" decoding=\"async\" width=\"1024\" height=\"945\" src=\"https:\/\/novare.se\/interim-and-recruitment\/wp-content\/uploads\/sites\/5\/2024\/06\/Novare_sma18_webb.jpg\" class=\"media-item\" alt=\"\" srcset=\"https:\/\/novare.se\/interim-and-recruitment\/wp-content\/uploads\/sites\/5\/2024\/06\/Novare_sma18_webb.jpg 1300w, https:\/\/novare.se\/interim-and-recruitment\/wp-content\/uploads\/sites\/5\/2024\/06\/Novare_sma18_webb-180x166.jpg 180w, https:\/\/novare.se\/interim-and-recruitment\/wp-content\/uploads\/sites\/5\/2024\/06\/Novare_sma18_webb-200x185.jpg 200w, https:\/\/novare.se\/interim-and-recruitment\/wp-content\/uploads\/sites\/5\/2024\/06\/Novare_sma18_webb-433x400.jpg 433w, https:\/\/novare.se\/interim-and-recruitment\/wp-content\/uploads\/sites\/5\/2024\/06\/Novare_sma18_webb-500x462.jpg 500w\" sizes=\"(max-width: 1024px) 100vw, 1024px\" \/>            <\/div>\n            \n            <div class=\"row__col row__col--lg-6\">\n                                    <div class=\"title-wrapper text-medium\" data-aos-anchor='#faq-block-block_72eee13e8c3225174f5c60c3cbd7eeed'data-aos='fade-up'data-aos-easing='ease-in-out-sine'data-aos-duration='500'data-aos-delay='300'data-aos-once='true'data-aos-offset='250' >\n                        <h3 class=\"h3 text-left\"><strong>FAQ<\/strong><\/h3>                    <\/div>\n                                                                        <div class=\"text-wrapper editor-content\" data-aos-anchor='#faq-block-block_72eee13e8c3225174f5c60c3cbd7eeed'data-aos='fade-up'data-aos-easing='ease-in-out-sine'data-aos-duration='500'data-aos-delay='750'data-aos-once='true'data-aos-offset='250' >\n                        <p>We\u2019ve compiled answers to the most common questions here. If you can\u2019t find what you\u2019re looking for, don\u2019t hesitate to reach out to us!<\/p>\n                    <\/div>\n                \n                                    <div class=\"accordion\">\n                                                    <div class=\"accordion-item\" data-aos-anchor='#faq-block-block_72eee13e8c3225174f5c60c3cbd7eeed'data-aos='fade-right'data-aos-easing='ease-in-out-sine'data-aos-duration='500'data-aos-delay='1000'data-aos-once='true'data-aos-offset='250' >\n                                <div class=\"accordion-header\">\n                                    <span class=\"question\">Can you provide a temporary consultant while a recruitment process is ongoing?<\/span>\n                                    <i class=\"fa fa-plus\"><\/i><i class=\"fa fa-minus hidden\"><\/i>\n                                <\/div>\n                                <div class=\"accordion-content\" style=\"display: none;\">\n                                    <span class=\"separator\"><\/span>\n                                    Yes, we have a network of over 3,000 interim consultants and aim to present a consultant to the client within 48 hours.                                <\/div>\n                            <\/div>\n                                                        <div class=\"accordion-item\" data-aos-anchor='#faq-block-block_72eee13e8c3225174f5c60c3cbd7eeed'data-aos='fade-right'data-aos-easing='ease-in-out-sine'data-aos-duration='500'data-aos-delay='1250'data-aos-once='true'data-aos-offset='250' >\n                                <div class=\"accordion-header\">\n                                    <span class=\"question\">Can you assist with assignments outside of Stockholm?<\/span>\n                                    <i class=\"fa fa-plus\"><\/i><i class=\"fa fa-minus hidden\"><\/i>\n                                <\/div>\n                                <div class=\"accordion-content\" style=\"display: none;\">\n                                    <span class=\"separator\"><\/span>\n                                    Absolutely! We have an extensive network, and our clients are located throughout Sweden.                                <\/div>\n                            <\/div>\n                                                        <div class=\"accordion-item\" data-aos-anchor='#faq-block-block_72eee13e8c3225174f5c60c3cbd7eeed'data-aos='fade-right'data-aos-easing='ease-in-out-sine'data-aos-duration='500'data-aos-delay='1500'data-aos-once='true'data-aos-offset='250' >\n                                <div class=\"accordion-header\">\n                                    <span class=\"question\">What does your pricing model look like?\r\n<\/span>\n                                    <i class=\"fa fa-plus\"><\/i><i class=\"fa fa-minus hidden\"><\/i>\n                                <\/div>\n                                <div class=\"accordion-content\" style=\"display: none;\">\n                                    <span class=\"separator\"><\/span>\n                                    For recruitment assignments, we always send a business proposal for the client\u2019s approval. We typically use a three-step model, invoicing for the initial setup, candidate presentation, and candidate signing. For consulting assignments, we always provide an estimate with a price range and typically work with a fixed hourly rate for consultants.                                <\/div>\n                            <\/div>\n                                                        <div class=\"accordion-item\" data-aos-anchor='#faq-block-block_72eee13e8c3225174f5c60c3cbd7eeed'data-aos='fade-right'data-aos-easing='ease-in-out-sine'data-aos-duration='500'data-aos-delay='1750'data-aos-once='true'data-aos-offset='250' >\n                                <div class=\"accordion-header\">\n                                    <span class=\"question\">How many candidates do you have in your system?<\/span>\n                                    <i class=\"fa fa-plus\"><\/i><i class=\"fa fa-minus hidden\"><\/i>\n                                <\/div>\n                                <div class=\"accordion-content\" style=\"display: none;\">\n                                    <span class=\"separator\"><\/span>\n                                    Through our interim network, candidate system, and GigAssembly platform, we have access to a network of up to 6,000 candidates for both permanent and temporary assignments.                                <\/div>\n                            <\/div>\n                                                        <div class=\"accordion-item\" data-aos-anchor='#faq-block-block_72eee13e8c3225174f5c60c3cbd7eeed'data-aos='fade-right'data-aos-easing='ease-in-out-sine'data-aos-duration='500'data-aos-delay='2000'data-aos-once='true'data-aos-offset='250' >\n                                <div class=\"accordion-header\">\n                                    <span class=\"question\">Can we collaborate with multiple Novare companies at the same time?\r\n<\/span>\n                                    <i class=\"fa fa-plus\"><\/i><i class=\"fa fa-minus hidden\"><\/i>\n                                <\/div>\n                                <div class=\"accordion-content\" style=\"display: none;\">\n                                    <span class=\"separator\"><\/span>\n                                    Absolutely! That\u2019s one of Novare\u2019s unique strengths\u2014we offer support across the full HR spectrum, leveraging synergies within our extensive toolkit. Our teams collaborate closely to ensure seamless client handovers, making the process smooth and efficient.                                <\/div>\n                            <\/div>\n                                                <\/div>\n                            <\/div>\n        <\/div>\n    <\/div>\n<\/section>\n","protected":false},"excerpt":{"rendered":"","protected":false},"author":3,"featured_media":0,"parent":0,"menu_order":0,"comment_status":"closed","ping_status":"closed","template":"","meta":{"_acf_changed":false,"_seopress_robots_primary_cat":"","_seopress_titles_title":"","_seopress_titles_desc":"","_seopress_robots_index":"","inline_featured_image":false,"footnotes":""},"class_list":["post-4393","page","type-page","status-publish","hentry"],"acf":[],"_links":{"self":[{"href":"https:\/\/novare.se\/interim-and-recruitment\/en\/wp-json\/wp\/v2\/pages\/4393","targetHints":{"allow":["GET"]}}],"collection":[{"href":"https:\/\/novare.se\/interim-and-recruitment\/en\/wp-json\/wp\/v2\/pages"}],"about":[{"href":"https:\/\/novare.se\/interim-and-recruitment\/en\/wp-json\/wp\/v2\/types\/page"}],"author":[{"embeddable":true,"href":"https:\/\/novare.se\/interim-and-recruitment\/en\/wp-json\/wp\/v2\/users\/3"}],"replies":[{"embeddable":true,"href":"https:\/\/novare.se\/interim-and-recruitment\/en\/wp-json\/wp\/v2\/comments?post=4393"}],"version-history":[{"count":2,"href":"https:\/\/novare.se\/interim-and-recruitment\/en\/wp-json\/wp\/v2\/pages\/4393\/revisions"}],"predecessor-version":[{"id":4433,"href":"https:\/\/novare.se\/interim-and-recruitment\/en\/wp-json\/wp\/v2\/pages\/4393\/revisions\/4433"}],"wp:attachment":[{"href":"https:\/\/novare.se\/interim-and-recruitment\/en\/wp-json\/wp\/v2\/media?parent=4393"}],"curies":[{"name":"wp","href":"https:\/\/api.w.org\/{rel}","templated":true}]}}