{"id":798,"date":"2024-04-15T14:03:58","date_gmt":"2024-04-15T14:03:58","guid":{"rendered":"https:\/\/novare.se\/executive-search\/?page_id=798"},"modified":"2026-03-25T12:16:38","modified_gmt":"2026-03-25T12:16:38","slug":"nyheter","status":"publish","type":"page","link":"https:\/\/novare.se\/executive-search\/nyheter\/","title":{"rendered":"Nyheter"},"content":{"rendered":"<section id=\"hero-3-block_aa53ff47440156b1ff09875d1a2aae00\" class=\"block hero-3  m-b no-img \">\n    <div class=\"hero-3--top-section bg-primary\">\n                    <div class=\"bg-backdrop\">\n                <div class=\"bg-backdrop--inner\"><\/div>\n            <\/div>\n                <div class=\"container\">\n            <div class=\"row\">\n                <div class=\"row__col\">\n                    <div class=\"text-img-wrapper\">\n                        <div class=\"text-col\" >\n                                                                \n                                <div class=\"title-wrapper\" >\n                                    <h1 class=\"h1 text-left\"><strong><i>Nyheter<\/i><\/strong><\/h1>                                <\/div>\n                                                            \n                            \n                                                            <div class=\"text-wrapper\" >\n                                    <p>F\u00f6lj med i vad som h\u00e4nder hos oss p\u00e5 Novare Executive Search. H\u00e4r hittar du v\u00e5ra senaste nyheter och uppdateringar.<\/p>\n                                <\/div>\n                                                            \n                                                    <\/div>\n\n                                            <\/div>\n                <\/div>\n            <\/div>\n        <\/div>\n    <\/div>\n            <div class=\"hero-3--bottom-section \"  >\n        <div class=\"breadcrumbs dark-text\">\n\t<div class=\"container\">\n        <div class=\"row\">\n            <div class=\"row__col\">\n                <div class=\"breadcrumbs--inner\">\n                    <ul>\n                                                                                <li>\n                                <a href=\"https:\/\/novare.se\/\" class=\"alt\">\n                                    Novare                                <\/a>\n                            <\/li>\n                            \n\t\t\t                                        <li>\n                                <a href=\"https:\/\/novare.se\/executive-search\/\" class=\"alt\">\n                                                                            Novare Executive Search                                                                    <\/a>\n                            <\/li>\n\t\t\t                                    <li><span class=\"alt\">Nyheter<\/span><\/li>\n                    <\/ul>\n                <\/div>\n            <\/div>\n        <\/div>\n\t<\/div>\n<\/div>        <\/div>\n    \n    <\/section>\n\n\n<section id=\"1386\" class=\"block news  m-b bg-default\">\n    <div class=\"container\">\n        <form class=\"listing-block--filters\" data-url=\"https:\/\/novare.se\/executive-search\/wp-json\/wp\/v2\/pages\/798\/\">\n            <div class=\"row\">\n                <div class=\"row__col\">\n                    <div class=\"listing-block--filters-inner\">\n                        <div class=\"filters\">\n                            \n                            <div class=\"select-wrapper filter\" >\n                                <label for=\"category\" class=\"text-medium\">Kategori<\/label>\n                                <div class=\"field\">\n                                    <select class=\"js-select-filter\" name=\"category\" id=\"category\">\n                                        <option value=\"\" selected>Alla<\/option>\n                                                                                                                                    <option value=\"artikel\"  >Artikel<\/option>\n                                                                                            <option value=\"beredskapslyftet\"  >Beredskapslyftet<\/option>\n                                                                                            <option value=\"debattartikel\"  >Debattartikel<\/option>\n                                                                                            <option value=\"nyhet\"  >Nyhet<\/option>\n                                                                                                                        <\/select>\n                                <\/div>\n                            <\/div>\n                        <\/div>\n\n                    <\/div>\n                <\/div>\n            <\/div>\n            <input type=\"hidden\" name=\"posts_per_page\" value=\"12\">\n            <input type=\"hidden\" name=\"page_no\" value=\"1\">\n            <input type=\"hidden\" name=\"selected_company\" value=\"\">\n            <input type=\"hidden\" name=\"selected_category\" value=\"\">\n        <\/form>\n\n        <div class=\"row listing-block--results\">\n                                                <div class=\"row__col row__col--lg-4 listing-block--item\"  >\n\t\t<a href=\"https:\/\/novare.se\/executive-search\/nyheter\/katarina-ljungqvist-vald-till-styrelseordforande-i-amf\/\">\n\t\t<div class=\"image\">\n\t\t\t<img loading=\"lazy\" decoding=\"async\" width=\"768\" height=\"512\" src=\"https:\/\/novare.se\/executive-search\/wp-content\/uploads\/sites\/2\/2026\/04\/Katarina-AMF-ny-styrelseordf-768x512.webp\" class=\"media-item\" alt=\"Kvinna i m\u00f6rk kostym ler in i kameran.\" srcset=\"https:\/\/novare.se\/executive-search\/wp-content\/uploads\/sites\/2\/2026\/04\/Katarina-AMF-ny-styrelseordf-768x512.webp 768w, https:\/\/novare.se\/executive-search\/wp-content\/uploads\/sites\/2\/2026\/04\/Katarina-AMF-ny-styrelseordf-360x240.webp 360w, https:\/\/novare.se\/executive-search\/wp-content\/uploads\/sites\/2\/2026\/04\/Katarina-AMF-ny-styrelseordf-1024x683.webp 1024w, https:\/\/novare.se\/executive-search\/wp-content\/uploads\/sites\/2\/2026\/04\/Katarina-AMF-ny-styrelseordf.webp 1281w\" sizes=\"(max-width: 768px) 100vw, 768px\" \/>\t\t\t<div class=\"overlay\"><\/div>\n\t\t\t<div class=\"badge text-regular\" style=\"background-color: #f5f2ef; color: #000000;\">Novare Executive Search<\/div>\t\t<\/div>\n\t\t<div class=\"title text-medium\">Katarina Ljungqvist vald till styrelseordf\u00f6rande i AMF<i class=\"arrow fa fa-arrow-right\" aria-hidden=\"true\"><\/i><\/div>\n\t\t<div class=\"pre_title\"><p>10 april 2026  | Nyhet<\/p><\/div>\n\t\t<div class=\"excerpt small\"><\/div>\n\t<\/a>\n<\/div>                                    <div class=\"row__col row__col--lg-4 listing-block--item\"  >\n\t\t<a href=\"https:\/\/novare.se\/executive-search\/nyheter\/industrin-i-omstallning-om-mod-precision-och-kompetensforsorjning-reflektioner-fran-novares-branschteam\/\">\n\t\t<div class=\"image\">\n\t\t\t<img loading=\"lazy\" decoding=\"async\" width=\"768\" height=\"512\" src=\"https:\/\/novare.se\/executive-search\/wp-content\/uploads\/sites\/2\/2026\/03\/AM_SaraRossiPhotography-02-768x512.jpeg\" class=\"media-item\" alt=\"\" srcset=\"https:\/\/novare.se\/executive-search\/wp-content\/uploads\/sites\/2\/2026\/03\/AM_SaraRossiPhotography-02-768x512.jpeg 768w, https:\/\/novare.se\/executive-search\/wp-content\/uploads\/sites\/2\/2026\/03\/AM_SaraRossiPhotography-02-360x240.jpeg 360w, https:\/\/novare.se\/executive-search\/wp-content\/uploads\/sites\/2\/2026\/03\/AM_SaraRossiPhotography-02-1024x683.jpeg 1024w, https:\/\/novare.se\/executive-search\/wp-content\/uploads\/sites\/2\/2026\/03\/AM_SaraRossiPhotography-02-1536x1024.jpeg 1536w, https:\/\/novare.se\/executive-search\/wp-content\/uploads\/sites\/2\/2026\/03\/AM_SaraRossiPhotography-02-2048x1365.jpeg 2048w\" sizes=\"(max-width: 768px) 100vw, 768px\" \/>\t\t\t<div class=\"overlay\"><\/div>\n\t\t\t<div class=\"badge text-regular\" style=\"background-color: #f5f2ef; color: #000000;\">Novare Executive Search<\/div>\t\t<\/div>\n\t\t<div class=\"title text-medium\">Industrin i omst\u00e4llning: om mod, precision och kompetensf\u00f6rs\u00f6rjning \u2013 reflektioner fr\u00e5n Novares branschteam<i class=\"arrow fa fa-arrow-right\" aria-hidden=\"true\"><\/i><\/div>\n\t\t<div class=\"pre_title\"><p>31 mars 2026  | Artikel<\/p><\/div>\n\t\t<div class=\"excerpt small\"><\/div>\n\t<\/a>\n<\/div>                                    <div class=\"row__col row__col--lg-4 listing-block--item\"  >\n\t\t<a href=\"https:\/\/novare.se\/executive-search\/nyheter\/konsument-och-retail-pa-vag-mot-nasta-skifte-reflektioner-fran-novares-branschteam\/\">\n\t\t<div class=\"image\">\n\t\t\t<img loading=\"lazy\" decoding=\"async\" width=\"768\" height=\"608\" src=\"https:\/\/novare.se\/executive-search\/wp-content\/uploads\/sites\/2\/2026\/03\/konsument-768x608.jpg\" class=\"media-item\" alt=\"\" srcset=\"https:\/\/novare.se\/executive-search\/wp-content\/uploads\/sites\/2\/2026\/03\/konsument-768x608.jpg 768w, https:\/\/novare.se\/executive-search\/wp-content\/uploads\/sites\/2\/2026\/03\/konsument-360x285.jpg 360w, https:\/\/novare.se\/executive-search\/wp-content\/uploads\/sites\/2\/2026\/03\/konsument-1024x811.jpg 1024w, https:\/\/novare.se\/executive-search\/wp-content\/uploads\/sites\/2\/2026\/03\/konsument.jpg 1200w\" sizes=\"(max-width: 768px) 100vw, 768px\" \/>\t\t\t<div class=\"overlay\"><\/div>\n\t\t\t<div class=\"badge text-regular\" style=\"background-color: #f5f2ef; color: #000000;\">Novare Executive Search<\/div>\t\t<\/div>\n\t\t<div class=\"title text-medium\">Konsument och retail p\u00e5 v\u00e4g mot n\u00e4sta skifte \u2013 reflektioner fr\u00e5n Novares branschteam<i class=\"arrow fa fa-arrow-right\" aria-hidden=\"true\"><\/i><\/div>\n\t\t<div class=\"pre_title\"><p>24 mars 2026  | Artikel<\/p><\/div>\n\t\t<div class=\"excerpt small\"><\/div>\n\t<\/a>\n<\/div>                                    <div class=\"row__col row__col--lg-4 listing-block--item\"  >\n\t\t<a href=\"https:\/\/novare.se\/executive-search\/nyheter\/christer-fogelmarck-tilltrader-som-vd-for-visita\/\">\n\t\t<div class=\"image\">\n\t\t\t<img loading=\"lazy\" decoding=\"async\" width=\"768\" height=\"616\" src=\"https:\/\/novare.se\/executive-search\/wp-content\/uploads\/sites\/2\/2026\/03\/x1000w-Christer-Fogelmarck-768x616.webp\" class=\"media-item\" alt=\"man i svart skjorta och sk\u00e4gg ler in mot kamerab\" srcset=\"https:\/\/novare.se\/executive-search\/wp-content\/uploads\/sites\/2\/2026\/03\/x1000w-Christer-Fogelmarck-768x616.webp 768w, https:\/\/novare.se\/executive-search\/wp-content\/uploads\/sites\/2\/2026\/03\/x1000w-Christer-Fogelmarck-360x289.webp 360w, https:\/\/novare.se\/executive-search\/wp-content\/uploads\/sites\/2\/2026\/03\/x1000w-Christer-Fogelmarck.webp 1000w\" sizes=\"(max-width: 768px) 100vw, 768px\" \/>\t\t\t<div class=\"overlay\"><\/div>\n\t\t\t<div class=\"badge text-regular\" style=\"background-color: #f5f2ef; color: #000000;\">Novare Executive Search<\/div>\t\t<\/div>\n\t\t<div class=\"title text-medium\">Christer Fogelmarck tilltr\u00e4der som vd f\u00f6r Visita<i class=\"arrow fa fa-arrow-right\" aria-hidden=\"true\"><\/i><\/div>\n\t\t<div class=\"pre_title\"><p>18 mars 2026  | Nyhet<\/p><\/div>\n\t\t<div class=\"excerpt small\"><\/div>\n\t<\/a>\n<\/div>                                    <div class=\"row__col row__col--lg-4 listing-block--item\"  >\n\t\t<a href=\"https:\/\/novare.se\/executive-search\/nyheter\/malin-falconer-tilltrader-som-vd-for-hedera-group\/\">\n\t\t<div class=\"image\">\n\t\t\t<img loading=\"lazy\" decoding=\"async\" width=\"518\" height=\"518\" src=\"https:\/\/novare.se\/executive-search\/wp-content\/uploads\/sites\/2\/2026\/03\/Malin-F-ny-vd-Hedera-1.jpg\" class=\"media-item\" alt=\"\" srcset=\"https:\/\/novare.se\/executive-search\/wp-content\/uploads\/sites\/2\/2026\/03\/Malin-F-ny-vd-Hedera-1.jpg 518w, https:\/\/novare.se\/executive-search\/wp-content\/uploads\/sites\/2\/2026\/03\/Malin-F-ny-vd-Hedera-1-360x360.jpg 360w, https:\/\/novare.se\/executive-search\/wp-content\/uploads\/sites\/2\/2026\/03\/Malin-F-ny-vd-Hedera-1-150x150.jpg 150w\" sizes=\"(max-width: 518px) 100vw, 518px\" \/>\t\t\t<div class=\"overlay\"><\/div>\n\t\t\t<div class=\"badge text-regular\" style=\"background-color: #f5f2ef; color: #000000;\">Novare Executive Search<\/div>\t\t<\/div>\n\t\t<div class=\"title text-medium\">Malin Falconer tilltr\u00e4der som VD f\u00f6r Hedera Group<i class=\"arrow fa fa-arrow-right\" aria-hidden=\"true\"><\/i><\/div>\n\t\t<div class=\"pre_title\"><p>2 mars 2026  | Nyhet<\/p><\/div>\n\t\t<div class=\"excerpt small\"><\/div>\n\t<\/a>\n<\/div>                                    <div class=\"row__col row__col--lg-4 listing-block--item\"  >\n\t\t<a href=\"https:\/\/novare.se\/executive-search\/nyheter\/mary-pettersson-to-echandia\/\">\n\t\t<div class=\"image\">\n\t\t\t<img loading=\"lazy\" decoding=\"async\" width=\"551\" height=\"690\" src=\"https:\/\/novare.se\/executive-search\/wp-content\/uploads\/sites\/2\/2026\/02\/Mary-Pettersson-Echandia.jpg\" class=\"media-item\" alt=\"Kvinna i kostym ler mot kameran\" srcset=\"https:\/\/novare.se\/executive-search\/wp-content\/uploads\/sites\/2\/2026\/02\/Mary-Pettersson-Echandia.jpg 551w, https:\/\/novare.se\/executive-search\/wp-content\/uploads\/sites\/2\/2026\/02\/Mary-Pettersson-Echandia-287x360.jpg 287w\" sizes=\"(max-width: 551px) 100vw, 551px\" \/>\t\t\t<div class=\"overlay\"><\/div>\n\t\t\t<div class=\"badge text-regular\" style=\"background-color: #f5f2ef; color: #000000;\">Novare Executive Search<\/div>\t\t<\/div>\n\t\t<div class=\"title text-medium\">Mary Pettersson to Echandia<i class=\"arrow fa fa-arrow-right\" aria-hidden=\"true\"><\/i><\/div>\n\t\t<div class=\"pre_title\"><p>6 februari 2026  | Nyhet<\/p><\/div>\n\t\t<div class=\"excerpt small\"><\/div>\n\t<\/a>\n<\/div>                                    <div class=\"row__col row__col--lg-4 listing-block--item\"  >\n\t\t<a href=\"https:\/\/novare.se\/executive-search\/nyheter\/jonas-schold-ny-vd-for-addici-security-technology\/\">\n\t\t<div class=\"image\">\n\t\t\t<img loading=\"lazy\" decoding=\"async\" width=\"533\" height=\"800\" src=\"https:\/\/novare.se\/executive-search\/wp-content\/uploads\/sites\/2\/2026\/01\/Johan-S-till-addici.jpg\" class=\"media-item\" alt=\"Man i kostym ler mot kameran\" srcset=\"https:\/\/novare.se\/executive-search\/wp-content\/uploads\/sites\/2\/2026\/01\/Johan-S-till-addici.jpg 533w, https:\/\/novare.se\/executive-search\/wp-content\/uploads\/sites\/2\/2026\/01\/Johan-S-till-addici-240x360.jpg 240w\" sizes=\"(max-width: 533px) 100vw, 533px\" \/>\t\t\t<div class=\"overlay\"><\/div>\n\t\t\t<div class=\"badge text-regular\" style=\"background-color: #f5f2ef; color: #000000;\">Novare Executive Search<\/div>\t\t<\/div>\n\t\t<div class=\"title text-medium\">Jonas Sch\u00f6ld ny vd f\u00f6r Addici Security &amp; Technology<i class=\"arrow fa fa-arrow-right\" aria-hidden=\"true\"><\/i><\/div>\n\t\t<div class=\"pre_title\"><p>29 januari 2026  | Nyhet<\/p><\/div>\n\t\t<div class=\"excerpt small\"><\/div>\n\t<\/a>\n<\/div>                                    <div class=\"row__col row__col--lg-4 listing-block--item\"  >\n\t\t<a href=\"https:\/\/novare.se\/executive-search\/nyheter\/magnus-jallinder-till-scanlog\/\">\n\t\t<div class=\"image\">\n\t\t\t<img loading=\"lazy\" decoding=\"async\" width=\"768\" height=\"439\" src=\"https:\/\/novare.se\/executive-search\/wp-content\/uploads\/sites\/2\/2026\/01\/scanlog_rekryterar_magnus_jallinder_vd-768x439.jpg\" class=\"media-item\" alt=\"\" srcset=\"https:\/\/novare.se\/executive-search\/wp-content\/uploads\/sites\/2\/2026\/01\/scanlog_rekryterar_magnus_jallinder_vd-768x439.jpg 768w, https:\/\/novare.se\/executive-search\/wp-content\/uploads\/sites\/2\/2026\/01\/scanlog_rekryterar_magnus_jallinder_vd-360x206.jpg 360w, https:\/\/novare.se\/executive-search\/wp-content\/uploads\/sites\/2\/2026\/01\/scanlog_rekryterar_magnus_jallinder_vd-1024x585.jpg 1024w, https:\/\/novare.se\/executive-search\/wp-content\/uploads\/sites\/2\/2026\/01\/scanlog_rekryterar_magnus_jallinder_vd.jpg 1050w\" sizes=\"(max-width: 768px) 100vw, 768px\" \/>\t\t\t<div class=\"overlay\"><\/div>\n\t\t\t<div class=\"badge text-regular\" style=\"background-color: #f5f2ef; color: #000000;\">Novare Executive Search<\/div>\t\t<\/div>\n\t\t<div class=\"title text-medium\">Magnus Jallinder till Scanlog<i class=\"arrow fa fa-arrow-right\" aria-hidden=\"true\"><\/i><\/div>\n\t\t<div class=\"pre_title\"><p>22 januari 2026  | Nyhet<\/p><\/div>\n\t\t<div class=\"excerpt small\"><\/div>\n\t<\/a>\n<\/div>                                    <div class=\"row__col row__col--lg-4 listing-block--item\"  >\n\t\t<a href=\"https:\/\/novare.se\/executive-search\/nyheter\/linnea-moberg-idun-liv\/\">\n\t\t<div class=\"image\">\n\t\t\t<img loading=\"lazy\" decoding=\"async\" width=\"768\" height=\"512\" src=\"https:\/\/novare.se\/executive-search\/wp-content\/uploads\/sites\/2\/2026\/01\/linnea-moberg-768x512.webp\" class=\"media-item\" alt=\"kvinna i svart blus tittar in i kameran\" srcset=\"https:\/\/novare.se\/executive-search\/wp-content\/uploads\/sites\/2\/2026\/01\/linnea-moberg-768x512.webp 768w, https:\/\/novare.se\/executive-search\/wp-content\/uploads\/sites\/2\/2026\/01\/linnea-moberg-360x240.webp 360w, https:\/\/novare.se\/executive-search\/wp-content\/uploads\/sites\/2\/2026\/01\/linnea-moberg-1024x683.webp 1024w, https:\/\/novare.se\/executive-search\/wp-content\/uploads\/sites\/2\/2026\/01\/linnea-moberg-1536x1024.webp 1536w, https:\/\/novare.se\/executive-search\/wp-content\/uploads\/sites\/2\/2026\/01\/linnea-moberg.webp 1620w\" sizes=\"(max-width: 768px) 100vw, 768px\" \/>\t\t\t<div class=\"overlay\"><\/div>\n\t\t\t<div class=\"badge text-regular\" style=\"background-color: #f5f2ef; color: #000000;\">Novare Executive Search<\/div>\t\t<\/div>\n\t\t<div class=\"title text-medium\">Linnea Moberg till Idun Liv<i class=\"arrow fa fa-arrow-right\" aria-hidden=\"true\"><\/i><\/div>\n\t\t<div class=\"pre_title\"><p>8 januari 2026  | Nyhet<\/p><\/div>\n\t\t<div class=\"excerpt small\"><\/div>\n\t<\/a>\n<\/div>                                    <div class=\"row__col row__col--lg-4 listing-block--item\"  >\n\t\t<a href=\"https:\/\/novare.se\/executive-search\/nyheter\/jennifer-vidmo-blir-ny-generalsekreterare-for-plan-international-sverige\/\">\n\t\t<div class=\"image\">\n\t\t\t<img loading=\"lazy\" decoding=\"async\" width=\"768\" height=\"984\" src=\"https:\/\/novare.se\/executive-search\/wp-content\/uploads\/sites\/2\/2025\/12\/Jennifer-Vidmo-ny-GS-Plan-768x984.jpg\" class=\"media-item\" alt=\"Kvinna i gr\u00f6n tr\u00f6ja ler mot kamera.\" srcset=\"https:\/\/novare.se\/executive-search\/wp-content\/uploads\/sites\/2\/2025\/12\/Jennifer-Vidmo-ny-GS-Plan-768x984.jpg 768w, https:\/\/novare.se\/executive-search\/wp-content\/uploads\/sites\/2\/2025\/12\/Jennifer-Vidmo-ny-GS-Plan-281x360.jpg 281w, https:\/\/novare.se\/executive-search\/wp-content\/uploads\/sites\/2\/2025\/12\/Jennifer-Vidmo-ny-GS-Plan-799x1024.jpg 799w, https:\/\/novare.se\/executive-search\/wp-content\/uploads\/sites\/2\/2025\/12\/Jennifer-Vidmo-ny-GS-Plan-1199x1536.jpg 1199w, https:\/\/novare.se\/executive-search\/wp-content\/uploads\/sites\/2\/2025\/12\/Jennifer-Vidmo-ny-GS-Plan.jpg 1440w\" sizes=\"(max-width: 768px) 100vw, 768px\" \/>\t\t\t<div class=\"overlay\"><\/div>\n\t\t\t<div class=\"badge text-regular\" style=\"background-color: #f5f2ef; color: #000000;\">Novare Executive Search<\/div>\t\t<\/div>\n\t\t<div class=\"title text-medium\">Jennifer Vidmo till Plan International Sverige<i class=\"arrow fa fa-arrow-right\" aria-hidden=\"true\"><\/i><\/div>\n\t\t<div class=\"pre_title\"><p>19 december 2025  | Nyhet<\/p><\/div>\n\t\t<div class=\"excerpt small\"><\/div>\n\t<\/a>\n<\/div>                                    <div class=\"row__col row__col--lg-4 listing-block--item\"  >\n\t\t<a href=\"https:\/\/novare.se\/executive-search\/nyheter\/emmelie-johansson-granit\/\">\n\t\t<div class=\"image\">\n\t\t\t<img loading=\"lazy\" decoding=\"async\" width=\"768\" height=\"768\" src=\"https:\/\/novare.se\/executive-search\/wp-content\/uploads\/sites\/2\/2025\/12\/Namnlos-design-12-768x768.png\" class=\"media-item\" alt=\"Kvinna med l\u00e5mgt m\u00f6rkt h\u00e5r och kavaj ler in mot kameran\" srcset=\"https:\/\/novare.se\/executive-search\/wp-content\/uploads\/sites\/2\/2025\/12\/Namnlos-design-12-768x768.png 768w, https:\/\/novare.se\/executive-search\/wp-content\/uploads\/sites\/2\/2025\/12\/Namnlos-design-12-360x360.png 360w, https:\/\/novare.se\/executive-search\/wp-content\/uploads\/sites\/2\/2025\/12\/Namnlos-design-12-1024x1024.png 1024w, https:\/\/novare.se\/executive-search\/wp-content\/uploads\/sites\/2\/2025\/12\/Namnlos-design-12-150x150.png 150w, https:\/\/novare.se\/executive-search\/wp-content\/uploads\/sites\/2\/2025\/12\/Namnlos-design-12.png 1080w\" sizes=\"(max-width: 768px) 100vw, 768px\" \/>\t\t\t<div class=\"overlay\"><\/div>\n\t\t\t<div class=\"badge text-regular\" style=\"background-color: #f5f2ef; color: #000000;\">Novare Executive Search<\/div>\t\t<\/div>\n\t\t<div class=\"title text-medium\">Emmelie Johansson till Granit Funktion &amp; F\u00f6rvaring<i class=\"arrow fa fa-arrow-right\" aria-hidden=\"true\"><\/i><\/div>\n\t\t<div class=\"pre_title\"><p>4 december 2025  | Nyhet<\/p><\/div>\n\t\t<div class=\"excerpt small\"><\/div>\n\t<\/a>\n<\/div>                                    <div class=\"row__col row__col--lg-4 listing-block--item\"  >\n\t\t<a href=\"https:\/\/novare.se\/executive-search\/nyheter\/veronica-rorsgard-till-ran-group\/\">\n\t\t<div class=\"image\">\n\t\t\t<img loading=\"lazy\" decoding=\"async\" width=\"768\" height=\"768\" src=\"https:\/\/novare.se\/executive-search\/wp-content\/uploads\/sites\/2\/2025\/12\/Veronia-Rorsgard-768x768.png\" class=\"media-item\" alt=\"Kvinna i m\u00f6nstrad kl\u00e4nning ler mot kameran\" srcset=\"https:\/\/novare.se\/executive-search\/wp-content\/uploads\/sites\/2\/2025\/12\/Veronia-Rorsgard-768x768.png 768w, https:\/\/novare.se\/executive-search\/wp-content\/uploads\/sites\/2\/2025\/12\/Veronia-Rorsgard-360x360.png 360w, https:\/\/novare.se\/executive-search\/wp-content\/uploads\/sites\/2\/2025\/12\/Veronia-Rorsgard-1024x1024.png 1024w, https:\/\/novare.se\/executive-search\/wp-content\/uploads\/sites\/2\/2025\/12\/Veronia-Rorsgard-150x150.png 150w, https:\/\/novare.se\/executive-search\/wp-content\/uploads\/sites\/2\/2025\/12\/Veronia-Rorsgard.png 1080w\" sizes=\"(max-width: 768px) 100vw, 768px\" \/>\t\t\t<div class=\"overlay\"><\/div>\n\t\t\t<div class=\"badge text-regular\" style=\"background-color: #f5f2ef; color: #000000;\">Novare Executive Search<\/div>\t\t<\/div>\n\t\t<div class=\"title text-medium\">Veronica R\u00f6rsg\u00e5rd till RAN Group<i class=\"arrow fa fa-arrow-right\" aria-hidden=\"true\"><\/i><\/div>\n\t\t<div class=\"pre_title\"><p>3 december 2025  | Nyhet<\/p><\/div>\n\t\t<div class=\"excerpt small\"><\/div>\n\t<\/a>\n<\/div>                                    <\/div>\n\n\n        <div class=\"row listing-block--pagination\">\n            <div class=\"row__col listing-block--pagination--results\">\n                                    <div class=\"pagination m-0\" data-max-num-pages=\"19\" data-current-page=\"1\"><button type=\"button\" data-page-no=\"1\" disabled class=\"m-0 btn--pagination pagination-item prev\"><i class=\"fa fa-chevron-left\"><\/i><\/button><button type=\"button\" data-page-no=\"1\" class=\"m-0 btn--pagination text-medium current bg-primary pagination-item\">1<\/button><button type=\"button\" data-page-no=\"2\" class=\"m-0 btn--pagination text-medium pagination-item\">2<\/button><button type=\"button\" data-page-no=\"3\" class=\"m-0 btn--pagination text-medium pagination-item\">3<\/button><span class=\"text-medium pagination-ellipsis\">&#8230;<\/span><button type=\"button\" data-page-no=\"19\" class=\"m-0 btn--pagination text-medium pagination-item\">19<\/button><button type=\"button\" data-page-no=\"2\"  class=\"m-0 btn--pagination text-medium pagination-item next\"><i class=\"fa fa-chevron-right\"><\/i><\/button><\/div>                            <\/div>\n        <\/div>\n    <\/div>\n<\/section>\n","protected":false},"excerpt":{"rendered":"","protected":false},"author":1,"featured_media":0,"parent":0,"menu_order":0,"comment_status":"closed","ping_status":"closed","template":"","meta":{"_acf_changed":false,"_seopress_robots_primary_cat":"","_seopress_titles_title":"Nyheter fr\u00e5n Novare Executive Search | Novare","_seopress_titles_desc":"Skicka in ditt CV till Novare Executive Search och bli synlig f\u00f6r framtida chefs- och specialistroller i v\u00e5rt n\u00e4tverk och kandidatdatabas.","_seopress_robots_index":"","inline_featured_image":false,"footnotes":""},"class_list":["post-798","page","type-page","status-publish","hentry"],"acf":[],"_links":{"self":[{"href":"https:\/\/novare.se\/executive-search\/wp-json\/wp\/v2\/pages\/798","targetHints":{"allow":["GET"]}}],"collection":[{"href":"https:\/\/novare.se\/executive-search\/wp-json\/wp\/v2\/pages"}],"about":[{"href":"https:\/\/novare.se\/executive-search\/wp-json\/wp\/v2\/types\/page"}],"author":[{"embeddable":true,"href":"https:\/\/novare.se\/executive-search\/wp-json\/wp\/v2\/users\/1"}],"replies":[{"embeddable":true,"href":"https:\/\/novare.se\/executive-search\/wp-json\/wp\/v2\/comments?post=798"}],"version-history":[{"count":11,"href":"https:\/\/novare.se\/executive-search\/wp-json\/wp\/v2\/pages\/798\/revisions"}],"predecessor-version":[{"id":15587,"href":"https:\/\/novare.se\/executive-search\/wp-json\/wp\/v2\/pages\/798\/revisions\/15587"}],"wp:attachment":[{"href":"https:\/\/novare.se\/executive-search\/wp-json\/wp\/v2\/media?parent=798"}],"curies":[{"name":"wp","href":"https:\/\/api.w.org\/{rel}","templated":true}]}}