{"id":2150,"date":"2024-05-29T12:56:25","date_gmt":"2024-05-29T12:56:25","guid":{"rendered":"https:\/\/novare.se\/executive-search\/?page_id=2150"},"modified":"2026-02-18T14:06:38","modified_gmt":"2026-02-18T14:06:38","slug":"fastighet-bygg","status":"publish","type":"page","link":"https:\/\/novare.se\/executive-search\/fastighet-bygg\/","title":{"rendered":"Fastighet &#038; bygg"},"content":{"rendered":"<section id=\"hero-3-block_b89d022f9cf9681569b93365dc72f6e3\" class=\"block hero-3  m-b \">\n    <div class=\"hero-3--top-section bg-primary\">\n                    <div class=\"bg-backdrop\">\n                <div class=\"bg-backdrop--inner\"><\/div>\n            <\/div>\n                <div class=\"container\">\n            <div class=\"row\">\n                <div class=\"row__col\">\n                    <div class=\"text-img-wrapper\">\n                        <div class=\"text-col\" >\n                                                                \n                                <div class=\"title-wrapper\" >\n                                    <h1 class=\"h2 text-left\"><strong><i>Fastighet &amp; Bygg<\/i><\/strong><\/h1>                                <\/div>\n                                                            \n                            \n                                                            <div class=\"text-wrapper\" >\n                                    <p>Vi hj\u00e4lper bolag och investerare inom fastighet och bygg att s\u00e4kra strategiskt avg\u00f6rande kompetens till styrelser, ledningsgrupper och nyckelroller.<\/p>\n                                <\/div>\n                                                            \n                                                            <div class='btn-wrapper'><div class=\"btn-element\" ><a class=\"btn btn--white\" href=\"https:\/\/novare.se\/executive-search\/kontakta-oss\/\"target=\"_self\">Kontakta oss<\/a><\/div><\/div>    \n                                                    <\/div>\n\n                                                    <div class=\"2204 HEROTHREEIMG img-col \"   >\n                            <img loading=\"lazy\" decoding=\"async\" width=\"600\" height=\"400\" src=\"https:\/\/novare.se\/executive-search\/wp-content\/uploads\/sites\/2\/2024\/05\/Fastighet.jpg\" class=\"attachment-large size-large\" alt=\"Byggarbetare inspekterar grundl\u00e4ggning p\u00e5 en stor byggarbetsplats.\" srcset=\"https:\/\/novare.se\/executive-search\/wp-content\/uploads\/sites\/2\/2024\/05\/Fastighet.jpg 600w, https:\/\/novare.se\/executive-search\/wp-content\/uploads\/sites\/2\/2024\/05\/Fastighet-360x240.jpg 360w\" sizes=\"(max-width: 600px) 100vw, 600px\" \/>                                \n                            <\/div>\n                                            <\/div>\n                <\/div>\n            <\/div>\n        <\/div>\n    <\/div>\n            <div class=\"hero-3--bottom-section \"  >\n        <div class=\"breadcrumbs dark-text\">\n\t<div class=\"container\">\n        <div class=\"row\">\n            <div class=\"row__col\">\n                <div class=\"breadcrumbs--inner\">\n                    <ul>\n                                                                                <li>\n                                <a href=\"https:\/\/novare.se\/\" class=\"alt\">\n                                    Novare                                <\/a>\n                            <\/li>\n                            \n\t\t\t                                        <li>\n                                <a href=\"https:\/\/novare.se\/executive-search\/\" class=\"alt\">\n                                                                            Novare Executive Search                                                                    <\/a>\n                            <\/li>\n\t\t\t                                    <li><span class=\"alt\">Fastighet &#038; bygg<\/span><\/li>\n                    <\/ul>\n                <\/div>\n            <\/div>\n        <\/div>\n\t<\/div>\n<\/div>        <\/div>\n    \n    <\/section>\n\n\n<section id=\"one-column-text-block-block_0e9c066565a8fcee35bffdd5dd92dd16\" class=\"block one-column-text-block  m-b bg-default\">\n    <div class=\"container\">\n        <div class=\"row row--middle\">\n                            <div class=\"row__col row__col--lg-8\">\n                    <div class=\"title-wrapper\" data-aos-anchor='#one-column-text-block-block_0e9c066565a8fcee35bffdd5dd92dd16'data-aos='fade-up'data-aos-easing='ease-in-out-sine'data-aos-duration='500'data-aos-delay='0'data-aos-once='true'data-aos-offset='250' >\n                        <h3 class=\"h4 m-0 text-left\">Ledare som formar <strong><i>framtidens st\u00e4der och samh\u00e4llen<\/i><\/strong><\/h3>                    <\/div>\n                <\/div>\n                            \n                            <div class=\"row__col row__col--lg-8\" data-aos-anchor='#one-column-text-block-block_0e9c066565a8fcee35bffdd5dd92dd16'data-aos='fade-up'data-aos-easing='ease-in-out-sine'data-aos-duration='500'data-aos-delay='250'data-aos-once='true'data-aos-offset='250'>\n                    <p class=\"preamble m-0\">Fastighetsbranschen spelar en avg\u00f6rande roll i v\u00e5ra samh\u00e4llen. Fastighetsbolagen och dess investerare kan driva verklig f\u00f6r\u00e4ndring, b\u00e5de vad g\u00e4ller att skapa stadsmilj\u00f6er vi trivs i och vad g\u00e4ller p\u00e5verkan p\u00e5 milj\u00f6 och klimat.<\/p>                <\/div>\n            \n                            <div class=\"row__col row__col--lg-8\" data-aos-anchor='#one-column-text-block-block_0e9c066565a8fcee35bffdd5dd92dd16'data-aos='fade-up'data-aos-easing='ease-in-out-sine'data-aos-duration='500'data-aos-delay='250'data-aos-once='true'data-aos-offset='250'>\n                    <div class=\"text-wrapper editor-content\">\n                        <h5>Executive search och r\u00e5dgivning f\u00f6r fastighetsbranschens nyckelroller<\/h5>\n<p>Med m\u00e5ng\u00e5rig erfarenhet inom executive search i fastighetssektorn hj\u00e4lper vi de bolag och m\u00e4nniskor som skapar, finansierar och utvecklar v\u00e5ra st\u00e4der och samh\u00e4llen. V\u00e5ra konsulter har genuint intresse, djup kunskap och expertis samt starka n\u00e4tverk inom fastighetsbranschen.<\/p>\n<p>Novare Executive Search erbjuder r\u00e5dgivning och rekrytering till styrelser, ledningsgrupper, seniora ledarroller och specialister. Vi har tillsatt roller inom sektorns olika segment, d\u00e4ribland bost\u00e4der, kontor, fastighetsutveckling, logistik, l\u00e4tt industri och handel samt banker och r\u00e5dgivare. Vi har \u00e4ven gedigen erfarenhet av att arbeta med kunder som fokuserar p\u00e5 fastighetsutveckling samt entreprenad och bygg.<\/p>\n<p>Vi har god erfarenhet av att utf\u00f6ra uppdrag \u00e5t olika typer av bolag och \u00e4gare. Under \u00e5ren har Novare Executive Search arbetat med privata och noterade bolag, institutioner och kapitalf\u00f6rvaltare, statliga och kommunala bolag samt Private Equity-bolag som investerar i fastighetssektorn.<\/p>\n                    <\/div>\n                <\/div>\n                            \n            \n                    <\/div>\n    <\/div>\n<\/section>\n\n<section id=\"logo-block-block_cd28c87ce12d035185e7ada2e27fa5b1\" class=\"block logo-block  m-b \">\n\t\n\t<div class=\"container\">\n\t\t<div class=\"row row--middle bg-gold-dark bg-opacity-70\">\n\t\t\t<div class=\"overlay overlay--image\" \n\t\t\t>\n\t\t\t\t<div class=\"overlay overlay--color bg-gold-dark bg-opacity-70\"><\/div>\n\t\t\t<\/div>\n\t\t\t<div class=\"row__col header\">\n\t\t\t\t                \t<div class=\"title-wrapper\">\n                \t    <h3 class=\"h3 text-center\">H\u00e4r har vi samlat ett urval av v\u00e5ra kunder<\/h3>                \t<\/div>\n\n\t\t\t\t\t\t\n                \t\t\t<\/div>\n\t\t\t<div class=\"row__col logo--container\">\n\t\t\t\t\t\t\t\t\t<div class=\"row row--middle\">\n\t\t\t\t\t\t\t\t\t\t\t\t\t<div class=\"row__col logo #f5f2ef\"\n                                 data-aos-delay-xs=\"0\"\n                                 data-aos-delay-sm=\"0\"\n                                 data-aos-delay-md=\"0\"\n                                 data-aos-delay-lg=\"0\"\n                                 data-aos-delay-xl=\"0\"\n                                data-aos-anchor='#logo-block-block_cd28c87ce12d035185e7ada2e27fa5b1'data-aos='zoom-in'data-aos-easing='ease-in-out-sine'data-aos-duration='500'data-aos-delay='0'data-aos-once='true'data-aos-offset='250'>\n\t\t\t\t\t\t\t\t<img loading=\"lazy\" decoding=\"async\" width=\"800\" height=\"167\" src=\"https:\/\/novare.se\/executive-search\/wp-content\/uploads\/sites\/2\/2024\/06\/9d7401986690dae0_800x800ar.png\" class=\"attachment-full size-full\" alt=\"Texten &quot;NORDR&quot; i vit, stiliserad font p\u00e5 svart bakgrund.\" srcset=\"https:\/\/novare.se\/executive-search\/wp-content\/uploads\/sites\/2\/2024\/06\/9d7401986690dae0_800x800ar.png 800w, https:\/\/novare.se\/executive-search\/wp-content\/uploads\/sites\/2\/2024\/06\/9d7401986690dae0_800x800ar-360x75.png 360w, https:\/\/novare.se\/executive-search\/wp-content\/uploads\/sites\/2\/2024\/06\/9d7401986690dae0_800x800ar-768x160.png 768w\" sizes=\"(max-width: 800px) 100vw, 800px\" \/>\t\t\t\t\t\t\t<\/div>\n\t\t\t\t\t\t\t\t\t\t\t\t\t\t\t\t\t\t\t<div class=\"row__col logo #f5f2ef\"\n                                 data-aos-delay-xs=\"0\"\n                                 data-aos-delay-sm=\"0\"\n                                 data-aos-delay-md=\"0\"\n                                 data-aos-delay-lg=\"0\"\n                                 data-aos-delay-xl=\"0\"\n                                data-aos-anchor='#logo-block-block_cd28c87ce12d035185e7ada2e27fa5b1'data-aos='zoom-in'data-aos-easing='ease-in-out-sine'data-aos-duration='500'data-aos-delay='0'data-aos-once='true'data-aos-offset='250'>\n\t\t\t\t\t\t\t\t<img loading=\"lazy\" decoding=\"async\" width=\"600\" height=\"139\" src=\"https:\/\/novare.se\/executive-search\/wp-content\/uploads\/sites\/2\/2024\/06\/besqab-logo.png\" class=\"attachment-full size-full\" alt=\"Texten &quot;BESQAB&quot; i vit stiliserad bokstavsdesign.\" srcset=\"https:\/\/novare.se\/executive-search\/wp-content\/uploads\/sites\/2\/2024\/06\/besqab-logo.png 600w, https:\/\/novare.se\/executive-search\/wp-content\/uploads\/sites\/2\/2024\/06\/besqab-logo-360x83.png 360w\" sizes=\"(max-width: 600px) 100vw, 600px\" \/>\t\t\t\t\t\t\t<\/div>\n\t\t\t\t\t\t\t\t\t\t\t\t\t\t\t\t\t\t\t<div class=\"row__col logo #f5f2ef\"\n                                 data-aos-delay-xs=\"400\"\n                                 data-aos-delay-sm=\"400\"\n                                 data-aos-delay-md=\"400\"\n                                 data-aos-delay-lg=\"0\"\n                                 data-aos-delay-xl=\"0\"\n                                data-aos-anchor='#logo-block-block_cd28c87ce12d035185e7ada2e27fa5b1'data-aos='zoom-in'data-aos-easing='ease-in-out-sine'data-aos-duration='500'data-aos-delay='0'data-aos-once='true'data-aos-offset='250'>\n\t\t\t\t\t\t\t\t<img loading=\"lazy\" decoding=\"async\" width=\"1600\" height=\"199\" src=\"https:\/\/novare.se\/executive-search\/wp-content\/uploads\/sites\/2\/2024\/06\/johnmattson-blue-rgb.png\" class=\"attachment-full size-full\" alt=\"Texten s\u00e4ger &quot;John Mattson&quot; i vit stiliserad text.\" srcset=\"https:\/\/novare.se\/executive-search\/wp-content\/uploads\/sites\/2\/2024\/06\/johnmattson-blue-rgb.png 1600w, https:\/\/novare.se\/executive-search\/wp-content\/uploads\/sites\/2\/2024\/06\/johnmattson-blue-rgb-360x45.png 360w, https:\/\/novare.se\/executive-search\/wp-content\/uploads\/sites\/2\/2024\/06\/johnmattson-blue-rgb-1024x127.png 1024w, https:\/\/novare.se\/executive-search\/wp-content\/uploads\/sites\/2\/2024\/06\/johnmattson-blue-rgb-768x96.png 768w, https:\/\/novare.se\/executive-search\/wp-content\/uploads\/sites\/2\/2024\/06\/johnmattson-blue-rgb-1536x191.png 1536w\" sizes=\"(max-width: 1600px) 100vw, 1600px\" \/>\t\t\t\t\t\t\t<\/div>\n\t\t\t\t\t\t\t\t\t\t\t\t\t\t\t\t\t\t\t<div class=\"row__col logo #f5f2ef\"\n                                 data-aos-delay-xs=\"400\"\n                                 data-aos-delay-sm=\"400\"\n                                 data-aos-delay-md=\"400\"\n                                 data-aos-delay-lg=\"0\"\n                                 data-aos-delay-xl=\"0\"\n                                data-aos-anchor='#logo-block-block_cd28c87ce12d035185e7ada2e27fa5b1'data-aos='zoom-in'data-aos-easing='ease-in-out-sine'data-aos-duration='500'data-aos-delay='0'data-aos-once='true'data-aos-offset='250'>\n\t\t\t\t\t\t\t\t<img loading=\"lazy\" decoding=\"async\" width=\"1700\" height=\"252\" src=\"https:\/\/novare.se\/executive-search\/wp-content\/uploads\/sites\/2\/2024\/06\/vasakronan-logotyp_negativ.png\" class=\"attachment-full size-full\" alt=\"Texten &quot;Vasakronan&quot; i vit stiliserad logotyp.\" srcset=\"https:\/\/novare.se\/executive-search\/wp-content\/uploads\/sites\/2\/2024\/06\/vasakronan-logotyp_negativ.png 1700w, https:\/\/novare.se\/executive-search\/wp-content\/uploads\/sites\/2\/2024\/06\/vasakronan-logotyp_negativ-360x53.png 360w, https:\/\/novare.se\/executive-search\/wp-content\/uploads\/sites\/2\/2024\/06\/vasakronan-logotyp_negativ-1024x152.png 1024w, https:\/\/novare.se\/executive-search\/wp-content\/uploads\/sites\/2\/2024\/06\/vasakronan-logotyp_negativ-768x114.png 768w, https:\/\/novare.se\/executive-search\/wp-content\/uploads\/sites\/2\/2024\/06\/vasakronan-logotyp_negativ-1536x228.png 1536w\" sizes=\"(max-width: 1700px) 100vw, 1700px\" \/>\t\t\t\t\t\t\t<\/div>\n\t\t\t\t\t\t\t\t\t\t\t\t\t\t\t\t\t<\/div>\n\t\t\t\t\t\n\n\t\t\t\t\t\t\t<\/div>\n\t\t<\/div>\n\t<\/div>\n<\/section>\n\n<section id=\"contact-persons-block_99084d1ef4fce9e33968b3ce5d62a013\" class=\"block contact-persons  m-b\">\n    <div class=\"container\">\n        <div class=\"row\">\n            <div class=\"row__col row__col--lg-12\">\n                <div class=\"contact-persons--wrapper bg-gold-light\">\n                    <div class=\"contact-persons--wrapper--content\" >\n                                                    <div class=\"header-wrapper\" >\n                                <h4 class=\"h4 text-left\">Vill du veta mer? <strong><i>H\u00f6r av dig!<\/i><\/strong><\/h4>                            <\/div>\n                        \n                                                    <div class=\"text-wrapper\">\n                                <p>V\u00e4lkommen att h\u00f6ra av dig till v\u00e5r teamleader Christian Agneskog.<\/p>\n                            <\/div>\n                        \n                                                                                                <\/div>\n                    <div class=\"contact-persons--wrapper--people\">\n                                                                                    <div class=\"contact-person\" data-aos-anchor='#contact-persons-block_99084d1ef4fce9e33968b3ce5d62a013'data-aos='fade-right'data-aos-easing='ease-in-out-sine'data-aos-duration='500'data-aos-delay='0'data-aos-once='true'data-aos-offset='250' >\n                                    <div class=\"contact-person--image\">\n                                        <img loading=\"lazy\" decoding=\"async\" width=\"360\" height=\"258\" src=\"https:\/\/novare.se\/executive-search\/wp-content\/uploads\/sites\/2\/2024\/05\/Christian_Agneskog_Tiny-360x258.jpg\" class=\"attachment-medium size-medium\" alt=\"Man b\u00e4r glas\u00f6gon och kostymjacka, st\u00e5r framf\u00f6r gr\u00e5 bakgrund.\" srcset=\"https:\/\/novare.se\/executive-search\/wp-content\/uploads\/sites\/2\/2024\/05\/Christian_Agneskog_Tiny-360x258.jpg 360w, https:\/\/novare.se\/executive-search\/wp-content\/uploads\/sites\/2\/2024\/05\/Christian_Agneskog_Tiny.jpg 670w\" sizes=\"(max-width: 360px) 100vw, 360px\" \/>                                    <\/div>\n                                    <div class=\"contact-person--details\">\n                                        <div class=\"name-wrapper\">\n                                            <a href=\"https:\/\/novare.se\/executive-search\/medarbetare\/christian-agneskog\/\">Christian  Agneskog<\/a>\n                                        <\/div>\n                                        <div class=\"title-wrapper\">\n                                            <p>Partner &#038; Senior Consultant <\/p>\n                                        <\/div>\n                                        <div class=\"email-wrapper\">\n                                            <a href=\"mailto:christian.agneskog@novare.se\">christian.agneskog@novare.se<\/a>\n                                        <\/div>\n                                        <div class=\"phone-wrapper\">\n                                            <a href=\"tel:+46707387134\">+46 707 38 71 34<\/a>\n                                        <\/div>\n                                    <\/div>\n                                <\/div>\n                                                    <\/div>\n                <\/div>\n            <\/div>\n        <\/div>\n    <\/div>\n<\/section>\n\n\n<section id=\"faq-block-block_b193a2db1b16ba7e379d7fd1da466446\" class=\"block faq-block  m-b bg-default\">\n    <div class=\"container\">\n        <div class=\"row\">\n            <div class=\"row__col row__col--lg-6\" data-aos-anchor='#faq-block-block_b193a2db1b16ba7e379d7fd1da466446'data-aos='fade-up'data-aos-easing='ease-in-out-sine'data-aos-duration='500'data-aos-delay='0'data-aos-once='true'data-aos-offset='250' >\n                <img loading=\"lazy\" decoding=\"async\" width=\"1024\" height=\"945\" src=\"https:\/\/novare.se\/executive-search\/wp-content\/uploads\/sites\/2\/2024\/06\/Novare_sma23_webb-1024x945.jpg\" class=\"media-item\" alt=\"Tv\u00e5 personer pratar v\u00e4nligt p\u00e5 en balkong med byggnader i bakgrunden.\" srcset=\"https:\/\/novare.se\/executive-search\/wp-content\/uploads\/sites\/2\/2024\/06\/Novare_sma23_webb-1024x945.jpg 1024w, https:\/\/novare.se\/executive-search\/wp-content\/uploads\/sites\/2\/2024\/06\/Novare_sma23_webb-360x332.jpg 360w, https:\/\/novare.se\/executive-search\/wp-content\/uploads\/sites\/2\/2024\/06\/Novare_sma23_webb-768x709.jpg 768w, https:\/\/novare.se\/executive-search\/wp-content\/uploads\/sites\/2\/2024\/06\/Novare_sma23_webb.jpg 1300w\" sizes=\"(max-width: 1024px) 100vw, 1024px\" \/>            <\/div>\n            \n            <div class=\"row__col row__col--lg-6\">\n                                    <div class=\"title-wrapper text-medium\" data-aos-anchor='#faq-block-block_b193a2db1b16ba7e379d7fd1da466446'data-aos='fade-up'data-aos-easing='ease-in-out-sine'data-aos-duration='500'data-aos-delay='300'data-aos-once='true'data-aos-offset='250' >\n                        <h2 class=\"h3 text-left\">Vanliga fr\u00e5gor om <i><strong>fastighet och bygg<\/i><\/strong><\/h2>                    <\/div>\n                                                    \n                                    <div class=\"accordion\">\n                                                    <div class=\"accordion-item\" data-aos-anchor='#faq-block-block_b193a2db1b16ba7e379d7fd1da466446'data-aos='fade-right'data-aos-easing='ease-in-out-sine'data-aos-duration='500'data-aos-delay='1000'data-aos-once='true'data-aos-offset='250' >\n                                <div class=\"accordion-header\">\n                                    <span class=\"question\">Hur arbetar Novare med ledar- och nyckelrekrytering inom fastighet och bygg?<\/span>\n                                    <i class=\"fa fa-plus\"><\/i><i class=\"fa fa-minus hidden\"><\/i>\n                                <\/div>\n                                <div class=\"accordion-content\" style=\"display: none;\">\n                                    <span class=\"separator\"><\/span>\n                                    Vi arbetar n\u00e4ra v\u00e5ra uppdragsgivare f\u00f6r att f\u00f6rst\u00e5 aff\u00e4rsmodell, projektlogik och l\u00e5ngsiktiga m\u00e5l, vilket g\u00f6r att vi kan identifiera ledare som kan navigera i komplexa och kapitalintensiva milj\u00f6er.                                <\/div>\n                            <\/div>\n                                                        <div class=\"accordion-item\" data-aos-anchor='#faq-block-block_b193a2db1b16ba7e379d7fd1da466446'data-aos='fade-right'data-aos-easing='ease-in-out-sine'data-aos-duration='500'data-aos-delay='1250'data-aos-once='true'data-aos-offset='250' >\n                                <div class=\"accordion-header\">\n                                    <span class=\"question\">Vilka typer av organisationer inom fastighet och bygg samarbetar Novare med?<\/span>\n                                    <i class=\"fa fa-plus\"><\/i><i class=\"fa fa-minus hidden\"><\/i>\n                                <\/div>\n                                <div class=\"accordion-content\" style=\"display: none;\">\n                                    <span class=\"separator\"><\/span>\n                                    Novare arbetar med fastighetsbolag, bygg- och entreprenadbolag, samh\u00e4llsbyggnadsakt\u00f6rer samt investerings- och utvecklingsbolag inom b\u00e5de privat och offentlig sektor.                                <\/div>\n                            <\/div>\n                                                        <div class=\"accordion-item\" data-aos-anchor='#faq-block-block_b193a2db1b16ba7e379d7fd1da466446'data-aos='fade-right'data-aos-easing='ease-in-out-sine'data-aos-duration='500'data-aos-delay='1500'data-aos-once='true'data-aos-offset='250' >\n                                <div class=\"accordion-header\">\n                                    <span class=\"question\">Vad \u00e4r s\u00e4rskilt viktigt vid rekrytering av ledare inom fastighet och bygg?<\/span>\n                                    <i class=\"fa fa-plus\"><\/i><i class=\"fa fa-minus hidden\"><\/i>\n                                <\/div>\n                                <div class=\"accordion-content\" style=\"display: none;\">\n                                    <span class=\"separator\"><\/span>\n                                    Branschen st\u00e4ller h\u00f6ga krav p\u00e5 aff\u00e4rsm\u00e4ssighet, teknisk f\u00f6rst\u00e5else och f\u00f6rm\u00e5ga att leda i l\u00e5nga projektcykler med m\u00e5nga intressenter och tydliga regelverk.                                <\/div>\n                            <\/div>\n                                                        <div class=\"accordion-item\" data-aos-anchor='#faq-block-block_b193a2db1b16ba7e379d7fd1da466446'data-aos='fade-right'data-aos-easing='ease-in-out-sine'data-aos-duration='500'data-aos-delay='1750'data-aos-once='true'data-aos-offset='250' >\n                                <div class=\"accordion-header\">\n                                    <span class=\"question\">Hur s\u00e4kerst\u00e4ller Novare r\u00e4tt matchning i fastighets- och byggrelaterade uppdrag?<\/span>\n                                    <i class=\"fa fa-plus\"><\/i><i class=\"fa fa-minus hidden\"><\/i>\n                                <\/div>\n                                <div class=\"accordion-content\" style=\"display: none;\">\n                                    <span class=\"separator\"><\/span>\n                                    Genom noggrann behovsanalys, strukturerade intervjuer och f\u00f6rdjupade bed\u00f6mningar s\u00e4kerst\u00e4ller vi att kandidaten matchar b\u00e5de uppdragets krav och organisationens kultur.                                <\/div>\n                            <\/div>\n                                                        <div class=\"accordion-item\" data-aos-anchor='#faq-block-block_b193a2db1b16ba7e379d7fd1da466446'data-aos='fade-right'data-aos-easing='ease-in-out-sine'data-aos-duration='500'data-aos-delay='2000'data-aos-once='true'data-aos-offset='250' >\n                                <div class=\"accordion-header\">\n                                    <span class=\"question\">Har Novare erfarenhet av rekrytering i komplexa samh\u00e4llsbyggnadsprojekt?<\/span>\n                                    <i class=\"fa fa-plus\"><\/i><i class=\"fa fa-minus hidden\"><\/i>\n                                <\/div>\n                                <div class=\"accordion-content\" style=\"display: none;\">\n                                    <span class=\"separator\"><\/span>\n                                    Ja, vi har l\u00e5ng erfarenhet av uppdrag kopplade till samh\u00e4llsbyggnad och st\u00f6rre utvecklingsprojekt d\u00e4r ledarskap, samverkan och strategiskt omd\u00f6me \u00e4r avg\u00f6rande.                                <\/div>\n                            <\/div>\n                                                <\/div>\n                            <\/div>\n        <\/div>\n    <\/div>\n<\/section>\n","protected":false},"excerpt":{"rendered":"","protected":false},"author":4,"featured_media":0,"parent":0,"menu_order":0,"comment_status":"closed","ping_status":"closed","template":"","meta":{"_acf_changed":false,"_seopress_robots_primary_cat":"","_seopress_titles_title":"Rekrytering inom fastighet och bygg - novare.se","_seopress_titles_desc":"Expertis inom fastighetsrekrytering: Novare Executive Search erbjuder ledartalanger f\u00f6r fastighetsbolag. Kontakta oss f\u00f6r r\u00e5dgivning och rekrytering.","_seopress_robots_index":"","inline_featured_image":false,"footnotes":""},"class_list":["post-2150","page","type-page","status-publish","hentry"],"acf":[],"_links":{"self":[{"href":"https:\/\/novare.se\/executive-search\/wp-json\/wp\/v2\/pages\/2150","targetHints":{"allow":["GET"]}}],"collection":[{"href":"https:\/\/novare.se\/executive-search\/wp-json\/wp\/v2\/pages"}],"about":[{"href":"https:\/\/novare.se\/executive-search\/wp-json\/wp\/v2\/types\/page"}],"author":[{"embeddable":true,"href":"https:\/\/novare.se\/executive-search\/wp-json\/wp\/v2\/users\/4"}],"replies":[{"embeddable":true,"href":"https:\/\/novare.se\/executive-search\/wp-json\/wp\/v2\/comments?post=2150"}],"version-history":[{"count":24,"href":"https:\/\/novare.se\/executive-search\/wp-json\/wp\/v2\/pages\/2150\/revisions"}],"predecessor-version":[{"id":15393,"href":"https:\/\/novare.se\/executive-search\/wp-json\/wp\/v2\/pages\/2150\/revisions\/15393"}],"wp:attachment":[{"href":"https:\/\/novare.se\/executive-search\/wp-json\/wp\/v2\/media?parent=2150"}],"curies":[{"name":"wp","href":"https:\/\/api.w.org\/{rel}","templated":true}]}}