{"id":2108,"date":"2024-05-29T09:35:31","date_gmt":"2024-05-29T09:35:31","guid":{"rendered":"https:\/\/novare.se\/executive-search\/?page_id=2108"},"modified":"2026-02-02T20:11:20","modified_gmt":"2026-02-02T20:11:20","slug":"second-opinion","status":"publish","type":"page","link":"https:\/\/novare.se\/executive-search\/second-opinion\/","title":{"rendered":"Second Opinion"},"content":{"rendered":"<section id=\"hero-3-block_3438c76db9799d4d91955f7d11c5b3d1\" class=\"block hero-3  m-b \">\n    <div class=\"hero-3--top-section bg-primary\">\n                    <div class=\"bg-backdrop\">\n                <div class=\"bg-backdrop--inner\"><\/div>\n            <\/div>\n                <div class=\"container\">\n            <div class=\"row\">\n                <div class=\"row__col\">\n                    <div class=\"text-img-wrapper\">\n                        <div class=\"text-col\" >\n                                                                \n                                <div class=\"title-wrapper\" >\n                                    <h1 class=\"h1 text-left\">Second Opinion<\/h1>                                <\/div>\n                                                            \n                            \n                            \n                                                            <div class='btn-wrapper'><div class=\"btn-element\" ><a class=\"btn btn--white\" href=\"https:\/\/novare.se\/executive-search\/kontakta-oss\/\"target=\"_self\">Kontakta oss<\/a><\/div><\/div>    \n                                                    <\/div>\n\n                                                    <div class=\"2908 HEROTHREEIMG img-col \"   >\n                            <img loading=\"lazy\" decoding=\"async\" width=\"1024\" height=\"945\" src=\"https:\/\/novare.se\/executive-search\/wp-content\/uploads\/sites\/2\/2024\/06\/Novare_sma18_webb-1-1024x945.jpg\" class=\"attachment-large size-large\" alt=\"Tv\u00e5 kvinnor samtalar, tittar p\u00e5 laptop med texten &quot;Novare&quot;.\" srcset=\"https:\/\/novare.se\/executive-search\/wp-content\/uploads\/sites\/2\/2024\/06\/Novare_sma18_webb-1-1024x945.jpg 1024w, https:\/\/novare.se\/executive-search\/wp-content\/uploads\/sites\/2\/2024\/06\/Novare_sma18_webb-1-360x332.jpg 360w, https:\/\/novare.se\/executive-search\/wp-content\/uploads\/sites\/2\/2024\/06\/Novare_sma18_webb-1-768x709.jpg 768w, https:\/\/novare.se\/executive-search\/wp-content\/uploads\/sites\/2\/2024\/06\/Novare_sma18_webb-1.jpg 1300w\" sizes=\"(max-width: 1024px) 100vw, 1024px\" \/>                                \n                            <\/div>\n                                            <\/div>\n                <\/div>\n            <\/div>\n        <\/div>\n    <\/div>\n            <div class=\"hero-3--bottom-section \"  >\n        <div class=\"breadcrumbs dark-text\">\n\t<div class=\"container\">\n        <div class=\"row\">\n            <div class=\"row__col\">\n                <div class=\"breadcrumbs--inner\">\n                    <ul>\n                                                                                <li>\n                                <a href=\"https:\/\/novare.se\/\" class=\"alt\">\n                                    Novare                                <\/a>\n                            <\/li>\n                            \n\t\t\t                                        <li>\n                                <a href=\"https:\/\/novare.se\/executive-search\/\" class=\"alt\">\n                                                                            Novare Executive Search                                                                    <\/a>\n                            <\/li>\n\t\t\t                                    <li><span class=\"alt\">Second Opinion<\/span><\/li>\n                    <\/ul>\n                <\/div>\n            <\/div>\n        <\/div>\n\t<\/div>\n<\/div>        <\/div>\n    \n    <\/section>\n\n\n<section id=\"one-column-text-block-block_c78dd66ef889e3cbc51ee55a4f7f56d0\" class=\"block one-column-text-block  m-b bg-default\">\n    <div class=\"container\">\n        <div class=\"row row--middle\">\n                            <div class=\"row__col row__col--lg-8\">\n                    <div class=\"title-wrapper\" data-aos-anchor='#one-column-text-block-block_c78dd66ef889e3cbc51ee55a4f7f56d0'data-aos='fade-up'data-aos-easing='ease-in-out-sine'data-aos-duration='500'data-aos-delay='0'data-aos-once='true'data-aos-offset='250' >\n                        <h3 class=\"h3 m-0 text-left\">Vi ger dig det st\u00f6d du beh\u00f6ver f\u00f6r att g\u00f6ra det b\u00e4sta valet<\/h3>                    <\/div>\n                <\/div>\n                            \n                            <div class=\"row__col row__col--lg-8\" data-aos-anchor='#one-column-text-block-block_c78dd66ef889e3cbc51ee55a4f7f56d0'data-aos='fade-up'data-aos-easing='ease-in-out-sine'data-aos-duration='500'data-aos-delay='250'data-aos-once='true'data-aos-offset='250'>\n                    <p class=\"preamble m-0\">Second Opinion \u00e4r en tj\u00e4nst f\u00f6r dig som valt att g\u00f6ra rekryteringen p\u00e5 egen hand men som beh\u00f6ver r\u00e5dgivning n\u00e4r det g\u00e4ller att v\u00e4lja r\u00e4tt slutkandidat.<\/p>                <\/div>\n            \n                            <div class=\"row__col row__col--lg-8\" data-aos-anchor='#one-column-text-block-block_c78dd66ef889e3cbc51ee55a4f7f56d0'data-aos='fade-up'data-aos-easing='ease-in-out-sine'data-aos-duration='500'data-aos-delay='250'data-aos-once='true'data-aos-offset='250'>\n                    <div class=\"text-wrapper editor-content\">\n                        <p>Med v\u00e5r hj\u00e4lp f\u00e5r du en oberoende och f\u00f6rdjupad bed\u00f6mning av kandidaterna. Vi anv\u00e4nder v\u00e5r erfarenhet av person- och kompetensv\u00e4rdering s\u00e5 att du f\u00e5r en objektiv slutbed\u00f6mning och d\u00e4refter kan v\u00e4lja r\u00e4tt kandidat.<\/p>\n<p>V\u00e5r modell \u00e4r flexibel och anpassas alltid dina behov. Efter att vi tagit del av kravprofilen kan vi genomf\u00f6ra slutintervjuer, g\u00f6ra tester, ta referenser eller g\u00f6ra en bakgrundskontroll innan vi avslutar med att ge v\u00e5r rekommendation.<\/p>\n                    <\/div>\n                <\/div>\n                            \n            \n                    <\/div>\n    <\/div>\n<\/section>\n\n<section id=\"contact-persons-block_94ca5b459579cd577a4915635459cb5f\" class=\"block contact-persons  m-b\">\n    <div class=\"container\">\n        <div class=\"row\">\n            <div class=\"row__col row__col--lg-12\">\n                <div class=\"contact-persons--wrapper bg-primary\">\n                    <div class=\"contact-persons--wrapper--content\" >\n                                                    <div class=\"header-wrapper\" >\n                                <h3 class=\"h3 text-left\">Vill du veta mer? <strong><i>H\u00f6r av dig!<\/i><\/strong><\/h3>                            <\/div>\n                        \n                        \n                                            <\/div>\n                    <div class=\"contact-persons--wrapper--people\">\n                                                                                    <div class=\"contact-person\" data-aos-anchor='#contact-persons-block_94ca5b459579cd577a4915635459cb5f'data-aos='fade-right'data-aos-easing='ease-in-out-sine'data-aos-duration='500'data-aos-delay='0'data-aos-once='true'data-aos-offset='250' >\n                                    <div class=\"contact-person--image\">\n                                        <img loading=\"lazy\" decoding=\"async\" width=\"360\" height=\"258\" src=\"https:\/\/novare.se\/executive-search\/wp-content\/uploads\/sites\/2\/2024\/05\/Andreas_Looken_Tiny-360x258.jpg\" class=\"attachment-medium size-medium\" alt=\"Man ler i ljusbl\u00e5 skjorta mot beige bakgrund.\" srcset=\"https:\/\/novare.se\/executive-search\/wp-content\/uploads\/sites\/2\/2024\/05\/Andreas_Looken_Tiny-360x258.jpg 360w, https:\/\/novare.se\/executive-search\/wp-content\/uploads\/sites\/2\/2024\/05\/Andreas_Looken_Tiny.jpg 670w\" sizes=\"(max-width: 360px) 100vw, 360px\" \/>                                    <\/div>\n                                    <div class=\"contact-person--details\">\n                                        <div class=\"name-wrapper\">\n                                            <a href=\"https:\/\/novare.se\/executive-search\/medarbetare\/andreas-lokken\/\">Andreas  L\u00f6kken<\/a>\n                                        <\/div>\n                                        <div class=\"title-wrapper\">\n                                            <p>Head of Executive Assessment &#038; Senior Consultant<\/p>\n                                        <\/div>\n                                        <div class=\"email-wrapper\">\n                                            <a href=\"mailto:andreas.lokken@novare.se\">andreas.lokken@novare.se<\/a>\n                                        <\/div>\n                                        <div class=\"phone-wrapper\">\n                                            <a href=\"tel:+46735025062\">+46 735 02 50 62<\/a>\n                                        <\/div>\n                                    <\/div>\n                                <\/div>\n                                                    <\/div>\n                <\/div>\n            <\/div>\n        <\/div>\n    <\/div>\n<\/section>\n\n\n<section id=\"faq-block-block_53aaaa04ac78f92e8f121cef6ea5103c\" class=\"block faq-block  m-b bg-default\">\n    <div class=\"container\">\n        <div class=\"row\">\n            <div class=\"row__col row__col--lg-6\" data-aos-anchor='#faq-block-block_53aaaa04ac78f92e8f121cef6ea5103c'data-aos='fade-up'data-aos-easing='ease-in-out-sine'data-aos-duration='500'data-aos-delay='0'data-aos-once='true'data-aos-offset='250' >\n                <img loading=\"lazy\" decoding=\"async\" width=\"1024\" height=\"945\" src=\"https:\/\/novare.se\/executive-search\/wp-content\/uploads\/sites\/2\/2024\/06\/Novare_sma23_webb-1024x945.jpg\" class=\"media-item\" alt=\"Tv\u00e5 personer pratar v\u00e4nligt p\u00e5 en balkong med byggnader i bakgrunden.\" srcset=\"https:\/\/novare.se\/executive-search\/wp-content\/uploads\/sites\/2\/2024\/06\/Novare_sma23_webb-1024x945.jpg 1024w, https:\/\/novare.se\/executive-search\/wp-content\/uploads\/sites\/2\/2024\/06\/Novare_sma23_webb-360x332.jpg 360w, https:\/\/novare.se\/executive-search\/wp-content\/uploads\/sites\/2\/2024\/06\/Novare_sma23_webb-768x709.jpg 768w, https:\/\/novare.se\/executive-search\/wp-content\/uploads\/sites\/2\/2024\/06\/Novare_sma23_webb.jpg 1300w\" sizes=\"(max-width: 1024px) 100vw, 1024px\" \/>            <\/div>\n            \n            <div class=\"row__col row__col--lg-6\">\n                                    <div class=\"title-wrapper text-medium\" data-aos-anchor='#faq-block-block_53aaaa04ac78f92e8f121cef6ea5103c'data-aos='fade-up'data-aos-easing='ease-in-out-sine'data-aos-duration='500'data-aos-delay='300'data-aos-once='true'data-aos-offset='250' >\n                        <h2 class=\"h3 text-left\">Vanliga fr\u00e5gor om <i><strong>second opinion<\/i><\/strong><\/h2>                    <\/div>\n                                                    \n                                    <div class=\"accordion\">\n                                                    <div class=\"accordion-item\" data-aos-anchor='#faq-block-block_53aaaa04ac78f92e8f121cef6ea5103c'data-aos='fade-right'data-aos-easing='ease-in-out-sine'data-aos-duration='500'data-aos-delay='1000'data-aos-once='true'data-aos-offset='250' >\n                                <div class=\"accordion-header\">\n                                    <span class=\"question\">Hur anv\u00e4nds en second opinion i ett p\u00e5g\u00e5ende rekryteringsbeslut?<\/span>\n                                    <i class=\"fa fa-plus\"><\/i><i class=\"fa fa-minus hidden\"><\/i>\n                                <\/div>\n                                <div class=\"accordion-content\" style=\"display: none;\">\n                                    <span class=\"separator\"><\/span>\n                                    En second opinion anv\u00e4nds som ett kompletterande beslutsst\u00f6d n\u00e4r rekryteringsprocessen n\u00e4rmar sig sitt slut. Den ger ett oberoende perspektiv som st\u00e4rker tryggheten inf\u00f6r det slutliga valet.                                <\/div>\n                            <\/div>\n                                                        <div class=\"accordion-item\" data-aos-anchor='#faq-block-block_53aaaa04ac78f92e8f121cef6ea5103c'data-aos='fade-right'data-aos-easing='ease-in-out-sine'data-aos-duration='500'data-aos-delay='1250'data-aos-once='true'data-aos-offset='250' >\n                                <div class=\"accordion-header\">\n                                    <span class=\"question\">N\u00e4r \u00e4r det s\u00e4rskilt relevant att ta in en second opinion?<\/span>\n                                    <i class=\"fa fa-plus\"><\/i><i class=\"fa fa-minus hidden\"><\/i>\n                                <\/div>\n                                <div class=\"accordion-content\" style=\"display: none;\">\n                                    <span class=\"separator\"><\/span>\n                                    En second opinion \u00e4r s\u00e4rskilt v\u00e4rdefull vid tills\u00e4ttning av nyckelroller, chefspositioner eller n\u00e4r flera kandidater bed\u00f6ms som likv\u00e4rdiga. Den anv\u00e4nds \u00e4ven n\u00e4r organisationen vill minska os\u00e4kerhet inf\u00f6r ett strategiskt viktigt beslut.                                <\/div>\n                            <\/div>\n                                                        <div class=\"accordion-item\" data-aos-anchor='#faq-block-block_53aaaa04ac78f92e8f121cef6ea5103c'data-aos='fade-right'data-aos-easing='ease-in-out-sine'data-aos-duration='500'data-aos-delay='1500'data-aos-once='true'data-aos-offset='250' >\n                                <div class=\"accordion-header\">\n                                    <span class=\"question\">Vad tillf\u00f6r en second opinion j\u00e4mf\u00f6rt med en intern bed\u00f6mning?<\/span>\n                                    <i class=\"fa fa-plus\"><\/i><i class=\"fa fa-minus hidden\"><\/i>\n                                <\/div>\n                                <div class=\"accordion-content\" style=\"display: none;\">\n                                    <span class=\"separator\"><\/span>\n                                    En second opinion bidrar med objektivitet och struktur. Genom extern kompetens inom psykologi, ledarskap och organisationsbed\u00f6mning minskar risken f\u00f6r subjektiva tolkningar och omedvetna bias.                                <\/div>\n                            <\/div>\n                                                        <div class=\"accordion-item\" data-aos-anchor='#faq-block-block_53aaaa04ac78f92e8f121cef6ea5103c'data-aos='fade-right'data-aos-easing='ease-in-out-sine'data-aos-duration='500'data-aos-delay='1750'data-aos-once='true'data-aos-offset='250' >\n                                <div class=\"accordion-header\">\n                                    <span class=\"question\">Hur bidrar en second opinion till tryggare och mer h\u00e5llbara beslut?<\/span>\n                                    <i class=\"fa fa-plus\"><\/i><i class=\"fa fa-minus hidden\"><\/i>\n                                <\/div>\n                                <div class=\"accordion-content\" style=\"display: none;\">\n                                    <span class=\"separator\"><\/span>\n                                    Genom att tydligg\u00f6ra b\u00e5de styrkor och potentiella risker skapas ett mer balanserat beslutsunderlag. Det \u00f6kar sannolikheten f\u00f6r l\u00e5ngsiktig matchning och minskar risken f\u00f6r kostsamma felrekryteringar.                                <\/div>\n                            <\/div>\n                                                        <div class=\"accordion-item\" data-aos-anchor='#faq-block-block_53aaaa04ac78f92e8f121cef6ea5103c'data-aos='fade-right'data-aos-easing='ease-in-out-sine'data-aos-duration='500'data-aos-delay='2000'data-aos-once='true'data-aos-offset='250' >\n                                <div class=\"accordion-header\">\n                                    <span class=\"question\">Kan en second opinion anpassas efter roll och organisation?<\/span>\n                                    <i class=\"fa fa-plus\"><\/i><i class=\"fa fa-minus hidden\"><\/i>\n                                <\/div>\n                                <div class=\"accordion-content\" style=\"display: none;\">\n                                    <span class=\"separator\"><\/span>\n                                    Ja, en second opinion anpassas alltid efter uppdragets karakt\u00e4r, organisationens kontext och den aktuella rollen. Det s\u00e4kerst\u00e4ller att analysen \u00e4r relevant och ger konkret st\u00f6d i just det beslut ni st\u00e5r inf\u00f6r.                                <\/div>\n                            <\/div>\n                                                <\/div>\n                            <\/div>\n        <\/div>\n    <\/div>\n<\/section>\n","protected":false},"excerpt":{"rendered":"","protected":false},"author":4,"featured_media":0,"parent":0,"menu_order":0,"comment_status":"closed","ping_status":"closed","template":"","meta":{"_acf_changed":false,"_seopress_robots_primary_cat":"","_seopress_titles_title":"Second opinion f\u00f6r r\u00e4tt kandidatval - novare.se","_seopress_titles_desc":"F\u00e5 en oberoende bed\u00f6mning av kandidater med Second Opinion. Vi ger dig st\u00f6d f\u00f6r att v\u00e4lja r\u00e4tt slutkandidat genom tester och intervjuer. Kontakta oss!","_seopress_robots_index":"","inline_featured_image":false,"footnotes":""},"class_list":["post-2108","page","type-page","status-publish","hentry"],"acf":[],"_links":{"self":[{"href":"https:\/\/novare.se\/executive-search\/wp-json\/wp\/v2\/pages\/2108","targetHints":{"allow":["GET"]}}],"collection":[{"href":"https:\/\/novare.se\/executive-search\/wp-json\/wp\/v2\/pages"}],"about":[{"href":"https:\/\/novare.se\/executive-search\/wp-json\/wp\/v2\/types\/page"}],"author":[{"embeddable":true,"href":"https:\/\/novare.se\/executive-search\/wp-json\/wp\/v2\/users\/4"}],"replies":[{"embeddable":true,"href":"https:\/\/novare.se\/executive-search\/wp-json\/wp\/v2\/comments?post=2108"}],"version-history":[{"count":12,"href":"https:\/\/novare.se\/executive-search\/wp-json\/wp\/v2\/pages\/2108\/revisions"}],"predecessor-version":[{"id":15311,"href":"https:\/\/novare.se\/executive-search\/wp-json\/wp\/v2\/pages\/2108\/revisions\/15311"}],"wp:attachment":[{"href":"https:\/\/novare.se\/executive-search\/wp-json\/wp\/v2\/media?parent=2108"}],"curies":[{"name":"wp","href":"https:\/\/api.w.org\/{rel}","templated":true}]}}