{"id":2096,"date":"2024-05-29T09:11:41","date_gmt":"2024-05-29T09:11:41","guid":{"rendered":"https:\/\/novare.se\/executive-search\/?page_id=2096"},"modified":"2026-02-02T19:54:19","modified_gmt":"2026-02-02T19:54:19","slug":"assessment","status":"publish","type":"page","link":"https:\/\/novare.se\/executive-search\/assessment\/","title":{"rendered":"Assessment"},"content":{"rendered":"<section id=\"hero-3-block_2d5929fa549354e3a27c7286ef3dd3fd\" class=\"block hero-3  m-b \">\n    <div class=\"hero-3--top-section bg-primary\">\n                    <div class=\"bg-backdrop\">\n                <div class=\"bg-backdrop--inner\"><\/div>\n            <\/div>\n                <div class=\"container\">\n            <div class=\"row\">\n                <div class=\"row__col\">\n                    <div class=\"text-img-wrapper\">\n                        <div class=\"text-col\" >\n                                                                \n                                <div class=\"title-wrapper\" >\n                                    <h1 class=\"h1 text-left\">Assessment<\/h1>                                <\/div>\n                                                            \n                            \n                            \n                                                            <div class='btn-wrapper'><div class=\"btn-element\" ><a class=\"btn btn--white\" href=\"https:\/\/novare.se\/executive-search\/kontakta-oss\/\"target=\"_self\">Kontakta oss<\/a><\/div><\/div>    \n                                                    <\/div>\n\n                                                    <div class=\"2912 HEROTHREEIMG img-col \"   >\n                            <img loading=\"lazy\" decoding=\"async\" width=\"1024\" height=\"945\" src=\"https:\/\/novare.se\/executive-search\/wp-content\/uploads\/sites\/2\/2024\/06\/Novare_sma28_webb-1-1024x945.jpg\" class=\"attachment-large size-large\" alt=\"Tre personer samtalar vid ett skrivbord i kontorsmilj\u00f6.\" srcset=\"https:\/\/novare.se\/executive-search\/wp-content\/uploads\/sites\/2\/2024\/06\/Novare_sma28_webb-1-1024x945.jpg 1024w, https:\/\/novare.se\/executive-search\/wp-content\/uploads\/sites\/2\/2024\/06\/Novare_sma28_webb-1-360x332.jpg 360w, https:\/\/novare.se\/executive-search\/wp-content\/uploads\/sites\/2\/2024\/06\/Novare_sma28_webb-1-768x709.jpg 768w, https:\/\/novare.se\/executive-search\/wp-content\/uploads\/sites\/2\/2024\/06\/Novare_sma28_webb-1.jpg 1300w\" sizes=\"(max-width: 1024px) 100vw, 1024px\" \/>                                \n                            <\/div>\n                                            <\/div>\n                <\/div>\n            <\/div>\n        <\/div>\n    <\/div>\n            <div class=\"hero-3--bottom-section \"  >\n        <div class=\"breadcrumbs dark-text\">\n\t<div class=\"container\">\n        <div class=\"row\">\n            <div class=\"row__col\">\n                <div class=\"breadcrumbs--inner\">\n                    <ul>\n                                                                                <li>\n                                <a href=\"https:\/\/novare.se\/\" class=\"alt\">\n                                    Novare                                <\/a>\n                            <\/li>\n                            \n\t\t\t                                        <li>\n                                <a href=\"https:\/\/novare.se\/executive-search\/\" class=\"alt\">\n                                                                            Novare Executive Search                                                                    <\/a>\n                            <\/li>\n\t\t\t                                    <li><span class=\"alt\">Assessment<\/span><\/li>\n                    <\/ul>\n                <\/div>\n            <\/div>\n        <\/div>\n\t<\/div>\n<\/div>        <\/div>\n    \n    <\/section>\n\n\n<section id=\"one-column-text-block-block_e15153a20a55b2375baeefb7706dc5f7\" class=\"block one-column-text-block  m-b bg-default\">\n    <div class=\"container\">\n        <div class=\"row row--middle\">\n                            <div class=\"row__col row__col--lg-8\">\n                    <div class=\"title-wrapper\" data-aos-anchor='#one-column-text-block-block_e15153a20a55b2375baeefb7706dc5f7'data-aos='fade-up'data-aos-easing='ease-in-out-sine'data-aos-duration='500'data-aos-delay='0'data-aos-once='true'data-aos-offset='250' >\n                        <h3 class=\"h3 m-0 text-left\">Assessment<\/h3>                    <\/div>\n                <\/div>\n                            \n                            <div class=\"row__col row__col--lg-8\" data-aos-anchor='#one-column-text-block-block_e15153a20a55b2375baeefb7706dc5f7'data-aos='fade-up'data-aos-easing='ease-in-out-sine'data-aos-duration='500'data-aos-delay='250'data-aos-once='true'data-aos-offset='250'>\n                    <p class=\"preamble m-0\">Novare har ett specialiserat assessmentteam best\u00e5ende av legitimerade psykologer och professionella search-konsulter som arbetar med skr\u00e4ddarsydda bed\u00f6mningar inom personlighet och ledarskap.<\/p>                <\/div>\n            \n                            <div class=\"row__col row__col--lg-8\" data-aos-anchor='#one-column-text-block-block_e15153a20a55b2375baeefb7706dc5f7'data-aos='fade-up'data-aos-easing='ease-in-out-sine'data-aos-duration='500'data-aos-delay='250'data-aos-once='true'data-aos-offset='250'>\n                    <div class=\"text-wrapper editor-content\">\n                        <p>Vi erbjuder helhetsl\u00f6sningar som kombinerar noggrant utformade arbetspsykologiska verktyg baserade p\u00e5 vetenskaplig forskning och m\u00e5ng\u00e5rig erfarenhet f\u00f6r att s\u00e4kerst\u00e4lla r\u00e4tt ledare p\u00e5 r\u00e4tt plats, vilket \u00e4r avg\u00f6rande f\u00f6r en organisations framg\u00e5ng. V\u00e5ra omfattande personbed\u00f6mningar genomf\u00f6rs inom individuella rekryteringsprocesser, utv\u00e4rdering av ledningsgrupper, kartl\u00e4ggningar vid f\u00f6rv\u00e4rv eller strategiska f\u00f6r\u00e4ndringar, samt vid urvalsprocesser f\u00f6r st\u00f6rre grupper. Vi erbjuder \u00e4ven f\u00f6rdjupade second opinion-bed\u00f6mningar f\u00f6r nyckelroller och professionell r\u00e5dgivning.<\/p>\n<p>&nbsp;<\/p>\n<p>I alla uppdrag kombinerar vi v\u00e5r f\u00f6rst\u00e5else f\u00f6r klientens bransch, kultur och strategiska riktning i relation till de krav som rollen st\u00e4ller. Vi anv\u00e4nder h\u00f6gkvalitativa arbetspsykologiska verktyg som har granskats av oberoende kvalitetsinstitut och f\u00f6ljer riktlinjerna f\u00f6r psykologiska tester enligt ISO 10667. I v\u00e5ra processer bed\u00f6mer vi kandidaternas beteenden, v\u00e4rderingar, riskfaktorer, ledarskapsf\u00f6rm\u00e5ga och prestationspotential baserat p\u00e5 en kombination av personlighetstester, logiska tester och strukturerade djupintervjuer.<\/p>\n<p>&nbsp;<\/p>\n<p>Som en del av Novare-gruppen har vi tillg\u00e5ng till ett brett n\u00e4tverk och djup branschkunskap. Kontakta oss om du vill veta mer.<\/p>\n<p>&nbsp;<\/p>\n<p><strong>Ett urval av v\u00e5ra tj\u00e4nster:<\/strong><\/p>\n<p>&nbsp;<\/p>\n<p>\u2022 Personbed\u00f6mning och second opinion assessment<\/p>\n<p>\u2022 Management audits\/development reviews<\/p>\n<p>\u2022 Ledningsgrupp\/gruppkartl\u00e4ggning<\/p>\n<p>\u2022 Volymurval<\/p>\n<p>\u2022 Successionsbed\u00f6mningar<\/p>\n<p>\u2022 Processdesign<\/p>\n                    <\/div>\n                <\/div>\n                            \n            \n                    <\/div>\n    <\/div>\n<\/section>\n\n<section id=\"contact-persons-block_85664d1fe279fe45745a1e8488d99d70\" class=\"block contact-persons  m-b\">\n    <div class=\"container\">\n        <div class=\"row\">\n            <div class=\"row__col row__col--lg-12\">\n                <div class=\"contact-persons--wrapper bg-primary\">\n                    <div class=\"contact-persons--wrapper--content\" >\n                                                    <div class=\"header-wrapper\" >\n                                <h3 class=\"h3 text-left\">Vill du veta mer? <strong><i>H\u00f6r av dig!<\/i><\/strong><\/h3>                            <\/div>\n                        \n                        \n                                            <\/div>\n                    <div class=\"contact-persons--wrapper--people\">\n                                                                                    <div class=\"contact-person\" data-aos-anchor='#contact-persons-block_85664d1fe279fe45745a1e8488d99d70'data-aos='fade-right'data-aos-easing='ease-in-out-sine'data-aos-duration='500'data-aos-delay='0'data-aos-once='true'data-aos-offset='250' >\n                                    <div class=\"contact-person--image\">\n                                        <img loading=\"lazy\" decoding=\"async\" width=\"360\" height=\"258\" src=\"https:\/\/novare.se\/executive-search\/wp-content\/uploads\/sites\/2\/2024\/05\/Andreas_Looken_Tiny-360x258.jpg\" class=\"attachment-medium size-medium\" alt=\"Man ler i ljusbl\u00e5 skjorta mot beige bakgrund.\" srcset=\"https:\/\/novare.se\/executive-search\/wp-content\/uploads\/sites\/2\/2024\/05\/Andreas_Looken_Tiny-360x258.jpg 360w, https:\/\/novare.se\/executive-search\/wp-content\/uploads\/sites\/2\/2024\/05\/Andreas_Looken_Tiny.jpg 670w\" sizes=\"(max-width: 360px) 100vw, 360px\" \/>                                    <\/div>\n                                    <div class=\"contact-person--details\">\n                                        <div class=\"name-wrapper\">\n                                            <a href=\"https:\/\/novare.se\/executive-search\/medarbetare\/andreas-lokken\/\">Andreas  L\u00f6kken<\/a>\n                                        <\/div>\n                                        <div class=\"title-wrapper\">\n                                            <p>Head of Executive Assessment &#038; Senior Consultant<\/p>\n                                        <\/div>\n                                        <div class=\"email-wrapper\">\n                                            <a href=\"mailto:andreas.lokken@novare.se\">andreas.lokken@novare.se<\/a>\n                                        <\/div>\n                                        <div class=\"phone-wrapper\">\n                                            <a href=\"tel:+46735025062\">+46 735 02 50 62<\/a>\n                                        <\/div>\n                                    <\/div>\n                                <\/div>\n                                                    <\/div>\n                <\/div>\n            <\/div>\n        <\/div>\n    <\/div>\n<\/section>\n\n\n<section id=\"faq-block-block_1438c8c3da117602edb0d84f96280a50\" class=\"block faq-block  m-b bg-default\">\n    <div class=\"container\">\n        <div class=\"row\">\n            <div class=\"row__col row__col--lg-6\" data-aos-anchor='#faq-block-block_1438c8c3da117602edb0d84f96280a50'data-aos='fade-up'data-aos-easing='ease-in-out-sine'data-aos-duration='500'data-aos-delay='0'data-aos-once='true'data-aos-offset='250' >\n                <img loading=\"lazy\" decoding=\"async\" width=\"1024\" height=\"945\" src=\"https:\/\/novare.se\/executive-search\/wp-content\/uploads\/sites\/2\/2024\/06\/Novare_sma23_webb-1024x945.jpg\" class=\"media-item\" alt=\"Tv\u00e5 personer pratar v\u00e4nligt p\u00e5 en balkong med byggnader i bakgrunden.\" srcset=\"https:\/\/novare.se\/executive-search\/wp-content\/uploads\/sites\/2\/2024\/06\/Novare_sma23_webb-1024x945.jpg 1024w, https:\/\/novare.se\/executive-search\/wp-content\/uploads\/sites\/2\/2024\/06\/Novare_sma23_webb-360x332.jpg 360w, https:\/\/novare.se\/executive-search\/wp-content\/uploads\/sites\/2\/2024\/06\/Novare_sma23_webb-768x709.jpg 768w, https:\/\/novare.se\/executive-search\/wp-content\/uploads\/sites\/2\/2024\/06\/Novare_sma23_webb.jpg 1300w\" sizes=\"(max-width: 1024px) 100vw, 1024px\" \/>            <\/div>\n            \n            <div class=\"row__col row__col--lg-6\">\n                                    <div class=\"title-wrapper text-medium\" data-aos-anchor='#faq-block-block_1438c8c3da117602edb0d84f96280a50'data-aos='fade-up'data-aos-easing='ease-in-out-sine'data-aos-duration='500'data-aos-delay='300'data-aos-once='true'data-aos-offset='250' >\n                        <h2 class=\"h3 text-left\">Vanliga fr\u00e5gor om <i><strong>assessment<\/i><\/strong><\/h2>                    <\/div>\n                                                    \n                                    <div class=\"accordion\">\n                                                    <div class=\"accordion-item\" data-aos-anchor='#faq-block-block_1438c8c3da117602edb0d84f96280a50'data-aos='fade-right'data-aos-easing='ease-in-out-sine'data-aos-duration='500'data-aos-delay='1000'data-aos-once='true'data-aos-offset='250' >\n                                <div class=\"accordion-header\">\n                                    <span class=\"question\">Vad inneb\u00e4r assessment hos Novare?<\/span>\n                                    <i class=\"fa fa-plus\"><\/i><i class=\"fa fa-minus hidden\"><\/i>\n                                <\/div>\n                                <div class=\"accordion-content\" style=\"display: none;\">\n                                    <span class=\"separator\"><\/span>\n                                    Assessment hos Novare \u00e4r en strukturerad och kvalitetss\u00e4krad bed\u00f6mning av en kandidats kompetens, potential och personliga f\u00f6ruts\u00e4ttningar. Bed\u00f6mningen genomf\u00f6rs av legitimerade psykologer och erfarna konsulter och ger ett objektivt beslutsunderlag.                                <\/div>\n                            <\/div>\n                                                        <div class=\"accordion-item\" data-aos-anchor='#faq-block-block_1438c8c3da117602edb0d84f96280a50'data-aos='fade-right'data-aos-easing='ease-in-out-sine'data-aos-duration='500'data-aos-delay='1250'data-aos-once='true'data-aos-offset='250' >\n                                <div class=\"accordion-header\">\n                                    <span class=\"question\">I vilka sammanhang anv\u00e4nds assessment?<\/span>\n                                    <i class=\"fa fa-plus\"><\/i><i class=\"fa fa-minus hidden\"><\/i>\n                                <\/div>\n                                <div class=\"accordion-content\" style=\"display: none;\">\n                                    <span class=\"separator\"><\/span>\n                                    Assessment anv\u00e4nds vid rekrytering, chefsrekrytering, ledarutveckling och andra situationer d\u00e4r organisationer beh\u00f6ver ett f\u00f6rdjupat och tillf\u00f6rlitligt beslutsst\u00f6d inf\u00f6r viktiga val.                                <\/div>\n                            <\/div>\n                                                        <div class=\"accordion-item\" data-aos-anchor='#faq-block-block_1438c8c3da117602edb0d84f96280a50'data-aos='fade-right'data-aos-easing='ease-in-out-sine'data-aos-duration='500'data-aos-delay='1500'data-aos-once='true'data-aos-offset='250' >\n                                <div class=\"accordion-header\">\n                                    <span class=\"question\">Vilka delar ing\u00e5r i Novares assessment?<\/span>\n                                    <i class=\"fa fa-plus\"><\/i><i class=\"fa fa-minus hidden\"><\/i>\n                                <\/div>\n                                <div class=\"accordion-content\" style=\"display: none;\">\n                                    <span class=\"separator\"><\/span>\n                                    Assessmenten kan omfatta personlighets- och beg\u00e5vningstester, strukturerade intervjuer samt analys av ledarskaps- och samarbetsf\u00f6rm\u00e5ga. Inneh\u00e5llet anpassas efter roll, uppdrag och organisationens behov.                                <\/div>\n                            <\/div>\n                                                        <div class=\"accordion-item\" data-aos-anchor='#faq-block-block_1438c8c3da117602edb0d84f96280a50'data-aos='fade-right'data-aos-easing='ease-in-out-sine'data-aos-duration='500'data-aos-delay='1750'data-aos-once='true'data-aos-offset='250' >\n                                <div class=\"accordion-header\">\n                                    <span class=\"question\">Hur s\u00e4kerst\u00e4ller Novare kvalitet och objektivitet i assessmentarbetet?<\/span>\n                                    <i class=\"fa fa-plus\"><\/i><i class=\"fa fa-minus hidden\"><\/i>\n                                <\/div>\n                                <div class=\"accordion-content\" style=\"display: none;\">\n                                    <span class=\"separator\"><\/span>\n                                    Alla assessmentuppdrag genomf\u00f6rs enligt etablerade psykologiska metoder och etiska riktlinjer. Arbetet utf\u00f6rs av legitimerade psykologer och specialiserade konsulter f\u00f6r att s\u00e4kerst\u00e4lla h\u00f6g kvalitet, transparens och r\u00e4ttss\u00e4kerhet.                                <\/div>\n                            <\/div>\n                                                        <div class=\"accordion-item\" data-aos-anchor='#faq-block-block_1438c8c3da117602edb0d84f96280a50'data-aos='fade-right'data-aos-easing='ease-in-out-sine'data-aos-duration='500'data-aos-delay='2000'data-aos-once='true'data-aos-offset='250' >\n                                <div class=\"accordion-header\">\n                                    <span class=\"question\">Kan assessment anpassas efter olika roller och organisationer?<\/span>\n                                    <i class=\"fa fa-plus\"><\/i><i class=\"fa fa-minus hidden\"><\/i>\n                                <\/div>\n                                <div class=\"accordion-content\" style=\"display: none;\">\n                                    <span class=\"separator\"><\/span>\n                                    Ja, varje assessment skr\u00e4ddarsys utifr\u00e5n uppdragets syfte, rollens krav och organisationens kontext. Det s\u00e4kerst\u00e4ller att bed\u00f6mningen blir relevant, tr\u00e4ffs\u00e4ker och anv\u00e4ndbar i beslutsprocessen.                                <\/div>\n                            <\/div>\n                                                <\/div>\n                            <\/div>\n        <\/div>\n    <\/div>\n<\/section>\n","protected":false},"excerpt":{"rendered":"","protected":false},"author":4,"featured_media":0,"parent":0,"menu_order":0,"comment_status":"closed","ping_status":"closed","template":"","meta":{"_acf_changed":false,"_seopress_robots_primary_cat":"","_seopress_titles_title":"Personbed\u00f6mning & ledarskapsanalys - novare.se","_seopress_titles_desc":"Novare erbjuder skr\u00e4ddarsydda bed\u00f6mningar och tester f\u00f6r att s\u00e4kerst\u00e4lla r\u00e4tt ledare p\u00e5 r\u00e4tt plats. Kontakta oss f\u00f6r mer information om v\u00e5ra tj\u00e4nster.","_seopress_robots_index":"","inline_featured_image":false,"footnotes":""},"class_list":["post-2096","page","type-page","status-publish","hentry"],"acf":[],"_links":{"self":[{"href":"https:\/\/novare.se\/executive-search\/wp-json\/wp\/v2\/pages\/2096","targetHints":{"allow":["GET"]}}],"collection":[{"href":"https:\/\/novare.se\/executive-search\/wp-json\/wp\/v2\/pages"}],"about":[{"href":"https:\/\/novare.se\/executive-search\/wp-json\/wp\/v2\/types\/page"}],"author":[{"embeddable":true,"href":"https:\/\/novare.se\/executive-search\/wp-json\/wp\/v2\/users\/4"}],"replies":[{"embeddable":true,"href":"https:\/\/novare.se\/executive-search\/wp-json\/wp\/v2\/comments?post=2096"}],"version-history":[{"count":22,"href":"https:\/\/novare.se\/executive-search\/wp-json\/wp\/v2\/pages\/2096\/revisions"}],"predecessor-version":[{"id":15295,"href":"https:\/\/novare.se\/executive-search\/wp-json\/wp\/v2\/pages\/2096\/revisions\/15295"}],"wp:attachment":[{"href":"https:\/\/novare.se\/executive-search\/wp-json\/wp\/v2\/media?parent=2096"}],"curies":[{"name":"wp","href":"https:\/\/api.w.org\/{rel}","templated":true}]}}