{"id":2093,"date":"2024-05-29T09:02:17","date_gmt":"2024-05-29T09:02:17","guid":{"rendered":"https:\/\/novare.se\/executive-search\/?page_id=2093"},"modified":"2026-02-19T09:26:50","modified_gmt":"2026-02-19T09:26:50","slug":"lonejamforelse","status":"publish","type":"page","link":"https:\/\/novare.se\/executive-search\/lonejamforelse\/","title":{"rendered":"L\u00f6nej\u00e4mf\u00f6relse"},"content":{"rendered":"<section id=\"hero-3-block_34616c9b31fcc7b2aeed0b1b8b26e096\" class=\"block hero-3  m-b \">\n    <div class=\"hero-3--top-section bg-primary\">\n                    <div class=\"bg-backdrop\">\n                <div class=\"bg-backdrop--inner\"><\/div>\n            <\/div>\n                <div class=\"container\">\n            <div class=\"row\">\n                <div class=\"row__col\">\n                    <div class=\"text-img-wrapper\">\n                        <div class=\"text-col\" >\n                                                                \n                                <div class=\"title-wrapper\" >\n                                    <h1 class=\"h2 text-left\"><strong><i>L\u00f6nej\u00e4mf\u00f6relse<\/i><\/strong><\/h1>                                <\/div>\n                                                            \n                            \n                                                            <div class=\"text-wrapper\" >\n                                    <p>F\u00e5 en klar bild av marknadens l\u00f6neniv\u00e5er f\u00f6r att s\u00e4kerst\u00e4lla en konkurrenskraftig och r\u00e4ttvis ers\u00e4ttning. Med v\u00e5r hj\u00e4lp f\u00e5r du ett tryggt beslutsunderlag baserat p\u00e5 relevanta j\u00e4mf\u00f6relsebolag och aktuella marknadsdata.<\/p>\n                                <\/div>\n                                                            \n                                                            <div class='btn-wrapper'><div class=\"btn-element\" ><a class=\"btn btn--white\" href=\"https:\/\/novare.se\/executive-search\/kontakta-oss\/\"target=\"_self\">Kontakta oss<\/a><\/div><\/div>    \n                                                    <\/div>\n\n                                                    <div class=\"14958 HEROTHREEIMG img-col \"   >\n                            <img loading=\"lazy\" decoding=\"async\" width=\"1024\" height=\"1024\" src=\"https:\/\/novare.se\/executive-search\/wp-content\/uploads\/sites\/2\/2025\/11\/bemanning_1080x10801-1024x1024.jpg\" class=\"attachment-large size-large\" alt=\"\" srcset=\"https:\/\/novare.se\/executive-search\/wp-content\/uploads\/sites\/2\/2025\/11\/bemanning_1080x10801-1024x1024.jpg 1024w, https:\/\/novare.se\/executive-search\/wp-content\/uploads\/sites\/2\/2025\/11\/bemanning_1080x10801-360x360.jpg 360w, https:\/\/novare.se\/executive-search\/wp-content\/uploads\/sites\/2\/2025\/11\/bemanning_1080x10801-150x150.jpg 150w, https:\/\/novare.se\/executive-search\/wp-content\/uploads\/sites\/2\/2025\/11\/bemanning_1080x10801-768x768.jpg 768w, https:\/\/novare.se\/executive-search\/wp-content\/uploads\/sites\/2\/2025\/11\/bemanning_1080x10801.jpg 1080w\" sizes=\"(max-width: 1024px) 100vw, 1024px\" \/>                                \n                            <\/div>\n                                            <\/div>\n                <\/div>\n            <\/div>\n        <\/div>\n    <\/div>\n            <div class=\"hero-3--bottom-section \"  >\n        <div class=\"breadcrumbs dark-text\">\n\t<div class=\"container\">\n        <div class=\"row\">\n            <div class=\"row__col\">\n                <div class=\"breadcrumbs--inner\">\n                    <ul>\n                                                                                <li>\n                                <a href=\"https:\/\/novare.se\/\" class=\"alt\">\n                                    Novare                                <\/a>\n                            <\/li>\n                            \n\t\t\t                                        <li>\n                                <a href=\"https:\/\/novare.se\/executive-search\/\" class=\"alt\">\n                                                                            Novare Executive Search                                                                    <\/a>\n                            <\/li>\n\t\t\t                                    <li><span class=\"alt\">L\u00f6nej\u00e4mf\u00f6relse<\/span><\/li>\n                    <\/ul>\n                <\/div>\n            <\/div>\n        <\/div>\n\t<\/div>\n<\/div>        <\/div>\n    \n    <\/section>\n\n\n<section id=\"one-column-text-block-block_1758e9f310aeb58051a096560b13806a\" class=\"block one-column-text-block  m-b bg-default\">\n    <div class=\"container\">\n        <div class=\"row row--middle\">\n                            <div class=\"row__col row__col--lg-8\">\n                    <div class=\"title-wrapper\" data-aos-anchor='#one-column-text-block-block_1758e9f310aeb58051a096560b13806a'data-aos='fade-up'data-aos-easing='ease-in-out-sine'data-aos-duration='500'data-aos-delay='0'data-aos-once='true'data-aos-offset='250' >\n                        <h3 class=\"h4 m-0 text-left\">Viktiga beslut kr\u00e4ver <strong><i>bra underlag<\/i><\/strong><\/h3>                    <\/div>\n                <\/div>\n                            \n                            <div class=\"row__col row__col--lg-8\" data-aos-anchor='#one-column-text-block-block_1758e9f310aeb58051a096560b13806a'data-aos='fade-up'data-aos-easing='ease-in-out-sine'data-aos-duration='500'data-aos-delay='250'data-aos-once='true'data-aos-offset='250'>\n                    <p class=\"preamble m-0\">N\u00e4r en ny chef ska rekryteras \u00e4r det avg\u00f6rande att ha tillg\u00e5ng till ett genomarbetat och p\u00e5litligt beslutsunderlag. Genom v\u00e5rt n\u00e4ra samarbete med Allshares kan vi erbjuda en skr\u00e4ddarsydd l\u00f6nerapport f\u00f6r den tilltr\u00e4dande chefen &#8211; ett verktyg som ger trygghet i att ers\u00e4ttningen landar p\u00e5 en marknadsm\u00e4ssig niv\u00e5.<\/p>                <\/div>\n            \n                            <div class=\"row__col row__col--lg-8\" data-aos-anchor='#one-column-text-block-block_1758e9f310aeb58051a096560b13806a'data-aos='fade-up'data-aos-easing='ease-in-out-sine'data-aos-duration='500'data-aos-delay='250'data-aos-once='true'data-aos-offset='250'>\n                    <div class=\"text-wrapper editor-content\">\n                        <p>Vi tar fram en helt\u00e4ckande \u00f6versikt \u00f6ver totalers\u00e4ttning p\u00e5 marknaden, baserad p\u00e5 en grupp j\u00e4mf\u00f6relsebolag som du sj\u00e4lv v\u00e4ljer utifr\u00e5n relevans och bransch. Rapporten ger en tydlig bild av vilka niv\u00e5er som \u00e4r rimliga och konkurrenskraftiga och omfattar bland annat:<\/p>\n<ul>\n<li>Fast l\u00f6n<\/li>\n<li>R\u00f6rlig ers\u00e4ttning<\/li>\n<li>Pensionsl\u00f6sningar<\/li>\n<li>F\u00f6rm\u00e5ner<\/li>\n<\/ul>\n                    <\/div>\n                <\/div>\n                            \n            \n                    <\/div>\n    <\/div>\n<\/section>\n\n<section id=\"contact-persons-block_9a613c6530a3480484b7676f0796a2b3\" class=\"block contact-persons  m-b\">\n    <div class=\"container\">\n        <div class=\"row\">\n            <div class=\"row__col row__col--lg-12\">\n                <div class=\"contact-persons--wrapper bg-primary\">\n                    <div class=\"contact-persons--wrapper--content\" >\n                                                    <div class=\"header-wrapper\" >\n                                <h4 class=\"h4 text-left\"><strong><i>Vill du veta mer?<\/i><\/strong><\/h4>                            <\/div>\n                        \n                                                    <div class=\"text-wrapper\">\n                                <h4>H\u00f6r av dig!<\/h4>\n                            <\/div>\n                        \n                                                                                                <\/div>\n                    <div class=\"contact-persons--wrapper--people\">\n                                                                                    <div class=\"contact-person\" data-aos-anchor='#contact-persons-block_9a613c6530a3480484b7676f0796a2b3'data-aos='fade-right'data-aos-easing='ease-in-out-sine'data-aos-duration='500'data-aos-delay='0'data-aos-once='true'data-aos-offset='250' >\n                                    <div class=\"contact-person--image\">\n                                        <img loading=\"lazy\" decoding=\"async\" width=\"360\" height=\"258\" src=\"https:\/\/novare.se\/executive-search\/wp-content\/uploads\/sites\/2\/2024\/04\/Anders_Cedermark_Tiny-360x258.jpg\" class=\"attachment-medium size-medium\" alt=\"Man ler, ikl\u00e4dd bl\u00e5 kavaj mot gr\u00e5 bakgrund.\" srcset=\"https:\/\/novare.se\/executive-search\/wp-content\/uploads\/sites\/2\/2024\/04\/Anders_Cedermark_Tiny-360x258.jpg 360w, https:\/\/novare.se\/executive-search\/wp-content\/uploads\/sites\/2\/2024\/04\/Anders_Cedermark_Tiny.jpg 670w\" sizes=\"(max-width: 360px) 100vw, 360px\" \/>                                    <\/div>\n                                    <div class=\"contact-person--details\">\n                                        <div class=\"name-wrapper\">\n                                            <a href=\"https:\/\/novare.se\/executive-search\/medarbetare\/anders-cedermark\/\">Anders  Cedermark<\/a>\n                                        <\/div>\n                                        <div class=\"title-wrapper\">\n                                            <p>Senior Partner &amp; Senior Consultant<\/p>\n                                        <\/div>\n                                        <div class=\"email-wrapper\">\n                                            <a href=\"mailto:anders.cedermark@novare.se\">anders.cedermark@novare.se<\/a>\n                                        <\/div>\n                                        <div class=\"phone-wrapper\">\n                                            <a href=\"tel:+46707922075\">+46 707 92 20 75<\/a>\n                                        <\/div>\n                                    <\/div>\n                                <\/div>\n                                                    <\/div>\n                <\/div>\n            <\/div>\n        <\/div>\n    <\/div>\n<\/section>\n\n\n<section id=\"faq-block-block_984e78e13380b1ff2a0c84d6d0685211\" class=\"block faq-block  m-b bg-default\">\n    <div class=\"container\">\n        <div class=\"row\">\n            <div class=\"row__col row__col--lg-6\" data-aos-anchor='#faq-block-block_984e78e13380b1ff2a0c84d6d0685211'data-aos='fade-up'data-aos-easing='ease-in-out-sine'data-aos-duration='500'data-aos-delay='0'data-aos-once='true'data-aos-offset='250' >\n                <img loading=\"lazy\" decoding=\"async\" width=\"1024\" height=\"945\" src=\"https:\/\/novare.se\/executive-search\/wp-content\/uploads\/sites\/2\/2024\/06\/Novare_sma23_webb-1024x945.jpg\" class=\"media-item\" alt=\"Tv\u00e5 personer pratar v\u00e4nligt p\u00e5 en balkong med byggnader i bakgrunden.\" srcset=\"https:\/\/novare.se\/executive-search\/wp-content\/uploads\/sites\/2\/2024\/06\/Novare_sma23_webb-1024x945.jpg 1024w, https:\/\/novare.se\/executive-search\/wp-content\/uploads\/sites\/2\/2024\/06\/Novare_sma23_webb-360x332.jpg 360w, https:\/\/novare.se\/executive-search\/wp-content\/uploads\/sites\/2\/2024\/06\/Novare_sma23_webb-768x709.jpg 768w, https:\/\/novare.se\/executive-search\/wp-content\/uploads\/sites\/2\/2024\/06\/Novare_sma23_webb.jpg 1300w\" sizes=\"(max-width: 1024px) 100vw, 1024px\" \/>            <\/div>\n            \n            <div class=\"row__col row__col--lg-6\">\n                                    <div class=\"title-wrapper text-medium\" data-aos-anchor='#faq-block-block_984e78e13380b1ff2a0c84d6d0685211'data-aos='fade-up'data-aos-easing='ease-in-out-sine'data-aos-duration='500'data-aos-delay='300'data-aos-once='true'data-aos-offset='250' >\n                        <h2 class=\"h3 text-left\">Vanliga fr\u00e5gor om <i><strong>l\u00f6nej\u00e4mf\u00f6relse<\/i><\/strong><\/h2>                    <\/div>\n                                                    \n                                    <div class=\"accordion\">\n                                                    <div class=\"accordion-item\" data-aos-anchor='#faq-block-block_984e78e13380b1ff2a0c84d6d0685211'data-aos='fade-right'data-aos-easing='ease-in-out-sine'data-aos-duration='500'data-aos-delay='1000'data-aos-once='true'data-aos-offset='250' >\n                                <div class=\"accordion-header\">\n                                    <span class=\"question\">Hur anv\u00e4nder vi l\u00f6nej\u00e4mf\u00f6relse som beslutsunderlag vid rekrytering?<\/span>\n                                    <i class=\"fa fa-plus\"><\/i><i class=\"fa fa-minus hidden\"><\/i>\n                                <\/div>\n                                <div class=\"accordion-content\" style=\"display: none;\">\n                                    <span class=\"separator\"><\/span>\n                                    Vi anv\u00e4nder l\u00f6nej\u00e4mf\u00f6relser f\u00f6r att skapa ett faktabaserat underlag inf\u00f6r viktiga beslut. Genom marknadsdata och relevanta j\u00e4mf\u00f6relser hj\u00e4lper vi organisationer att s\u00e4tta ers\u00e4ttningsniv\u00e5er som \u00e4r konkurrenskraftiga, rimliga och h\u00e5llbara \u00f6ver tid.                                <\/div>\n                            <\/div>\n                                                        <div class=\"accordion-item\" data-aos-anchor='#faq-block-block_984e78e13380b1ff2a0c84d6d0685211'data-aos='fade-right'data-aos-easing='ease-in-out-sine'data-aos-duration='500'data-aos-delay='1250'data-aos-once='true'data-aos-offset='250' >\n                                <div class=\"accordion-header\">\n                                    <span class=\"question\">N\u00e4r \u00e4r det s\u00e4rskilt viktigt att g\u00f6ra en l\u00f6nej\u00e4mf\u00f6relse?<\/span>\n                                    <i class=\"fa fa-plus\"><\/i><i class=\"fa fa-minus hidden\"><\/i>\n                                <\/div>\n                                <div class=\"accordion-content\" style=\"display: none;\">\n                                    <span class=\"separator\"><\/span>\n                                    L\u00f6nej\u00e4mf\u00f6relser \u00e4r extra v\u00e4rdefulla vid chefsrekryteringar, nyckelroller, succession eller organisatoriska f\u00f6r\u00e4ndringar. De ger trygghet i beslut d\u00e4r fel niv\u00e5 kan p\u00e5verka b\u00e5de attraktion, motivation och l\u00e5ngsiktig prestation.                                <\/div>\n                            <\/div>\n                                                        <div class=\"accordion-item\" data-aos-anchor='#faq-block-block_984e78e13380b1ff2a0c84d6d0685211'data-aos='fade-right'data-aos-easing='ease-in-out-sine'data-aos-duration='500'data-aos-delay='1500'data-aos-once='true'data-aos-offset='250' >\n                                <div class=\"accordion-header\">\n                                    <span class=\"question\">Hur s\u00e4kerst\u00e4ller vi att l\u00f6nej\u00e4mf\u00f6relsen speglar aktuell marknad?<\/span>\n                                    <i class=\"fa fa-plus\"><\/i><i class=\"fa fa-minus hidden\"><\/i>\n                                <\/div>\n                                <div class=\"accordion-content\" style=\"display: none;\">\n                                    <span class=\"separator\"><\/span>\n                                    Vi utg\u00e5r fr\u00e5n uppdaterad marknadsdata och v\u00e4ger in faktorer som rollens ansvar, komplexitet, bransch och organisationskontext. Det g\u00f6r att j\u00e4mf\u00f6relsen inte blir generell utan relevant f\u00f6r just den aktuella situationen.                                <\/div>\n                            <\/div>\n                                                        <div class=\"accordion-item\" data-aos-anchor='#faq-block-block_984e78e13380b1ff2a0c84d6d0685211'data-aos='fade-right'data-aos-easing='ease-in-out-sine'data-aos-duration='500'data-aos-delay='1750'data-aos-once='true'data-aos-offset='250' >\n                                <div class=\"accordion-header\">\n                                    <span class=\"question\">Hur bidrar l\u00f6nej\u00e4mf\u00f6relser till transparens och f\u00f6rtroende?<\/span>\n                                    <i class=\"fa fa-plus\"><\/i><i class=\"fa fa-minus hidden\"><\/i>\n                                <\/div>\n                                <div class=\"accordion-content\" style=\"display: none;\">\n                                    <span class=\"separator\"><\/span>\n                                    Ett tydligt och v\u00e4l f\u00f6rankrat l\u00f6neunderlag skapar transparens internt och st\u00e4rker f\u00f6rtroendet i dialogen med kandidater. Det underl\u00e4ttar kommunikation kring ers\u00e4ttning och minskar risken f\u00f6r os\u00e4kerhet eller felaktiga f\u00f6rv\u00e4ntningar.                                <\/div>\n                            <\/div>\n                                                        <div class=\"accordion-item\" data-aos-anchor='#faq-block-block_984e78e13380b1ff2a0c84d6d0685211'data-aos='fade-right'data-aos-easing='ease-in-out-sine'data-aos-duration='500'data-aos-delay='2000'data-aos-once='true'data-aos-offset='250' >\n                                <div class=\"accordion-header\">\n                                    <span class=\"question\">Kan l\u00f6nej\u00e4mf\u00f6relser anpassas efter olika roller och organisationer?<\/span>\n                                    <i class=\"fa fa-plus\"><\/i><i class=\"fa fa-minus hidden\"><\/i>\n                                <\/div>\n                                <div class=\"accordion-content\" style=\"display: none;\">\n                                    <span class=\"separator\"><\/span>\n                                    Ja, varje l\u00f6nej\u00e4mf\u00f6relse anpassas efter roll, organisation och sammanhang. Det inneb\u00e4r att b\u00e5de fasta och r\u00f6rliga delar, pension och f\u00f6rm\u00e5ner v\u00e4gs in f\u00f6r att ge en helhetsbild av ers\u00e4ttningen.                                <\/div>\n                            <\/div>\n                                                <\/div>\n                            <\/div>\n        <\/div>\n    <\/div>\n<\/section>\n","protected":false},"excerpt":{"rendered":"","protected":false},"author":4,"featured_media":0,"parent":0,"menu_order":0,"comment_status":"closed","ping_status":"closed","template":"","meta":{"_acf_changed":false,"_seopress_robots_primary_cat":"","_seopress_titles_title":"L\u00f6nej\u00e4mf\u00f6relse f\u00f6r chefer - novare.se","_seopress_titles_desc":"L\u00f6nerapport f\u00f6r chefer genom Novare och Allshares. J\u00e4mf\u00f6r totalers\u00e4ttningar: fast l\u00f6n, r\u00f6rlig l\u00f6n, pensioner och f\u00f6rm\u00e5ner. Kontakta oss!","_seopress_robots_index":"","inline_featured_image":false,"footnotes":""},"class_list":["post-2093","page","type-page","status-publish","hentry"],"acf":[],"_links":{"self":[{"href":"https:\/\/novare.se\/executive-search\/wp-json\/wp\/v2\/pages\/2093","targetHints":{"allow":["GET"]}}],"collection":[{"href":"https:\/\/novare.se\/executive-search\/wp-json\/wp\/v2\/pages"}],"about":[{"href":"https:\/\/novare.se\/executive-search\/wp-json\/wp\/v2\/types\/page"}],"author":[{"embeddable":true,"href":"https:\/\/novare.se\/executive-search\/wp-json\/wp\/v2\/users\/4"}],"replies":[{"embeddable":true,"href":"https:\/\/novare.se\/executive-search\/wp-json\/wp\/v2\/comments?post=2093"}],"version-history":[{"count":17,"href":"https:\/\/novare.se\/executive-search\/wp-json\/wp\/v2\/pages\/2093\/revisions"}],"predecessor-version":[{"id":15399,"href":"https:\/\/novare.se\/executive-search\/wp-json\/wp\/v2\/pages\/2093\/revisions\/15399"}],"wp:attachment":[{"href":"https:\/\/novare.se\/executive-search\/wp-json\/wp\/v2\/media?parent=2093"}],"curies":[{"name":"wp","href":"https:\/\/api.w.org\/{rel}","templated":true}]}}