{"id":1383,"date":"2024-06-12T08:21:32","date_gmt":"2024-06-12T08:21:32","guid":{"rendered":"https:\/\/novare.se\/bemanning\/?page_id=1383"},"modified":"2026-02-16T13:40:42","modified_gmt":"2026-02-16T13:40:42","slug":"var-process","status":"publish","type":"page","link":"https:\/\/novare.se\/bemanning\/var-process\/","title":{"rendered":"V\u00e5r process"},"content":{"rendered":"<section id=\"hero-3-block_879a9a1310b100a34f7e79a59fd95949\" class=\"block hero-3  m-b \">\n    <div class=\"hero-3--top-section bg-primary\">\n                    <div class=\"bg-backdrop\">\n                <div class=\"bg-backdrop--inner\"><\/div>\n            <\/div>\n                <div class=\"container\">\n            <div class=\"row\">\n                <div class=\"row__col\">\n                    <div class=\"text-img-wrapper\">\n                        <div class=\"text-col\" >\n                                                                \n                                <div class=\"title-wrapper\" >\n                                    <h1 class=\"h2 text-left\"><strong><i>V\u00e5r process<\/i><\/strong><\/h1>                                <\/div>\n                                                            \n                            \n                                                            <div class=\"text-wrapper\" >\n                                    <p>Vi arbetar utifr\u00e5n en tydlig och kundfokuserad process som s\u00e4kerst\u00e4ller kvalitet i varje steg \u2013 fr\u00e5n f\u00f6rsta kontakt till uppf\u00f6ljning.<\/p>\n                                <\/div>\n                                                            \n                                                            <div class='btn-wrapper'><div class=\"btn-element\" ><a class=\"btn btn--white\" href=\"https:\/\/novare.se\/bemanning\/kontakta-oss\/\"target=\"_self\">Kontakta oss<\/a><\/div><\/div>    \n                                                    <\/div>\n\n                                                    <div class=\"2478 HEROTHREEIMG img-col \"   >\n                            <img loading=\"lazy\" decoding=\"async\" width=\"1024\" height=\"1024\" src=\"https:\/\/novare.se\/bemanning\/wp-content\/uploads\/sites\/7\/2025\/10\/novare-hero-2-1024x1024.jpg\" class=\"attachment-large size-large\" alt=\"En man och en kvinna sitter p\u00e5 en b\u00e4nk utomhus och konverserar.\" srcset=\"https:\/\/novare.se\/bemanning\/wp-content\/uploads\/sites\/7\/2025\/10\/novare-hero-2-1024x1024.jpg 1024w, https:\/\/novare.se\/bemanning\/wp-content\/uploads\/sites\/7\/2025\/10\/novare-hero-2-360x360.jpg 360w, https:\/\/novare.se\/bemanning\/wp-content\/uploads\/sites\/7\/2025\/10\/novare-hero-2-150x150.jpg 150w, https:\/\/novare.se\/bemanning\/wp-content\/uploads\/sites\/7\/2025\/10\/novare-hero-2-768x768.jpg 768w, https:\/\/novare.se\/bemanning\/wp-content\/uploads\/sites\/7\/2025\/10\/novare-hero-2.jpg 1080w\" sizes=\"(max-width: 1024px) 100vw, 1024px\" \/>                                \n                            <\/div>\n                                            <\/div>\n                <\/div>\n            <\/div>\n        <\/div>\n    <\/div>\n            <div class=\"hero-3--bottom-section \"  >\n        <div class=\"breadcrumbs dark-text\">\n\t<div class=\"container\">\n        <div class=\"row\">\n            <div class=\"row__col\">\n                <div class=\"breadcrumbs--inner\">\n                    <ul>\n                                                                                <li>\n                                <a href=\"https:\/\/novare.se\/\" class=\"alt\">\n                                    Novare                                <\/a>\n                            <\/li>\n                            \n\t\t\t                                        <li>\n                                <a href=\"https:\/\/novare.se\/bemanning\/\" class=\"alt\">\n                                                                            Novare Bemanning                                                                    <\/a>\n                            <\/li>\n\t\t\t                                    <li><span class=\"alt\">V\u00e5r process<\/span><\/li>\n                    <\/ul>\n                <\/div>\n            <\/div>\n        <\/div>\n\t<\/div>\n<\/div>        <\/div>\n    \n    <\/section>\n\n\n<section id=\"one-column-text-block-block_349f78f2e2ce89fbd3cea96c4daffa3d\" class=\"block one-column-text-block  m-b bg-default\">\n    <div class=\"container\">\n        <div class=\"row row--middle\">\n                            <div class=\"row__col row__col--lg-8\">\n                    <div class=\"title-wrapper\" data-aos-anchor='#one-column-text-block-block_349f78f2e2ce89fbd3cea96c4daffa3d'data-aos='fade-up'data-aos-easing='ease-in-out-sine'data-aos-duration='500'data-aos-delay='0'data-aos-once='true'data-aos-offset='250' >\n                        <h3 class=\"h4 m-0 text-left\">En tydlig process <strong><i>fr\u00e5n start till m\u00e5l<\/i><\/strong><\/h3>                    <\/div>\n                <\/div>\n                            \n                            <div class=\"row__col row__col--lg-8\" data-aos-anchor='#one-column-text-block-block_349f78f2e2ce89fbd3cea96c4daffa3d'data-aos='fade-up'data-aos-easing='ease-in-out-sine'data-aos-duration='500'data-aos-delay='250'data-aos-once='true'data-aos-offset='250'>\n                    <p class=\"preamble m-0\">F\u00f6r att s\u00e4kerst\u00e4lla att vi alltid m\u00f6ter och \u00f6vertr\u00e4ffar v\u00e5ra kunder f\u00f6rv\u00e4ntningar, har vi tagit fram en process som \u00e4r transparent, smidig och kundfokuserad.<\/p>                <\/div>\n            \n                            <div class=\"row__col row__col--lg-8\" data-aos-anchor='#one-column-text-block-block_349f78f2e2ce89fbd3cea96c4daffa3d'data-aos='fade-up'data-aos-easing='ease-in-out-sine'data-aos-duration='500'data-aos-delay='250'data-aos-once='true'data-aos-offset='250'>\n                    <div class=\"text-wrapper editor-content\">\n                        <p>Fr\u00e5n den inledande konsultationen till slutleveransen arbetar vi n\u00e4ra v\u00e5ra kunder f\u00f6r att f\u00f6rst\u00e5 deras unika behov &#8211; en process vi har delat in i fem tydliga steg.<\/p>\n<p>&nbsp;<\/p>\n<ul>\n<li>Behovsanalys och kravprofil<\/li>\n<\/ul>\n<p>Under uppstartfasen g\u00f6r vi en noggrann behovsanalys och s\u00e4kerst\u00e4ller att vi har f\u00f6rst\u00e5tt ert nul\u00e4ge, behov och m\u00e5ls\u00e4ttning. Vi f\u00f6rmedlar en bra bild av verksamheten och kulturen som vi kan \u00e5terge i kontakt med kandidaterna.<\/p>\n<ul>\n<li>Planering<\/li>\n<\/ul>\n<p>Vi arbetar alltid i ett projektteam med flera resurser i ett uppdrag, vanligtvis i par med en kundansvarig och en rekryterare. Samtliga personer i teamet v\u00e4ljs ut utifr\u00e5n tidigare erfarenhet av aktuell bransch och yrkesomr\u00e5den som rekryteringen eller bemanningen g\u00e4ller f\u00f6r.<\/p>\n<ul>\n<li>Hur vi attraherar<\/li>\n<\/ul>\n<p>Vi arbetar alltid proaktivt redan innan rekryteringen av medarbetare\/konsulter startar upp. Novare Bemanning har ett konkurrenskraftigt erbjudande i form av v\u00e5rt unika arbetss\u00e4tt d\u00e4r vi erbjuder b\u00e5de utbildningspaket till v\u00e5ra konsulter samt en unik hantering fr\u00e5n v\u00e5ra rekryteringskonsulter.<\/p>\n<ul>\n<li>Under rekryteringsprocessen<\/li>\n<\/ul>\n<p>Vi genomf\u00f6r search, annonsering, intervjuer, referenstagning och tester vid \u00f6nskem\u00e5l f\u00f6r att matcha r\u00e4tt kandidater till tj\u00e4nsten.<\/p>\n<ul>\n<li>Uppf\u00f6ljning<\/li>\n<\/ul>\n<p>Vi arbetar n\u00e4ra v\u00e5ra kandidater, konsulter och kunder och har en aktiv feedbackkultur. Vi genomf\u00f6r regelbundna uppf\u00f6ljningar som grundar sig i det coachande f\u00f6rh\u00e5llningss\u00e4ttet.<\/p>\n                    <\/div>\n                <\/div>\n                            \n            \n                    <\/div>\n    <\/div>\n<\/section>\n\n<section id=\"contact-persons-block_533c5b5b45c6d67e94e9c3fc33a08120\" class=\"block contact-persons  m-b\">\n    <div class=\"container\">\n        <div class=\"row\">\n            <div class=\"row__col row__col--lg-12\">\n                <div class=\"contact-persons--wrapper bg-terracotta-deep\">\n                    <div class=\"contact-persons--wrapper--content\" >\n                                                    <div class=\"header-wrapper\" >\n                                <h4 class=\"h4 text-left\">Vill du veta mer om <strong><i>v\u00e5r process?<\/i><\/strong><\/h4>                            <\/div>\n                        \n                                                    <div class=\"text-wrapper\">\n                                <h4>H\u00f6r av dig!<\/h4>\n                            <\/div>\n                        \n                                                                                                <\/div>\n                    <div class=\"contact-persons--wrapper--people\">\n                                                                                    <div class=\"contact-person\" data-aos-anchor='#contact-persons-block_533c5b5b45c6d67e94e9c3fc33a08120'data-aos='fade-right'data-aos-easing='ease-in-out-sine'data-aos-duration='500'data-aos-delay='0'data-aos-once='true'data-aos-offset='250' >\n                                    <div class=\"contact-person--image\">\n                                        <img loading=\"lazy\" decoding=\"async\" width=\"360\" height=\"258\" src=\"https:\/\/novare.se\/bemanning\/wp-content\/uploads\/sites\/7\/2024\/04\/Martin_Hellberg_Tiny-360x258.jpg\" class=\"attachment-medium size-medium\" alt=\"Man ler kl\u00e4dd i kostym mot gr\u00e5 bakgrund.\" srcset=\"https:\/\/novare.se\/bemanning\/wp-content\/uploads\/sites\/7\/2024\/04\/Martin_Hellberg_Tiny-360x258.jpg 360w, https:\/\/novare.se\/bemanning\/wp-content\/uploads\/sites\/7\/2024\/04\/Martin_Hellberg_Tiny.jpg 670w\" sizes=\"(max-width: 360px) 100vw, 360px\" \/>                                    <\/div>\n                                    <div class=\"contact-person--details\">\n                                        <div class=\"name-wrapper\">\n                                            <a href=\"https:\/\/novare.se\/bemanning\/medarbetare\/martin-hellberg\/\">Martin  Hellberg<\/a>\n                                        <\/div>\n                                        <div class=\"title-wrapper\">\n                                            <p>Vd och grundare<\/p>\n                                        <\/div>\n                                        <div class=\"email-wrapper\">\n                                            <a href=\"mailto:martin.hellberg@novare.se\">martin.hellberg@novare.se<\/a>\n                                        <\/div>\n                                        <div class=\"phone-wrapper\">\n                                            <a href=\"tel:+46707640292\">+46 707 64 02 92<\/a>\n                                        <\/div>\n                                    <\/div>\n                                <\/div>\n                                                    <\/div>\n                <\/div>\n            <\/div>\n        <\/div>\n    <\/div>\n<\/section>\n\n\n<section id=\"faq-block-block_d436c68ccad237a0757c122688f938ab\" class=\"block faq-block  m-b bg-default\">\n    <div class=\"container\">\n        <div class=\"row\">\n            <div class=\"row__col row__col--lg-6\" data-aos-anchor='#faq-block-block_d436c68ccad237a0757c122688f938ab'data-aos='fade-up'data-aos-easing='ease-in-out-sine'data-aos-duration='500'data-aos-delay='0'data-aos-once='true'data-aos-offset='250' >\n                <img loading=\"lazy\" decoding=\"async\" width=\"819\" height=\"1024\" src=\"https:\/\/novare.se\/bemanning\/wp-content\/uploads\/sites\/7\/2025\/07\/bemanning-var-process-819x1024.jpg\" class=\"media-item\" alt=\"\" srcset=\"https:\/\/novare.se\/bemanning\/wp-content\/uploads\/sites\/7\/2025\/07\/bemanning-var-process-819x1024.jpg 819w, https:\/\/novare.se\/bemanning\/wp-content\/uploads\/sites\/7\/2025\/07\/bemanning-var-process-288x360.jpg 288w, https:\/\/novare.se\/bemanning\/wp-content\/uploads\/sites\/7\/2025\/07\/bemanning-var-process-768x960.jpg 768w, https:\/\/novare.se\/bemanning\/wp-content\/uploads\/sites\/7\/2025\/07\/bemanning-var-process-1229x1536.jpg 1229w, https:\/\/novare.se\/bemanning\/wp-content\/uploads\/sites\/7\/2025\/07\/bemanning-var-process.jpg 1280w\" sizes=\"(max-width: 819px) 100vw, 819px\" \/>            <\/div>\n            \n            <div class=\"row__col row__col--lg-6\">\n                                    <div class=\"title-wrapper text-medium\" data-aos-anchor='#faq-block-block_d436c68ccad237a0757c122688f938ab'data-aos='fade-up'data-aos-easing='ease-in-out-sine'data-aos-duration='500'data-aos-delay='300'data-aos-once='true'data-aos-offset='250' >\n                        <h2 class=\"h3 text-left\">Vanliga fr\u00e5gor om <i><strong>v\u00e5r process<\/strong><\/i><\/h2>                    <\/div>\n                                                    \n                                    <div class=\"accordion\">\n                                                    <div class=\"accordion-item\" data-aos-anchor='#faq-block-block_d436c68ccad237a0757c122688f938ab'data-aos='fade-right'data-aos-easing='ease-in-out-sine'data-aos-duration='500'data-aos-delay='1000'data-aos-once='true'data-aos-offset='250' >\n                                <div class=\"accordion-header\">\n                                    <span class=\"question\">Hur ser er process ut fr\u00e5n start till m\u00e5l?<\/span>\n                                    <i class=\"fa fa-plus\"><\/i><i class=\"fa fa-minus hidden\"><\/i>\n                                <\/div>\n                                <div class=\"accordion-content\" style=\"display: none;\">\n                                    <span class=\"separator\"><\/span>\n                                    Processen b\u00f6rjar med en behovsanalys d\u00e4r vi s\u00e4tter oss in i verksamhetens f\u00f6ruts\u00e4ttningar och m\u00e5l. D\u00e4refter f\u00f6ljer planering, urval och tills\u00e4ttning, med tydlig dialog hela v\u00e4gen fram till uppf\u00f6ljning.                                <\/div>\n                            <\/div>\n                                                        <div class=\"accordion-item\" data-aos-anchor='#faq-block-block_d436c68ccad237a0757c122688f938ab'data-aos='fade-right'data-aos-easing='ease-in-out-sine'data-aos-duration='500'data-aos-delay='1250'data-aos-once='true'data-aos-offset='250' >\n                                <div class=\"accordion-header\">\n                                    <span class=\"question\">Hur s\u00e4kerst\u00e4ller ni r\u00e4tt matchning i varje uppdrag?<\/span>\n                                    <i class=\"fa fa-plus\"><\/i><i class=\"fa fa-minus hidden\"><\/i>\n                                <\/div>\n                                <div class=\"accordion-content\" style=\"display: none;\">\n                                    <span class=\"separator\"><\/span>\n                                    Vi kombinerar strukturerad kravprofilering med djup kunskap om v\u00e5ra konsulter. Genom intervjuer, referenser och l\u00f6pande dialog s\u00e4kerst\u00e4ller vi b\u00e5de kompetensm\u00e4ssig och kulturell matchning.                                <\/div>\n                            <\/div>\n                                                        <div class=\"accordion-item\" data-aos-anchor='#faq-block-block_d436c68ccad237a0757c122688f938ab'data-aos='fade-right'data-aos-easing='ease-in-out-sine'data-aos-duration='500'data-aos-delay='1500'data-aos-once='true'data-aos-offset='250' >\n                                <div class=\"accordion-header\">\n                                    <span class=\"question\">Hur involverad \u00e4r kunden under processen?<\/span>\n                                    <i class=\"fa fa-plus\"><\/i><i class=\"fa fa-minus hidden\"><\/i>\n                                <\/div>\n                                <div class=\"accordion-content\" style=\"display: none;\">\n                                    <span class=\"separator\"><\/span>\n                                    Kunden \u00e4r delaktig genom hela processen. Vi arbetar transparent, st\u00e4mmer av l\u00f6pande och anpassar arbetss\u00e4ttet efter behov f\u00f6r att s\u00e4kerst\u00e4lla r\u00e4tt beslut i varje steg.                                <\/div>\n                            <\/div>\n                                                        <div class=\"accordion-item\" data-aos-anchor='#faq-block-block_d436c68ccad237a0757c122688f938ab'data-aos='fade-right'data-aos-easing='ease-in-out-sine'data-aos-duration='500'data-aos-delay='1750'data-aos-once='true'data-aos-offset='250' >\n                                <div class=\"accordion-header\">\n                                    <span class=\"question\">Vad h\u00e4nder efter att en konsult eller kandidat har tillsatts?<\/span>\n                                    <i class=\"fa fa-plus\"><\/i><i class=\"fa fa-minus hidden\"><\/i>\n                                <\/div>\n                                <div class=\"accordion-content\" style=\"display: none;\">\n                                    <span class=\"separator\"><\/span>\n                                    Efter tills\u00e4ttning f\u00f6ljer vi upp b\u00e5de med kund och konsult. Uppf\u00f6ljningen \u00e4r en viktig del av processen f\u00f6r att s\u00e4kerst\u00e4lla kvalitet, trivsel och l\u00e5ngsiktigt resultat.                                <\/div>\n                            <\/div>\n                                                        <div class=\"accordion-item\" data-aos-anchor='#faq-block-block_d436c68ccad237a0757c122688f938ab'data-aos='fade-right'data-aos-easing='ease-in-out-sine'data-aos-duration='500'data-aos-delay='2000'data-aos-once='true'data-aos-offset='250' >\n                                <div class=\"accordion-header\">\n                                    <span class=\"question\">Hur flexibel \u00e4r processen vid f\u00f6r\u00e4ndrade behov?<\/span>\n                                    <i class=\"fa fa-plus\"><\/i><i class=\"fa fa-minus hidden\"><\/i>\n                                <\/div>\n                                <div class=\"accordion-content\" style=\"display: none;\">\n                                    <span class=\"separator\"><\/span>\n                                    Processen \u00e4r utformad f\u00f6r att vara flexibel. Om f\u00f6ruts\u00e4ttningar eller behov f\u00f6r\u00e4ndras kan vi snabbt justera omfattning, kompetens eller tidsramar utan att tumma p\u00e5 kvaliteten.                                <\/div>\n                            <\/div>\n                                                <\/div>\n                            <\/div>\n        <\/div>\n    <\/div>\n<\/section>\n","protected":false},"excerpt":{"rendered":"","protected":false},"author":4,"featured_media":0,"parent":0,"menu_order":0,"comment_status":"closed","ping_status":"closed","template":"","meta":{"_acf_changed":false,"_seopress_robots_primary_cat":"","_seopress_titles_title":"Transparent rekryteringsprocess f\u00f6r f\u00f6retag - novare.se","_seopress_titles_desc":"Uppt\u00e4ck Novare Bemannings kundfokuserade och smidiga rekryteringsprocess med behovsanalys, proaktiv planering och aktiv uppf\u00f6ljning. Kontakta oss!","_seopress_robots_index":"","inline_featured_image":false,"footnotes":""},"class_list":["post-1383","page","type-page","status-publish","hentry"],"acf":[],"_links":{"self":[{"href":"https:\/\/novare.se\/bemanning\/wp-json\/wp\/v2\/pages\/1383","targetHints":{"allow":["GET"]}}],"collection":[{"href":"https:\/\/novare.se\/bemanning\/wp-json\/wp\/v2\/pages"}],"about":[{"href":"https:\/\/novare.se\/bemanning\/wp-json\/wp\/v2\/types\/page"}],"author":[{"embeddable":true,"href":"https:\/\/novare.se\/bemanning\/wp-json\/wp\/v2\/users\/4"}],"replies":[{"embeddable":true,"href":"https:\/\/novare.se\/bemanning\/wp-json\/wp\/v2\/comments?post=1383"}],"version-history":[{"count":19,"href":"https:\/\/novare.se\/bemanning\/wp-json\/wp\/v2\/pages\/1383\/revisions"}],"predecessor-version":[{"id":2764,"href":"https:\/\/novare.se\/bemanning\/wp-json\/wp\/v2\/pages\/1383\/revisions\/2764"}],"wp:attachment":[{"href":"https:\/\/novare.se\/bemanning\/wp-json\/wp\/v2\/media?parent=1383"}],"curies":[{"name":"wp","href":"https:\/\/api.w.org\/{rel}","templated":true}]}}