{"id":1372,"date":"2024-06-12T08:07:34","date_gmt":"2024-06-12T08:07:34","guid":{"rendered":"https:\/\/novare.se\/bemanning\/?page_id=1372"},"modified":"2026-02-02T20:20:58","modified_gmt":"2026-02-02T20:20:58","slug":"direktupphandling","status":"publish","type":"page","link":"https:\/\/novare.se\/bemanning\/direktupphandling\/","title":{"rendered":"Direktupphandling"},"content":{"rendered":"<section id=\"hero-3-block_d7969809c5827c61c4df10bfa6f93670\" class=\"block hero-3  m-b \">\n    <div class=\"hero-3--top-section bg-primary\">\n                    <div class=\"bg-backdrop\">\n                <div class=\"bg-backdrop--inner\"><\/div>\n            <\/div>\n                <div class=\"container\">\n            <div class=\"row\">\n                <div class=\"row__col\">\n                    <div class=\"text-img-wrapper\">\n                        <div class=\"text-col\" >\n                                                                \n                                <div class=\"title-wrapper\" >\n                                    <h1 class=\"h3 text-left\"><strong><i>Direktupphandling<\/i><\/strong><\/h1>                                <\/div>\n                                                            \n                            \n                                                            <div class=\"text-wrapper\" >\n                                    <p>Vill du g\u00f6ra en direktupphandling? Vi p\u00e5 Novare Bemanning hj\u00e4lper dig snabbt och tryggt hela v\u00e4gen &#8211; fr\u00e5n f\u00f6rfr\u00e5gan till leverans.<\/p>\n                                <\/div>\n                                                            \n                                                            <div class='btn-wrapper'><div class=\"btn-element\" ><a class=\"btn btn--white\" href=\"https:\/\/novare.se\/bemanning\/kontakta-oss\/\"target=\"_self\">Kontakta oss<\/a><\/div><\/div>    \n                                                    <\/div>\n\n                                                    <div class=\"2559 HEROTHREEIMG img-col \"   >\n                            <img loading=\"lazy\" decoding=\"async\" width=\"1024\" height=\"1024\" src=\"https:\/\/novare.se\/bemanning\/wp-content\/uploads\/sites\/7\/2025\/10\/it_1080x1080-1024x1024.jpg\" class=\"attachment-large size-large\" alt=\"\" srcset=\"https:\/\/novare.se\/bemanning\/wp-content\/uploads\/sites\/7\/2025\/10\/it_1080x1080-1024x1024.jpg 1024w, https:\/\/novare.se\/bemanning\/wp-content\/uploads\/sites\/7\/2025\/10\/it_1080x1080-360x360.jpg 360w, https:\/\/novare.se\/bemanning\/wp-content\/uploads\/sites\/7\/2025\/10\/it_1080x1080-150x150.jpg 150w, https:\/\/novare.se\/bemanning\/wp-content\/uploads\/sites\/7\/2025\/10\/it_1080x1080-768x768.jpg 768w, https:\/\/novare.se\/bemanning\/wp-content\/uploads\/sites\/7\/2025\/10\/it_1080x1080.jpg 1080w\" sizes=\"(max-width: 1024px) 100vw, 1024px\" \/>                                \n                            <\/div>\n                                            <\/div>\n                <\/div>\n            <\/div>\n        <\/div>\n    <\/div>\n            <div class=\"hero-3--bottom-section \"  >\n        <div class=\"breadcrumbs dark-text\">\n\t<div class=\"container\">\n        <div class=\"row\">\n            <div class=\"row__col\">\n                <div class=\"breadcrumbs--inner\">\n                    <ul>\n                                                                                <li>\n                                <a href=\"https:\/\/novare.se\/\" class=\"alt\">\n                                    Novare                                <\/a>\n                            <\/li>\n                            \n\t\t\t                                        <li>\n                                <a href=\"https:\/\/novare.se\/bemanning\/\" class=\"alt\">\n                                                                            Novare Bemanning                                                                    <\/a>\n                            <\/li>\n\t\t\t                                    <li><span class=\"alt\">Direktupphandling<\/span><\/li>\n                    <\/ul>\n                <\/div>\n            <\/div>\n        <\/div>\n\t<\/div>\n<\/div>        <\/div>\n    \n    <\/section>\n\n\n<section id=\"one-column-text-block-block_13bb7d1c1b9505f8e7ac023f9123f577\" class=\"block one-column-text-block  m-b bg-default\">\n    <div class=\"container\">\n        <div class=\"row row--middle\">\n                            <div class=\"row__col row__col--lg-8\">\n                    <div class=\"title-wrapper\" data-aos-anchor='#one-column-text-block-block_13bb7d1c1b9505f8e7ac023f9123f577'data-aos='fade-up'data-aos-easing='ease-in-out-sine'data-aos-duration='500'data-aos-delay='0'data-aos-once='true'data-aos-offset='250' >\n                                            <\/div>\n                <\/div>\n                            \n                            <div class=\"row__col row__col--lg-8\" data-aos-anchor='#one-column-text-block-block_13bb7d1c1b9505f8e7ac023f9123f577'data-aos='fade-up'data-aos-easing='ease-in-out-sine'data-aos-duration='500'data-aos-delay='250'data-aos-once='true'data-aos-offset='250'>\n                    <p class=\"preamble m-0\"><strong><i>Vill du skicka en direktupphandling till oss p\u00e5 Novare Bemanning?<\/i><\/strong><\/p>                <\/div>\n            \n                            <div class=\"row__col row__col--lg-8\" data-aos-anchor='#one-column-text-block-block_13bb7d1c1b9505f8e7ac023f9123f577'data-aos='fade-up'data-aos-easing='ease-in-out-sine'data-aos-duration='500'data-aos-delay='250'data-aos-once='true'data-aos-offset='250'>\n                    <div class=\"text-wrapper editor-content\">\n                        <p>Du \u00e4r varmt v\u00e4lkommen att h\u00f6ra av dig direkt till oss via <a href=\"mailto:bemanning@novare.se\">bemanning@novare.se<\/a>. Vi besvarar er f\u00f6rfr\u00e5gan skyndsamt fr\u00e5n v\u00e5r e-post brevl\u00e5da som \u00e4r bevakad m\u00e5ndag till fredag mellan 8:00-17:00. Vi p\u00e5b\u00f6rjar sedan arbetet direkt f\u00f6r att kunna leverera enligt \u00f6nskem\u00e5l.<\/p>\n                    <\/div>\n                <\/div>\n                            \n            \n                    <\/div>\n    <\/div>\n<\/section>\n\n<section id=\"contact-persons-block_2d6ab10dd555136649cc019eee1f3085\" class=\"block contact-persons  m-b\">\n    <div class=\"container\">\n        <div class=\"row\">\n            <div class=\"row__col row__col--lg-12\">\n                <div class=\"contact-persons--wrapper bg-off-white\">\n                    <div class=\"contact-persons--wrapper--content\" >\n                                                    <div class=\"header-wrapper\" >\n                                <h3 class=\"h3 text-left\">Vill du veta mer om <strong><i>direktupphandling? <\/i><\/strong><\/h3>                            <\/div>\n                        \n                                                    <div class=\"text-wrapper\">\n                                <h3>H\u00f6r av dig!<\/h3>\n                            <\/div>\n                        \n                                                                                                <\/div>\n                    <div class=\"contact-persons--wrapper--people\">\n                                                                                    <div class=\"contact-person\" data-aos-anchor='#contact-persons-block_2d6ab10dd555136649cc019eee1f3085'data-aos='fade-right'data-aos-easing='ease-in-out-sine'data-aos-duration='500'data-aos-delay='0'data-aos-once='true'data-aos-offset='250' >\n                                    <div class=\"contact-person--image\">\n                                        <img loading=\"lazy\" decoding=\"async\" width=\"360\" height=\"258\" src=\"https:\/\/novare.se\/bemanning\/wp-content\/uploads\/sites\/7\/2024\/04\/Martin_Hellberg_Tiny-360x258.jpg\" class=\"attachment-medium size-medium\" alt=\"Man ler kl\u00e4dd i kostym mot gr\u00e5 bakgrund.\" srcset=\"https:\/\/novare.se\/bemanning\/wp-content\/uploads\/sites\/7\/2024\/04\/Martin_Hellberg_Tiny-360x258.jpg 360w, https:\/\/novare.se\/bemanning\/wp-content\/uploads\/sites\/7\/2024\/04\/Martin_Hellberg_Tiny.jpg 670w\" sizes=\"(max-width: 360px) 100vw, 360px\" \/>                                    <\/div>\n                                    <div class=\"contact-person--details\">\n                                        <div class=\"name-wrapper\">\n                                            <a href=\"https:\/\/novare.se\/bemanning\/medarbetare\/martin-hellberg\/\">Martin  Hellberg<\/a>\n                                        <\/div>\n                                        <div class=\"title-wrapper\">\n                                            <p>Vd och grundare<\/p>\n                                        <\/div>\n                                        <div class=\"email-wrapper\">\n                                            <a href=\"mailto:martin.hellberg@novare.se\">martin.hellberg@novare.se<\/a>\n                                        <\/div>\n                                        <div class=\"phone-wrapper\">\n                                            <a href=\"tel:+46707640292\">+46 707 64 02 92<\/a>\n                                        <\/div>\n                                    <\/div>\n                                <\/div>\n                                                    <\/div>\n                <\/div>\n            <\/div>\n        <\/div>\n    <\/div>\n<\/section>\n\n\n<section id=\"faq-block-block_ee3849e21b4af510ef6933c5fadceb7f\" class=\"block faq-block  m-b bg-default\">\n    <div class=\"container\">\n        <div class=\"row\">\n            <div class=\"row__col row__col--lg-6\" data-aos-anchor='#faq-block-block_ee3849e21b4af510ef6933c5fadceb7f'data-aos='fade-up'data-aos-easing='ease-in-out-sine'data-aos-duration='500'data-aos-delay='0'data-aos-once='true'data-aos-offset='250' >\n                <img loading=\"lazy\" decoding=\"async\" width=\"1024\" height=\"945\" src=\"https:\/\/novare.se\/bemanning\/wp-content\/uploads\/sites\/7\/2024\/06\/Novare_sma17_webb-1024x945.jpg\" class=\"media-item\" alt=\"Tv\u00e5 personer sitter och pratar p\u00e5 soffa, inomhusmilj\u00f6.\" srcset=\"https:\/\/novare.se\/bemanning\/wp-content\/uploads\/sites\/7\/2024\/06\/Novare_sma17_webb-1024x945.jpg 1024w, https:\/\/novare.se\/bemanning\/wp-content\/uploads\/sites\/7\/2024\/06\/Novare_sma17_webb-360x332.jpg 360w, https:\/\/novare.se\/bemanning\/wp-content\/uploads\/sites\/7\/2024\/06\/Novare_sma17_webb-768x709.jpg 768w, https:\/\/novare.se\/bemanning\/wp-content\/uploads\/sites\/7\/2024\/06\/Novare_sma17_webb.jpg 1300w\" sizes=\"(max-width: 1024px) 100vw, 1024px\" \/>            <\/div>\n            \n            <div class=\"row__col row__col--lg-6\">\n                                    <div class=\"title-wrapper text-medium\" data-aos-anchor='#faq-block-block_ee3849e21b4af510ef6933c5fadceb7f'data-aos='fade-up'data-aos-easing='ease-in-out-sine'data-aos-duration='500'data-aos-delay='300'data-aos-once='true'data-aos-offset='250' >\n                        <h2 class=\"h3 text-left\">Vanliga fr\u00e5gor om <i><strong>direktupphandling<\/i><\/strong><\/h2>                    <\/div>\n                                                    \n                                    <div class=\"accordion\">\n                                                    <div class=\"accordion-item\" data-aos-anchor='#faq-block-block_ee3849e21b4af510ef6933c5fadceb7f'data-aos='fade-right'data-aos-easing='ease-in-out-sine'data-aos-duration='500'data-aos-delay='1000'data-aos-once='true'data-aos-offset='250' >\n                                <div class=\"accordion-header\">\n                                    <span class=\"question\">Hur arbetar vi med direktupphandling inom bemanning?<\/span>\n                                    <i class=\"fa fa-plus\"><\/i><i class=\"fa fa-minus hidden\"><\/i>\n                                <\/div>\n                                <div class=\"accordion-content\" style=\"display: none;\">\n                                    <span class=\"separator\"><\/span>\n                                    Vi hanterar hela processen fr\u00e5n f\u00f6rfr\u00e5gan till leverans. Utifr\u00e5n ert behov g\u00f6r vi en snabb analys och presenterar en l\u00f6sning som \u00e4r f\u00f6renlig med g\u00e4llande regelverk och anpassad efter uppdragets omfattning och tidsram.                                <\/div>\n                            <\/div>\n                                                        <div class=\"accordion-item\" data-aos-anchor='#faq-block-block_ee3849e21b4af510ef6933c5fadceb7f'data-aos='fade-right'data-aos-easing='ease-in-out-sine'data-aos-duration='500'data-aos-delay='1250'data-aos-once='true'data-aos-offset='250' >\n                                <div class=\"accordion-header\">\n                                    <span class=\"question\">N\u00e4r \u00e4r direktupphandling r\u00e4tt v\u00e4g f\u00f6r bemanning?<\/span>\n                                    <i class=\"fa fa-plus\"><\/i><i class=\"fa fa-minus hidden\"><\/i>\n                                <\/div>\n                                <div class=\"accordion-content\" style=\"display: none;\">\n                                    <span class=\"separator\"><\/span>\n                                    Direktupphandling passar n\u00e4r behovet \u00e4r akut, tidskritiskt eller begr\u00e4nsat i omfattning, exempelvis vid vakanser, arbetstoppar eller kortare uppdrag d\u00e4r en snabb och trygg l\u00f6sning kr\u00e4vs.                                <\/div>\n                            <\/div>\n                                                        <div class=\"accordion-item\" data-aos-anchor='#faq-block-block_ee3849e21b4af510ef6933c5fadceb7f'data-aos='fade-right'data-aos-easing='ease-in-out-sine'data-aos-duration='500'data-aos-delay='1500'data-aos-once='true'data-aos-offset='250' >\n                                <div class=\"accordion-header\">\n                                    <span class=\"question\">Hur s\u00e4kerst\u00e4ller vi r\u00e4tt kompetens vid direktupphandling?<\/span>\n                                    <i class=\"fa fa-plus\"><\/i><i class=\"fa fa-minus hidden\"><\/i>\n                                <\/div>\n                                <div class=\"accordion-content\" style=\"display: none;\">\n                                    <span class=\"separator\"><\/span>\n                                    Vi matchar uppdraget mot v\u00e5rt etablerade n\u00e4tverk av konsulter och kandidater med relevant erfarenhet. Fokus ligger p\u00e5 b\u00e5de kompetens, tillg\u00e4nglighet och f\u00f6rst\u00e5else f\u00f6r verksamhetens kontext.                                <\/div>\n                            <\/div>\n                                                        <div class=\"accordion-item\" data-aos-anchor='#faq-block-block_ee3849e21b4af510ef6933c5fadceb7f'data-aos='fade-right'data-aos-easing='ease-in-out-sine'data-aos-duration='500'data-aos-delay='1750'data-aos-once='true'data-aos-offset='250' >\n                                <div class=\"accordion-header\">\n                                    <span class=\"question\">Hur snabbt kan vi leverera personal vid direktupphandling?<\/span>\n                                    <i class=\"fa fa-plus\"><\/i><i class=\"fa fa-minus hidden\"><\/i>\n                                <\/div>\n                                <div class=\"accordion-content\" style=\"display: none;\">\n                                    <span class=\"separator\"><\/span>\n                                    I m\u00e5nga fall kan vi presentera f\u00f6rslag mycket snabbt. V\u00e5r process \u00e4r anpassad f\u00f6r att m\u00f6jligg\u00f6ra snabba beslut utan att tumma p\u00e5 kvalitet eller tr\u00e4ffs\u00e4kerhet.                                <\/div>\n                            <\/div>\n                                                        <div class=\"accordion-item\" data-aos-anchor='#faq-block-block_ee3849e21b4af510ef6933c5fadceb7f'data-aos='fade-right'data-aos-easing='ease-in-out-sine'data-aos-duration='500'data-aos-delay='2000'data-aos-once='true'data-aos-offset='250' >\n                                <div class=\"accordion-header\">\n                                    <span class=\"question\">Vilka f\u00f6rdelar ger direktupphandling j\u00e4mf\u00f6rt med andra upphandlingsformer?<\/span>\n                                    <i class=\"fa fa-plus\"><\/i><i class=\"fa fa-minus hidden\"><\/i>\n                                <\/div>\n                                <div class=\"accordion-content\" style=\"display: none;\">\n                                    <span class=\"separator\"><\/span>\n                                    Direktupphandling inneb\u00e4r kortare ledtider, mindre administration och st\u00f6rre flexibilitet. Samtidigt beh\u00e5lls kontroll, kvalitet och trygghet i leveransen.                                <\/div>\n                            <\/div>\n                                                <\/div>\n                            <\/div>\n        <\/div>\n    <\/div>\n<\/section>\n","protected":false},"excerpt":{"rendered":"","protected":false},"author":4,"featured_media":0,"parent":0,"menu_order":0,"comment_status":"closed","ping_status":"closed","template":"","meta":{"_acf_changed":false,"_seopress_robots_primary_cat":"","_seopress_titles_title":"Direktupphandling hos Novare Bemanning - novare.se","_seopress_titles_desc":"Kontakta Novare Bemanning f\u00f6r direktupphandlingar. Snabb respons m\u00e5ndag-fredag 8-17. Vi erbjuder b\u00e5de konsulter och permanenta rekryteringar.","_seopress_robots_index":"","inline_featured_image":false,"footnotes":""},"class_list":["post-1372","page","type-page","status-publish","hentry"],"acf":[],"_links":{"self":[{"href":"https:\/\/novare.se\/bemanning\/wp-json\/wp\/v2\/pages\/1372","targetHints":{"allow":["GET"]}}],"collection":[{"href":"https:\/\/novare.se\/bemanning\/wp-json\/wp\/v2\/pages"}],"about":[{"href":"https:\/\/novare.se\/bemanning\/wp-json\/wp\/v2\/types\/page"}],"author":[{"embeddable":true,"href":"https:\/\/novare.se\/bemanning\/wp-json\/wp\/v2\/users\/4"}],"replies":[{"embeddable":true,"href":"https:\/\/novare.se\/bemanning\/wp-json\/wp\/v2\/comments?post=1372"}],"version-history":[{"count":20,"href":"https:\/\/novare.se\/bemanning\/wp-json\/wp\/v2\/pages\/1372\/revisions"}],"predecessor-version":[{"id":2718,"href":"https:\/\/novare.se\/bemanning\/wp-json\/wp\/v2\/pages\/1372\/revisions\/2718"}],"wp:attachment":[{"href":"https:\/\/novare.se\/bemanning\/wp-json\/wp\/v2\/media?parent=1372"}],"curies":[{"name":"wp","href":"https:\/\/api.w.org\/{rel}","templated":true}]}}