{"id":1248,"date":"2024-05-27T12:15:04","date_gmt":"2024-05-27T12:15:04","guid":{"rendered":"https:\/\/novare.se\/bemanning\/?page_id=1248"},"modified":"2026-03-25T11:12:20","modified_gmt":"2026-03-25T11:12:20","slug":"om-oss","status":"publish","type":"page","link":"https:\/\/novare.se\/bemanning\/om-oss\/","title":{"rendered":"Om oss"},"content":{"rendered":"<section id=\"hero-3-block_38751a1c0722f25d073596f9ad151c68\" class=\"block hero-3  m-b \">\n    <div class=\"hero-3--top-section bg-primary\">\n                    <div class=\"bg-backdrop\">\n                <div class=\"bg-backdrop--inner\"><\/div>\n            <\/div>\n                <div class=\"container\">\n            <div class=\"row\">\n                <div class=\"row__col\">\n                    <div class=\"text-img-wrapper\">\n                        <div class=\"text-col\" >\n                                                                \n                                <div class=\"title-wrapper\" >\n                                    <h1 class=\"h2 text-left\">Om <strong><i>Novare Bemanning<\/i><\/strong><\/h1>                                <\/div>\n                                                            \n                            \n                                                            <div class=\"text-wrapper\" >\n                                    <p>Vi erbjuder interims- och bemanningstj\u00e4nster till myndigheter, offentliga organisationer samt privata akt\u00f6rer inom kundservice.<\/p>\n                                <\/div>\n                                                            \n                                                            <div class='btn-wrapper'><div class=\"btn-element\" ><a class=\"btn btn--white\" href=\"https:\/\/novare.se\/bemanning\/kontakta-oss\/\"target=\"_self\">Kontakta oss<\/a><\/div><\/div>    \n                                                    <\/div>\n\n                                                    <div class=\"2453 HEROTHREEIMG img-col \"   >\n                            <img loading=\"lazy\" decoding=\"async\" width=\"1024\" height=\"1024\" src=\"https:\/\/novare.se\/bemanning\/wp-content\/uploads\/sites\/7\/2025\/09\/bemanning_1080x1080-1024x1024.jpg\" class=\"attachment-large size-large\" alt=\"tv\u00e5 personer pratar\" srcset=\"https:\/\/novare.se\/bemanning\/wp-content\/uploads\/sites\/7\/2025\/09\/bemanning_1080x1080-1024x1024.jpg 1024w, https:\/\/novare.se\/bemanning\/wp-content\/uploads\/sites\/7\/2025\/09\/bemanning_1080x1080-360x360.jpg 360w, https:\/\/novare.se\/bemanning\/wp-content\/uploads\/sites\/7\/2025\/09\/bemanning_1080x1080-150x150.jpg 150w, https:\/\/novare.se\/bemanning\/wp-content\/uploads\/sites\/7\/2025\/09\/bemanning_1080x1080-768x768.jpg 768w, https:\/\/novare.se\/bemanning\/wp-content\/uploads\/sites\/7\/2025\/09\/bemanning_1080x1080.jpg 1080w\" sizes=\"(max-width: 1024px) 100vw, 1024px\" \/>                                \n                            <\/div>\n                                            <\/div>\n                <\/div>\n            <\/div>\n        <\/div>\n    <\/div>\n            <div class=\"hero-3--bottom-section \"  >\n        <div class=\"breadcrumbs dark-text\">\n\t<div class=\"container\">\n        <div class=\"row\">\n            <div class=\"row__col\">\n                <div class=\"breadcrumbs--inner\">\n                    <ul>\n                                                                                <li>\n                                <a href=\"https:\/\/novare.se\/\" class=\"alt\">\n                                    Novare                                <\/a>\n                            <\/li>\n                            \n\t\t\t                                        <li>\n                                <a href=\"https:\/\/novare.se\/bemanning\/\" class=\"alt\">\n                                                                            Novare Bemanning                                                                    <\/a>\n                            <\/li>\n\t\t\t                                    <li><span class=\"alt\">Om oss<\/span><\/li>\n                    <\/ul>\n                <\/div>\n            <\/div>\n        <\/div>\n\t<\/div>\n<\/div>        <\/div>\n    \n    <\/section>\n\n\n<section id=\"one-column-text-block-block_2b2f358ec3bf239344d4fc33a910f9ad\" class=\"block one-column-text-block  m-b bg-default\">\n    <div class=\"container\">\n        <div class=\"row row--middle\">\n                            <div class=\"row__col row__col--lg-8\">\n                    <div class=\"title-wrapper\" data-aos-anchor='#one-column-text-block-block_2b2f358ec3bf239344d4fc33a910f9ad'data-aos='fade-up'data-aos-easing='ease-in-out-sine'data-aos-duration='500'data-aos-delay='0'data-aos-once='true'data-aos-offset='250' >\n                        <h3 class=\"h4 m-0 text-left\">N\u00e4r ni beh\u00f6ver <strong><i>flexibilitet och kompetens<\/i><\/strong><\/h3>                    <\/div>\n                <\/div>\n                            \n                            <div class=\"row__col row__col--lg-8\" data-aos-anchor='#one-column-text-block-block_2b2f358ec3bf239344d4fc33a910f9ad'data-aos='fade-up'data-aos-easing='ease-in-out-sine'data-aos-duration='500'data-aos-delay='250'data-aos-once='true'data-aos-offset='250'>\n                    <p class=\"preamble m-0\">Vi erbjuder interims- och bemanningstj\u00e4nster till myndigheter och offentliga organisationer. Oavsett om behovet uppst\u00e5r snabbt, \u00e4r tillf\u00e4lligt eller kr\u00e4ver s\u00e4rskild kompetens, finns vi redo att leverera r\u00e4tt l\u00f6sning i r\u00e4tt tid.<br \/>\r\n<\/p>                <\/div>\n            \n                            <div class=\"row__col row__col--lg-8\" data-aos-anchor='#one-column-text-block-block_2b2f358ec3bf239344d4fc33a910f9ad'data-aos='fade-up'data-aos-easing='ease-in-out-sine'data-aos-duration='500'data-aos-delay='250'data-aos-once='true'data-aos-offset='250'>\n                    <div class=\"text-wrapper editor-content\">\n                        <h5>Kvalitet f\u00f6re kvantitet<\/h5>\n<p>Det som skiljer oss fr\u00e5n m\u00e5nga andra \u00e4r v\u00e5rt fokus p\u00e5 l\u00e5ngsiktigt v\u00e4rde. Vi ser inte bara en ledig stol som ska fyllas &#8211; vi ser en m\u00f6jlighet att skapa r\u00e4tt matchning f\u00f6r b\u00e5de organisation och individ. V\u00e5rt m\u00e5l \u00e4r att bidra till en h\u00e5llbar arbetsmarknad d\u00e4r kompetens och engagemang tas tillvara p\u00e5 b\u00e4sta s\u00e4tt.<\/p>\n<p>&nbsp;<\/p>\n<h5>Drivna m\u00e4nniskor, h\u00e5llbara resultat<\/h5>\n<p>V\u00e5r framg\u00e5ng bygger p\u00e5 \u00f6ppenhet, tillit och engagemang &#8211; v\u00e4rderingar som genomsyrar allt vi g\u00f6r. D\u00e4rf\u00f6r l\u00e4gger vi stor vikt vid personlig utveckling f\u00f6r b\u00e5de v\u00e5ra konsulter och medarbetare. Det skapar drivna m\u00e4nniskor och l\u00e5ngsiktiga samarbeten.<\/p>\n<p>&nbsp;<\/p>\n<h5>Beh\u00f6ver ni f\u00f6rst\u00e4rkning?<\/h5>\n<p>Vi \u00e4r vana att agera snabbt och flexibelt, oavsett om det g\u00e4ller ett akut behov eller planerad bemanning. Kontakta oss s\u00e5 ber\u00e4ttar vi hur vi kan st\u00f6tta er verksamhet.<\/p>\n                    <\/div>\n                <\/div>\n                            \n            \n                    <\/div>\n    <\/div>\n<\/section>\n\n<section id=\"contact-persons-block_feaedc3902852a596dc54be63f3822ae\" class=\"block contact-persons  m-b\">\n    <div class=\"container\">\n        <div class=\"row\">\n            <div class=\"row__col row__col--lg-12\">\n                <div class=\"contact-persons--wrapper bg-off-white\">\n                    <div class=\"contact-persons--wrapper--content\" >\n                                                    <div class=\"header-wrapper\" >\n                                <h3 class=\"h3 text-left\"><strong><i>Vill du veta mer?<\/i><\/strong><\/h3>                            <\/div>\n                        \n                                                    <div class=\"text-wrapper\">\n                                <h3>H\u00f6r av dig!<\/h3>\n<p>&nbsp;<\/p>\n                            <\/div>\n                        \n                                                                                                <\/div>\n                    <div class=\"contact-persons--wrapper--people\">\n                                                                                    <div class=\"contact-person\" data-aos-anchor='#contact-persons-block_feaedc3902852a596dc54be63f3822ae'data-aos='fade-right'data-aos-easing='ease-in-out-sine'data-aos-duration='500'data-aos-delay='0'data-aos-once='true'data-aos-offset='250' >\n                                    <div class=\"contact-person--image\">\n                                        <img loading=\"lazy\" decoding=\"async\" width=\"360\" height=\"258\" src=\"https:\/\/novare.se\/bemanning\/wp-content\/uploads\/sites\/7\/2024\/04\/Martin_Hellberg_Tiny-360x258.jpg\" class=\"attachment-medium size-medium\" alt=\"Man ler kl\u00e4dd i kostym mot gr\u00e5 bakgrund.\" srcset=\"https:\/\/novare.se\/bemanning\/wp-content\/uploads\/sites\/7\/2024\/04\/Martin_Hellberg_Tiny-360x258.jpg 360w, https:\/\/novare.se\/bemanning\/wp-content\/uploads\/sites\/7\/2024\/04\/Martin_Hellberg_Tiny.jpg 670w\" sizes=\"(max-width: 360px) 100vw, 360px\" \/>                                    <\/div>\n                                    <div class=\"contact-person--details\">\n                                        <div class=\"name-wrapper\">\n                                            <a href=\"https:\/\/novare.se\/bemanning\/medarbetare\/martin-hellberg\/\">Martin  Hellberg<\/a>\n                                        <\/div>\n                                        <div class=\"title-wrapper\">\n                                            <p>Vd och grundare<\/p>\n                                        <\/div>\n                                        <div class=\"email-wrapper\">\n                                            <a href=\"mailto:martin.hellberg@novare.se\">martin.hellberg@novare.se<\/a>\n                                        <\/div>\n                                        <div class=\"phone-wrapper\">\n                                            <a href=\"tel:+46707640292\">+46 707 64 02 92<\/a>\n                                        <\/div>\n                                    <\/div>\n                                <\/div>\n                                                    <\/div>\n                <\/div>\n            <\/div>\n        <\/div>\n    <\/div>\n<\/section>\n\n\n<section id=\"image-video-text-block_a713d1f3be6cd55a64be1f752b4251aa\" class=\"block image-video-text  m-b bg-white\">\n    <div class=\"container\">\n        <div class=\"row image-left\">\n            <div class=\"row__col row__col--md-6 media-item\">\n                                    <div class=\"image-wrapper\" data-aos-anchor='#image-video-text-block_a713d1f3be6cd55a64be1f752b4251aa'data-aos='fade-up'data-aos-easing='ease-in-out-sine'data-aos-duration='500'data-aos-delay='0'data-aos-once='true'data-aos-offset='250' >\n                        <img loading=\"lazy\" decoding=\"async\" width=\"831\" height=\"1024\" src=\"https:\/\/novare.se\/bemanning\/wp-content\/uploads\/sites\/7\/2025\/10\/novare_1380x1700-1-831x1024.jpg\" class=\"media-item\" alt=\"En man och tv\u00e5 kvinnor i en konversation.\" srcset=\"https:\/\/novare.se\/bemanning\/wp-content\/uploads\/sites\/7\/2025\/10\/novare_1380x1700-1-831x1024.jpg 831w, https:\/\/novare.se\/bemanning\/wp-content\/uploads\/sites\/7\/2025\/10\/novare_1380x1700-1-292x360.jpg 292w, https:\/\/novare.se\/bemanning\/wp-content\/uploads\/sites\/7\/2025\/10\/novare_1380x1700-1-768x946.jpg 768w, https:\/\/novare.se\/bemanning\/wp-content\/uploads\/sites\/7\/2025\/10\/novare_1380x1700-1-1247x1536.jpg 1247w, https:\/\/novare.se\/bemanning\/wp-content\/uploads\/sites\/7\/2025\/10\/novare_1380x1700-1.jpg 1380w\" sizes=\"(max-width: 831px) 100vw, 831px\" \/>                    <\/div>\n                                            <\/div>\n\n            <div class=\"row__col row__col--md-6 content\"  >\n                                    <div class=\"title-wrapper\" data-aos-anchor='#image-video-text-block_a713d1f3be6cd55a64be1f752b4251aa'data-aos='fade-up'data-aos-easing='ease-in-out-sine'data-aos-duration='500'data-aos-delay='300'data-aos-once='true'data-aos-offset='250'>\n                        <h3 class=\"h4 text-left\">Hur allt <strong><i>b\u00f6rjade\u2026<\/i><\/strong><\/h3>                    <\/div>\n                                                                        <div class=\"text-wrapper editor-content\" data-aos-anchor='#image-video-text-block_a713d1f3be6cd55a64be1f752b4251aa'data-aos='fade-up'data-aos-easing='ease-in-out-sine'data-aos-duration='500'data-aos-delay='550'data-aos-once='true'data-aos-offset='250'>\n                    <p>\u00c5r 2021 var Novarekoncernen en av de vinnande leverant\u00f6rerna p\u00e5 Kammarkollegiets upphandling inom kontorstj\u00e4nster, ett av de st\u00f6rsta kontrakten p\u00e5 bemanning\/interimsl\u00f6sningar f\u00f6r tj\u00e4nstem\u00e4n i Sverige. Avtalet blev startskottet f\u00f6r en st\u00f6rre satsning p\u00e5 bemanning och Martin Hellberg fick uppdraget att starta ett nytt bolag inom koncernen.<\/p>\n<p>&nbsp;<\/p>\n<p>Sedan starten har tillkommit flera duktiga medarbetare och tillsammans har vi byggt ett v\u00e4rderingsstyrt bolag utifr\u00e5n \u00f6ppenhet, tillit, driv och engagemang. Vi str\u00e4var efter att bli den mest v\u00e4rdeskapande akt\u00f6ren i branschen med stort fokus p\u00e5 personlig utveckling f\u00f6r v\u00e5ra medarbetare och konsulter.<\/p>\n                    <\/div>\n                                                                                <\/div>\n        <\/div>\n    <\/div>\n<\/section>\n\n\n<section id=\"title-and-text-block_65475c7c9c20fd04217bf7b84441f510\" class=\"block title-and-text  m-b\">\n\t<div class=\"container\">\n\t\t<div class=\"row bg-off-white\">\n\t\t\t<div class=\"row__col row__col--lg-4\">\n\t\t\t\t                    <div class=\"title-wrapper\"  data-aos-anchor='#title-and-text-block_65475c7c9c20fd04217bf7b84441f510'data-aos='fade-up'data-aos-easing='ease-in-out-sine'data-aos-duration='500'data-aos-delay='0'data-aos-once='true'data-aos-offset='250'>\n                        <h3 class=\"h4 text-right\">J\u00e4mst\u00e4lldhet och <strong><i>inkludering<\/i><\/strong><\/h3>                    <\/div>\n                                    \t\t\t<\/div>\n\t\t\t<div class=\"row__col row__col--lg-8 content\">\n\t\t\t\t                    <div class=\"preamble-wrapper\"  data-aos-anchor='#title-and-text-block_65475c7c9c20fd04217bf7b84441f510'data-aos='fade-up'data-aos-easing='ease-in-out-sine'data-aos-duration='500'data-aos-delay='250'data-aos-once='true'data-aos-offset='250'>\n                        <p class=\"preamble\">Novare Bemanning bidrar till en h\u00e5llbart arbetsmarknad genom att utveckla individer och organisationer.<\/p>                    <\/div>\n\t\t\t\t\n\t\t\t\t\t\t\t\t\t<div class=\"text-wrapper editor-content\"  data-aos-anchor='#title-and-text-block_65475c7c9c20fd04217bf7b84441f510'data-aos='fade-up'data-aos-easing='ease-in-out-sine'data-aos-duration='500'data-aos-delay='250'data-aos-once='true'data-aos-offset='250'>\n\t\t\t\t\t\t<p>Vi arbetar kontinuerligt med att utveckla v\u00e5ra processer f\u00f6r ett mer inkluderande och h\u00e5llbart arbetss\u00e4tt. Samtidigt uppmuntrar vi st\u00e4ndigt till olika perspektiv, b\u00e5de internt och externt, f\u00f6r att skapa en kultur av \u00f6ppenhet och l\u00e4rande.<\/p>\n<p>Genom en bredd av roller och niv\u00e5er n\u00e5r vi ett stort n\u00e4tverk av kandidater p\u00e5 arbetsmarknaden, vilket g\u00f6r att vi kan erbjuda b\u00e5de seniora och juniora tj\u00e4nster. Vi tar tillvara m\u00e4nniskors drivkrafter och dr\u00f6mmar, n\u00e5got som skapar starkt engagemang och leder till fina resultat.<\/p>\n<p>Vi brinner f\u00f6r v\u00e5rt uppdrag att attrahera r\u00e4tt kompetens &#8211; och d\u00e4rigenom bidra till en \u00e4nnu mer inkluderande och h\u00e5llbar arbetsmarknad. V\u00e5r ambition \u00e4r att inspirera till att se det stora i det lilla och att g\u00f6ra verklig skillnad i m\u00e4nniskors liv.<\/p>\n\t\t\t\t\t<\/div>\n                    \t\t\t\t\t\n\n\t\t\t\t\n\t\t\t\t\t\t\t<\/div>\n\t\t<\/div>\n\t<\/div>\n<\/section>\n\n<section id=\"faq-block-block_d6d7ab5d4739746f814fd0300035b1f0\" class=\"block faq-block  m-b bg-default\">\n    <div class=\"container\">\n        <div class=\"row\">\n            <div class=\"row__col row__col--lg-6\" data-aos-anchor='#faq-block-block_d6d7ab5d4739746f814fd0300035b1f0'data-aos='fade-up'data-aos-easing='ease-in-out-sine'data-aos-duration='500'data-aos-delay='0'data-aos-once='true'data-aos-offset='250' >\n                <img loading=\"lazy\" decoding=\"async\" width=\"1024\" height=\"945\" src=\"https:\/\/novare.se\/bemanning\/wp-content\/uploads\/sites\/7\/2024\/06\/Novare_sma17_webb-1024x945.jpg\" class=\"media-item\" alt=\"Tv\u00e5 personer sitter och pratar p\u00e5 soffa, inomhusmilj\u00f6.\" srcset=\"https:\/\/novare.se\/bemanning\/wp-content\/uploads\/sites\/7\/2024\/06\/Novare_sma17_webb-1024x945.jpg 1024w, https:\/\/novare.se\/bemanning\/wp-content\/uploads\/sites\/7\/2024\/06\/Novare_sma17_webb-360x332.jpg 360w, https:\/\/novare.se\/bemanning\/wp-content\/uploads\/sites\/7\/2024\/06\/Novare_sma17_webb-768x709.jpg 768w, https:\/\/novare.se\/bemanning\/wp-content\/uploads\/sites\/7\/2024\/06\/Novare_sma17_webb.jpg 1300w\" sizes=\"(max-width: 1024px) 100vw, 1024px\" \/>            <\/div>\n            \n            <div class=\"row__col row__col--lg-6\">\n                                    <div class=\"title-wrapper text-medium\" data-aos-anchor='#faq-block-block_d6d7ab5d4739746f814fd0300035b1f0'data-aos='fade-up'data-aos-easing='ease-in-out-sine'data-aos-duration='500'data-aos-delay='300'data-aos-once='true'data-aos-offset='250' >\n                        <h2 class=\"h3 text-left\">Vanliga fr\u00e5gor <i><strong>Novare bemanning<\/i><\/strong><\/h2>                    <\/div>\n                                                    \n                                    <div class=\"accordion\">\n                                                    <div class=\"accordion-item\" data-aos-anchor='#faq-block-block_d6d7ab5d4739746f814fd0300035b1f0'data-aos='fade-right'data-aos-easing='ease-in-out-sine'data-aos-duration='500'data-aos-delay='1000'data-aos-once='true'data-aos-offset='250' >\n                                <div class=\"accordion-header\">\n                                    <span class=\"question\">Vad \u00e4r Novare Bemanning?<\/span>\n                                    <i class=\"fa fa-plus\"><\/i><i class=\"fa fa-minus hidden\"><\/i>\n                                <\/div>\n                                <div class=\"accordion-content\" style=\"display: none;\">\n                                    <span class=\"separator\"><\/span>\n                                    Novare Bemanning erbjuder bemannings- och konsultl\u00f6sningar f\u00f6r organisationer som beh\u00f6ver st\u00e4rka sin verksamhet med r\u00e4tt kompetens, snabbt och tr\u00e4ffs\u00e4kert.                                <\/div>\n                            <\/div>\n                                                        <div class=\"accordion-item\" data-aos-anchor='#faq-block-block_d6d7ab5d4739746f814fd0300035b1f0'data-aos='fade-right'data-aos-easing='ease-in-out-sine'data-aos-duration='500'data-aos-delay='1250'data-aos-once='true'data-aos-offset='250' >\n                                <div class=\"accordion-header\">\n                                    <span class=\"question\">N\u00e4r \u00e4r bemanning r\u00e4tt val f\u00f6r en organisation?<\/span>\n                                    <i class=\"fa fa-plus\"><\/i><i class=\"fa fa-minus hidden\"><\/i>\n                                <\/div>\n                                <div class=\"accordion-content\" style=\"display: none;\">\n                                    <span class=\"separator\"><\/span>\n                                    Bemanning passar vid tillf\u00e4lliga behov som arbetstoppar, f\u00f6r\u00e4ndringar, fr\u00e5nvaro eller n\u00e4r verksamheten beh\u00f6ver flexibilitet utan att tumma p\u00e5 kvalitet.                                <\/div>\n                            <\/div>\n                                                        <div class=\"accordion-item\" data-aos-anchor='#faq-block-block_d6d7ab5d4739746f814fd0300035b1f0'data-aos='fade-right'data-aos-easing='ease-in-out-sine'data-aos-duration='500'data-aos-delay='1500'data-aos-once='true'data-aos-offset='250' >\n                                <div class=\"accordion-header\">\n                                    <span class=\"question\">Hur arbetar ni f\u00f6r att s\u00e4kerst\u00e4lla kvalitet i era uppdrag?<\/span>\n                                    <i class=\"fa fa-plus\"><\/i><i class=\"fa fa-minus hidden\"><\/i>\n                                <\/div>\n                                <div class=\"accordion-content\" style=\"display: none;\">\n                                    <span class=\"separator\"><\/span>\n                                    Vi l\u00e4gger stor vikt vid urval, matchning och uppf\u00f6ljning och arbetar n\u00e4ra b\u00e5de kund och konsult f\u00f6r att s\u00e4kerst\u00e4lla ett h\u00e5llbart och l\u00e5ngsiktigt resultat.                                <\/div>\n                            <\/div>\n                                                        <div class=\"accordion-item\" data-aos-anchor='#faq-block-block_d6d7ab5d4739746f814fd0300035b1f0'data-aos='fade-right'data-aos-easing='ease-in-out-sine'data-aos-duration='500'data-aos-delay='1750'data-aos-once='true'data-aos-offset='250' >\n                                <div class=\"accordion-header\">\n                                    <span class=\"question\">Vilka v\u00e4rderingar pr\u00e4glar Novare Bemanning?<\/span>\n                                    <i class=\"fa fa-plus\"><\/i><i class=\"fa fa-minus hidden\"><\/i>\n                                <\/div>\n                                <div class=\"accordion-content\" style=\"display: none;\">\n                                    <span class=\"separator\"><\/span>\n                                    V\u00e5rt arbete genomsyras av kvalitet, inkludering och l\u00e5ngsiktighet med fokus p\u00e5 att skapa v\u00e4rde f\u00f6r b\u00e5de organisationer och m\u00e4nniskor.                                <\/div>\n                            <\/div>\n                                                        <div class=\"accordion-item\" data-aos-anchor='#faq-block-block_d6d7ab5d4739746f814fd0300035b1f0'data-aos='fade-right'data-aos-easing='ease-in-out-sine'data-aos-duration='500'data-aos-delay='2000'data-aos-once='true'data-aos-offset='250' >\n                                <div class=\"accordion-header\">\n                                    <span class=\"question\">Hur bidrar ni till j\u00e4mst\u00e4lldhet och inkludering?<\/span>\n                                    <i class=\"fa fa-plus\"><\/i><i class=\"fa fa-minus hidden\"><\/i>\n                                <\/div>\n                                <div class=\"accordion-content\" style=\"display: none;\">\n                                    <span class=\"separator\"><\/span>\n                                    Vi verkar aktivt f\u00f6r en mer inkluderande arbetsmarknad genom att se potential, bredda perspektiv och matcha kompetens utifr\u00e5n b\u00e5de erfarenhet och personliga styrkor.                                <\/div>\n                            <\/div>\n                                                <\/div>\n                            <\/div>\n        <\/div>\n    <\/div>\n<\/section>\n","protected":false},"excerpt":{"rendered":"","protected":false},"author":4,"featured_media":0,"parent":0,"menu_order":0,"comment_status":"closed","ping_status":"closed","template":"","meta":{"_acf_changed":false,"_seopress_robots_primary_cat":"","_seopress_titles_title":"Om Novare Bemanning | Flexibla l\u00f6sningar | Novare","_seopress_titles_desc":"Novare Bemanning erbjuder flexibla konsult- och bemanningsl\u00f6sningar f\u00f6r offentlig och privat sektor med fokus p\u00e5 kvalitet, utveckling och h\u00e5llbarhet.","_seopress_robots_index":"","inline_featured_image":false,"footnotes":""},"class_list":["post-1248","page","type-page","status-publish","hentry"],"acf":[],"_links":{"self":[{"href":"https:\/\/novare.se\/bemanning\/wp-json\/wp\/v2\/pages\/1248","targetHints":{"allow":["GET"]}}],"collection":[{"href":"https:\/\/novare.se\/bemanning\/wp-json\/wp\/v2\/pages"}],"about":[{"href":"https:\/\/novare.se\/bemanning\/wp-json\/wp\/v2\/types\/page"}],"author":[{"embeddable":true,"href":"https:\/\/novare.se\/bemanning\/wp-json\/wp\/v2\/users\/4"}],"replies":[{"embeddable":true,"href":"https:\/\/novare.se\/bemanning\/wp-json\/wp\/v2\/comments?post=1248"}],"version-history":[{"count":36,"href":"https:\/\/novare.se\/bemanning\/wp-json\/wp\/v2\/pages\/1248\/revisions"}],"predecessor-version":[{"id":2846,"href":"https:\/\/novare.se\/bemanning\/wp-json\/wp\/v2\/pages\/1248\/revisions\/2846"}],"wp:attachment":[{"href":"https:\/\/novare.se\/bemanning\/wp-json\/wp\/v2\/media?parent=1248"}],"curies":[{"name":"wp","href":"https:\/\/api.w.org\/{rel}","templated":true}]}}