{"id":1242,"date":"2024-05-27T11:50:50","date_gmt":"2024-05-27T11:50:50","guid":{"rendered":"https:\/\/novare.se\/bemanning\/?page_id=1242"},"modified":"2026-02-03T17:45:49","modified_gmt":"2026-02-03T17:45:49","slug":"ramavtal","status":"publish","type":"page","link":"https:\/\/novare.se\/bemanning\/ramavtal\/","title":{"rendered":"Ramavtal"},"content":{"rendered":"<section id=\"hero-3-block_cb3f4d8bdba42ae0d1d3c456da389200\" class=\"block hero-3  m-b \">\n    <div class=\"hero-3--top-section bg-primary\">\n                    <div class=\"bg-backdrop\">\n                <div class=\"bg-backdrop--inner\"><\/div>\n            <\/div>\n                <div class=\"container\">\n            <div class=\"row\">\n                <div class=\"row__col\">\n                    <div class=\"text-img-wrapper\">\n                        <div class=\"text-col\" >\n                                                                \n                                <div class=\"title-wrapper\" >\n                                    <h1 class=\"h1 text-left\"><strong><i>V\u00e5ra ramavtal<\/i><\/strong><\/h1>                                <\/div>\n                                                            \n                            \n                                                            <div class=\"text-wrapper\" >\n                                    <p>Vi har avtal med \u00f6ver 400 statliga myndigheter runtom i Sverige.<\/p>\n                                <\/div>\n                                                            \n                                                            <div class='btn-wrapper'><div class=\"btn-element\" ><a class=\"btn btn--white\" href=\"https:\/\/novare.se\/bemanning\/kontakta-oss\/\"target=\"_self\">Kontakta oss<\/a><\/div><\/div>    \n                                                    <\/div>\n\n                                                    <div class=\"1549 HEROTHREEIMG img-col \"   >\n                            <img loading=\"lazy\" decoding=\"async\" width=\"1024\" height=\"819\" src=\"https:\/\/novare.se\/bemanning\/wp-content\/uploads\/sites\/7\/2024\/06\/Novare_sma14_webb-1024x819.jpg\" class=\"attachment-large size-large\" alt=\"Man pratar med kvinna, sitter i gr\u00f6nskande kontorsmilj\u00f6.\" srcset=\"https:\/\/novare.se\/bemanning\/wp-content\/uploads\/sites\/7\/2024\/06\/Novare_sma14_webb-1024x819.jpg 1024w, https:\/\/novare.se\/bemanning\/wp-content\/uploads\/sites\/7\/2024\/06\/Novare_sma14_webb-360x288.jpg 360w, https:\/\/novare.se\/bemanning\/wp-content\/uploads\/sites\/7\/2024\/06\/Novare_sma14_webb-768x614.jpg 768w, https:\/\/novare.se\/bemanning\/wp-content\/uploads\/sites\/7\/2024\/06\/Novare_sma14_webb.jpg 1500w\" sizes=\"(max-width: 1024px) 100vw, 1024px\" \/>                                \n                            <\/div>\n                                            <\/div>\n                <\/div>\n            <\/div>\n        <\/div>\n    <\/div>\n            <div class=\"hero-3--bottom-section \"  >\n        <div class=\"breadcrumbs dark-text\">\n\t<div class=\"container\">\n        <div class=\"row\">\n            <div class=\"row__col\">\n                <div class=\"breadcrumbs--inner\">\n                    <ul>\n                                                                                <li>\n                                <a href=\"https:\/\/novare.se\/\" class=\"alt\">\n                                    Novare                                <\/a>\n                            <\/li>\n                            \n\t\t\t                                        <li>\n                                <a href=\"https:\/\/novare.se\/bemanning\/\" class=\"alt\">\n                                                                            Novare Bemanning                                                                    <\/a>\n                            <\/li>\n\t\t\t                                    <li><span class=\"alt\">Ramavtal<\/span><\/li>\n                    <\/ul>\n                <\/div>\n            <\/div>\n        <\/div>\n\t<\/div>\n<\/div>        <\/div>\n    \n    <\/section>\n\n\n<section id=\"one-column-text-block-block_c96fc8d54b0363acd823177bd74173e4\" class=\"block one-column-text-block  m-b bg-default\">\n    <div class=\"container\">\n        <div class=\"row row--middle\">\n                            <div class=\"row__col row__col--lg-8\">\n                    <div class=\"title-wrapper\" data-aos-anchor='#one-column-text-block-block_c96fc8d54b0363acd823177bd74173e4'data-aos='fade-up'data-aos-easing='ease-in-out-sine'data-aos-duration='500'data-aos-delay='0'data-aos-once='true'data-aos-offset='250' >\n                        <h3 class=\"h4 m-0 text-left\">Vi levererar kompetens till <strong><i>Sveriges offentliga sektor<\/i><\/strong><\/h3>                    <\/div>\n                <\/div>\n                            \n                            <div class=\"row__col row__col--lg-8\" data-aos-anchor='#one-column-text-block-block_c96fc8d54b0363acd823177bd74173e4'data-aos='fade-up'data-aos-easing='ease-in-out-sine'data-aos-duration='500'data-aos-delay='250'data-aos-once='true'data-aos-offset='250'>\n                    <p class=\"preamble m-0\">Vi \u00e4r en upphandlad leverant\u00f6r inom Kammarkollegiets och Sinfras ramavtal och hj\u00e4lper myndigheter \u00f6ver hela landet att snabbt hitta r\u00e4tt kompetens f\u00f6r tillf\u00e4lliga och l\u00e4ngre uppdrag.<\/p>                <\/div>\n            \n                            <div class=\"row__col row__col--lg-8\" data-aos-anchor='#one-column-text-block-block_c96fc8d54b0363acd823177bd74173e4'data-aos='fade-up'data-aos-easing='ease-in-out-sine'data-aos-duration='500'data-aos-delay='250'data-aos-once='true'data-aos-offset='250'>\n                    <div class=\"text-wrapper editor-content\">\n                        <h4><\/h4>\n<h5>Kammarkollegiet<\/h5>\n<h6><\/h6>\n<p>Vi \u00e4r en stolt och godk\u00e4nd leverant\u00f6r av det statliga ramavtalet i Sverige. Det betyder att vi dagligen hj\u00e4lper myndigheter med att hitta r\u00e4tt kandidater till deras tillf\u00e4lliga tj\u00e4nster, p\u00e5 kort tid. V\u00e5rt unika arbetss\u00e4tt inneb\u00e4r att vi kan attrahera kandidater som stannar l\u00e4ngre i sina uppdrag \u2013 tack vare v\u00e5rt fokus inom personlig utveckling.<\/p>\n<p>&nbsp;<\/p>\n<p>Vi hj\u00e4lper myndigheter att f\u00e5 in personal under arbetstoppar, vikariat, sjukskrivningar eller organisationsf\u00f6r\u00e4ndringar, p\u00e5 ett enkelt och smidigt s\u00e4tt. Vi \u00e4r experter p\u00e5 bemanning inom den statliga sektorn och ser alltid till att bidra med stort kunskapsutbyte till v\u00e5ra myndigheter runtom i Sverige. Vi g\u00f6r det l\u00e4tt att g\u00f6ra r\u00e4tt!<\/p>\n<p>&nbsp;<\/p>\n<p>\u00c4r du en avropsber\u00e4ttigad myndighet p\u00e5 Kammarkollegiets ramavtal, tveka inte att n\u00e5 ut till oss leverant\u00f6rer n\u00e4r ni \u00e4r i behov av f\u00f6rst\u00e4rkning eller r\u00e5dgivning.<\/p>\n<p>&nbsp;<\/p>\n<h6>V\u00e4gledning f\u00f6r dig som myndighet<\/h6>\n<p><strong>Vi levererar konsulter till tj\u00e4nster enligt nedan p\u00e5 ramavtalet:<\/strong><\/p>\n<p>Administrat\u00f6r<br \/>\nArkivarie<br \/>\nController<br \/>\nEkonomiassistent<br \/>\nHandl\u00e4ggare<br \/>\nInk\u00f6pare<br \/>\nInternservice<br \/>\nJurist<br \/>\nKommunikat\u00f6r<br \/>\nL\u00f6neadministrat\u00f6r<br \/>\nPersonaladministrat\u00f6r<br \/>\nProjektledare<br \/>\nReceptionist \/ V\u00e4xeltelefonist<br \/>\nRedovisningsekonom<br \/>\nRegistrator<br \/>\nUpphandlare<br \/>\nInterimschef<\/p>\n<p>&nbsp;<\/p>\n<h6>Val av avrop<\/h6>\n<ul>\n<li>Rangordnat avrop<\/li>\n<\/ul>\n<p>Ett rangordnat avrop kan ni som myndighet g\u00f6ra n\u00e4r ni har behov av att hyra in konsulter inom ramen f\u00f6r kontorstj\u00e4nster upp till 800 timmar.<\/p>\n<p>&nbsp;<\/p>\n<ul>\n<li>F\u00f6rnyad konkurrensuts\u00e4ttning (FKU)<\/li>\n<\/ul>\n<p>En FKU kan ni som myndighet g\u00f6ra n\u00e4r ni \u00e4r i behov av att hyra in konsulter inom ramen f\u00f6r kontorstj\u00e4nster \u00f6verstigande 800 timmar eller n\u00e4r ni vill l\u00e4gga till specifika krav f\u00f6r konsulten, med ramavtalet som grund.<\/p>\n<p>&nbsp;<\/p>\n<ul>\n<li>RFI \u2013 N\u00e4r ni som myndighet beh\u00f6ver hj\u00e4lp inf\u00f6r ett avrop?<\/li>\n<\/ul>\n<p>\u00c4r du som best\u00e4llare os\u00e4ker p\u00e5 hur kandidatmarknaden ser ut i dagsl\u00e4get eller beh\u00f6ver du f\u00e5 tips p\u00e5 hur du attraherar r\u00e4tt m\u00e5lgrupp utifr\u00e5n myndighetens kravprofil f\u00f6r tj\u00e4nsten? D\u00e5 hj\u00e4lper vi mer \u00e4n g\u00e4rna till med att besvara er RFI (Request for information). Detta \u00e4r en bra m\u00f6jlighet f\u00f6r er som myndighet att analysera marknaden innan ett avrop skickas ut.<\/p>\n<p><a href=\"https:\/\/www.upphandlingsmyndigheten.se\/inkopsprocessen\/forbered-upphandling\/tidig-dialog\/request-for-information-rfi-och-extern-remiss\/\">Du kan l\u00e4sa mer om RFI:er p\u00e5 upphandlingsmyndighetens hemsida &gt;&gt;<\/a><\/p>\n<p>&nbsp;<\/p>\n<h4><\/h4>\n<h5>Sinfra<\/h5>\n<p>Ramavtalen finns sedan tillg\u00e4ngliga f\u00f6r Sinfras medlemmar att avropa fr\u00e5n. Novare Bemanning \u00e4r en upphandlad ramavtalspartner till Sinfra med fokus p\u00e5 bemannings- och interimskonsulter.<\/p>\n<p>&nbsp;<\/p>\n<p><strong>Vi levererar bemannings och interimskonsulter inom nedan omr\u00e5den:<\/strong><\/p>\n<p>Administration<\/p>\n<p>Ekonomi<\/p>\n<p>Fastighet och Internservice<\/p>\n<p>HR<\/p>\n<p>IT<\/p>\n<p>Kommunikation<\/p>\n<p>Support<\/p>\n<p>Receptionist och kundtj\u00e4nstmedarbetare<\/p>\n<p>Tekniker<\/p>\n<p>Interimschef<\/p>\n<p>Specialist<\/p>\n<p>&nbsp;<\/p>\n<p>F\u00f6r mer information, bes\u00f6k Sinfras hemsida:<\/p>\n<p><a style=\"background-color: #ffffff;\" href=\"https:\/\/sinfra.se\/\">www.sinfra.se<\/a><\/p>\n<p>&nbsp;<\/p>\n                    <\/div>\n                <\/div>\n                            \n            \n                    <\/div>\n    <\/div>\n<\/section>\n\n<section id=\"contact-persons-block_9a5a6be8f96243a0a4051aebe60a8b6e\" class=\"block contact-persons  m-b\">\n    <div class=\"container\">\n        <div class=\"row\">\n            <div class=\"row__col row__col--lg-12\">\n                <div class=\"contact-persons--wrapper bg-off-white\">\n                    <div class=\"contact-persons--wrapper--content\" >\n                                                    <div class=\"header-wrapper\" >\n                                <h3 class=\"h3 text-left\"><strong><i>Vill du veta mer?<\/i><\/strong><\/h3>                            <\/div>\n                        \n                                                    <div class=\"text-wrapper\">\n                                <h3>H\u00f6r av dig!<\/h3>\n                            <\/div>\n                        \n                                                                                                <\/div>\n                    <div class=\"contact-persons--wrapper--people\">\n                                                                                    <div class=\"contact-person\" data-aos-anchor='#contact-persons-block_9a5a6be8f96243a0a4051aebe60a8b6e'data-aos='fade-right'data-aos-easing='ease-in-out-sine'data-aos-duration='500'data-aos-delay='0'data-aos-once='true'data-aos-offset='250' >\n                                    <div class=\"contact-person--image\">\n                                        <img loading=\"lazy\" decoding=\"async\" width=\"360\" height=\"258\" src=\"https:\/\/novare.se\/bemanning\/wp-content\/uploads\/sites\/7\/2024\/04\/Martin_Hellberg_Tiny-360x258.jpg\" class=\"attachment-medium size-medium\" alt=\"Man ler kl\u00e4dd i kostym mot gr\u00e5 bakgrund.\" srcset=\"https:\/\/novare.se\/bemanning\/wp-content\/uploads\/sites\/7\/2024\/04\/Martin_Hellberg_Tiny-360x258.jpg 360w, https:\/\/novare.se\/bemanning\/wp-content\/uploads\/sites\/7\/2024\/04\/Martin_Hellberg_Tiny.jpg 670w\" sizes=\"(max-width: 360px) 100vw, 360px\" \/>                                    <\/div>\n                                    <div class=\"contact-person--details\">\n                                        <div class=\"name-wrapper\">\n                                            <a href=\"https:\/\/novare.se\/bemanning\/medarbetare\/martin-hellberg\/\">Martin  Hellberg<\/a>\n                                        <\/div>\n                                        <div class=\"title-wrapper\">\n                                            <p>Vd och grundare<\/p>\n                                        <\/div>\n                                        <div class=\"email-wrapper\">\n                                            <a href=\"mailto:martin.hellberg@novare.se\">martin.hellberg@novare.se<\/a>\n                                        <\/div>\n                                        <div class=\"phone-wrapper\">\n                                            <a href=\"tel:+46707640292\">+46 707 64 02 92<\/a>\n                                        <\/div>\n                                    <\/div>\n                                <\/div>\n                                                    <\/div>\n                <\/div>\n            <\/div>\n        <\/div>\n    <\/div>\n<\/section>\n\n\n<section id=\"faq-block-block_7ac3bd914116162369f356d0a3e75539\" class=\"block faq-block  m-b bg-default\">\n    <div class=\"container\">\n        <div class=\"row\">\n            <div class=\"row__col row__col--lg-6\" data-aos-anchor='#faq-block-block_7ac3bd914116162369f356d0a3e75539'data-aos='fade-up'data-aos-easing='ease-in-out-sine'data-aos-duration='500'data-aos-delay='0'data-aos-once='true'data-aos-offset='250' >\n                <img loading=\"lazy\" decoding=\"async\" width=\"1024\" height=\"945\" src=\"https:\/\/novare.se\/bemanning\/wp-content\/uploads\/sites\/7\/2024\/06\/Novare_sma17_webb-1024x945.jpg\" class=\"media-item\" alt=\"Tv\u00e5 personer sitter och pratar p\u00e5 soffa, inomhusmilj\u00f6.\" srcset=\"https:\/\/novare.se\/bemanning\/wp-content\/uploads\/sites\/7\/2024\/06\/Novare_sma17_webb-1024x945.jpg 1024w, https:\/\/novare.se\/bemanning\/wp-content\/uploads\/sites\/7\/2024\/06\/Novare_sma17_webb-360x332.jpg 360w, https:\/\/novare.se\/bemanning\/wp-content\/uploads\/sites\/7\/2024\/06\/Novare_sma17_webb-768x709.jpg 768w, https:\/\/novare.se\/bemanning\/wp-content\/uploads\/sites\/7\/2024\/06\/Novare_sma17_webb.jpg 1300w\" sizes=\"(max-width: 1024px) 100vw, 1024px\" \/>            <\/div>\n            \n            <div class=\"row__col row__col--lg-6\">\n                                    <div class=\"title-wrapper text-medium\" data-aos-anchor='#faq-block-block_7ac3bd914116162369f356d0a3e75539'data-aos='fade-up'data-aos-easing='ease-in-out-sine'data-aos-duration='500'data-aos-delay='300'data-aos-once='true'data-aos-offset='250' >\n                        <h2 class=\"h3 text-left\">Vanliga fr\u00e5gor om <i><strong>ramavtal<\/i><\/strong><\/h2>                    <\/div>\n                                                    \n                                    <div class=\"accordion\">\n                                                    <div class=\"accordion-item\" data-aos-anchor='#faq-block-block_7ac3bd914116162369f356d0a3e75539'data-aos='fade-right'data-aos-easing='ease-in-out-sine'data-aos-duration='500'data-aos-delay='1000'data-aos-once='true'data-aos-offset='250' >\n                                <div class=\"accordion-header\">\n                                    <span class=\"question\">Hur anv\u00e4nds v\u00e5ra ramavtal i praktiken vid ett nytt uppdrag?<\/span>\n                                    <i class=\"fa fa-plus\"><\/i><i class=\"fa fa-minus hidden\"><\/i>\n                                <\/div>\n                                <div class=\"accordion-content\" style=\"display: none;\">\n                                    <span class=\"separator\"><\/span>\n                                    N\u00e4r ett behov uppst\u00e5r aktiveras ramavtalet direkt, vilket g\u00f6r att uppdraget kan starta utan ny upphandling och med tydliga ramar f\u00f6r omfattning, roller och leverans.                                <\/div>\n                            <\/div>\n                                                        <div class=\"accordion-item\" data-aos-anchor='#faq-block-block_7ac3bd914116162369f356d0a3e75539'data-aos='fade-right'data-aos-easing='ease-in-out-sine'data-aos-duration='500'data-aos-delay='1250'data-aos-once='true'data-aos-offset='250' >\n                                <div class=\"accordion-header\">\n                                    <span class=\"question\">Vilka typer av uppdrag kan genomf\u00f6ras inom ramen f\u00f6r avtalen?<\/span>\n                                    <i class=\"fa fa-plus\"><\/i><i class=\"fa fa-minus hidden\"><\/i>\n                                <\/div>\n                                <div class=\"accordion-content\" style=\"display: none;\">\n                                    <span class=\"separator\"><\/span>\n                                    Ramavtalen omfattar flera typer av uppdrag, exempelvis chefsrekrytering, specialistrekrytering, executive search och second opinion, beroende p\u00e5 avtalets utformning.                                <\/div>\n                            <\/div>\n                                                        <div class=\"accordion-item\" data-aos-anchor='#faq-block-block_7ac3bd914116162369f356d0a3e75539'data-aos='fade-right'data-aos-easing='ease-in-out-sine'data-aos-duration='500'data-aos-delay='1500'data-aos-once='true'data-aos-offset='250' >\n                                <div class=\"accordion-header\">\n                                    <span class=\"question\">Hur s\u00e4kerst\u00e4ller vi kvalitet och leverans inom ramavtalen?<\/span>\n                                    <i class=\"fa fa-plus\"><\/i><i class=\"fa fa-minus hidden\"><\/i>\n                                <\/div>\n                                <div class=\"accordion-content\" style=\"display: none;\">\n                                    <span class=\"separator\"><\/span>\n                                    Vi arbetar enligt fastst\u00e4llda processer, uppf\u00f6ljning mot avtalade krav samt kontinuerlig dialog med uppdragsgivaren under hela uppdragets g\u00e5ng.                                <\/div>\n                            <\/div>\n                                                        <div class=\"accordion-item\" data-aos-anchor='#faq-block-block_7ac3bd914116162369f356d0a3e75539'data-aos='fade-right'data-aos-easing='ease-in-out-sine'data-aos-duration='500'data-aos-delay='1750'data-aos-once='true'data-aos-offset='250' >\n                                <div class=\"accordion-header\">\n                                    <span class=\"question\">Hur g\u00e5r avrop till n\u00e4r en organisation vill anlita oss via ramavtal?<\/span>\n                                    <i class=\"fa fa-plus\"><\/i><i class=\"fa fa-minus hidden\"><\/i>\n                                <\/div>\n                                <div class=\"accordion-content\" style=\"display: none;\">\n                                    <span class=\"separator\"><\/span>\n                                    Avrop sker enligt de rutiner som \u00e4r definierade i respektive ramavtal, ofta genom direkt kontakt, rangordning eller f\u00f6rnyad konkurrensuts\u00e4ttning.                                <\/div>\n                            <\/div>\n                                                        <div class=\"accordion-item\" data-aos-anchor='#faq-block-block_7ac3bd914116162369f356d0a3e75539'data-aos='fade-right'data-aos-easing='ease-in-out-sine'data-aos-duration='500'data-aos-delay='2000'data-aos-once='true'data-aos-offset='250' >\n                                <div class=\"accordion-header\">\n                                    <span class=\"question\">Hur h\u00e5lls samarbetet levande under p\u00e5g\u00e5ende ramavtalsperiod?<\/span>\n                                    <i class=\"fa fa-plus\"><\/i><i class=\"fa fa-minus hidden\"><\/i>\n                                <\/div>\n                                <div class=\"accordion-content\" style=\"display: none;\">\n                                    <span class=\"separator\"><\/span>\n                                    Genom regelbundna avst\u00e4mningar, uppf\u00f6ljning av genomf\u00f6rda uppdrag och dialog om framtida behov s\u00e4kerst\u00e4ller vi ett l\u00e5ngsiktigt och effektivt samarbete.                                <\/div>\n                            <\/div>\n                                                <\/div>\n                            <\/div>\n        <\/div>\n    <\/div>\n<\/section>\n","protected":false},"excerpt":{"rendered":"","protected":false},"author":4,"featured_media":0,"parent":0,"menu_order":0,"comment_status":"closed","ping_status":"closed","template":"","meta":{"_acf_changed":false,"_seopress_robots_primary_cat":"","_seopress_titles_title":"Ramavtal f\u00f6r myndigheter med Novare Bemanning - novare.se","_seopress_titles_desc":"Novare Bemanning \u00e4r en godk\u00e4nd leverant\u00f6r av statliga ramavtal, specialiserad p\u00e5 att snabbt hitta r\u00e4tt kandidater f\u00f6r myndigheter i Sverige.","_seopress_robots_index":"","inline_featured_image":false,"footnotes":""},"class_list":["post-1242","page","type-page","status-publish","hentry"],"acf":[],"_links":{"self":[{"href":"https:\/\/novare.se\/bemanning\/wp-json\/wp\/v2\/pages\/1242","targetHints":{"allow":["GET"]}}],"collection":[{"href":"https:\/\/novare.se\/bemanning\/wp-json\/wp\/v2\/pages"}],"about":[{"href":"https:\/\/novare.se\/bemanning\/wp-json\/wp\/v2\/types\/page"}],"author":[{"embeddable":true,"href":"https:\/\/novare.se\/bemanning\/wp-json\/wp\/v2\/users\/4"}],"replies":[{"embeddable":true,"href":"https:\/\/novare.se\/bemanning\/wp-json\/wp\/v2\/comments?post=1242"}],"version-history":[{"count":26,"href":"https:\/\/novare.se\/bemanning\/wp-json\/wp\/v2\/pages\/1242\/revisions"}],"predecessor-version":[{"id":2732,"href":"https:\/\/novare.se\/bemanning\/wp-json\/wp\/v2\/pages\/1242\/revisions\/2732"}],"wp:attachment":[{"href":"https:\/\/novare.se\/bemanning\/wp-json\/wp\/v2\/media?parent=1242"}],"curies":[{"name":"wp","href":"https:\/\/api.w.org\/{rel}","templated":true}]}}