{"id":1239,"date":"2024-05-27T11:19:12","date_gmt":"2024-05-27T11:19:12","guid":{"rendered":"https:\/\/novare.se\/bemanning\/?page_id=1239"},"modified":"2026-02-02T20:27:17","modified_gmt":"2026-02-02T20:27:17","slug":"kundservice-och-office-support","status":"publish","type":"page","link":"https:\/\/novare.se\/bemanning\/kundservice-och-office-support\/","title":{"rendered":"Kundservice och office-support"},"content":{"rendered":"<section id=\"hero-3-block_1c07a2bf3cc25bc0b9b15355f3142845\" class=\"block hero-3  m-b \">\n    <div class=\"hero-3--top-section bg-primary\">\n                    <div class=\"bg-backdrop\">\n                <div class=\"bg-backdrop--inner\"><\/div>\n            <\/div>\n                <div class=\"container\">\n            <div class=\"row\">\n                <div class=\"row__col\">\n                    <div class=\"text-img-wrapper\">\n                        <div class=\"text-col\" >\n                                                                \n                                <div class=\"title-wrapper\" >\n                                    <h1 class=\"h2 text-left\"><strong><i>Kundservice och office-support<\/i><\/strong><\/h1>                                <\/div>\n                                                            \n                            \n                                                            <div class=\"text-wrapper\" >\n                                    <p>Vi erbjuder bemannings- och konsultl\u00f6sningar inom kundservice och office-support &#8211; med fokus p\u00e5 kvalitet, engagemang och l\u00e5ngsiktiga resultat.<\/p>\n                                <\/div>\n                                                            \n                                                            <div class='btn-wrapper'><div class=\"btn-element\" ><a class=\"btn btn--white\" href=\"https:\/\/novare.se\/bemanning\/kontakta-oss\/\"target=\"_self\">Kontakta oss<\/a><\/div><\/div>    \n                                                    <\/div>\n\n                                                    <div class=\"1543 HEROTHREEIMG img-col \"   >\n                            <img loading=\"lazy\" decoding=\"async\" width=\"1024\" height=\"945\" src=\"https:\/\/novare.se\/bemanning\/wp-content\/uploads\/sites\/7\/2024\/06\/Novare_sma23_webb-1024x945.jpg\" class=\"attachment-large size-large\" alt=\"Tv\u00e5 personer samtalar p\u00e5 balkong, man h\u00e5ller kaffekopp.\" srcset=\"https:\/\/novare.se\/bemanning\/wp-content\/uploads\/sites\/7\/2024\/06\/Novare_sma23_webb-1024x945.jpg 1024w, https:\/\/novare.se\/bemanning\/wp-content\/uploads\/sites\/7\/2024\/06\/Novare_sma23_webb-360x332.jpg 360w, https:\/\/novare.se\/bemanning\/wp-content\/uploads\/sites\/7\/2024\/06\/Novare_sma23_webb-768x709.jpg 768w, https:\/\/novare.se\/bemanning\/wp-content\/uploads\/sites\/7\/2024\/06\/Novare_sma23_webb.jpg 1300w\" sizes=\"(max-width: 1024px) 100vw, 1024px\" \/>                                \n                            <\/div>\n                                            <\/div>\n                <\/div>\n            <\/div>\n        <\/div>\n    <\/div>\n            <div class=\"hero-3--bottom-section \"  >\n        <div class=\"breadcrumbs dark-text\">\n\t<div class=\"container\">\n        <div class=\"row\">\n            <div class=\"row__col\">\n                <div class=\"breadcrumbs--inner\">\n                    <ul>\n                                                                                <li>\n                                <a href=\"https:\/\/novare.se\/\" class=\"alt\">\n                                    Novare                                <\/a>\n                            <\/li>\n                            \n\t\t\t                                        <li>\n                                <a href=\"https:\/\/novare.se\/bemanning\/\" class=\"alt\">\n                                                                            Novare Bemanning                                                                    <\/a>\n                            <\/li>\n\t\t\t                                    <li><span class=\"alt\">Kundservice och office-support<\/span><\/li>\n                    <\/ul>\n                <\/div>\n            <\/div>\n        <\/div>\n\t<\/div>\n<\/div>        <\/div>\n    \n    <\/section>\n\n\n<section id=\"one-column-text-block-block_8295b509155a46e5e9622167eb9ea3ae\" class=\"block one-column-text-block  m-b bg-default\">\n    <div class=\"container\">\n        <div class=\"row row--middle\">\n                            <div class=\"row__col row__col--lg-8\">\n                    <div class=\"title-wrapper\" data-aos-anchor='#one-column-text-block-block_8295b509155a46e5e9622167eb9ea3ae'data-aos='fade-up'data-aos-easing='ease-in-out-sine'data-aos-duration='500'data-aos-delay='0'data-aos-once='true'data-aos-offset='250' >\n                        <h3 class=\"h4 m-0 text-left\">Ett erbjudande som st\u00e4rker <strong><i>din verksamhet<\/i><\/strong><\/h3>                    <\/div>\n                <\/div>\n                            \n                            <div class=\"row__col row__col--lg-8\" data-aos-anchor='#one-column-text-block-block_8295b509155a46e5e9622167eb9ea3ae'data-aos='fade-up'data-aos-easing='ease-in-out-sine'data-aos-duration='500'data-aos-delay='250'data-aos-once='true'data-aos-offset='250'>\n                    <p class=\"preamble m-0\">Ut\u00f6ver v\u00e5rt erbjudande inom offentlig sektor, erbjuder vi ocks\u00e5 hj\u00e4lp inom kundservice och office-support till b\u00e5de den offentliga och privata sektorn. <br \/>\r\n<\/p>                <\/div>\n            \n                            <div class=\"row__col row__col--lg-8\" data-aos-anchor='#one-column-text-block-block_8295b509155a46e5e9622167eb9ea3ae'data-aos='fade-up'data-aos-easing='ease-in-out-sine'data-aos-duration='500'data-aos-delay='250'data-aos-once='true'data-aos-offset='250'>\n                    <div class=\"text-wrapper editor-content\">\n                        <p>Med hj\u00e4lp av v\u00e5rt unika arbetss\u00e4tt har vi skapat ett starkt erbjudande som beh\u00f6vs och saknas i branschen idag. Vi har utg\u00e5tt ifr\u00e5n tre huvudinitiativ n\u00e4r vi skapat v\u00e5rt erbjudande till dig som kund.<\/p>\n<p>&nbsp;<\/p>\n<p><strong>I samarbete med oss f\u00e5r du:<\/strong><\/p>\n<p>&nbsp;<\/p>\n<ul>\n<li>Starkare kandidater<br \/>\nVi kan attrahera fler starka kandidater genom v\u00e5rt unika erbjudande med personlig utveckling i spetsen.<\/li>\n<li>Konsulter som stannar l\u00e4ngre<br \/>\nTack vare v\u00e5rt arbetss\u00e4tt och n\u00e4ra samarbete stannar de l\u00e4nge i sina uppdrag.<\/li>\n<li>B\u00e4ttre resultat f\u00f6r dig som best\u00e4llare<br \/>\nV\u00e5ra konsulter g\u00f6r kunderna mer framg\u00e5ngsrika genom bland annat den personliga utveckling som de erbjuds.<\/li>\n<\/ul>\n<p>&nbsp;<\/p>\n                    <\/div>\n                <\/div>\n                            \n            \n                    <\/div>\n    <\/div>\n<\/section>\n\n<section id=\"image-video-text-block_839518dc15929aa6150aae628e228a39\" class=\"block image-video-text  m-b bg-default\">\n    <div class=\"container\">\n        <div class=\"row image-left\">\n            <div class=\"row__col row__col--md-6 media-item\">\n                                    <div class=\"image-wrapper\"  >\n                        <img loading=\"lazy\" decoding=\"async\" width=\"831\" height=\"1024\" src=\"https:\/\/novare.se\/bemanning\/wp-content\/uploads\/sites\/7\/2025\/10\/konsult_1380x1700-831x1024.jpg\" class=\"media-item\" alt=\"\" srcset=\"https:\/\/novare.se\/bemanning\/wp-content\/uploads\/sites\/7\/2025\/10\/konsult_1380x1700-831x1024.jpg 831w, https:\/\/novare.se\/bemanning\/wp-content\/uploads\/sites\/7\/2025\/10\/konsult_1380x1700-292x360.jpg 292w, https:\/\/novare.se\/bemanning\/wp-content\/uploads\/sites\/7\/2025\/10\/konsult_1380x1700-768x946.jpg 768w, https:\/\/novare.se\/bemanning\/wp-content\/uploads\/sites\/7\/2025\/10\/konsult_1380x1700-1247x1536.jpg 1247w, https:\/\/novare.se\/bemanning\/wp-content\/uploads\/sites\/7\/2025\/10\/konsult_1380x1700.jpg 1380w\" sizes=\"(max-width: 831px) 100vw, 831px\" \/>                    <\/div>\n                                            <\/div>\n\n            <div class=\"row__col row__col--md-6 content\"  >\n                                    <div class=\"title-wrapper\" >\n                        <h3 class=\"h3 text-left\">Karri\u00e4r inom <strong><i>kundservice och office-support?<\/i><\/strong><\/h3>                    <\/div>\n                                                                        <div class=\"text-wrapper editor-content\" >\n                    <p>&nbsp;<\/p>\n<p>Vi vill komma i kontakt med dig som vill arbeta inom kundservice och office-support.\u00a0V\u00e5r vision \u00e4r att vara den mest v\u00e4rdeskapande bemanningsakt\u00f6ren inom personlig utveckling. Hos oss v\u00e4xer du b\u00e5de personligt och professionellt.<\/p>\n<p>&nbsp;<\/p>\n<h6>Varf\u00f6r ska du vara konsult hos oss?<\/h6>\n<p>Hos oss erbjuds du personlig utveckling p\u00e5 en ny niv\u00e5 inom bemanningsbranschen. Du kommer ha ett n\u00e4ra samarbete med din konsultchef som hj\u00e4lper dig att marknadsf\u00f6ra din profil och som erbjuder dig intervjutr\u00e4ning samt karri\u00e4rsamtal.<\/p>\n<p>Vi har ett stort urval av uppdrag d\u00e5 vi arbetar med ca 400 statliga myndigheter runtom i Sverige och har sp\u00e4nnande samarbeten med privata bolag.<\/p>\n                    <\/div>\n                                                                                        <div class=\"btn-wrapper\" >\n                    <div class=\"btn-element\" ><a class=\"btn btn--primary\" href=\"https:\/\/pnty-apply.ponty-system.se\/novarebemanning?id=171\"target=\"_self\">Skicka en spontanans\u00f6kan<\/a><\/div>                    <\/div>\n                                                <\/div>\n        <\/div>\n    <\/div>\n<\/section>\n\n\n<section id=\"contact-persons-block_b652f8cf21ba9f0c10b8c1ee2943c741\" class=\"block contact-persons  m-b\">\n    <div class=\"container\">\n        <div class=\"row\">\n            <div class=\"row__col row__col--lg-12\">\n                <div class=\"contact-persons--wrapper bg-off-white\">\n                    <div class=\"contact-persons--wrapper--content\" >\n                                                    <div class=\"header-wrapper\" >\n                                <h3 class=\"h3 text-left\"><strong><i>Vill du veta mer?<\/i><\/strong><\/h3>                            <\/div>\n                        \n                                                    <div class=\"text-wrapper\">\n                                <h3>H\u00f6r av dig!<\/h3>\n                            <\/div>\n                        \n                                                                                                <\/div>\n                    <div class=\"contact-persons--wrapper--people\">\n                                                                                    <div class=\"contact-person\" data-aos-anchor='#contact-persons-block_b652f8cf21ba9f0c10b8c1ee2943c741'data-aos='fade-right'data-aos-easing='ease-in-out-sine'data-aos-duration='500'data-aos-delay='0'data-aos-once='true'data-aos-offset='250' >\n                                    <div class=\"contact-person--image\">\n                                        <img loading=\"lazy\" decoding=\"async\" width=\"360\" height=\"360\" src=\"https:\/\/novare.se\/bemanning\/wp-content\/uploads\/sites\/7\/2025\/05\/Ramin-360x360.jpg\" class=\"attachment-medium size-medium\" alt=\"Glad kille med svart h\u00e5r och b\u00e4r en vit skjorta och svart kavaj.\" srcset=\"https:\/\/novare.se\/bemanning\/wp-content\/uploads\/sites\/7\/2025\/05\/Ramin-360x360.jpg 360w, https:\/\/novare.se\/bemanning\/wp-content\/uploads\/sites\/7\/2025\/05\/Ramin-1024x1024.jpg 1024w, https:\/\/novare.se\/bemanning\/wp-content\/uploads\/sites\/7\/2025\/05\/Ramin-150x150.jpg 150w, https:\/\/novare.se\/bemanning\/wp-content\/uploads\/sites\/7\/2025\/05\/Ramin-768x768.jpg 768w, https:\/\/novare.se\/bemanning\/wp-content\/uploads\/sites\/7\/2025\/05\/Ramin-1536x1536.jpg 1536w, https:\/\/novare.se\/bemanning\/wp-content\/uploads\/sites\/7\/2025\/05\/Ramin.jpg 2000w\" sizes=\"(max-width: 360px) 100vw, 360px\" \/>                                    <\/div>\n                                    <div class=\"contact-person--details\">\n                                        <div class=\"name-wrapper\">\n                                            <a href=\"https:\/\/novare.se\/bemanning\/medarbetare\/2263\/\">Ramin Ebrahimi<\/a>\n                                        <\/div>\n                                        <div class=\"title-wrapper\">\n                                            <p>HR &amp; consultant manager<\/p>\n                                        <\/div>\n                                        <div class=\"email-wrapper\">\n                                            <a href=\"mailto:ramin.ebrahimi@novare.se\">ramin.ebrahimi@novare.se<\/a>\n                                        <\/div>\n                                        <div class=\"phone-wrapper\">\n                                            <a href=\"tel:+46735230320\">+46 73 523 03 20<\/a>\n                                        <\/div>\n                                    <\/div>\n                                <\/div>\n                                                    <\/div>\n                <\/div>\n            <\/div>\n        <\/div>\n    <\/div>\n<\/section>\n\n\n<section id=\"faq-block-block_4f0914c1c21bcd3d16f27e871af321ad\" class=\"block faq-block  m-b bg-default\">\n    <div class=\"container\">\n        <div class=\"row\">\n            <div class=\"row__col row__col--lg-6\" data-aos-anchor='#faq-block-block_4f0914c1c21bcd3d16f27e871af321ad'data-aos='fade-up'data-aos-easing='ease-in-out-sine'data-aos-duration='500'data-aos-delay='0'data-aos-once='true'data-aos-offset='250' >\n                <img loading=\"lazy\" decoding=\"async\" width=\"1024\" height=\"945\" src=\"https:\/\/novare.se\/bemanning\/wp-content\/uploads\/sites\/7\/2024\/06\/Novare_sma17_webb-1024x945.jpg\" class=\"media-item\" alt=\"Tv\u00e5 personer sitter och pratar p\u00e5 soffa, inomhusmilj\u00f6.\" srcset=\"https:\/\/novare.se\/bemanning\/wp-content\/uploads\/sites\/7\/2024\/06\/Novare_sma17_webb-1024x945.jpg 1024w, https:\/\/novare.se\/bemanning\/wp-content\/uploads\/sites\/7\/2024\/06\/Novare_sma17_webb-360x332.jpg 360w, https:\/\/novare.se\/bemanning\/wp-content\/uploads\/sites\/7\/2024\/06\/Novare_sma17_webb-768x709.jpg 768w, https:\/\/novare.se\/bemanning\/wp-content\/uploads\/sites\/7\/2024\/06\/Novare_sma17_webb.jpg 1300w\" sizes=\"(max-width: 1024px) 100vw, 1024px\" \/>            <\/div>\n            \n            <div class=\"row__col row__col--lg-6\">\n                                    <div class=\"title-wrapper text-medium\" data-aos-anchor='#faq-block-block_4f0914c1c21bcd3d16f27e871af321ad'data-aos='fade-up'data-aos-easing='ease-in-out-sine'data-aos-duration='500'data-aos-delay='300'data-aos-once='true'data-aos-offset='250' >\n                        <h2 class=\"h3 text-left\">Vanliga fr\u00e5gor om <i><strong>kundservice och office support<\/i><\/strong><\/h2>                    <\/div>\n                                                    \n                                    <div class=\"accordion\">\n                                                    <div class=\"accordion-item\" data-aos-anchor='#faq-block-block_4f0914c1c21bcd3d16f27e871af321ad'data-aos='fade-right'data-aos-easing='ease-in-out-sine'data-aos-duration='500'data-aos-delay='1000'data-aos-once='true'data-aos-offset='250' >\n                                <div class=\"accordion-header\">\n                                    <span class=\"question\">Vilka roller inom kundservice och office support kan ni hj\u00e4lpa till med?<\/span>\n                                    <i class=\"fa fa-plus\"><\/i><i class=\"fa fa-minus hidden\"><\/i>\n                                <\/div>\n                                <div class=\"accordion-content\" style=\"display: none;\">\n                                    <span class=\"separator\"><\/span>\n                                    Vi tills\u00e4tter roller inom kundservice och office support som st\u00e4rker den dagliga verksamheten, exempelvis kundtj\u00e4nstmedarbetare, administrat\u00f6rer, receptionister och koordinatorer.                                <\/div>\n                            <\/div>\n                                                        <div class=\"accordion-item\" data-aos-anchor='#faq-block-block_4f0914c1c21bcd3d16f27e871af321ad'data-aos='fade-right'data-aos-easing='ease-in-out-sine'data-aos-duration='500'data-aos-delay='1250'data-aos-once='true'data-aos-offset='250' >\n                                <div class=\"accordion-header\">\n                                    <span class=\"question\">N\u00e4r \u00e4r bemanning inom kundservice och office support r\u00e4tt l\u00f6sning?<\/span>\n                                    <i class=\"fa fa-plus\"><\/i><i class=\"fa fa-minus hidden\"><\/i>\n                                <\/div>\n                                <div class=\"accordion-content\" style=\"display: none;\">\n                                    <span class=\"separator\"><\/span>\n                                    Bemanning \u00e4r ett bra alternativ vid tillf\u00e4lliga toppar, sjukfr\u00e5nvaro, vakanser eller n\u00e4r verksamheten snabbt beh\u00f6ver f\u00f6rst\u00e4rkas med r\u00e4tt kompetens.                                <\/div>\n                            <\/div>\n                                                        <div class=\"accordion-item\" data-aos-anchor='#faq-block-block_4f0914c1c21bcd3d16f27e871af321ad'data-aos='fade-right'data-aos-easing='ease-in-out-sine'data-aos-duration='500'data-aos-delay='1500'data-aos-once='true'data-aos-offset='250' >\n                                <div class=\"accordion-header\">\n                                    <span class=\"question\">Hur s\u00e4kerst\u00e4ller ni r\u00e4tt matchning till uppdraget?<\/span>\n                                    <i class=\"fa fa-plus\"><\/i><i class=\"fa fa-minus hidden\"><\/i>\n                                <\/div>\n                                <div class=\"accordion-content\" style=\"display: none;\">\n                                    <span class=\"separator\"><\/span>\n                                    Vi utg\u00e5r fr\u00e5n verksamhetens behov, kultur och kravprofil och matchar med konsulter som har relevant erfarenhet, servicef\u00f6rm\u00e5ga och r\u00e4tt personliga egenskaper.                                <\/div>\n                            <\/div>\n                                                        <div class=\"accordion-item\" data-aos-anchor='#faq-block-block_4f0914c1c21bcd3d16f27e871af321ad'data-aos='fade-right'data-aos-easing='ease-in-out-sine'data-aos-duration='500'data-aos-delay='1750'data-aos-once='true'data-aos-offset='250' >\n                                <div class=\"accordion-header\">\n                                    <span class=\"question\">Hur snabbt kan ni tills\u00e4tta en konsult inom kundservice eller office support?<\/span>\n                                    <i class=\"fa fa-plus\"><\/i><i class=\"fa fa-minus hidden\"><\/i>\n                                <\/div>\n                                <div class=\"accordion-content\" style=\"display: none;\">\n                                    <span class=\"separator\"><\/span>\n                                    Tack vare ett etablerat n\u00e4tverk kan vi ofta presentera relevanta kandidater snabbt och anpassa l\u00f6sningen efter hur br\u00e5dskande behovet \u00e4r.                                <\/div>\n                            <\/div>\n                                                        <div class=\"accordion-item\" data-aos-anchor='#faq-block-block_4f0914c1c21bcd3d16f27e871af321ad'data-aos='fade-right'data-aos-easing='ease-in-out-sine'data-aos-duration='500'data-aos-delay='2000'data-aos-once='true'data-aos-offset='250' >\n                                <div class=\"accordion-header\">\n                                    <span class=\"question\">Vilket st\u00f6d f\u00e5r kunden under uppdragets g\u00e5ng?<\/span>\n                                    <i class=\"fa fa-plus\"><\/i><i class=\"fa fa-minus hidden\"><\/i>\n                                <\/div>\n                                <div class=\"accordion-content\" style=\"display: none;\">\n                                    <span class=\"separator\"><\/span>\n                                    Vi har l\u00f6pande dialog och uppf\u00f6ljning under hela uppdraget f\u00f6r att s\u00e4kerst\u00e4lla kvalitet, trivsel och att uppdraget utvecklas i takt med verksamhetens behov.                                <\/div>\n                            <\/div>\n                                                <\/div>\n                            <\/div>\n        <\/div>\n    <\/div>\n<\/section>\n","protected":false},"excerpt":{"rendered":"","protected":false},"author":4,"featured_media":0,"parent":0,"menu_order":0,"comment_status":"closed","ping_status":"closed","template":"","meta":{"_acf_changed":false,"_seopress_robots_primary_cat":"","_seopress_titles_title":"Kundservice och supportl\u00f6sningar - novare.se","_seopress_titles_desc":"Kontakta Novare f\u00f6r bemanning och support inom kundservice och office-support. Vi erbjuder personlig utveckling och starka kandidater.","_seopress_robots_index":"","inline_featured_image":false,"footnotes":""},"class_list":["post-1239","page","type-page","status-publish","hentry"],"acf":[],"_links":{"self":[{"href":"https:\/\/novare.se\/bemanning\/wp-json\/wp\/v2\/pages\/1239","targetHints":{"allow":["GET"]}}],"collection":[{"href":"https:\/\/novare.se\/bemanning\/wp-json\/wp\/v2\/pages"}],"about":[{"href":"https:\/\/novare.se\/bemanning\/wp-json\/wp\/v2\/types\/page"}],"author":[{"embeddable":true,"href":"https:\/\/novare.se\/bemanning\/wp-json\/wp\/v2\/users\/4"}],"replies":[{"embeddable":true,"href":"https:\/\/novare.se\/bemanning\/wp-json\/wp\/v2\/comments?post=1239"}],"version-history":[{"count":26,"href":"https:\/\/novare.se\/bemanning\/wp-json\/wp\/v2\/pages\/1239\/revisions"}],"predecessor-version":[{"id":2723,"href":"https:\/\/novare.se\/bemanning\/wp-json\/wp\/v2\/pages\/1239\/revisions\/2723"}],"wp:attachment":[{"href":"https:\/\/novare.se\/bemanning\/wp-json\/wp\/v2\/media?parent=1239"}],"curies":[{"name":"wp","href":"https:\/\/api.w.org\/{rel}","templated":true}]}}