{"id":1058,"date":"2024-04-18T08:55:16","date_gmt":"2024-04-18T08:55:16","guid":{"rendered":"https:\/\/novare.se\/bemanning\/?page_id=1058"},"modified":"2026-02-02T20:23:22","modified_gmt":"2026-02-02T20:23:22","slug":"karriar","status":"publish","type":"page","link":"https:\/\/novare.se\/bemanning\/karriar\/","title":{"rendered":"Konsult"},"content":{"rendered":"<section id=\"hero-3-block_071ea85e2b46d2dfe54d0a2939d669db\" class=\"block hero-3  m-b \">\n    <div class=\"hero-3--top-section bg-primary\">\n                    <div class=\"bg-backdrop\">\n                <div class=\"bg-backdrop--inner\"><\/div>\n            <\/div>\n                <div class=\"container\">\n            <div class=\"row\">\n                <div class=\"row__col\">\n                    <div class=\"text-img-wrapper\">\n                        <div class=\"text-col\" >\n                                                                \n                                <div class=\"title-wrapper\" >\n                                    <h1 class=\"h2 text-left\">Vill du bli <strong><i>konsult? <\/i><\/strong><\/h1>                                <\/div>\n                                                            \n                            \n                                                            <div class=\"text-wrapper\" >\n                                    <p>Konsultrollen ger dig frihet, variation och tillg\u00e5ng till uppdrag hos n\u00e5gra av Sveriges mest intressanta arbetsgivare.<\/p>\n                                <\/div>\n                                                            \n                                                            <div class='btn-wrapper'><div class=\"btn-element\" ><a class=\"btn btn--white\" href=\"https:\/\/pnty-apply.ponty-system.se\/novarebemanning?id=171\"target=\"_self\">Skicka spontanans\u00f6kan<\/a><\/div><\/div>    \n                                                    <\/div>\n\n                                                    <div class=\"1549 HEROTHREEIMG img-col \"   >\n                            <img loading=\"lazy\" decoding=\"async\" width=\"1024\" height=\"819\" src=\"https:\/\/novare.se\/bemanning\/wp-content\/uploads\/sites\/7\/2024\/06\/Novare_sma14_webb-1024x819.jpg\" class=\"attachment-large size-large\" alt=\"Man pratar med kvinna, sitter i gr\u00f6nskande kontorsmilj\u00f6.\" srcset=\"https:\/\/novare.se\/bemanning\/wp-content\/uploads\/sites\/7\/2024\/06\/Novare_sma14_webb-1024x819.jpg 1024w, https:\/\/novare.se\/bemanning\/wp-content\/uploads\/sites\/7\/2024\/06\/Novare_sma14_webb-360x288.jpg 360w, https:\/\/novare.se\/bemanning\/wp-content\/uploads\/sites\/7\/2024\/06\/Novare_sma14_webb-768x614.jpg 768w, https:\/\/novare.se\/bemanning\/wp-content\/uploads\/sites\/7\/2024\/06\/Novare_sma14_webb.jpg 1500w\" sizes=\"(max-width: 1024px) 100vw, 1024px\" \/>                                \n                            <\/div>\n                                            <\/div>\n                <\/div>\n            <\/div>\n        <\/div>\n    <\/div>\n            <div class=\"hero-3--bottom-section \"  >\n        <div class=\"breadcrumbs dark-text\">\n\t<div class=\"container\">\n        <div class=\"row\">\n            <div class=\"row__col\">\n                <div class=\"breadcrumbs--inner\">\n                    <ul>\n                                                                                <li>\n                                <a href=\"https:\/\/novare.se\/\" class=\"alt\">\n                                    Novare                                <\/a>\n                            <\/li>\n                            \n\t\t\t                                        <li>\n                                <a href=\"https:\/\/novare.se\/bemanning\/\" class=\"alt\">\n                                                                            Novare Bemanning                                                                    <\/a>\n                            <\/li>\n\t\t\t                                    <li><span class=\"alt\">Konsult<\/span><\/li>\n                    <\/ul>\n                <\/div>\n            <\/div>\n        <\/div>\n\t<\/div>\n<\/div>        <\/div>\n    \n    <\/section>\n\n\n<section id=\"one-column-text-block-block_f0d3c21a763239237c039eae420f592e\" class=\"block one-column-text-block  m-b bg-default\">\n    <div class=\"container\">\n        <div class=\"row row--middle\">\n                            <div class=\"row__col row__col--lg-8\">\n                    <div class=\"title-wrapper\" data-aos-anchor='#one-column-text-block-block_f0d3c21a763239237c039eae420f592e'data-aos='fade-up'data-aos-easing='ease-in-out-sine'data-aos-duration='500'data-aos-delay='0'data-aos-once='true'data-aos-offset='250' >\n                        <h3 class=\"h4 m-0 text-left\">\u00c4r du intresserad av en karri\u00e4r inom <strong><i>offentlig sektor?<\/i><\/strong><\/h3>                    <\/div>\n                <\/div>\n                            \n                            <div class=\"row__col row__col--lg-8\" data-aos-anchor='#one-column-text-block-block_f0d3c21a763239237c039eae420f592e'data-aos='fade-up'data-aos-easing='ease-in-out-sine'data-aos-duration='500'data-aos-delay='250'data-aos-once='true'data-aos-offset='250'>\n                    <p class=\"preamble m-0\">Att arbeta som konsult inom offentlig sektor ger dig m\u00f6jlighet att bidra till samh\u00e4llsutvecklingen samtidigt som du utvecklar din egen kompetens. Genom oss p\u00e5 Novare Bemanning f\u00e5r du tillg\u00e5ng till uppdrag hos n\u00e5gra av Sveriges mest betydelsefulla myndigheter och organisationer.<\/p>                <\/div>\n            \n                            <div class=\"row__col row__col--lg-8\" data-aos-anchor='#one-column-text-block-block_f0d3c21a763239237c039eae420f592e'data-aos='fade-up'data-aos-easing='ease-in-out-sine'data-aos-duration='500'data-aos-delay='250'data-aos-once='true'data-aos-offset='250'>\n                    <div class=\"text-wrapper editor-content\">\n                        <p>Idag ser vi en tydlig trend p\u00e5 att erfarenhet fr\u00e5n statlig myndighet och den offentliga sektorn \u00e4r extremt meriterande. M\u00e5nga myndigheter ligger i framkant n\u00e4r det kommer till str\u00e4van mot ett mer inkluderande och h\u00e5llbart arbetss\u00e4tt.<\/p>\n<p>&nbsp;<\/p>\n<p>Vi har uppdragen f\u00f6r dig!<\/p>\n<p>Vi har avtal med \u00f6ver 400 statliga myndigheter runtom i Sverige.\u00a0Detta kan inneb\u00e4ra uppdrag som:<\/p>\n<ul>\n<li>Kommunikat\u00f6r<\/li>\n<li>Administrat\u00f6r<\/li>\n<li>Receptionist<\/li>\n<li>Handl\u00e4ggare<\/li>\n<li>Ink\u00f6pare eller upphandlare<\/li>\n<\/ul>\n<p>Vi \u00e4r experter p\u00e5 offentlig sektor och hur du matchar din profil mot ditt n\u00e4sta statliga uppdrag. V\u00e5r kunskap om starka anbud kommer till stor nytta g\u00e4llande b\u00e5de formalia och uppbyggnad av din presentation av dig sj\u00e4lv, allt f\u00f6r att du inte ska missa chansen till n\u00e4sta sp\u00e4nnande uppdrag. Sj\u00e4lvklart arbetar vi \u00e4ven aktivt med marknadsf\u00f6ring av din profil inom hela Novaregruppen och str\u00e4var efter att matcha dina \u00f6nskem\u00e5l.<\/p>\n                    <\/div>\n                <\/div>\n                            \n            \n                    <\/div>\n    <\/div>\n<\/section>\n\n<section id=\"image-video-text-block_4184788fc6a427b635f7b824ccdcc414\" class=\"block image-video-text  m-b bg-default\">\n    <div class=\"container\">\n        <div class=\"row image-left\">\n            <div class=\"row__col row__col--md-6 media-item\">\n                                    <div class=\"image-wrapper\"  >\n                        <img loading=\"lazy\" decoding=\"async\" width=\"831\" height=\"1024\" src=\"https:\/\/novare.se\/bemanning\/wp-content\/uploads\/sites\/7\/2025\/09\/faq_1380x1700-831x1024.jpg\" class=\"media-item\" alt=\"en kvinna och man som ler och pratar\" srcset=\"https:\/\/novare.se\/bemanning\/wp-content\/uploads\/sites\/7\/2025\/09\/faq_1380x1700-831x1024.jpg 831w, https:\/\/novare.se\/bemanning\/wp-content\/uploads\/sites\/7\/2025\/09\/faq_1380x1700-292x360.jpg 292w, https:\/\/novare.se\/bemanning\/wp-content\/uploads\/sites\/7\/2025\/09\/faq_1380x1700-768x946.jpg 768w, https:\/\/novare.se\/bemanning\/wp-content\/uploads\/sites\/7\/2025\/09\/faq_1380x1700-1247x1536.jpg 1247w, https:\/\/novare.se\/bemanning\/wp-content\/uploads\/sites\/7\/2025\/09\/faq_1380x1700.jpg 1380w\" sizes=\"(max-width: 831px) 100vw, 831px\" \/>                    <\/div>\n                                            <\/div>\n\n            <div class=\"row__col row__col--md-6 content\"  >\n                                    <div class=\"title-wrapper\" >\n                        <h3 class=\"h4 text-left\">Stor efterfr\u00e5gan p\u00e5 <strong><i>HR och ekonomi<\/i><\/strong><\/h3>                    <\/div>\n                                                                        <div class=\"text-wrapper editor-content\" >\n                    <h6>Vilka uppdrag kan vi erbjuda dig inom HR?<\/h6>\n<p>Vi kan erbjuda dig uppdrag inom hela HR omr\u00e5det, vare sig du har flera \u00e5rs erfarenhet eller om du \u00e4r nyutexaminerad, och \u00e4r ute efter meriterande erfarenhet. Det finns \u00e4ven m\u00f6jlighet f\u00f6r dig som interimskonsult med eget bolag att vara underkonsult och fakturera oss f\u00f6r arbetad tid.<\/p>\n<p>&nbsp;<\/p>\n<h6>Vilka uppdrag kan vi erbjuda dig inom ekonomi?<\/h6>\n<p>Vi kan erbjuda dig konsultuppdrag inom framf\u00f6rallt den offentliga sektorn, d\u00e4r du f\u00e5r eftertraktad erfarenhet av exempelvis statlig redovisning. Innehar du sen tidigare statliga meriter \u00e4r din expertis inom omr\u00e5det h\u00f6gt uppskattad av v\u00e5ra kunder. Det finns \u00e4ven m\u00f6jlighet f\u00f6r dig som interimskonsult med eget bolag, att vara underkonsult och fakturera oss f\u00f6r arbetad tid.<\/p>\n                    <\/div>\n                                                                                <\/div>\n        <\/div>\n    <\/div>\n<\/section>\n\n\n<section id=\"one-column-text-block-block_44ccb6315ed8eaf83df7d2fdc04c8174\" class=\"block one-column-text-block  m-b bg-default\">\n    <div class=\"container\">\n        <div class=\"row row--middle\">\n                            <div class=\"row__col row__col--lg-8\">\n                    <div class=\"title-wrapper\"  >\n                        <h3 class=\"h4 m-0 text-left\">Varf\u00f6r ska du vara <strong><i>konsult hos oss?<\/i><\/strong><\/h3>                    <\/div>\n                <\/div>\n                            \n                            <div class=\"row__col row__col--lg-8\" >\n                    <p class=\"preamble m-0\">Vi p\u00e5 Novare Bemanning har skapat ett attraktivt erbjudande till dig som individ. Tillsammans tar vi din personliga och professionella utveckling till en ny niv\u00e5.<\/p>                <\/div>\n            \n                            <div class=\"row__col row__col--lg-8\" >\n                    <div class=\"text-wrapper editor-content\">\n                        <p>N\u00e4r du arbetar som konsult ute p\u00e5 uppdrag hos v\u00e5ra kunder kommer du ha ett n\u00e4ra samarbete med din konsultchef. Du kommer att ha regelbundna avst\u00e4mningar utifr\u00e5n en aktiv feedback-kultur d\u00e4r du utvecklar ditt sj\u00e4lvledarskap och de verktyg som du beh\u00f6ver f\u00f6r att n\u00e5 ditt \u00f6nskade m\u00e5l. Du kommer \u00e4ven f\u00e5 m\u00f6jlighet till v\u00e4rdefulla karri\u00e4rsamtal f\u00f6r att n\u00e4rma dig ditt l\u00e5ngsiktiga m\u00e5l i arbetslivet.<\/p>\n                    <\/div>\n                <\/div>\n                            \n            \n                    <\/div>\n    <\/div>\n<\/section>\n\n<section id=\"text-and-button-block_1d5e9b1cd1594976701017574d81da4d\" class=\"block text-and-button  m-b\" data-aos-anchor='#text-and-button-block_1d5e9b1cd1594976701017574d81da4d'data-aos='fade-up'data-aos-easing='ease-in-out-sine'data-aos-duration='500'data-aos-delay='0'data-aos-once='true'data-aos-offset='250'>\n\t<div class=\"container \">\n\t\t<div class=\"inner bg-terracotta-deep bg-opacity-95\">\n\t\t\t<div class=\"row--overlay\">\n\t\t\t\t\t\t\t\t\t<div class=\"video-wrapper\">\n\t\t\t\t\t\t<video loop autoplay muted playsinline>\n\t\t\t\t\t\t\t<source src=\"https:\/\/novare.se\/bemanning\/wp-content\/uploads\/sites\/7\/2024\/06\/video_org.mp4\" type=\"video\/mp4\">\n\t\t\t\t\t\t\tYour browser does not support HTML videos.\t\t\t\t\t\t<\/video>\n\t\t\t\t\t<\/div>\n\t\t\t\t\t\t\t\t<div class=\"overlay overlay--color bg-terracotta-deep bg-opacity-95\"><\/div>\n\t\t\t<\/div>\n\t\t\t<div class=\"row\">\n\t\t\t\t<div class=\"row__col row__col--lg-6\">\n                                            <div class=\"title-wrapper\" >\n                            <h3 class=\"h4 text-left\" style=\"color:#000000\"><strong><i>Vi ser fram emot att h\u00f6ra fr\u00e5n dig!<\/i><\/strong><\/h3>                        <\/div>\n                    \n\t\t\t\t\t\t\t\t\t\t\t<div class=\"text-wrapper editor-content\">\n\t\t\t\t\t\t\t<p>Skicka g\u00e4rna in din intresseanm\u00e4lan\/ans\u00f6kan s\u00e5 kontaktar vi dig n\u00e4r vi har ett uppdrag som matchar din profil. Du kan hj\u00e4lpa oss med att ange i din ans\u00f6kan vilken typ av roll och organisation du \u00e4r intresserad av.<\/p>\n\t\t\t\t\t\t<\/div>\n\t\t\t\t\t\t\t\t\t<\/div>\n\t\t\t\t<div class=\"row__col row__col--lg-6 left-side\">\n\t\t\t\t\t\t\t\t\t\t\t<div class=\"btn-wrapper m-0\" >\n\t\t\t\t\t\t\t<div class=\"btn-element\" ><a class=\"btn btn--primary\" href=\"https:\/\/pnty-apply.ponty-system.se\/novarebemanning?id=171\"target=\"_self\">Skicka spontanans\u00f6kan<\/a><\/div>\t\t\t\t\t\t<\/div>\n\t\t\t\t\t\t\t\t\t<\/div>\n\t\t\t<\/div>\n\t\t<\/div>\n\t<\/div>\n<\/section>\n\n<section id=\"faq-block-block_e7b57926f0cde24a519dded367e322ad\" class=\"block faq-block  m-b bg-default\">\n    <div class=\"container\">\n        <div class=\"row\">\n            <div class=\"row__col row__col--lg-6\" data-aos-anchor='#faq-block-block_e7b57926f0cde24a519dded367e322ad'data-aos='fade-up'data-aos-easing='ease-in-out-sine'data-aos-duration='500'data-aos-delay='0'data-aos-once='true'data-aos-offset='250' >\n                <img loading=\"lazy\" decoding=\"async\" width=\"1024\" height=\"945\" src=\"https:\/\/novare.se\/bemanning\/wp-content\/uploads\/sites\/7\/2024\/06\/Novare_sma17_webb-1024x945.jpg\" class=\"media-item\" alt=\"Tv\u00e5 personer sitter och pratar p\u00e5 soffa, inomhusmilj\u00f6.\" srcset=\"https:\/\/novare.se\/bemanning\/wp-content\/uploads\/sites\/7\/2024\/06\/Novare_sma17_webb-1024x945.jpg 1024w, https:\/\/novare.se\/bemanning\/wp-content\/uploads\/sites\/7\/2024\/06\/Novare_sma17_webb-360x332.jpg 360w, https:\/\/novare.se\/bemanning\/wp-content\/uploads\/sites\/7\/2024\/06\/Novare_sma17_webb-768x709.jpg 768w, https:\/\/novare.se\/bemanning\/wp-content\/uploads\/sites\/7\/2024\/06\/Novare_sma17_webb.jpg 1300w\" sizes=\"(max-width: 1024px) 100vw, 1024px\" \/>            <\/div>\n            \n            <div class=\"row__col row__col--lg-6\">\n                                    <div class=\"title-wrapper text-medium\" data-aos-anchor='#faq-block-block_e7b57926f0cde24a519dded367e322ad'data-aos='fade-up'data-aos-easing='ease-in-out-sine'data-aos-duration='500'data-aos-delay='300'data-aos-once='true'data-aos-offset='250' >\n                        <h2 class=\"h3 text-left\">Vanliga fr\u00e5gor om att <i><strong>arbeta som konsult<\/i><\/strong><\/h2>                    <\/div>\n                                                    \n                                    <div class=\"accordion\">\n                                                    <div class=\"accordion-item\" data-aos-anchor='#faq-block-block_e7b57926f0cde24a519dded367e322ad'data-aos='fade-right'data-aos-easing='ease-in-out-sine'data-aos-duration='500'data-aos-delay='1000'data-aos-once='true'data-aos-offset='250' >\n                                <div class=\"accordion-header\">\n                                    <span class=\"question\">Vad inneb\u00e4r det att arbeta som konsult via Novare Bemanning?<\/span>\n                                    <i class=\"fa fa-plus\"><\/i><i class=\"fa fa-minus hidden\"><\/i>\n                                <\/div>\n                                <div class=\"accordion-content\" style=\"display: none;\">\n                                    <span class=\"separator\"><\/span>\n                                    Som konsult via Novare arbetar du i uppdrag inom offentlig sektor d\u00e4r din kompetens g\u00f6r konkret skillnad. Du \u00e4r anst\u00e4lld av oss och f\u00e5r st\u00f6d, uppf\u00f6ljning och trygghet genom hela uppdraget.                                <\/div>\n                            <\/div>\n                                                        <div class=\"accordion-item\" data-aos-anchor='#faq-block-block_e7b57926f0cde24a519dded367e322ad'data-aos='fade-right'data-aos-easing='ease-in-out-sine'data-aos-duration='500'data-aos-delay='1250'data-aos-once='true'data-aos-offset='250' >\n                                <div class=\"accordion-header\">\n                                    <span class=\"question\">Vilken bakgrund och erfarenhet beh\u00f6ver jag f\u00f6r att bli konsult?<\/span>\n                                    <i class=\"fa fa-plus\"><\/i><i class=\"fa fa-minus hidden\"><\/i>\n                                <\/div>\n                                <div class=\"accordion-content\" style=\"display: none;\">\n                                    <span class=\"separator\"><\/span>\n                                    Behoven varierar beroende p\u00e5 uppdrag, men vi s\u00f6ker ofta dig med erfarenhet inom administration, HR, ekonomi, kommunikation eller verksamhetsst\u00f6d. Viktigt \u00e4r att du trivs i nya milj\u00f6er och snabbt kan s\u00e4tta dig in i verksamheter.                                <\/div>\n                            <\/div>\n                                                        <div class=\"accordion-item\" data-aos-anchor='#faq-block-block_e7b57926f0cde24a519dded367e322ad'data-aos='fade-right'data-aos-easing='ease-in-out-sine'data-aos-duration='500'data-aos-delay='1500'data-aos-once='true'data-aos-offset='250' >\n                                <div class=\"accordion-header\">\n                                    <span class=\"question\">Hur ser processen ut om jag vill bli konsult hos er?<\/span>\n                                    <i class=\"fa fa-plus\"><\/i><i class=\"fa fa-minus hidden\"><\/i>\n                                <\/div>\n                                <div class=\"accordion-content\" style=\"display: none;\">\n                                    <span class=\"separator\"><\/span>\n                                    Processen b\u00f6rjar med att du skickar in en intresseanm\u00e4lan. D\u00e4refter g\u00f6r vi en dialogbaserad bed\u00f6mning av din profil, erfarenhet och tillg\u00e4nglighet f\u00f6r att matcha dig mot aktuella och kommande uppdrag.                                <\/div>\n                            <\/div>\n                                                        <div class=\"accordion-item\" data-aos-anchor='#faq-block-block_e7b57926f0cde24a519dded367e322ad'data-aos='fade-right'data-aos-easing='ease-in-out-sine'data-aos-duration='500'data-aos-delay='1750'data-aos-once='true'data-aos-offset='250' >\n                                <div class=\"accordion-header\">\n                                    <span class=\"question\">Vilket st\u00f6d f\u00e5r jag under tiden som konsult?<\/span>\n                                    <i class=\"fa fa-plus\"><\/i><i class=\"fa fa-minus hidden\"><\/i>\n                                <\/div>\n                                <div class=\"accordion-content\" style=\"display: none;\">\n                                    <span class=\"separator\"><\/span>\n                                    Du har alltid en kontaktperson hos Novare som f\u00f6ljer dig genom uppdraget. Vi finns som st\u00f6d i b\u00e5de praktiska fr\u00e5gor och i din professionella utveckling f\u00f6re, under och efter uppdraget.                                <\/div>\n                            <\/div>\n                                                        <div class=\"accordion-item\" data-aos-anchor='#faq-block-block_e7b57926f0cde24a519dded367e322ad'data-aos='fade-right'data-aos-easing='ease-in-out-sine'data-aos-duration='500'data-aos-delay='2000'data-aos-once='true'data-aos-offset='250' >\n                                <div class=\"accordion-header\">\n                                    <span class=\"question\">Vad h\u00e4nder mellan uppdrag eller n\u00e4r ett uppdrag avslutas?<\/span>\n                                    <i class=\"fa fa-plus\"><\/i><i class=\"fa fa-minus hidden\"><\/i>\n                                <\/div>\n                                <div class=\"accordion-content\" style=\"display: none;\">\n                                    <span class=\"separator\"><\/span>\n                                    N\u00e4r ett uppdrag avslutas forts\u00e4tter dialogen kring n\u00e4sta steg. Vi arbetar aktivt med att matcha dig mot nya uppdrag som passar din kompetens, erfarenhet och \u00f6nskad riktning.                                <\/div>\n                            <\/div>\n                                                <\/div>\n                            <\/div>\n        <\/div>\n    <\/div>\n<\/section>\n","protected":false},"excerpt":{"rendered":"","protected":false},"author":1,"featured_media":0,"parent":0,"menu_order":0,"comment_status":"closed","ping_status":"closed","template":"","meta":{"_acf_changed":false,"_seopress_robots_primary_cat":"","_seopress_titles_title":"Konsultuppdrag inom offentlig sektor - novare.se","_seopress_titles_desc":"Bli konsult hos Novare! Vi matchar din profil med statliga uppdrag inom HR och ekonomi. Skicka din spontanans\u00f6kan och starta din karri\u00e4r idag!","_seopress_robots_index":"","inline_featured_image":false,"footnotes":""},"class_list":["post-1058","page","type-page","status-publish","hentry"],"acf":[],"_links":{"self":[{"href":"https:\/\/novare.se\/bemanning\/wp-json\/wp\/v2\/pages\/1058","targetHints":{"allow":["GET"]}}],"collection":[{"href":"https:\/\/novare.se\/bemanning\/wp-json\/wp\/v2\/pages"}],"about":[{"href":"https:\/\/novare.se\/bemanning\/wp-json\/wp\/v2\/types\/page"}],"author":[{"embeddable":true,"href":"https:\/\/novare.se\/bemanning\/wp-json\/wp\/v2\/users\/1"}],"replies":[{"embeddable":true,"href":"https:\/\/novare.se\/bemanning\/wp-json\/wp\/v2\/comments?post=1058"}],"version-history":[{"count":26,"href":"https:\/\/novare.se\/bemanning\/wp-json\/wp\/v2\/pages\/1058\/revisions"}],"predecessor-version":[{"id":2720,"href":"https:\/\/novare.se\/bemanning\/wp-json\/wp\/v2\/pages\/1058\/revisions\/2720"}],"wp:attachment":[{"href":"https:\/\/novare.se\/bemanning\/wp-json\/wp\/v2\/media?parent=1058"}],"curies":[{"name":"wp","href":"https:\/\/api.w.org\/{rel}","templated":true}]}}