{"id":1050,"date":"2024-04-18T08:30:18","date_gmt":"2024-04-18T08:30:18","guid":{"rendered":"https:\/\/novare.se\/bemanning\/?page_id=1050"},"modified":"2025-01-23T11:38:16","modified_gmt":"2025-01-23T11:38:16","slug":"medarbetare","status":"publish","type":"page","link":"https:\/\/novare.se\/bemanning\/medarbetare\/","title":{"rendered":"Medarbetare"},"content":{"rendered":"<section id=\"hero-3-block_504362a4e9fbc63d0a3b3701182aa6c8\" class=\"block hero-3  m-b no-img \">\n    <div class=\"hero-3--top-section bg-primary\">\n                    <div class=\"bg-backdrop\">\n                <div class=\"bg-backdrop--inner\"><\/div>\n            <\/div>\n                <div class=\"container\">\n            <div class=\"row\">\n                <div class=\"row__col\">\n                    <div class=\"text-img-wrapper\">\n                        <div class=\"text-col\" >\n                                                                \n                                <div class=\"title-wrapper\" >\n                                    <h1 class=\"h1 text-left\">Medarbetare<\/h1>                                <\/div>\n                                                            \n                            \n                            \n                                                    <\/div>\n\n                                            <\/div>\n                <\/div>\n            <\/div>\n        <\/div>\n    <\/div>\n            <div class=\"hero-3--bottom-section \"  >\n        <div class=\"breadcrumbs dark-text\">\n\t<div class=\"container\">\n        <div class=\"row\">\n            <div class=\"row__col\">\n                <div class=\"breadcrumbs--inner\">\n                    <ul>\n                                                                                <li>\n                                <a href=\"https:\/\/novare.se\/\" class=\"alt\">\n                                    Novare                                <\/a>\n                            <\/li>\n                            \n\t\t\t                                        <li>\n                                <a href=\"https:\/\/novare.se\/bemanning\/\" class=\"alt\">\n                                                                            Novare Bemanning                                                                    <\/a>\n                            <\/li>\n\t\t\t                                    <li><span class=\"alt\">Medarbetare<\/span><\/li>\n                    <\/ul>\n                <\/div>\n            <\/div>\n        <\/div>\n\t<\/div>\n<\/div>        <\/div>\n    \n    <\/section>\n\n\n<section id=\"1030\" class=\"block employee-search-block  m-b bg-default\">\n    <div class=\"container\">\n        <form class=\"listing-block--filters\" data-url=\"https:\/\/novare.se\/bemanning\/wp-json\/wp\/v2\/pages\/1050\/\">\n            <div class=\"row\">\n                <div class=\"row__col\">\n                    <div class=\"listing-block--filters-inner search\">\n                        \n                        <div class=\"filters\">\n                                                        \n                            <div class=\"select-wrapper filter hidden\">\n                                <label for=\"team\" class=\"text-medium\">Team<\/label>\n                                <div class=\"field\">\n                                    <select class=\"js-select-filter\" name=\"team\" id=\"team\">\n                                        <option value=\"\" selected>Alla<\/option>\n                                                                                                                                    <option value=\"novare-bemanning\"  >Novare Bemanning<\/option>\n                                                                                                                        <\/select>\n                                <\/div>\n                            <\/div> \n                        <\/div>\n\n                        <div class=\"filters--end\">\n                            <div class=\"input-wrapper\" >\n                                <div class=\"field\">\n                                                                        <input class=\"js-search-field\" type=\"search\" name=\"search\" placeholder=\"S\u00f6k efter namn eller jobbtitel\" value=\"\" \/>\n                                <\/div>\n                            <\/div>\n                        <\/div>\n\n                    <\/div>\n                <\/div>\n            <\/div>\n            <input type=\"hidden\" name=\"posts_per_page\" value=\"20\">\n            <input type=\"hidden\" name=\"page_no\" value=\"1\">\n            <input type=\"hidden\" name=\"selected_team\" value=\"\">\n            <input type=\"hidden\" name=\"selected_company\" value=\"\">\n        <\/form>\n\n        <div class=\"row listing-block--results\">\n                                                \n<div class=\"row__col row__col--lg-3 listing-block--item cols-4\" >\n    <div class=\"listing-block--item-inner\">\n                <a class=\"m-0\" href=\"https:\/\/novare.se\/bemanning\/medarbetare\/martin-hellberg\/\">\n            <div class=\"image m-0\">\n                <img loading=\"lazy\" decoding=\"async\" width=\"670\" height=\"480\" src=\"https:\/\/novare.se\/bemanning\/wp-content\/uploads\/sites\/7\/2024\/04\/Martin_Hellberg_Tiny.jpg\" class=\"media-item\" alt=\"Man ler kl\u00e4dd i kostym mot gr\u00e5 bakgrund.\" srcset=\"https:\/\/novare.se\/bemanning\/wp-content\/uploads\/sites\/7\/2024\/04\/Martin_Hellberg_Tiny.jpg 670w, https:\/\/novare.se\/bemanning\/wp-content\/uploads\/sites\/7\/2024\/04\/Martin_Hellberg_Tiny-360x258.jpg 360w\" sizes=\"(max-width: 670px) 100vw, 670px\" \/>                <div class=\"overlay\"><\/div>\n                <div class=\"badge text-regular\" style=\"background-color: #f5f2ef; color: #000000;\">Novare Bemanning<\/div>            <\/div>\n        <\/a>\n        <div class=\"content\">\n            <div class=\"header\">\n                <div class=\"name\">\n                    <a class=\"m-0\" href=\"https:\/\/novare.se\/bemanning\/medarbetare\/martin-hellberg\/\">\n                        <div class=\"title text-medium\"><p>Martin  Hellberg<\/p><\/div>\n                    <\/a>\n                    <div class=\"pre_title\"><p>Vd och grundare<\/p><\/div>\n                <\/div>\n                                    <div class=\"contact-info\">\n                        <a class=\"m-0\" href=\"mailto:martin.hellberg@novare.se\"><span class=\"text-medium\">martin.hellberg@novare.se<\/span><\/a>  \n                        <a class=\"m-0\" href=\"tel:+46 707 64 02 92\"><span class=\"text-medium\">+46 707 64 02 92<\/span><\/a>  \n                    <\/div>\n                  \n            <\/div>\n                \n            <a class=\"m-0 read-more\" href=\"https:\/\/novare.se\/bemanning\/medarbetare\/martin-hellberg\/\">\n                <span class=\"text-medium\">L\u00e4r mer om Martin <\/span><i class=\"arrow fa fa-arrow-right\" aria-hidden=\"true\"><\/i>\n            <\/a>\n        <\/div>\n    <\/div>\n    \n<\/div>\n                                    \n<div class=\"row__col row__col--lg-3 listing-block--item cols-4\" >\n    <div class=\"listing-block--item-inner\">\n                <a class=\"m-0\" href=\"https:\/\/novare.se\/bemanning\/medarbetare\/miranda-nilsson\/\">\n            <div class=\"image m-0\">\n                <img loading=\"lazy\" decoding=\"async\" width=\"670\" height=\"480\" src=\"https:\/\/novare.se\/bemanning\/wp-content\/uploads\/sites\/7\/2024\/04\/Miranda_Nilsson_Tiny.jpg\" class=\"media-item\" alt=\"Kvinna st\u00e5r framf\u00f6r neutral bakgrund, b\u00e4r glas\u00f6gon och leende.\" srcset=\"https:\/\/novare.se\/bemanning\/wp-content\/uploads\/sites\/7\/2024\/04\/Miranda_Nilsson_Tiny.jpg 670w, https:\/\/novare.se\/bemanning\/wp-content\/uploads\/sites\/7\/2024\/04\/Miranda_Nilsson_Tiny-360x258.jpg 360w\" sizes=\"(max-width: 670px) 100vw, 670px\" \/>                <div class=\"overlay\"><\/div>\n                <div class=\"badge text-regular\" style=\"background-color: #f5f2ef; color: #000000;\">Novare Bemanning<\/div>            <\/div>\n        <\/a>\n        <div class=\"content\">\n            <div class=\"header\">\n                <div class=\"name\">\n                    <a class=\"m-0\" href=\"https:\/\/novare.se\/bemanning\/medarbetare\/miranda-nilsson\/\">\n                        <div class=\"title text-medium\"><p>Miranda  Nilsson<\/p><\/div>\n                    <\/a>\n                    <div class=\"pre_title\"><p>Talent Acquisition &amp; Bid Coordinator<\/p><\/div>\n                <\/div>\n                                    <div class=\"contact-info\">\n                        <a class=\"m-0\" href=\"mailto:miranda.nilsson@novare.se\"><span class=\"text-medium\">miranda.nilsson@novare.se<\/span><\/a>  \n                        <a class=\"m-0\" href=\"tel:+46 700 17 08 35\"><span class=\"text-medium\">+46 700 17 08 35<\/span><\/a>  \n                    <\/div>\n                  \n            <\/div>\n                \n            <a class=\"m-0 read-more\" href=\"https:\/\/novare.se\/bemanning\/medarbetare\/miranda-nilsson\/\">\n                <span class=\"text-medium\">L\u00e4r mer om Miranda <\/span><i class=\"arrow fa fa-arrow-right\" aria-hidden=\"true\"><\/i>\n            <\/a>\n        <\/div>\n    <\/div>\n    \n<\/div>\n                                    \n<div class=\"row__col row__col--lg-3 listing-block--item cols-4\" >\n    <div class=\"listing-block--item-inner\">\n                <a class=\"m-0\" href=\"https:\/\/novare.se\/bemanning\/medarbetare\/2263\/\">\n            <div class=\"image m-0\">\n                <img loading=\"lazy\" decoding=\"async\" width=\"768\" height=\"768\" src=\"https:\/\/novare.se\/bemanning\/wp-content\/uploads\/sites\/7\/2025\/05\/Ramin-768x768.jpg\" class=\"media-item\" alt=\"Glad kille med svart h\u00e5r och b\u00e4r en vit skjorta och svart kavaj.\" srcset=\"https:\/\/novare.se\/bemanning\/wp-content\/uploads\/sites\/7\/2025\/05\/Ramin-768x768.jpg 768w, https:\/\/novare.se\/bemanning\/wp-content\/uploads\/sites\/7\/2025\/05\/Ramin-360x360.jpg 360w, https:\/\/novare.se\/bemanning\/wp-content\/uploads\/sites\/7\/2025\/05\/Ramin-1024x1024.jpg 1024w, https:\/\/novare.se\/bemanning\/wp-content\/uploads\/sites\/7\/2025\/05\/Ramin-150x150.jpg 150w, https:\/\/novare.se\/bemanning\/wp-content\/uploads\/sites\/7\/2025\/05\/Ramin-1536x1536.jpg 1536w, https:\/\/novare.se\/bemanning\/wp-content\/uploads\/sites\/7\/2025\/05\/Ramin.jpg 2000w\" sizes=\"(max-width: 768px) 100vw, 768px\" \/>                <div class=\"overlay\"><\/div>\n                <div class=\"badge text-regular\" style=\"background-color: #f5f2ef; color: #000000;\">Novare Bemanning<\/div>            <\/div>\n        <\/a>\n        <div class=\"content\">\n            <div class=\"header\">\n                <div class=\"name\">\n                    <a class=\"m-0\" href=\"https:\/\/novare.se\/bemanning\/medarbetare\/2263\/\">\n                        <div class=\"title text-medium\"><p>Ramin Ebrahimi<\/p><\/div>\n                    <\/a>\n                    <div class=\"pre_title\"><p>HR &amp; consultant manager<\/p><\/div>\n                <\/div>\n                                    <div class=\"contact-info\">\n                        <a class=\"m-0\" href=\"mailto:ramin.ebrahimi@novare.se\"><span class=\"text-medium\">ramin.ebrahimi@novare.se<\/span><\/a>  \n                        <a class=\"m-0\" href=\"tel:+46 73 523 03 20\"><span class=\"text-medium\">+46 73 523 03 20<\/span><\/a>  \n                    <\/div>\n                  \n            <\/div>\n                \n            <a class=\"m-0 read-more\" href=\"https:\/\/novare.se\/bemanning\/medarbetare\/2263\/\">\n                <span class=\"text-medium\">L\u00e4r mer om Ramin<\/span><i class=\"arrow fa fa-arrow-right\" aria-hidden=\"true\"><\/i>\n            <\/a>\n        <\/div>\n    <\/div>\n    \n<\/div>\n                                    \n<div class=\"row__col row__col--lg-3 listing-block--item cols-4\" >\n    <div class=\"listing-block--item-inner\">\n                <a class=\"m-0\" href=\"https:\/\/novare.se\/bemanning\/medarbetare\/sofia-wanblad\/\">\n            <div class=\"image m-0\">\n                <img loading=\"lazy\" decoding=\"async\" width=\"670\" height=\"480\" src=\"https:\/\/novare.se\/bemanning\/wp-content\/uploads\/sites\/7\/2024\/04\/Sofia_Wanblad_Tiny.jpg\" class=\"media-item\" alt=\"Kvinna ler framf\u00f6r neutral bakgrund, b\u00e4r svart kavaj.\" srcset=\"https:\/\/novare.se\/bemanning\/wp-content\/uploads\/sites\/7\/2024\/04\/Sofia_Wanblad_Tiny.jpg 670w, https:\/\/novare.se\/bemanning\/wp-content\/uploads\/sites\/7\/2024\/04\/Sofia_Wanblad_Tiny-360x258.jpg 360w\" sizes=\"(max-width: 670px) 100vw, 670px\" \/>                <div class=\"overlay\"><\/div>\n                <div class=\"badge text-regular\" style=\"background-color: #f5f2ef; color: #000000;\">Novare Bemanning<\/div>            <\/div>\n        <\/a>\n        <div class=\"content\">\n            <div class=\"header\">\n                <div class=\"name\">\n                    <a class=\"m-0\" href=\"https:\/\/novare.se\/bemanning\/medarbetare\/sofia-wanblad\/\">\n                        <div class=\"title text-medium\"><p>Sofia  W\u00e4nblad<\/p><\/div>\n                    <\/a>\n                    <div class=\"pre_title\"><p>Head of Personnel (f\u00f6r\u00e4ldraledig) <\/p><\/div>\n                <\/div>\n                                    <div class=\"contact-info\">\n                        <a class=\"m-0\" href=\"mailto:sofia.wanblad@novare.se\"><span class=\"text-medium\">sofia.wanblad@novare.se<\/span><\/a>  \n                        <a class=\"m-0\" href=\"tel:+46 763 36 12 86\"><span class=\"text-medium\">+46 763 36 12 86<\/span><\/a>  \n                    <\/div>\n                  \n            <\/div>\n                \n            <a class=\"m-0 read-more\" href=\"https:\/\/novare.se\/bemanning\/medarbetare\/sofia-wanblad\/\">\n                <span class=\"text-medium\">L\u00e4r mer om Sofia <\/span><i class=\"arrow fa fa-arrow-right\" aria-hidden=\"true\"><\/i>\n            <\/a>\n        <\/div>\n    <\/div>\n    \n<\/div>\n                                    <\/div>\n\n        <div class=\"row listing-block--pagination\">\n            <div class=\"row__col listing-block--pagination--results\">\n                            <\/div>\n        <\/div>\n    <\/div>\n<\/section>\n","protected":false},"excerpt":{"rendered":"","protected":false},"author":1,"featured_media":0,"parent":0,"menu_order":0,"comment_status":"closed","ping_status":"closed","template":"","meta":{"_acf_changed":false,"_seopress_robots_primary_cat":"","_seopress_titles_title":"Medarbetare och ledning p\u00e5 Novare Bemanning - novare.se","_seopress_titles_desc":"Uppt\u00e4ck v\u00e5rt team p\u00e5 Novare Bemanning: Martin Hellberg, Sofia W\u00e4nblad, Sofia \u00c5hlin, Olivia Campbell och Miranda Nilsson. Experten inom personal- och talangf\u00f6rv\u00e4rv.","_seopress_robots_index":"","inline_featured_image":false,"footnotes":""},"class_list":["post-1050","page","type-page","status-publish","hentry"],"acf":[],"_links":{"self":[{"href":"https:\/\/novare.se\/bemanning\/wp-json\/wp\/v2\/pages\/1050","targetHints":{"allow":["GET"]}}],"collection":[{"href":"https:\/\/novare.se\/bemanning\/wp-json\/wp\/v2\/pages"}],"about":[{"href":"https:\/\/novare.se\/bemanning\/wp-json\/wp\/v2\/types\/page"}],"author":[{"embeddable":true,"href":"https:\/\/novare.se\/bemanning\/wp-json\/wp\/v2\/users\/1"}],"replies":[{"embeddable":true,"href":"https:\/\/novare.se\/bemanning\/wp-json\/wp\/v2\/comments?post=1050"}],"version-history":[{"count":4,"href":"https:\/\/novare.se\/bemanning\/wp-json\/wp\/v2\/pages\/1050\/revisions"}],"predecessor-version":[{"id":2082,"href":"https:\/\/novare.se\/bemanning\/wp-json\/wp\/v2\/pages\/1050\/revisions\/2082"}],"wp:attachment":[{"href":"https:\/\/novare.se\/bemanning\/wp-json\/wp\/v2\/media?parent=1050"}],"curies":[{"name":"wp","href":"https:\/\/api.w.org\/{rel}","templated":true}]}}