{"id":1047,"date":"2024-04-18T08:29:07","date_gmt":"2024-04-18T08:29:07","guid":{"rendered":"https:\/\/novare.se\/bemanning\/?page_id=1047"},"modified":"2026-03-25T12:19:51","modified_gmt":"2026-03-25T12:19:51","slug":"nyheter","status":"publish","type":"page","link":"https:\/\/novare.se\/bemanning\/nyheter\/","title":{"rendered":"Nyheter"},"content":{"rendered":"<section id=\"hero-3-block_090913527557f12baebdd6a6d7dcb752\" class=\"block hero-3  m-b no-img \">\n    <div class=\"hero-3--top-section bg-primary\">\n                    <div class=\"bg-backdrop\">\n                <div class=\"bg-backdrop--inner\"><\/div>\n            <\/div>\n                <div class=\"container\">\n            <div class=\"row\">\n                <div class=\"row__col\">\n                    <div class=\"text-img-wrapper\">\n                        <div class=\"text-col\" >\n                                                                \n                                <div class=\"title-wrapper\" >\n                                    <h1 class=\"h2 text-left\">Nyheter<\/h1>                                <\/div>\n                                                            \n                            \n                            \n                                                    <\/div>\n\n                                            <\/div>\n                <\/div>\n            <\/div>\n        <\/div>\n    <\/div>\n            <div class=\"hero-3--bottom-section \"  >\n        <div class=\"breadcrumbs dark-text\">\n\t<div class=\"container\">\n        <div class=\"row\">\n            <div class=\"row__col\">\n                <div class=\"breadcrumbs--inner\">\n                    <ul>\n                                                                                <li>\n                                <a href=\"https:\/\/novare.se\/\" class=\"alt\">\n                                    Novare                                <\/a>\n                            <\/li>\n                            \n\t\t\t                                        <li>\n                                <a href=\"https:\/\/novare.se\/bemanning\/\" class=\"alt\">\n                                                                            Novare Bemanning                                                                    <\/a>\n                            <\/li>\n\t\t\t                                    <li><span class=\"alt\">Nyheter<\/span><\/li>\n                    <\/ul>\n                <\/div>\n            <\/div>\n        <\/div>\n\t<\/div>\n<\/div>        <\/div>\n    \n    <\/section>\n\n\n<section id=\"1155\" class=\"block news  m-b bg-default\">\n    <div class=\"container\">\n        <form class=\"listing-block--filters\" data-url=\"https:\/\/novare.se\/bemanning\/wp-json\/wp\/v2\/pages\/1047\/\">\n            <div class=\"row\">\n                <div class=\"row__col\">\n                    <div class=\"listing-block--filters-inner\">\n                        <div class=\"filters\">\n                            \n                            <div class=\"select-wrapper filter\" >\n                                <label for=\"category\" class=\"text-medium\">Kategori <\/label>\n                                <div class=\"field\">\n                                    <select class=\"js-select-filter\" name=\"category\" id=\"category\">\n                                        <option value=\"\" selected>Alla<\/option>\n                                                                                                                                    <option value=\"beredskapslyftet\"  >Beredskapslyftet<\/option>\n                                                                                            <option value=\"debattartikel\"  >Debattartikel<\/option>\n                                                                                            <option value=\"intervju\"  >Intervju<\/option>\n                                                                                            <option value=\"nyhet\"  >Nyhet<\/option>\n                                                                                                                        <\/select>\n                                <\/div>\n                            <\/div>\n                        <\/div>\n\n                    <\/div>\n                <\/div>\n            <\/div>\n            <input type=\"hidden\" name=\"posts_per_page\" value=\"12\">\n            <input type=\"hidden\" name=\"page_no\" value=\"1\">\n            <input type=\"hidden\" name=\"selected_company\" value=\"\">\n            <input type=\"hidden\" name=\"selected_category\" value=\"\">\n        <\/form>\n\n        <div class=\"row listing-block--results\">\n                                                <div class=\"row__col row__col--lg-4 listing-block--item\"  >\n\t\t<a href=\"https:\/\/novare.se\/bemanning\/nyheter\/novare-bemanning-webinar\/\">\n\t\t<div class=\"image\">\n\t\t\t<img loading=\"lazy\" decoding=\"async\" width=\"768\" height=\"709\" src=\"https:\/\/novare.se\/bemanning\/wp-content\/uploads\/sites\/7\/2024\/06\/Novare_sma17_webb-768x709.jpg\" class=\"media-item\" alt=\"Tv\u00e5 personer sitter och pratar p\u00e5 soffa, inomhusmilj\u00f6.\" srcset=\"https:\/\/novare.se\/bemanning\/wp-content\/uploads\/sites\/7\/2024\/06\/Novare_sma17_webb-768x709.jpg 768w, https:\/\/novare.se\/bemanning\/wp-content\/uploads\/sites\/7\/2024\/06\/Novare_sma17_webb-360x332.jpg 360w, https:\/\/novare.se\/bemanning\/wp-content\/uploads\/sites\/7\/2024\/06\/Novare_sma17_webb-1024x945.jpg 1024w, https:\/\/novare.se\/bemanning\/wp-content\/uploads\/sites\/7\/2024\/06\/Novare_sma17_webb.jpg 1300w\" sizes=\"(max-width: 768px) 100vw, 768px\" \/>\t\t\t<div class=\"overlay\"><\/div>\n\t\t\t<div class=\"badge text-regular\" style=\"background-color: #f5f2ef; color: #000000;\">Novare Bemanning<\/div>\t\t<\/div>\n\t\t<div class=\"title text-medium\">Novare Bemanning bjuder in till webinar<i class=\"arrow fa fa-arrow-right\" aria-hidden=\"true\"><\/i><\/div>\n\t\t<div class=\"pre_title\"><p>5 juli 2024  | Nyhet<\/p><\/div>\n\t\t<div class=\"excerpt small\"><\/div>\n\t<\/a>\n<\/div>                                    <div class=\"row__col row__col--lg-4 listing-block--item\"  >\n\t\t<a href=\"https:\/\/novare.se\/bemanning\/nyheter\/martin-hellberg-om-novare-bemanning\/\">\n\t\t<div class=\"image\">\n\t\t\t<img loading=\"lazy\" decoding=\"async\" width=\"768\" height=\"384\" src=\"https:\/\/novare.se\/bemanning\/wp-content\/uploads\/sites\/7\/2023\/04\/novare_bemanning-1-1-768x384.jpg\" class=\"media-item\" alt=\"Fem personer poserar framf\u00f6r sj\u00f6 och stadssilhuett.\" srcset=\"https:\/\/novare.se\/bemanning\/wp-content\/uploads\/sites\/7\/2023\/04\/novare_bemanning-1-1-768x384.jpg 768w, https:\/\/novare.se\/bemanning\/wp-content\/uploads\/sites\/7\/2023\/04\/novare_bemanning-1-1-360x180.jpg 360w, https:\/\/novare.se\/bemanning\/wp-content\/uploads\/sites\/7\/2023\/04\/novare_bemanning-1-1-1024x512.jpg 1024w, https:\/\/novare.se\/bemanning\/wp-content\/uploads\/sites\/7\/2023\/04\/novare_bemanning-1-1-1536x768.jpg 1536w, https:\/\/novare.se\/bemanning\/wp-content\/uploads\/sites\/7\/2023\/04\/novare_bemanning-1-1.jpg 1600w\" sizes=\"(max-width: 768px) 100vw, 768px\" \/>\t\t\t<div class=\"overlay\"><\/div>\n\t\t\t<div class=\"badge text-regular\" style=\"background-color: #f5f2ef; color: #000000;\">Novare Bemanning<\/div>\t\t<\/div>\n\t\t<div class=\"title text-medium\">Martin Hellberg om Novare Bemanning<i class=\"arrow fa fa-arrow-right\" aria-hidden=\"true\"><\/i><\/div>\n\t\t<div class=\"pre_title\"><p>20 april 2023  | Nyhet<\/p><\/div>\n\t\t<div class=\"excerpt small\"><\/div>\n\t<\/a>\n<\/div>                                    <div class=\"row__col row__col--lg-4 listing-block--item\"  >\n\t\t<a href=\"https:\/\/novare.se\/bemanning\/nyheter\/novares-jamstalldhetsindex-2022\/\">\n\t\t<div class=\"image\">\n\t\t\t<img loading=\"lazy\" decoding=\"async\" width=\"768\" height=\"384\" src=\"https:\/\/novare.se\/bemanning\/wp-content\/uploads\/sites\/7\/2023\/03\/diagram_nyhet-1-768x384.jpg\" class=\"media-item\" alt=\"Diagram visar k\u00f6nsf\u00f6rdelning i rekrytering och anst\u00e4llda 2022.\" srcset=\"https:\/\/novare.se\/bemanning\/wp-content\/uploads\/sites\/7\/2023\/03\/diagram_nyhet-1-768x384.jpg 768w, https:\/\/novare.se\/bemanning\/wp-content\/uploads\/sites\/7\/2023\/03\/diagram_nyhet-1-360x180.jpg 360w, https:\/\/novare.se\/bemanning\/wp-content\/uploads\/sites\/7\/2023\/03\/diagram_nyhet-1-1024x512.jpg 1024w, https:\/\/novare.se\/bemanning\/wp-content\/uploads\/sites\/7\/2023\/03\/diagram_nyhet-1-1536x768.jpg 1536w, https:\/\/novare.se\/bemanning\/wp-content\/uploads\/sites\/7\/2023\/03\/diagram_nyhet-1.jpg 1600w\" sizes=\"(max-width: 768px) 100vw, 768px\" \/>\t\t\t<div class=\"overlay\"><\/div>\n\t\t\t<div class=\"badge text-regular\" style=\"background-color: #f5f2ef; color: #000000;\">Novare Bemanning<\/div>\t\t<\/div>\n\t\t<div class=\"title text-medium\">Novares J\u00e4mst\u00e4lldhetsindex 2022<i class=\"arrow fa fa-arrow-right\" aria-hidden=\"true\"><\/i><\/div>\n\t\t<div class=\"pre_title\"><p>8 mars 2023  | Nyhet<\/p><\/div>\n\t\t<div class=\"excerpt small\"><\/div>\n\t<\/a>\n<\/div>                                    <div class=\"row__col row__col--lg-4 listing-block--item\"  >\n\t\t<a href=\"https:\/\/novare.se\/bemanning\/nyheter\/fredrik-ramel-till-novare-bemanning\/\">\n\t\t<div class=\"image\">\n\t\t\t<img loading=\"lazy\" decoding=\"async\" width=\"768\" height=\"384\" src=\"https:\/\/novare.se\/bemanning\/wp-content\/uploads\/sites\/7\/2022\/11\/Fredrik_Ramel_Bemanning-1-768x384.jpg\" class=\"media-item\" alt=\"Man ler framf\u00f6r inomhusv\u00e4xter, texten &quot;Novare Bemanning&quot; syns.\" srcset=\"https:\/\/novare.se\/bemanning\/wp-content\/uploads\/sites\/7\/2022\/11\/Fredrik_Ramel_Bemanning-1-768x384.jpg 768w, https:\/\/novare.se\/bemanning\/wp-content\/uploads\/sites\/7\/2022\/11\/Fredrik_Ramel_Bemanning-1-360x180.jpg 360w, https:\/\/novare.se\/bemanning\/wp-content\/uploads\/sites\/7\/2022\/11\/Fredrik_Ramel_Bemanning-1-1024x512.jpg 1024w, https:\/\/novare.se\/bemanning\/wp-content\/uploads\/sites\/7\/2022\/11\/Fredrik_Ramel_Bemanning-1-1536x768.jpg 1536w, https:\/\/novare.se\/bemanning\/wp-content\/uploads\/sites\/7\/2022\/11\/Fredrik_Ramel_Bemanning-1.jpg 1600w\" sizes=\"(max-width: 768px) 100vw, 768px\" \/>\t\t\t<div class=\"overlay\"><\/div>\n\t\t\t<div class=\"badge text-regular\" style=\"background-color: #f5f2ef; color: #000000;\">Novare Bemanning<\/div>\t\t<\/div>\n\t\t<div class=\"title text-medium\">Fredrik Ramel till Novare Bemanning<i class=\"arrow fa fa-arrow-right\" aria-hidden=\"true\"><\/i><\/div>\n\t\t<div class=\"pre_title\"><p>17 november 2022  | Nyhet<\/p><\/div>\n\t\t<div class=\"excerpt small\"><\/div>\n\t<\/a>\n<\/div>                                    <div class=\"row__col row__col--lg-4 listing-block--item\"  >\n\t\t<a href=\"https:\/\/novare.se\/bemanning\/nyheter\/fredrik-hillelson-med-i-chefakademin-talks\/\">\n\t\t<div class=\"image\">\n\t\t\t<img loading=\"lazy\" decoding=\"async\" width=\"768\" height=\"384\" src=\"https:\/\/novare.se\/bemanning\/wp-content\/uploads\/sites\/7\/2022\/09\/FredrikHillelson_ChefakademinTalks-1-768x384.jpg\" class=\"media-item\" alt=\"Man ler framf\u00f6r ljus bakgrund; text: &quot;Talks Chefakademin&quot;.\" srcset=\"https:\/\/novare.se\/bemanning\/wp-content\/uploads\/sites\/7\/2022\/09\/FredrikHillelson_ChefakademinTalks-1-768x384.jpg 768w, https:\/\/novare.se\/bemanning\/wp-content\/uploads\/sites\/7\/2022\/09\/FredrikHillelson_ChefakademinTalks-1-360x180.jpg 360w, https:\/\/novare.se\/bemanning\/wp-content\/uploads\/sites\/7\/2022\/09\/FredrikHillelson_ChefakademinTalks-1-1024x512.jpg 1024w, https:\/\/novare.se\/bemanning\/wp-content\/uploads\/sites\/7\/2022\/09\/FredrikHillelson_ChefakademinTalks-1-1536x768.jpg 1536w, https:\/\/novare.se\/bemanning\/wp-content\/uploads\/sites\/7\/2022\/09\/FredrikHillelson_ChefakademinTalks-1.jpg 1600w\" sizes=\"(max-width: 768px) 100vw, 768px\" \/>\t\t\t<div class=\"overlay\"><\/div>\n\t\t\t<div class=\"badge text-regular\" style=\"background-color: #f5f2ef; color: #000000;\">Novare Bemanning<\/div>\t\t<\/div>\n\t\t<div class=\"title text-medium\">Fredrik Hillelson med i Chefakademin Talks<i class=\"arrow fa fa-arrow-right\" aria-hidden=\"true\"><\/i><\/div>\n\t\t<div class=\"pre_title\"><p>21 september 2022  | Nyhet<\/p><\/div>\n\t\t<div class=\"excerpt small\"><\/div>\n\t<\/a>\n<\/div>                                    <div class=\"row__col row__col--lg-4 listing-block--item\"  >\n\t\t<a href=\"https:\/\/novare.se\/bemanning\/nyheter\/avslutning-av-natverksprogrammet-kontakten\/\">\n\t\t<div class=\"image\">\n\t\t\t<img loading=\"lazy\" decoding=\"async\" width=\"768\" height=\"384\" src=\"https:\/\/novare.se\/bemanning\/wp-content\/uploads\/sites\/7\/2022\/09\/Kontakten_nyhet-1-768x384.jpg\" class=\"media-item\" alt=\"Grupp m\u00e4nniskor poserar framf\u00f6r en skylt med texten &quot;Celebrate Success&quot;.\" srcset=\"https:\/\/novare.se\/bemanning\/wp-content\/uploads\/sites\/7\/2022\/09\/Kontakten_nyhet-1-768x384.jpg 768w, https:\/\/novare.se\/bemanning\/wp-content\/uploads\/sites\/7\/2022\/09\/Kontakten_nyhet-1-360x180.jpg 360w, https:\/\/novare.se\/bemanning\/wp-content\/uploads\/sites\/7\/2022\/09\/Kontakten_nyhet-1-1024x512.jpg 1024w, https:\/\/novare.se\/bemanning\/wp-content\/uploads\/sites\/7\/2022\/09\/Kontakten_nyhet-1-1536x768.jpg 1536w, https:\/\/novare.se\/bemanning\/wp-content\/uploads\/sites\/7\/2022\/09\/Kontakten_nyhet-1.jpg 1600w\" sizes=\"(max-width: 768px) 100vw, 768px\" \/>\t\t\t<div class=\"overlay\"><\/div>\n\t\t\t<div class=\"badge text-regular\" style=\"background-color: #f5f2ef; color: #000000;\">Novare Bemanning<\/div>\t\t<\/div>\n\t\t<div class=\"title text-medium\">Avslutning av n\u00e4tverksprogrammet Kontakten<i class=\"arrow fa fa-arrow-right\" aria-hidden=\"true\"><\/i><\/div>\n\t\t<div class=\"pre_title\"><p>8 september 2022  | Nyhet<\/p><\/div>\n\t\t<div class=\"excerpt small\"><\/div>\n\t<\/a>\n<\/div>                                    <div class=\"row__col row__col--lg-4 listing-block--item\"  >\n\t\t<a href=\"https:\/\/novare.se\/bemanning\/nyheter\/fredrik-hillelson-med-pa-svenskar-i-varldens-seminarium\/\">\n\t\t<div class=\"image\">\n\t\t\t<img loading=\"lazy\" decoding=\"async\" width=\"768\" height=\"384\" src=\"https:\/\/novare.se\/bemanning\/wp-content\/uploads\/sites\/7\/2022\/09\/Fredrik_Hillelson_sviv-1-768x384.jpg\" class=\"media-item\" alt=\"Personer samtalar vid ett bord; text: &quot;SVENSKAR I V\u00c4RLDEN&quot;.\" srcset=\"https:\/\/novare.se\/bemanning\/wp-content\/uploads\/sites\/7\/2022\/09\/Fredrik_Hillelson_sviv-1-768x384.jpg 768w, https:\/\/novare.se\/bemanning\/wp-content\/uploads\/sites\/7\/2022\/09\/Fredrik_Hillelson_sviv-1-360x180.jpg 360w, https:\/\/novare.se\/bemanning\/wp-content\/uploads\/sites\/7\/2022\/09\/Fredrik_Hillelson_sviv-1-1024x512.jpg 1024w, https:\/\/novare.se\/bemanning\/wp-content\/uploads\/sites\/7\/2022\/09\/Fredrik_Hillelson_sviv-1-1536x768.jpg 1536w, https:\/\/novare.se\/bemanning\/wp-content\/uploads\/sites\/7\/2022\/09\/Fredrik_Hillelson_sviv-1.jpg 1600w\" sizes=\"(max-width: 768px) 100vw, 768px\" \/>\t\t\t<div class=\"overlay\"><\/div>\n\t\t\t<div class=\"badge text-regular\" style=\"background-color: #f5f2ef; color: #000000;\">Novare Bemanning<\/div>\t\t<\/div>\n\t\t<div class=\"title text-medium\">Fredrik Hillelson med p\u00e5 Svenskar i V\u00e4rldens seminarium<i class=\"arrow fa fa-arrow-right\" aria-hidden=\"true\"><\/i><\/div>\n\t\t<div class=\"pre_title\"><p>7 september 2022  | Nyhet<\/p><\/div>\n\t\t<div class=\"excerpt small\"><\/div>\n\t<\/a>\n<\/div>                                    <div class=\"row__col row__col--lg-4 listing-block--item\"  >\n\t\t<a href=\"https:\/\/novare.se\/bemanning\/nyheter\/miranda-nilsson-till-novare-bemanning\/\">\n\t\t<div class=\"image\">\n\t\t\t<img loading=\"lazy\" decoding=\"async\" width=\"768\" height=\"384\" src=\"https:\/\/novare.se\/bemanning\/wp-content\/uploads\/sites\/7\/2022\/08\/Miranda_Bemanning-1-768x384.jpg\" class=\"media-item\" alt=\"Kvinna st\u00e5r p\u00e5 balkong. Text: &quot;EOWARE BEMANNING.&quot;\" srcset=\"https:\/\/novare.se\/bemanning\/wp-content\/uploads\/sites\/7\/2022\/08\/Miranda_Bemanning-1-768x384.jpg 768w, https:\/\/novare.se\/bemanning\/wp-content\/uploads\/sites\/7\/2022\/08\/Miranda_Bemanning-1-360x180.jpg 360w, https:\/\/novare.se\/bemanning\/wp-content\/uploads\/sites\/7\/2022\/08\/Miranda_Bemanning-1-1024x512.jpg 1024w, https:\/\/novare.se\/bemanning\/wp-content\/uploads\/sites\/7\/2022\/08\/Miranda_Bemanning-1-1536x768.jpg 1536w, https:\/\/novare.se\/bemanning\/wp-content\/uploads\/sites\/7\/2022\/08\/Miranda_Bemanning-1.jpg 1600w\" sizes=\"(max-width: 768px) 100vw, 768px\" \/>\t\t\t<div class=\"overlay\"><\/div>\n\t\t\t<div class=\"badge text-regular\" style=\"background-color: #f5f2ef; color: #000000;\">Novare Bemanning<\/div>\t\t<\/div>\n\t\t<div class=\"title text-medium\">Miranda Nilsson till Novare Bemanning<i class=\"arrow fa fa-arrow-right\" aria-hidden=\"true\"><\/i><\/div>\n\t\t<div class=\"pre_title\"><p>25 augusti 2022  | Nyhet<\/p><\/div>\n\t\t<div class=\"excerpt small\"><\/div>\n\t<\/a>\n<\/div>                                    <div class=\"row__col row__col--lg-4 listing-block--item\"  >\n\t\t<a href=\"https:\/\/novare.se\/bemanning\/nyheter\/anna-schauman-i-podden-banking-by-daniel\/\">\n\t\t<div class=\"image\">\n\t\t\t<img loading=\"lazy\" decoding=\"async\" width=\"768\" height=\"384\" src=\"https:\/\/novare.se\/bemanning\/wp-content\/uploads\/sites\/7\/2022\/06\/anna_schauman_bankingbydaniel_podd-1-768x384.jpg\" class=\"media-item\" alt=\"Podcasts med ansiktsbilder, text: &quot;Banking by Daniel. Vad \u00e4r en bra VD och hur funkar private equity? Spotify &amp; iTunes.&quot;\" srcset=\"https:\/\/novare.se\/bemanning\/wp-content\/uploads\/sites\/7\/2022\/06\/anna_schauman_bankingbydaniel_podd-1-768x384.jpg 768w, https:\/\/novare.se\/bemanning\/wp-content\/uploads\/sites\/7\/2022\/06\/anna_schauman_bankingbydaniel_podd-1-360x180.jpg 360w, https:\/\/novare.se\/bemanning\/wp-content\/uploads\/sites\/7\/2022\/06\/anna_schauman_bankingbydaniel_podd-1-1024x512.jpg 1024w, https:\/\/novare.se\/bemanning\/wp-content\/uploads\/sites\/7\/2022\/06\/anna_schauman_bankingbydaniel_podd-1-1536x768.jpg 1536w, https:\/\/novare.se\/bemanning\/wp-content\/uploads\/sites\/7\/2022\/06\/anna_schauman_bankingbydaniel_podd-1.jpg 1600w\" sizes=\"(max-width: 768px) 100vw, 768px\" \/>\t\t\t<div class=\"overlay\"><\/div>\n\t\t\t<div class=\"badge text-regular\" style=\"background-color: #f5f2ef; color: #000000;\">Novare Bemanning<\/div>\t\t<\/div>\n\t\t<div class=\"title text-medium\">Anna Schauman i podden Banking by Daniel<i class=\"arrow fa fa-arrow-right\" aria-hidden=\"true\"><\/i><\/div>\n\t\t<div class=\"pre_title\"><p>6 juni 2022  | Nyhet<\/p><\/div>\n\t\t<div class=\"excerpt small\"><\/div>\n\t<\/a>\n<\/div>                                    <div class=\"row__col row__col--lg-4 listing-block--item\"  >\n\t\t<a href=\"https:\/\/novare.se\/bemanning\/nyheter\/dagens-nyheter-skriver-om-beredskapslyftet\/\">\n\t\t<div class=\"image\">\n\t\t\t<img loading=\"lazy\" decoding=\"async\" width=\"768\" height=\"384\" src=\"https:\/\/novare.se\/bemanning\/wp-content\/uploads\/sites\/7\/2022\/05\/DN_nyhet-1-768x384.jpg\" class=\"media-item\" alt=\"Kvinna h\u00e4ller vatten i glas under serveringstr\u00e4ning, deltagare tittar. Text: SVERIGE Snabbkurs i service ger ukrainska flyktingar jobb UPPDATERAD 09:48 PUBLICERAD 09:30 Tetiana Kohlerkova serverar sina kurskamrater och f\u00e5r veta att ett glas vin p\u00e5 en svensk restaurang inneb\u00e4r 15 centiliter, inte mer. Foto: Alexander Mahmoud\" srcset=\"https:\/\/novare.se\/bemanning\/wp-content\/uploads\/sites\/7\/2022\/05\/DN_nyhet-1-768x384.jpg 768w, https:\/\/novare.se\/bemanning\/wp-content\/uploads\/sites\/7\/2022\/05\/DN_nyhet-1-360x180.jpg 360w, https:\/\/novare.se\/bemanning\/wp-content\/uploads\/sites\/7\/2022\/05\/DN_nyhet-1-1024x512.jpg 1024w, https:\/\/novare.se\/bemanning\/wp-content\/uploads\/sites\/7\/2022\/05\/DN_nyhet-1-1536x768.jpg 1536w, https:\/\/novare.se\/bemanning\/wp-content\/uploads\/sites\/7\/2022\/05\/DN_nyhet-1.jpg 1600w\" sizes=\"(max-width: 768px) 100vw, 768px\" \/>\t\t\t<div class=\"overlay\"><\/div>\n\t\t\t<div class=\"badge text-regular\" style=\"background-color: #f5f2ef; color: #000000;\">Novare Bemanning<\/div>\t\t<\/div>\n\t\t<div class=\"title text-medium\">Dagens nyheter skriver om Beredskapslyftet<i class=\"arrow fa fa-arrow-right\" aria-hidden=\"true\"><\/i><\/div>\n\t\t<div class=\"pre_title\"><p>30 maj 2022  | Nyhet<\/p><\/div>\n\t\t<div class=\"excerpt small\"><\/div>\n\t<\/a>\n<\/div>                                    <div class=\"row__col row__col--lg-4 listing-block--item\"  >\n\t\t<a href=\"https:\/\/novare.se\/bemanning\/nyheter\/anna-konig-jerlmyr-och-elisabeth-svantesson-besokte-jobbcenter\/\">\n\t\t<div class=\"image\">\n\t\t\t<img loading=\"lazy\" decoding=\"async\" width=\"768\" height=\"384\" src=\"https:\/\/novare.se\/bemanning\/wp-content\/uploads\/sites\/7\/2022\/05\/jobbcenter_beredskapslyftet_konigjerlmyr_svantesson19maj2022-1-768x384.jpg\" class=\"media-item\" alt=\"M\u00e4nniskor sitter runt konferensbord i tr\u00e4panelkl\u00e4dd m\u00f6tesrum.\" srcset=\"https:\/\/novare.se\/bemanning\/wp-content\/uploads\/sites\/7\/2022\/05\/jobbcenter_beredskapslyftet_konigjerlmyr_svantesson19maj2022-1-768x384.jpg 768w, https:\/\/novare.se\/bemanning\/wp-content\/uploads\/sites\/7\/2022\/05\/jobbcenter_beredskapslyftet_konigjerlmyr_svantesson19maj2022-1-360x180.jpg 360w, https:\/\/novare.se\/bemanning\/wp-content\/uploads\/sites\/7\/2022\/05\/jobbcenter_beredskapslyftet_konigjerlmyr_svantesson19maj2022-1-1024x512.jpg 1024w, https:\/\/novare.se\/bemanning\/wp-content\/uploads\/sites\/7\/2022\/05\/jobbcenter_beredskapslyftet_konigjerlmyr_svantesson19maj2022-1-1536x768.jpg 1536w, https:\/\/novare.se\/bemanning\/wp-content\/uploads\/sites\/7\/2022\/05\/jobbcenter_beredskapslyftet_konigjerlmyr_svantesson19maj2022-1.jpg 1600w\" sizes=\"(max-width: 768px) 100vw, 768px\" \/>\t\t\t<div class=\"overlay\"><\/div>\n\t\t\t<div class=\"badge text-regular\" style=\"background-color: #f5f2ef; color: #000000;\">Novare Bemanning<\/div>\t\t<\/div>\n\t\t<div class=\"title text-medium\">Anna K\u00f6nig Jerlmyr och Elisabeth Svantesson bes\u00f6kte jobbcenter<i class=\"arrow fa fa-arrow-right\" aria-hidden=\"true\"><\/i><\/div>\n\t\t<div class=\"pre_title\"><p>19 maj 2022  | Nyhet<\/p><\/div>\n\t\t<div class=\"excerpt small\"><\/div>\n\t<\/a>\n<\/div>                                    <div class=\"row__col row__col--lg-4 listing-block--item\"  >\n\t\t<a href=\"https:\/\/novare.se\/bemanning\/nyheter\/drottningen-och-jenni-haukio-pa-ukrainian-children-activity-center\/\">\n\t\t<div class=\"image\">\n\t\t\t<img loading=\"lazy\" decoding=\"async\" width=\"768\" height=\"384\" src=\"https:\/\/novare.se\/bemanning\/wp-content\/uploads\/sites\/7\/2022\/05\/Nordiska_Museet_Drottning_fruHaukio_Novare_beredskapslyftet-1-768x384.jpg\" class=\"media-item\" alt=\"Barn sitter och skriver i ett klassrum, vuxna st\u00e5r bakom.\" srcset=\"https:\/\/novare.se\/bemanning\/wp-content\/uploads\/sites\/7\/2022\/05\/Nordiska_Museet_Drottning_fruHaukio_Novare_beredskapslyftet-1-768x384.jpg 768w, https:\/\/novare.se\/bemanning\/wp-content\/uploads\/sites\/7\/2022\/05\/Nordiska_Museet_Drottning_fruHaukio_Novare_beredskapslyftet-1-360x180.jpg 360w, https:\/\/novare.se\/bemanning\/wp-content\/uploads\/sites\/7\/2022\/05\/Nordiska_Museet_Drottning_fruHaukio_Novare_beredskapslyftet-1-1024x512.jpg 1024w, https:\/\/novare.se\/bemanning\/wp-content\/uploads\/sites\/7\/2022\/05\/Nordiska_Museet_Drottning_fruHaukio_Novare_beredskapslyftet-1-1536x768.jpg 1536w, https:\/\/novare.se\/bemanning\/wp-content\/uploads\/sites\/7\/2022\/05\/Nordiska_Museet_Drottning_fruHaukio_Novare_beredskapslyftet-1.jpg 1600w\" sizes=\"(max-width: 768px) 100vw, 768px\" \/>\t\t\t<div class=\"overlay\"><\/div>\n\t\t\t<div class=\"badge text-regular\" style=\"background-color: #f5f2ef; color: #000000;\">Novare Bemanning<\/div>\t\t<\/div>\n\t\t<div class=\"title text-medium\">Drottningen och Jenni Haukio p\u00e5 Ukrainian Children Activity Center<i class=\"arrow fa fa-arrow-right\" aria-hidden=\"true\"><\/i><\/div>\n\t\t<div class=\"pre_title\"><p>18 maj 2022  | Beredskapslyftet<\/p><\/div>\n\t\t<div class=\"excerpt small\"><\/div>\n\t<\/a>\n<\/div>                                    <\/div>\n\n\n        <div class=\"row listing-block--pagination\">\n            <div class=\"row__col listing-block--pagination--results\">\n                                    <div class=\"pagination m-0\" data-max-num-pages=\"2\" data-current-page=\"1\"><button type=\"button\" data-page-no=\"1\" disabled class=\"m-0 btn--pagination pagination-item prev\"><i class=\"fa fa-chevron-left\"><\/i><\/button><button type=\"button\" data-page-no=\"1\" class=\"m-0 btn--pagination text-medium current bg-primary pagination-item\">1<\/button><button type=\"button\" data-page-no=\"2\" class=\"m-0 btn--pagination text-medium pagination-item\">2<\/button><button type=\"button\" data-page-no=\"2\"  class=\"m-0 btn--pagination text-medium pagination-item next\"><i class=\"fa fa-chevron-right\"><\/i><\/button><\/div>                            <\/div>\n        <\/div>\n    <\/div>\n<\/section>\n","protected":false},"excerpt":{"rendered":"","protected":false},"author":1,"featured_media":0,"parent":0,"menu_order":0,"comment_status":"closed","ping_status":"closed","template":"","meta":{"_acf_changed":false,"_seopress_robots_primary_cat":"","_seopress_titles_title":"Nyheter och uppdateringar fr\u00e5n Novare Bemanning - novare.se","_seopress_titles_desc":"Uppt\u00e4ck nyheter och intervjuer fr\u00e5n Novare Bemanning, inklusive webbinar, j\u00e4mst\u00e4lldhetsindex och unika initiativ som Beredskapslyftet.","_seopress_robots_index":"","inline_featured_image":false,"footnotes":""},"class_list":["post-1047","page","type-page","status-publish","hentry"],"acf":[],"_links":{"self":[{"href":"https:\/\/novare.se\/bemanning\/wp-json\/wp\/v2\/pages\/1047","targetHints":{"allow":["GET"]}}],"collection":[{"href":"https:\/\/novare.se\/bemanning\/wp-json\/wp\/v2\/pages"}],"about":[{"href":"https:\/\/novare.se\/bemanning\/wp-json\/wp\/v2\/types\/page"}],"author":[{"embeddable":true,"href":"https:\/\/novare.se\/bemanning\/wp-json\/wp\/v2\/users\/1"}],"replies":[{"embeddable":true,"href":"https:\/\/novare.se\/bemanning\/wp-json\/wp\/v2\/comments?post=1047"}],"version-history":[{"count":6,"href":"https:\/\/novare.se\/bemanning\/wp-json\/wp\/v2\/pages\/1047\/revisions"}],"predecessor-version":[{"id":2848,"href":"https:\/\/novare.se\/bemanning\/wp-json\/wp\/v2\/pages\/1047\/revisions\/2848"}],"wp:attachment":[{"href":"https:\/\/novare.se\/bemanning\/wp-json\/wp\/v2\/media?parent=1047"}],"curies":[{"name":"wp","href":"https:\/\/api.w.org\/{rel}","templated":true}]}}