{"id":1991,"date":"2024-05-27T11:19:12","date_gmt":"2024-05-27T11:19:12","guid":{"rendered":"https:\/\/novare.se\/bemanning\/?page_id=1991"},"modified":"2026-04-29T09:12:34","modified_gmt":"2026-04-29T09:12:34","slug":"customer-service-and-office-support","status":"publish","type":"page","link":"https:\/\/novare.se\/bemanning\/en\/customer-service-and-office-support\/","title":{"rendered":"Customer service and Office support"},"content":{"rendered":"<section id=\"hero-3-block_cfead9e24073a9f3c027d68aec8053b3\" class=\"block hero-3  m-b \">\n    <div class=\"hero-3--top-section bg-primary\">\n                    <div class=\"bg-backdrop\">\n                <div class=\"bg-backdrop--inner\"><\/div>\n            <\/div>\n                <div class=\"container\">\n            <div class=\"row\">\n                <div class=\"row__col\">\n                    <div class=\"text-img-wrapper\">\n                        <div class=\"text-col\" >\n                                                                \n                                <div class=\"title-wrapper\" >\n                                    <h1 class=\"h1 text-left\">We assist with customer service and office support<\/h1>                                <\/div>\n                                                            \n                            \n                            \n                                                            <div class='btn-wrapper'><div class=\"btn-element\" ><a class=\"btn btn--white\" href=\"https:\/\/novare.se\/bemanning\/en\/contact-us\/\"target=\"_self\">Contact us<\/a><\/div><\/div>    \n                                                    <\/div>\n\n                                                    <div class=\"1544 HEROTHREEIMG img-col \"   >\n                            <img loading=\"lazy\" decoding=\"async\" width=\"1024\" height=\"945\" src=\"https:\/\/novare.se\/bemanning\/wp-content\/uploads\/sites\/7\/2024\/06\/Novare_sma23_webb.jpg\" class=\"attachment-large size-large\" alt=\"\" srcset=\"https:\/\/novare.se\/bemanning\/wp-content\/uploads\/sites\/7\/2024\/06\/Novare_sma23_webb.jpg 1300w, https:\/\/novare.se\/bemanning\/wp-content\/uploads\/sites\/7\/2024\/06\/Novare_sma23_webb-180x166.jpg 180w, https:\/\/novare.se\/bemanning\/wp-content\/uploads\/sites\/7\/2024\/06\/Novare_sma23_webb-200x185.jpg 200w, https:\/\/novare.se\/bemanning\/wp-content\/uploads\/sites\/7\/2024\/06\/Novare_sma23_webb-433x400.jpg 433w, https:\/\/novare.se\/bemanning\/wp-content\/uploads\/sites\/7\/2024\/06\/Novare_sma23_webb-500x462.jpg 500w\" sizes=\"(max-width: 1024px) 100vw, 1024px\" \/>                                \n                            <\/div>\n                                            <\/div>\n                <\/div>\n            <\/div>\n        <\/div>\n    <\/div>\n            <div class=\"hero-3--bottom-section \"  >\n        <div class=\"breadcrumbs dark-text\">\n\t<div class=\"container\">\n        <div class=\"row\">\n            <div class=\"row__col\">\n                <div class=\"breadcrumbs--inner\">\n                    <ul>\n                                                                                <li>\n                                <a href=\"https:\/\/novare.se\/en\/\" class=\"alt\">\n                                    Novare                                <\/a>\n                            <\/li>\n                        \t\t\t                                                                    <li>\n                                <a href=\"https:\/\/novare.se\/bemanning\/en\/\" class=\"alt\">\n                                                                            Bemanning                                                                    <\/a>\n                            <\/li>\n\t\t\t                                    <li><span class=\"alt\">Customer service and Office support<\/span><\/li>\n                    <\/ul>\n                <\/div>\n            <\/div>\n        <\/div>\n\t<\/div>\n<\/div>\n        <\/div>\n    \n    <\/section>\n\n\n<section id=\"one-column-text-block-block_16cac4d60aaf6cec66e7e6dd07abcb96\" class=\"block one-column-text-block  m-b bg-default\">\n    <div class=\"container\">\n        <div class=\"row row--middle\">\n                            <div class=\"row__col row__col--lg-8\">\n                    <div class=\"title-wrapper\" data-aos-anchor='#one-column-text-block-block_16cac4d60aaf6cec66e7e6dd07abcb96'data-aos='fade-up'data-aos-easing='ease-in-out-sine'data-aos-duration='500'data-aos-delay='0'data-aos-once='true'data-aos-offset='250' >\n                                            <\/div>\n                <\/div>\n                            \n                            <div class=\"row__col row__col--lg-8\" data-aos-anchor='#one-column-text-block-block_16cac4d60aaf6cec66e7e6dd07abcb96'data-aos='fade-up'data-aos-easing='ease-in-out-sine'data-aos-duration='500'data-aos-delay='250'data-aos-once='true'data-aos-offset='250'>\n                    <p class=\"preamble m-0\">Ut\u00f6ver v\u00e5rt erbjudande inom offentlig sektor, erbjuder vi ocks\u00e5 hj\u00e4lp inom kundservice och office-support till b\u00e5de den offentliga och privata sektorn. <br \/>\r\n<\/p>                <\/div>\n            \n                            <div class=\"row__col row__col--lg-8\" data-aos-anchor='#one-column-text-block-block_16cac4d60aaf6cec66e7e6dd07abcb96'data-aos='fade-up'data-aos-easing='ease-in-out-sine'data-aos-duration='500'data-aos-delay='250'data-aos-once='true'data-aos-offset='250'>\n                    <div class=\"text-wrapper editor-content\">\n                        <p>In addition to our offerings for the public sector, we also provide customer service and office support solutions for both public and private sectors.<\/p>\n<p>With our unique approach, we\u2019ve developed a strong offering that fills a gap in the industry today. Our service is built around three core initiatives to deliver value to you as a client.<\/p>\n<p>&nbsp;<\/p>\n<p><strong>When partnering with us, you get:<\/strong><\/p>\n<ul>\n<li><strong>Stronger candidates<span style=\"font-weight: 350;\">: We attract top candidates through our unique offering, with personal development at the forefront.<\/span><\/strong><\/li>\n<li><strong>Longer retention<span style=\"font-weight: 350;\">: Thanks to our methodology and close collaboration, consultants remain in their assignments longer.<\/span><\/strong><\/li>\n<li><strong>Better results for you as a client<span style=\"font-weight: 350;\">: Our consultants help clients achieve greater success, in part through the personal development opportunities we provide.<\/span><\/strong><\/li>\n<\/ul>\n<p><strong>Considering a career in customer service or office support?<\/strong><br \/>\nWe are looking to connect with individuals interested in working in customer service and office support roles, such as reception, customer service, or facilities management.<\/p>\n<p>Our vision is to be the most value-driven staffing partner, focusing on personal development. With us, you\u2019ll grow both personally and professionally.<\/p>\n<p>&nbsp;<\/p>\n<p><strong>Why become a consultant with us?<\/strong><\/p>\n<ul>\n<li><strong>Personal development like never before<span style=\"font-weight: 350;\">: We offer growth opportunities at a level unparalleled in the staffing industry.<\/span><\/strong><\/li>\n<li><strong>Close support from your consultant manager<span style=\"font-weight: 350;\">: You\u2019ll receive help marketing your profile, interview coaching, and career planning.<\/span><\/strong><\/li>\n<\/ul>\n<p><strong>A wide variety of assignments<span style=\"font-weight: 350;\">: We collaborate with around 400 government agencies across Sweden and partner with exciting private companies.<\/span><\/strong><\/p>\n<p>&nbsp;<\/p>\n<p>&nbsp;<\/p>\n                    <\/div>\n                <\/div>\n                            \n                            <div class=\"row__col row__col--lg-8\" data-aos-anchor='#one-column-text-block-block_16cac4d60aaf6cec66e7e6dd07abcb96'data-aos='fade-in'data-aos-easing='ease-in-out-sine'data-aos-duration='500'data-aos-delay='500'data-aos-once='true'data-aos-offset='250' >\n                    <div class=\"btn-wrapper m-0\">\n                        <div class=\"btn-element\" ><a class=\"btn btn--primary\" href=\"https:\/\/pnty-apply.ponty-system.se\/novarebemanning?id=171\"target=\"_self\">Submit a spontaneous application<\/a><\/div>                    <\/div>\n                <\/div>\n                            \n                    <\/div>\n    <\/div>\n<\/section>\n\n<section id=\"logo-block-block_6024ab08198048fbc0b16a3a55722364\" class=\"block logo-block  m-b \">\n\t\n\t<div class=\"container\">\n\t\t<div class=\"row row--middle bg-terracotta-dark bg-opacity-70\">\n\t\t\t<div class=\"overlay overlay--image\" \n\t\t\t>\n\t\t\t\t<div class=\"overlay overlay--color bg-terracotta-dark bg-opacity-70\"><\/div>\n\t\t\t<\/div>\n\t\t\t<div class=\"row__col header\">\n\t\t\t\t                \t<div class=\"title-wrapper\">\n                \t    <h3 class=\"h3 text-center\">A selection of our clients:<\/h3>                \t<\/div>\n\n\t\t\t\t\t\t\n                \t\t\t<\/div>\n\t\t\t<div class=\"row__col logo--container\">\n\t\t\t\t\t\t\t\t\t<div class=\"row row--middle\">\n\t\t\t\t\t\t\t\t\t\t\t\t\t<div class=\"row__col logo #f5f2ef\"\n                                 data-aos-delay-xs=\"0\"\n                                 data-aos-delay-sm=\"0\"\n                                 data-aos-delay-md=\"0\"\n                                 data-aos-delay-lg=\"0\"\n                                 data-aos-delay-xl=\"0\"\n                                data-aos-anchor='#logo-block-block_6024ab08198048fbc0b16a3a55722364'data-aos='zoom-in'data-aos-easing='ease-in-out-sine'data-aos-duration='500'data-aos-delay='0'data-aos-once='true'data-aos-offset='250'>\n\t\t\t\t\t\t\t\t<img loading=\"lazy\" decoding=\"async\" width=\"454\" height=\"567\" src=\"https:\/\/novare.se\/bemanning\/wp-content\/uploads\/sites\/7\/2024\/06\/tre-1.png\" class=\"attachment-full size-full\" alt=\"\" srcset=\"https:\/\/novare.se\/bemanning\/wp-content\/uploads\/sites\/7\/2024\/06\/tre-1.png 454w, https:\/\/novare.se\/bemanning\/wp-content\/uploads\/sites\/7\/2024\/06\/tre-1-180x225.png 180w, https:\/\/novare.se\/bemanning\/wp-content\/uploads\/sites\/7\/2024\/06\/tre-1-200x250.png 200w, https:\/\/novare.se\/bemanning\/wp-content\/uploads\/sites\/7\/2024\/06\/tre-1-320x400.png 320w, https:\/\/novare.se\/bemanning\/wp-content\/uploads\/sites\/7\/2024\/06\/tre-1-400x500.png 400w\" sizes=\"(max-width: 454px) 100vw, 454px\" \/>\t\t\t\t\t\t\t<\/div>\n\t\t\t\t\t\t\t\t\t\t\t\t\t\t\t\t\t\t\t<div class=\"row__col logo #f5f2ef\"\n                                 data-aos-delay-xs=\"0\"\n                                 data-aos-delay-sm=\"0\"\n                                 data-aos-delay-md=\"0\"\n                                 data-aos-delay-lg=\"0\"\n                                 data-aos-delay-xl=\"0\"\n                                data-aos-anchor='#logo-block-block_6024ab08198048fbc0b16a3a55722364'data-aos='zoom-in'data-aos-easing='ease-in-out-sine'data-aos-duration='500'data-aos-delay='0'data-aos-once='true'data-aos-offset='250'>\n\t\t\t\t\t\t\t\t<img loading=\"lazy\" decoding=\"async\" width=\"1000\" height=\"348\" src=\"https:\/\/novare.se\/bemanning\/wp-content\/uploads\/sites\/7\/2024\/06\/logo-feelgood-light.c8ca72b6.png\" class=\"attachment-full size-full\" alt=\"\" srcset=\"https:\/\/novare.se\/bemanning\/wp-content\/uploads\/sites\/7\/2024\/06\/logo-feelgood-light.c8ca72b6.png 1000w, https:\/\/novare.se\/bemanning\/wp-content\/uploads\/sites\/7\/2024\/06\/logo-feelgood-light.c8ca72b6-180x63.png 180w, https:\/\/novare.se\/bemanning\/wp-content\/uploads\/sites\/7\/2024\/06\/logo-feelgood-light.c8ca72b6-200x70.png 200w, https:\/\/novare.se\/bemanning\/wp-content\/uploads\/sites\/7\/2024\/06\/logo-feelgood-light.c8ca72b6-500x174.png 500w\" sizes=\"(max-width: 1000px) 100vw, 1000px\" \/>\t\t\t\t\t\t\t<\/div>\n\t\t\t\t\t\t\t\t\t\t\t\t\t\t\t\t\t<\/div>\n\t\t\t\t\t\n\n\t\t\t\t\t\t\t<\/div>\n\t\t<\/div>\n\t<\/div>\n<\/section>\n\n<section id=\"contact-persons-block_e07eec3b93f0ffedd2c78f9f99ef7ed0\" class=\"block contact-persons  m-b\">\n    <div class=\"container\">\n        <div class=\"row\">\n            <div class=\"row__col row__col--lg-12\">\n                <div class=\"contact-persons--wrapper bg-terracotta-light\">\n                    <div class=\"contact-persons--wrapper--content\" >\n                                                    <div class=\"header-wrapper\" >\n                                <h3 class=\"h3 text-left\">Don\u2019t hesitate to get in touch, we\u2019d love to tell you more!<\/h3>                            <\/div>\n                        \n                        \n                                                                                                <\/div>\n                    <div class=\"contact-persons--wrapper--people\">\n                                                                                    <div class=\"contact-person\" data-aos-anchor='#contact-persons-block_e07eec3b93f0ffedd2c78f9f99ef7ed0'data-aos='fade-right'data-aos-easing='ease-in-out-sine'data-aos-duration='500'data-aos-delay='0'data-aos-once='true'data-aos-offset='250' >\n                                    <div class=\"contact-person--image\">\n                                        <img loading=\"lazy\" decoding=\"async\" width=\"360\" height=\"258\" src=\"https:\/\/novare.se\/bemanning\/wp-content\/uploads\/2024\/04\/Martin_Hellberg_Tiny-360x258.jpg\" class=\"attachment-medium size-medium\" alt=\"\" srcset=\"https:\/\/novare.se\/bemanning\/wp-content\/uploads\/2024\/04\/Martin_Hellberg_Tiny-360x258.jpg 360w, https:\/\/novare.se\/bemanning\/wp-content\/uploads\/2024\/04\/Martin_Hellberg_Tiny.jpg 670w\" sizes=\"(max-width: 360px) 100vw, 360px\" \/>                                    <\/div>\n                                    <div class=\"contact-person--details\">\n                                        <div class=\"name-wrapper\">\n                                            <a href=\"https:\/\/novare.se\/en\/employees\/martin-hellberg\/\">Martin Hellberg<\/a>\n                                        <\/div>\n                                        <div class=\"title-wrapper\">\n                                            <p>CEO and Founder<\/p>\n                                        <\/div>\n                                        <div class=\"email-wrapper\">\n                                            <a href=\"mailto:martin.hellberg@novare.se\">martin.hellberg@novare.se<\/a>\n                                        <\/div>\n                                        <div class=\"phone-wrapper\">\n                                            <a href=\"tel:+46707640292\">+46 707 64 02 92<\/a>\n                                        <\/div>\n                                    <\/div>\n                                <\/div>\n                                                    <\/div>\n                <\/div>\n            <\/div>\n        <\/div>\n    <\/div>\n<\/section>\n\n\n<section id=\"faq-block-block_7bab09d791576a0a84acd47b220ec0d9\" class=\"block faq-block  m-b bg-default\">\n    <div class=\"container\">\n        <div class=\"row\">\n            <div class=\"row__col row__col--lg-6\" data-aos-anchor='#faq-block-block_7bab09d791576a0a84acd47b220ec0d9'data-aos='fade-up'data-aos-easing='ease-in-out-sine'data-aos-duration='500'data-aos-delay='0'data-aos-once='true'data-aos-offset='250' >\n                <img loading=\"lazy\" decoding=\"async\" width=\"1024\" height=\"945\" src=\"https:\/\/novare.se\/bemanning\/wp-content\/uploads\/sites\/7\/2024\/06\/Novare_sma17_webb.jpg\" class=\"media-item\" alt=\"\" srcset=\"https:\/\/novare.se\/bemanning\/wp-content\/uploads\/sites\/7\/2024\/06\/Novare_sma17_webb.jpg 1300w, https:\/\/novare.se\/bemanning\/wp-content\/uploads\/sites\/7\/2024\/06\/Novare_sma17_webb-180x166.jpg 180w, https:\/\/novare.se\/bemanning\/wp-content\/uploads\/sites\/7\/2024\/06\/Novare_sma17_webb-200x185.jpg 200w, https:\/\/novare.se\/bemanning\/wp-content\/uploads\/sites\/7\/2024\/06\/Novare_sma17_webb-433x400.jpg 433w, https:\/\/novare.se\/bemanning\/wp-content\/uploads\/sites\/7\/2024\/06\/Novare_sma17_webb-500x462.jpg 500w\" sizes=\"(max-width: 1024px) 100vw, 1024px\" \/>            <\/div>\n            \n            <div class=\"row__col row__col--lg-6\">\n                                    <div class=\"title-wrapper text-medium\" data-aos-anchor='#faq-block-block_7bab09d791576a0a84acd47b220ec0d9'data-aos='fade-up'data-aos-easing='ease-in-out-sine'data-aos-duration='500'data-aos-delay='300'data-aos-once='true'data-aos-offset='250' >\n                        <h3 class=\"h3 text-left\"><strong>FAQ<\/strong><\/h3>                    <\/div>\n                                                                        <div class=\"text-wrapper editor-content\" data-aos-anchor='#faq-block-block_7bab09d791576a0a84acd47b220ec0d9'data-aos='fade-up'data-aos-easing='ease-in-out-sine'data-aos-duration='500'data-aos-delay='750'data-aos-once='true'data-aos-offset='250' >\n                        <p>We\u2019ve compiled the most frequently asked questions here. If you can\u2019t find the answer you\u2019re looking for, don\u2019t hesitate to reach out to us!<\/p>\n                    <\/div>\n                \n                                    <div class=\"accordion\">\n                                                    <div class=\"accordion-item\" data-aos-anchor='#faq-block-block_7bab09d791576a0a84acd47b220ec0d9'data-aos='fade-right'data-aos-easing='ease-in-out-sine'data-aos-duration='500'data-aos-delay='1000'data-aos-once='true'data-aos-offset='250' >\n                                <div class=\"accordion-header\">\n                                    <span class=\"question\">Why should we, as an organization, choose you as our partner?\r\n<\/span>\n                                    <i class=\"fa fa-plus\"><\/i><i class=\"fa fa-minus hidden\"><\/i>\n                                <\/div>\n                                <div class=\"accordion-content\" style=\"display: none;\">\n                                    <span class=\"separator\"><\/span>\n                                    We aim to transform the staffing industry and provide solutions to the challenges it faces today. With our unique approach, we strive to be the most value-creating actor in the industry for both clients and consultants.                                <\/div>\n                            <\/div>\n                                                        <div class=\"accordion-item\" data-aos-anchor='#faq-block-block_7bab09d791576a0a84acd47b220ec0d9'data-aos='fade-right'data-aos-easing='ease-in-out-sine'data-aos-duration='500'data-aos-delay='1250'data-aos-once='true'data-aos-offset='250' >\n                                <div class=\"accordion-header\">\n                                    <span class=\"question\">How quickly can you provide a consultant? <\/span>\n                                    <i class=\"fa fa-plus\"><\/i><i class=\"fa fa-minus hidden\"><\/i>\n                                <\/div>\n                                <div class=\"accordion-content\" style=\"display: none;\">\n                                    <span class=\"separator\"><\/span>\n                                    Depending on your needs, we can adjust our delivery to meet your specific requirements. We are experienced in providing consultant solutions that can be in place within a few days, as well as permanent recruitments with a start date within approximately six weeks.                                <\/div>\n                            <\/div>\n                                                        <div class=\"accordion-item\" data-aos-anchor='#faq-block-block_7bab09d791576a0a84acd47b220ec0d9'data-aos='fade-right'data-aos-easing='ease-in-out-sine'data-aos-duration='500'data-aos-delay='1500'data-aos-once='true'data-aos-offset='250' >\n                                <div class=\"accordion-header\">\n                                    <span class=\"question\">How do I submit my resume?\r\n<\/span>\n                                    <i class=\"fa fa-plus\"><\/i><i class=\"fa fa-minus hidden\"><\/i>\n                                <\/div>\n                                <div class=\"accordion-content\" style=\"display: none;\">\n                                    <span class=\"separator\"><\/span>\n                                    You can either submit your r\u00e9sum\u00e9 through an advertised position or send a spontaneous application.                                <\/div>\n                            <\/div>\n                                                        <div class=\"accordion-item\" data-aos-anchor='#faq-block-block_7bab09d791576a0a84acd47b220ec0d9'data-aos='fade-right'data-aos-easing='ease-in-out-sine'data-aos-duration='500'data-aos-delay='1750'data-aos-once='true'data-aos-offset='250' >\n                                <div class=\"accordion-header\">\n                                    <span class=\"question\">Why should I choose to work as a consultant with you?\r\n<\/span>\n                                    <i class=\"fa fa-plus\"><\/i><i class=\"fa fa-minus hidden\"><\/i>\n                                <\/div>\n                                <div class=\"accordion-content\" style=\"display: none;\">\n                                    <span class=\"separator\"><\/span>\n                                    Novare Bemanning is a personal staffing company that fills an important need in today\u2019s industry. We offer both personal and professional development opportunities, allowing you to build valuable connections for the future.                                <\/div>\n                            <\/div>\n                                                <\/div>\n                            <\/div>\n        <\/div>\n    <\/div>\n<\/section>\n","protected":false},"excerpt":{"rendered":"","protected":false},"author":3,"featured_media":0,"parent":0,"menu_order":0,"comment_status":"closed","ping_status":"closed","template":"","meta":{"_acf_changed":false,"_seopress_robots_primary_cat":"","_seopress_titles_title":"","_seopress_titles_desc":"","_seopress_robots_index":"","inline_featured_image":false,"footnotes":""},"class_list":["post-1991","page","type-page","status-publish","hentry"],"acf":[],"_links":{"self":[{"href":"https:\/\/novare.se\/bemanning\/en\/wp-json\/wp\/v2\/pages\/1991","targetHints":{"allow":["GET"]}}],"collection":[{"href":"https:\/\/novare.se\/bemanning\/en\/wp-json\/wp\/v2\/pages"}],"about":[{"href":"https:\/\/novare.se\/bemanning\/en\/wp-json\/wp\/v2\/types\/page"}],"author":[{"embeddable":true,"href":"https:\/\/novare.se\/bemanning\/en\/wp-json\/wp\/v2\/users\/3"}],"replies":[{"embeddable":true,"href":"https:\/\/novare.se\/bemanning\/en\/wp-json\/wp\/v2\/comments?post=1991"}],"version-history":[{"count":5,"href":"https:\/\/novare.se\/bemanning\/en\/wp-json\/wp\/v2\/pages\/1991\/revisions"}],"predecessor-version":[{"id":4430,"href":"https:\/\/novare.se\/bemanning\/en\/wp-json\/wp\/v2\/pages\/1991\/revisions\/4430"}],"wp:attachment":[{"href":"https:\/\/novare.se\/bemanning\/en\/wp-json\/wp\/v2\/media?parent=1991"}],"curies":[{"name":"wp","href":"https:\/\/api.w.org\/{rel}","templated":true}]}}